{"id":65716,"date":"2023-03-08T09:45:04","date_gmt":"2023-03-08T08:45:04","guid":{"rendered":"https:\/\/magnetarmagnets.com\/manuals\/"},"modified":"2025-06-11T16:36:41","modified_gmt":"2025-06-11T14:36:41","slug":"manualer","status":"publish","type":"page","link":"https:\/\/magnetarmagnets.com\/sv\/manualer\/","title":{"rendered":"Manualer"},"content":{"rendered":"\n<p>Ska du montera en fiskemagnet? I bruksanvisningarna nedan f\u00e5r du en steg-f\u00f6r-steg-guide f\u00f6r hur du monterar din Magnetar-fiskemagnet. Vi hoppas att dessa instruktioner hj\u00e4lper dig att komma ig\u00e5ng med denna fantastiska hobby s\u00e5 snart som m\u00f6jligt.  <\/p>\n\n<p><a href=\"https:\/\/magnetarmagnets.com\/wp-content\/uploads\/2023\/07\/Handleiding-allround-zonder-beschermhoes-ENG2.pdf\" target=\"_blank\" rel=\"noreferrer noopener\">Ladda ner manual \u2013 Allround 360\u00b0 fiskemagneter<\/a><\/p>\n\n<p><a href=\"https:\/\/magnetarmagnets.com\/wp-content\/uploads\/2023\/07\/Handleiding-allround-inclusief-beschermhoes-ENG2.pdf\" target=\"_blank\" rel=\"noreferrer noopener\">Ladda ner manual \u2013 Allround 360\u00b0 fiskemagneter med skyddsh\u00f6lje<\/a><\/p>\n\n<p><a href=\"https:\/\/magnetarmagnets.com\/wp-content\/uploads\/2023\/07\/Handleiding-Classic-vismagneten-ENG2.pdf\" target=\"_blank\" rel=\"noreferrer noopener\">Ladda ner manual \u2013 Enkel\u00adsidiga Classic-fiskemagneter<\/a><\/p>\n\n<p><a href=\"https:\/\/magnetarmagnets.com\/wp-content\/uploads\/2023\/07\/Handleiding-dubbelzijdige-vismagneten-ENG2.pdf\" target=\"_blank\" rel=\"noreferrer noopener\">Ladda ner manual \u2013 Dubbelsidiga Bulldog-fiskemagneter<\/a><\/p>\n\n<p><a href=\"https:\/\/magnetarmagnets.com\/wp-content\/uploads\/2023\/07\/Handleiding-vismagneet-touw-ENG2.pdf\" target=\"_blank\" rel=\"noreferrer noopener\">Ladda ner manual \u2013 Magnetar rep f\u00f6r magnetfiske<\/a><\/p>\n","protected":false},"excerpt":{"rendered":"<p>Ska du montera en fiskemagnet? I bruksanvisningarna nedan f\u00e5r du en steg-f\u00f6r-steg-guide f\u00f6r hur du monterar din Magnetar-fiskemagnet. Vi hoppas att dessa instruktioner hj\u00e4lper dig att komma ig\u00e5ng med denna fantastiska hobby s\u00e5 snart som m\u00f6jligt. Ladda ner manual \u2013 Allround 360\u00b0 fiskemagneter Ladda ner manual \u2013 Allround 360\u00b0 fiskemagneter med skyddsh\u00f6lje Ladda ner manual [&hellip;]<\/p>\n","protected":false},"author":1,"featured_media":0,"parent":0,"menu_order":0,"comment_status":"closed","ping_status":"closed","template":"","meta":{"_acf_changed":false,"inline_featured_image":false,"footnotes":""},"class_list":["post-65716","page","type-page","status-publish","hentry"],"acf":[],"yoast_head":"<!-- This site is optimized with the Yoast SEO plugin v27.3 - https:\/\/yoast.com\/product\/yoast-seo-wordpress\/ -->\n<title>Manualer - Magnet fishing with a Magnetar fishing magnet<\/title>\n<meta name=\"robots\" content=\"index, follow, max-snippet:-1, max-image-preview:large, max-video-preview:-1\" \/>\n<link rel=\"canonical\" href=\"https:\/\/magnetarmagnets.com\/sv\/manualer\/\" \/>\n<meta property=\"og:locale\" content=\"sv_SE\" \/>\n<meta property=\"og:type\" content=\"article\" \/>\n<meta property=\"og:title\" content=\"Manualer - Magnet fishing with a Magnetar fishing magnet\" \/>\n<meta property=\"og:description\" content=\"Ska du montera en fiskemagnet? I bruksanvisningarna nedan f\u00e5r du en steg-f\u00f6r-steg-guide f\u00f6r hur du monterar din Magnetar-fiskemagnet. Vi hoppas att dessa instruktioner hj\u00e4lper dig att komma ig\u00e5ng med denna fantastiska hobby s\u00e5 snart som m\u00f6jligt. Ladda ner manual \u2013 Allround 360\u00b0 fiskemagneter Ladda ner manual \u2013 Allround 360\u00b0 fiskemagneter med skyddsh\u00f6lje Ladda ner manual [&hellip;]\" \/>\n<meta property=\"og:url\" content=\"https:\/\/magnetarmagnets.com\/sv\/manualer\/\" \/>\n<meta property=\"og:site_name\" content=\"Magnet fishing with a Magnetar fishing magnet\" \/>\n<meta property=\"article:publisher\" content=\"https:\/\/www.facebook.com\/fishingmagnets\/\" \/>\n<meta property=\"article:modified_time\" content=\"2025-06-11T14:36:41+00:00\" \/>\n<meta property=\"og:image\" content=\"https:\/\/magnetarmagnets.com\/wp-content\/uploads\/2025\/05\/Logo-03_PNG-Black-scaled.png\" \/>\n\t<meta property=\"og:image:width\" content=\"2560\" \/>\n\t<meta property=\"og:image:height\" content=\"1658\" \/>\n\t<meta property=\"og:image:type\" content=\"image\/png\" \/>\n<meta name=\"twitter:card\" content=\"summary_large_image\" \/>\n<meta name=\"twitter:label1\" content=\"Ber\u00e4knad l\u00e4stid\" \/>\n\t<meta name=\"twitter:data1\" content=\"1 minut\" \/>\n<script type=\"application\/ld+json\" class=\"yoast-schema-graph\">{\"@context\":\"https:\\\/\\\/schema.org\",\"@graph\":[{\"@type\":\"WebPage\",\"@id\":\"https:\\\/\\\/magnetarmagnets.com\\\/sv\\\/manualer\\\/\",\"url\":\"https:\\\/\\\/magnetarmagnets.com\\\/sv\\\/manualer\\\/\",\"name\":\"Manualer - Magnet fishing with a Magnetar fishing magnet\",\"isPartOf\":{\"@id\":\"https:\\\/\\\/magnetarmagnets.com\\\/sv\\\/#website\"},\"datePublished\":\"2023-03-08T08:45:04+00:00\",\"dateModified\":\"2025-06-11T14:36:41+00:00\",\"breadcrumb\":{\"@id\":\"https:\\\/\\\/magnetarmagnets.com\\\/sv\\\/manualer\\\/#breadcrumb\"},\"inLanguage\":\"sv-SE\",\"potentialAction\":[{\"@type\":\"ReadAction\",\"target\":[\"https:\\\/\\\/magnetarmagnets.com\\\/sv\\\/manualer\\\/\"]}]},{\"@type\":\"BreadcrumbList\",\"@id\":\"https:\\\/\\\/magnetarmagnets.com\\\/sv\\\/manualer\\\/#breadcrumb\",\"itemListElement\":[{\"@type\":\"ListItem\",\"position\":1,\"name\":\"Home\",\"item\":\"https:\\\/\\\/magnetarmagnets.com\\\/sv\\\/\"},{\"@type\":\"ListItem\",\"position\":2,\"name\":\"Manualer\"}]},{\"@type\":\"WebSite\",\"@id\":\"https:\\\/\\\/magnetarmagnets.com\\\/sv\\\/#website\",\"url\":\"https:\\\/\\\/magnetarmagnets.com\\\/sv\\\/\",\"name\":\"Magnet fishing with a Magnetar fishing magnet\",\"description\":\"Kraftfulla magneter f\u00f6r magnetfiske\",\"publisher\":{\"@id\":\"https:\\\/\\\/magnetarmagnets.com\\\/sv\\\/#organization\"},\"potentialAction\":[{\"@type\":\"SearchAction\",\"target\":{\"@type\":\"EntryPoint\",\"urlTemplate\":\"https:\\\/\\\/magnetarmagnets.com\\\/sv\\\/?s={search_term_string}\"},\"query-input\":{\"@type\":\"PropertyValueSpecification\",\"valueRequired\":true,\"valueName\":\"search_term_string\"}}],\"inLanguage\":\"sv-SE\"},{\"@type\":\"Organization\",\"@id\":\"https:\\\/\\\/magnetarmagnets.com\\\/sv\\\/#organization\",\"name\":\"Magnetar\",\"url\":\"https:\\\/\\\/magnetarmagnets.com\\\/sv\\\/\",\"logo\":{\"@type\":\"ImageObject\",\"inLanguage\":\"sv-SE\",\"@id\":\"https:\\\/\\\/magnetarmagnets.com\\\/sv\\\/#\\\/schema\\\/logo\\\/image\\\/\",\"url\":\"https:\\\/\\\/magnetarmagnets.com\\\/wp-content\\\/uploads\\\/2025\\\/05\\\/Logo-03_PNG-Black-scaled.png\",\"contentUrl\":\"https:\\\/\\\/magnetarmagnets.com\\\/wp-content\\\/uploads\\\/2025\\\/05\\\/Logo-03_PNG-Black-scaled.png\",\"width\":2560,\"height\":1658,\"caption\":\"Magnetar\"},\"image\":{\"@id\":\"https:\\\/\\\/magnetarmagnets.com\\\/sv\\\/#\\\/schema\\\/logo\\\/image\\\/\"},\"sameAs\":[\"https:\\\/\\\/www.facebook.com\\\/fishingmagnets\\\/\",\"https:\\\/\\\/www.instagram.com\\\/magnetar_magnets\\\/\",\"https:\\\/\\\/www.linkedin.com\\\/company\\\/magnetarbv\\\/?originalSubdomain=nl\",\"https:\\\/\\\/www.youtube.com\\\/c\\\/MagnetarVismagneet\"]}]}<\/script>\n<!-- \/ Yoast SEO plugin. -->","yoast_head_json":{"title":"Manualer - Magnet fishing with a Magnetar fishing magnet","robots":{"index":"index","follow":"follow","max-snippet":"max-snippet:-1","max-image-preview":"max-image-preview:large","max-video-preview":"max-video-preview:-1"},"canonical":"https:\/\/magnetarmagnets.com\/sv\/manualer\/","og_locale":"sv_SE","og_type":"article","og_title":"Manualer - Magnet fishing with a Magnetar fishing magnet","og_description":"Ska du montera en fiskemagnet? I bruksanvisningarna nedan f\u00e5r du en steg-f\u00f6r-steg-guide f\u00f6r hur du monterar din Magnetar-fiskemagnet. Vi hoppas att dessa instruktioner hj\u00e4lper dig att komma ig\u00e5ng med denna fantastiska hobby s\u00e5 snart som m\u00f6jligt. Ladda ner manual \u2013 Allround 360\u00b0 fiskemagneter Ladda ner manual \u2013 Allround 360\u00b0 fiskemagneter med skyddsh\u00f6lje Ladda ner manual [&hellip;]","og_url":"https:\/\/magnetarmagnets.com\/sv\/manualer\/","og_site_name":"Magnet fishing with a Magnetar fishing magnet","article_publisher":"https:\/\/www.facebook.com\/fishingmagnets\/","article_modified_time":"2025-06-11T14:36:41+00:00","og_image":[{"width":2560,"height":1658,"url":"https:\/\/magnetarmagnets.com\/wp-content\/uploads\/2025\/05\/Logo-03_PNG-Black-scaled.png","type":"image\/png"}],"twitter_card":"summary_large_image","twitter_misc":{"Ber\u00e4knad l\u00e4stid":"1 minut"},"schema":{"@context":"https:\/\/schema.org","@graph":[{"@type":"WebPage","@id":"https:\/\/magnetarmagnets.com\/sv\/manualer\/","url":"https:\/\/magnetarmagnets.com\/sv\/manualer\/","name":"Manualer - Magnet fishing with a Magnetar fishing magnet","isPartOf":{"@id":"https:\/\/magnetarmagnets.com\/sv\/#website"},"datePublished":"2023-03-08T08:45:04+00:00","dateModified":"2025-06-11T14:36:41+00:00","breadcrumb":{"@id":"https:\/\/magnetarmagnets.com\/sv\/manualer\/#breadcrumb"},"inLanguage":"sv-SE","potentialAction":[{"@type":"ReadAction","target":["https:\/\/magnetarmagnets.com\/sv\/manualer\/"]}]},{"@type":"BreadcrumbList","@id":"https:\/\/magnetarmagnets.com\/sv\/manualer\/#breadcrumb","itemListElement":[{"@type":"ListItem","position":1,"name":"Home","item":"https:\/\/magnetarmagnets.com\/sv\/"},{"@type":"ListItem","position":2,"name":"Manualer"}]},{"@type":"WebSite","@id":"https:\/\/magnetarmagnets.com\/sv\/#website","url":"https:\/\/magnetarmagnets.com\/sv\/","name":"Magnet fishing with a Magnetar fishing magnet","description":"Kraftfulla magneter f\u00f6r magnetfiske","publisher":{"@id":"https:\/\/magnetarmagnets.com\/sv\/#organization"},"potentialAction":[{"@type":"SearchAction","target":{"@type":"EntryPoint","urlTemplate":"https:\/\/magnetarmagnets.com\/sv\/?s={search_term_string}"},"query-input":{"@type":"PropertyValueSpecification","valueRequired":true,"valueName":"search_term_string"}}],"inLanguage":"sv-SE"},{"@type":"Organization","@id":"https:\/\/magnetarmagnets.com\/sv\/#organization","name":"Magnetar","url":"https:\/\/magnetarmagnets.com\/sv\/","logo":{"@type":"ImageObject","inLanguage":"sv-SE","@id":"https:\/\/magnetarmagnets.com\/sv\/#\/schema\/logo\/image\/","url":"https:\/\/magnetarmagnets.com\/wp-content\/uploads\/2025\/05\/Logo-03_PNG-Black-scaled.png","contentUrl":"https:\/\/magnetarmagnets.com\/wp-content\/uploads\/2025\/05\/Logo-03_PNG-Black-scaled.png","width":2560,"height":1658,"caption":"Magnetar"},"image":{"@id":"https:\/\/magnetarmagnets.com\/sv\/#\/schema\/logo\/image\/"},"sameAs":["https:\/\/www.facebook.com\/fishingmagnets\/","https:\/\/www.instagram.com\/magnetar_magnets\/","https:\/\/www.linkedin.com\/company\/magnetarbv\/?originalSubdomain=nl","https:\/\/www.youtube.com\/c\/MagnetarVismagneet"]}]}},"_links":{"self":[{"href":"https:\/\/magnetarmagnets.com\/sv\/wp-json\/wp\/v2\/pages\/65716","targetHints":{"allow":["GET"]}}],"collection":[{"href":"https:\/\/magnetarmagnets.com\/sv\/wp-json\/wp\/v2\/pages"}],"about":[{"href":"https:\/\/magnetarmagnets.com\/sv\/wp-json\/wp\/v2\/types\/page"}],"author":[{"embeddable":true,"href":"https:\/\/magnetarmagnets.com\/sv\/wp-json\/wp\/v2\/users\/1"}],"replies":[{"embeddable":true,"href":"https:\/\/magnetarmagnets.com\/sv\/wp-json\/wp\/v2\/comments?post=65716"}],"version-history":[{"count":0,"href":"https:\/\/magnetarmagnets.com\/sv\/wp-json\/wp\/v2\/pages\/65716\/revisions"}],"wp:attachment":[{"href":"https:\/\/magnetarmagnets.com\/sv\/wp-json\/wp\/v2\/media?parent=65716"}],"curies":[{"name":"wp","href":"https:\/\/api.w.org\/{rel}","templated":true}]}}