{"id":99868,"date":"2026-04-22T14:49:46","date_gmt":"2026-04-22T12:49:46","guid":{"rendered":"https:\/\/magnetarmagnets.com\/shop\/bezpieczna-torba-transportowa-na-magnesy-neodymowe-magshield\/"},"modified":"2026-04-22T14:49:46","modified_gmt":"2026-04-22T12:49:46","slug":"bezpieczna-torba-transportowa-na-magnesy-neodymowe-magshield","status":"publish","type":"product","link":"https:\/\/magnetarmagnets.com\/pl\/shop\/bezpieczna-torba-transportowa-na-magnesy-neodymowe-magshield\/","title":{"rendered":"Bezpieczna torba transportowa na magnesy neodymowe &#8211; MagShield\u2122"},"content":{"rendered":"<strong>Informacje o produkcie<\/strong>\n\n&#8211; Pianka MagShield\u2122 pomaga zredukowa\u0107 pole magnetyczne podczas transportu\n&#8211; Wymiary: 42 x 28 x 21,5 cm\n&#8211; Lina mo\u017ce pozosta\u0107 przymocowana do magnesu, gdy jest przechowywana w torbie.\n&#8211; Regulowane przegr\u00f3dki wewn\u0119trzne dla elastycznej organizacji\n&#8211; Dodatkowe miejsce na znaleziska, akcesoria, jedzenie i napoje\n&#8211; Wewn\u0119trzna kiesze\u0144 na suwak na drobne przedmioty\n&#8211; Zewn\u0119trzne p\u0119tle na karabinki i akcesoria\n&#8211; Dwie opcje noszenia: regulowany pasek na rami\u0119 i kr\u00f3tkie uchwyty\n&#8211; Nadaje si\u0119 do bezpiecznego przechowywania i transportu sprz\u0119tu do \u0142owienia magnesem\n<strong>\nDla kogo<\/strong>\n\n&#8211; Ka\u017cdy, kto posiada silny magnes w\u0119dkarski Magnes neodymowy\n&#8211; \u0141owcy magnes\u00f3w, kt\u00f3rzy chc\u0105 bezpiecznie transportowa\u0107 swoje magnesy\n&#8211; Ka\u017cdy, kto chce uporz\u0105dkowa\u0107 sw\u00f3j sprz\u0119t\n&#8211; Poszukiwacze magnes\u00f3w szukaj\u0105cy bezpiecznego przechowywania magnes\u00f3w\n&#8211; Nadaje si\u0119 zar\u00f3wno dla pocz\u0105tkuj\u0105cych, jak i do\u015bwiadczonych \u0142owc\u00f3w magnes\u00f3w\n&#8211; Ka\u017cdy, kto ceni praktyczny i funkcjonalny sprz\u0119t\n\n<strong>Dlaczego warto wybra\u0107 t\u0119 torb\u0119<\/strong>\n\n&#8211; Bezpieczny transport dzi\u0119ki piance MagShield\n&#8211; Praktyczna konstrukcja do u\u017cytku nad wod\u0105\n&#8211; Elastyczny uk\u0142ad dopasowany do posiadanego sprz\u0119tu\n&#8211; Wytrzyma\u0142e materia\u0142y zapewniaj\u0105ce d\u0142ugotrwa\u0142e u\u017cytkowanie\n&#8211; Easy do przenoszenia dzi\u0119ki podw\u00f3jnym uchwytom\n<img fetchpriority=\"high\" decoding=\"async\" src=\"https:\/\/magnetarmagnets.com\/wp-content\/uploads\/2026\/04\/JNF-Magnetar-B.V.-Bedrijfsfotografie-20-09-2023-Foto-2614-scaled-e1756284278508-300x300.jpg\" alt=\"\" width=\"300\" height=\"300\" class=\"alignnone size-medium wp-image-95093\" srcset=\"https:\/\/magnetarmagnets.com\/wp-content\/uploads\/2026\/04\/JNF-Magnetar-B.V.-Bedrijfsfotografie-20-09-2023-Foto-2614-scaled-e1756284278508-300x300.jpg 300w, https:\/\/magnetarmagnets.com\/wp-content\/uploads\/2026\/04\/JNF-Magnetar-B.V.-Bedrijfsfotografie-20-09-2023-Foto-2614-scaled-e1756284278508-1024x1024.jpg 1024w, https:\/\/magnetarmagnets.com\/wp-content\/uploads\/2026\/04\/JNF-Magnetar-B.V.-Bedrijfsfotografie-20-09-2023-Foto-2614-scaled-e1756284278508-150x150.jpg 150w, https:\/\/magnetarmagnets.com\/wp-content\/uploads\/2026\/04\/JNF-Magnetar-B.V.-Bedrijfsfotografie-20-09-2023-Foto-2614-scaled-e1756284278508-768x768.jpg 768w, https:\/\/magnetarmagnets.com\/wp-content\/uploads\/2026\/04\/JNF-Magnetar-B.V.-Bedrijfsfotografie-20-09-2023-Foto-2614-scaled-e1756284278508-400x400.jpg 400w, https:\/\/magnetarmagnets.com\/wp-content\/uploads\/2026\/04\/JNF-Magnetar-B.V.-Bedrijfsfotografie-20-09-2023-Foto-2614-scaled-e1756284278508-800x800.jpg 800w, https:\/\/magnetarmagnets.com\/wp-content\/uploads\/2026\/04\/JNF-Magnetar-B.V.-Bedrijfsfotografie-20-09-2023-Foto-2614-scaled-e1756284278508-100x100.jpg 100w, https:\/\/magnetarmagnets.com\/wp-content\/uploads\/2026\/04\/JNF-Magnetar-B.V.-Bedrijfsfotografie-20-09-2023-Foto-2614-scaled-e1756284278508.jpg 1440w\" sizes=\"(max-width: 300px) 100vw, 300px\" \/>\n<strong>Dlaczego Magnetar\u00ae<\/strong>\n\n&#8211; Tw\u00f3rca oryginalnych magnes\u00f3w 360\u00b0\n&#8211; Ponad 12 lat do\u015bwiadczenia w \u0142owieniu magnesem\n&#8211; Rodzinna firma skoncentrowana na jako\u015bci\n&#8211; Dostawa na ca\u0142y \u015bwiat i szybka wysy\u0142ka\n&#8211; Zaufany przez do\u015bwiadczonych \u0142owc\u00f3w magnes\u00f3w\n\n","protected":false},"excerpt":{"rendered":"<p>Niezb\u0119dne podczas korzystania z silnych magnes\u00f3w. Torba <strong>transportowa Magnetar\u00ae<\/strong> zosta\u0142a zaprojektowana z my\u015bl\u0105 o <strong>bezpiecznym transporcie<\/strong>, <strong>inteligentnym przechowywaniu<\/strong> i <strong>praktycznym codziennym u\u017cytkowaniu<\/strong>.<\/p>\n<p>Kompatybilny ze wszystkimi magnesami neodymowymi Magnetar.<\/p>\n","protected":false},"featured_media":98701,"comment_status":"open","ping_status":"closed","template":"","meta":{"_acf_changed":false,"inline_featured_image":false},"product_brand":[],"product_cat":[590,1011,588,589],"product_tag":[],"class_list":{"0":"post-99868","1":"product","2":"type-product","3":"status-publish","4":"has-post-thumbnail","6":"product_cat-artykuly-promocyjne","7":"product_cat-bez-kategorii","8":"product_cat-sprzet","9":"product_cat-sprzet-do-lowienia-magnesem","11":"first","12":"instock","13":"taxable","14":"shipping-taxable","15":"purchasable","16":"product-type-simple"},"acf":[],"yoast_head":"<!-- This site is optimized with the Yoast SEO plugin v27.6 - https:\/\/yoast.com\/product\/yoast-seo-wordpress\/ -->\n<title>Bezpieczna torba transportowa na magnesy neodymowe - MagShield\u2122 - Magnet fishing with a Magnetar fishing magnet<\/title>\n<meta name=\"description\" content=\"Torba transportowa Magnetar\u00ae zosta\u0142a zaprojektowana z my\u015bl\u0105 o bezpiecznym transporcie, inteligentnym przechowywaniu i praktycznym codziennym u\u017cytkowaniu.\" \/>\n<meta name=\"robots\" content=\"index, follow, max-snippet:-1, max-image-preview:large, max-video-preview:-1\" \/>\n<link rel=\"canonical\" href=\"https:\/\/magnetarmagnets.com\/pl\/shop\/bezpieczna-torba-transportowa-na-magnesy-neodymowe-magshield\/\" \/>\n<meta property=\"og:locale\" content=\"pl_PL\" \/>\n<meta property=\"og:type\" content=\"article\" \/>\n<meta property=\"og:title\" content=\"Bezpieczna torba transportowa na magnesy neodymowe - MagShield\u2122 - Magnet fishing with a Magnetar fishing magnet\" \/>\n<meta property=\"og:description\" content=\"Torba transportowa Magnetar\u00ae zosta\u0142a zaprojektowana z my\u015bl\u0105 o bezpiecznym transporcie, inteligentnym przechowywaniu i praktycznym codziennym u\u017cytkowaniu.\" \/>\n<meta property=\"og:url\" content=\"https:\/\/magnetarmagnets.com\/pl\/shop\/bezpieczna-torba-transportowa-na-magnesy-neodymowe-magshield\/\" \/>\n<meta property=\"og:site_name\" content=\"Magnet fishing with a Magnetar fishing magnet\" \/>\n<meta property=\"article:publisher\" content=\"https:\/\/www.facebook.com\/fishingmagnets\/\" \/>\n<meta property=\"og:image\" content=\"https:\/\/magnetarmagnets.com\/wp-content\/uploads\/2026\/04\/BEAST-X-1024x1024.png\" \/>\n\t<meta property=\"og:image:width\" content=\"1024\" \/>\n\t<meta property=\"og:image:height\" content=\"1024\" \/>\n\t<meta property=\"og:image:type\" content=\"image\/png\" \/>\n<meta name=\"twitter:card\" content=\"summary_large_image\" \/>\n<meta name=\"twitter:label1\" content=\"Szacowany czas czytania\" \/>\n\t<meta name=\"twitter:data1\" content=\"1 minuta\" \/>\n<script type=\"application\/ld+json\" class=\"yoast-schema-graph\">{\"@context\":\"https:\\\/\\\/schema.org\",\"@graph\":[{\"@type\":[\"WebPage\",\"ItemPage\"],\"@id\":\"https:\\\/\\\/magnetarmagnets.com\\\/pl\\\/shop\\\/bezpieczna-torba-transportowa-na-magnesy-neodymowe-magshield\\\/\",\"url\":\"https:\\\/\\\/magnetarmagnets.com\\\/pl\\\/shop\\\/bezpieczna-torba-transportowa-na-magnesy-neodymowe-magshield\\\/\",\"name\":\"Bezpieczna torba transportowa na magnesy neodymowe - MagShield\u2122 - Magnet fishing with a Magnetar fishing magnet\",\"isPartOf\":{\"@id\":\"https:\\\/\\\/magnetarmagnets.com\\\/pl\\\/#website\"},\"primaryImageOfPage\":{\"@id\":\"https:\\\/\\\/magnetarmagnets.com\\\/pl\\\/shop\\\/bezpieczna-torba-transportowa-na-magnesy-neodymowe-magshield\\\/#primaryimage\"},\"image\":{\"@id\":\"https:\\\/\\\/magnetarmagnets.com\\\/pl\\\/shop\\\/bezpieczna-torba-transportowa-na-magnesy-neodymowe-magshield\\\/#primaryimage\"},\"thumbnailUrl\":\"https:\\\/\\\/magnetarmagnets.com\\\/wp-content\\\/uploads\\\/2026\\\/04\\\/BEAST-X.png\",\"datePublished\":\"2026-04-22T12:49:46+00:00\",\"description\":\"Torba transportowa Magnetar\u00ae zosta\u0142a zaprojektowana z my\u015bl\u0105 o bezpiecznym transporcie, inteligentnym przechowywaniu i praktycznym codziennym u\u017cytkowaniu.\",\"breadcrumb\":{\"@id\":\"https:\\\/\\\/magnetarmagnets.com\\\/pl\\\/shop\\\/bezpieczna-torba-transportowa-na-magnesy-neodymowe-magshield\\\/#breadcrumb\"},\"inLanguage\":\"pl-PL\",\"potentialAction\":[{\"@type\":\"ReadAction\",\"target\":[\"https:\\\/\\\/magnetarmagnets.com\\\/pl\\\/shop\\\/bezpieczna-torba-transportowa-na-magnesy-neodymowe-magshield\\\/\"]}]},{\"@type\":\"ImageObject\",\"inLanguage\":\"pl-PL\",\"@id\":\"https:\\\/\\\/magnetarmagnets.com\\\/pl\\\/shop\\\/bezpieczna-torba-transportowa-na-magnesy-neodymowe-magshield\\\/#primaryimage\",\"url\":\"https:\\\/\\\/magnetarmagnets.com\\\/wp-content\\\/uploads\\\/2026\\\/04\\\/BEAST-X.png\",\"contentUrl\":\"https:\\\/\\\/magnetarmagnets.com\\\/wp-content\\\/uploads\\\/2026\\\/04\\\/BEAST-X.png\",\"width\":2000,\"height\":2000},{\"@type\":\"BreadcrumbList\",\"@id\":\"https:\\\/\\\/magnetarmagnets.com\\\/pl\\\/shop\\\/bezpieczna-torba-transportowa-na-magnesy-neodymowe-magshield\\\/#breadcrumb\",\"itemListElement\":[{\"@type\":\"ListItem\",\"position\":1,\"name\":\"Home\",\"item\":\"https:\\\/\\\/magnetarmagnets.com\\\/pl\\\/\"},{\"@type\":\"ListItem\",\"position\":2,\"name\":\"Sklep\",\"item\":\"https:\\\/\\\/magnetarmagnets.com\\\/sklep\\\/\"},{\"@type\":\"ListItem\",\"position\":3,\"name\":\"Bezpieczna torba transportowa na magnesy neodymowe &#8211; MagShield\u2122\"}]},{\"@type\":\"WebSite\",\"@id\":\"https:\\\/\\\/magnetarmagnets.com\\\/pl\\\/#website\",\"url\":\"https:\\\/\\\/magnetarmagnets.com\\\/pl\\\/\",\"name\":\"Magnet fishing with a Magnetar fishing magnet\",\"description\":\"Mocne magnesy do po\u0142owu na magnes\",\"publisher\":{\"@id\":\"https:\\\/\\\/magnetarmagnets.com\\\/pl\\\/#organization\"},\"potentialAction\":[{\"@type\":\"SearchAction\",\"target\":{\"@type\":\"EntryPoint\",\"urlTemplate\":\"https:\\\/\\\/magnetarmagnets.com\\\/pl\\\/?s={search_term_string}\"},\"query-input\":{\"@type\":\"PropertyValueSpecification\",\"valueRequired\":true,\"valueName\":\"search_term_string\"}}],\"inLanguage\":\"pl-PL\"},{\"@type\":\"Organization\",\"@id\":\"https:\\\/\\\/magnetarmagnets.com\\\/pl\\\/#organization\",\"name\":\"Magnetar\",\"url\":\"https:\\\/\\\/magnetarmagnets.com\\\/pl\\\/\",\"logo\":{\"@type\":\"ImageObject\",\"inLanguage\":\"pl-PL\",\"@id\":\"https:\\\/\\\/magnetarmagnets.com\\\/pl\\\/#\\\/schema\\\/logo\\\/image\\\/\",\"url\":\"https:\\\/\\\/magnetarmagnets.com\\\/wp-content\\\/uploads\\\/2025\\\/05\\\/Logo-03_PNG-Black-scaled.png\",\"contentUrl\":\"https:\\\/\\\/magnetarmagnets.com\\\/wp-content\\\/uploads\\\/2025\\\/05\\\/Logo-03_PNG-Black-scaled.png\",\"width\":2560,\"height\":1658,\"caption\":\"Magnetar\"},\"image\":{\"@id\":\"https:\\\/\\\/magnetarmagnets.com\\\/pl\\\/#\\\/schema\\\/logo\\\/image\\\/\"},\"sameAs\":[\"https:\\\/\\\/www.facebook.com\\\/fishingmagnets\\\/\",\"https:\\\/\\\/www.instagram.com\\\/magnetar_magnets\\\/\",\"https:\\\/\\\/www.linkedin.com\\\/company\\\/magnetarbv\\\/?originalSubdomain=nl\",\"https:\\\/\\\/www.youtube.com\\\/c\\\/MagnetarVismagneet\"]}]}<\/script>\n<!-- \/ Yoast SEO plugin. -->","yoast_head_json":{"title":"Bezpieczna torba transportowa na magnesy neodymowe - MagShield\u2122 - Magnet fishing with a Magnetar fishing magnet","description":"Torba transportowa Magnetar\u00ae zosta\u0142a zaprojektowana z my\u015bl\u0105 o bezpiecznym transporcie, inteligentnym przechowywaniu i praktycznym codziennym u\u017cytkowaniu.","robots":{"index":"index","follow":"follow","max-snippet":"max-snippet:-1","max-image-preview":"max-image-preview:large","max-video-preview":"max-video-preview:-1"},"canonical":"https:\/\/magnetarmagnets.com\/pl\/shop\/bezpieczna-torba-transportowa-na-magnesy-neodymowe-magshield\/","og_locale":"pl_PL","og_type":"article","og_title":"Bezpieczna torba transportowa na magnesy neodymowe - MagShield\u2122 - Magnet fishing with a Magnetar fishing magnet","og_description":"Torba transportowa Magnetar\u00ae zosta\u0142a zaprojektowana z my\u015bl\u0105 o bezpiecznym transporcie, inteligentnym przechowywaniu i praktycznym codziennym u\u017cytkowaniu.","og_url":"https:\/\/magnetarmagnets.com\/pl\/shop\/bezpieczna-torba-transportowa-na-magnesy-neodymowe-magshield\/","og_site_name":"Magnet fishing with a Magnetar fishing magnet","article_publisher":"https:\/\/www.facebook.com\/fishingmagnets\/","og_image":[{"width":1024,"height":1024,"url":"https:\/\/magnetarmagnets.com\/wp-content\/uploads\/2026\/04\/BEAST-X-1024x1024.png","type":"image\/png"}],"twitter_card":"summary_large_image","twitter_misc":{"Szacowany czas czytania":"1 minuta"},"schema":{"@context":"https:\/\/schema.org","@graph":[{"@type":["WebPage","ItemPage"],"@id":"https:\/\/magnetarmagnets.com\/pl\/shop\/bezpieczna-torba-transportowa-na-magnesy-neodymowe-magshield\/","url":"https:\/\/magnetarmagnets.com\/pl\/shop\/bezpieczna-torba-transportowa-na-magnesy-neodymowe-magshield\/","name":"Bezpieczna torba transportowa na magnesy neodymowe - MagShield\u2122 - Magnet fishing with a Magnetar fishing magnet","isPartOf":{"@id":"https:\/\/magnetarmagnets.com\/pl\/#website"},"primaryImageOfPage":{"@id":"https:\/\/magnetarmagnets.com\/pl\/shop\/bezpieczna-torba-transportowa-na-magnesy-neodymowe-magshield\/#primaryimage"},"image":{"@id":"https:\/\/magnetarmagnets.com\/pl\/shop\/bezpieczna-torba-transportowa-na-magnesy-neodymowe-magshield\/#primaryimage"},"thumbnailUrl":"https:\/\/magnetarmagnets.com\/wp-content\/uploads\/2026\/04\/BEAST-X.png","datePublished":"2026-04-22T12:49:46+00:00","description":"Torba transportowa Magnetar\u00ae zosta\u0142a zaprojektowana z my\u015bl\u0105 o bezpiecznym transporcie, inteligentnym przechowywaniu i praktycznym codziennym u\u017cytkowaniu.","breadcrumb":{"@id":"https:\/\/magnetarmagnets.com\/pl\/shop\/bezpieczna-torba-transportowa-na-magnesy-neodymowe-magshield\/#breadcrumb"},"inLanguage":"pl-PL","potentialAction":[{"@type":"ReadAction","target":["https:\/\/magnetarmagnets.com\/pl\/shop\/bezpieczna-torba-transportowa-na-magnesy-neodymowe-magshield\/"]}]},{"@type":"ImageObject","inLanguage":"pl-PL","@id":"https:\/\/magnetarmagnets.com\/pl\/shop\/bezpieczna-torba-transportowa-na-magnesy-neodymowe-magshield\/#primaryimage","url":"https:\/\/magnetarmagnets.com\/wp-content\/uploads\/2026\/04\/BEAST-X.png","contentUrl":"https:\/\/magnetarmagnets.com\/wp-content\/uploads\/2026\/04\/BEAST-X.png","width":2000,"height":2000},{"@type":"BreadcrumbList","@id":"https:\/\/magnetarmagnets.com\/pl\/shop\/bezpieczna-torba-transportowa-na-magnesy-neodymowe-magshield\/#breadcrumb","itemListElement":[{"@type":"ListItem","position":1,"name":"Home","item":"https:\/\/magnetarmagnets.com\/pl\/"},{"@type":"ListItem","position":2,"name":"Sklep","item":"https:\/\/magnetarmagnets.com\/sklep\/"},{"@type":"ListItem","position":3,"name":"Bezpieczna torba transportowa na magnesy neodymowe &#8211; MagShield\u2122"}]},{"@type":"WebSite","@id":"https:\/\/magnetarmagnets.com\/pl\/#website","url":"https:\/\/magnetarmagnets.com\/pl\/","name":"Magnet fishing with a Magnetar fishing magnet","description":"Mocne magnesy do po\u0142owu na magnes","publisher":{"@id":"https:\/\/magnetarmagnets.com\/pl\/#organization"},"potentialAction":[{"@type":"SearchAction","target":{"@type":"EntryPoint","urlTemplate":"https:\/\/magnetarmagnets.com\/pl\/?s={search_term_string}"},"query-input":{"@type":"PropertyValueSpecification","valueRequired":true,"valueName":"search_term_string"}}],"inLanguage":"pl-PL"},{"@type":"Organization","@id":"https:\/\/magnetarmagnets.com\/pl\/#organization","name":"Magnetar","url":"https:\/\/magnetarmagnets.com\/pl\/","logo":{"@type":"ImageObject","inLanguage":"pl-PL","@id":"https:\/\/magnetarmagnets.com\/pl\/#\/schema\/logo\/image\/","url":"https:\/\/magnetarmagnets.com\/wp-content\/uploads\/2025\/05\/Logo-03_PNG-Black-scaled.png","contentUrl":"https:\/\/magnetarmagnets.com\/wp-content\/uploads\/2025\/05\/Logo-03_PNG-Black-scaled.png","width":2560,"height":1658,"caption":"Magnetar"},"image":{"@id":"https:\/\/magnetarmagnets.com\/pl\/#\/schema\/logo\/image\/"},"sameAs":["https:\/\/www.facebook.com\/fishingmagnets\/","https:\/\/www.instagram.com\/magnetar_magnets\/","https:\/\/www.linkedin.com\/company\/magnetarbv\/?originalSubdomain=nl","https:\/\/www.youtube.com\/c\/MagnetarVismagneet"]}]}},"_links":{"self":[{"href":"https:\/\/magnetarmagnets.com\/pl\/wp-json\/wp\/v2\/product\/99868","targetHints":{"allow":["GET"]}}],"collection":[{"href":"https:\/\/magnetarmagnets.com\/pl\/wp-json\/wp\/v2\/product"}],"about":[{"href":"https:\/\/magnetarmagnets.com\/pl\/wp-json\/wp\/v2\/types\/product"}],"replies":[{"embeddable":true,"href":"https:\/\/magnetarmagnets.com\/pl\/wp-json\/wp\/v2\/comments?post=99868"}],"version-history":[{"count":0,"href":"https:\/\/magnetarmagnets.com\/pl\/wp-json\/wp\/v2\/product\/99868\/revisions"}],"wp:featuredmedia":[{"embeddable":true,"href":"https:\/\/magnetarmagnets.com\/pl\/wp-json\/wp\/v2\/media\/98701"}],"wp:attachment":[{"href":"https:\/\/magnetarmagnets.com\/pl\/wp-json\/wp\/v2\/media?parent=99868"}],"wp:term":[{"taxonomy":"product_brand","embeddable":true,"href":"https:\/\/magnetarmagnets.com\/pl\/wp-json\/wp\/v2\/product_brand?post=99868"},{"taxonomy":"product_cat","embeddable":true,"href":"https:\/\/magnetarmagnets.com\/pl\/wp-json\/wp\/v2\/product_cat?post=99868"},{"taxonomy":"product_tag","embeddable":true,"href":"https:\/\/magnetarmagnets.com\/pl\/wp-json\/wp\/v2\/product_tag?post=99868"}],"curies":[{"name":"wp","href":"https:\/\/api.w.org\/{rel}","templated":true}]}}