{"id":97378,"date":"2026-04-16T10:16:19","date_gmt":"2026-04-16T08:16:19","guid":{"rendered":"https:\/\/magnetarmagnets.com\/shop\/barbarian-x-zestaw-3500-lb-1600-kg-barbarian-x-uniwersalny-360\/"},"modified":"2026-04-16T14:04:36","modified_gmt":"2026-04-16T12:04:36","slug":"barbarian-x-zestaw-3500-lb-1600-kg-barbarian-x-uniwersalny-360","status":"publish","type":"product","link":"https:\/\/magnetarmagnets.com\/pl\/shop\/barbarian-x-zestaw-3500-lb-1600-kg-barbarian-x-uniwersalny-360\/","title":{"rendered":"Barbarian X zestaw \u2013 3500 lb \/ 1600 kg \u2013 Barbarian X \u2013 uniwersalny 360\u00b0"},"content":{"rendered":"","protected":false},"excerpt":{"rendered":"<p><strong>Barbarian X<\/strong> to pot\u0119\u017cny <strong>magnes do magnet fishingu 360\u00b0<\/strong> z serii <strong>X Line<\/strong>. Idealny dla profesjonalnych poszukiwaczy magnetycznych, kt\u00f3rzy szukaj\u0105 mocy, jako\u015bci i konkurencyjnej ceny.<\/p>\n<p>W pe\u0142ni z\u0142o\u017cony, zapakowany w torb\u0119 <strong>MagShield\u2122<\/strong> dla bezpiecznego transportu i \u0142atwego u\u017cytkowania.<\/p>\n","protected":false},"featured_media":97014,"comment_status":"open","ping_status":"closed","template":"","meta":{"_acf_changed":false,"inline_featured_image":false},"product_brand":[],"product_cat":[586,1011,581,583,595,1012,587],"product_tag":[],"class_list":{"0":"post-97378","1":"product","2":"type-product","3":"status-publish","4":"has-post-thumbnail","6":"product_cat-allround-magnesy-do-lowienia-360","7":"product_cat-bez-kategorii","8":"product_cat-magnesy-do-lowienia","9":"product_cat-najmocniejsze-magnesy-do-lowienia","10":"product_cat-profesjonalisci","11":"product_cat-x-line","12":"product_cat-zestaw-do-lowienia-magnesem","14":"first","15":"instock","16":"taxable","17":"shipping-taxable","18":"purchasable","19":"product-type-simple"},"acf":[],"yoast_head":"<!-- This site is optimized with the Yoast SEO plugin v27.4 - https:\/\/yoast.com\/product\/yoast-seo-wordpress\/ -->\n<title>Barbarian X zestaw \u2013 3500 lb \/ 1600 kg \u2013 Barbarian X \u2013 uniwersalny 360\u00b0 - Magnet fishing with a Magnetar fishing magnet<\/title>\n<meta name=\"description\" content=\"Barbarian X to pot\u0119\u017cny magnes do magnet fishingu 360\u00b0 o sile przyci\u0105gania 1600 kg. Zawiera lin\u0119, r\u0119kawice i torb\u0119 transportow\u0105. Dla do\u015bwiadczonych poszukiwaczy magnetycznych.\" \/>\n<meta name=\"robots\" content=\"index, follow, max-snippet:-1, max-image-preview:large, max-video-preview:-1\" \/>\n<link rel=\"canonical\" href=\"https:\/\/magnetarmagnets.com\/pl\/shop\/barbarian-x-zestaw-3500-lb-1600-kg-barbarian-x-uniwersalny-360\/\" \/>\n<meta property=\"og:locale\" content=\"pl_PL\" \/>\n<meta property=\"og:type\" content=\"article\" \/>\n<meta property=\"og:title\" content=\"Barbarian X zestaw \u2013 3500 lb \/ 1600 kg \u2013 Barbarian X \u2013 uniwersalny 360\u00b0 - Magnet fishing with a Magnetar fishing magnet\" \/>\n<meta property=\"og:description\" content=\"Barbarian X to pot\u0119\u017cny magnes do magnet fishingu 360\u00b0 o sile przyci\u0105gania 1600 kg. Zawiera lin\u0119, r\u0119kawice i torb\u0119 transportow\u0105. Dla do\u015bwiadczonych poszukiwaczy magnetycznych.\" \/>\n<meta property=\"og:url\" content=\"https:\/\/magnetarmagnets.com\/pl\/shop\/barbarian-x-zestaw-3500-lb-1600-kg-barbarian-x-uniwersalny-360\/\" \/>\n<meta property=\"og:site_name\" content=\"Magnet fishing with a Magnetar fishing magnet\" \/>\n<meta property=\"article:publisher\" content=\"https:\/\/www.facebook.com\/fishingmagnets\/\" \/>\n<meta property=\"article:modified_time\" content=\"2026-04-16T12:04:36+00:00\" \/>\n<meta property=\"og:image\" content=\"https:\/\/magnetarmagnets.com\/wp-content\/uploads\/2026\/04\/MagnetarMagnets_BARBARIAN_X_listing-1-1024x1024.png\" \/>\n\t<meta property=\"og:image:width\" content=\"1024\" \/>\n\t<meta property=\"og:image:height\" content=\"1024\" \/>\n\t<meta property=\"og:image:type\" content=\"image\/png\" \/>\n<meta name=\"twitter:card\" content=\"summary_large_image\" \/>\n<meta name=\"twitter:label1\" content=\"Szacowany czas czytania\" \/>\n\t<meta name=\"twitter:data1\" content=\"1 minuta\" \/>\n<script type=\"application\/ld+json\" class=\"yoast-schema-graph\">{\"@context\":\"https:\\\/\\\/schema.org\",\"@graph\":[{\"@type\":[\"WebPage\",\"ItemPage\"],\"@id\":\"https:\\\/\\\/magnetarmagnets.com\\\/pl\\\/shop\\\/barbarian-x-zestaw-3500-lb-1600-kg-barbarian-x-uniwersalny-360\\\/\",\"url\":\"https:\\\/\\\/magnetarmagnets.com\\\/pl\\\/shop\\\/barbarian-x-zestaw-3500-lb-1600-kg-barbarian-x-uniwersalny-360\\\/\",\"name\":\"Barbarian X zestaw \u2013 3500 lb \\\/ 1600 kg \u2013 Barbarian X \u2013 uniwersalny 360\u00b0 - Magnet fishing with a Magnetar fishing magnet\",\"isPartOf\":{\"@id\":\"https:\\\/\\\/magnetarmagnets.com\\\/pl\\\/#website\"},\"primaryImageOfPage\":{\"@id\":\"https:\\\/\\\/magnetarmagnets.com\\\/pl\\\/shop\\\/barbarian-x-zestaw-3500-lb-1600-kg-barbarian-x-uniwersalny-360\\\/#primaryimage\"},\"image\":{\"@id\":\"https:\\\/\\\/magnetarmagnets.com\\\/pl\\\/shop\\\/barbarian-x-zestaw-3500-lb-1600-kg-barbarian-x-uniwersalny-360\\\/#primaryimage\"},\"thumbnailUrl\":\"https:\\\/\\\/magnetarmagnets.com\\\/wp-content\\\/uploads\\\/2026\\\/04\\\/MagnetarMagnets_BARBARIAN_X_listing-1.png\",\"datePublished\":\"2026-04-16T08:16:19+00:00\",\"dateModified\":\"2026-04-16T12:04:36+00:00\",\"description\":\"Barbarian X to pot\u0119\u017cny magnes do magnet fishingu 360\u00b0 o sile przyci\u0105gania 1600 kg. Zawiera lin\u0119, r\u0119kawice i torb\u0119 transportow\u0105. Dla do\u015bwiadczonych poszukiwaczy magnetycznych.\",\"breadcrumb\":{\"@id\":\"https:\\\/\\\/magnetarmagnets.com\\\/pl\\\/shop\\\/barbarian-x-zestaw-3500-lb-1600-kg-barbarian-x-uniwersalny-360\\\/#breadcrumb\"},\"inLanguage\":\"pl-PL\",\"potentialAction\":[{\"@type\":\"ReadAction\",\"target\":[\"https:\\\/\\\/magnetarmagnets.com\\\/pl\\\/shop\\\/barbarian-x-zestaw-3500-lb-1600-kg-barbarian-x-uniwersalny-360\\\/\"]}]},{\"@type\":\"ImageObject\",\"inLanguage\":\"pl-PL\",\"@id\":\"https:\\\/\\\/magnetarmagnets.com\\\/pl\\\/shop\\\/barbarian-x-zestaw-3500-lb-1600-kg-barbarian-x-uniwersalny-360\\\/#primaryimage\",\"url\":\"https:\\\/\\\/magnetarmagnets.com\\\/wp-content\\\/uploads\\\/2026\\\/04\\\/MagnetarMagnets_BARBARIAN_X_listing-1.png\",\"contentUrl\":\"https:\\\/\\\/magnetarmagnets.com\\\/wp-content\\\/uploads\\\/2026\\\/04\\\/MagnetarMagnets_BARBARIAN_X_listing-1.png\",\"width\":2000,\"height\":2000},{\"@type\":\"BreadcrumbList\",\"@id\":\"https:\\\/\\\/magnetarmagnets.com\\\/pl\\\/shop\\\/barbarian-x-zestaw-3500-lb-1600-kg-barbarian-x-uniwersalny-360\\\/#breadcrumb\",\"itemListElement\":[{\"@type\":\"ListItem\",\"position\":1,\"name\":\"Home\",\"item\":\"https:\\\/\\\/magnetarmagnets.com\\\/pl\\\/\"},{\"@type\":\"ListItem\",\"position\":2,\"name\":\"Sklep\",\"item\":\"https:\\\/\\\/magnetarmagnets.com\\\/sklep\\\/\"},{\"@type\":\"ListItem\",\"position\":3,\"name\":\"Magnesy do \u0142owienia\",\"item\":\"https:\\\/\\\/magnetarmagnets.com\\\/pl\\\/collections\\\/magnesy-do-lowienia\\\/\"},{\"@type\":\"ListItem\",\"position\":4,\"name\":\"Allround magnesy do \u0142owienia 360\u00b0\",\"item\":\"https:\\\/\\\/magnetarmagnets.com\\\/pl\\\/collections\\\/magnesy-do-lowienia\\\/allround-magnesy-do-lowienia-360\\\/\"},{\"@type\":\"ListItem\",\"position\":5,\"name\":\"Barbarian X zestaw \u2013 3500 lb \\\/ 1600 kg \u2013 Barbarian X \u2013 uniwersalny 360\u00b0\"}]},{\"@type\":\"WebSite\",\"@id\":\"https:\\\/\\\/magnetarmagnets.com\\\/pl\\\/#website\",\"url\":\"https:\\\/\\\/magnetarmagnets.com\\\/pl\\\/\",\"name\":\"Magnet fishing with a Magnetar fishing magnet\",\"description\":\"Mocne magnesy do po\u0142owu na magnes\",\"publisher\":{\"@id\":\"https:\\\/\\\/magnetarmagnets.com\\\/pl\\\/#organization\"},\"potentialAction\":[{\"@type\":\"SearchAction\",\"target\":{\"@type\":\"EntryPoint\",\"urlTemplate\":\"https:\\\/\\\/magnetarmagnets.com\\\/pl\\\/?s={search_term_string}\"},\"query-input\":{\"@type\":\"PropertyValueSpecification\",\"valueRequired\":true,\"valueName\":\"search_term_string\"}}],\"inLanguage\":\"pl-PL\"},{\"@type\":\"Organization\",\"@id\":\"https:\\\/\\\/magnetarmagnets.com\\\/pl\\\/#organization\",\"name\":\"Magnetar\",\"url\":\"https:\\\/\\\/magnetarmagnets.com\\\/pl\\\/\",\"logo\":{\"@type\":\"ImageObject\",\"inLanguage\":\"pl-PL\",\"@id\":\"https:\\\/\\\/magnetarmagnets.com\\\/pl\\\/#\\\/schema\\\/logo\\\/image\\\/\",\"url\":\"https:\\\/\\\/magnetarmagnets.com\\\/wp-content\\\/uploads\\\/2025\\\/05\\\/Logo-03_PNG-Black-scaled.png\",\"contentUrl\":\"https:\\\/\\\/magnetarmagnets.com\\\/wp-content\\\/uploads\\\/2025\\\/05\\\/Logo-03_PNG-Black-scaled.png\",\"width\":2560,\"height\":1658,\"caption\":\"Magnetar\"},\"image\":{\"@id\":\"https:\\\/\\\/magnetarmagnets.com\\\/pl\\\/#\\\/schema\\\/logo\\\/image\\\/\"},\"sameAs\":[\"https:\\\/\\\/www.facebook.com\\\/fishingmagnets\\\/\",\"https:\\\/\\\/www.instagram.com\\\/magnetar_magnets\\\/\",\"https:\\\/\\\/www.linkedin.com\\\/company\\\/magnetarbv\\\/?originalSubdomain=nl\",\"https:\\\/\\\/www.youtube.com\\\/c\\\/MagnetarVismagneet\"]}]}<\/script>\n<!-- \/ Yoast SEO plugin. -->","yoast_head_json":{"title":"Barbarian X zestaw \u2013 3500 lb \/ 1600 kg \u2013 Barbarian X \u2013 uniwersalny 360\u00b0 - Magnet fishing with a Magnetar fishing magnet","description":"Barbarian X to pot\u0119\u017cny magnes do magnet fishingu 360\u00b0 o sile przyci\u0105gania 1600 kg. Zawiera lin\u0119, r\u0119kawice i torb\u0119 transportow\u0105. Dla do\u015bwiadczonych poszukiwaczy magnetycznych.","robots":{"index":"index","follow":"follow","max-snippet":"max-snippet:-1","max-image-preview":"max-image-preview:large","max-video-preview":"max-video-preview:-1"},"canonical":"https:\/\/magnetarmagnets.com\/pl\/shop\/barbarian-x-zestaw-3500-lb-1600-kg-barbarian-x-uniwersalny-360\/","og_locale":"pl_PL","og_type":"article","og_title":"Barbarian X zestaw \u2013 3500 lb \/ 1600 kg \u2013 Barbarian X \u2013 uniwersalny 360\u00b0 - Magnet fishing with a Magnetar fishing magnet","og_description":"Barbarian X to pot\u0119\u017cny magnes do magnet fishingu 360\u00b0 o sile przyci\u0105gania 1600 kg. Zawiera lin\u0119, r\u0119kawice i torb\u0119 transportow\u0105. Dla do\u015bwiadczonych poszukiwaczy magnetycznych.","og_url":"https:\/\/magnetarmagnets.com\/pl\/shop\/barbarian-x-zestaw-3500-lb-1600-kg-barbarian-x-uniwersalny-360\/","og_site_name":"Magnet fishing with a Magnetar fishing magnet","article_publisher":"https:\/\/www.facebook.com\/fishingmagnets\/","article_modified_time":"2026-04-16T12:04:36+00:00","og_image":[{"width":1024,"height":1024,"url":"https:\/\/magnetarmagnets.com\/wp-content\/uploads\/2026\/04\/MagnetarMagnets_BARBARIAN_X_listing-1-1024x1024.png","type":"image\/png"}],"twitter_card":"summary_large_image","twitter_misc":{"Szacowany czas czytania":"1 minuta"},"schema":{"@context":"https:\/\/schema.org","@graph":[{"@type":["WebPage","ItemPage"],"@id":"https:\/\/magnetarmagnets.com\/pl\/shop\/barbarian-x-zestaw-3500-lb-1600-kg-barbarian-x-uniwersalny-360\/","url":"https:\/\/magnetarmagnets.com\/pl\/shop\/barbarian-x-zestaw-3500-lb-1600-kg-barbarian-x-uniwersalny-360\/","name":"Barbarian X zestaw \u2013 3500 lb \/ 1600 kg \u2013 Barbarian X \u2013 uniwersalny 360\u00b0 - Magnet fishing with a Magnetar fishing magnet","isPartOf":{"@id":"https:\/\/magnetarmagnets.com\/pl\/#website"},"primaryImageOfPage":{"@id":"https:\/\/magnetarmagnets.com\/pl\/shop\/barbarian-x-zestaw-3500-lb-1600-kg-barbarian-x-uniwersalny-360\/#primaryimage"},"image":{"@id":"https:\/\/magnetarmagnets.com\/pl\/shop\/barbarian-x-zestaw-3500-lb-1600-kg-barbarian-x-uniwersalny-360\/#primaryimage"},"thumbnailUrl":"https:\/\/magnetarmagnets.com\/wp-content\/uploads\/2026\/04\/MagnetarMagnets_BARBARIAN_X_listing-1.png","datePublished":"2026-04-16T08:16:19+00:00","dateModified":"2026-04-16T12:04:36+00:00","description":"Barbarian X to pot\u0119\u017cny magnes do magnet fishingu 360\u00b0 o sile przyci\u0105gania 1600 kg. Zawiera lin\u0119, r\u0119kawice i torb\u0119 transportow\u0105. Dla do\u015bwiadczonych poszukiwaczy magnetycznych.","breadcrumb":{"@id":"https:\/\/magnetarmagnets.com\/pl\/shop\/barbarian-x-zestaw-3500-lb-1600-kg-barbarian-x-uniwersalny-360\/#breadcrumb"},"inLanguage":"pl-PL","potentialAction":[{"@type":"ReadAction","target":["https:\/\/magnetarmagnets.com\/pl\/shop\/barbarian-x-zestaw-3500-lb-1600-kg-barbarian-x-uniwersalny-360\/"]}]},{"@type":"ImageObject","inLanguage":"pl-PL","@id":"https:\/\/magnetarmagnets.com\/pl\/shop\/barbarian-x-zestaw-3500-lb-1600-kg-barbarian-x-uniwersalny-360\/#primaryimage","url":"https:\/\/magnetarmagnets.com\/wp-content\/uploads\/2026\/04\/MagnetarMagnets_BARBARIAN_X_listing-1.png","contentUrl":"https:\/\/magnetarmagnets.com\/wp-content\/uploads\/2026\/04\/MagnetarMagnets_BARBARIAN_X_listing-1.png","width":2000,"height":2000},{"@type":"BreadcrumbList","@id":"https:\/\/magnetarmagnets.com\/pl\/shop\/barbarian-x-zestaw-3500-lb-1600-kg-barbarian-x-uniwersalny-360\/#breadcrumb","itemListElement":[{"@type":"ListItem","position":1,"name":"Home","item":"https:\/\/magnetarmagnets.com\/pl\/"},{"@type":"ListItem","position":2,"name":"Sklep","item":"https:\/\/magnetarmagnets.com\/sklep\/"},{"@type":"ListItem","position":3,"name":"Magnesy do \u0142owienia","item":"https:\/\/magnetarmagnets.com\/pl\/collections\/magnesy-do-lowienia\/"},{"@type":"ListItem","position":4,"name":"Allround magnesy do \u0142owienia 360\u00b0","item":"https:\/\/magnetarmagnets.com\/pl\/collections\/magnesy-do-lowienia\/allround-magnesy-do-lowienia-360\/"},{"@type":"ListItem","position":5,"name":"Barbarian X zestaw \u2013 3500 lb \/ 1600 kg \u2013 Barbarian X \u2013 uniwersalny 360\u00b0"}]},{"@type":"WebSite","@id":"https:\/\/magnetarmagnets.com\/pl\/#website","url":"https:\/\/magnetarmagnets.com\/pl\/","name":"Magnet fishing with a Magnetar fishing magnet","description":"Mocne magnesy do po\u0142owu na magnes","publisher":{"@id":"https:\/\/magnetarmagnets.com\/pl\/#organization"},"potentialAction":[{"@type":"SearchAction","target":{"@type":"EntryPoint","urlTemplate":"https:\/\/magnetarmagnets.com\/pl\/?s={search_term_string}"},"query-input":{"@type":"PropertyValueSpecification","valueRequired":true,"valueName":"search_term_string"}}],"inLanguage":"pl-PL"},{"@type":"Organization","@id":"https:\/\/magnetarmagnets.com\/pl\/#organization","name":"Magnetar","url":"https:\/\/magnetarmagnets.com\/pl\/","logo":{"@type":"ImageObject","inLanguage":"pl-PL","@id":"https:\/\/magnetarmagnets.com\/pl\/#\/schema\/logo\/image\/","url":"https:\/\/magnetarmagnets.com\/wp-content\/uploads\/2025\/05\/Logo-03_PNG-Black-scaled.png","contentUrl":"https:\/\/magnetarmagnets.com\/wp-content\/uploads\/2025\/05\/Logo-03_PNG-Black-scaled.png","width":2560,"height":1658,"caption":"Magnetar"},"image":{"@id":"https:\/\/magnetarmagnets.com\/pl\/#\/schema\/logo\/image\/"},"sameAs":["https:\/\/www.facebook.com\/fishingmagnets\/","https:\/\/www.instagram.com\/magnetar_magnets\/","https:\/\/www.linkedin.com\/company\/magnetarbv\/?originalSubdomain=nl","https:\/\/www.youtube.com\/c\/MagnetarVismagneet"]}]}},"_links":{"self":[{"href":"https:\/\/magnetarmagnets.com\/pl\/wp-json\/wp\/v2\/product\/97378","targetHints":{"allow":["GET"]}}],"collection":[{"href":"https:\/\/magnetarmagnets.com\/pl\/wp-json\/wp\/v2\/product"}],"about":[{"href":"https:\/\/magnetarmagnets.com\/pl\/wp-json\/wp\/v2\/types\/product"}],"replies":[{"embeddable":true,"href":"https:\/\/magnetarmagnets.com\/pl\/wp-json\/wp\/v2\/comments?post=97378"}],"version-history":[{"count":1,"href":"https:\/\/magnetarmagnets.com\/pl\/wp-json\/wp\/v2\/product\/97378\/revisions"}],"predecessor-version":[{"id":97379,"href":"https:\/\/magnetarmagnets.com\/pl\/wp-json\/wp\/v2\/product\/97378\/revisions\/97379"}],"wp:featuredmedia":[{"embeddable":true,"href":"https:\/\/magnetarmagnets.com\/pl\/wp-json\/wp\/v2\/media\/97014"}],"wp:attachment":[{"href":"https:\/\/magnetarmagnets.com\/pl\/wp-json\/wp\/v2\/media?parent=97378"}],"wp:term":[{"taxonomy":"product_brand","embeddable":true,"href":"https:\/\/magnetarmagnets.com\/pl\/wp-json\/wp\/v2\/product_brand?post=97378"},{"taxonomy":"product_cat","embeddable":true,"href":"https:\/\/magnetarmagnets.com\/pl\/wp-json\/wp\/v2\/product_cat?post=97378"},{"taxonomy":"product_tag","embeddable":true,"href":"https:\/\/magnetarmagnets.com\/pl\/wp-json\/wp\/v2\/product_tag?post=97378"}],"curies":[{"name":"wp","href":"https:\/\/api.w.org\/{rel}","templated":true}]}}