{"id":83751,"date":"2025-06-05T09:53:03","date_gmt":"2025-06-05T07:53:03","guid":{"rendered":"https:\/\/magnetarmagnets.com\/?post_type=product&#038;p=83751"},"modified":"2026-04-04T07:25:55","modified_gmt":"2026-04-04T05:25:55","slug":"wedka-magnetyczna-do-lowienia-2-metry","status":"publish","type":"product","link":"https:\/\/magnetarmagnets.com\/pl\/shop\/wedka-magnetyczna-do-lowienia-2-metry\/","title":{"rendered":"W\u0119dka magnetyczna do \u0142owienia &#8211; 2 metry"},"content":{"rendered":"Za pomoc\u0105 magnetycznego grotu do \u0142owienia \u201eLange Jan\u201d mo\u017cesz podnosi\u0107 przedmioty tam, gdzie twoja \u017cy\u0142ka sobie nie poradzi. Magnetyczny grot do \u0142owienia mo\u017cna roz\u0142o\u017cy\u0107, dzi\u0119ki czemu \u0142atwo go przetransportujesz (nawet w poje\u017adzie).\r\n\r\n<strong>Magnetyczny grot do \u0142owienia \u201eLange Jan\u201d<\/strong>\r\n\r\nGrot magnetyczny \u201eLange Jan\u201d to idealne narz\u0119dzie do si\u0119gania po przedmioty le\u017c\u0105ce g\u0142\u0119biej. Stare przedmioty, takie jak kule armatnie czy wyposa\u017cenie z czas\u00f3w II wojny \u015bwiatowej, mog\u0142y z czasem zanurzy\u0107 si\u0119 pod wod\u0105 lub zosta\u0107 przykryte li\u015b\u0107mi i ga\u0142\u0119ziami. Dzi\u0119ki magnetycznemu grotowi do \u0142owienia podnosisz przedmioty, kt\u00f3rych nie wyci\u0105gnie \u017cy\u0142ka.\r\n\r\n<strong>Dla kogo jest przeznaczony magnetyczny grot Lange Jan?<\/strong>\r\n\r\nMagnetyczny grot Lange Jan jest przeznaczony dla os\u00f3b chc\u0105cych wej\u015b\u0107 do wody lub wyci\u0105ga\u0107 przedmioty z brzegu. Dzi\u0119ki nabijaniu mo\u017cesz dosi\u0119gn\u0105\u0107 g\u0142\u0119boko po\u0142o\u017conych przedmiot\u00f3w. Te g\u0142\u0119boko ukryte przedmioty cz\u0119sto s\u0105 w \u015bwietnym stanie, poniewa\u017c mia\u0142y mniejszy kontakt z tlenem. Nie musisz by\u0107 do\u015bwiadczonym w\u0119dkarzem, ten magnetyczny grot jest odpowiedni dla ka\u017cdego.\r\n\r\nNie zapomnij odwiedzi\u0107 <a href=\"https:\/\/magnetarmagnets.com\/\" target=\"_blank\" rel=\"noopener\">najlepszych magnes\u00f3w do lowienia magnesem<\/a> oraz <a href=\"https:\/\/magnetarmagnets.com\/collections\/fishing-magnets\/magnet-fishing-kit\/\" target=\"_blank\" rel=\"noopener\">najlepszych zestaw\u00f3w do \u0142owienia magnesem<\/a>.","protected":false},"excerpt":{"rendered":"<p>Dzi\u0119ki magnetycznej w\u0119dce Magnetar\u00ae <strong>do \u0142owienia magnesem<\/strong> celujesz z <strong>precyzj\u0105<\/strong> w g\u0142\u0119boko po\u0142o\u017cone skarby!<\/p>\n","protected":false},"featured_media":78680,"comment_status":"open","ping_status":"closed","template":"","meta":{"_acf_changed":false,"inline_featured_image":false},"product_brand":[],"product_cat":[588,589,1007],"product_tag":[],"class_list":{"0":"post-83751","1":"product","2":"type-product","3":"status-publish","4":"has-post-thumbnail","6":"product_cat-sprzet","7":"product_cat-sprzet-do-lowienia-magnesem","8":"product_cat-wszystkie-produkty","10":"first","11":"instock","12":"sale","13":"taxable","14":"shipping-taxable","15":"purchasable","16":"product-type-simple"},"acf":[],"yoast_head":"<!-- This site is optimized with the Yoast SEO plugin v27.4 - https:\/\/yoast.com\/product\/yoast-seo-wordpress\/ -->\n<title>W\u0119dka magnetyczna do \u0142owienia - 2 metry - Magnet fishing with a Magnetar fishing magnet<\/title>\n<meta name=\"description\" content=\"Za pomoc\u0105 magnetycznej w\u0119dki \u201eLange Jan\u201d mo\u017cesz podnosi\u0107 przedmioty tam, gdzie twoja lina nie da rady ich unie\u015b\u0107. W\u0119dka do \u0142owienia jest rozk\u0142adana.\" \/>\n<meta name=\"robots\" content=\"index, follow, max-snippet:-1, max-image-preview:large, max-video-preview:-1\" \/>\n<link rel=\"canonical\" href=\"https:\/\/magnetarmagnets.com\/pl\/shop\/wedka-magnetyczna-do-lowienia-2-metry\/\" \/>\n<meta property=\"og:locale\" content=\"pl_PL\" \/>\n<meta property=\"og:type\" content=\"article\" \/>\n<meta property=\"og:title\" content=\"W\u0119dka magnetyczna do \u0142owienia - 2 metry - Magnet fishing with a Magnetar fishing magnet\" \/>\n<meta property=\"og:description\" content=\"Za pomoc\u0105 magnetycznej w\u0119dki \u201eLange Jan\u201d mo\u017cesz podnosi\u0107 przedmioty tam, gdzie twoja lina nie da rady ich unie\u015b\u0107. W\u0119dka do \u0142owienia jest rozk\u0142adana.\" \/>\n<meta property=\"og:url\" content=\"https:\/\/magnetarmagnets.com\/pl\/shop\/wedka-magnetyczna-do-lowienia-2-metry\/\" \/>\n<meta property=\"og:site_name\" content=\"Magnet fishing with a Magnetar fishing magnet\" \/>\n<meta property=\"article:publisher\" content=\"https:\/\/www.facebook.com\/fishingmagnets\/\" \/>\n<meta property=\"article:modified_time\" content=\"2026-04-04T05:25:55+00:00\" \/>\n<meta property=\"og:image\" content=\"https:\/\/magnetarmagnets.com\/wp-content\/uploads\/2020\/12\/P1001679.jpg\" \/>\n\t<meta property=\"og:image:width\" content=\"1000\" \/>\n\t<meta property=\"og:image:height\" content=\"1000\" \/>\n\t<meta property=\"og:image:type\" content=\"image\/jpeg\" \/>\n<meta name=\"twitter:card\" content=\"summary_large_image\" \/>\n<meta name=\"twitter:label1\" content=\"Szacowany czas czytania\" \/>\n\t<meta name=\"twitter:data1\" content=\"1 minuta\" \/>\n<script type=\"application\/ld+json\" class=\"yoast-schema-graph\">{\"@context\":\"https:\\\/\\\/schema.org\",\"@graph\":[{\"@type\":[\"WebPage\",\"ItemPage\"],\"@id\":\"https:\\\/\\\/magnetarmagnets.com\\\/pl\\\/shop\\\/wedka-magnetyczna-do-lowienia-2-metry\\\/\",\"url\":\"https:\\\/\\\/magnetarmagnets.com\\\/pl\\\/shop\\\/wedka-magnetyczna-do-lowienia-2-metry\\\/\",\"name\":\"W\u0119dka magnetyczna do \u0142owienia - 2 metry - Magnet fishing with a Magnetar fishing magnet\",\"isPartOf\":{\"@id\":\"https:\\\/\\\/magnetarmagnets.com\\\/pl\\\/#website\"},\"primaryImageOfPage\":{\"@id\":\"https:\\\/\\\/magnetarmagnets.com\\\/pl\\\/shop\\\/wedka-magnetyczna-do-lowienia-2-metry\\\/#primaryimage\"},\"image\":{\"@id\":\"https:\\\/\\\/magnetarmagnets.com\\\/pl\\\/shop\\\/wedka-magnetyczna-do-lowienia-2-metry\\\/#primaryimage\"},\"thumbnailUrl\":\"https:\\\/\\\/magnetarmagnets.com\\\/wp-content\\\/uploads\\\/2020\\\/12\\\/P1001679.jpg\",\"datePublished\":\"2025-06-05T07:53:03+00:00\",\"dateModified\":\"2026-04-04T05:25:55+00:00\",\"description\":\"Za pomoc\u0105 magnetycznej w\u0119dki \u201eLange Jan\u201d mo\u017cesz podnosi\u0107 przedmioty tam, gdzie twoja lina nie da rady ich unie\u015b\u0107. W\u0119dka do \u0142owienia jest rozk\u0142adana.\",\"breadcrumb\":{\"@id\":\"https:\\\/\\\/magnetarmagnets.com\\\/pl\\\/shop\\\/wedka-magnetyczna-do-lowienia-2-metry\\\/#breadcrumb\"},\"inLanguage\":\"pl-PL\",\"potentialAction\":[{\"@type\":\"ReadAction\",\"target\":[\"https:\\\/\\\/magnetarmagnets.com\\\/pl\\\/shop\\\/wedka-magnetyczna-do-lowienia-2-metry\\\/\"]}]},{\"@type\":\"ImageObject\",\"inLanguage\":\"pl-PL\",\"@id\":\"https:\\\/\\\/magnetarmagnets.com\\\/pl\\\/shop\\\/wedka-magnetyczna-do-lowienia-2-metry\\\/#primaryimage\",\"url\":\"https:\\\/\\\/magnetarmagnets.com\\\/wp-content\\\/uploads\\\/2020\\\/12\\\/P1001679.jpg\",\"contentUrl\":\"https:\\\/\\\/magnetarmagnets.com\\\/wp-content\\\/uploads\\\/2020\\\/12\\\/P1001679.jpg\",\"width\":1000,\"height\":1000,\"caption\":\"Magnetic Fishing Spike, The magnetic spike Lange Jan, magnetic prick stick,\"},{\"@type\":\"BreadcrumbList\",\"@id\":\"https:\\\/\\\/magnetarmagnets.com\\\/pl\\\/shop\\\/wedka-magnetyczna-do-lowienia-2-metry\\\/#breadcrumb\",\"itemListElement\":[{\"@type\":\"ListItem\",\"position\":1,\"name\":\"Home\",\"item\":\"https:\\\/\\\/magnetarmagnets.com\\\/pl\\\/\"},{\"@type\":\"ListItem\",\"position\":2,\"name\":\"Sklep\",\"item\":\"https:\\\/\\\/magnetarmagnets.com\\\/sklep\\\/\"},{\"@type\":\"ListItem\",\"position\":3,\"name\":\"W\u0119dka magnetyczna do \u0142owienia &#8211; 2 metry\"}]},{\"@type\":\"WebSite\",\"@id\":\"https:\\\/\\\/magnetarmagnets.com\\\/pl\\\/#website\",\"url\":\"https:\\\/\\\/magnetarmagnets.com\\\/pl\\\/\",\"name\":\"Magnet fishing with a Magnetar fishing magnet\",\"description\":\"Mocne magnesy do po\u0142owu na magnes\",\"publisher\":{\"@id\":\"https:\\\/\\\/magnetarmagnets.com\\\/pl\\\/#organization\"},\"potentialAction\":[{\"@type\":\"SearchAction\",\"target\":{\"@type\":\"EntryPoint\",\"urlTemplate\":\"https:\\\/\\\/magnetarmagnets.com\\\/pl\\\/?s={search_term_string}\"},\"query-input\":{\"@type\":\"PropertyValueSpecification\",\"valueRequired\":true,\"valueName\":\"search_term_string\"}}],\"inLanguage\":\"pl-PL\"},{\"@type\":\"Organization\",\"@id\":\"https:\\\/\\\/magnetarmagnets.com\\\/pl\\\/#organization\",\"name\":\"Magnetar\",\"url\":\"https:\\\/\\\/magnetarmagnets.com\\\/pl\\\/\",\"logo\":{\"@type\":\"ImageObject\",\"inLanguage\":\"pl-PL\",\"@id\":\"https:\\\/\\\/magnetarmagnets.com\\\/pl\\\/#\\\/schema\\\/logo\\\/image\\\/\",\"url\":\"https:\\\/\\\/magnetarmagnets.com\\\/wp-content\\\/uploads\\\/2025\\\/05\\\/Logo-03_PNG-Black-scaled.png\",\"contentUrl\":\"https:\\\/\\\/magnetarmagnets.com\\\/wp-content\\\/uploads\\\/2025\\\/05\\\/Logo-03_PNG-Black-scaled.png\",\"width\":2560,\"height\":1658,\"caption\":\"Magnetar\"},\"image\":{\"@id\":\"https:\\\/\\\/magnetarmagnets.com\\\/pl\\\/#\\\/schema\\\/logo\\\/image\\\/\"},\"sameAs\":[\"https:\\\/\\\/www.facebook.com\\\/fishingmagnets\\\/\",\"https:\\\/\\\/www.instagram.com\\\/magnetar_magnets\\\/\",\"https:\\\/\\\/www.linkedin.com\\\/company\\\/magnetarbv\\\/?originalSubdomain=nl\",\"https:\\\/\\\/www.youtube.com\\\/c\\\/MagnetarVismagneet\"]}]}<\/script>\n<!-- \/ Yoast SEO plugin. -->","yoast_head_json":{"title":"W\u0119dka magnetyczna do \u0142owienia - 2 metry - Magnet fishing with a Magnetar fishing magnet","description":"Za pomoc\u0105 magnetycznej w\u0119dki \u201eLange Jan\u201d mo\u017cesz podnosi\u0107 przedmioty tam, gdzie twoja lina nie da rady ich unie\u015b\u0107. W\u0119dka do \u0142owienia jest rozk\u0142adana.","robots":{"index":"index","follow":"follow","max-snippet":"max-snippet:-1","max-image-preview":"max-image-preview:large","max-video-preview":"max-video-preview:-1"},"canonical":"https:\/\/magnetarmagnets.com\/pl\/shop\/wedka-magnetyczna-do-lowienia-2-metry\/","og_locale":"pl_PL","og_type":"article","og_title":"W\u0119dka magnetyczna do \u0142owienia - 2 metry - Magnet fishing with a Magnetar fishing magnet","og_description":"Za pomoc\u0105 magnetycznej w\u0119dki \u201eLange Jan\u201d mo\u017cesz podnosi\u0107 przedmioty tam, gdzie twoja lina nie da rady ich unie\u015b\u0107. W\u0119dka do \u0142owienia jest rozk\u0142adana.","og_url":"https:\/\/magnetarmagnets.com\/pl\/shop\/wedka-magnetyczna-do-lowienia-2-metry\/","og_site_name":"Magnet fishing with a Magnetar fishing magnet","article_publisher":"https:\/\/www.facebook.com\/fishingmagnets\/","article_modified_time":"2026-04-04T05:25:55+00:00","og_image":[{"width":1000,"height":1000,"url":"https:\/\/magnetarmagnets.com\/wp-content\/uploads\/2020\/12\/P1001679.jpg","type":"image\/jpeg"}],"twitter_card":"summary_large_image","twitter_misc":{"Szacowany czas czytania":"1 minuta"},"schema":{"@context":"https:\/\/schema.org","@graph":[{"@type":["WebPage","ItemPage"],"@id":"https:\/\/magnetarmagnets.com\/pl\/shop\/wedka-magnetyczna-do-lowienia-2-metry\/","url":"https:\/\/magnetarmagnets.com\/pl\/shop\/wedka-magnetyczna-do-lowienia-2-metry\/","name":"W\u0119dka magnetyczna do \u0142owienia - 2 metry - Magnet fishing with a Magnetar fishing magnet","isPartOf":{"@id":"https:\/\/magnetarmagnets.com\/pl\/#website"},"primaryImageOfPage":{"@id":"https:\/\/magnetarmagnets.com\/pl\/shop\/wedka-magnetyczna-do-lowienia-2-metry\/#primaryimage"},"image":{"@id":"https:\/\/magnetarmagnets.com\/pl\/shop\/wedka-magnetyczna-do-lowienia-2-metry\/#primaryimage"},"thumbnailUrl":"https:\/\/magnetarmagnets.com\/wp-content\/uploads\/2020\/12\/P1001679.jpg","datePublished":"2025-06-05T07:53:03+00:00","dateModified":"2026-04-04T05:25:55+00:00","description":"Za pomoc\u0105 magnetycznej w\u0119dki \u201eLange Jan\u201d mo\u017cesz podnosi\u0107 przedmioty tam, gdzie twoja lina nie da rady ich unie\u015b\u0107. W\u0119dka do \u0142owienia jest rozk\u0142adana.","breadcrumb":{"@id":"https:\/\/magnetarmagnets.com\/pl\/shop\/wedka-magnetyczna-do-lowienia-2-metry\/#breadcrumb"},"inLanguage":"pl-PL","potentialAction":[{"@type":"ReadAction","target":["https:\/\/magnetarmagnets.com\/pl\/shop\/wedka-magnetyczna-do-lowienia-2-metry\/"]}]},{"@type":"ImageObject","inLanguage":"pl-PL","@id":"https:\/\/magnetarmagnets.com\/pl\/shop\/wedka-magnetyczna-do-lowienia-2-metry\/#primaryimage","url":"https:\/\/magnetarmagnets.com\/wp-content\/uploads\/2020\/12\/P1001679.jpg","contentUrl":"https:\/\/magnetarmagnets.com\/wp-content\/uploads\/2020\/12\/P1001679.jpg","width":1000,"height":1000,"caption":"Magnetic Fishing Spike, The magnetic spike Lange Jan, magnetic prick stick,"},{"@type":"BreadcrumbList","@id":"https:\/\/magnetarmagnets.com\/pl\/shop\/wedka-magnetyczna-do-lowienia-2-metry\/#breadcrumb","itemListElement":[{"@type":"ListItem","position":1,"name":"Home","item":"https:\/\/magnetarmagnets.com\/pl\/"},{"@type":"ListItem","position":2,"name":"Sklep","item":"https:\/\/magnetarmagnets.com\/sklep\/"},{"@type":"ListItem","position":3,"name":"W\u0119dka magnetyczna do \u0142owienia &#8211; 2 metry"}]},{"@type":"WebSite","@id":"https:\/\/magnetarmagnets.com\/pl\/#website","url":"https:\/\/magnetarmagnets.com\/pl\/","name":"Magnet fishing with a Magnetar fishing magnet","description":"Mocne magnesy do po\u0142owu na magnes","publisher":{"@id":"https:\/\/magnetarmagnets.com\/pl\/#organization"},"potentialAction":[{"@type":"SearchAction","target":{"@type":"EntryPoint","urlTemplate":"https:\/\/magnetarmagnets.com\/pl\/?s={search_term_string}"},"query-input":{"@type":"PropertyValueSpecification","valueRequired":true,"valueName":"search_term_string"}}],"inLanguage":"pl-PL"},{"@type":"Organization","@id":"https:\/\/magnetarmagnets.com\/pl\/#organization","name":"Magnetar","url":"https:\/\/magnetarmagnets.com\/pl\/","logo":{"@type":"ImageObject","inLanguage":"pl-PL","@id":"https:\/\/magnetarmagnets.com\/pl\/#\/schema\/logo\/image\/","url":"https:\/\/magnetarmagnets.com\/wp-content\/uploads\/2025\/05\/Logo-03_PNG-Black-scaled.png","contentUrl":"https:\/\/magnetarmagnets.com\/wp-content\/uploads\/2025\/05\/Logo-03_PNG-Black-scaled.png","width":2560,"height":1658,"caption":"Magnetar"},"image":{"@id":"https:\/\/magnetarmagnets.com\/pl\/#\/schema\/logo\/image\/"},"sameAs":["https:\/\/www.facebook.com\/fishingmagnets\/","https:\/\/www.instagram.com\/magnetar_magnets\/","https:\/\/www.linkedin.com\/company\/magnetarbv\/?originalSubdomain=nl","https:\/\/www.youtube.com\/c\/MagnetarVismagneet"]}]}},"_links":{"self":[{"href":"https:\/\/magnetarmagnets.com\/pl\/wp-json\/wp\/v2\/product\/83751","targetHints":{"allow":["GET"]}}],"collection":[{"href":"https:\/\/magnetarmagnets.com\/pl\/wp-json\/wp\/v2\/product"}],"about":[{"href":"https:\/\/magnetarmagnets.com\/pl\/wp-json\/wp\/v2\/types\/product"}],"replies":[{"embeddable":true,"href":"https:\/\/magnetarmagnets.com\/pl\/wp-json\/wp\/v2\/comments?post=83751"}],"version-history":[{"count":0,"href":"https:\/\/magnetarmagnets.com\/pl\/wp-json\/wp\/v2\/product\/83751\/revisions"}],"wp:featuredmedia":[{"embeddable":true,"href":"https:\/\/magnetarmagnets.com\/pl\/wp-json\/wp\/v2\/media\/78680"}],"wp:attachment":[{"href":"https:\/\/magnetarmagnets.com\/pl\/wp-json\/wp\/v2\/media?parent=83751"}],"wp:term":[{"taxonomy":"product_brand","embeddable":true,"href":"https:\/\/magnetarmagnets.com\/pl\/wp-json\/wp\/v2\/product_brand?post=83751"},{"taxonomy":"product_cat","embeddable":true,"href":"https:\/\/magnetarmagnets.com\/pl\/wp-json\/wp\/v2\/product_cat?post=83751"},{"taxonomy":"product_tag","embeddable":true,"href":"https:\/\/magnetarmagnets.com\/pl\/wp-json\/wp\/v2\/product_tag?post=83751"}],"curies":[{"name":"wp","href":"https:\/\/api.w.org\/{rel}","templated":true}]}}