{"id":83743,"date":"2025-06-05T09:53:03","date_gmt":"2025-06-05T07:53:03","guid":{"rendered":"https:\/\/magnetarmagnets.com\/?post_type=product&#038;p=83743"},"modified":"2026-04-12T01:42:52","modified_gmt":"2026-04-11T23:42:52","slug":"zestaw-cube-1350-kg-magnes-blokowy-360","status":"publish","type":"product","link":"https:\/\/magnetarmagnets.com\/pl\/shop\/zestaw-cube-1350-kg-magnes-blokowy-360\/","title":{"rendered":"Zestaw CUBE \u2122 &#8211; 1350 kg &#8211; magnes blokowy 360\u00b0"},"content":{"rendered":"CUBE \u2122 jest jednym z <strong>najtwardszych<\/strong> magnes\u00f3w do \u0142owienia magnesem na \u015bwiecie. Z sze\u015bcioma pot\u0119\u017cnymi magnetycznymi powierzchniami kontaktowymi masz <strong>najwi\u0119ksze szanse na z\u0142owienie<\/strong>. Nasz magnes blokowy jest doskona\u0142\u0105 opcj\u0105 dla profesjonalnych \u0142owc\u00f3w magnesem. Chcesz jeszcze wi\u0119cej mocy? Zobacz <a href=\"https:\/\/magnetarmagnets.com\/shop\/megacube\/\">MEGACUBE \u2122<\/a>.\n\n<h2>Dlaczego wybra\u0107 CUBE \u2122?<\/h2>\n\nIstnieje wiele mocnych magnes\u00f3w do \u0142owienia magnesem. Dlaczego wi\u0119c wybra\u0107 CUBE \u2122 zamiast magnesu <a href=\"https:\/\/magnetarmagnets.com\/collections\/fishing-magnets\/single-sided-classic\/\">jednostronnego<\/a>, <a href=\"https:\/\/magnetarmagnets.com\/double-sided-fishing-magnet\/\">dwustronnego<\/a> lub <a href=\"https:\/\/magnetarmagnets.com\/collections\/fishing-magnets\/allround-magnets-360\/\">uniwersalnego 360\u00b0<\/a>?\n\n<ul>\n\n  \t<li><strong>Wi\u0119ksze szanse na z\u0142owienie<\/strong>: CUBE \u2122 dzia\u0142a magnetycznie na wszystkich sze\u015bciu powierzchniach. To wi\u0119cej ni\u017c magnes 360\u00b0 i skutkuje znacznie wi\u0119kszym polem magnetycznym;<\/li>\n\n  \t<li><strong>Design<\/strong>: sze\u015b\u0107 p\u0142askich powierzchni zapewnia wi\u0119ksz\u0105 przyczepno\u015b\u0107 ni\u017c magnesy okr\u0105g\u0142e. To zwi\u0119ksza prawdopodobie\u0144stwo wyci\u0105gni\u0119cia przedmiot\u00f3w takich jak sejfy z wody;<\/li>\n\n  \t<li><strong>Nie do zniszczenia<\/strong>: w przeciwie\u0144stwie do innych neodymowych magnes\u00f3w do \u0142owienia magnesem, ten magnes blokowy jest w 100% chroniony i zachowuje 100% swojej si\u0142y przyci\u0105gania;<\/li>\n\n  \t<li><strong>Wi\u0119kszy zasi\u0119g przyci\u0105gania<\/strong>: zasi\u0119g przyci\u0105gania wynosi imponuj\u0105ce 17 cm, co jest znacznie wi\u0119cej ni\u017c w przypadku innych magnes\u00f3w do \u0142owienia;<\/li>\n\n  \t<li><strong>Gotowy do u\u017cycia<\/strong>: w pe\u0142ni zmontowany, sklejony i zabezpieczony. CUBE \u2122 jest gotowy do natychmiastowego u\u017cycia;<\/li>\n\n  \t<li><strong>Kompletny<\/strong>: CUBE \u2122 dostarczany jest z solidnym futera\u0142em, <a href=\"https:\/\/magnetarmagnets.com\/shop\/magnet-fishing-rope\/\">lin\u0105 8mm<\/a> i <a href=\"https:\/\/magnetarmagnets.com\/shop\/magnet-fishing-glove\/\">r\u0119kawicami<\/a>.<\/li>\n\n<\/ul>\n\n<h2>Prze\u0142om w \u015bwiecie \u0142owienia magnesem<\/h2>\n\nCUBE \u2122 nie ma sobie r\u00f3wnych. Wi\u0119kszo\u015b\u0107 magnes\u00f3w do \u0142owienia magnesem nawet nie zbli\u017ca si\u0119. Jego cechy szczeg\u00f3lne to moc przyci\u0105gania 360\u00b0, sze\u015b\u0107 magnetycznych powierzchni kontaktowych, trwa\u0142o\u015b\u0107 oraz gigantyczny zasi\u0119g przyci\u0105gania tego klocka. Ten pot\u0119\u017cny magnes o wymiarach 74x74x37 mm to magnes o znacznej wielko\u015bci. Zasi\u0119g przyci\u0105gania 17 cm i ca\u0142kowita si\u0142a przyci\u0105gania 1350 kg zapewniaj\u0105, \u017ce mo\u017cesz wydoby\u0107 ka\u017cdy skarb z dna jeziora.\n\n<h2>Uwaga!<\/h2>\n\nNasze neodymowe magnesy s\u0105 niezwykle pot\u0119\u017cne. W efekcie przedmioty \u017celazne na bliskiej odleg\u0142o\u015bci mog\u0105 zosta\u0107 przyci\u0105gni\u0119te do magnes\u00f3w \u0142owieckich z du\u017c\u0105 pr\u0119dko\u015bci\u0105. W niekt\u00f3rych przypadkach palec mo\u017ce zosta\u0107 uwi\u0119ziony mi\u0119dzy magnesem a przedmiotem. Dlatego zawsze obs\u0142uguj magnesy ostro\u017cnie i u\u017cywaj ich na w\u0142asne ryzyko. Przeczytaj nasze ostrze\u017cenia dotycz\u0105ce bezpiecze\u0144stwa przed u\u017cyciem.\n\n\n\n*Produkt nie jest odpowiedni dla dzieci.\n\n\n\n&nbsp;\n\n<p class=\"x_elementToProof\" data-ogsb=\"rgb(255, 255, 255)\"><em>Chroniony zarejestrowanym wzorem Wsp\u00f3lnoty (015054920-0001 \/ -0004)<\/em><\/p>","protected":false},"excerpt":{"rendered":"<p>Odkryj rewolucyjny CUBE \u2122. Ten <strong>magnes blokowy<\/strong> jest jednym z <strong>najtwardszych magnes\u00f3w do \u0142owienia magnesem<\/strong> na \u015bwiecie i wyst\u0119puje w <strong>kompletnym zestawie<\/strong> z profesjonaln\u0105 walizk\u0105, lin\u0105 i r\u0119kawicami.<\/p>\n","protected":false},"featured_media":80608,"comment_status":"open","ping_status":"closed","template":"","meta":{"_acf_changed":false,"inline_featured_image":false},"product_brand":[],"product_cat":[582,581,583,595,594,587],"product_tag":[],"class_list":{"0":"post-83743","1":"product","2":"type-product","3":"status-publish","4":"has-post-thumbnail","6":"product_cat-blokowe-magnesy-do-lowienia-360","7":"product_cat-magnesy-do-lowienia","8":"product_cat-najmocniejsze-magnesy-do-lowienia","9":"product_cat-profesjonalisci","10":"product_cat-zaawansowani-poszukiwacze-przygod","11":"product_cat-zestaw-do-lowienia-magnesem","13":"first","14":"instock","15":"taxable","16":"shipping-taxable","17":"purchasable","18":"product-type-simple"},"acf":[],"yoast_head":"<!-- This site is optimized with the Yoast SEO plugin v27.4 - https:\/\/yoast.com\/product\/yoast-seo-wordpress\/ -->\n<title>Zestaw CUBE \u2122 - 1350 kg - magnes blokowy 360\u00b0 - Magnet fishing with a Magnetar fishing magnet<\/title>\n<meta name=\"description\" content=\"CUBE \u2122 jest jednym z najsilniejszych magnes\u00f3w do \u0142owienia magnesem na \u015bwiecie. Ten magnes blokowy jest dostarczany w gotowym zestawie. Najlepszy wyb\u00f3r do \u0142owienia magnesem.\" \/>\n<meta name=\"robots\" content=\"index, follow, max-snippet:-1, max-image-preview:large, max-video-preview:-1\" \/>\n<link rel=\"canonical\" href=\"https:\/\/magnetarmagnets.com\/pl\/shop\/zestaw-cube-1350-kg-magnes-blokowy-360\/\" \/>\n<meta property=\"og:locale\" content=\"pl_PL\" \/>\n<meta property=\"og:type\" content=\"article\" \/>\n<meta property=\"og:title\" content=\"Zestaw CUBE \u2122 - 1350 kg - magnes blokowy 360\u00b0 - Magnet fishing with a Magnetar fishing magnet\" \/>\n<meta property=\"og:description\" content=\"CUBE \u2122 jest jednym z najsilniejszych magnes\u00f3w do \u0142owienia magnesem na \u015bwiecie. Ten magnes blokowy jest dostarczany w gotowym zestawie. Najlepszy wyb\u00f3r do \u0142owienia magnesem.\" \/>\n<meta property=\"og:url\" content=\"https:\/\/magnetarmagnets.com\/pl\/shop\/zestaw-cube-1350-kg-magnes-blokowy-360\/\" \/>\n<meta property=\"og:site_name\" content=\"Magnet fishing with a Magnetar fishing magnet\" \/>\n<meta property=\"article:publisher\" content=\"https:\/\/www.facebook.com\/fishingmagnets\/\" \/>\n<meta property=\"article:modified_time\" content=\"2026-04-11T23:42:52+00:00\" \/>\n<meta property=\"og:image\" content=\"https:\/\/magnetarmagnets.com\/wp-content\/uploads\/2024\/04\/4.png\" \/>\n\t<meta property=\"og:image:width\" content=\"1500\" \/>\n\t<meta property=\"og:image:height\" content=\"1500\" \/>\n\t<meta property=\"og:image:type\" content=\"image\/png\" \/>\n<meta name=\"twitter:card\" content=\"summary_large_image\" \/>\n<meta name=\"twitter:label1\" content=\"Szacowany czas czytania\" \/>\n\t<meta name=\"twitter:data1\" content=\"2 minuty\" \/>\n<script type=\"application\/ld+json\" class=\"yoast-schema-graph\">{\"@context\":\"https:\\\/\\\/schema.org\",\"@graph\":[{\"@type\":[\"WebPage\",\"ItemPage\"],\"@id\":\"https:\\\/\\\/magnetarmagnets.com\\\/pl\\\/shop\\\/zestaw-cube-1350-kg-magnes-blokowy-360\\\/\",\"url\":\"https:\\\/\\\/magnetarmagnets.com\\\/pl\\\/shop\\\/zestaw-cube-1350-kg-magnes-blokowy-360\\\/\",\"name\":\"Zestaw CUBE \u2122 - 1350 kg - magnes blokowy 360\u00b0 - Magnet fishing with a Magnetar fishing magnet\",\"isPartOf\":{\"@id\":\"https:\\\/\\\/magnetarmagnets.com\\\/pl\\\/#website\"},\"primaryImageOfPage\":{\"@id\":\"https:\\\/\\\/magnetarmagnets.com\\\/pl\\\/shop\\\/zestaw-cube-1350-kg-magnes-blokowy-360\\\/#primaryimage\"},\"image\":{\"@id\":\"https:\\\/\\\/magnetarmagnets.com\\\/pl\\\/shop\\\/zestaw-cube-1350-kg-magnes-blokowy-360\\\/#primaryimage\"},\"thumbnailUrl\":\"https:\\\/\\\/magnetarmagnets.com\\\/wp-content\\\/uploads\\\/2024\\\/04\\\/4.png\",\"datePublished\":\"2025-06-05T07:53:03+00:00\",\"dateModified\":\"2026-04-11T23:42:52+00:00\",\"description\":\"CUBE \u2122 jest jednym z najsilniejszych magnes\u00f3w do \u0142owienia magnesem na \u015bwiecie. Ten magnes blokowy jest dostarczany w gotowym zestawie. Najlepszy wyb\u00f3r do \u0142owienia magnesem.\",\"breadcrumb\":{\"@id\":\"https:\\\/\\\/magnetarmagnets.com\\\/pl\\\/shop\\\/zestaw-cube-1350-kg-magnes-blokowy-360\\\/#breadcrumb\"},\"inLanguage\":\"pl-PL\",\"potentialAction\":[{\"@type\":\"ReadAction\",\"target\":[\"https:\\\/\\\/magnetarmagnets.com\\\/pl\\\/shop\\\/zestaw-cube-1350-kg-magnes-blokowy-360\\\/\"]}]},{\"@type\":\"ImageObject\",\"inLanguage\":\"pl-PL\",\"@id\":\"https:\\\/\\\/magnetarmagnets.com\\\/pl\\\/shop\\\/zestaw-cube-1350-kg-magnes-blokowy-360\\\/#primaryimage\",\"url\":\"https:\\\/\\\/magnetarmagnets.com\\\/wp-content\\\/uploads\\\/2024\\\/04\\\/4.png\",\"contentUrl\":\"https:\\\/\\\/magnetarmagnets.com\\\/wp-content\\\/uploads\\\/2024\\\/04\\\/4.png\",\"width\":1500,\"height\":1500,\"caption\":\"CUBE KIT\"},{\"@type\":\"BreadcrumbList\",\"@id\":\"https:\\\/\\\/magnetarmagnets.com\\\/pl\\\/shop\\\/zestaw-cube-1350-kg-magnes-blokowy-360\\\/#breadcrumb\",\"itemListElement\":[{\"@type\":\"ListItem\",\"position\":1,\"name\":\"Home\",\"item\":\"https:\\\/\\\/magnetarmagnets.com\\\/pl\\\/\"},{\"@type\":\"ListItem\",\"position\":2,\"name\":\"Sklep\",\"item\":\"https:\\\/\\\/magnetarmagnets.com\\\/sklep\\\/\"},{\"@type\":\"ListItem\",\"position\":3,\"name\":\"Magnesy do \u0142owienia\",\"item\":\"https:\\\/\\\/magnetarmagnets.com\\\/pl\\\/collections\\\/magnesy-do-lowienia\\\/\"},{\"@type\":\"ListItem\",\"position\":4,\"name\":\"Blokowe magnesy do \u0142owienia 360\",\"item\":\"https:\\\/\\\/magnetarmagnets.com\\\/pl\\\/collections\\\/magnesy-do-lowienia\\\/blokowe-magnesy-do-lowienia-360\\\/\"},{\"@type\":\"ListItem\",\"position\":5,\"name\":\"Zestaw CUBE \u2122 &#8211; 1350 kg &#8211; magnes blokowy 360\u00b0\"}]},{\"@type\":\"WebSite\",\"@id\":\"https:\\\/\\\/magnetarmagnets.com\\\/pl\\\/#website\",\"url\":\"https:\\\/\\\/magnetarmagnets.com\\\/pl\\\/\",\"name\":\"Magnet fishing with a Magnetar fishing magnet\",\"description\":\"Mocne magnesy do po\u0142owu na magnes\",\"publisher\":{\"@id\":\"https:\\\/\\\/magnetarmagnets.com\\\/pl\\\/#organization\"},\"potentialAction\":[{\"@type\":\"SearchAction\",\"target\":{\"@type\":\"EntryPoint\",\"urlTemplate\":\"https:\\\/\\\/magnetarmagnets.com\\\/pl\\\/?s={search_term_string}\"},\"query-input\":{\"@type\":\"PropertyValueSpecification\",\"valueRequired\":true,\"valueName\":\"search_term_string\"}}],\"inLanguage\":\"pl-PL\"},{\"@type\":\"Organization\",\"@id\":\"https:\\\/\\\/magnetarmagnets.com\\\/pl\\\/#organization\",\"name\":\"Magnetar\",\"url\":\"https:\\\/\\\/magnetarmagnets.com\\\/pl\\\/\",\"logo\":{\"@type\":\"ImageObject\",\"inLanguage\":\"pl-PL\",\"@id\":\"https:\\\/\\\/magnetarmagnets.com\\\/pl\\\/#\\\/schema\\\/logo\\\/image\\\/\",\"url\":\"https:\\\/\\\/magnetarmagnets.com\\\/wp-content\\\/uploads\\\/2025\\\/05\\\/Logo-03_PNG-Black-scaled.png\",\"contentUrl\":\"https:\\\/\\\/magnetarmagnets.com\\\/wp-content\\\/uploads\\\/2025\\\/05\\\/Logo-03_PNG-Black-scaled.png\",\"width\":2560,\"height\":1658,\"caption\":\"Magnetar\"},\"image\":{\"@id\":\"https:\\\/\\\/magnetarmagnets.com\\\/pl\\\/#\\\/schema\\\/logo\\\/image\\\/\"},\"sameAs\":[\"https:\\\/\\\/www.facebook.com\\\/fishingmagnets\\\/\",\"https:\\\/\\\/www.instagram.com\\\/magnetar_magnets\\\/\",\"https:\\\/\\\/www.linkedin.com\\\/company\\\/magnetarbv\\\/?originalSubdomain=nl\",\"https:\\\/\\\/www.youtube.com\\\/c\\\/MagnetarVismagneet\"]}]}<\/script>\n<!-- \/ Yoast SEO plugin. -->","yoast_head_json":{"title":"Zestaw CUBE \u2122 - 1350 kg - magnes blokowy 360\u00b0 - Magnet fishing with a Magnetar fishing magnet","description":"CUBE \u2122 jest jednym z najsilniejszych magnes\u00f3w do \u0142owienia magnesem na \u015bwiecie. Ten magnes blokowy jest dostarczany w gotowym zestawie. Najlepszy wyb\u00f3r do \u0142owienia magnesem.","robots":{"index":"index","follow":"follow","max-snippet":"max-snippet:-1","max-image-preview":"max-image-preview:large","max-video-preview":"max-video-preview:-1"},"canonical":"https:\/\/magnetarmagnets.com\/pl\/shop\/zestaw-cube-1350-kg-magnes-blokowy-360\/","og_locale":"pl_PL","og_type":"article","og_title":"Zestaw CUBE \u2122 - 1350 kg - magnes blokowy 360\u00b0 - Magnet fishing with a Magnetar fishing magnet","og_description":"CUBE \u2122 jest jednym z najsilniejszych magnes\u00f3w do \u0142owienia magnesem na \u015bwiecie. Ten magnes blokowy jest dostarczany w gotowym zestawie. Najlepszy wyb\u00f3r do \u0142owienia magnesem.","og_url":"https:\/\/magnetarmagnets.com\/pl\/shop\/zestaw-cube-1350-kg-magnes-blokowy-360\/","og_site_name":"Magnet fishing with a Magnetar fishing magnet","article_publisher":"https:\/\/www.facebook.com\/fishingmagnets\/","article_modified_time":"2026-04-11T23:42:52+00:00","og_image":[{"width":1500,"height":1500,"url":"https:\/\/magnetarmagnets.com\/wp-content\/uploads\/2024\/04\/4.png","type":"image\/png"}],"twitter_card":"summary_large_image","twitter_misc":{"Szacowany czas czytania":"2 minuty"},"schema":{"@context":"https:\/\/schema.org","@graph":[{"@type":["WebPage","ItemPage"],"@id":"https:\/\/magnetarmagnets.com\/pl\/shop\/zestaw-cube-1350-kg-magnes-blokowy-360\/","url":"https:\/\/magnetarmagnets.com\/pl\/shop\/zestaw-cube-1350-kg-magnes-blokowy-360\/","name":"Zestaw CUBE \u2122 - 1350 kg - magnes blokowy 360\u00b0 - Magnet fishing with a Magnetar fishing magnet","isPartOf":{"@id":"https:\/\/magnetarmagnets.com\/pl\/#website"},"primaryImageOfPage":{"@id":"https:\/\/magnetarmagnets.com\/pl\/shop\/zestaw-cube-1350-kg-magnes-blokowy-360\/#primaryimage"},"image":{"@id":"https:\/\/magnetarmagnets.com\/pl\/shop\/zestaw-cube-1350-kg-magnes-blokowy-360\/#primaryimage"},"thumbnailUrl":"https:\/\/magnetarmagnets.com\/wp-content\/uploads\/2024\/04\/4.png","datePublished":"2025-06-05T07:53:03+00:00","dateModified":"2026-04-11T23:42:52+00:00","description":"CUBE \u2122 jest jednym z najsilniejszych magnes\u00f3w do \u0142owienia magnesem na \u015bwiecie. Ten magnes blokowy jest dostarczany w gotowym zestawie. Najlepszy wyb\u00f3r do \u0142owienia magnesem.","breadcrumb":{"@id":"https:\/\/magnetarmagnets.com\/pl\/shop\/zestaw-cube-1350-kg-magnes-blokowy-360\/#breadcrumb"},"inLanguage":"pl-PL","potentialAction":[{"@type":"ReadAction","target":["https:\/\/magnetarmagnets.com\/pl\/shop\/zestaw-cube-1350-kg-magnes-blokowy-360\/"]}]},{"@type":"ImageObject","inLanguage":"pl-PL","@id":"https:\/\/magnetarmagnets.com\/pl\/shop\/zestaw-cube-1350-kg-magnes-blokowy-360\/#primaryimage","url":"https:\/\/magnetarmagnets.com\/wp-content\/uploads\/2024\/04\/4.png","contentUrl":"https:\/\/magnetarmagnets.com\/wp-content\/uploads\/2024\/04\/4.png","width":1500,"height":1500,"caption":"CUBE KIT"},{"@type":"BreadcrumbList","@id":"https:\/\/magnetarmagnets.com\/pl\/shop\/zestaw-cube-1350-kg-magnes-blokowy-360\/#breadcrumb","itemListElement":[{"@type":"ListItem","position":1,"name":"Home","item":"https:\/\/magnetarmagnets.com\/pl\/"},{"@type":"ListItem","position":2,"name":"Sklep","item":"https:\/\/magnetarmagnets.com\/sklep\/"},{"@type":"ListItem","position":3,"name":"Magnesy do \u0142owienia","item":"https:\/\/magnetarmagnets.com\/pl\/collections\/magnesy-do-lowienia\/"},{"@type":"ListItem","position":4,"name":"Blokowe magnesy do \u0142owienia 360","item":"https:\/\/magnetarmagnets.com\/pl\/collections\/magnesy-do-lowienia\/blokowe-magnesy-do-lowienia-360\/"},{"@type":"ListItem","position":5,"name":"Zestaw CUBE \u2122 &#8211; 1350 kg &#8211; magnes blokowy 360\u00b0"}]},{"@type":"WebSite","@id":"https:\/\/magnetarmagnets.com\/pl\/#website","url":"https:\/\/magnetarmagnets.com\/pl\/","name":"Magnet fishing with a Magnetar fishing magnet","description":"Mocne magnesy do po\u0142owu na magnes","publisher":{"@id":"https:\/\/magnetarmagnets.com\/pl\/#organization"},"potentialAction":[{"@type":"SearchAction","target":{"@type":"EntryPoint","urlTemplate":"https:\/\/magnetarmagnets.com\/pl\/?s={search_term_string}"},"query-input":{"@type":"PropertyValueSpecification","valueRequired":true,"valueName":"search_term_string"}}],"inLanguage":"pl-PL"},{"@type":"Organization","@id":"https:\/\/magnetarmagnets.com\/pl\/#organization","name":"Magnetar","url":"https:\/\/magnetarmagnets.com\/pl\/","logo":{"@type":"ImageObject","inLanguage":"pl-PL","@id":"https:\/\/magnetarmagnets.com\/pl\/#\/schema\/logo\/image\/","url":"https:\/\/magnetarmagnets.com\/wp-content\/uploads\/2025\/05\/Logo-03_PNG-Black-scaled.png","contentUrl":"https:\/\/magnetarmagnets.com\/wp-content\/uploads\/2025\/05\/Logo-03_PNG-Black-scaled.png","width":2560,"height":1658,"caption":"Magnetar"},"image":{"@id":"https:\/\/magnetarmagnets.com\/pl\/#\/schema\/logo\/image\/"},"sameAs":["https:\/\/www.facebook.com\/fishingmagnets\/","https:\/\/www.instagram.com\/magnetar_magnets\/","https:\/\/www.linkedin.com\/company\/magnetarbv\/?originalSubdomain=nl","https:\/\/www.youtube.com\/c\/MagnetarVismagneet"]}]}},"_links":{"self":[{"href":"https:\/\/magnetarmagnets.com\/pl\/wp-json\/wp\/v2\/product\/83743","targetHints":{"allow":["GET"]}}],"collection":[{"href":"https:\/\/magnetarmagnets.com\/pl\/wp-json\/wp\/v2\/product"}],"about":[{"href":"https:\/\/magnetarmagnets.com\/pl\/wp-json\/wp\/v2\/types\/product"}],"replies":[{"embeddable":true,"href":"https:\/\/magnetarmagnets.com\/pl\/wp-json\/wp\/v2\/comments?post=83743"}],"version-history":[{"count":0,"href":"https:\/\/magnetarmagnets.com\/pl\/wp-json\/wp\/v2\/product\/83743\/revisions"}],"wp:featuredmedia":[{"embeddable":true,"href":"https:\/\/magnetarmagnets.com\/pl\/wp-json\/wp\/v2\/media\/80608"}],"wp:attachment":[{"href":"https:\/\/magnetarmagnets.com\/pl\/wp-json\/wp\/v2\/media?parent=83743"}],"wp:term":[{"taxonomy":"product_brand","embeddable":true,"href":"https:\/\/magnetarmagnets.com\/pl\/wp-json\/wp\/v2\/product_brand?post=83743"},{"taxonomy":"product_cat","embeddable":true,"href":"https:\/\/magnetarmagnets.com\/pl\/wp-json\/wp\/v2\/product_cat?post=83743"},{"taxonomy":"product_tag","embeddable":true,"href":"https:\/\/magnetarmagnets.com\/pl\/wp-json\/wp\/v2\/product_tag?post=83743"}],"curies":[{"name":"wp","href":"https:\/\/api.w.org\/{rel}","templated":true}]}}