{"id":83734,"date":"2025-06-05T09:53:05","date_gmt":"2025-06-05T07:53:05","guid":{"rendered":"https:\/\/magnetarmagnets.com\/?post_type=product&#038;p=83734"},"modified":"2026-04-13T10:50:49","modified_gmt":"2026-04-13T08:50:49","slug":"hak-chwytak-xxl","status":"publish","type":"product","link":"https:\/\/magnetarmagnets.com\/pl\/shop\/hak-chwytak-xxl\/","title":{"rendered":"Hak chwytak XXL"},"content":{"rendered":"<h2><strong>Czy naprawd\u0119 potrzebuj\u0119 haka chwytaka XXL do magnetycznego \u0142owienia?<\/strong><\/h2>\n\nMagnetyczne \u0142owienie jest mo\u017cliwe r\u00f3wnie\u017c wy\u0142\u0105cznie za pomoc\u0105 magnesu i wytrzyma\u0142ej liny. U\u017cycie haka chwytaka XXL nie jest obowi\u0105zkowe, jednak zalecamy ten akcesorium dla pasjonat\u00f3w magnetycznego \u0142owienia. Aby wy\u0142owi\u0107 najciekawsze znaleziska, potrzebne jest cz\u0119sto co\u015b wi\u0119cej ni\u017c sam magnes. Kamienie i inne niemagnetyczne przedmioty mog\u0105 sprawi\u0107, \u017ce upragnione znaleziska pozostan\u0105 uwi\u0119zione. W takich sytuacjach hak chwytak rozwi\u0105\u017ce problem.\n\n<h2><strong>Du\u017cy hak chwytak<\/strong><\/h2>\n\nMagnetar stawia na najwy\u017csz\u0105 jako\u015b\u0107. Nie tylko nasze magnesy do lowienia w wodzie maj\u0105 najwy\u017csz\u0105 jako\u015b\u0107, ale tak samo wszystkie akcesoria, w tym haki chwytaki. Hak chwytak XXL jest ekstra du\u017cy i ci\u0119\u017cki, co gwarantuje optymaln\u0105 skuteczno\u015b\u0107. Produkt ma 24 cm wysoko\u015bci i nieco mniej ni\u017c 20 cm szeroko\u015bci. Ci\u0119\u017car haka przekraczaj\u0105cy 600 g sprawia, \u017ce \u0142atwo zatonie pod wod\u0105. Dzi\u0119ki temu zapewni najlepszy chwyt na ukrytych pod wod\u0105 przedmiotach.\n\n\n\nHak chwytak XXL wykonany jest w ca\u0142o\u015bci ze stali nierdzewnej. Ma to oczywisty pozytywny wp\u0142yw na trwa\u0142o\u015b\u0107. Ponadto stal nierdzewna gwarantuje, \u017ce hak sam w sobie nie jest magnetyczny i dzia\u0142a idealnie w tandemie z magnesem do lowienia w wodzie. Wzmocnione ko\u0144c\u00f3wki zwi\u0119kszaj\u0105 szanse zaczepienia o przedmiot, kt\u00f3ry pr\u00f3bujesz wy\u0142owi\u0107.\n\n<h2><strong>Jak korzysta\u0107 z haka chwytaka XXL?<\/strong><\/h2>\n\nHak chwytak XXL u\u017cywany jest razem z lin\u0105. Ka\u017cda lina b\u0119dzie odpowiednia, ale rekomendujemy specjalnie zaprojektowan\u0105 lin\u0119 do magnesu Magnetar. Ta konkretna lina ma p\u0119tl\u0119 u\u0142atwiaj\u0105c\u0105 wi\u0105zanie. Hak posiada u g\u00f3ry oczko, do kt\u00f3rego mo\u017cna przymocowa\u0107 lin\u0119.\n\n\n\nPodczas u\u017cywania haka z magnesem do lowienia w wodzie, rzucaj dodatek w tym samym kierunku co magnes. Zaczepi\u0142e\u015b o przedmiot? Teraz ci\u0105gnij jednocze\u015bnie liny od magnesu i haka chwytaka. Ci\u0105gnij ostro\u017cnie, aby nie straci\u0107 zaczepu.\n\n\n\nMo\u017cliwe jest te\u017c u\u017cycie haka do wyci\u0105gni\u0119cia przedmiot\u00f3w niemagnetycznych. W tym celu poczekaj, a\u017c hak ca\u0142kowicie opadnie na dno. Nast\u0119pnie powoli podci\u0105gaj lin\u0119. Oczywi\u015bcie u\u017cywaj r\u0119kawic, aby chroni\u0107 d\u0142onie przed otarciami spowodowanymi przez lin\u0119.\n\n<h2><strong>Jakie materia\u0142y nie s\u0105 magnetyczne?<\/strong><\/h2>\n\n<a href=\"https:\/\/magnetarmagnets.com\/collections\/fishing-magnets\">Magnesy do lowienia w wodzie<\/a> s\u0142u\u017c\u0105 do wyci\u0105gania magnetycznych przedmiot\u00f3w z wody. My\u015bl o metalowych rzeczach, takich jak garnki, patelnie, klucze i wiele innych narz\u0119dzi. Przedmioty z niklu r\u00f3wnie\u017c s\u0105 magnetyczne. Wiele historycznych monet wykonanych jest z tego materia\u0142u. Tw\u00f3j magnes mo\u017ce te\u017c wyci\u0105ga\u0107 przedmioty z kobaltu i stali.\n\n\n\nTen ekstra du\u017cy hak chwytak mo\u017cesz wykorzysta\u0107 do przedmiot\u00f3w niemagnetycznych. Na przyk\u0142ad przedmiot\u00f3w z aluminium, takie jak puszki i inne akcesoria u\u017cytkowe. Dodatkowo przedmioty z miedzi, o\u0142owiu i z\u0142ota nie s\u0105 magnetyczne i mo\u017cna je wygodnie wy\u0142owi\u0107 przy pomocy haka.\n\n<h2><strong>Kompletny zestaw do magnetycznego \u0142owienia<\/strong><\/h2>\n\nSzukasz ca\u0142ego zestawu do magnetycznego \u0142owienia, zawieraj\u0105cego hak chwytak? Magnetar oferuje kompletne zestawy z magnesem do lowienia w wodzie, os\u0142on\u0105 ochronn\u0105, hakiem chwytakiem, r\u0119kawicami, lin\u0105 do magnetycznego \u0142owienia oraz klejem do metalu. Dos\u0142ownie wszystko, czego potrzebujesz nad wod\u0105, by wyci\u0105gn\u0105\u0107 najciekawsze przedmioty. Zaciekawiony? Sprawd\u017a nasz <a href=\"https:\/\/magnetarmagnets.com\/shop\/fishmagnet-package-pro\">Pro Package<\/a> lub <a href=\"https:\/\/magnetarmagnets.com\/shop\/savage-package-3500-lb-1600-kg-allround-360\">Savage Package<\/a>.\n\n<h2><strong>Uwaga!<\/strong><\/h2>\n\nNale\u017cy ostro\u017cnie u\u017cywa\u0107 haka chwytaka XXL podczas magnetycznego \u0142owienia. Zaleca si\u0119 czy\u015bci\u0107 produkt po ka\u017cdym u\u017cyciu, co zwi\u0119ksza jego trwa\u0142o\u015b\u0107. Dodatkowo uwa\u017caj na ostre ko\u0144c\u00f3wki haka. Przechowuj produkt prawid\u0142owo, aby unikn\u0105\u0107 skalecze\u0144.","protected":false},"excerpt":{"rendered":"<p>Czy zdarza Ci si\u0119 natkn\u0105\u0107 na przedmioty, kt\u00f3re trudno podci\u0105gn\u0105\u0107 tylko za pomoc\u0105 magnesu do lowienia w wodzie? <strong>Hak chwytak XXL<\/strong> to <strong>niezb\u0119dny<\/strong> dodatek do magnetycznego \u0142owienia. To narz\u0119dzie pozwala na <strong>wy\u0142owienie niemagnetycznych przedmiot\u00f3w<\/strong> ukrytych pod wod\u0105. Hak jest wykonany w ca\u0142o\u015bci ze <strong>stali nierdzewnej<\/strong>, co gwarantuje <strong>\u0142atw\u0105 obs\u0142ug\u0119<\/strong> w po\u0142\u0105czeniu z magnesem Magnetar do lowienia w wodzie.<\/p>\n","protected":false},"featured_media":75924,"comment_status":"open","ping_status":"closed","template":"","meta":{"_acf_changed":false,"inline_featured_image":false},"product_brand":[],"product_cat":[1011,588,589],"product_tag":[],"class_list":{"0":"post-83734","1":"product","2":"type-product","3":"status-publish","4":"has-post-thumbnail","6":"product_cat-bez-kategorii","7":"product_cat-sprzet","8":"product_cat-sprzet-do-lowienia-magnesem","10":"first","11":"instock","12":"sale","13":"taxable","14":"shipping-taxable","15":"purchasable","16":"product-type-simple"},"acf":[],"yoast_head":"<!-- This site is optimized with the Yoast SEO plugin v27.4 - https:\/\/yoast.com\/product\/yoast-seo-wordpress\/ -->\n<title>Hak chwytak XXL - Magnet fishing with a Magnetar fishing magnet<\/title>\n<meta name=\"description\" content=\"Hak chwytak XXL - Magnetyczne wielkie w\u0119dkowanie z Magnetar\" \/>\n<meta name=\"robots\" content=\"index, follow, max-snippet:-1, max-image-preview:large, max-video-preview:-1\" \/>\n<link rel=\"canonical\" href=\"https:\/\/magnetarmagnets.com\/pl\/shop\/hak-chwytak-xxl\/\" \/>\n<meta property=\"og:locale\" content=\"pl_PL\" \/>\n<meta property=\"og:type\" content=\"article\" \/>\n<meta property=\"og:title\" content=\"Hak chwytak XXL - Magnet fishing with a Magnetar fishing magnet\" \/>\n<meta property=\"og:description\" content=\"Hak chwytak XXL - Magnetyczne wielkie w\u0119dkowanie z Magnetar\" \/>\n<meta property=\"og:url\" content=\"https:\/\/magnetarmagnets.com\/pl\/shop\/hak-chwytak-xxl\/\" \/>\n<meta property=\"og:site_name\" content=\"Magnet fishing with a Magnetar fishing magnet\" \/>\n<meta property=\"article:publisher\" content=\"https:\/\/www.facebook.com\/fishingmagnets\/\" \/>\n<meta property=\"article:modified_time\" content=\"2026-04-13T08:50:49+00:00\" \/>\n<meta property=\"og:image\" content=\"https:\/\/magnetarmagnets.com\/wp-content\/uploads\/2015\/09\/werphaak-3.jpg\" \/>\n\t<meta property=\"og:image:width\" content=\"800\" \/>\n\t<meta property=\"og:image:height\" content=\"800\" \/>\n\t<meta property=\"og:image:type\" content=\"image\/jpeg\" \/>\n<meta name=\"twitter:card\" content=\"summary_large_image\" \/>\n<meta name=\"twitter:label1\" content=\"Szacowany czas czytania\" \/>\n\t<meta name=\"twitter:data1\" content=\"3 minuty\" \/>\n<script type=\"application\/ld+json\" class=\"yoast-schema-graph\">{\"@context\":\"https:\\\/\\\/schema.org\",\"@graph\":[{\"@type\":[\"WebPage\",\"ItemPage\"],\"@id\":\"https:\\\/\\\/magnetarmagnets.com\\\/pl\\\/shop\\\/hak-chwytak-xxl\\\/\",\"url\":\"https:\\\/\\\/magnetarmagnets.com\\\/pl\\\/shop\\\/hak-chwytak-xxl\\\/\",\"name\":\"Hak chwytak XXL - Magnet fishing with a Magnetar fishing magnet\",\"isPartOf\":{\"@id\":\"https:\\\/\\\/magnetarmagnets.com\\\/pl\\\/#website\"},\"primaryImageOfPage\":{\"@id\":\"https:\\\/\\\/magnetarmagnets.com\\\/pl\\\/shop\\\/hak-chwytak-xxl\\\/#primaryimage\"},\"image\":{\"@id\":\"https:\\\/\\\/magnetarmagnets.com\\\/pl\\\/shop\\\/hak-chwytak-xxl\\\/#primaryimage\"},\"thumbnailUrl\":\"https:\\\/\\\/magnetarmagnets.com\\\/wp-content\\\/uploads\\\/2015\\\/09\\\/werphaak-3.jpg\",\"datePublished\":\"2025-06-05T07:53:05+00:00\",\"dateModified\":\"2026-04-13T08:50:49+00:00\",\"description\":\"Hak chwytak XXL - Magnetyczne wielkie w\u0119dkowanie z Magnetar\",\"breadcrumb\":{\"@id\":\"https:\\\/\\\/magnetarmagnets.com\\\/pl\\\/shop\\\/hak-chwytak-xxl\\\/#breadcrumb\"},\"inLanguage\":\"pl-PL\",\"potentialAction\":[{\"@type\":\"ReadAction\",\"target\":[\"https:\\\/\\\/magnetarmagnets.com\\\/pl\\\/shop\\\/hak-chwytak-xxl\\\/\"]}]},{\"@type\":\"ImageObject\",\"inLanguage\":\"pl-PL\",\"@id\":\"https:\\\/\\\/magnetarmagnets.com\\\/pl\\\/shop\\\/hak-chwytak-xxl\\\/#primaryimage\",\"url\":\"https:\\\/\\\/magnetarmagnets.com\\\/wp-content\\\/uploads\\\/2015\\\/09\\\/werphaak-3.jpg\",\"contentUrl\":\"https:\\\/\\\/magnetarmagnets.com\\\/wp-content\\\/uploads\\\/2015\\\/09\\\/werphaak-3.jpg\",\"width\":800,\"height\":800,\"caption\":\"Dreghaak\"},{\"@type\":\"BreadcrumbList\",\"@id\":\"https:\\\/\\\/magnetarmagnets.com\\\/pl\\\/shop\\\/hak-chwytak-xxl\\\/#breadcrumb\",\"itemListElement\":[{\"@type\":\"ListItem\",\"position\":1,\"name\":\"Home\",\"item\":\"https:\\\/\\\/magnetarmagnets.com\\\/pl\\\/\"},{\"@type\":\"ListItem\",\"position\":2,\"name\":\"Sklep\",\"item\":\"https:\\\/\\\/magnetarmagnets.com\\\/sklep\\\/\"},{\"@type\":\"ListItem\",\"position\":3,\"name\":\"Sprz\u0119t\",\"item\":\"https:\\\/\\\/magnetarmagnets.com\\\/pl\\\/collections\\\/sprzet\\\/\"},{\"@type\":\"ListItem\",\"position\":4,\"name\":\"Sprz\u0119t do \u0142owienia magnesem\",\"item\":\"https:\\\/\\\/magnetarmagnets.com\\\/pl\\\/collections\\\/sprzet\\\/sprzet-do-lowienia-magnesem\\\/\"},{\"@type\":\"ListItem\",\"position\":5,\"name\":\"Hak chwytak XXL\"}]},{\"@type\":\"WebSite\",\"@id\":\"https:\\\/\\\/magnetarmagnets.com\\\/pl\\\/#website\",\"url\":\"https:\\\/\\\/magnetarmagnets.com\\\/pl\\\/\",\"name\":\"Magnet fishing with a Magnetar fishing magnet\",\"description\":\"Mocne magnesy do po\u0142owu na magnes\",\"publisher\":{\"@id\":\"https:\\\/\\\/magnetarmagnets.com\\\/pl\\\/#organization\"},\"potentialAction\":[{\"@type\":\"SearchAction\",\"target\":{\"@type\":\"EntryPoint\",\"urlTemplate\":\"https:\\\/\\\/magnetarmagnets.com\\\/pl\\\/?s={search_term_string}\"},\"query-input\":{\"@type\":\"PropertyValueSpecification\",\"valueRequired\":true,\"valueName\":\"search_term_string\"}}],\"inLanguage\":\"pl-PL\"},{\"@type\":\"Organization\",\"@id\":\"https:\\\/\\\/magnetarmagnets.com\\\/pl\\\/#organization\",\"name\":\"Magnetar\",\"url\":\"https:\\\/\\\/magnetarmagnets.com\\\/pl\\\/\",\"logo\":{\"@type\":\"ImageObject\",\"inLanguage\":\"pl-PL\",\"@id\":\"https:\\\/\\\/magnetarmagnets.com\\\/pl\\\/#\\\/schema\\\/logo\\\/image\\\/\",\"url\":\"https:\\\/\\\/magnetarmagnets.com\\\/wp-content\\\/uploads\\\/2025\\\/05\\\/Logo-03_PNG-Black-scaled.png\",\"contentUrl\":\"https:\\\/\\\/magnetarmagnets.com\\\/wp-content\\\/uploads\\\/2025\\\/05\\\/Logo-03_PNG-Black-scaled.png\",\"width\":2560,\"height\":1658,\"caption\":\"Magnetar\"},\"image\":{\"@id\":\"https:\\\/\\\/magnetarmagnets.com\\\/pl\\\/#\\\/schema\\\/logo\\\/image\\\/\"},\"sameAs\":[\"https:\\\/\\\/www.facebook.com\\\/fishingmagnets\\\/\",\"https:\\\/\\\/www.instagram.com\\\/magnetar_magnets\\\/\",\"https:\\\/\\\/www.linkedin.com\\\/company\\\/magnetarbv\\\/?originalSubdomain=nl\",\"https:\\\/\\\/www.youtube.com\\\/c\\\/MagnetarVismagneet\"]}]}<\/script>\n<!-- \/ Yoast SEO plugin. -->","yoast_head_json":{"title":"Hak chwytak XXL - Magnet fishing with a Magnetar fishing magnet","description":"Hak chwytak XXL - Magnetyczne wielkie w\u0119dkowanie z Magnetar","robots":{"index":"index","follow":"follow","max-snippet":"max-snippet:-1","max-image-preview":"max-image-preview:large","max-video-preview":"max-video-preview:-1"},"canonical":"https:\/\/magnetarmagnets.com\/pl\/shop\/hak-chwytak-xxl\/","og_locale":"pl_PL","og_type":"article","og_title":"Hak chwytak XXL - Magnet fishing with a Magnetar fishing magnet","og_description":"Hak chwytak XXL - Magnetyczne wielkie w\u0119dkowanie z Magnetar","og_url":"https:\/\/magnetarmagnets.com\/pl\/shop\/hak-chwytak-xxl\/","og_site_name":"Magnet fishing with a Magnetar fishing magnet","article_publisher":"https:\/\/www.facebook.com\/fishingmagnets\/","article_modified_time":"2026-04-13T08:50:49+00:00","og_image":[{"width":800,"height":800,"url":"https:\/\/magnetarmagnets.com\/wp-content\/uploads\/2015\/09\/werphaak-3.jpg","type":"image\/jpeg"}],"twitter_card":"summary_large_image","twitter_misc":{"Szacowany czas czytania":"3 minuty"},"schema":{"@context":"https:\/\/schema.org","@graph":[{"@type":["WebPage","ItemPage"],"@id":"https:\/\/magnetarmagnets.com\/pl\/shop\/hak-chwytak-xxl\/","url":"https:\/\/magnetarmagnets.com\/pl\/shop\/hak-chwytak-xxl\/","name":"Hak chwytak XXL - Magnet fishing with a Magnetar fishing magnet","isPartOf":{"@id":"https:\/\/magnetarmagnets.com\/pl\/#website"},"primaryImageOfPage":{"@id":"https:\/\/magnetarmagnets.com\/pl\/shop\/hak-chwytak-xxl\/#primaryimage"},"image":{"@id":"https:\/\/magnetarmagnets.com\/pl\/shop\/hak-chwytak-xxl\/#primaryimage"},"thumbnailUrl":"https:\/\/magnetarmagnets.com\/wp-content\/uploads\/2015\/09\/werphaak-3.jpg","datePublished":"2025-06-05T07:53:05+00:00","dateModified":"2026-04-13T08:50:49+00:00","description":"Hak chwytak XXL - Magnetyczne wielkie w\u0119dkowanie z Magnetar","breadcrumb":{"@id":"https:\/\/magnetarmagnets.com\/pl\/shop\/hak-chwytak-xxl\/#breadcrumb"},"inLanguage":"pl-PL","potentialAction":[{"@type":"ReadAction","target":["https:\/\/magnetarmagnets.com\/pl\/shop\/hak-chwytak-xxl\/"]}]},{"@type":"ImageObject","inLanguage":"pl-PL","@id":"https:\/\/magnetarmagnets.com\/pl\/shop\/hak-chwytak-xxl\/#primaryimage","url":"https:\/\/magnetarmagnets.com\/wp-content\/uploads\/2015\/09\/werphaak-3.jpg","contentUrl":"https:\/\/magnetarmagnets.com\/wp-content\/uploads\/2015\/09\/werphaak-3.jpg","width":800,"height":800,"caption":"Dreghaak"},{"@type":"BreadcrumbList","@id":"https:\/\/magnetarmagnets.com\/pl\/shop\/hak-chwytak-xxl\/#breadcrumb","itemListElement":[{"@type":"ListItem","position":1,"name":"Home","item":"https:\/\/magnetarmagnets.com\/pl\/"},{"@type":"ListItem","position":2,"name":"Sklep","item":"https:\/\/magnetarmagnets.com\/sklep\/"},{"@type":"ListItem","position":3,"name":"Sprz\u0119t","item":"https:\/\/magnetarmagnets.com\/pl\/collections\/sprzet\/"},{"@type":"ListItem","position":4,"name":"Sprz\u0119t do \u0142owienia magnesem","item":"https:\/\/magnetarmagnets.com\/pl\/collections\/sprzet\/sprzet-do-lowienia-magnesem\/"},{"@type":"ListItem","position":5,"name":"Hak chwytak XXL"}]},{"@type":"WebSite","@id":"https:\/\/magnetarmagnets.com\/pl\/#website","url":"https:\/\/magnetarmagnets.com\/pl\/","name":"Magnet fishing with a Magnetar fishing magnet","description":"Mocne magnesy do po\u0142owu na magnes","publisher":{"@id":"https:\/\/magnetarmagnets.com\/pl\/#organization"},"potentialAction":[{"@type":"SearchAction","target":{"@type":"EntryPoint","urlTemplate":"https:\/\/magnetarmagnets.com\/pl\/?s={search_term_string}"},"query-input":{"@type":"PropertyValueSpecification","valueRequired":true,"valueName":"search_term_string"}}],"inLanguage":"pl-PL"},{"@type":"Organization","@id":"https:\/\/magnetarmagnets.com\/pl\/#organization","name":"Magnetar","url":"https:\/\/magnetarmagnets.com\/pl\/","logo":{"@type":"ImageObject","inLanguage":"pl-PL","@id":"https:\/\/magnetarmagnets.com\/pl\/#\/schema\/logo\/image\/","url":"https:\/\/magnetarmagnets.com\/wp-content\/uploads\/2025\/05\/Logo-03_PNG-Black-scaled.png","contentUrl":"https:\/\/magnetarmagnets.com\/wp-content\/uploads\/2025\/05\/Logo-03_PNG-Black-scaled.png","width":2560,"height":1658,"caption":"Magnetar"},"image":{"@id":"https:\/\/magnetarmagnets.com\/pl\/#\/schema\/logo\/image\/"},"sameAs":["https:\/\/www.facebook.com\/fishingmagnets\/","https:\/\/www.instagram.com\/magnetar_magnets\/","https:\/\/www.linkedin.com\/company\/magnetarbv\/?originalSubdomain=nl","https:\/\/www.youtube.com\/c\/MagnetarVismagneet"]}]}},"_links":{"self":[{"href":"https:\/\/magnetarmagnets.com\/pl\/wp-json\/wp\/v2\/product\/83734","targetHints":{"allow":["GET"]}}],"collection":[{"href":"https:\/\/magnetarmagnets.com\/pl\/wp-json\/wp\/v2\/product"}],"about":[{"href":"https:\/\/magnetarmagnets.com\/pl\/wp-json\/wp\/v2\/types\/product"}],"replies":[{"embeddable":true,"href":"https:\/\/magnetarmagnets.com\/pl\/wp-json\/wp\/v2\/comments?post=83734"}],"version-history":[{"count":1,"href":"https:\/\/magnetarmagnets.com\/pl\/wp-json\/wp\/v2\/product\/83734\/revisions"}],"predecessor-version":[{"id":95317,"href":"https:\/\/magnetarmagnets.com\/pl\/wp-json\/wp\/v2\/product\/83734\/revisions\/95317"}],"wp:featuredmedia":[{"embeddable":true,"href":"https:\/\/magnetarmagnets.com\/pl\/wp-json\/wp\/v2\/media\/75924"}],"wp:attachment":[{"href":"https:\/\/magnetarmagnets.com\/pl\/wp-json\/wp\/v2\/media?parent=83734"}],"wp:term":[{"taxonomy":"product_brand","embeddable":true,"href":"https:\/\/magnetarmagnets.com\/pl\/wp-json\/wp\/v2\/product_brand?post=83734"},{"taxonomy":"product_cat","embeddable":true,"href":"https:\/\/magnetarmagnets.com\/pl\/wp-json\/wp\/v2\/product_cat?post=83734"},{"taxonomy":"product_tag","embeddable":true,"href":"https:\/\/magnetarmagnets.com\/pl\/wp-json\/wp\/v2\/product_tag?post=83734"}],"curies":[{"name":"wp","href":"https:\/\/api.w.org\/{rel}","templated":true}]}}