{"id":83733,"date":"2025-06-05T09:53:05","date_gmt":"2025-06-05T07:53:05","guid":{"rendered":"https:\/\/magnetarmagnets.com\/?post_type=product&#038;p=83733"},"modified":"2026-04-04T07:19:56","modified_gmt":"2026-04-04T05:19:56","slug":"magnetyczna-miotla-2-0-do-intensywnego-uzytku","status":"publish","type":"product","link":"https:\/\/magnetarmagnets.com\/pl\/shop\/magnetyczna-miotla-2-0-do-intensywnego-uzytku\/","title":{"rendered":"Magnetyczna miot\u0142a 2.0 &#8211; Do intensywnego u\u017cytku"},"content":{"rendered":"Czy tracisz zbyt du\u017co czasu na sprz\u0105tanie? Zainwestuj w Magnetyczn\u0105 Miot\u0142\u0119 2.0 od Magnetar! To narz\u0119dzie pomo\u017ce Ci efektywnie oczy\u015bci\u0107 pod\u0142og\u0119 z metalowych przedmiot\u00f3w. Czy ba\u0142agan w Twoim warsztacie przeszkadza Ci w pracy? Czy magazyn jest zagracony? Zaktualizowana magnetyczna miot\u0142a to w\u0142a\u015bnie to, czego szukasz!\n\nNiezliczeni profesjonali\u015bci codziennie polegaj\u0105 na Magnetycznej Miotle 2.0. Mechanicy metalu u\u017cywaj\u0105 tego urz\u0105dzenia do sprz\u0105tania opi\u0142k\u00f3w i odpad\u00f3w metalowych, a stolarze zbieraj\u0105 gwo\u017adzie, \u015bruby i zszywki z pod\u0142\u00f3g swoich warsztat\u00f3w. Produkt ten jest nawet wykorzystywany do oczyszczania parking\u00f3w i teren\u00f3w imprez.\n\n<h2>Zalety Magnetycznej Miot\u0142y 2.0<\/h2>\nProstota Magnetycznej Miot\u0142y 2.0 sprawia, \u017ce wyr\u00f3\u017cnia si\u0119 na tle innych. Metalowe przedmioty mo\u017cna \u0142atwo zebra\u0107 za pomoc\u0105 silnego magnesu od Magnetar. Czy miot\u0142a magnetyczna jest pe\u0142na? Wy\u0142\u0105czenie magnetyzmu jest teraz \u0142atwe dzi\u0119ki mechanizmowi wbudowanemu w r\u0105czk\u0119. Oszcz\u0119dza to czas i zapobiega nadwyr\u0119\u017ceniu plec\u00f3w.\n\nCo wi\u0119cej, Magnetyczna Miot\u0142a 2.0 to bardzo mobilne narz\u0119dzie. K\u00f3\u0142ka po obu stronach magnetycznej belki pozwalaj\u0105 jak najefektywniej pokry\u0107 pod\u0142og\u0119. Silny magnes dzia\u0142a r\u00f3wnie skutecznie na nier\u00f3wnym terenie, co na betonowej powierzchni.\n\n<h2>Zaktualizowany model<\/h2>\nMagnetyczna Miot\u0142a 2.0 posiada ulepszony model. Magnetar opracowa\u0142 jeszcze silniejszy magnes, kt\u00f3ry zwi\u0119ksza skuteczno\u015b\u0107 urz\u0105dzenia. Si\u0142a przyci\u0105gania magnetycznego jest wystarczaj\u0105ca, aby wy\u0142apywa\u0107 metalowe przedmioty z odleg\u0142o\u015bci kilku cali, co czyni miot\u0142\u0119 \u015bwietnym narz\u0119dziem do zbierania tak\u017ce ci\u0119\u017cszych element\u00f3w.\n\nDodatkowo, prze\u0142\u0105cznik w\u0142\u0105cz\/wy\u0142\u0105cz jest teraz praktycznie umieszczony na r\u0105czce, eliminuj\u0105c konieczno\u015b\u0107 schylania si\u0119, by uwolni\u0107 zebrane metalowe odpady.\n\n<h2>Standard jako\u015bci Magnetar<\/h2>\nMagnetar d\u0105\u017cy do dostarczania produkt\u00f3w najwy\u017cszej jako\u015bci. Potwierdza to trwa\u0142o\u015b\u0107 naszych <a href=\"https:\/\/magnetarmagnets.com\/collections\/fishing-magnets\/\">magnes\u00f3w do \u0142owienia<\/a>. Oferujemy najsilniejsze i najbardziej wytrzyma\u0142e produkty do tego rodzaju aktywno\u015bci na \u015bwie\u017cym powietrzu.\n\nJednak nasza gwarancja jako\u015bci nie ogranicza si\u0119 tylko do \u0142owienia magnesem. Wszystkie urz\u0105dzenia i narz\u0119dzia, kt\u00f3re sprzedajemy, s\u0105 zaprojektowane tak, aby oferowa\u0107 klientom najlepsze mo\u017cliwe rozwi\u0105zania. Ka\u017cdy zakup u Magnetar to gwarancja wysokiej jako\u015bci produktu.","protected":false},"excerpt":{"rendered":"<p>Magnetyczna Miot\u0142a 2.0 to idealne narz\u0119dzie do <strong>oczyszczania warsztat\u00f3w, boisk sportowych, magazyn\u00f3w czy parking\u00f3w<\/strong> z niechcianych metalowych przedmiot\u00f3w.<\/p>\n","protected":false},"featured_media":80744,"comment_status":"open","ping_status":"closed","template":"","meta":{"_acf_changed":false,"inline_featured_image":false},"product_brand":[],"product_cat":[567,571,563],"product_tag":[],"class_list":{"0":"post-83733","1":"product","2":"type-product","3":"status-publish","4":"has-post-thumbnail","6":"product_cat-magneticke-doplnky","7":"product_cat-ostatni","8":"product_cat-vybaveni","10":"first","11":"instock","12":"sale","13":"taxable","14":"shipping-taxable","15":"purchasable","16":"product-type-simple"},"acf":[],"yoast_head":"<!-- This site is optimized with the Yoast SEO plugin v27.4 - https:\/\/yoast.com\/product\/yoast-seo-wordpress\/ -->\n<title>Magnetyczna miot\u0142a 2.0 - Do intensywnego u\u017cytku - Magnet fishing with a Magnetar fishing magnet<\/title>\n<meta name=\"description\" content=\"Magnetyczna Miot\u0142a 2.0 to idealne narz\u0119dzie do oczyszczania warsztat\u00f3w, boisk sportowych, magazyn\u00f3w czy parking\u00f3w z niechcianych metalowych przedmiot\u00f3w.\" \/>\n<meta name=\"robots\" content=\"index, follow, max-snippet:-1, max-image-preview:large, max-video-preview:-1\" \/>\n<link rel=\"canonical\" href=\"https:\/\/magnetarmagnets.com\/pl\/shop\/magnetyczna-miotla-2-0-do-intensywnego-uzytku\/\" \/>\n<meta property=\"og:locale\" content=\"pl_PL\" \/>\n<meta property=\"og:type\" content=\"article\" \/>\n<meta property=\"og:title\" content=\"Magnetyczna miot\u0142a 2.0 - Do intensywnego u\u017cytku - Magnet fishing with a Magnetar fishing magnet\" \/>\n<meta property=\"og:description\" content=\"Magnetyczna Miot\u0142a 2.0 to idealne narz\u0119dzie do oczyszczania warsztat\u00f3w, boisk sportowych, magazyn\u00f3w czy parking\u00f3w z niechcianych metalowych przedmiot\u00f3w.\" \/>\n<meta property=\"og:url\" content=\"https:\/\/magnetarmagnets.com\/pl\/shop\/magnetyczna-miotla-2-0-do-intensywnego-uzytku\/\" \/>\n<meta property=\"og:site_name\" content=\"Magnet fishing with a Magnetar fishing magnet\" \/>\n<meta property=\"article:publisher\" content=\"https:\/\/www.facebook.com\/fishingmagnets\/\" \/>\n<meta property=\"article:modified_time\" content=\"2026-04-04T05:19:56+00:00\" \/>\n<meta property=\"og:image\" content=\"https:\/\/magnetarmagnets.com\/wp-content\/uploads\/2023\/08\/B0CMDF9D4B.MAIN_.jpg\" \/>\n\t<meta property=\"og:image:width\" content=\"1500\" \/>\n\t<meta property=\"og:image:height\" content=\"1500\" \/>\n\t<meta property=\"og:image:type\" content=\"image\/jpeg\" \/>\n<meta name=\"twitter:card\" content=\"summary_large_image\" \/>\n<meta name=\"twitter:label1\" content=\"Szacowany czas czytania\" \/>\n\t<meta name=\"twitter:data1\" content=\"2 minuty\" \/>\n<script type=\"application\/ld+json\" class=\"yoast-schema-graph\">{\"@context\":\"https:\\\/\\\/schema.org\",\"@graph\":[{\"@type\":[\"WebPage\",\"ItemPage\"],\"@id\":\"https:\\\/\\\/magnetarmagnets.com\\\/pl\\\/shop\\\/magnetyczna-miotla-2-0-do-intensywnego-uzytku\\\/\",\"url\":\"https:\\\/\\\/magnetarmagnets.com\\\/pl\\\/shop\\\/magnetyczna-miotla-2-0-do-intensywnego-uzytku\\\/\",\"name\":\"Magnetyczna miot\u0142a 2.0 - Do intensywnego u\u017cytku - Magnet fishing with a Magnetar fishing magnet\",\"isPartOf\":{\"@id\":\"https:\\\/\\\/magnetarmagnets.com\\\/pl\\\/#website\"},\"primaryImageOfPage\":{\"@id\":\"https:\\\/\\\/magnetarmagnets.com\\\/pl\\\/shop\\\/magnetyczna-miotla-2-0-do-intensywnego-uzytku\\\/#primaryimage\"},\"image\":{\"@id\":\"https:\\\/\\\/magnetarmagnets.com\\\/pl\\\/shop\\\/magnetyczna-miotla-2-0-do-intensywnego-uzytku\\\/#primaryimage\"},\"thumbnailUrl\":\"https:\\\/\\\/magnetarmagnets.com\\\/wp-content\\\/uploads\\\/2023\\\/08\\\/B0CMDF9D4B.MAIN_.jpg\",\"datePublished\":\"2025-06-05T07:53:05+00:00\",\"dateModified\":\"2026-04-04T05:19:56+00:00\",\"description\":\"Magnetyczna Miot\u0142a 2.0 to idealne narz\u0119dzie do oczyszczania warsztat\u00f3w, boisk sportowych, magazyn\u00f3w czy parking\u00f3w z niechcianych metalowych przedmiot\u00f3w.\",\"breadcrumb\":{\"@id\":\"https:\\\/\\\/magnetarmagnets.com\\\/pl\\\/shop\\\/magnetyczna-miotla-2-0-do-intensywnego-uzytku\\\/#breadcrumb\"},\"inLanguage\":\"pl-PL\",\"potentialAction\":[{\"@type\":\"ReadAction\",\"target\":[\"https:\\\/\\\/magnetarmagnets.com\\\/pl\\\/shop\\\/magnetyczna-miotla-2-0-do-intensywnego-uzytku\\\/\"]}]},{\"@type\":\"ImageObject\",\"inLanguage\":\"pl-PL\",\"@id\":\"https:\\\/\\\/magnetarmagnets.com\\\/pl\\\/shop\\\/magnetyczna-miotla-2-0-do-intensywnego-uzytku\\\/#primaryimage\",\"url\":\"https:\\\/\\\/magnetarmagnets.com\\\/wp-content\\\/uploads\\\/2023\\\/08\\\/B0CMDF9D4B.MAIN_.jpg\",\"contentUrl\":\"https:\\\/\\\/magnetarmagnets.com\\\/wp-content\\\/uploads\\\/2023\\\/08\\\/B0CMDF9D4B.MAIN_.jpg\",\"width\":1500,\"height\":1500,\"caption\":\"Magnet Broom 2.0\"},{\"@type\":\"BreadcrumbList\",\"@id\":\"https:\\\/\\\/magnetarmagnets.com\\\/pl\\\/shop\\\/magnetyczna-miotla-2-0-do-intensywnego-uzytku\\\/#breadcrumb\",\"itemListElement\":[{\"@type\":\"ListItem\",\"position\":1,\"name\":\"Home\",\"item\":\"https:\\\/\\\/magnetarmagnets.com\\\/pl\\\/\"},{\"@type\":\"ListItem\",\"position\":2,\"name\":\"Sklep\",\"item\":\"https:\\\/\\\/magnetarmagnets.com\\\/sklep\\\/\"},{\"@type\":\"ListItem\",\"position\":3,\"name\":\"Sprz\u0119t\",\"item\":\"https:\\\/\\\/magnetarmagnets.com\\\/pl\\\/collections\\\/sprzet\\\/\"},{\"@type\":\"ListItem\",\"position\":4,\"name\":\"Akcesoria magnetyczne\",\"item\":\"https:\\\/\\\/magnetarmagnets.com\\\/pl\\\/collections\\\/sprzet\\\/akcesoria-magnetyczne\\\/\"},{\"@type\":\"ListItem\",\"position\":5,\"name\":\"Magnetyczna miot\u0142a 2.0 &#8211; Do intensywnego u\u017cytku\"}]},{\"@type\":\"WebSite\",\"@id\":\"https:\\\/\\\/magnetarmagnets.com\\\/pl\\\/#website\",\"url\":\"https:\\\/\\\/magnetarmagnets.com\\\/pl\\\/\",\"name\":\"Magnet fishing with a Magnetar fishing magnet\",\"description\":\"Mocne magnesy do po\u0142owu na magnes\",\"publisher\":{\"@id\":\"https:\\\/\\\/magnetarmagnets.com\\\/pl\\\/#organization\"},\"potentialAction\":[{\"@type\":\"SearchAction\",\"target\":{\"@type\":\"EntryPoint\",\"urlTemplate\":\"https:\\\/\\\/magnetarmagnets.com\\\/pl\\\/?s={search_term_string}\"},\"query-input\":{\"@type\":\"PropertyValueSpecification\",\"valueRequired\":true,\"valueName\":\"search_term_string\"}}],\"inLanguage\":\"pl-PL\"},{\"@type\":\"Organization\",\"@id\":\"https:\\\/\\\/magnetarmagnets.com\\\/pl\\\/#organization\",\"name\":\"Magnetar\",\"url\":\"https:\\\/\\\/magnetarmagnets.com\\\/pl\\\/\",\"logo\":{\"@type\":\"ImageObject\",\"inLanguage\":\"pl-PL\",\"@id\":\"https:\\\/\\\/magnetarmagnets.com\\\/pl\\\/#\\\/schema\\\/logo\\\/image\\\/\",\"url\":\"https:\\\/\\\/magnetarmagnets.com\\\/wp-content\\\/uploads\\\/2025\\\/05\\\/Logo-03_PNG-Black-scaled.png\",\"contentUrl\":\"https:\\\/\\\/magnetarmagnets.com\\\/wp-content\\\/uploads\\\/2025\\\/05\\\/Logo-03_PNG-Black-scaled.png\",\"width\":2560,\"height\":1658,\"caption\":\"Magnetar\"},\"image\":{\"@id\":\"https:\\\/\\\/magnetarmagnets.com\\\/pl\\\/#\\\/schema\\\/logo\\\/image\\\/\"},\"sameAs\":[\"https:\\\/\\\/www.facebook.com\\\/fishingmagnets\\\/\",\"https:\\\/\\\/www.instagram.com\\\/magnetar_magnets\\\/\",\"https:\\\/\\\/www.linkedin.com\\\/company\\\/magnetarbv\\\/?originalSubdomain=nl\",\"https:\\\/\\\/www.youtube.com\\\/c\\\/MagnetarVismagneet\"]}]}<\/script>\n<!-- \/ Yoast SEO plugin. -->","yoast_head_json":{"title":"Magnetyczna miot\u0142a 2.0 - Do intensywnego u\u017cytku - Magnet fishing with a Magnetar fishing magnet","description":"Magnetyczna Miot\u0142a 2.0 to idealne narz\u0119dzie do oczyszczania warsztat\u00f3w, boisk sportowych, magazyn\u00f3w czy parking\u00f3w z niechcianych metalowych przedmiot\u00f3w.","robots":{"index":"index","follow":"follow","max-snippet":"max-snippet:-1","max-image-preview":"max-image-preview:large","max-video-preview":"max-video-preview:-1"},"canonical":"https:\/\/magnetarmagnets.com\/pl\/shop\/magnetyczna-miotla-2-0-do-intensywnego-uzytku\/","og_locale":"pl_PL","og_type":"article","og_title":"Magnetyczna miot\u0142a 2.0 - Do intensywnego u\u017cytku - Magnet fishing with a Magnetar fishing magnet","og_description":"Magnetyczna Miot\u0142a 2.0 to idealne narz\u0119dzie do oczyszczania warsztat\u00f3w, boisk sportowych, magazyn\u00f3w czy parking\u00f3w z niechcianych metalowych przedmiot\u00f3w.","og_url":"https:\/\/magnetarmagnets.com\/pl\/shop\/magnetyczna-miotla-2-0-do-intensywnego-uzytku\/","og_site_name":"Magnet fishing with a Magnetar fishing magnet","article_publisher":"https:\/\/www.facebook.com\/fishingmagnets\/","article_modified_time":"2026-04-04T05:19:56+00:00","og_image":[{"width":1500,"height":1500,"url":"https:\/\/magnetarmagnets.com\/wp-content\/uploads\/2023\/08\/B0CMDF9D4B.MAIN_.jpg","type":"image\/jpeg"}],"twitter_card":"summary_large_image","twitter_misc":{"Szacowany czas czytania":"2 minuty"},"schema":{"@context":"https:\/\/schema.org","@graph":[{"@type":["WebPage","ItemPage"],"@id":"https:\/\/magnetarmagnets.com\/pl\/shop\/magnetyczna-miotla-2-0-do-intensywnego-uzytku\/","url":"https:\/\/magnetarmagnets.com\/pl\/shop\/magnetyczna-miotla-2-0-do-intensywnego-uzytku\/","name":"Magnetyczna miot\u0142a 2.0 - Do intensywnego u\u017cytku - Magnet fishing with a Magnetar fishing magnet","isPartOf":{"@id":"https:\/\/magnetarmagnets.com\/pl\/#website"},"primaryImageOfPage":{"@id":"https:\/\/magnetarmagnets.com\/pl\/shop\/magnetyczna-miotla-2-0-do-intensywnego-uzytku\/#primaryimage"},"image":{"@id":"https:\/\/magnetarmagnets.com\/pl\/shop\/magnetyczna-miotla-2-0-do-intensywnego-uzytku\/#primaryimage"},"thumbnailUrl":"https:\/\/magnetarmagnets.com\/wp-content\/uploads\/2023\/08\/B0CMDF9D4B.MAIN_.jpg","datePublished":"2025-06-05T07:53:05+00:00","dateModified":"2026-04-04T05:19:56+00:00","description":"Magnetyczna Miot\u0142a 2.0 to idealne narz\u0119dzie do oczyszczania warsztat\u00f3w, boisk sportowych, magazyn\u00f3w czy parking\u00f3w z niechcianych metalowych przedmiot\u00f3w.","breadcrumb":{"@id":"https:\/\/magnetarmagnets.com\/pl\/shop\/magnetyczna-miotla-2-0-do-intensywnego-uzytku\/#breadcrumb"},"inLanguage":"pl-PL","potentialAction":[{"@type":"ReadAction","target":["https:\/\/magnetarmagnets.com\/pl\/shop\/magnetyczna-miotla-2-0-do-intensywnego-uzytku\/"]}]},{"@type":"ImageObject","inLanguage":"pl-PL","@id":"https:\/\/magnetarmagnets.com\/pl\/shop\/magnetyczna-miotla-2-0-do-intensywnego-uzytku\/#primaryimage","url":"https:\/\/magnetarmagnets.com\/wp-content\/uploads\/2023\/08\/B0CMDF9D4B.MAIN_.jpg","contentUrl":"https:\/\/magnetarmagnets.com\/wp-content\/uploads\/2023\/08\/B0CMDF9D4B.MAIN_.jpg","width":1500,"height":1500,"caption":"Magnet Broom 2.0"},{"@type":"BreadcrumbList","@id":"https:\/\/magnetarmagnets.com\/pl\/shop\/magnetyczna-miotla-2-0-do-intensywnego-uzytku\/#breadcrumb","itemListElement":[{"@type":"ListItem","position":1,"name":"Home","item":"https:\/\/magnetarmagnets.com\/pl\/"},{"@type":"ListItem","position":2,"name":"Sklep","item":"https:\/\/magnetarmagnets.com\/sklep\/"},{"@type":"ListItem","position":3,"name":"Sprz\u0119t","item":"https:\/\/magnetarmagnets.com\/pl\/collections\/sprzet\/"},{"@type":"ListItem","position":4,"name":"Akcesoria magnetyczne","item":"https:\/\/magnetarmagnets.com\/pl\/collections\/sprzet\/akcesoria-magnetyczne\/"},{"@type":"ListItem","position":5,"name":"Magnetyczna miot\u0142a 2.0 &#8211; Do intensywnego u\u017cytku"}]},{"@type":"WebSite","@id":"https:\/\/magnetarmagnets.com\/pl\/#website","url":"https:\/\/magnetarmagnets.com\/pl\/","name":"Magnet fishing with a Magnetar fishing magnet","description":"Mocne magnesy do po\u0142owu na magnes","publisher":{"@id":"https:\/\/magnetarmagnets.com\/pl\/#organization"},"potentialAction":[{"@type":"SearchAction","target":{"@type":"EntryPoint","urlTemplate":"https:\/\/magnetarmagnets.com\/pl\/?s={search_term_string}"},"query-input":{"@type":"PropertyValueSpecification","valueRequired":true,"valueName":"search_term_string"}}],"inLanguage":"pl-PL"},{"@type":"Organization","@id":"https:\/\/magnetarmagnets.com\/pl\/#organization","name":"Magnetar","url":"https:\/\/magnetarmagnets.com\/pl\/","logo":{"@type":"ImageObject","inLanguage":"pl-PL","@id":"https:\/\/magnetarmagnets.com\/pl\/#\/schema\/logo\/image\/","url":"https:\/\/magnetarmagnets.com\/wp-content\/uploads\/2025\/05\/Logo-03_PNG-Black-scaled.png","contentUrl":"https:\/\/magnetarmagnets.com\/wp-content\/uploads\/2025\/05\/Logo-03_PNG-Black-scaled.png","width":2560,"height":1658,"caption":"Magnetar"},"image":{"@id":"https:\/\/magnetarmagnets.com\/pl\/#\/schema\/logo\/image\/"},"sameAs":["https:\/\/www.facebook.com\/fishingmagnets\/","https:\/\/www.instagram.com\/magnetar_magnets\/","https:\/\/www.linkedin.com\/company\/magnetarbv\/?originalSubdomain=nl","https:\/\/www.youtube.com\/c\/MagnetarVismagneet"]}]}},"_links":{"self":[{"href":"https:\/\/magnetarmagnets.com\/pl\/wp-json\/wp\/v2\/product\/83733","targetHints":{"allow":["GET"]}}],"collection":[{"href":"https:\/\/magnetarmagnets.com\/pl\/wp-json\/wp\/v2\/product"}],"about":[{"href":"https:\/\/magnetarmagnets.com\/pl\/wp-json\/wp\/v2\/types\/product"}],"replies":[{"embeddable":true,"href":"https:\/\/magnetarmagnets.com\/pl\/wp-json\/wp\/v2\/comments?post=83733"}],"version-history":[{"count":0,"href":"https:\/\/magnetarmagnets.com\/pl\/wp-json\/wp\/v2\/product\/83733\/revisions"}],"wp:featuredmedia":[{"embeddable":true,"href":"https:\/\/magnetarmagnets.com\/pl\/wp-json\/wp\/v2\/media\/80744"}],"wp:attachment":[{"href":"https:\/\/magnetarmagnets.com\/pl\/wp-json\/wp\/v2\/media?parent=83733"}],"wp:term":[{"taxonomy":"product_brand","embeddable":true,"href":"https:\/\/magnetarmagnets.com\/pl\/wp-json\/wp\/v2\/product_brand?post=83733"},{"taxonomy":"product_cat","embeddable":true,"href":"https:\/\/magnetarmagnets.com\/pl\/wp-json\/wp\/v2\/product_cat?post=83733"},{"taxonomy":"product_tag","embeddable":true,"href":"https:\/\/magnetarmagnets.com\/pl\/wp-json\/wp\/v2\/product_tag?post=83733"}],"curies":[{"name":"wp","href":"https:\/\/api.w.org\/{rel}","templated":true}]}}