{"id":83730,"date":"2025-06-05T09:53:05","date_gmt":"2025-06-05T07:53:05","guid":{"rendered":"https:\/\/magnetarmagnets.com\/?post_type=product&#038;p=83730"},"modified":"2026-04-21T12:24:02","modified_gmt":"2026-04-21T10:24:02","slug":"double-impact","status":"publish","type":"product","link":"https:\/\/magnetarmagnets.com\/pl\/shop\/double-impact\/","title":{"rendered":"Double Impact"},"content":{"rendered":"U\u017cywanie nie jednego, ale dw\u00f3ch magnes\u00f3w do \u0142owienia magnesem? Mo\u017ce to brzmie\u0107 troch\u0119 dziwnie, ale zmienisz zdanie po u\u017cyciu Double Impact! Ten produkt pozwala na wykorzystanie dw\u00f3ch magnes\u00f3w do \u0142owienia Magnetar, by szuka\u0107 pi\u0119knych podwodnych skarb\u00f3w.\n\nSzukasz kompletu? Sprawd\u017a nasze <a href=\"https:\/\/magnetarmagnets.com\/shop\/double-impact-package\">zestawy Double Impact<\/a>. Zawieraj\u0105 magnesy do \u0142owienia, os\u0142ony ochronne, liny i inne akcesoria.\n\n<h2>Zwi\u0119kszony potencja\u0142 \u0142owienia dzi\u0119ki Double Impact<\/h2>\n\nJe\u015bli u\u017cywasz magnesu do lowienia w wodzie od Magnetar, wiesz, \u017ce mo\u017cesz bez problem\u00f3w wydobywa\u0107 wi\u0119kszo\u015b\u0107 przedmiot\u00f3w z wody. Jednak zawsze szukamy sposob\u00f3w na zwi\u0119kszenie potencja\u0142u \u0142owienia dla \u0142owi\u0105cych magnesem. Tutaj wkracza Double Impact.\n\n\n\nDouble Impact to nowe narz\u0119dzie do \u0142owienia magnesem. To pier\u015bcie\u0144 \u0142\u0105cz\u0105cy dwa metalowe pr\u0119ty. Magnesy dwustronne do \u0142owienia Magnetar mo\u017cna przyczepi\u0107 do tych pr\u0119t\u00f3w. Mo\u017cesz u\u017cy\u0107 nowego magnesu lub tego, kt\u00f3ry ju\u017c posiadasz.\n\n\n\nDzi\u0119ki Double Impact masz dwukrotnie wi\u0119ksz\u0105 szans\u0119 na z\u0142owienie czego\u015b. Pola magnetyczne magnes\u00f3w odpieraj\u0105 si\u0119 nawzajem, znacznie zwi\u0119kszaj\u0105c ca\u0142kowite pole magnetyczne, co pozytywnie wp\u0142ywa na Tw\u00f3j potencja\u0142 \u0142owienia. Opr\u00f3cz powi\u0119kszonego pola magnetycznego, produkt ten pozwala na wsp\u00f3\u0142prac\u0119 dw\u00f3ch magnes\u00f3w pracuj\u0105cych razem, by wyci\u0105ga\u0107 jeszcze wi\u0119ksze przedmioty z wody, pod warunkiem pod\u0142\u0105czenia dw\u00f3ch magnes\u00f3w do lowienia w wodzie.\n\n<h2>Jak u\u017cywa\u0107 Double Impact?<\/h2>\n\n\u0141owienie magnesem mo\u017ce odbywa\u0107 si\u0119 na r\u00f3\u017cne sposoby, a Double Impact r\u00f3wnie\u017c mo\u017cna u\u017cywa\u0107 r\u00f3\u017cnorodnie. Jednak to narz\u0119dzie jest najskuteczniejsze przy ci\u0105gni\u0119ciu. W ten spos\u00f3b \u0142atwo pokryjesz wi\u0119kszy obszar w wodzie.\n\n<h2>Do czego mo\u017cna przyczepi\u0107 Double Impact?<\/h2>\n\nDouble Impact mo\u017cna u\u017cywa\u0107 w po\u0142\u0105czeniu z r\u00f3\u017cnymi produktami Magnetar. W zasadzie mo\u017cna stosowa\u0107 wszystkie magnesy 360\u00b0. Jednak rekomendujemy stosowanie magnesu <a href=\"https:\/\/magnetarmagnets.com\/shop\/easy-magnet\/?v=796834e7a283\">Easy<\/a> lub <a href=\"https:\/\/magnetarmagnets.com\/shop\/hardcore-magnet-2\/?v=796834e7a283\">Hardcore<\/a>. Magnesy Classic 110, 200 i 300 r\u00f3wnie\u017c wsp\u00f3\u0142pracuj\u0105 z tym produktem.\n\n\n\nMo\u017cesz r\u00f3wnie\u017c \u0142atwo przyczepi\u0107 specjalny hak do Double Impact. Pozwala to na jednoczesne u\u017cycie magnesu i haka. Wa\u017cne, by pami\u0119ta\u0107, \u017ce produkt nie zawiera magnes\u00f3w ani innych akcesori\u00f3w.\n\n<h2>Ostrze\u017cenie dotycz\u0105ce bezpiecze\u0144stwa<\/h2>\n\nW Magnetar bezpiecze\u0144stwo jest najwa\u017cniejsze. Dlatego ostrzegamy przed u\u017cywaniem Double Impact. Zbli\u017canie pot\u0119\u017cnych magnes\u00f3w mo\u017ce by\u0107 niebezpieczne. Uwa\u017caj podczas monta\u017cu produktu. Magnetar nie ponosi odpowiedzialno\u015bci za urazy wynik\u0142e z nieostro\u017cnego u\u017cytkowania.\n\n\n\nTeoretycznie Double Impact mo\u017cna stosowa\u0107 z <a href=\"https:\/\/magnetarmagnets.com\/shop\/exclusive-terror-magnet\">Terror<\/a>, <a href=\"https:\/\/magnetarmagnets.com\/shop\/beast-magnet\">Beast<\/a> i <a href=\"https:\/\/magnetarmagnets.com\/shop\/barbarian-magnet\">Barbarian<\/a>, ale w takim przypadku Magnetar nie odpowiada za ewentualne wypadki.","protected":false},"excerpt":{"rendered":"<p><strong>Podw\u00f3j swoje szanse<\/strong> na \u0142owienie podczas \u0142owienia magnesem z Double Impact od Magnetar! Dzi\u0119ki temu akcesorium mo\u017cesz <strong>po\u0142\u0105czy\u0107 dwa magnesy do \u0142owienia<\/strong> lub <strong>magnes do lowienia w wodzie z hakiem<\/strong>. Magnesy nie s\u0105 do\u0142\u0105czone.<\/p>\n","protected":false},"featured_media":79724,"comment_status":"open","ping_status":"closed","template":"","meta":{"_acf_changed":false,"inline_featured_image":false},"product_brand":[],"product_cat":[543,536,537,1005],"product_tag":[],"class_list":{"0":"post-83730","1":"product","2":"type-product","3":"status-publish","4":"has-post-thumbnail","6":"product_cat-profik","7":"product_cat-felszereles","8":"product_cat-horgasz-magnes-felszereles","9":"product_cat-osszes-termek","11":"first","12":"instock","13":"sale","14":"taxable","15":"shipping-taxable","16":"purchasable","17":"product-type-simple"},"acf":[],"yoast_head":"<!-- This site is optimized with the Yoast SEO plugin v27.4 - https:\/\/yoast.com\/product\/yoast-seo-wordpress\/ -->\n<title>Double Impact - Magnet fishing with a Magnetar fishing magnet<\/title>\n<meta name=\"description\" content=\"Double Impact - niezb\u0119dny sprz\u0119t Magnetar do \u0142owienia magnesem\" \/>\n<meta name=\"robots\" content=\"index, follow, max-snippet:-1, max-image-preview:large, max-video-preview:-1\" \/>\n<link rel=\"canonical\" href=\"https:\/\/magnetarmagnets.com\/pl\/shop\/double-impact\/\" \/>\n<meta property=\"og:locale\" content=\"pl_PL\" \/>\n<meta property=\"og:type\" content=\"article\" \/>\n<meta property=\"og:title\" content=\"Double Impact - Magnet fishing with a Magnetar fishing magnet\" \/>\n<meta property=\"og:description\" content=\"Double Impact - niezb\u0119dny sprz\u0119t Magnetar do \u0142owienia magnesem\" \/>\n<meta property=\"og:url\" content=\"https:\/\/magnetarmagnets.com\/pl\/shop\/double-impact\/\" \/>\n<meta property=\"og:site_name\" content=\"Magnet fishing with a Magnetar fishing magnet\" \/>\n<meta property=\"article:publisher\" content=\"https:\/\/www.facebook.com\/fishingmagnets\/\" \/>\n<meta property=\"article:modified_time\" content=\"2026-04-21T10:24:02+00:00\" \/>\n<meta property=\"og:image\" content=\"https:\/\/magnetarmagnets.com\/wp-content\/uploads\/2023\/09\/JNF-Magnetar-Bedrijfsfotografie-01-09-2023-Foto-0158.jpg\" \/>\n\t<meta property=\"og:image:width\" content=\"1000\" \/>\n\t<meta property=\"og:image:height\" content=\"1000\" \/>\n\t<meta property=\"og:image:type\" content=\"image\/jpeg\" \/>\n<meta name=\"twitter:card\" content=\"summary_large_image\" \/>\n<meta name=\"twitter:label1\" content=\"Szacowany czas czytania\" \/>\n\t<meta name=\"twitter:data1\" content=\"3 minuty\" \/>\n<script type=\"application\/ld+json\" class=\"yoast-schema-graph\">{\"@context\":\"https:\\\/\\\/schema.org\",\"@graph\":[{\"@type\":[\"WebPage\",\"ItemPage\"],\"@id\":\"https:\\\/\\\/magnetarmagnets.com\\\/pl\\\/shop\\\/double-impact\\\/\",\"url\":\"https:\\\/\\\/magnetarmagnets.com\\\/pl\\\/shop\\\/double-impact\\\/\",\"name\":\"Double Impact - Magnet fishing with a Magnetar fishing magnet\",\"isPartOf\":{\"@id\":\"https:\\\/\\\/magnetarmagnets.com\\\/pl\\\/#website\"},\"primaryImageOfPage\":{\"@id\":\"https:\\\/\\\/magnetarmagnets.com\\\/pl\\\/shop\\\/double-impact\\\/#primaryimage\"},\"image\":{\"@id\":\"https:\\\/\\\/magnetarmagnets.com\\\/pl\\\/shop\\\/double-impact\\\/#primaryimage\"},\"thumbnailUrl\":\"https:\\\/\\\/magnetarmagnets.com\\\/wp-content\\\/uploads\\\/2023\\\/09\\\/JNF-Magnetar-Bedrijfsfotografie-01-09-2023-Foto-0158.jpg\",\"datePublished\":\"2025-06-05T07:53:05+00:00\",\"dateModified\":\"2026-04-21T10:24:02+00:00\",\"description\":\"Double Impact - niezb\u0119dny sprz\u0119t Magnetar do \u0142owienia magnesem\",\"breadcrumb\":{\"@id\":\"https:\\\/\\\/magnetarmagnets.com\\\/pl\\\/shop\\\/double-impact\\\/#breadcrumb\"},\"inLanguage\":\"pl-PL\",\"potentialAction\":[{\"@type\":\"ReadAction\",\"target\":[\"https:\\\/\\\/magnetarmagnets.com\\\/pl\\\/shop\\\/double-impact\\\/\"]}]},{\"@type\":\"ImageObject\",\"inLanguage\":\"pl-PL\",\"@id\":\"https:\\\/\\\/magnetarmagnets.com\\\/pl\\\/shop\\\/double-impact\\\/#primaryimage\",\"url\":\"https:\\\/\\\/magnetarmagnets.com\\\/wp-content\\\/uploads\\\/2023\\\/09\\\/JNF-Magnetar-Bedrijfsfotografie-01-09-2023-Foto-0158.jpg\",\"contentUrl\":\"https:\\\/\\\/magnetarmagnets.com\\\/wp-content\\\/uploads\\\/2023\\\/09\\\/JNF-Magnetar-Bedrijfsfotografie-01-09-2023-Foto-0158.jpg\",\"width\":1000,\"height\":1000,\"caption\":\"Magnetar's Double Impact allows you to combine two magnets while magnet fishing.\"},{\"@type\":\"BreadcrumbList\",\"@id\":\"https:\\\/\\\/magnetarmagnets.com\\\/pl\\\/shop\\\/double-impact\\\/#breadcrumb\",\"itemListElement\":[{\"@type\":\"ListItem\",\"position\":1,\"name\":\"Home\",\"item\":\"https:\\\/\\\/magnetarmagnets.com\\\/pl\\\/\"},{\"@type\":\"ListItem\",\"position\":2,\"name\":\"Sklep\",\"item\":\"https:\\\/\\\/magnetarmagnets.com\\\/sklep\\\/\"},{\"@type\":\"ListItem\",\"position\":3,\"name\":\"Sprz\u0119t\",\"item\":\"https:\\\/\\\/magnetarmagnets.com\\\/pl\\\/collections\\\/sprzet\\\/\"},{\"@type\":\"ListItem\",\"position\":4,\"name\":\"Sprz\u0119t do \u0142owienia magnesem\",\"item\":\"https:\\\/\\\/magnetarmagnets.com\\\/pl\\\/collections\\\/sprzet\\\/sprzet-do-lowienia-magnesem\\\/\"},{\"@type\":\"ListItem\",\"position\":5,\"name\":\"Double Impact\"}]},{\"@type\":\"WebSite\",\"@id\":\"https:\\\/\\\/magnetarmagnets.com\\\/pl\\\/#website\",\"url\":\"https:\\\/\\\/magnetarmagnets.com\\\/pl\\\/\",\"name\":\"Magnet fishing with a Magnetar fishing magnet\",\"description\":\"Mocne magnesy do po\u0142owu na magnes\",\"publisher\":{\"@id\":\"https:\\\/\\\/magnetarmagnets.com\\\/pl\\\/#organization\"},\"potentialAction\":[{\"@type\":\"SearchAction\",\"target\":{\"@type\":\"EntryPoint\",\"urlTemplate\":\"https:\\\/\\\/magnetarmagnets.com\\\/pl\\\/?s={search_term_string}\"},\"query-input\":{\"@type\":\"PropertyValueSpecification\",\"valueRequired\":true,\"valueName\":\"search_term_string\"}}],\"inLanguage\":\"pl-PL\"},{\"@type\":\"Organization\",\"@id\":\"https:\\\/\\\/magnetarmagnets.com\\\/pl\\\/#organization\",\"name\":\"Magnetar\",\"url\":\"https:\\\/\\\/magnetarmagnets.com\\\/pl\\\/\",\"logo\":{\"@type\":\"ImageObject\",\"inLanguage\":\"pl-PL\",\"@id\":\"https:\\\/\\\/magnetarmagnets.com\\\/pl\\\/#\\\/schema\\\/logo\\\/image\\\/\",\"url\":\"https:\\\/\\\/magnetarmagnets.com\\\/wp-content\\\/uploads\\\/2025\\\/05\\\/Logo-03_PNG-Black-scaled.png\",\"contentUrl\":\"https:\\\/\\\/magnetarmagnets.com\\\/wp-content\\\/uploads\\\/2025\\\/05\\\/Logo-03_PNG-Black-scaled.png\",\"width\":2560,\"height\":1658,\"caption\":\"Magnetar\"},\"image\":{\"@id\":\"https:\\\/\\\/magnetarmagnets.com\\\/pl\\\/#\\\/schema\\\/logo\\\/image\\\/\"},\"sameAs\":[\"https:\\\/\\\/www.facebook.com\\\/fishingmagnets\\\/\",\"https:\\\/\\\/www.instagram.com\\\/magnetar_magnets\\\/\",\"https:\\\/\\\/www.linkedin.com\\\/company\\\/magnetarbv\\\/?originalSubdomain=nl\",\"https:\\\/\\\/www.youtube.com\\\/c\\\/MagnetarVismagneet\"]}]}<\/script>\n<!-- \/ Yoast SEO plugin. -->","yoast_head_json":{"title":"Double Impact - Magnet fishing with a Magnetar fishing magnet","description":"Double Impact - niezb\u0119dny sprz\u0119t Magnetar do \u0142owienia magnesem","robots":{"index":"index","follow":"follow","max-snippet":"max-snippet:-1","max-image-preview":"max-image-preview:large","max-video-preview":"max-video-preview:-1"},"canonical":"https:\/\/magnetarmagnets.com\/pl\/shop\/double-impact\/","og_locale":"pl_PL","og_type":"article","og_title":"Double Impact - Magnet fishing with a Magnetar fishing magnet","og_description":"Double Impact - niezb\u0119dny sprz\u0119t Magnetar do \u0142owienia magnesem","og_url":"https:\/\/magnetarmagnets.com\/pl\/shop\/double-impact\/","og_site_name":"Magnet fishing with a Magnetar fishing magnet","article_publisher":"https:\/\/www.facebook.com\/fishingmagnets\/","article_modified_time":"2026-04-21T10:24:02+00:00","og_image":[{"width":1000,"height":1000,"url":"https:\/\/magnetarmagnets.com\/wp-content\/uploads\/2023\/09\/JNF-Magnetar-Bedrijfsfotografie-01-09-2023-Foto-0158.jpg","type":"image\/jpeg"}],"twitter_card":"summary_large_image","twitter_misc":{"Szacowany czas czytania":"3 minuty"},"schema":{"@context":"https:\/\/schema.org","@graph":[{"@type":["WebPage","ItemPage"],"@id":"https:\/\/magnetarmagnets.com\/pl\/shop\/double-impact\/","url":"https:\/\/magnetarmagnets.com\/pl\/shop\/double-impact\/","name":"Double Impact - Magnet fishing with a Magnetar fishing magnet","isPartOf":{"@id":"https:\/\/magnetarmagnets.com\/pl\/#website"},"primaryImageOfPage":{"@id":"https:\/\/magnetarmagnets.com\/pl\/shop\/double-impact\/#primaryimage"},"image":{"@id":"https:\/\/magnetarmagnets.com\/pl\/shop\/double-impact\/#primaryimage"},"thumbnailUrl":"https:\/\/magnetarmagnets.com\/wp-content\/uploads\/2023\/09\/JNF-Magnetar-Bedrijfsfotografie-01-09-2023-Foto-0158.jpg","datePublished":"2025-06-05T07:53:05+00:00","dateModified":"2026-04-21T10:24:02+00:00","description":"Double Impact - niezb\u0119dny sprz\u0119t Magnetar do \u0142owienia magnesem","breadcrumb":{"@id":"https:\/\/magnetarmagnets.com\/pl\/shop\/double-impact\/#breadcrumb"},"inLanguage":"pl-PL","potentialAction":[{"@type":"ReadAction","target":["https:\/\/magnetarmagnets.com\/pl\/shop\/double-impact\/"]}]},{"@type":"ImageObject","inLanguage":"pl-PL","@id":"https:\/\/magnetarmagnets.com\/pl\/shop\/double-impact\/#primaryimage","url":"https:\/\/magnetarmagnets.com\/wp-content\/uploads\/2023\/09\/JNF-Magnetar-Bedrijfsfotografie-01-09-2023-Foto-0158.jpg","contentUrl":"https:\/\/magnetarmagnets.com\/wp-content\/uploads\/2023\/09\/JNF-Magnetar-Bedrijfsfotografie-01-09-2023-Foto-0158.jpg","width":1000,"height":1000,"caption":"Magnetar's Double Impact allows you to combine two magnets while magnet fishing."},{"@type":"BreadcrumbList","@id":"https:\/\/magnetarmagnets.com\/pl\/shop\/double-impact\/#breadcrumb","itemListElement":[{"@type":"ListItem","position":1,"name":"Home","item":"https:\/\/magnetarmagnets.com\/pl\/"},{"@type":"ListItem","position":2,"name":"Sklep","item":"https:\/\/magnetarmagnets.com\/sklep\/"},{"@type":"ListItem","position":3,"name":"Sprz\u0119t","item":"https:\/\/magnetarmagnets.com\/pl\/collections\/sprzet\/"},{"@type":"ListItem","position":4,"name":"Sprz\u0119t do \u0142owienia magnesem","item":"https:\/\/magnetarmagnets.com\/pl\/collections\/sprzet\/sprzet-do-lowienia-magnesem\/"},{"@type":"ListItem","position":5,"name":"Double Impact"}]},{"@type":"WebSite","@id":"https:\/\/magnetarmagnets.com\/pl\/#website","url":"https:\/\/magnetarmagnets.com\/pl\/","name":"Magnet fishing with a Magnetar fishing magnet","description":"Mocne magnesy do po\u0142owu na magnes","publisher":{"@id":"https:\/\/magnetarmagnets.com\/pl\/#organization"},"potentialAction":[{"@type":"SearchAction","target":{"@type":"EntryPoint","urlTemplate":"https:\/\/magnetarmagnets.com\/pl\/?s={search_term_string}"},"query-input":{"@type":"PropertyValueSpecification","valueRequired":true,"valueName":"search_term_string"}}],"inLanguage":"pl-PL"},{"@type":"Organization","@id":"https:\/\/magnetarmagnets.com\/pl\/#organization","name":"Magnetar","url":"https:\/\/magnetarmagnets.com\/pl\/","logo":{"@type":"ImageObject","inLanguage":"pl-PL","@id":"https:\/\/magnetarmagnets.com\/pl\/#\/schema\/logo\/image\/","url":"https:\/\/magnetarmagnets.com\/wp-content\/uploads\/2025\/05\/Logo-03_PNG-Black-scaled.png","contentUrl":"https:\/\/magnetarmagnets.com\/wp-content\/uploads\/2025\/05\/Logo-03_PNG-Black-scaled.png","width":2560,"height":1658,"caption":"Magnetar"},"image":{"@id":"https:\/\/magnetarmagnets.com\/pl\/#\/schema\/logo\/image\/"},"sameAs":["https:\/\/www.facebook.com\/fishingmagnets\/","https:\/\/www.instagram.com\/magnetar_magnets\/","https:\/\/www.linkedin.com\/company\/magnetarbv\/?originalSubdomain=nl","https:\/\/www.youtube.com\/c\/MagnetarVismagneet"]}]}},"_links":{"self":[{"href":"https:\/\/magnetarmagnets.com\/pl\/wp-json\/wp\/v2\/product\/83730","targetHints":{"allow":["GET"]}}],"collection":[{"href":"https:\/\/magnetarmagnets.com\/pl\/wp-json\/wp\/v2\/product"}],"about":[{"href":"https:\/\/magnetarmagnets.com\/pl\/wp-json\/wp\/v2\/types\/product"}],"replies":[{"embeddable":true,"href":"https:\/\/magnetarmagnets.com\/pl\/wp-json\/wp\/v2\/comments?post=83730"}],"version-history":[{"count":1,"href":"https:\/\/magnetarmagnets.com\/pl\/wp-json\/wp\/v2\/product\/83730\/revisions"}],"predecessor-version":[{"id":95274,"href":"https:\/\/magnetarmagnets.com\/pl\/wp-json\/wp\/v2\/product\/83730\/revisions\/95274"}],"wp:featuredmedia":[{"embeddable":true,"href":"https:\/\/magnetarmagnets.com\/pl\/wp-json\/wp\/v2\/media\/79724"}],"wp:attachment":[{"href":"https:\/\/magnetarmagnets.com\/pl\/wp-json\/wp\/v2\/media?parent=83730"}],"wp:term":[{"taxonomy":"product_brand","embeddable":true,"href":"https:\/\/magnetarmagnets.com\/pl\/wp-json\/wp\/v2\/product_brand?post=83730"},{"taxonomy":"product_cat","embeddable":true,"href":"https:\/\/magnetarmagnets.com\/pl\/wp-json\/wp\/v2\/product_cat?post=83730"},{"taxonomy":"product_tag","embeddable":true,"href":"https:\/\/magnetarmagnets.com\/pl\/wp-json\/wp\/v2\/product_tag?post=83730"}],"curies":[{"name":"wp","href":"https:\/\/api.w.org\/{rel}","templated":true}]}}