{"id":83729,"date":"2025-06-05T09:53:06","date_gmt":"2025-06-05T07:53:06","guid":{"rendered":"https:\/\/magnetarmagnets.com\/?post_type=product&#038;p=83729"},"modified":"2026-04-17T21:33:04","modified_gmt":"2026-04-17T19:33:04","slug":"magnetyczny-podnosnik-do-wlazow-kanalizacyjnych-z-mlotkiem","status":"publish","type":"product","link":"https:\/\/magnetarmagnets.com\/pl\/shop\/magnetyczny-podnosnik-do-wlazow-kanalizacyjnych-z-mlotkiem\/","title":{"rendered":"Magnetyczny podno\u015bnik do w\u0142az\u00f3w kanalizacyjnych z m\u0142otkiem"},"content":{"rendered":"","protected":false},"excerpt":{"rendered":"<p>Czy regularnie masz do czynienia z <strong>w\u0142azami kanalizacyjnymi<\/strong>? Nasz <strong>magnetyczny hak do podnoszenia w\u0142az\u00f3w z m\u0142otkiem<\/strong> znacznie u\u0142atwi Ci prac\u0119.<\/p>\n<p>Tradycyjne podno\u015bniki do w\u0142az\u00f3w zmuszaj\u0105 do schylania si\u0119, natomiast Magnetar THOR pozwala na <strong>otwieranie r\u00f3\u017cnych w\u0142az\u00f3w w pozycji stoj\u0105cej<\/strong>. U\u017cywanie tego podno\u015bnika do w\u0142az\u00f3w z magnesem i hakiem sprawi, \u017ce praca b\u0119dzie <strong>mniej m\u0119cz\u0105ca fizycznie<\/strong>.<\/p>\n","protected":false},"featured_media":80012,"comment_status":"open","ping_status":"closed","template":"","meta":{"_acf_changed":false,"inline_featured_image":false},"product_brand":[],"product_cat":[592,596,588],"product_tag":[],"class_list":{"0":"post-83729","1":"product","2":"type-product","3":"status-publish","4":"has-post-thumbnail","6":"product_cat-akcesoria-magnetyczne","7":"product_cat-inne","8":"product_cat-sprzet","10":"first","11":"onbackorder","12":"sale","13":"taxable","14":"shipping-taxable","15":"purchasable","16":"product-type-variable"},"acf":[],"yoast_head":"<!-- This site is optimized with the Yoast SEO plugin v27.4 - https:\/\/yoast.com\/product\/yoast-seo-wordpress\/ -->\n<title>Magnetyczny podno\u015bnik do w\u0142az\u00f3w kanalizacyjnych z m\u0142otkiem - Magnetar THOR<\/title>\n<meta name=\"description\" content=\"Czy cz\u0119sto otwierasz w\u0142azy kanalizacyjne? Magnetyczny podno\u015bnik do w\u0142az\u00f3w Magnetar THOR znacznie u\u0142atwi Tw\u00f3j spos\u00f3b pracy.\" \/>\n<meta name=\"robots\" content=\"index, follow, max-snippet:-1, max-image-preview:large, max-video-preview:-1\" \/>\n<link rel=\"canonical\" href=\"https:\/\/magnetarmagnets.com\/pl\/shop\/magnetyczny-podnosnik-do-wlazow-kanalizacyjnych-z-mlotkiem\/\" \/>\n<meta property=\"og:locale\" content=\"pl_PL\" \/>\n<meta property=\"og:type\" content=\"article\" \/>\n<meta property=\"og:title\" content=\"Magnetyczny podno\u015bnik do w\u0142az\u00f3w kanalizacyjnych z m\u0142otkiem - Magnetar THOR\" \/>\n<meta property=\"og:description\" content=\"Czy cz\u0119sto otwierasz w\u0142azy kanalizacyjne? Magnetyczny podno\u015bnik do w\u0142az\u00f3w Magnetar THOR znacznie u\u0142atwi Tw\u00f3j spos\u00f3b pracy.\" \/>\n<meta property=\"og:url\" content=\"https:\/\/magnetarmagnets.com\/pl\/shop\/magnetyczny-podnosnik-do-wlazow-kanalizacyjnych-z-mlotkiem\/\" \/>\n<meta property=\"og:site_name\" content=\"Magnet fishing with a Magnetar fishing magnet\" \/>\n<meta property=\"article:publisher\" content=\"https:\/\/www.facebook.com\/fishingmagnets\/\" \/>\n<meta property=\"article:modified_time\" content=\"2026-04-17T19:33:04+00:00\" \/>\n<meta property=\"og:image\" content=\"https:\/\/magnetarmagnets.com\/wp-content\/uploads\/2023\/09\/JNF-Magnetar-Bedrijfsfotografie-01-09-2023-Foto-9955.jpg\" \/>\n\t<meta property=\"og:image:width\" content=\"1000\" \/>\n\t<meta property=\"og:image:height\" content=\"1000\" \/>\n\t<meta property=\"og:image:type\" content=\"image\/jpeg\" \/>\n<meta name=\"twitter:card\" content=\"summary_large_image\" \/>\n<meta name=\"twitter:label1\" content=\"Szacowany czas czytania\" \/>\n\t<meta name=\"twitter:data1\" content=\"3 minuty\" \/>\n<script type=\"application\/ld+json\" class=\"yoast-schema-graph\">{\"@context\":\"https:\\\/\\\/schema.org\",\"@graph\":[{\"@type\":[\"WebPage\",\"ItemPage\"],\"@id\":\"https:\\\/\\\/magnetarmagnets.com\\\/pl\\\/shop\\\/magnetyczny-podnosnik-do-wlazow-kanalizacyjnych-z-mlotkiem\\\/\",\"url\":\"https:\\\/\\\/magnetarmagnets.com\\\/pl\\\/shop\\\/magnetyczny-podnosnik-do-wlazow-kanalizacyjnych-z-mlotkiem\\\/\",\"name\":\"Magnetyczny podno\u015bnik do w\u0142az\u00f3w kanalizacyjnych z m\u0142otkiem - Magnetar THOR\",\"isPartOf\":{\"@id\":\"https:\\\/\\\/magnetarmagnets.com\\\/pl\\\/#website\"},\"primaryImageOfPage\":{\"@id\":\"https:\\\/\\\/magnetarmagnets.com\\\/pl\\\/shop\\\/magnetyczny-podnosnik-do-wlazow-kanalizacyjnych-z-mlotkiem\\\/#primaryimage\"},\"image\":{\"@id\":\"https:\\\/\\\/magnetarmagnets.com\\\/pl\\\/shop\\\/magnetyczny-podnosnik-do-wlazow-kanalizacyjnych-z-mlotkiem\\\/#primaryimage\"},\"thumbnailUrl\":\"https:\\\/\\\/magnetarmagnets.com\\\/wp-content\\\/uploads\\\/2023\\\/09\\\/JNF-Magnetar-Bedrijfsfotografie-01-09-2023-Foto-9955.jpg\",\"datePublished\":\"2025-06-05T07:53:06+00:00\",\"dateModified\":\"2026-04-17T19:33:04+00:00\",\"description\":\"Czy cz\u0119sto otwierasz w\u0142azy kanalizacyjne? Magnetyczny podno\u015bnik do w\u0142az\u00f3w Magnetar THOR znacznie u\u0142atwi Tw\u00f3j spos\u00f3b pracy.\",\"breadcrumb\":{\"@id\":\"https:\\\/\\\/magnetarmagnets.com\\\/pl\\\/shop\\\/magnetyczny-podnosnik-do-wlazow-kanalizacyjnych-z-mlotkiem\\\/#breadcrumb\"},\"inLanguage\":\"pl-PL\",\"potentialAction\":[{\"@type\":\"ReadAction\",\"target\":[\"https:\\\/\\\/magnetarmagnets.com\\\/pl\\\/shop\\\/magnetyczny-podnosnik-do-wlazow-kanalizacyjnych-z-mlotkiem\\\/\"]}]},{\"@type\":\"ImageObject\",\"inLanguage\":\"pl-PL\",\"@id\":\"https:\\\/\\\/magnetarmagnets.com\\\/pl\\\/shop\\\/magnetyczny-podnosnik-do-wlazow-kanalizacyjnych-z-mlotkiem\\\/#primaryimage\",\"url\":\"https:\\\/\\\/magnetarmagnets.com\\\/wp-content\\\/uploads\\\/2023\\\/09\\\/JNF-Magnetar-Bedrijfsfotografie-01-09-2023-Foto-9955.jpg\",\"contentUrl\":\"https:\\\/\\\/magnetarmagnets.com\\\/wp-content\\\/uploads\\\/2023\\\/09\\\/JNF-Magnetar-Bedrijfsfotografie-01-09-2023-Foto-9955.jpg\",\"width\":1000,\"height\":1000,\"caption\":\"The Magnetar THOR is the best magnetic manhole cover lifter.\"},{\"@type\":\"BreadcrumbList\",\"@id\":\"https:\\\/\\\/magnetarmagnets.com\\\/pl\\\/shop\\\/magnetyczny-podnosnik-do-wlazow-kanalizacyjnych-z-mlotkiem\\\/#breadcrumb\",\"itemListElement\":[{\"@type\":\"ListItem\",\"position\":1,\"name\":\"Home\",\"item\":\"https:\\\/\\\/magnetarmagnets.com\\\/pl\\\/\"},{\"@type\":\"ListItem\",\"position\":2,\"name\":\"Sklep\",\"item\":\"https:\\\/\\\/magnetarmagnets.com\\\/sklep\\\/\"},{\"@type\":\"ListItem\",\"position\":3,\"name\":\"Sprz\u0119t\",\"item\":\"https:\\\/\\\/magnetarmagnets.com\\\/pl\\\/collections\\\/sprzet\\\/\"},{\"@type\":\"ListItem\",\"position\":4,\"name\":\"Akcesoria magnetyczne\",\"item\":\"https:\\\/\\\/magnetarmagnets.com\\\/pl\\\/collections\\\/sprzet\\\/akcesoria-magnetyczne\\\/\"},{\"@type\":\"ListItem\",\"position\":5,\"name\":\"Magnetyczny podno\u015bnik do w\u0142az\u00f3w kanalizacyjnych z m\u0142otkiem\"}]},{\"@type\":\"WebSite\",\"@id\":\"https:\\\/\\\/magnetarmagnets.com\\\/pl\\\/#website\",\"url\":\"https:\\\/\\\/magnetarmagnets.com\\\/pl\\\/\",\"name\":\"Magnet fishing with a Magnetar fishing magnet\",\"description\":\"Mocne magnesy do po\u0142owu na magnes\",\"publisher\":{\"@id\":\"https:\\\/\\\/magnetarmagnets.com\\\/pl\\\/#organization\"},\"potentialAction\":[{\"@type\":\"SearchAction\",\"target\":{\"@type\":\"EntryPoint\",\"urlTemplate\":\"https:\\\/\\\/magnetarmagnets.com\\\/pl\\\/?s={search_term_string}\"},\"query-input\":{\"@type\":\"PropertyValueSpecification\",\"valueRequired\":true,\"valueName\":\"search_term_string\"}}],\"inLanguage\":\"pl-PL\"},{\"@type\":\"Organization\",\"@id\":\"https:\\\/\\\/magnetarmagnets.com\\\/pl\\\/#organization\",\"name\":\"Magnetar\",\"url\":\"https:\\\/\\\/magnetarmagnets.com\\\/pl\\\/\",\"logo\":{\"@type\":\"ImageObject\",\"inLanguage\":\"pl-PL\",\"@id\":\"https:\\\/\\\/magnetarmagnets.com\\\/pl\\\/#\\\/schema\\\/logo\\\/image\\\/\",\"url\":\"https:\\\/\\\/magnetarmagnets.com\\\/wp-content\\\/uploads\\\/2025\\\/05\\\/Logo-03_PNG-Black-scaled.png\",\"contentUrl\":\"https:\\\/\\\/magnetarmagnets.com\\\/wp-content\\\/uploads\\\/2025\\\/05\\\/Logo-03_PNG-Black-scaled.png\",\"width\":2560,\"height\":1658,\"caption\":\"Magnetar\"},\"image\":{\"@id\":\"https:\\\/\\\/magnetarmagnets.com\\\/pl\\\/#\\\/schema\\\/logo\\\/image\\\/\"},\"sameAs\":[\"https:\\\/\\\/www.facebook.com\\\/fishingmagnets\\\/\",\"https:\\\/\\\/www.instagram.com\\\/magnetar_magnets\\\/\",\"https:\\\/\\\/www.linkedin.com\\\/company\\\/magnetarbv\\\/?originalSubdomain=nl\",\"https:\\\/\\\/www.youtube.com\\\/c\\\/MagnetarVismagneet\"]}]}<\/script>\n<!-- \/ Yoast SEO plugin. -->","yoast_head_json":{"title":"Magnetyczny podno\u015bnik do w\u0142az\u00f3w kanalizacyjnych z m\u0142otkiem - Magnetar THOR","description":"Czy cz\u0119sto otwierasz w\u0142azy kanalizacyjne? Magnetyczny podno\u015bnik do w\u0142az\u00f3w Magnetar THOR znacznie u\u0142atwi Tw\u00f3j spos\u00f3b pracy.","robots":{"index":"index","follow":"follow","max-snippet":"max-snippet:-1","max-image-preview":"max-image-preview:large","max-video-preview":"max-video-preview:-1"},"canonical":"https:\/\/magnetarmagnets.com\/pl\/shop\/magnetyczny-podnosnik-do-wlazow-kanalizacyjnych-z-mlotkiem\/","og_locale":"pl_PL","og_type":"article","og_title":"Magnetyczny podno\u015bnik do w\u0142az\u00f3w kanalizacyjnych z m\u0142otkiem - Magnetar THOR","og_description":"Czy cz\u0119sto otwierasz w\u0142azy kanalizacyjne? Magnetyczny podno\u015bnik do w\u0142az\u00f3w Magnetar THOR znacznie u\u0142atwi Tw\u00f3j spos\u00f3b pracy.","og_url":"https:\/\/magnetarmagnets.com\/pl\/shop\/magnetyczny-podnosnik-do-wlazow-kanalizacyjnych-z-mlotkiem\/","og_site_name":"Magnet fishing with a Magnetar fishing magnet","article_publisher":"https:\/\/www.facebook.com\/fishingmagnets\/","article_modified_time":"2026-04-17T19:33:04+00:00","og_image":[{"width":1000,"height":1000,"url":"https:\/\/magnetarmagnets.com\/wp-content\/uploads\/2023\/09\/JNF-Magnetar-Bedrijfsfotografie-01-09-2023-Foto-9955.jpg","type":"image\/jpeg"}],"twitter_card":"summary_large_image","twitter_misc":{"Szacowany czas czytania":"3 minuty"},"schema":{"@context":"https:\/\/schema.org","@graph":[{"@type":["WebPage","ItemPage"],"@id":"https:\/\/magnetarmagnets.com\/pl\/shop\/magnetyczny-podnosnik-do-wlazow-kanalizacyjnych-z-mlotkiem\/","url":"https:\/\/magnetarmagnets.com\/pl\/shop\/magnetyczny-podnosnik-do-wlazow-kanalizacyjnych-z-mlotkiem\/","name":"Magnetyczny podno\u015bnik do w\u0142az\u00f3w kanalizacyjnych z m\u0142otkiem - Magnetar THOR","isPartOf":{"@id":"https:\/\/magnetarmagnets.com\/pl\/#website"},"primaryImageOfPage":{"@id":"https:\/\/magnetarmagnets.com\/pl\/shop\/magnetyczny-podnosnik-do-wlazow-kanalizacyjnych-z-mlotkiem\/#primaryimage"},"image":{"@id":"https:\/\/magnetarmagnets.com\/pl\/shop\/magnetyczny-podnosnik-do-wlazow-kanalizacyjnych-z-mlotkiem\/#primaryimage"},"thumbnailUrl":"https:\/\/magnetarmagnets.com\/wp-content\/uploads\/2023\/09\/JNF-Magnetar-Bedrijfsfotografie-01-09-2023-Foto-9955.jpg","datePublished":"2025-06-05T07:53:06+00:00","dateModified":"2026-04-17T19:33:04+00:00","description":"Czy cz\u0119sto otwierasz w\u0142azy kanalizacyjne? Magnetyczny podno\u015bnik do w\u0142az\u00f3w Magnetar THOR znacznie u\u0142atwi Tw\u00f3j spos\u00f3b pracy.","breadcrumb":{"@id":"https:\/\/magnetarmagnets.com\/pl\/shop\/magnetyczny-podnosnik-do-wlazow-kanalizacyjnych-z-mlotkiem\/#breadcrumb"},"inLanguage":"pl-PL","potentialAction":[{"@type":"ReadAction","target":["https:\/\/magnetarmagnets.com\/pl\/shop\/magnetyczny-podnosnik-do-wlazow-kanalizacyjnych-z-mlotkiem\/"]}]},{"@type":"ImageObject","inLanguage":"pl-PL","@id":"https:\/\/magnetarmagnets.com\/pl\/shop\/magnetyczny-podnosnik-do-wlazow-kanalizacyjnych-z-mlotkiem\/#primaryimage","url":"https:\/\/magnetarmagnets.com\/wp-content\/uploads\/2023\/09\/JNF-Magnetar-Bedrijfsfotografie-01-09-2023-Foto-9955.jpg","contentUrl":"https:\/\/magnetarmagnets.com\/wp-content\/uploads\/2023\/09\/JNF-Magnetar-Bedrijfsfotografie-01-09-2023-Foto-9955.jpg","width":1000,"height":1000,"caption":"The Magnetar THOR is the best magnetic manhole cover lifter."},{"@type":"BreadcrumbList","@id":"https:\/\/magnetarmagnets.com\/pl\/shop\/magnetyczny-podnosnik-do-wlazow-kanalizacyjnych-z-mlotkiem\/#breadcrumb","itemListElement":[{"@type":"ListItem","position":1,"name":"Home","item":"https:\/\/magnetarmagnets.com\/pl\/"},{"@type":"ListItem","position":2,"name":"Sklep","item":"https:\/\/magnetarmagnets.com\/sklep\/"},{"@type":"ListItem","position":3,"name":"Sprz\u0119t","item":"https:\/\/magnetarmagnets.com\/pl\/collections\/sprzet\/"},{"@type":"ListItem","position":4,"name":"Akcesoria magnetyczne","item":"https:\/\/magnetarmagnets.com\/pl\/collections\/sprzet\/akcesoria-magnetyczne\/"},{"@type":"ListItem","position":5,"name":"Magnetyczny podno\u015bnik do w\u0142az\u00f3w kanalizacyjnych z m\u0142otkiem"}]},{"@type":"WebSite","@id":"https:\/\/magnetarmagnets.com\/pl\/#website","url":"https:\/\/magnetarmagnets.com\/pl\/","name":"Magnet fishing with a Magnetar fishing magnet","description":"Mocne magnesy do po\u0142owu na magnes","publisher":{"@id":"https:\/\/magnetarmagnets.com\/pl\/#organization"},"potentialAction":[{"@type":"SearchAction","target":{"@type":"EntryPoint","urlTemplate":"https:\/\/magnetarmagnets.com\/pl\/?s={search_term_string}"},"query-input":{"@type":"PropertyValueSpecification","valueRequired":true,"valueName":"search_term_string"}}],"inLanguage":"pl-PL"},{"@type":"Organization","@id":"https:\/\/magnetarmagnets.com\/pl\/#organization","name":"Magnetar","url":"https:\/\/magnetarmagnets.com\/pl\/","logo":{"@type":"ImageObject","inLanguage":"pl-PL","@id":"https:\/\/magnetarmagnets.com\/pl\/#\/schema\/logo\/image\/","url":"https:\/\/magnetarmagnets.com\/wp-content\/uploads\/2025\/05\/Logo-03_PNG-Black-scaled.png","contentUrl":"https:\/\/magnetarmagnets.com\/wp-content\/uploads\/2025\/05\/Logo-03_PNG-Black-scaled.png","width":2560,"height":1658,"caption":"Magnetar"},"image":{"@id":"https:\/\/magnetarmagnets.com\/pl\/#\/schema\/logo\/image\/"},"sameAs":["https:\/\/www.facebook.com\/fishingmagnets\/","https:\/\/www.instagram.com\/magnetar_magnets\/","https:\/\/www.linkedin.com\/company\/magnetarbv\/?originalSubdomain=nl","https:\/\/www.youtube.com\/c\/MagnetarVismagneet"]}]}},"_links":{"self":[{"href":"https:\/\/magnetarmagnets.com\/pl\/wp-json\/wp\/v2\/product\/83729","targetHints":{"allow":["GET"]}}],"collection":[{"href":"https:\/\/magnetarmagnets.com\/pl\/wp-json\/wp\/v2\/product"}],"about":[{"href":"https:\/\/magnetarmagnets.com\/pl\/wp-json\/wp\/v2\/types\/product"}],"replies":[{"embeddable":true,"href":"https:\/\/magnetarmagnets.com\/pl\/wp-json\/wp\/v2\/comments?post=83729"}],"version-history":[{"count":2,"href":"https:\/\/magnetarmagnets.com\/pl\/wp-json\/wp\/v2\/product\/83729\/revisions"}],"predecessor-version":[{"id":97546,"href":"https:\/\/magnetarmagnets.com\/pl\/wp-json\/wp\/v2\/product\/83729\/revisions\/97546"}],"wp:featuredmedia":[{"embeddable":true,"href":"https:\/\/magnetarmagnets.com\/pl\/wp-json\/wp\/v2\/media\/80012"}],"wp:attachment":[{"href":"https:\/\/magnetarmagnets.com\/pl\/wp-json\/wp\/v2\/media?parent=83729"}],"wp:term":[{"taxonomy":"product_brand","embeddable":true,"href":"https:\/\/magnetarmagnets.com\/pl\/wp-json\/wp\/v2\/product_brand?post=83729"},{"taxonomy":"product_cat","embeddable":true,"href":"https:\/\/magnetarmagnets.com\/pl\/wp-json\/wp\/v2\/product_cat?post=83729"},{"taxonomy":"product_tag","embeddable":true,"href":"https:\/\/magnetarmagnets.com\/pl\/wp-json\/wp\/v2\/product_tag?post=83729"}],"curies":[{"name":"wp","href":"https:\/\/api.w.org\/{rel}","templated":true}]}}