{"id":83727,"date":"2025-06-05T09:53:06","date_gmt":"2025-06-05T07:53:06","guid":{"rendered":"https:\/\/magnetarmagnets.com\/?post_type=product&#038;p=83727"},"modified":"2026-04-18T00:43:17","modified_gmt":"2026-04-17T22:43:17","slug":"pakiet-savage-1600-kg-uniwersalny-360","status":"publish","type":"product","link":"https:\/\/magnetarmagnets.com\/pl\/shop\/pakiet-savage-1600-kg-uniwersalny-360\/","title":{"rendered":"Pakiet Savage &#8211; 1600 kg &#8211; Uniwersalny 360\u00b0"},"content":{"rendered":"Czy jeste\u015b do\u015bwiadczonym w\u0119dkarzem magnetycznym, poszukuj\u0105cym najlepszych materia\u0142\u00f3w? Nasz pakiet Savage zosta\u0142 stworzony z my\u015bl\u0105 o Tobie! Ten kompletny zestaw magnes\u00f3w do \u0142owienia magnesem zawiera wszystko, czego kiedykolwiek b\u0119dziesz potrzebowa\u0107 nad wod\u0105. Pakiet skupia si\u0119 na Barbarianie, najsilniejszym w\u0119dkarskim magnesie w Europie. W zestawie znajduje si\u0119 haka z zaciskiem, r\u0119kawice, lina o \u015brednicy 10 mm, klej do blokowania magnesu oraz ochronna os\u0142ona na magnes.\n\nWolisz troch\u0119 mniej pot\u0119\u017cny magnes? Pakiety <a href=\"https:\/\/magnetarmagnets.com\/shop\/legend-package\">Legend<\/a> i <a href=\"https:\/\/magnetarmagnets.com\/shop\/expert-package\">Expert<\/a> b\u0119d\u0105 dla Ciebie odpowiednie.\n\n<h2>Neodymowy magnes w\u0119dkarski Barbarian<\/h2>\n\nBarbarian to uniwersalny magnes 360\u00b0. Z si\u0142\u0105 przyci\u0105gania magnetycznego wynosz\u0105c\u0105 400 kg z ka\u017cdej strony, \u0142\u0105czna si\u0142a Barbariana wynosi a\u017c 1600 kg. To jeden z najsilniejszych magnes\u00f3w u\u017cywanych w \u0142owieniu magnesem. Oczywi\u015bcie produkt wykonany jest w 100% z neodymu, co gwarantuje doskona\u0142\u0105 i trwa\u0142\u0105 jako\u015b\u0107.\n\n<h2>Czy jeste\u015b gotowy na Barbariana?<\/h2>\n\nBarbarian to nasz najci\u0119\u017cszy i najpot\u0119\u017cniejszy magnes. Ogromny magnes wa\u017cy 2400 g i zanurza si\u0119 g\u0142\u0119boko w wodzie, nawet w mu\u0142. Daje to mo\u017cliwo\u015b\u0107 wyci\u0105gania najstarszych i najcenniejszych przedmiot\u00f3w, kt\u00f3re przez lata by\u0142y ukryte pod wod\u0105. Jednak ze wzgl\u0119du na swoj\u0105 du\u017c\u0105 wag\u0119 magnes ten nie jest odpowiedni dla ka\u017cdego.\n\n\n\nSzukasz mniejszego uniwersalnego magnesu? Sprawd\u017a modele Easy, Hardcore, Terror lub Beast. Te magnesy maj\u0105 podobne w\u0142a\u015bciwo\u015bci do Barbariana, ale s\u0105 nieco mniejsze i bezpieczniejsze w u\u017cyciu.\n\n<h2>Ewolucja magnes\u00f3w<\/h2>\n\nWiele magnes\u00f3w przyci\u0105ga na jednej stronie \u2013 to klasyczny magnes do \u0142owienia magnesem. Magnetar jako pierwsza firma przekszta\u0142ci\u0142a ten klasyczny magnes w magnes dwustronny. W 2016 roku Magnetar wprowadzi\u0142 uniwersalny magnes 360\u00b0 z ci\u0105g\u0142ym dzia\u0142aniem magnetycznym. W\u0119dkarze magnetyczni w ca\u0142ej UE od tamtej pory wybieraj\u0105 nasze magnesy z 100% neodymu, co czyni nas #1 dostawc\u0105 w Europie. Nasze magnesy s\u0105 wytwarzane z najwy\u017csz\u0105 jako\u015bci\u0105, projektowane z pasj\u0105 przez zesp\u00f3\u0142 entuzjast\u00f3w \u0142owienia magnesem. Nasi klienci wracaj\u0105, bo wiedz\u0105, \u017ce z Magnetar otrzymuj\u0105 nie tylko magnes, ale te\u017c skarby.\n\n<h2><strong>Pot\u0119\u017cna si\u0142a przyci\u0105gania 360\u00b0<\/strong><\/h2>\n\nMagnes Beast jest jednym z najsilniejszych magnes\u00f3w, jakie oferujemy (si\u0142a przyci\u0105gania do 1400 kg). Si\u0142a Beast jest wystarczaj\u0105co silna, aby przyci\u0105ga\u0107 przedmioty ze wszystkich kierunk\u00f3w, w przeciwie\u0144stwie do magnes\u00f3w jednostronnych zamkni\u0119tych w stalowej obudowie, kt\u00f3re kieruj\u0105 si\u0142\u0119 w jednym kierunku. Ciekawi Ci\u0119, jak mierzymy si\u0142\u0119 przyci\u0105gania? <a href=\"https:\/\/www.youtube.com\/watch?v=2McW3RURDxs\" target=\"_blank\" rel=\"noopener\">Obejrzyj nasz film o pomiarach si\u0142y przyci\u0105gania<\/a>.\n\n<h2>Wysoka jako\u015b\u0107<\/h2>\n\nNasze magnesy do \u0142owienia magnesem s\u0105 wykonane w 100% z neodymu. Magnesy Magnetar zachowuj\u0105 swoj\u0105 si\u0142\u0119 nawet przez dziesi\u0119ciolecia, trac\u0105c tylko 1% ka\u017cdej setki lat (przy odpowiednim przechowywaniu i dbaniu).\n\n\n\nWi\u0119kszo\u015b\u0107 innych dostawc\u00f3w prezentuje utrat\u0119 si\u0142y ju\u017c po kilku tygodniach. W ostatnich latach na rynku pojawi\u0142o si\u0119 coraz wi\u0119cej magnes\u00f3w niskiej jako\u015bci: wi\u0119ksze, lecz o s\u0142abszej sile dzia\u0142ania, z niskiej jako\u015bci neodymu, z fa\u0142szyw\u0105 reklam\u0105. Kupuj\u0105c taki magnes taniej, cz\u0119sto ko\u0144czysz rozczarowany, mimo pocz\u0105tkowej oszcz\u0119dno\u015bci.\n\n\n\nMagnetar to ma\u0142a rodzinna firma, dla kt\u00f3rej jako\u015b\u0107 jest na pierwszym miejscu. Jeste\u015bmy zapalonymi entuzjastami \u0142owienia magnesem, a wszystkie nasze magnesy s\u0105 projektowane, tworzone i produkowane przez nasz zesp\u00f3\u0142, aby zapewni\u0107 Ci najlepszy stosunek jako\u015bci do ceny (lub do skarb\u00f3w wychwyconych Twoim magnesem!). Je\u015bli szukasz niezawodnego, skutecznego i pot\u0119\u017cnego magnesu do \u0142owienia magnesem, dobrze trafi\u0142e\u015b. Ch\u0119tnie us\u0142yszymy od Ciebie, <a href=\"info@magnetarmagnets.com\">skontaktuj si\u0119 z nami<\/a>.\n\n<h2>Os\u0142ona ochronna<\/h2>\n\nOs\u0142ona ochronna do\u0142\u0105czona do tego pakietu jest idealnym dodatkiem dla w\u0119dkarzy magnetycznych, kt\u00f3rzy chc\u0105 chroni\u0107 swoje magnesy neodymowe podczas u\u017cytkowania. Te wytrzyma\u0142e os\u0142ony zosta\u0142y specjalnie zaprojektowane, by idealnie pasowa\u0107 na magnes i zapewni\u0107 dodatkow\u0105 warstw\u0119 ochrony przed zadrapaniami, p\u0119kni\u0119ciami i innymi uszkodzeniami. Nasze os\u0142ony s\u0105 trwa\u0142e i wytrzymuj\u0105 najtrudniejsze warunki. Os\u0142ona ochronna wykonana jest ze stali nierdzewnej. Dzi\u0119ki temu Tw\u00f3j magnes zachowuje si\u0142\u0119 magnetyczn\u0105 360\u00b0. Z naszymi os\u0142onami mo\u017cesz cieszy\u0107 si\u0119 \u0142owieniem magnesem bez obaw o uszkodzenia warto\u015bciowego magnesu.\n\n\n\n(Prosimy mie\u0107 na uwadze, \u017ce dolna cz\u0119\u015b\u0107 magnesu nie jest chroniona przez os\u0142on\u0119)\n\n<h2><b>U\u017cywaj z ostro\u017cno\u015bci\u0105<\/b><\/h2>\n\nNasze magnesy neodymowe to <a href=\"https:\/\/magnetarmagnets.com\/strong-fishing-magnets\/?v=796834e7a283\" target=\"_blank\" rel=\"noopener\">najsilniejsze magnesy do \u0142owienia magnesem<\/a> i mog\u0105 gwa\u0142townie przyci\u0105ga\u0107 obiekty \u017celazne, gdy znajduj\u0105 si\u0119 w bliskiej odleg\u0142o\u015bci. Przy silniejszych magnesach, takich jak uniwersalny magnes 360\u00b0, istnieje ryzyko, \u017ce palce mog\u0105 zosta\u0107 z\u0142apane pomi\u0119dzy magnesem a innymi przedmiotami. Obs\u0142uguj magnesy ostro\u017cnie i korzystaj z nich na w\u0142asne ryzyko. Zawsze zapoznaj si\u0119 z naszymi ostrze\u017ceniami dotycz\u0105cymi bezpiecze\u0144stwa przed u\u017cyciem.\n\n\n\n* Dzieci musz\u0105 korzysta\u0107 z magnesu pod nadzorem rodzic\u00f3w.\n\n\n\nNie zapomnij sprawdzi\u0107 naszych <a href=\"https:\/\/magnetarmagnets.com\/collections\/fishing-magnets\/magnet-fishing-kit\/?v=796834e7a283\" target=\"_blank\" rel=\"noopener\">zestaw\u00f3w do \u0142owienia magnesem<\/a> oraz <a href=\"https:\/\/magnetarmagnets.com\/accessories\/?v=796834e7a283\" target=\"_blank\" rel=\"noopener\">akcesori\u00f3w do \u0142owienia magnesem<\/a>.","protected":false},"excerpt":{"rendered":"<p>Kompletny <strong>pakiet Savage<\/strong> zawiera wszystko, czego potrzebujesz do \u0142owienia magnesem, w tym nasz popularny <strong>uniwersalny magnes 360\u00b0 Barbarian<\/strong>.<\/p>\n","protected":false},"featured_media":78908,"comment_status":"open","ping_status":"closed","template":"","meta":{"_acf_changed":false,"inline_featured_image":false},"product_brand":[],"product_cat":[703,698,701,93,64,706],"product_tag":[],"class_list":{"0":"post-83727","1":"product","2":"type-product","3":"status-publish","4":"has-post-thumbnail","6":"product_cat-allround-magnets-360","7":"product_cat-fishing-magnets","8":"product_cat-strongest-fishing-magnets","9":"product_cat-advanced","10":"product_cat-all-products","11":"product_cat-magnet-fishing-kit","13":"first","14":"instock","15":"sale","16":"taxable","17":"shipping-taxable","18":"purchasable","19":"product-type-simple"},"acf":[],"yoast_head":"<!-- This site is optimized with the Yoast SEO plugin v27.4 - https:\/\/yoast.com\/product\/yoast-seo-wordpress\/ -->\n<title>Pakiet Savage - 1600 kg - Uniwersalny 360\u00b0 - Magnetar<\/title>\n<meta name=\"description\" content=\"Zestaw Savage - 1800 kg - magnet 360\u00b0 Magnetar\" \/>\n<meta name=\"robots\" content=\"index, follow, max-snippet:-1, max-image-preview:large, max-video-preview:-1\" \/>\n<link rel=\"canonical\" href=\"https:\/\/magnetarmagnets.com\/pl\/shop\/pakiet-savage-1600-kg-uniwersalny-360\/\" \/>\n<meta property=\"og:locale\" content=\"pl_PL\" \/>\n<meta property=\"og:type\" content=\"article\" \/>\n<meta property=\"og:title\" content=\"Pakiet Savage - 1600 kg - Uniwersalny 360\u00b0 - Magnetar\" \/>\n<meta property=\"og:description\" content=\"Zestaw Savage - 1800 kg - magnet 360\u00b0 Magnetar\" \/>\n<meta property=\"og:url\" content=\"https:\/\/magnetarmagnets.com\/pl\/shop\/pakiet-savage-1600-kg-uniwersalny-360\/\" \/>\n<meta property=\"og:site_name\" content=\"Magnet fishing with a Magnetar fishing magnet\" \/>\n<meta property=\"article:publisher\" content=\"https:\/\/www.facebook.com\/fishingmagnets\/\" \/>\n<meta property=\"article:modified_time\" content=\"2026-04-17T22:43:17+00:00\" \/>\n<meta property=\"og:image\" content=\"https:\/\/magnetarmagnets.com\/wp-content\/uploads\/2021\/10\/MAGNETAR-SAVAGE-KIT-GOOGLE.jpg\" \/>\n\t<meta property=\"og:image:width\" content=\"1500\" \/>\n\t<meta property=\"og:image:height\" content=\"1500\" \/>\n\t<meta property=\"og:image:type\" content=\"image\/jpeg\" \/>\n<meta name=\"twitter:card\" content=\"summary_large_image\" \/>\n<meta name=\"twitter:label1\" content=\"Szacowany czas czytania\" \/>\n\t<meta name=\"twitter:data1\" content=\"4 minuty\" \/>\n<script type=\"application\/ld+json\" class=\"yoast-schema-graph\">{\"@context\":\"https:\\\/\\\/schema.org\",\"@graph\":[{\"@type\":[\"WebPage\",\"ItemPage\"],\"@id\":\"https:\\\/\\\/magnetarmagnets.com\\\/pl\\\/shop\\\/pakiet-savage-1600-kg-uniwersalny-360\\\/\",\"url\":\"https:\\\/\\\/magnetarmagnets.com\\\/pl\\\/shop\\\/pakiet-savage-1600-kg-uniwersalny-360\\\/\",\"name\":\"Pakiet Savage - 1600 kg - Uniwersalny 360\u00b0 - Magnetar\",\"isPartOf\":{\"@id\":\"https:\\\/\\\/magnetarmagnets.com\\\/pl\\\/#website\"},\"primaryImageOfPage\":{\"@id\":\"https:\\\/\\\/magnetarmagnets.com\\\/pl\\\/shop\\\/pakiet-savage-1600-kg-uniwersalny-360\\\/#primaryimage\"},\"image\":{\"@id\":\"https:\\\/\\\/magnetarmagnets.com\\\/pl\\\/shop\\\/pakiet-savage-1600-kg-uniwersalny-360\\\/#primaryimage\"},\"thumbnailUrl\":\"https:\\\/\\\/magnetarmagnets.com\\\/wp-content\\\/uploads\\\/2021\\\/10\\\/MAGNETAR-SAVAGE-KIT-GOOGLE.jpg\",\"datePublished\":\"2025-06-05T07:53:06+00:00\",\"dateModified\":\"2026-04-17T22:43:17+00:00\",\"description\":\"Zestaw Savage - 1800 kg - magnet 360\u00b0 Magnetar\",\"breadcrumb\":{\"@id\":\"https:\\\/\\\/magnetarmagnets.com\\\/pl\\\/shop\\\/pakiet-savage-1600-kg-uniwersalny-360\\\/#breadcrumb\"},\"inLanguage\":\"pl-PL\",\"potentialAction\":[{\"@type\":\"ReadAction\",\"target\":[\"https:\\\/\\\/magnetarmagnets.com\\\/pl\\\/shop\\\/pakiet-savage-1600-kg-uniwersalny-360\\\/\"]}]},{\"@type\":\"ImageObject\",\"inLanguage\":\"pl-PL\",\"@id\":\"https:\\\/\\\/magnetarmagnets.com\\\/pl\\\/shop\\\/pakiet-savage-1600-kg-uniwersalny-360\\\/#primaryimage\",\"url\":\"https:\\\/\\\/magnetarmagnets.com\\\/wp-content\\\/uploads\\\/2021\\\/10\\\/MAGNETAR-SAVAGE-KIT-GOOGLE.jpg\",\"contentUrl\":\"https:\\\/\\\/magnetarmagnets.com\\\/wp-content\\\/uploads\\\/2021\\\/10\\\/MAGNETAR-SAVAGE-KIT-GOOGLE.jpg\",\"width\":1500,\"height\":1500,\"caption\":\"magnetar-savage-kit-magneetvissen\"},{\"@type\":\"BreadcrumbList\",\"@id\":\"https:\\\/\\\/magnetarmagnets.com\\\/pl\\\/shop\\\/pakiet-savage-1600-kg-uniwersalny-360\\\/#breadcrumb\",\"itemListElement\":[{\"@type\":\"ListItem\",\"position\":1,\"name\":\"Home\",\"item\":\"https:\\\/\\\/magnetarmagnets.com\\\/pl\\\/\"},{\"@type\":\"ListItem\",\"position\":2,\"name\":\"Sklep\",\"item\":\"https:\\\/\\\/magnetarmagnets.com\\\/sklep\\\/\"},{\"@type\":\"ListItem\",\"position\":3,\"name\":\"Magnesy do \u0142owienia\",\"item\":\"https:\\\/\\\/magnetarmagnets.com\\\/pl\\\/collections\\\/magnesy-do-lowienia\\\/\"},{\"@type\":\"ListItem\",\"position\":4,\"name\":\"Allround magnesy do \u0142owienia 360\u00b0\",\"item\":\"https:\\\/\\\/magnetarmagnets.com\\\/pl\\\/collections\\\/magnesy-do-lowienia\\\/allround-magnesy-do-lowienia-360\\\/\"},{\"@type\":\"ListItem\",\"position\":5,\"name\":\"Pakiet Savage &#8211; 1600 kg &#8211; Uniwersalny 360\u00b0\"}]},{\"@type\":\"WebSite\",\"@id\":\"https:\\\/\\\/magnetarmagnets.com\\\/pl\\\/#website\",\"url\":\"https:\\\/\\\/magnetarmagnets.com\\\/pl\\\/\",\"name\":\"Magnet fishing with a Magnetar fishing magnet\",\"description\":\"Mocne magnesy do po\u0142owu na magnes\",\"publisher\":{\"@id\":\"https:\\\/\\\/magnetarmagnets.com\\\/pl\\\/#organization\"},\"potentialAction\":[{\"@type\":\"SearchAction\",\"target\":{\"@type\":\"EntryPoint\",\"urlTemplate\":\"https:\\\/\\\/magnetarmagnets.com\\\/pl\\\/?s={search_term_string}\"},\"query-input\":{\"@type\":\"PropertyValueSpecification\",\"valueRequired\":true,\"valueName\":\"search_term_string\"}}],\"inLanguage\":\"pl-PL\"},{\"@type\":\"Organization\",\"@id\":\"https:\\\/\\\/magnetarmagnets.com\\\/pl\\\/#organization\",\"name\":\"Magnetar\",\"url\":\"https:\\\/\\\/magnetarmagnets.com\\\/pl\\\/\",\"logo\":{\"@type\":\"ImageObject\",\"inLanguage\":\"pl-PL\",\"@id\":\"https:\\\/\\\/magnetarmagnets.com\\\/pl\\\/#\\\/schema\\\/logo\\\/image\\\/\",\"url\":\"https:\\\/\\\/magnetarmagnets.com\\\/wp-content\\\/uploads\\\/2025\\\/05\\\/Logo-03_PNG-Black-scaled.png\",\"contentUrl\":\"https:\\\/\\\/magnetarmagnets.com\\\/wp-content\\\/uploads\\\/2025\\\/05\\\/Logo-03_PNG-Black-scaled.png\",\"width\":2560,\"height\":1658,\"caption\":\"Magnetar\"},\"image\":{\"@id\":\"https:\\\/\\\/magnetarmagnets.com\\\/pl\\\/#\\\/schema\\\/logo\\\/image\\\/\"},\"sameAs\":[\"https:\\\/\\\/www.facebook.com\\\/fishingmagnets\\\/\",\"https:\\\/\\\/www.instagram.com\\\/magnetar_magnets\\\/\",\"https:\\\/\\\/www.linkedin.com\\\/company\\\/magnetarbv\\\/?originalSubdomain=nl\",\"https:\\\/\\\/www.youtube.com\\\/c\\\/MagnetarVismagneet\"]}]}<\/script>\n<!-- \/ Yoast SEO plugin. -->","yoast_head_json":{"title":"Pakiet Savage - 1600 kg - Uniwersalny 360\u00b0 - Magnetar","description":"Zestaw Savage - 1800 kg - magnet 360\u00b0 Magnetar","robots":{"index":"index","follow":"follow","max-snippet":"max-snippet:-1","max-image-preview":"max-image-preview:large","max-video-preview":"max-video-preview:-1"},"canonical":"https:\/\/magnetarmagnets.com\/pl\/shop\/pakiet-savage-1600-kg-uniwersalny-360\/","og_locale":"pl_PL","og_type":"article","og_title":"Pakiet Savage - 1600 kg - Uniwersalny 360\u00b0 - Magnetar","og_description":"Zestaw Savage - 1800 kg - magnet 360\u00b0 Magnetar","og_url":"https:\/\/magnetarmagnets.com\/pl\/shop\/pakiet-savage-1600-kg-uniwersalny-360\/","og_site_name":"Magnet fishing with a Magnetar fishing magnet","article_publisher":"https:\/\/www.facebook.com\/fishingmagnets\/","article_modified_time":"2026-04-17T22:43:17+00:00","og_image":[{"width":1500,"height":1500,"url":"https:\/\/magnetarmagnets.com\/wp-content\/uploads\/2021\/10\/MAGNETAR-SAVAGE-KIT-GOOGLE.jpg","type":"image\/jpeg"}],"twitter_card":"summary_large_image","twitter_misc":{"Szacowany czas czytania":"4 minuty"},"schema":{"@context":"https:\/\/schema.org","@graph":[{"@type":["WebPage","ItemPage"],"@id":"https:\/\/magnetarmagnets.com\/pl\/shop\/pakiet-savage-1600-kg-uniwersalny-360\/","url":"https:\/\/magnetarmagnets.com\/pl\/shop\/pakiet-savage-1600-kg-uniwersalny-360\/","name":"Pakiet Savage - 1600 kg - Uniwersalny 360\u00b0 - Magnetar","isPartOf":{"@id":"https:\/\/magnetarmagnets.com\/pl\/#website"},"primaryImageOfPage":{"@id":"https:\/\/magnetarmagnets.com\/pl\/shop\/pakiet-savage-1600-kg-uniwersalny-360\/#primaryimage"},"image":{"@id":"https:\/\/magnetarmagnets.com\/pl\/shop\/pakiet-savage-1600-kg-uniwersalny-360\/#primaryimage"},"thumbnailUrl":"https:\/\/magnetarmagnets.com\/wp-content\/uploads\/2021\/10\/MAGNETAR-SAVAGE-KIT-GOOGLE.jpg","datePublished":"2025-06-05T07:53:06+00:00","dateModified":"2026-04-17T22:43:17+00:00","description":"Zestaw Savage - 1800 kg - magnet 360\u00b0 Magnetar","breadcrumb":{"@id":"https:\/\/magnetarmagnets.com\/pl\/shop\/pakiet-savage-1600-kg-uniwersalny-360\/#breadcrumb"},"inLanguage":"pl-PL","potentialAction":[{"@type":"ReadAction","target":["https:\/\/magnetarmagnets.com\/pl\/shop\/pakiet-savage-1600-kg-uniwersalny-360\/"]}]},{"@type":"ImageObject","inLanguage":"pl-PL","@id":"https:\/\/magnetarmagnets.com\/pl\/shop\/pakiet-savage-1600-kg-uniwersalny-360\/#primaryimage","url":"https:\/\/magnetarmagnets.com\/wp-content\/uploads\/2021\/10\/MAGNETAR-SAVAGE-KIT-GOOGLE.jpg","contentUrl":"https:\/\/magnetarmagnets.com\/wp-content\/uploads\/2021\/10\/MAGNETAR-SAVAGE-KIT-GOOGLE.jpg","width":1500,"height":1500,"caption":"magnetar-savage-kit-magneetvissen"},{"@type":"BreadcrumbList","@id":"https:\/\/magnetarmagnets.com\/pl\/shop\/pakiet-savage-1600-kg-uniwersalny-360\/#breadcrumb","itemListElement":[{"@type":"ListItem","position":1,"name":"Home","item":"https:\/\/magnetarmagnets.com\/pl\/"},{"@type":"ListItem","position":2,"name":"Sklep","item":"https:\/\/magnetarmagnets.com\/sklep\/"},{"@type":"ListItem","position":3,"name":"Magnesy do \u0142owienia","item":"https:\/\/magnetarmagnets.com\/pl\/collections\/magnesy-do-lowienia\/"},{"@type":"ListItem","position":4,"name":"Allround magnesy do \u0142owienia 360\u00b0","item":"https:\/\/magnetarmagnets.com\/pl\/collections\/magnesy-do-lowienia\/allround-magnesy-do-lowienia-360\/"},{"@type":"ListItem","position":5,"name":"Pakiet Savage &#8211; 1600 kg &#8211; Uniwersalny 360\u00b0"}]},{"@type":"WebSite","@id":"https:\/\/magnetarmagnets.com\/pl\/#website","url":"https:\/\/magnetarmagnets.com\/pl\/","name":"Magnet fishing with a Magnetar fishing magnet","description":"Mocne magnesy do po\u0142owu na magnes","publisher":{"@id":"https:\/\/magnetarmagnets.com\/pl\/#organization"},"potentialAction":[{"@type":"SearchAction","target":{"@type":"EntryPoint","urlTemplate":"https:\/\/magnetarmagnets.com\/pl\/?s={search_term_string}"},"query-input":{"@type":"PropertyValueSpecification","valueRequired":true,"valueName":"search_term_string"}}],"inLanguage":"pl-PL"},{"@type":"Organization","@id":"https:\/\/magnetarmagnets.com\/pl\/#organization","name":"Magnetar","url":"https:\/\/magnetarmagnets.com\/pl\/","logo":{"@type":"ImageObject","inLanguage":"pl-PL","@id":"https:\/\/magnetarmagnets.com\/pl\/#\/schema\/logo\/image\/","url":"https:\/\/magnetarmagnets.com\/wp-content\/uploads\/2025\/05\/Logo-03_PNG-Black-scaled.png","contentUrl":"https:\/\/magnetarmagnets.com\/wp-content\/uploads\/2025\/05\/Logo-03_PNG-Black-scaled.png","width":2560,"height":1658,"caption":"Magnetar"},"image":{"@id":"https:\/\/magnetarmagnets.com\/pl\/#\/schema\/logo\/image\/"},"sameAs":["https:\/\/www.facebook.com\/fishingmagnets\/","https:\/\/www.instagram.com\/magnetar_magnets\/","https:\/\/www.linkedin.com\/company\/magnetarbv\/?originalSubdomain=nl","https:\/\/www.youtube.com\/c\/MagnetarVismagneet"]}]}},"_links":{"self":[{"href":"https:\/\/magnetarmagnets.com\/pl\/wp-json\/wp\/v2\/product\/83727","targetHints":{"allow":["GET"]}}],"collection":[{"href":"https:\/\/magnetarmagnets.com\/pl\/wp-json\/wp\/v2\/product"}],"about":[{"href":"https:\/\/magnetarmagnets.com\/pl\/wp-json\/wp\/v2\/types\/product"}],"replies":[{"embeddable":true,"href":"https:\/\/magnetarmagnets.com\/pl\/wp-json\/wp\/v2\/comments?post=83727"}],"version-history":[{"count":1,"href":"https:\/\/magnetarmagnets.com\/pl\/wp-json\/wp\/v2\/product\/83727\/revisions"}],"predecessor-version":[{"id":94680,"href":"https:\/\/magnetarmagnets.com\/pl\/wp-json\/wp\/v2\/product\/83727\/revisions\/94680"}],"wp:featuredmedia":[{"embeddable":true,"href":"https:\/\/magnetarmagnets.com\/pl\/wp-json\/wp\/v2\/media\/78908"}],"wp:attachment":[{"href":"https:\/\/magnetarmagnets.com\/pl\/wp-json\/wp\/v2\/media?parent=83727"}],"wp:term":[{"taxonomy":"product_brand","embeddable":true,"href":"https:\/\/magnetarmagnets.com\/pl\/wp-json\/wp\/v2\/product_brand?post=83727"},{"taxonomy":"product_cat","embeddable":true,"href":"https:\/\/magnetarmagnets.com\/pl\/wp-json\/wp\/v2\/product_cat?post=83727"},{"taxonomy":"product_tag","embeddable":true,"href":"https:\/\/magnetarmagnets.com\/pl\/wp-json\/wp\/v2\/product_tag?post=83727"}],"curies":[{"name":"wp","href":"https:\/\/api.w.org\/{rel}","templated":true}]}}