{"id":83711,"date":"2025-06-05T09:53:45","date_gmt":"2025-06-05T07:53:45","guid":{"rendered":"https:\/\/magnetarmagnets.com\/?post_type=product&#038;p=83711"},"modified":"2026-04-08T19:45:29","modified_gmt":"2026-04-08T17:45:29","slug":"kamizelka-grzewcza-vulcan-xl","status":"publish","type":"product","link":"https:\/\/magnetarmagnets.com\/pl\/shop\/kamizelka-grzewcza-vulcan-xl\/","title":{"rendered":"Kamizelka grzewcza Vulcan XL"},"content":{"rendered":"<img fetchpriority=\"high\" decoding=\"async\" class=\"aligncenter size-full wp-image-51844\" src=\"https:\/\/magnetarmagnets.com\/wp-content\/uploads\/2021\/02\/Softshell-engels.png\" alt=\"kamizelka grzewcza, ciep\u0142a kamizelka, Magnetar Heat, softshell, ogrzewanie, odzie\u017c robocza\" width=\"764\" height=\"436\" srcset=\"https:\/\/magnetarmagnets.com\/wp-content\/uploads\/2021\/02\/Softshell-engels.png 764w, https:\/\/magnetarmagnets.com\/wp-content\/uploads\/2021\/02\/Softshell-engels-600x342.png 600w, https:\/\/magnetarmagnets.com\/wp-content\/uploads\/2021\/02\/Softshell-engels-300x171.png 300w\" sizes=\"(max-width: 764px) 100vw, 764px\" \/>\r\n\r\n<h2>Najlepsze kamizelki grzewcze<\/h2>\r\n\r\n<strong>Kamizelka grzewcza?<\/strong> Nasze kamizelki grzewcze utrzymuj\u0105 ciep\u0142o nawet w ch\u0142odniejsze dni. Ta kamizelka z podgrzewaniem na bateri\u0119 ma trzy ustawienia ciep\u0142a, dzi\u0119ki czemu zawsze masz komfortow\u0105 temperatur\u0119. <a href=\"https:\/\/magnetarmagnets.com\/pl\/\" target=\"_blank\" rel=\"noopener\">\u0141owienie magnesem<\/a> przez ca\u0142y dzie\u0144? Praca na zewn\u0105trz w ch\u0142odny dzie\u0144? Ch\u0142odny letni wiecz\u00f3r? Ta wygodna, wiatro- i wodoodporna kamizelka grzewcza b\u0119dzie Ci\u0119 ogrzewa\u0107.\r\n\r\n<h2>Informacje o produkcie Kamizelka grzewcza<\/h2>\r\n\r\nDo\u0142\u0105czona bateria ma rozmiar telefonu kom\u00f3rkowego i mo\u017ce utrzyma\u0107 ciep\u0142o do <strong>10 godzin<\/strong>, w zale\u017cno\u015bci od ustawienia temperatury. Kamizelka jest dostarczana <strong>z bateri\u0105 i \u0142adowark\u0105<\/strong>. Wykonana jest z wiatro- i wodoodpornego materia\u0142u i ma dodatkow\u0105 mi\u0119kk\u0105 podszewk\u0119 z polaru, zapewniaj\u0105c\u0105 pe\u0142n\u0105 swobod\u0119 ruch\u00f3w podczas aktywno\u015bci na \u015bwie\u017cym powietrzu. Dzi\u0119ki tej kamizelce nie musisz nak\u0142ada\u0107 wielu warstw ubra\u0144, na przyk\u0142ad gdy wychodzisz na spacer, pracujesz w ogrodzie, \u0142owisz magnesem lub je\u017adzisz na rowerze.\r\n\r\n\r\n\r\nStrefy grzewcze zapewniaj\u0105 komfortowe ciep\u0142o dok\u0142adnie tam, gdzie jest potrzebne \u2013 na klatce piersiowej i plecach. Ustawienia niskie, \u015brednie i wysokie pozwalaj\u0105 dostosowa\u0107 si\u0119 do warunk\u00f3w otoczenia i utrzyma\u0107 ciep\u0142o przez ca\u0142y dzie\u0144. Nast\u0119pnie wystarczy na\u0142adowa\u0107 bateri\u0119 w ci\u0105gu 3-4 godzin i jeste\u015b gotowy do dzia\u0142ania.\r\n\r\n\r\n\r\nNasze kamizelki wykonane s\u0105 z trwa\u0142ych i wysokiej jako\u015bci materia\u0142\u00f3w, kt\u00f3re zapewni\u0105 Ci ciep\u0142o w ka\u017cdych warunkach pogodowych.\r\n\r\n<h2>Kamizelki grzewcze z atestem CE<\/h2>\r\n\r\nKamizelki grzewcze posiadaj\u0105 atest CE. W pe\u0142ni wspieramy nasz produkt i dlatego oferujemy <strong>1-letni\u0105 gwarancj\u0119<\/strong>.","protected":false},"excerpt":{"rendered":"<p><span style=\"font-weight: 400;\">To kamizelka z podgrzewaniem, wyposa\u017cona w grza\u0142k\u0119 i 3 poziomy ciep\u0142a. Utrzymuje ciep\u0142o wtedy, gdy tego potrzebujesz.<\/span><\/p>\n","protected":false},"featured_media":77856,"comment_status":"open","ping_status":"closed","template":"","meta":{"_acf_changed":false,"inline_featured_image":false},"product_brand":[],"product_cat":[1007],"product_tag":[],"class_list":{"0":"post-83711","1":"product","2":"type-product","3":"status-publish","4":"has-post-thumbnail","6":"product_cat-wszystkie-produkty","8":"first","9":"instock","10":"sale","11":"taxable","12":"shipping-taxable","13":"purchasable","14":"product-type-simple"},"acf":[],"yoast_head":"<!-- This site is optimized with the Yoast SEO plugin v27.4 - https:\/\/yoast.com\/product\/yoast-seo-wordpress\/ -->\n<title>Kamizelka grzewcza Vulcan XL - Magnet fishing with a Magnetar fishing magnet<\/title>\n<meta name=\"description\" content=\"Pracujesz na zewn\u0105trz w ch\u0142odny dzie\u0144? Ch\u0142odny letni wiecz\u00f3r? Ta wygodna, wiatro- i wodoodporna kamizelka grzewcza utrzyma Ci\u0119 w cieple.\" \/>\n<meta name=\"robots\" content=\"index, follow, max-snippet:-1, max-image-preview:large, max-video-preview:-1\" \/>\n<link rel=\"canonical\" href=\"https:\/\/magnetarmagnets.com\/pl\/shop\/kamizelka-grzewcza-vulcan-xl\/\" \/>\n<meta property=\"og:locale\" content=\"pl_PL\" \/>\n<meta property=\"og:type\" content=\"article\" \/>\n<meta property=\"og:title\" content=\"Kamizelka grzewcza Vulcan XL - Magnet fishing with a Magnetar fishing magnet\" \/>\n<meta property=\"og:description\" content=\"Pracujesz na zewn\u0105trz w ch\u0142odny dzie\u0144? Ch\u0142odny letni wiecz\u00f3r? Ta wygodna, wiatro- i wodoodporna kamizelka grzewcza utrzyma Ci\u0119 w cieple.\" \/>\n<meta property=\"og:url\" content=\"https:\/\/magnetarmagnets.com\/pl\/shop\/kamizelka-grzewcza-vulcan-xl\/\" \/>\n<meta property=\"og:site_name\" content=\"Magnet fishing with a Magnetar fishing magnet\" \/>\n<meta property=\"article:publisher\" content=\"https:\/\/www.facebook.com\/fishingmagnets\/\" \/>\n<meta property=\"article:modified_time\" content=\"2026-04-08T17:45:29+00:00\" \/>\n<meta property=\"og:image\" content=\"https:\/\/magnetarmagnets.com\/wp-content\/uploads\/2021\/02\/heated-jacket-scaled.jpg\" \/>\n\t<meta property=\"og:image:width\" content=\"2560\" \/>\n\t<meta property=\"og:image:height\" content=\"2560\" \/>\n\t<meta property=\"og:image:type\" content=\"image\/jpeg\" \/>\n<meta name=\"twitter:card\" content=\"summary_large_image\" \/>\n<meta name=\"twitter:label1\" content=\"Szacowany czas czytania\" \/>\n\t<meta name=\"twitter:data1\" content=\"2 minuty\" \/>\n<script type=\"application\/ld+json\" class=\"yoast-schema-graph\">{\"@context\":\"https:\\\/\\\/schema.org\",\"@graph\":[{\"@type\":[\"WebPage\",\"ItemPage\"],\"@id\":\"https:\\\/\\\/magnetarmagnets.com\\\/pl\\\/shop\\\/kamizelka-grzewcza-vulcan-xl\\\/\",\"url\":\"https:\\\/\\\/magnetarmagnets.com\\\/pl\\\/shop\\\/kamizelka-grzewcza-vulcan-xl\\\/\",\"name\":\"Kamizelka grzewcza Vulcan XL - Magnet fishing with a Magnetar fishing magnet\",\"isPartOf\":{\"@id\":\"https:\\\/\\\/magnetarmagnets.com\\\/pl\\\/#website\"},\"primaryImageOfPage\":{\"@id\":\"https:\\\/\\\/magnetarmagnets.com\\\/pl\\\/shop\\\/kamizelka-grzewcza-vulcan-xl\\\/#primaryimage\"},\"image\":{\"@id\":\"https:\\\/\\\/magnetarmagnets.com\\\/pl\\\/shop\\\/kamizelka-grzewcza-vulcan-xl\\\/#primaryimage\"},\"thumbnailUrl\":\"https:\\\/\\\/magnetarmagnets.com\\\/wp-content\\\/uploads\\\/2021\\\/02\\\/heated-jacket-scaled.jpg\",\"datePublished\":\"2025-06-05T07:53:45+00:00\",\"dateModified\":\"2026-04-08T17:45:29+00:00\",\"description\":\"Pracujesz na zewn\u0105trz w ch\u0142odny dzie\u0144? Ch\u0142odny letni wiecz\u00f3r? Ta wygodna, wiatro- i wodoodporna kamizelka grzewcza utrzyma Ci\u0119 w cieple.\",\"breadcrumb\":{\"@id\":\"https:\\\/\\\/magnetarmagnets.com\\\/pl\\\/shop\\\/kamizelka-grzewcza-vulcan-xl\\\/#breadcrumb\"},\"inLanguage\":\"pl-PL\",\"potentialAction\":[{\"@type\":\"ReadAction\",\"target\":[\"https:\\\/\\\/magnetarmagnets.com\\\/pl\\\/shop\\\/kamizelka-grzewcza-vulcan-xl\\\/\"]}]},{\"@type\":\"ImageObject\",\"inLanguage\":\"pl-PL\",\"@id\":\"https:\\\/\\\/magnetarmagnets.com\\\/pl\\\/shop\\\/kamizelka-grzewcza-vulcan-xl\\\/#primaryimage\",\"url\":\"https:\\\/\\\/magnetarmagnets.com\\\/wp-content\\\/uploads\\\/2021\\\/02\\\/heated-jacket-scaled.jpg\",\"contentUrl\":\"https:\\\/\\\/magnetarmagnets.com\\\/wp-content\\\/uploads\\\/2021\\\/02\\\/heated-jacket-scaled.jpg\",\"width\":2560,\"height\":2560,\"caption\":\"heated jacket\"},{\"@type\":\"BreadcrumbList\",\"@id\":\"https:\\\/\\\/magnetarmagnets.com\\\/pl\\\/shop\\\/kamizelka-grzewcza-vulcan-xl\\\/#breadcrumb\",\"itemListElement\":[{\"@type\":\"ListItem\",\"position\":1,\"name\":\"Home\",\"item\":\"https:\\\/\\\/magnetarmagnets.com\\\/pl\\\/\"},{\"@type\":\"ListItem\",\"position\":2,\"name\":\"Sklep\",\"item\":\"https:\\\/\\\/magnetarmagnets.com\\\/sklep\\\/\"},{\"@type\":\"ListItem\",\"position\":3,\"name\":\"Wszystkie produkty\",\"item\":\"https:\\\/\\\/magnetarmagnets.com\\\/pl\\\/collections\\\/wszystkie-produkty\\\/\"},{\"@type\":\"ListItem\",\"position\":4,\"name\":\"Kamizelka grzewcza Vulcan XL\"}]},{\"@type\":\"WebSite\",\"@id\":\"https:\\\/\\\/magnetarmagnets.com\\\/pl\\\/#website\",\"url\":\"https:\\\/\\\/magnetarmagnets.com\\\/pl\\\/\",\"name\":\"Magnet fishing with a Magnetar fishing magnet\",\"description\":\"Mocne magnesy do po\u0142owu na magnes\",\"publisher\":{\"@id\":\"https:\\\/\\\/magnetarmagnets.com\\\/pl\\\/#organization\"},\"potentialAction\":[{\"@type\":\"SearchAction\",\"target\":{\"@type\":\"EntryPoint\",\"urlTemplate\":\"https:\\\/\\\/magnetarmagnets.com\\\/pl\\\/?s={search_term_string}\"},\"query-input\":{\"@type\":\"PropertyValueSpecification\",\"valueRequired\":true,\"valueName\":\"search_term_string\"}}],\"inLanguage\":\"pl-PL\"},{\"@type\":\"Organization\",\"@id\":\"https:\\\/\\\/magnetarmagnets.com\\\/pl\\\/#organization\",\"name\":\"Magnetar\",\"url\":\"https:\\\/\\\/magnetarmagnets.com\\\/pl\\\/\",\"logo\":{\"@type\":\"ImageObject\",\"inLanguage\":\"pl-PL\",\"@id\":\"https:\\\/\\\/magnetarmagnets.com\\\/pl\\\/#\\\/schema\\\/logo\\\/image\\\/\",\"url\":\"https:\\\/\\\/magnetarmagnets.com\\\/wp-content\\\/uploads\\\/2025\\\/05\\\/Logo-03_PNG-Black-scaled.png\",\"contentUrl\":\"https:\\\/\\\/magnetarmagnets.com\\\/wp-content\\\/uploads\\\/2025\\\/05\\\/Logo-03_PNG-Black-scaled.png\",\"width\":2560,\"height\":1658,\"caption\":\"Magnetar\"},\"image\":{\"@id\":\"https:\\\/\\\/magnetarmagnets.com\\\/pl\\\/#\\\/schema\\\/logo\\\/image\\\/\"},\"sameAs\":[\"https:\\\/\\\/www.facebook.com\\\/fishingmagnets\\\/\",\"https:\\\/\\\/www.instagram.com\\\/magnetar_magnets\\\/\",\"https:\\\/\\\/www.linkedin.com\\\/company\\\/magnetarbv\\\/?originalSubdomain=nl\",\"https:\\\/\\\/www.youtube.com\\\/c\\\/MagnetarVismagneet\"]}]}<\/script>\n<!-- \/ Yoast SEO plugin. -->","yoast_head_json":{"title":"Kamizelka grzewcza Vulcan XL - Magnet fishing with a Magnetar fishing magnet","description":"Pracujesz na zewn\u0105trz w ch\u0142odny dzie\u0144? Ch\u0142odny letni wiecz\u00f3r? Ta wygodna, wiatro- i wodoodporna kamizelka grzewcza utrzyma Ci\u0119 w cieple.","robots":{"index":"index","follow":"follow","max-snippet":"max-snippet:-1","max-image-preview":"max-image-preview:large","max-video-preview":"max-video-preview:-1"},"canonical":"https:\/\/magnetarmagnets.com\/pl\/shop\/kamizelka-grzewcza-vulcan-xl\/","og_locale":"pl_PL","og_type":"article","og_title":"Kamizelka grzewcza Vulcan XL - Magnet fishing with a Magnetar fishing magnet","og_description":"Pracujesz na zewn\u0105trz w ch\u0142odny dzie\u0144? Ch\u0142odny letni wiecz\u00f3r? Ta wygodna, wiatro- i wodoodporna kamizelka grzewcza utrzyma Ci\u0119 w cieple.","og_url":"https:\/\/magnetarmagnets.com\/pl\/shop\/kamizelka-grzewcza-vulcan-xl\/","og_site_name":"Magnet fishing with a Magnetar fishing magnet","article_publisher":"https:\/\/www.facebook.com\/fishingmagnets\/","article_modified_time":"2026-04-08T17:45:29+00:00","og_image":[{"width":2560,"height":2560,"url":"https:\/\/magnetarmagnets.com\/wp-content\/uploads\/2021\/02\/heated-jacket-scaled.jpg","type":"image\/jpeg"}],"twitter_card":"summary_large_image","twitter_misc":{"Szacowany czas czytania":"2 minuty"},"schema":{"@context":"https:\/\/schema.org","@graph":[{"@type":["WebPage","ItemPage"],"@id":"https:\/\/magnetarmagnets.com\/pl\/shop\/kamizelka-grzewcza-vulcan-xl\/","url":"https:\/\/magnetarmagnets.com\/pl\/shop\/kamizelka-grzewcza-vulcan-xl\/","name":"Kamizelka grzewcza Vulcan XL - Magnet fishing with a Magnetar fishing magnet","isPartOf":{"@id":"https:\/\/magnetarmagnets.com\/pl\/#website"},"primaryImageOfPage":{"@id":"https:\/\/magnetarmagnets.com\/pl\/shop\/kamizelka-grzewcza-vulcan-xl\/#primaryimage"},"image":{"@id":"https:\/\/magnetarmagnets.com\/pl\/shop\/kamizelka-grzewcza-vulcan-xl\/#primaryimage"},"thumbnailUrl":"https:\/\/magnetarmagnets.com\/wp-content\/uploads\/2021\/02\/heated-jacket-scaled.jpg","datePublished":"2025-06-05T07:53:45+00:00","dateModified":"2026-04-08T17:45:29+00:00","description":"Pracujesz na zewn\u0105trz w ch\u0142odny dzie\u0144? Ch\u0142odny letni wiecz\u00f3r? Ta wygodna, wiatro- i wodoodporna kamizelka grzewcza utrzyma Ci\u0119 w cieple.","breadcrumb":{"@id":"https:\/\/magnetarmagnets.com\/pl\/shop\/kamizelka-grzewcza-vulcan-xl\/#breadcrumb"},"inLanguage":"pl-PL","potentialAction":[{"@type":"ReadAction","target":["https:\/\/magnetarmagnets.com\/pl\/shop\/kamizelka-grzewcza-vulcan-xl\/"]}]},{"@type":"ImageObject","inLanguage":"pl-PL","@id":"https:\/\/magnetarmagnets.com\/pl\/shop\/kamizelka-grzewcza-vulcan-xl\/#primaryimage","url":"https:\/\/magnetarmagnets.com\/wp-content\/uploads\/2021\/02\/heated-jacket-scaled.jpg","contentUrl":"https:\/\/magnetarmagnets.com\/wp-content\/uploads\/2021\/02\/heated-jacket-scaled.jpg","width":2560,"height":2560,"caption":"heated jacket"},{"@type":"BreadcrumbList","@id":"https:\/\/magnetarmagnets.com\/pl\/shop\/kamizelka-grzewcza-vulcan-xl\/#breadcrumb","itemListElement":[{"@type":"ListItem","position":1,"name":"Home","item":"https:\/\/magnetarmagnets.com\/pl\/"},{"@type":"ListItem","position":2,"name":"Sklep","item":"https:\/\/magnetarmagnets.com\/sklep\/"},{"@type":"ListItem","position":3,"name":"Wszystkie produkty","item":"https:\/\/magnetarmagnets.com\/pl\/collections\/wszystkie-produkty\/"},{"@type":"ListItem","position":4,"name":"Kamizelka grzewcza Vulcan XL"}]},{"@type":"WebSite","@id":"https:\/\/magnetarmagnets.com\/pl\/#website","url":"https:\/\/magnetarmagnets.com\/pl\/","name":"Magnet fishing with a Magnetar fishing magnet","description":"Mocne magnesy do po\u0142owu na magnes","publisher":{"@id":"https:\/\/magnetarmagnets.com\/pl\/#organization"},"potentialAction":[{"@type":"SearchAction","target":{"@type":"EntryPoint","urlTemplate":"https:\/\/magnetarmagnets.com\/pl\/?s={search_term_string}"},"query-input":{"@type":"PropertyValueSpecification","valueRequired":true,"valueName":"search_term_string"}}],"inLanguage":"pl-PL"},{"@type":"Organization","@id":"https:\/\/magnetarmagnets.com\/pl\/#organization","name":"Magnetar","url":"https:\/\/magnetarmagnets.com\/pl\/","logo":{"@type":"ImageObject","inLanguage":"pl-PL","@id":"https:\/\/magnetarmagnets.com\/pl\/#\/schema\/logo\/image\/","url":"https:\/\/magnetarmagnets.com\/wp-content\/uploads\/2025\/05\/Logo-03_PNG-Black-scaled.png","contentUrl":"https:\/\/magnetarmagnets.com\/wp-content\/uploads\/2025\/05\/Logo-03_PNG-Black-scaled.png","width":2560,"height":1658,"caption":"Magnetar"},"image":{"@id":"https:\/\/magnetarmagnets.com\/pl\/#\/schema\/logo\/image\/"},"sameAs":["https:\/\/www.facebook.com\/fishingmagnets\/","https:\/\/www.instagram.com\/magnetar_magnets\/","https:\/\/www.linkedin.com\/company\/magnetarbv\/?originalSubdomain=nl","https:\/\/www.youtube.com\/c\/MagnetarVismagneet"]}]}},"_links":{"self":[{"href":"https:\/\/magnetarmagnets.com\/pl\/wp-json\/wp\/v2\/product\/83711","targetHints":{"allow":["GET"]}}],"collection":[{"href":"https:\/\/magnetarmagnets.com\/pl\/wp-json\/wp\/v2\/product"}],"about":[{"href":"https:\/\/magnetarmagnets.com\/pl\/wp-json\/wp\/v2\/types\/product"}],"replies":[{"embeddable":true,"href":"https:\/\/magnetarmagnets.com\/pl\/wp-json\/wp\/v2\/comments?post=83711"}],"version-history":[{"count":2,"href":"https:\/\/magnetarmagnets.com\/pl\/wp-json\/wp\/v2\/product\/83711\/revisions"}],"predecessor-version":[{"id":96150,"href":"https:\/\/magnetarmagnets.com\/pl\/wp-json\/wp\/v2\/product\/83711\/revisions\/96150"}],"wp:featuredmedia":[{"embeddable":true,"href":"https:\/\/magnetarmagnets.com\/pl\/wp-json\/wp\/v2\/media\/77856"}],"wp:attachment":[{"href":"https:\/\/magnetarmagnets.com\/pl\/wp-json\/wp\/v2\/media?parent=83711"}],"wp:term":[{"taxonomy":"product_brand","embeddable":true,"href":"https:\/\/magnetarmagnets.com\/pl\/wp-json\/wp\/v2\/product_brand?post=83711"},{"taxonomy":"product_cat","embeddable":true,"href":"https:\/\/magnetarmagnets.com\/pl\/wp-json\/wp\/v2\/product_cat?post=83711"},{"taxonomy":"product_tag","embeddable":true,"href":"https:\/\/magnetarmagnets.com\/pl\/wp-json\/wp\/v2\/product_tag?post=83711"}],"curies":[{"name":"wp","href":"https:\/\/api.w.org\/{rel}","templated":true}]}}