{"id":83708,"date":"2025-06-05T09:53:46","date_gmt":"2025-06-05T07:53:46","guid":{"rendered":"https:\/\/magnetarmagnets.com\/?post_type=product&#038;p=83708"},"modified":"2026-04-08T20:55:18","modified_gmt":"2026-04-08T18:55:18","slug":"ogrzewana-kurtka-vulcan-s","status":"publish","type":"product","link":"https:\/\/magnetarmagnets.com\/pl\/shop\/ogrzewana-kurtka-vulcan-s\/","title":{"rendered":"Ogrzewana Kurtka Vulcan S"},"content":{"rendered":"<img fetchpriority=\"high\" decoding=\"async\" class=\"aligncenter size-full wp-image-51844\" src=\"https:\/\/magnetarmagnets.com\/wp-content\/uploads\/2021\/02\/Softshell-engels.png\" alt=\"ogrzewana kurtka, ciep\u0142a kurtka, magnes Magnetar ciep\u0142o, softshell, ogrzewanie, kurtka robocza\" width=\"764\" height=\"436\" srcset=\"https:\/\/magnetarmagnets.com\/wp-content\/uploads\/2021\/02\/Softshell-engels.png 764w, https:\/\/magnetarmagnets.com\/wp-content\/uploads\/2021\/02\/Softshell-engels-600x342.png 600w, https:\/\/magnetarmagnets.com\/wp-content\/uploads\/2021\/02\/Softshell-engels-300x171.png 300w\" sizes=\"(max-width: 764px) 100vw, 764px\" \/>\r\n\r\n<h2>Najlepsze ogrzewane kurtki<\/h2>\r\n\r\n<strong>Ogrzewana kurtka?<\/strong> Nasze ogrzewane kurtki utrzymuj\u0105 ciep\u0142o nawet w ch\u0142odniejsze dni. Idealne podczas przyg\u00f3d, takich jak <a href=\"https:\/\/magnetarmagnets.com\/pl\/\" target=\"_blank\" rel=\"noopener\">\u0142owienie magnesem<\/a>. Ta kurtka zasilana bateri\u0105 ma trzy ustawienia ciep\u0142a, dzi\u0119ki czemu zawsze masz komfortow\u0105 temperatur\u0119. Pracujesz na zewn\u0105trz w ch\u0142odniejszy dzie\u0144? Ch\u0142odny letni wiecz\u00f3r? Ta wygodna, wiatro- i wodoodporna ogrzewana kurtka utrzymuje ciep\u0142o.\r\n\r\n<h2>Informacje o produkcie &#8211; ogrzewana kurtka<\/h2>\r\n\r\nDo\u0142\u0105czona bateria ma rozmiar telefonu kom\u00f3rkowego i mo\u017ce utrzyma\u0107 ciep\u0142o nawet do <strong>10 godzin<\/strong>, w zale\u017cno\u015bci od ustawienia ciep\u0142a. Kurtka jest dostarczana <strong>z bateri\u0105 i \u0142adowark\u0105<\/strong>. Wykonana z materia\u0142u odpornego na wiatr i wod\u0119, z dodatkow\u0105 mi\u0119kk\u0105 podszewk\u0105 z polaru, kt\u00f3ra zapewnia pe\u0142n\u0105 swobod\u0119 ruch\u00f3w podczas aktywno\u015bci na \u015bwie\u017cym powietrzu. Dzi\u0119ki tej kurtce nie musisz zak\u0142ada\u0107 wielu warstw ubra\u0144, na przyk\u0142ad podczas spaceru, pracy w ogrodzie, \u0142owienia magnesem czy jazdy na rowerze.\r\n\r\n\r\n\r\nStrefy grzewcze zapewniaj\u0105 komfortowe ciep\u0142o dok\u0142adnie tam, gdzie jest to potrzebne \u2014 na klatce piersiowej i plecach. Niskie, \u015brednie i wysokie ustawienia pozwalaj\u0105 dostosowa\u0107 temperatur\u0119 do otoczenia i utrzyma\u0107 ciep\u0142o przez ca\u0142y dzie\u0144. Nast\u0119pnie wystarczy na\u0142adowa\u0107 bateri\u0119 w 3-4 godziny i jeste\u015b gotowy do wyj\u015bcia.\r\n\r\n\r\n\r\nNasze kurtki wykonane s\u0105 z trwa\u0142ych, wysokiej jako\u015bci materia\u0142\u00f3w, kt\u00f3re zapewniaj\u0105 ciep\u0142o w ka\u017cdych warunkach pogodowych.\r\n\r\n<h2>Ogrzewane kurtki z certyfikatem CE<\/h2>\r\n\r\nOgrzewane kurtki posiadaj\u0105 certyfikat CE. W pe\u0142ni wspieramy nasz produkt i dlatego oferujemy <strong>1-roczn\u0105 gwarancj\u0119<\/strong>.","protected":false},"excerpt":{"rendered":"<p><span style=\"font-weight: 400;\">To jest ogrzewana kurtka z elementami grzejnymi i 3 ustawieniami ciep\u0142a. Utrzymuje ciep\u0142o, kiedy tego potrzebujesz.<\/span><\/p>\n","protected":false},"featured_media":77856,"comment_status":"open","ping_status":"closed","template":"","meta":{"_acf_changed":false,"inline_featured_image":false},"product_brand":[],"product_cat":[1007],"product_tag":[],"class_list":{"0":"post-83708","1":"product","2":"type-product","3":"status-publish","4":"has-post-thumbnail","6":"product_cat-wszystkie-produkty","8":"first","9":"instock","10":"sale","11":"taxable","12":"shipping-taxable","13":"purchasable","14":"product-type-simple"},"acf":[],"yoast_head":"<!-- This site is optimized with the Yoast SEO plugin v27.4 - https:\/\/yoast.com\/product\/yoast-seo-wordpress\/ -->\n<title>Ogrzewana Kurtka Vulcan S - Magnet fishing with a Magnetar fishing magnet<\/title>\n<meta name=\"description\" content=\"Pracujesz na zewn\u0105trz w ch\u0142odniejszy dzie\u0144? Ch\u0142odny letni wiecz\u00f3r? Ta wygodna, wiatro- i wodoodporna ogrzewana kurtka utrzymuje ciep\u0142o.\" \/>\n<meta name=\"robots\" content=\"index, follow, max-snippet:-1, max-image-preview:large, max-video-preview:-1\" \/>\n<link rel=\"canonical\" href=\"https:\/\/magnetarmagnets.com\/pl\/shop\/ogrzewana-kurtka-vulcan-s\/\" \/>\n<meta property=\"og:locale\" content=\"pl_PL\" \/>\n<meta property=\"og:type\" content=\"article\" \/>\n<meta property=\"og:title\" content=\"Ogrzewana Kurtka Vulcan S - Magnet fishing with a Magnetar fishing magnet\" \/>\n<meta property=\"og:description\" content=\"Pracujesz na zewn\u0105trz w ch\u0142odniejszy dzie\u0144? Ch\u0142odny letni wiecz\u00f3r? Ta wygodna, wiatro- i wodoodporna ogrzewana kurtka utrzymuje ciep\u0142o.\" \/>\n<meta property=\"og:url\" content=\"https:\/\/magnetarmagnets.com\/pl\/shop\/ogrzewana-kurtka-vulcan-s\/\" \/>\n<meta property=\"og:site_name\" content=\"Magnet fishing with a Magnetar fishing magnet\" \/>\n<meta property=\"article:publisher\" content=\"https:\/\/www.facebook.com\/fishingmagnets\/\" \/>\n<meta property=\"article:modified_time\" content=\"2026-04-08T18:55:18+00:00\" \/>\n<meta property=\"og:image\" content=\"https:\/\/magnetarmagnets.com\/wp-content\/uploads\/2021\/02\/heated-jacket-scaled.jpg\" \/>\n\t<meta property=\"og:image:width\" content=\"2560\" \/>\n\t<meta property=\"og:image:height\" content=\"2560\" \/>\n\t<meta property=\"og:image:type\" content=\"image\/jpeg\" \/>\n<meta name=\"twitter:card\" content=\"summary_large_image\" \/>\n<meta name=\"twitter:label1\" content=\"Szacowany czas czytania\" \/>\n\t<meta name=\"twitter:data1\" content=\"2 minuty\" \/>\n<script type=\"application\/ld+json\" class=\"yoast-schema-graph\">{\"@context\":\"https:\\\/\\\/schema.org\",\"@graph\":[{\"@type\":[\"WebPage\",\"ItemPage\"],\"@id\":\"https:\\\/\\\/magnetarmagnets.com\\\/pl\\\/shop\\\/ogrzewana-kurtka-vulcan-s\\\/\",\"url\":\"https:\\\/\\\/magnetarmagnets.com\\\/pl\\\/shop\\\/ogrzewana-kurtka-vulcan-s\\\/\",\"name\":\"Ogrzewana Kurtka Vulcan S - Magnet fishing with a Magnetar fishing magnet\",\"isPartOf\":{\"@id\":\"https:\\\/\\\/magnetarmagnets.com\\\/pl\\\/#website\"},\"primaryImageOfPage\":{\"@id\":\"https:\\\/\\\/magnetarmagnets.com\\\/pl\\\/shop\\\/ogrzewana-kurtka-vulcan-s\\\/#primaryimage\"},\"image\":{\"@id\":\"https:\\\/\\\/magnetarmagnets.com\\\/pl\\\/shop\\\/ogrzewana-kurtka-vulcan-s\\\/#primaryimage\"},\"thumbnailUrl\":\"https:\\\/\\\/magnetarmagnets.com\\\/wp-content\\\/uploads\\\/2021\\\/02\\\/heated-jacket-scaled.jpg\",\"datePublished\":\"2025-06-05T07:53:46+00:00\",\"dateModified\":\"2026-04-08T18:55:18+00:00\",\"description\":\"Pracujesz na zewn\u0105trz w ch\u0142odniejszy dzie\u0144? Ch\u0142odny letni wiecz\u00f3r? Ta wygodna, wiatro- i wodoodporna ogrzewana kurtka utrzymuje ciep\u0142o.\",\"breadcrumb\":{\"@id\":\"https:\\\/\\\/magnetarmagnets.com\\\/pl\\\/shop\\\/ogrzewana-kurtka-vulcan-s\\\/#breadcrumb\"},\"inLanguage\":\"pl-PL\",\"potentialAction\":[{\"@type\":\"ReadAction\",\"target\":[\"https:\\\/\\\/magnetarmagnets.com\\\/pl\\\/shop\\\/ogrzewana-kurtka-vulcan-s\\\/\"]}]},{\"@type\":\"ImageObject\",\"inLanguage\":\"pl-PL\",\"@id\":\"https:\\\/\\\/magnetarmagnets.com\\\/pl\\\/shop\\\/ogrzewana-kurtka-vulcan-s\\\/#primaryimage\",\"url\":\"https:\\\/\\\/magnetarmagnets.com\\\/wp-content\\\/uploads\\\/2021\\\/02\\\/heated-jacket-scaled.jpg\",\"contentUrl\":\"https:\\\/\\\/magnetarmagnets.com\\\/wp-content\\\/uploads\\\/2021\\\/02\\\/heated-jacket-scaled.jpg\",\"width\":2560,\"height\":2560,\"caption\":\"heated jacket\"},{\"@type\":\"BreadcrumbList\",\"@id\":\"https:\\\/\\\/magnetarmagnets.com\\\/pl\\\/shop\\\/ogrzewana-kurtka-vulcan-s\\\/#breadcrumb\",\"itemListElement\":[{\"@type\":\"ListItem\",\"position\":1,\"name\":\"Home\",\"item\":\"https:\\\/\\\/magnetarmagnets.com\\\/pl\\\/\"},{\"@type\":\"ListItem\",\"position\":2,\"name\":\"Sklep\",\"item\":\"https:\\\/\\\/magnetarmagnets.com\\\/sklep\\\/\"},{\"@type\":\"ListItem\",\"position\":3,\"name\":\"Wszystkie produkty\",\"item\":\"https:\\\/\\\/magnetarmagnets.com\\\/pl\\\/collections\\\/wszystkie-produkty\\\/\"},{\"@type\":\"ListItem\",\"position\":4,\"name\":\"Ogrzewana Kurtka Vulcan S\"}]},{\"@type\":\"WebSite\",\"@id\":\"https:\\\/\\\/magnetarmagnets.com\\\/pl\\\/#website\",\"url\":\"https:\\\/\\\/magnetarmagnets.com\\\/pl\\\/\",\"name\":\"Magnet fishing with a Magnetar fishing magnet\",\"description\":\"Mocne magnesy do po\u0142owu na magnes\",\"publisher\":{\"@id\":\"https:\\\/\\\/magnetarmagnets.com\\\/pl\\\/#organization\"},\"potentialAction\":[{\"@type\":\"SearchAction\",\"target\":{\"@type\":\"EntryPoint\",\"urlTemplate\":\"https:\\\/\\\/magnetarmagnets.com\\\/pl\\\/?s={search_term_string}\"},\"query-input\":{\"@type\":\"PropertyValueSpecification\",\"valueRequired\":true,\"valueName\":\"search_term_string\"}}],\"inLanguage\":\"pl-PL\"},{\"@type\":\"Organization\",\"@id\":\"https:\\\/\\\/magnetarmagnets.com\\\/pl\\\/#organization\",\"name\":\"Magnetar\",\"url\":\"https:\\\/\\\/magnetarmagnets.com\\\/pl\\\/\",\"logo\":{\"@type\":\"ImageObject\",\"inLanguage\":\"pl-PL\",\"@id\":\"https:\\\/\\\/magnetarmagnets.com\\\/pl\\\/#\\\/schema\\\/logo\\\/image\\\/\",\"url\":\"https:\\\/\\\/magnetarmagnets.com\\\/wp-content\\\/uploads\\\/2025\\\/05\\\/Logo-03_PNG-Black-scaled.png\",\"contentUrl\":\"https:\\\/\\\/magnetarmagnets.com\\\/wp-content\\\/uploads\\\/2025\\\/05\\\/Logo-03_PNG-Black-scaled.png\",\"width\":2560,\"height\":1658,\"caption\":\"Magnetar\"},\"image\":{\"@id\":\"https:\\\/\\\/magnetarmagnets.com\\\/pl\\\/#\\\/schema\\\/logo\\\/image\\\/\"},\"sameAs\":[\"https:\\\/\\\/www.facebook.com\\\/fishingmagnets\\\/\",\"https:\\\/\\\/www.instagram.com\\\/magnetar_magnets\\\/\",\"https:\\\/\\\/www.linkedin.com\\\/company\\\/magnetarbv\\\/?originalSubdomain=nl\",\"https:\\\/\\\/www.youtube.com\\\/c\\\/MagnetarVismagneet\"]}]}<\/script>\n<!-- \/ Yoast SEO plugin. -->","yoast_head_json":{"title":"Ogrzewana Kurtka Vulcan S - Magnet fishing with a Magnetar fishing magnet","description":"Pracujesz na zewn\u0105trz w ch\u0142odniejszy dzie\u0144? Ch\u0142odny letni wiecz\u00f3r? Ta wygodna, wiatro- i wodoodporna ogrzewana kurtka utrzymuje ciep\u0142o.","robots":{"index":"index","follow":"follow","max-snippet":"max-snippet:-1","max-image-preview":"max-image-preview:large","max-video-preview":"max-video-preview:-1"},"canonical":"https:\/\/magnetarmagnets.com\/pl\/shop\/ogrzewana-kurtka-vulcan-s\/","og_locale":"pl_PL","og_type":"article","og_title":"Ogrzewana Kurtka Vulcan S - Magnet fishing with a Magnetar fishing magnet","og_description":"Pracujesz na zewn\u0105trz w ch\u0142odniejszy dzie\u0144? Ch\u0142odny letni wiecz\u00f3r? Ta wygodna, wiatro- i wodoodporna ogrzewana kurtka utrzymuje ciep\u0142o.","og_url":"https:\/\/magnetarmagnets.com\/pl\/shop\/ogrzewana-kurtka-vulcan-s\/","og_site_name":"Magnet fishing with a Magnetar fishing magnet","article_publisher":"https:\/\/www.facebook.com\/fishingmagnets\/","article_modified_time":"2026-04-08T18:55:18+00:00","og_image":[{"width":2560,"height":2560,"url":"https:\/\/magnetarmagnets.com\/wp-content\/uploads\/2021\/02\/heated-jacket-scaled.jpg","type":"image\/jpeg"}],"twitter_card":"summary_large_image","twitter_misc":{"Szacowany czas czytania":"2 minuty"},"schema":{"@context":"https:\/\/schema.org","@graph":[{"@type":["WebPage","ItemPage"],"@id":"https:\/\/magnetarmagnets.com\/pl\/shop\/ogrzewana-kurtka-vulcan-s\/","url":"https:\/\/magnetarmagnets.com\/pl\/shop\/ogrzewana-kurtka-vulcan-s\/","name":"Ogrzewana Kurtka Vulcan S - Magnet fishing with a Magnetar fishing magnet","isPartOf":{"@id":"https:\/\/magnetarmagnets.com\/pl\/#website"},"primaryImageOfPage":{"@id":"https:\/\/magnetarmagnets.com\/pl\/shop\/ogrzewana-kurtka-vulcan-s\/#primaryimage"},"image":{"@id":"https:\/\/magnetarmagnets.com\/pl\/shop\/ogrzewana-kurtka-vulcan-s\/#primaryimage"},"thumbnailUrl":"https:\/\/magnetarmagnets.com\/wp-content\/uploads\/2021\/02\/heated-jacket-scaled.jpg","datePublished":"2025-06-05T07:53:46+00:00","dateModified":"2026-04-08T18:55:18+00:00","description":"Pracujesz na zewn\u0105trz w ch\u0142odniejszy dzie\u0144? Ch\u0142odny letni wiecz\u00f3r? Ta wygodna, wiatro- i wodoodporna ogrzewana kurtka utrzymuje ciep\u0142o.","breadcrumb":{"@id":"https:\/\/magnetarmagnets.com\/pl\/shop\/ogrzewana-kurtka-vulcan-s\/#breadcrumb"},"inLanguage":"pl-PL","potentialAction":[{"@type":"ReadAction","target":["https:\/\/magnetarmagnets.com\/pl\/shop\/ogrzewana-kurtka-vulcan-s\/"]}]},{"@type":"ImageObject","inLanguage":"pl-PL","@id":"https:\/\/magnetarmagnets.com\/pl\/shop\/ogrzewana-kurtka-vulcan-s\/#primaryimage","url":"https:\/\/magnetarmagnets.com\/wp-content\/uploads\/2021\/02\/heated-jacket-scaled.jpg","contentUrl":"https:\/\/magnetarmagnets.com\/wp-content\/uploads\/2021\/02\/heated-jacket-scaled.jpg","width":2560,"height":2560,"caption":"heated jacket"},{"@type":"BreadcrumbList","@id":"https:\/\/magnetarmagnets.com\/pl\/shop\/ogrzewana-kurtka-vulcan-s\/#breadcrumb","itemListElement":[{"@type":"ListItem","position":1,"name":"Home","item":"https:\/\/magnetarmagnets.com\/pl\/"},{"@type":"ListItem","position":2,"name":"Sklep","item":"https:\/\/magnetarmagnets.com\/sklep\/"},{"@type":"ListItem","position":3,"name":"Wszystkie produkty","item":"https:\/\/magnetarmagnets.com\/pl\/collections\/wszystkie-produkty\/"},{"@type":"ListItem","position":4,"name":"Ogrzewana Kurtka Vulcan S"}]},{"@type":"WebSite","@id":"https:\/\/magnetarmagnets.com\/pl\/#website","url":"https:\/\/magnetarmagnets.com\/pl\/","name":"Magnet fishing with a Magnetar fishing magnet","description":"Mocne magnesy do po\u0142owu na magnes","publisher":{"@id":"https:\/\/magnetarmagnets.com\/pl\/#organization"},"potentialAction":[{"@type":"SearchAction","target":{"@type":"EntryPoint","urlTemplate":"https:\/\/magnetarmagnets.com\/pl\/?s={search_term_string}"},"query-input":{"@type":"PropertyValueSpecification","valueRequired":true,"valueName":"search_term_string"}}],"inLanguage":"pl-PL"},{"@type":"Organization","@id":"https:\/\/magnetarmagnets.com\/pl\/#organization","name":"Magnetar","url":"https:\/\/magnetarmagnets.com\/pl\/","logo":{"@type":"ImageObject","inLanguage":"pl-PL","@id":"https:\/\/magnetarmagnets.com\/pl\/#\/schema\/logo\/image\/","url":"https:\/\/magnetarmagnets.com\/wp-content\/uploads\/2025\/05\/Logo-03_PNG-Black-scaled.png","contentUrl":"https:\/\/magnetarmagnets.com\/wp-content\/uploads\/2025\/05\/Logo-03_PNG-Black-scaled.png","width":2560,"height":1658,"caption":"Magnetar"},"image":{"@id":"https:\/\/magnetarmagnets.com\/pl\/#\/schema\/logo\/image\/"},"sameAs":["https:\/\/www.facebook.com\/fishingmagnets\/","https:\/\/www.instagram.com\/magnetar_magnets\/","https:\/\/www.linkedin.com\/company\/magnetarbv\/?originalSubdomain=nl","https:\/\/www.youtube.com\/c\/MagnetarVismagneet"]}]}},"_links":{"self":[{"href":"https:\/\/magnetarmagnets.com\/pl\/wp-json\/wp\/v2\/product\/83708","targetHints":{"allow":["GET"]}}],"collection":[{"href":"https:\/\/magnetarmagnets.com\/pl\/wp-json\/wp\/v2\/product"}],"about":[{"href":"https:\/\/magnetarmagnets.com\/pl\/wp-json\/wp\/v2\/types\/product"}],"replies":[{"embeddable":true,"href":"https:\/\/magnetarmagnets.com\/pl\/wp-json\/wp\/v2\/comments?post=83708"}],"version-history":[{"count":1,"href":"https:\/\/magnetarmagnets.com\/pl\/wp-json\/wp\/v2\/product\/83708\/revisions"}],"predecessor-version":[{"id":96165,"href":"https:\/\/magnetarmagnets.com\/pl\/wp-json\/wp\/v2\/product\/83708\/revisions\/96165"}],"wp:featuredmedia":[{"embeddable":true,"href":"https:\/\/magnetarmagnets.com\/pl\/wp-json\/wp\/v2\/media\/77856"}],"wp:attachment":[{"href":"https:\/\/magnetarmagnets.com\/pl\/wp-json\/wp\/v2\/media?parent=83708"}],"wp:term":[{"taxonomy":"product_brand","embeddable":true,"href":"https:\/\/magnetarmagnets.com\/pl\/wp-json\/wp\/v2\/product_brand?post=83708"},{"taxonomy":"product_cat","embeddable":true,"href":"https:\/\/magnetarmagnets.com\/pl\/wp-json\/wp\/v2\/product_cat?post=83708"},{"taxonomy":"product_tag","embeddable":true,"href":"https:\/\/magnetarmagnets.com\/pl\/wp-json\/wp\/v2\/product_tag?post=83708"}],"curies":[{"name":"wp","href":"https:\/\/api.w.org\/{rel}","templated":true}]}}