{"id":83705,"date":"2025-06-05T09:53:46","date_gmt":"2025-06-05T07:53:46","guid":{"rendered":"https:\/\/magnetarmagnets.com\/?post_type=product&#038;p=83705"},"modified":"2026-04-03T16:18:59","modified_gmt":"2026-04-03T14:18:59","slug":"bateria-do-odziezy-grzewczej","status":"publish","type":"product","link":"https:\/\/magnetarmagnets.com\/pl\/shop\/bateria-do-odziezy-grzewczej\/","title":{"rendered":"Bateria do odzie\u017cy grzewczej"},"content":{"rendered":"Wszystkie produkty Magnetar Heat standardowo wyposa\u017cone s\u0105 w powerbank. Dzi\u0119ki tej baterii do odzie\u017cy grzewczej mo\u017cesz ogrzewa\u0107 kurtki, kamizelki i podkoszulki grzewcze. Na \u017cyczenie klient\u00f3w produkt ten mo\u017cna teraz r\u00f3wnie\u017c kupi\u0107 osobno. Zwi\u0119ksza to trwa\u0142o\u015b\u0107 naszej oferty i pozwala cieszy\u0107 si\u0119 przytulnym ciep\u0142em przez jeszcze d\u0142u\u017cszy czas.\n\n<h2>Powerbank Magnetar Heat<\/h2>\n\nBateria do odzie\u017cy grzewczej od Magnetar Heat jest jednocze\u015bnie powerbankiem. Ten powerbank ma pojemno\u015b\u0107 6700 mAh. Dzi\u0119ki temu produkty z naszej oferty mog\u0105 zapewni\u0107 ciep\u0142o do dziewi\u0119ciu godzin. Dok\u0142adny czas zale\u017cy od wybranego ustawienia grzania. Im wy\u017csze ustawienie, tym szybciej zu\u017cywa si\u0119 pojemno\u015b\u0107.\n\n\n\nProdukt wyposa\u017cony jest w pot\u0119\u017cn\u0105 bateri\u0119 Li-Ion 7,4 V. Dzi\u0119ki niej odzie\u017c Magnetar Heat nagrzewa si\u0119 szybciej i skuteczniej ni\u017c przy u\u017cyciu standardowej baterii 5 V Li-Ion.\n\n<h2>Wielofunkcyjna bateria do odzie\u017cy grzewczej<\/h2>\n\nPowerbank Magnetar Heat jest wszechstronny. Klienci u\u017cywaj\u0105 tego produktu nie tylko do ogrzewania swojej odzie\u017cy, ale tak\u017ce do \u0142adowania smartfon\u00f3w, tablet\u00f3w i innych urz\u0105dze\u0144 elektronicznych. Umo\u017cliwiaj\u0105 to r\u00f3\u017cne wyj\u015bcia. Powerbank posiada porty USB, DC 4.0 oraz USB-C. Pozwala to na korzystanie z najbardziej nowoczesnego sprz\u0119tu.\n\n<h2>Odzie\u017c Magnetar Heat<\/h2>\n\nOdzie\u017c Magnetar Heat zapewnia ciep\u0142o w ch\u0142odne dni. Kurtka Vulcan, kamizelka Etna oraz podkoszulki grzewcze Magma i Lava maj\u0105 r\u00f3\u017cne strefy grzewcze. Wszystkie nasze produkty spe\u0142niaj\u0105 normy CE (Conformit\u00e9 Europ\u00e9enne). Oznacza to bezpieczny produkt spe\u0142niaj\u0105cy wymogi europejskich dyrektyw. Poniewa\u017c stawiamy na produkty wysokiej jako\u015bci, oferujemy naszym klientom roczn\u0105 gwarancj\u0119 na ca\u0142\u0105 odzie\u017c grzewcz\u0105. Czy jeste\u015b gotowy do\u015bwiadczy\u0107 ciep\u0142a Magnetar Heat?","protected":false},"excerpt":{"rendered":"<p><strong>Pot\u0119\u017cny powerbank 13000 mAh<\/strong> z bateri\u0105 Li-Ion 7,4 V, kt\u00f3ry s\u0142u\u017cy jako bateria do <strong>odzie\u017cy Magnetar Heat<\/strong>.<\/p>\n","protected":false},"featured_media":81168,"comment_status":"open","ping_status":"closed","template":"","meta":{"_acf_changed":false,"inline_featured_image":false},"product_brand":[],"product_cat":[591,588],"product_tag":[],"class_list":{"0":"post-83705","1":"product","2":"type-product","3":"status-publish","4":"has-post-thumbnail","6":"product_cat-odziez-podgrzewana","7":"product_cat-sprzet","9":"first","10":"instock","11":"taxable","12":"shipping-taxable","13":"purchasable","14":"product-type-simple"},"acf":[],"yoast_head":"<!-- This site is optimized with the Yoast SEO plugin v27.3 - https:\/\/yoast.com\/product\/yoast-seo-wordpress\/ -->\n<title>Bateria do odzie\u017cy grzewczej - Magnet fishing with a Magnetar fishing magnet<\/title>\n<meta name=\"description\" content=\"Bateria do odzie\u017cy grzewczej - Zasil sw\u00f3j sprz\u0119t Magnetar\" \/>\n<meta name=\"robots\" content=\"index, follow, max-snippet:-1, max-image-preview:large, max-video-preview:-1\" \/>\n<link rel=\"canonical\" href=\"https:\/\/magnetarmagnets.com\/pl\/shop\/bateria-do-odziezy-grzewczej\/\" \/>\n<meta property=\"og:locale\" content=\"pl_PL\" \/>\n<meta property=\"og:type\" content=\"article\" \/>\n<meta property=\"og:title\" content=\"Bateria do odzie\u017cy grzewczej - Magnet fishing with a Magnetar fishing magnet\" \/>\n<meta property=\"og:description\" content=\"Bateria do odzie\u017cy grzewczej - Zasil sw\u00f3j sprz\u0119t Magnetar\" \/>\n<meta property=\"og:url\" content=\"https:\/\/magnetarmagnets.com\/pl\/shop\/bateria-do-odziezy-grzewczej\/\" \/>\n<meta property=\"og:site_name\" content=\"Magnet fishing with a Magnetar fishing magnet\" \/>\n<meta property=\"article:publisher\" content=\"https:\/\/www.facebook.com\/fishingmagnets\/\" \/>\n<meta property=\"article:modified_time\" content=\"2026-04-03T14:18:59+00:00\" \/>\n<meta property=\"og:image\" content=\"https:\/\/magnetarmagnets.com\/wp-content\/uploads\/2023\/10\/H-AT.jpg\" \/>\n\t<meta property=\"og:image:width\" content=\"1000\" \/>\n\t<meta property=\"og:image:height\" content=\"1000\" \/>\n\t<meta property=\"og:image:type\" content=\"image\/jpeg\" \/>\n<meta name=\"twitter:card\" content=\"summary_large_image\" \/>\n<meta name=\"twitter:label1\" content=\"Szacowany czas czytania\" \/>\n\t<meta name=\"twitter:data1\" content=\"2 minuty\" \/>\n<script type=\"application\/ld+json\" class=\"yoast-schema-graph\">{\"@context\":\"https:\\\/\\\/schema.org\",\"@graph\":[{\"@type\":[\"WebPage\",\"ItemPage\"],\"@id\":\"https:\\\/\\\/magnetarmagnets.com\\\/pl\\\/shop\\\/bateria-do-odziezy-grzewczej\\\/\",\"url\":\"https:\\\/\\\/magnetarmagnets.com\\\/pl\\\/shop\\\/bateria-do-odziezy-grzewczej\\\/\",\"name\":\"Bateria do odzie\u017cy grzewczej - Magnet fishing with a Magnetar fishing magnet\",\"isPartOf\":{\"@id\":\"https:\\\/\\\/magnetarmagnets.com\\\/pl\\\/#website\"},\"primaryImageOfPage\":{\"@id\":\"https:\\\/\\\/magnetarmagnets.com\\\/pl\\\/shop\\\/bateria-do-odziezy-grzewczej\\\/#primaryimage\"},\"image\":{\"@id\":\"https:\\\/\\\/magnetarmagnets.com\\\/pl\\\/shop\\\/bateria-do-odziezy-grzewczej\\\/#primaryimage\"},\"thumbnailUrl\":\"https:\\\/\\\/magnetarmagnets.com\\\/wp-content\\\/uploads\\\/2023\\\/10\\\/H-AT.jpg\",\"datePublished\":\"2025-06-05T07:53:46+00:00\",\"dateModified\":\"2026-04-03T14:18:59+00:00\",\"description\":\"Bateria do odzie\u017cy grzewczej - Zasil sw\u00f3j sprz\u0119t Magnetar\",\"breadcrumb\":{\"@id\":\"https:\\\/\\\/magnetarmagnets.com\\\/pl\\\/shop\\\/bateria-do-odziezy-grzewczej\\\/#breadcrumb\"},\"inLanguage\":\"pl-PL\",\"potentialAction\":[{\"@type\":\"ReadAction\",\"target\":[\"https:\\\/\\\/magnetarmagnets.com\\\/pl\\\/shop\\\/bateria-do-odziezy-grzewczej\\\/\"]}]},{\"@type\":\"ImageObject\",\"inLanguage\":\"pl-PL\",\"@id\":\"https:\\\/\\\/magnetarmagnets.com\\\/pl\\\/shop\\\/bateria-do-odziezy-grzewczej\\\/#primaryimage\",\"url\":\"https:\\\/\\\/magnetarmagnets.com\\\/wp-content\\\/uploads\\\/2023\\\/10\\\/H-AT.jpg\",\"contentUrl\":\"https:\\\/\\\/magnetarmagnets.com\\\/wp-content\\\/uploads\\\/2023\\\/10\\\/H-AT.jpg\",\"width\":1000,\"height\":1000,\"caption\":\"Powerbank Heated Clothing\"},{\"@type\":\"BreadcrumbList\",\"@id\":\"https:\\\/\\\/magnetarmagnets.com\\\/pl\\\/shop\\\/bateria-do-odziezy-grzewczej\\\/#breadcrumb\",\"itemListElement\":[{\"@type\":\"ListItem\",\"position\":1,\"name\":\"Home\",\"item\":\"https:\\\/\\\/magnetarmagnets.com\\\/pl\\\/\"},{\"@type\":\"ListItem\",\"position\":2,\"name\":\"Sklep\",\"item\":\"https:\\\/\\\/magnetarmagnets.com\\\/sklep\\\/\"},{\"@type\":\"ListItem\",\"position\":3,\"name\":\"Sprz\u0119t\",\"item\":\"https:\\\/\\\/magnetarmagnets.com\\\/pl\\\/collections\\\/sprzet\\\/\"},{\"@type\":\"ListItem\",\"position\":4,\"name\":\"Odzie\u017c podgrzewana\",\"item\":\"https:\\\/\\\/magnetarmagnets.com\\\/pl\\\/collections\\\/sprzet\\\/odziez-podgrzewana\\\/\"},{\"@type\":\"ListItem\",\"position\":5,\"name\":\"Bateria do odzie\u017cy grzewczej\"}]},{\"@type\":\"WebSite\",\"@id\":\"https:\\\/\\\/magnetarmagnets.com\\\/pl\\\/#website\",\"url\":\"https:\\\/\\\/magnetarmagnets.com\\\/pl\\\/\",\"name\":\"Magnet fishing with a Magnetar fishing magnet\",\"description\":\"Mocne magnesy do po\u0142owu na magnes\",\"publisher\":{\"@id\":\"https:\\\/\\\/magnetarmagnets.com\\\/pl\\\/#organization\"},\"potentialAction\":[{\"@type\":\"SearchAction\",\"target\":{\"@type\":\"EntryPoint\",\"urlTemplate\":\"https:\\\/\\\/magnetarmagnets.com\\\/pl\\\/?s={search_term_string}\"},\"query-input\":{\"@type\":\"PropertyValueSpecification\",\"valueRequired\":true,\"valueName\":\"search_term_string\"}}],\"inLanguage\":\"pl-PL\"},{\"@type\":\"Organization\",\"@id\":\"https:\\\/\\\/magnetarmagnets.com\\\/pl\\\/#organization\",\"name\":\"Magnetar\",\"url\":\"https:\\\/\\\/magnetarmagnets.com\\\/pl\\\/\",\"logo\":{\"@type\":\"ImageObject\",\"inLanguage\":\"pl-PL\",\"@id\":\"https:\\\/\\\/magnetarmagnets.com\\\/pl\\\/#\\\/schema\\\/logo\\\/image\\\/\",\"url\":\"https:\\\/\\\/magnetarmagnets.com\\\/wp-content\\\/uploads\\\/2025\\\/05\\\/Logo-03_PNG-Black-scaled.png\",\"contentUrl\":\"https:\\\/\\\/magnetarmagnets.com\\\/wp-content\\\/uploads\\\/2025\\\/05\\\/Logo-03_PNG-Black-scaled.png\",\"width\":2560,\"height\":1658,\"caption\":\"Magnetar\"},\"image\":{\"@id\":\"https:\\\/\\\/magnetarmagnets.com\\\/pl\\\/#\\\/schema\\\/logo\\\/image\\\/\"},\"sameAs\":[\"https:\\\/\\\/www.facebook.com\\\/fishingmagnets\\\/\",\"https:\\\/\\\/www.instagram.com\\\/magnetar_magnets\\\/\",\"https:\\\/\\\/www.linkedin.com\\\/company\\\/magnetarbv\\\/?originalSubdomain=nl\",\"https:\\\/\\\/www.youtube.com\\\/c\\\/MagnetarVismagneet\"]}]}<\/script>\n<!-- \/ Yoast SEO plugin. -->","yoast_head_json":{"title":"Bateria do odzie\u017cy grzewczej - Magnet fishing with a Magnetar fishing magnet","description":"Bateria do odzie\u017cy grzewczej - Zasil sw\u00f3j sprz\u0119t Magnetar","robots":{"index":"index","follow":"follow","max-snippet":"max-snippet:-1","max-image-preview":"max-image-preview:large","max-video-preview":"max-video-preview:-1"},"canonical":"https:\/\/magnetarmagnets.com\/pl\/shop\/bateria-do-odziezy-grzewczej\/","og_locale":"pl_PL","og_type":"article","og_title":"Bateria do odzie\u017cy grzewczej - Magnet fishing with a Magnetar fishing magnet","og_description":"Bateria do odzie\u017cy grzewczej - Zasil sw\u00f3j sprz\u0119t Magnetar","og_url":"https:\/\/magnetarmagnets.com\/pl\/shop\/bateria-do-odziezy-grzewczej\/","og_site_name":"Magnet fishing with a Magnetar fishing magnet","article_publisher":"https:\/\/www.facebook.com\/fishingmagnets\/","article_modified_time":"2026-04-03T14:18:59+00:00","og_image":[{"width":1000,"height":1000,"url":"https:\/\/magnetarmagnets.com\/wp-content\/uploads\/2023\/10\/H-AT.jpg","type":"image\/jpeg"}],"twitter_card":"summary_large_image","twitter_misc":{"Szacowany czas czytania":"2 minuty"},"schema":{"@context":"https:\/\/schema.org","@graph":[{"@type":["WebPage","ItemPage"],"@id":"https:\/\/magnetarmagnets.com\/pl\/shop\/bateria-do-odziezy-grzewczej\/","url":"https:\/\/magnetarmagnets.com\/pl\/shop\/bateria-do-odziezy-grzewczej\/","name":"Bateria do odzie\u017cy grzewczej - Magnet fishing with a Magnetar fishing magnet","isPartOf":{"@id":"https:\/\/magnetarmagnets.com\/pl\/#website"},"primaryImageOfPage":{"@id":"https:\/\/magnetarmagnets.com\/pl\/shop\/bateria-do-odziezy-grzewczej\/#primaryimage"},"image":{"@id":"https:\/\/magnetarmagnets.com\/pl\/shop\/bateria-do-odziezy-grzewczej\/#primaryimage"},"thumbnailUrl":"https:\/\/magnetarmagnets.com\/wp-content\/uploads\/2023\/10\/H-AT.jpg","datePublished":"2025-06-05T07:53:46+00:00","dateModified":"2026-04-03T14:18:59+00:00","description":"Bateria do odzie\u017cy grzewczej - Zasil sw\u00f3j sprz\u0119t Magnetar","breadcrumb":{"@id":"https:\/\/magnetarmagnets.com\/pl\/shop\/bateria-do-odziezy-grzewczej\/#breadcrumb"},"inLanguage":"pl-PL","potentialAction":[{"@type":"ReadAction","target":["https:\/\/magnetarmagnets.com\/pl\/shop\/bateria-do-odziezy-grzewczej\/"]}]},{"@type":"ImageObject","inLanguage":"pl-PL","@id":"https:\/\/magnetarmagnets.com\/pl\/shop\/bateria-do-odziezy-grzewczej\/#primaryimage","url":"https:\/\/magnetarmagnets.com\/wp-content\/uploads\/2023\/10\/H-AT.jpg","contentUrl":"https:\/\/magnetarmagnets.com\/wp-content\/uploads\/2023\/10\/H-AT.jpg","width":1000,"height":1000,"caption":"Powerbank Heated Clothing"},{"@type":"BreadcrumbList","@id":"https:\/\/magnetarmagnets.com\/pl\/shop\/bateria-do-odziezy-grzewczej\/#breadcrumb","itemListElement":[{"@type":"ListItem","position":1,"name":"Home","item":"https:\/\/magnetarmagnets.com\/pl\/"},{"@type":"ListItem","position":2,"name":"Sklep","item":"https:\/\/magnetarmagnets.com\/sklep\/"},{"@type":"ListItem","position":3,"name":"Sprz\u0119t","item":"https:\/\/magnetarmagnets.com\/pl\/collections\/sprzet\/"},{"@type":"ListItem","position":4,"name":"Odzie\u017c podgrzewana","item":"https:\/\/magnetarmagnets.com\/pl\/collections\/sprzet\/odziez-podgrzewana\/"},{"@type":"ListItem","position":5,"name":"Bateria do odzie\u017cy grzewczej"}]},{"@type":"WebSite","@id":"https:\/\/magnetarmagnets.com\/pl\/#website","url":"https:\/\/magnetarmagnets.com\/pl\/","name":"Magnet fishing with a Magnetar fishing magnet","description":"Mocne magnesy do po\u0142owu na magnes","publisher":{"@id":"https:\/\/magnetarmagnets.com\/pl\/#organization"},"potentialAction":[{"@type":"SearchAction","target":{"@type":"EntryPoint","urlTemplate":"https:\/\/magnetarmagnets.com\/pl\/?s={search_term_string}"},"query-input":{"@type":"PropertyValueSpecification","valueRequired":true,"valueName":"search_term_string"}}],"inLanguage":"pl-PL"},{"@type":"Organization","@id":"https:\/\/magnetarmagnets.com\/pl\/#organization","name":"Magnetar","url":"https:\/\/magnetarmagnets.com\/pl\/","logo":{"@type":"ImageObject","inLanguage":"pl-PL","@id":"https:\/\/magnetarmagnets.com\/pl\/#\/schema\/logo\/image\/","url":"https:\/\/magnetarmagnets.com\/wp-content\/uploads\/2025\/05\/Logo-03_PNG-Black-scaled.png","contentUrl":"https:\/\/magnetarmagnets.com\/wp-content\/uploads\/2025\/05\/Logo-03_PNG-Black-scaled.png","width":2560,"height":1658,"caption":"Magnetar"},"image":{"@id":"https:\/\/magnetarmagnets.com\/pl\/#\/schema\/logo\/image\/"},"sameAs":["https:\/\/www.facebook.com\/fishingmagnets\/","https:\/\/www.instagram.com\/magnetar_magnets\/","https:\/\/www.linkedin.com\/company\/magnetarbv\/?originalSubdomain=nl","https:\/\/www.youtube.com\/c\/MagnetarVismagneet"]}]}},"_links":{"self":[{"href":"https:\/\/magnetarmagnets.com\/pl\/wp-json\/wp\/v2\/product\/83705","targetHints":{"allow":["GET"]}}],"collection":[{"href":"https:\/\/magnetarmagnets.com\/pl\/wp-json\/wp\/v2\/product"}],"about":[{"href":"https:\/\/magnetarmagnets.com\/pl\/wp-json\/wp\/v2\/types\/product"}],"replies":[{"embeddable":true,"href":"https:\/\/magnetarmagnets.com\/pl\/wp-json\/wp\/v2\/comments?post=83705"}],"version-history":[{"count":1,"href":"https:\/\/magnetarmagnets.com\/pl\/wp-json\/wp\/v2\/product\/83705\/revisions"}],"predecessor-version":[{"id":95125,"href":"https:\/\/magnetarmagnets.com\/pl\/wp-json\/wp\/v2\/product\/83705\/revisions\/95125"}],"wp:featuredmedia":[{"embeddable":true,"href":"https:\/\/magnetarmagnets.com\/pl\/wp-json\/wp\/v2\/media\/81168"}],"wp:attachment":[{"href":"https:\/\/magnetarmagnets.com\/pl\/wp-json\/wp\/v2\/media?parent=83705"}],"wp:term":[{"taxonomy":"product_brand","embeddable":true,"href":"https:\/\/magnetarmagnets.com\/pl\/wp-json\/wp\/v2\/product_brand?post=83705"},{"taxonomy":"product_cat","embeddable":true,"href":"https:\/\/magnetarmagnets.com\/pl\/wp-json\/wp\/v2\/product_cat?post=83705"},{"taxonomy":"product_tag","embeddable":true,"href":"https:\/\/magnetarmagnets.com\/pl\/wp-json\/wp\/v2\/product_tag?post=83705"}],"curies":[{"name":"wp","href":"https:\/\/api.w.org\/{rel}","templated":true}]}}