{"id":83699,"date":"2025-06-05T09:53:47","date_gmt":"2025-06-05T07:53:47","guid":{"rendered":"https:\/\/magnetarmagnets.com\/?post_type=product&#038;p=83699"},"modified":"2026-04-18T00:40:36","modified_gmt":"2026-04-17T22:40:36","slug":"zestaw-dla-dzieci-110-kg-magnes-jednostronny","status":"publish","type":"product","link":"https:\/\/magnetarmagnets.com\/pl\/shop\/zestaw-dla-dzieci-110-kg-magnes-jednostronny\/","title":{"rendered":"Zestaw dla dzieci &#8211; 110 kg &#8211; magnes jednostronny"},"content":{"rendered":"Czy twoje dziecko b\u0142aga o rozpocz\u0119cie \u0142owienia magnesem? Ten zestaw dla dzieci jest idealny dla nich. Nasz zestaw Kids Package zawiera magnes odpowiedni dla dzieci do 10 roku \u017cycia. Zabawa nie ma ko\u0144ca z naszym\u00a0<a href=\"https:\/\/magnetarmagnets.com\/shop\/classic-fishing-magnet-240lb-110kg\/\"><strong>Classic Fishing Magnet 240 lb \/ 110 kg<\/strong><\/a>. Ten magnes posiada standardowo ochronn\u0105 stalow\u0105 obudow\u0119, dzi\u0119ki czemu jest praktyczny dla m\u0142odszych dzieci. Idealna waga pozwala wi\u0119kszo\u015bci dzieci od 6 lat na swobodne rzucanie magnesem. Dzi\u0119ki rabatowi w zestawie, do\u0142\u0105czona lina i metalowy klej s\u0105 bardzo przyst\u0119pne cenowo.\n\n<h2>Zawarto\u015b\u0107 Kids Package 240 lb \/ 110 kg &#8211; magnes jednostronny<\/h2>\n\nClassic fishing magnet 240 lb \/ 110 kg to stosunkowo tani wyb\u00f3r na rozpocz\u0119cie \u0142owienia magnesem. Magnes jednostronny przyci\u0105ga z jednej strony \u2014 od spodu. Ca\u0142a si\u0142a magnetyczna skupiona jest w jednym kierunku, przez co magnes ten mo\u017ce by\u0107 bardzo silny w odpowiednich warunkach.\n\n\n\nSi\u0142a przyci\u0105gania 240 lb \/ 110 kg jest osi\u0105gana tylko gdy warunki s\u0105 idealne. Dzieje si\u0119 tak, gdy magnes dotyka 2 cm grubej, niezeksydowanej p\u0142yty metalowej. Szansa na takie zdarzenie podczas \u0142owienia magnesem jest jednak niewielka. Chcesz wiedzie\u0107, jak okre\u015blamy si\u0142\u0119 przyci\u0105gania magnesu do \u0142owienia? Obejrzyj nasz film o\u00a0<a href=\"https:\/\/www.youtube.com\/watch?v=2McW3RURDxs&amp;t=14s\"><strong>te\u015bcie si\u0142y magnetycznej<\/strong><\/a>.\n\n\n\nW wi\u0119kszo\u015bci przypadk\u00f3w Classic fishing magnet 240 lb \/ 110 kg nie jest tak pot\u0119\u017cny jak inne modele. Dlatego ten magnes doskonale nadaje si\u0119 dla dzieci na \u0142owienie mniejszych przedmiot\u00f3w, takich jak zgubione klucze i monety. Je\u015bli masz nastolatk\u00f3w i szukasz troch\u0119 mocniejszego magnesu dla dzieci, rozwa\u017c nasz\u00a0<a href=\"https:\/\/magnetarmagnets.com\/shop\/starterpackage\/\"><strong>Starter Package<\/strong><\/a>!\n\n<h2>Wysoka jako\u015b\u0107<\/h2>\n\nWszystkie magnesy do \u0142owienia Magnetar wykonane s\u0105 z neodymu. Materia\u0142 ten zapewnia d\u0142ugotrwa\u0142\u0105 si\u0142\u0119 magnetyczn\u0105. Przy w\u0142a\u015bciwym u\u017cytkowaniu i przechowywaniu magnesy trac\u0105 tylko jeden procent si\u0142y w ci\u0105gu 100 lat. Dlatego mo\u017cemy zagwarantowa\u0107 najwy\u017csz\u0105 jako\u015b\u0107 <a href=\"https:\/\/magnetarmagnets.com\/collections\/fishing-magnets\/\"><strong>magnes\u00f3w do \u0142owienia<\/strong><\/a> na rynku.\n\n\n\nW ostatnich latach rynek zosta\u0142 zalany produktami niskiej jako\u015bci. Wiele magnes\u00f3w do \u0142owienia od innych sprzedawc\u00f3w szybko traci si\u0142\u0119. Cz\u0119sto s\u0105 to wi\u0119ksze magnesy, ale wykonane z neodymu ni\u017cszej jako\u015bci, sprzedawane z mylnymi reklamami. Takie produkty mog\u0105 wydawa\u0107 si\u0119 tanie, ale na d\u0142u\u017csz\u0105 met\u0119 pozostawi\u0105 niezadowolenie.\n\n\n\nMagnetar to ma\u0142a, rodzinna firma skupiona na pasji \u0142owienia magnesem. Jako\u015b\u0107 jest dla nas najwa\u017cniejsza i odzwierciedla si\u0119 w naszych produktach. Wszystkie magnesy do \u0142owienia projektujemy we w\u0142asnym zakresie, by zapewni\u0107 produkty najwy\u017cszej klasy. Szukasz niezawodnego, skutecznego i jako\u015bciowego magnesu do \u0142owienia? Wybierz Magnetar!\n\n<h2>Ostrze\u017cenie:<\/h2>\n\nNasze neodymowe magnesy do \u0142owienia s\u0105 bardzo silne. Mo\u017ce to powodowa\u0107, \u017ce inne przedmioty b\u0119d\u0105 przyci\u0105gane do magnesu z du\u017c\u0105 pr\u0119dko\u015bci\u0105. Oczywi\u015bcie wi\u0105\u017ce si\u0119 to z potencjalnie niebezpiecznymi sytuacjami, jak np. przytrza\u015bni\u0119cie palc\u00f3w mi\u0119dzy magnesem a przedmiotem. Zalecamy zawsze ostro\u017cne obchodzenie si\u0119 z tymi magnesami i podkre\u015blamy, \u017ce robi si\u0119 to na w\u0142asne ryzyko. Przeczytaj nasze ostrze\u017cenia dotycz\u0105ce bezpiecze\u0144stwa przed u\u017cyciem.\n\n\n\nNie zapomnij r\u00f3wnie\u017c sprawdzi\u0107 naszej oferty <a href=\"https:\/\/magnetarmagnets.com\/\" target=\"_blank\" rel=\"noopener\">magnes\u00f3w do \u0142owienia<\/a> oraz zestaw\u00f3w <a href=\"https:\/\/magnetarmagnets.com\/collections\/fishing-magnets\/magnet-fishing-kit\/\" target=\"_blank\" rel=\"noopener\">do \u0142owienia magnesem<\/a>.","protected":false},"excerpt":{"rendered":"<p>\u0141owienie magnesem dla <strong>dzieci<\/strong>? To mo\u017cliwe dzi\u0119ki <strong>zestawowi dla dzieci 110 kg<\/strong>. Z <strong>jednostronnym magnesem do \u0142owienia, lin\u0105 i klejem do zamocowania<\/strong> dzieci od sze\u015bciu lat mog\u0105 zacz\u0105\u0107 pod czujnym okiem rodzic\u00f3w.<\/p>\n","protected":false},"featured_media":78896,"comment_status":"open","ping_status":"closed","template":"","meta":{"_acf_changed":false,"inline_featured_image":false},"product_brand":[],"product_cat":[698,704,95,64,706],"product_tag":[],"class_list":{"0":"post-83699","1":"product","2":"type-product","3":"status-publish","4":"has-post-thumbnail","6":"product_cat-fishing-magnets","7":"product_cat-single-sided-classic","8":"product_cat-kids","9":"product_cat-all-products","10":"product_cat-magnet-fishing-kit","12":"first","13":"instock","14":"sale","15":"taxable","16":"shipping-taxable","17":"purchasable","18":"product-type-simple"},"acf":[],"yoast_head":"<!-- This site is optimized with the Yoast SEO plugin v27.4 - https:\/\/yoast.com\/product\/yoast-seo-wordpress\/ -->\n<title>Zestaw dla dzieci - 110 kg - magnes jednostronny - Magnet fishing with a Magnetar fishing magnet<\/title>\n<meta name=\"description\" content=\"Zestaw dla dzieci - 110 kg jednostronny - Magnetar\" \/>\n<meta name=\"robots\" content=\"index, follow, max-snippet:-1, max-image-preview:large, max-video-preview:-1\" \/>\n<link rel=\"canonical\" href=\"https:\/\/magnetarmagnets.com\/pl\/shop\/zestaw-dla-dzieci-110-kg-magnes-jednostronny\/\" \/>\n<meta property=\"og:locale\" content=\"pl_PL\" \/>\n<meta property=\"og:type\" content=\"article\" \/>\n<meta property=\"og:title\" content=\"Zestaw dla dzieci - 110 kg - magnes jednostronny - Magnet fishing with a Magnetar fishing magnet\" \/>\n<meta property=\"og:description\" content=\"Zestaw dla dzieci - 110 kg jednostronny - Magnetar\" \/>\n<meta property=\"og:url\" content=\"https:\/\/magnetarmagnets.com\/pl\/shop\/zestaw-dla-dzieci-110-kg-magnes-jednostronny\/\" \/>\n<meta property=\"og:site_name\" content=\"Magnet fishing with a Magnetar fishing magnet\" \/>\n<meta property=\"article:publisher\" content=\"https:\/\/www.facebook.com\/fishingmagnets\/\" \/>\n<meta property=\"article:modified_time\" content=\"2026-04-17T22:40:36+00:00\" \/>\n<meta property=\"og:image\" content=\"https:\/\/magnetarmagnets.com\/wp-content\/uploads\/2021\/10\/MAGNETAR-KINDER-SET-GOOGLE.jpg\" \/>\n\t<meta property=\"og:image:width\" content=\"1500\" \/>\n\t<meta property=\"og:image:height\" content=\"1500\" \/>\n\t<meta property=\"og:image:type\" content=\"image\/jpeg\" \/>\n<meta name=\"twitter:card\" content=\"summary_large_image\" \/>\n<meta name=\"twitter:label1\" content=\"Szacowany czas czytania\" \/>\n\t<meta name=\"twitter:data1\" content=\"3 minuty\" \/>\n<script type=\"application\/ld+json\" class=\"yoast-schema-graph\">{\"@context\":\"https:\\\/\\\/schema.org\",\"@graph\":[{\"@type\":[\"WebPage\",\"ItemPage\"],\"@id\":\"https:\\\/\\\/magnetarmagnets.com\\\/pl\\\/shop\\\/zestaw-dla-dzieci-110-kg-magnes-jednostronny\\\/\",\"url\":\"https:\\\/\\\/magnetarmagnets.com\\\/pl\\\/shop\\\/zestaw-dla-dzieci-110-kg-magnes-jednostronny\\\/\",\"name\":\"Zestaw dla dzieci - 110 kg - magnes jednostronny - Magnet fishing with a Magnetar fishing magnet\",\"isPartOf\":{\"@id\":\"https:\\\/\\\/magnetarmagnets.com\\\/pl\\\/#website\"},\"primaryImageOfPage\":{\"@id\":\"https:\\\/\\\/magnetarmagnets.com\\\/pl\\\/shop\\\/zestaw-dla-dzieci-110-kg-magnes-jednostronny\\\/#primaryimage\"},\"image\":{\"@id\":\"https:\\\/\\\/magnetarmagnets.com\\\/pl\\\/shop\\\/zestaw-dla-dzieci-110-kg-magnes-jednostronny\\\/#primaryimage\"},\"thumbnailUrl\":\"https:\\\/\\\/magnetarmagnets.com\\\/wp-content\\\/uploads\\\/2021\\\/10\\\/MAGNETAR-KINDER-SET-GOOGLE.jpg\",\"datePublished\":\"2025-06-05T07:53:47+00:00\",\"dateModified\":\"2026-04-17T22:40:36+00:00\",\"description\":\"Zestaw dla dzieci - 110 kg jednostronny - Magnetar\",\"breadcrumb\":{\"@id\":\"https:\\\/\\\/magnetarmagnets.com\\\/pl\\\/shop\\\/zestaw-dla-dzieci-110-kg-magnes-jednostronny\\\/#breadcrumb\"},\"inLanguage\":\"pl-PL\",\"potentialAction\":[{\"@type\":\"ReadAction\",\"target\":[\"https:\\\/\\\/magnetarmagnets.com\\\/pl\\\/shop\\\/zestaw-dla-dzieci-110-kg-magnes-jednostronny\\\/\"]}]},{\"@type\":\"ImageObject\",\"inLanguage\":\"pl-PL\",\"@id\":\"https:\\\/\\\/magnetarmagnets.com\\\/pl\\\/shop\\\/zestaw-dla-dzieci-110-kg-magnes-jednostronny\\\/#primaryimage\",\"url\":\"https:\\\/\\\/magnetarmagnets.com\\\/wp-content\\\/uploads\\\/2021\\\/10\\\/MAGNETAR-KINDER-SET-GOOGLE.jpg\",\"contentUrl\":\"https:\\\/\\\/magnetarmagnets.com\\\/wp-content\\\/uploads\\\/2021\\\/10\\\/MAGNETAR-KINDER-SET-GOOGLE.jpg\",\"width\":1500,\"height\":1500,\"caption\":\"MAGNETAR-KINDER-SET\"},{\"@type\":\"BreadcrumbList\",\"@id\":\"https:\\\/\\\/magnetarmagnets.com\\\/pl\\\/shop\\\/zestaw-dla-dzieci-110-kg-magnes-jednostronny\\\/#breadcrumb\",\"itemListElement\":[{\"@type\":\"ListItem\",\"position\":1,\"name\":\"Home\",\"item\":\"https:\\\/\\\/magnetarmagnets.com\\\/pl\\\/\"},{\"@type\":\"ListItem\",\"position\":2,\"name\":\"Sklep\",\"item\":\"https:\\\/\\\/magnetarmagnets.com\\\/sklep\\\/\"},{\"@type\":\"ListItem\",\"position\":3,\"name\":\"Magnesy do \u0142owienia\",\"item\":\"https:\\\/\\\/magnetarmagnets.com\\\/pl\\\/collections\\\/magnesy-do-lowienia\\\/\"},{\"@type\":\"ListItem\",\"position\":4,\"name\":\"Magnesy do \u0142owienia jednostronne\",\"item\":\"https:\\\/\\\/magnetarmagnets.com\\\/pl\\\/collections\\\/magnesy-do-lowienia\\\/magnesy-do-lowienia-jednostronne\\\/\"},{\"@type\":\"ListItem\",\"position\":5,\"name\":\"Zestaw dla dzieci &#8211; 110 kg &#8211; magnes jednostronny\"}]},{\"@type\":\"WebSite\",\"@id\":\"https:\\\/\\\/magnetarmagnets.com\\\/pl\\\/#website\",\"url\":\"https:\\\/\\\/magnetarmagnets.com\\\/pl\\\/\",\"name\":\"Magnet fishing with a Magnetar fishing magnet\",\"description\":\"Mocne magnesy do po\u0142owu na magnes\",\"publisher\":{\"@id\":\"https:\\\/\\\/magnetarmagnets.com\\\/pl\\\/#organization\"},\"potentialAction\":[{\"@type\":\"SearchAction\",\"target\":{\"@type\":\"EntryPoint\",\"urlTemplate\":\"https:\\\/\\\/magnetarmagnets.com\\\/pl\\\/?s={search_term_string}\"},\"query-input\":{\"@type\":\"PropertyValueSpecification\",\"valueRequired\":true,\"valueName\":\"search_term_string\"}}],\"inLanguage\":\"pl-PL\"},{\"@type\":\"Organization\",\"@id\":\"https:\\\/\\\/magnetarmagnets.com\\\/pl\\\/#organization\",\"name\":\"Magnetar\",\"url\":\"https:\\\/\\\/magnetarmagnets.com\\\/pl\\\/\",\"logo\":{\"@type\":\"ImageObject\",\"inLanguage\":\"pl-PL\",\"@id\":\"https:\\\/\\\/magnetarmagnets.com\\\/pl\\\/#\\\/schema\\\/logo\\\/image\\\/\",\"url\":\"https:\\\/\\\/magnetarmagnets.com\\\/wp-content\\\/uploads\\\/2025\\\/05\\\/Logo-03_PNG-Black-scaled.png\",\"contentUrl\":\"https:\\\/\\\/magnetarmagnets.com\\\/wp-content\\\/uploads\\\/2025\\\/05\\\/Logo-03_PNG-Black-scaled.png\",\"width\":2560,\"height\":1658,\"caption\":\"Magnetar\"},\"image\":{\"@id\":\"https:\\\/\\\/magnetarmagnets.com\\\/pl\\\/#\\\/schema\\\/logo\\\/image\\\/\"},\"sameAs\":[\"https:\\\/\\\/www.facebook.com\\\/fishingmagnets\\\/\",\"https:\\\/\\\/www.instagram.com\\\/magnetar_magnets\\\/\",\"https:\\\/\\\/www.linkedin.com\\\/company\\\/magnetarbv\\\/?originalSubdomain=nl\",\"https:\\\/\\\/www.youtube.com\\\/c\\\/MagnetarVismagneet\"]}]}<\/script>\n<!-- \/ Yoast SEO plugin. -->","yoast_head_json":{"title":"Zestaw dla dzieci - 110 kg - magnes jednostronny - Magnet fishing with a Magnetar fishing magnet","description":"Zestaw dla dzieci - 110 kg jednostronny - Magnetar","robots":{"index":"index","follow":"follow","max-snippet":"max-snippet:-1","max-image-preview":"max-image-preview:large","max-video-preview":"max-video-preview:-1"},"canonical":"https:\/\/magnetarmagnets.com\/pl\/shop\/zestaw-dla-dzieci-110-kg-magnes-jednostronny\/","og_locale":"pl_PL","og_type":"article","og_title":"Zestaw dla dzieci - 110 kg - magnes jednostronny - Magnet fishing with a Magnetar fishing magnet","og_description":"Zestaw dla dzieci - 110 kg jednostronny - Magnetar","og_url":"https:\/\/magnetarmagnets.com\/pl\/shop\/zestaw-dla-dzieci-110-kg-magnes-jednostronny\/","og_site_name":"Magnet fishing with a Magnetar fishing magnet","article_publisher":"https:\/\/www.facebook.com\/fishingmagnets\/","article_modified_time":"2026-04-17T22:40:36+00:00","og_image":[{"width":1500,"height":1500,"url":"https:\/\/magnetarmagnets.com\/wp-content\/uploads\/2021\/10\/MAGNETAR-KINDER-SET-GOOGLE.jpg","type":"image\/jpeg"}],"twitter_card":"summary_large_image","twitter_misc":{"Szacowany czas czytania":"3 minuty"},"schema":{"@context":"https:\/\/schema.org","@graph":[{"@type":["WebPage","ItemPage"],"@id":"https:\/\/magnetarmagnets.com\/pl\/shop\/zestaw-dla-dzieci-110-kg-magnes-jednostronny\/","url":"https:\/\/magnetarmagnets.com\/pl\/shop\/zestaw-dla-dzieci-110-kg-magnes-jednostronny\/","name":"Zestaw dla dzieci - 110 kg - magnes jednostronny - Magnet fishing with a Magnetar fishing magnet","isPartOf":{"@id":"https:\/\/magnetarmagnets.com\/pl\/#website"},"primaryImageOfPage":{"@id":"https:\/\/magnetarmagnets.com\/pl\/shop\/zestaw-dla-dzieci-110-kg-magnes-jednostronny\/#primaryimage"},"image":{"@id":"https:\/\/magnetarmagnets.com\/pl\/shop\/zestaw-dla-dzieci-110-kg-magnes-jednostronny\/#primaryimage"},"thumbnailUrl":"https:\/\/magnetarmagnets.com\/wp-content\/uploads\/2021\/10\/MAGNETAR-KINDER-SET-GOOGLE.jpg","datePublished":"2025-06-05T07:53:47+00:00","dateModified":"2026-04-17T22:40:36+00:00","description":"Zestaw dla dzieci - 110 kg jednostronny - Magnetar","breadcrumb":{"@id":"https:\/\/magnetarmagnets.com\/pl\/shop\/zestaw-dla-dzieci-110-kg-magnes-jednostronny\/#breadcrumb"},"inLanguage":"pl-PL","potentialAction":[{"@type":"ReadAction","target":["https:\/\/magnetarmagnets.com\/pl\/shop\/zestaw-dla-dzieci-110-kg-magnes-jednostronny\/"]}]},{"@type":"ImageObject","inLanguage":"pl-PL","@id":"https:\/\/magnetarmagnets.com\/pl\/shop\/zestaw-dla-dzieci-110-kg-magnes-jednostronny\/#primaryimage","url":"https:\/\/magnetarmagnets.com\/wp-content\/uploads\/2021\/10\/MAGNETAR-KINDER-SET-GOOGLE.jpg","contentUrl":"https:\/\/magnetarmagnets.com\/wp-content\/uploads\/2021\/10\/MAGNETAR-KINDER-SET-GOOGLE.jpg","width":1500,"height":1500,"caption":"MAGNETAR-KINDER-SET"},{"@type":"BreadcrumbList","@id":"https:\/\/magnetarmagnets.com\/pl\/shop\/zestaw-dla-dzieci-110-kg-magnes-jednostronny\/#breadcrumb","itemListElement":[{"@type":"ListItem","position":1,"name":"Home","item":"https:\/\/magnetarmagnets.com\/pl\/"},{"@type":"ListItem","position":2,"name":"Sklep","item":"https:\/\/magnetarmagnets.com\/sklep\/"},{"@type":"ListItem","position":3,"name":"Magnesy do \u0142owienia","item":"https:\/\/magnetarmagnets.com\/pl\/collections\/magnesy-do-lowienia\/"},{"@type":"ListItem","position":4,"name":"Magnesy do \u0142owienia jednostronne","item":"https:\/\/magnetarmagnets.com\/pl\/collections\/magnesy-do-lowienia\/magnesy-do-lowienia-jednostronne\/"},{"@type":"ListItem","position":5,"name":"Zestaw dla dzieci &#8211; 110 kg &#8211; magnes jednostronny"}]},{"@type":"WebSite","@id":"https:\/\/magnetarmagnets.com\/pl\/#website","url":"https:\/\/magnetarmagnets.com\/pl\/","name":"Magnet fishing with a Magnetar fishing magnet","description":"Mocne magnesy do po\u0142owu na magnes","publisher":{"@id":"https:\/\/magnetarmagnets.com\/pl\/#organization"},"potentialAction":[{"@type":"SearchAction","target":{"@type":"EntryPoint","urlTemplate":"https:\/\/magnetarmagnets.com\/pl\/?s={search_term_string}"},"query-input":{"@type":"PropertyValueSpecification","valueRequired":true,"valueName":"search_term_string"}}],"inLanguage":"pl-PL"},{"@type":"Organization","@id":"https:\/\/magnetarmagnets.com\/pl\/#organization","name":"Magnetar","url":"https:\/\/magnetarmagnets.com\/pl\/","logo":{"@type":"ImageObject","inLanguage":"pl-PL","@id":"https:\/\/magnetarmagnets.com\/pl\/#\/schema\/logo\/image\/","url":"https:\/\/magnetarmagnets.com\/wp-content\/uploads\/2025\/05\/Logo-03_PNG-Black-scaled.png","contentUrl":"https:\/\/magnetarmagnets.com\/wp-content\/uploads\/2025\/05\/Logo-03_PNG-Black-scaled.png","width":2560,"height":1658,"caption":"Magnetar"},"image":{"@id":"https:\/\/magnetarmagnets.com\/pl\/#\/schema\/logo\/image\/"},"sameAs":["https:\/\/www.facebook.com\/fishingmagnets\/","https:\/\/www.instagram.com\/magnetar_magnets\/","https:\/\/www.linkedin.com\/company\/magnetarbv\/?originalSubdomain=nl","https:\/\/www.youtube.com\/c\/MagnetarVismagneet"]}]}},"_links":{"self":[{"href":"https:\/\/magnetarmagnets.com\/pl\/wp-json\/wp\/v2\/product\/83699","targetHints":{"allow":["GET"]}}],"collection":[{"href":"https:\/\/magnetarmagnets.com\/pl\/wp-json\/wp\/v2\/product"}],"about":[{"href":"https:\/\/magnetarmagnets.com\/pl\/wp-json\/wp\/v2\/types\/product"}],"replies":[{"embeddable":true,"href":"https:\/\/magnetarmagnets.com\/pl\/wp-json\/wp\/v2\/comments?post=83699"}],"version-history":[{"count":0,"href":"https:\/\/magnetarmagnets.com\/pl\/wp-json\/wp\/v2\/product\/83699\/revisions"}],"wp:featuredmedia":[{"embeddable":true,"href":"https:\/\/magnetarmagnets.com\/pl\/wp-json\/wp\/v2\/media\/78896"}],"wp:attachment":[{"href":"https:\/\/magnetarmagnets.com\/pl\/wp-json\/wp\/v2\/media?parent=83699"}],"wp:term":[{"taxonomy":"product_brand","embeddable":true,"href":"https:\/\/magnetarmagnets.com\/pl\/wp-json\/wp\/v2\/product_brand?post=83699"},{"taxonomy":"product_cat","embeddable":true,"href":"https:\/\/magnetarmagnets.com\/pl\/wp-json\/wp\/v2\/product_cat?post=83699"},{"taxonomy":"product_tag","embeddable":true,"href":"https:\/\/magnetarmagnets.com\/pl\/wp-json\/wp\/v2\/product_tag?post=83699"}],"curies":[{"name":"wp","href":"https:\/\/api.w.org\/{rel}","templated":true}]}}