{"id":83698,"date":"2025-06-05T09:53:47","date_gmt":"2025-06-05T07:53:47","guid":{"rendered":"https:\/\/magnetarmagnets.com\/?post_type=product&#038;p=83698"},"modified":"2026-04-12T01:43:37","modified_gmt":"2026-04-11T23:43:37","slug":"zestaw-dla-dzieci-360-280-kg-easy-uniwersalny-360","status":"publish","type":"product","link":"https:\/\/magnetarmagnets.com\/pl\/shop\/zestaw-dla-dzieci-360-280-kg-easy-uniwersalny-360\/","title":{"rendered":"Zestaw dla dzieci 360\u00b0 &#8211; 280 kg &#8211; Easy &#8211; Uniwersalny 360\u00b0"},"content":{"rendered":"\u0141owienie magnesem dla dzieci? To marzenie staje si\u0119 rzeczywisto\u015bci\u0105 dzi\u0119ki pakietowi Easy od Magnetar. Ten kompletny zestaw magnesu do \u0142owienia zawiera wszystko, co potrzebne, aby wyci\u0105ga\u0107 najciekawsze znaleziska. Nasz magnes Easy ma ca\u0142kowit\u0105 si\u0142\u0119 przyci\u0105gania magnetycznego 280 kg, dzia\u0142aj\u0105c\u0105 pod k\u0105tem 360\u00b0. Opr\u00f3cz magnesu do \u0142owienia otrzymasz r\u00f3wnie\u017c ochronn\u0105 os\u0142on\u0119 magnesu, par\u0119 r\u0119kawic oraz lin\u0119 specjalnie zaprojektowan\u0105 do \u0142owienia magnesem.\n\n<h2>\u0141atwy neodymowy magnes do \u0142owienia<\/h2>\n\n<a href=\"https:\/\/magnetarmagnets.com\/shop\/easy-magnet\">\u0141atwy neodymowy magnes do \u0142owienia<\/a> znany jest z niskiej wagi rzutowej, a jednocze\u015bnie wykazuje siln\u0105 si\u0142\u0119 przyci\u0105gania, co czyni Easy idealnym wyborem dla pocz\u0105tkuj\u0105cych i dzieci traktuj\u0105cych swoje hobby powa\u017cnie. Ka\u017cda strona tego magnesu jest magnetyczna, co zwi\u0119ksza szanse na wyci\u0105gni\u0119cie z wody niesamowitych przedmiot\u00f3w.\n\n<h2>Czy jeste\u015b gotowy na Easy?<\/h2>\n\nTen magnes do \u0142owienia jest naszym modelem startowym w serii uniwersalnych magnes\u00f3w 360\u00b0. Ka\u017cda strona ma si\u0142\u0119 przyci\u0105gania 70 kg, co daje \u0142\u0105cznie 280 kg dla ca\u0142ego magnesu. Mniejsze obiekty przyci\u0105gane s\u0105 z odleg\u0142o\u015bci 10 cm, co zwi\u0119ksza Twoje szanse na znalezienie ciekawych przedmiot\u00f3w.\n\nDzi\u0119ki Easy dzieci od sz\u00f3stego roku \u017cycia mog\u0105 rozpocz\u0105\u0107 \u0142owienie magnesem pod nadzorem. Je\u015bli chcesz magnes o wi\u0119kszej sile przyci\u0105gania, zobacz modele Hardcore lub Terror, kt\u00f3re r\u00f3wnie\u017c nale\u017c\u0105 do serii uniwersalnych magnes\u00f3w 360\u00b0, bardzo popularnych w\u015br\u00f3d \u0142owc\u00f3w magnesem na ca\u0142ym \u015bwiecie.\n\n<h2>Ewolucja magnesu<\/h2>\n\nWiele <a href=\"https:\/\/magnetarmagnets.com\/?v=796834e7a283\" target=\"_blank\" rel=\"noopener\">magnes\u00f3w do \u0142owienia<\/a> ma si\u0142\u0119 przyci\u0105gania tylko po jednej stronie. Ten klasyczny magnes jednostronny zosta\u0142 przez Magnetar przekszta\u0142cony w <a href=\"https:\/\/magnetarmagnets.com\/double-sided-fishing-magnet\/?v=796834e7a283\" target=\"_blank\" rel=\"noopener\">magnes dwustronny do \u0142owienia<\/a>. W 2016 roku powsta\u0142 magnes uniwersalny 360\u00b0, przyci\u0105gaj\u0105cy magnetycznie ze wszystkich stron. \u0141owcy magnesem w ca\u0142ej UE docenili nasze magnesy wykonane w 100% z neodymu, dzi\u0119ki czemu jeste\u015bmy najwi\u0119kszym dostawc\u0105 w Europie. Nasze magnesy s\u0105 najwy\u017cszej jako\u015bci, projektowane i wytwarzane z pasj\u0105 przez zesp\u00f3\u0142 entuzjast\u00f3w \u0142owienia magnesem. Klienci wracaj\u0105 do nas, bo wiedz\u0105, \u017ce z Magnetar to wi\u0119cej ni\u017c magnes \u2013 to prawdziwe skarby.\n\n<h2><strong>Pot\u0119\u017cna si\u0142a przyci\u0105gania 360\u00b0<\/strong><\/h2>\n\nHardcore to jeden z najsilniejszych magnes\u00f3w w naszej ofercie. Si\u0142a przyci\u0105gania magnes\u00f3w jednostronnych nie mo\u017ce r\u00f3wna\u0107 si\u0119 z magnesem neodymowym 360\u00b0, takim jak Hardcore. Obudowa ze stali w magnesach jednostronnych wp\u0142ywa na si\u0142\u0119 przyci\u0105gania, kt\u00f3ra jest skierowana tylko w jednym kierunku. To pozwala na osi\u0105ganie wysokich si\u0142 przyci\u0105gania na p\u0142askich metalowych powierzchniach po jednej stronie, ale nasz ekskluzywny magnes Allround 360\u00b0 przyci\u0105ga przedmioty ze wszystkich stron, maj\u0105c pole magnetyczne wok\u00f3\u0142 ca\u0142ego obszaru. Chcesz zobaczy\u0107 jak mierzymy si\u0142\u0119 przyci\u0105gania? <a href=\"https:\/\/www.youtube.com\/watch?v=2McW3RURDxs\" target=\"_blank\" rel=\"noopener\">Obejrzyj nasz film z pomiarem si\u0142y<\/a>.","protected":false},"excerpt":{"rendered":"<p>Rozpocznij przygod\u0119 z tym <strong>przyst\u0119pnym<\/strong> zestawem do \u0142owienia magnesem 360\u00b0 dla dzieci, zawieraj\u0105cym <strong>magnes Easy<\/strong>, os\u0142on\u0119 ochronn\u0105 Easy, lin\u0119, klej i r\u0119kawice.<\/p>\n","protected":false},"featured_media":81308,"comment_status":"open","ping_status":"closed","template":"","meta":{"_acf_changed":false,"inline_featured_image":false},"product_brand":[],"product_cat":[586,581,593,1007,587],"product_tag":[],"class_list":{"0":"post-83698","1":"product","2":"type-product","3":"status-publish","4":"has-post-thumbnail","6":"product_cat-allround-magnesy-do-lowienia-360","7":"product_cat-magnesy-do-lowienia","8":"product_cat-poczatkujacy-i-dzieci","9":"product_cat-wszystkie-produkty","10":"product_cat-zestaw-do-lowienia-magnesem","12":"first","13":"instock","14":"sale","15":"taxable","16":"shipping-taxable","17":"purchasable","18":"product-type-simple"},"acf":[],"yoast_head":"<!-- This site is optimized with the Yoast SEO plugin v27.4 - https:\/\/yoast.com\/product\/yoast-seo-wordpress\/ -->\n<title>Zestaw dla dzieci 360\u00b0 - 280 kg - Easy - Uniwersalny 360\u00b0 -<\/title>\n<meta name=\"description\" content=\"\u0141owienie magnesem dla dzieci? To marzenie staje si\u0119 rzeczywisto\u015bci\u0105 dzi\u0119ki pakietowi Easy od Magnetar. Ten kompletny zestaw zawiera wszystko, czego potrzebujesz.\" \/>\n<meta name=\"robots\" content=\"index, follow, max-snippet:-1, max-image-preview:large, max-video-preview:-1\" \/>\n<link rel=\"canonical\" href=\"https:\/\/magnetarmagnets.com\/pl\/shop\/zestaw-dla-dzieci-360-280-kg-easy-uniwersalny-360\/\" \/>\n<meta property=\"og:locale\" content=\"pl_PL\" \/>\n<meta property=\"og:type\" content=\"article\" \/>\n<meta property=\"og:title\" content=\"Zestaw dla dzieci 360\u00b0 - 280 kg - Easy - Uniwersalny 360\u00b0 -\" \/>\n<meta property=\"og:description\" content=\"\u0141owienie magnesem dla dzieci? To marzenie staje si\u0119 rzeczywisto\u015bci\u0105 dzi\u0119ki pakietowi Easy od Magnetar. Ten kompletny zestaw zawiera wszystko, czego potrzebujesz.\" \/>\n<meta property=\"og:url\" content=\"https:\/\/magnetarmagnets.com\/pl\/shop\/zestaw-dla-dzieci-360-280-kg-easy-uniwersalny-360\/\" \/>\n<meta property=\"og:site_name\" content=\"Magnet fishing with a Magnetar fishing magnet\" \/>\n<meta property=\"article:publisher\" content=\"https:\/\/www.facebook.com\/fishingmagnets\/\" \/>\n<meta property=\"article:modified_time\" content=\"2026-04-11T23:43:37+00:00\" \/>\n<meta property=\"og:image\" content=\"https:\/\/magnetarmagnets.com\/wp-content\/uploads\/2025\/06\/easy-360-magnetar-pakket.png\" \/>\n\t<meta property=\"og:image:width\" content=\"1000\" \/>\n\t<meta property=\"og:image:height\" content=\"1000\" \/>\n\t<meta property=\"og:image:type\" content=\"image\/png\" \/>\n<meta name=\"twitter:card\" content=\"summary_large_image\" \/>\n<meta name=\"twitter:label1\" content=\"Szacowany czas czytania\" \/>\n\t<meta name=\"twitter:data1\" content=\"5 minut\" \/>\n<script type=\"application\/ld+json\" class=\"yoast-schema-graph\">{\"@context\":\"https:\\\/\\\/schema.org\",\"@graph\":[{\"@type\":[\"WebPage\",\"ItemPage\"],\"@id\":\"https:\\\/\\\/magnetarmagnets.com\\\/pl\\\/shop\\\/zestaw-dla-dzieci-360-280-kg-easy-uniwersalny-360\\\/\",\"url\":\"https:\\\/\\\/magnetarmagnets.com\\\/pl\\\/shop\\\/zestaw-dla-dzieci-360-280-kg-easy-uniwersalny-360\\\/\",\"name\":\"Zestaw dla dzieci 360\u00b0 - 280 kg - Easy - Uniwersalny 360\u00b0 -\",\"isPartOf\":{\"@id\":\"https:\\\/\\\/magnetarmagnets.com\\\/pl\\\/#website\"},\"primaryImageOfPage\":{\"@id\":\"https:\\\/\\\/magnetarmagnets.com\\\/pl\\\/shop\\\/zestaw-dla-dzieci-360-280-kg-easy-uniwersalny-360\\\/#primaryimage\"},\"image\":{\"@id\":\"https:\\\/\\\/magnetarmagnets.com\\\/pl\\\/shop\\\/zestaw-dla-dzieci-360-280-kg-easy-uniwersalny-360\\\/#primaryimage\"},\"thumbnailUrl\":\"https:\\\/\\\/magnetarmagnets.com\\\/wp-content\\\/uploads\\\/2025\\\/06\\\/easy-360-magnetar-pakket.png\",\"datePublished\":\"2025-06-05T07:53:47+00:00\",\"dateModified\":\"2026-04-11T23:43:37+00:00\",\"description\":\"\u0141owienie magnesem dla dzieci? To marzenie staje si\u0119 rzeczywisto\u015bci\u0105 dzi\u0119ki pakietowi Easy od Magnetar. Ten kompletny zestaw zawiera wszystko, czego potrzebujesz.\",\"breadcrumb\":{\"@id\":\"https:\\\/\\\/magnetarmagnets.com\\\/pl\\\/shop\\\/zestaw-dla-dzieci-360-280-kg-easy-uniwersalny-360\\\/#breadcrumb\"},\"inLanguage\":\"pl-PL\",\"potentialAction\":[{\"@type\":\"ReadAction\",\"target\":[\"https:\\\/\\\/magnetarmagnets.com\\\/pl\\\/shop\\\/zestaw-dla-dzieci-360-280-kg-easy-uniwersalny-360\\\/\"]}]},{\"@type\":\"ImageObject\",\"inLanguage\":\"pl-PL\",\"@id\":\"https:\\\/\\\/magnetarmagnets.com\\\/pl\\\/shop\\\/zestaw-dla-dzieci-360-280-kg-easy-uniwersalny-360\\\/#primaryimage\",\"url\":\"https:\\\/\\\/magnetarmagnets.com\\\/wp-content\\\/uploads\\\/2025\\\/06\\\/easy-360-magnetar-pakket.png\",\"contentUrl\":\"https:\\\/\\\/magnetarmagnets.com\\\/wp-content\\\/uploads\\\/2025\\\/06\\\/easy-360-magnetar-pakket.png\",\"width\":1000,\"height\":1000},{\"@type\":\"BreadcrumbList\",\"@id\":\"https:\\\/\\\/magnetarmagnets.com\\\/pl\\\/shop\\\/zestaw-dla-dzieci-360-280-kg-easy-uniwersalny-360\\\/#breadcrumb\",\"itemListElement\":[{\"@type\":\"ListItem\",\"position\":1,\"name\":\"Home\",\"item\":\"https:\\\/\\\/magnetarmagnets.com\\\/pl\\\/\"},{\"@type\":\"ListItem\",\"position\":2,\"name\":\"Sklep\",\"item\":\"https:\\\/\\\/magnetarmagnets.com\\\/sklep\\\/\"},{\"@type\":\"ListItem\",\"position\":3,\"name\":\"Wszystkie produkty\",\"item\":\"https:\\\/\\\/magnetarmagnets.com\\\/pl\\\/collections\\\/wszystkie-produkty\\\/\"},{\"@type\":\"ListItem\",\"position\":4,\"name\":\"Zestaw dla dzieci 360\u00b0 &#8211; 280 kg &#8211; Easy &#8211; Uniwersalny 360\u00b0\"}]},{\"@type\":\"WebSite\",\"@id\":\"https:\\\/\\\/magnetarmagnets.com\\\/pl\\\/#website\",\"url\":\"https:\\\/\\\/magnetarmagnets.com\\\/pl\\\/\",\"name\":\"Magnet fishing with a Magnetar fishing magnet\",\"description\":\"Mocne magnesy do po\u0142owu na magnes\",\"publisher\":{\"@id\":\"https:\\\/\\\/magnetarmagnets.com\\\/pl\\\/#organization\"},\"potentialAction\":[{\"@type\":\"SearchAction\",\"target\":{\"@type\":\"EntryPoint\",\"urlTemplate\":\"https:\\\/\\\/magnetarmagnets.com\\\/pl\\\/?s={search_term_string}\"},\"query-input\":{\"@type\":\"PropertyValueSpecification\",\"valueRequired\":true,\"valueName\":\"search_term_string\"}}],\"inLanguage\":\"pl-PL\"},{\"@type\":\"Organization\",\"@id\":\"https:\\\/\\\/magnetarmagnets.com\\\/pl\\\/#organization\",\"name\":\"Magnetar\",\"url\":\"https:\\\/\\\/magnetarmagnets.com\\\/pl\\\/\",\"logo\":{\"@type\":\"ImageObject\",\"inLanguage\":\"pl-PL\",\"@id\":\"https:\\\/\\\/magnetarmagnets.com\\\/pl\\\/#\\\/schema\\\/logo\\\/image\\\/\",\"url\":\"https:\\\/\\\/magnetarmagnets.com\\\/wp-content\\\/uploads\\\/2025\\\/05\\\/Logo-03_PNG-Black-scaled.png\",\"contentUrl\":\"https:\\\/\\\/magnetarmagnets.com\\\/wp-content\\\/uploads\\\/2025\\\/05\\\/Logo-03_PNG-Black-scaled.png\",\"width\":2560,\"height\":1658,\"caption\":\"Magnetar\"},\"image\":{\"@id\":\"https:\\\/\\\/magnetarmagnets.com\\\/pl\\\/#\\\/schema\\\/logo\\\/image\\\/\"},\"sameAs\":[\"https:\\\/\\\/www.facebook.com\\\/fishingmagnets\\\/\",\"https:\\\/\\\/www.instagram.com\\\/magnetar_magnets\\\/\",\"https:\\\/\\\/www.linkedin.com\\\/company\\\/magnetarbv\\\/?originalSubdomain=nl\",\"https:\\\/\\\/www.youtube.com\\\/c\\\/MagnetarVismagneet\"]}]}<\/script>\n<!-- \/ Yoast SEO plugin. -->","yoast_head_json":{"title":"Zestaw dla dzieci 360\u00b0 - 280 kg - Easy - Uniwersalny 360\u00b0 -","description":"\u0141owienie magnesem dla dzieci? To marzenie staje si\u0119 rzeczywisto\u015bci\u0105 dzi\u0119ki pakietowi Easy od Magnetar. Ten kompletny zestaw zawiera wszystko, czego potrzebujesz.","robots":{"index":"index","follow":"follow","max-snippet":"max-snippet:-1","max-image-preview":"max-image-preview:large","max-video-preview":"max-video-preview:-1"},"canonical":"https:\/\/magnetarmagnets.com\/pl\/shop\/zestaw-dla-dzieci-360-280-kg-easy-uniwersalny-360\/","og_locale":"pl_PL","og_type":"article","og_title":"Zestaw dla dzieci 360\u00b0 - 280 kg - Easy - Uniwersalny 360\u00b0 -","og_description":"\u0141owienie magnesem dla dzieci? To marzenie staje si\u0119 rzeczywisto\u015bci\u0105 dzi\u0119ki pakietowi Easy od Magnetar. Ten kompletny zestaw zawiera wszystko, czego potrzebujesz.","og_url":"https:\/\/magnetarmagnets.com\/pl\/shop\/zestaw-dla-dzieci-360-280-kg-easy-uniwersalny-360\/","og_site_name":"Magnet fishing with a Magnetar fishing magnet","article_publisher":"https:\/\/www.facebook.com\/fishingmagnets\/","article_modified_time":"2026-04-11T23:43:37+00:00","og_image":[{"width":1000,"height":1000,"url":"https:\/\/magnetarmagnets.com\/wp-content\/uploads\/2025\/06\/easy-360-magnetar-pakket.png","type":"image\/png"}],"twitter_card":"summary_large_image","twitter_misc":{"Szacowany czas czytania":"5 minut"},"schema":{"@context":"https:\/\/schema.org","@graph":[{"@type":["WebPage","ItemPage"],"@id":"https:\/\/magnetarmagnets.com\/pl\/shop\/zestaw-dla-dzieci-360-280-kg-easy-uniwersalny-360\/","url":"https:\/\/magnetarmagnets.com\/pl\/shop\/zestaw-dla-dzieci-360-280-kg-easy-uniwersalny-360\/","name":"Zestaw dla dzieci 360\u00b0 - 280 kg - Easy - Uniwersalny 360\u00b0 -","isPartOf":{"@id":"https:\/\/magnetarmagnets.com\/pl\/#website"},"primaryImageOfPage":{"@id":"https:\/\/magnetarmagnets.com\/pl\/shop\/zestaw-dla-dzieci-360-280-kg-easy-uniwersalny-360\/#primaryimage"},"image":{"@id":"https:\/\/magnetarmagnets.com\/pl\/shop\/zestaw-dla-dzieci-360-280-kg-easy-uniwersalny-360\/#primaryimage"},"thumbnailUrl":"https:\/\/magnetarmagnets.com\/wp-content\/uploads\/2025\/06\/easy-360-magnetar-pakket.png","datePublished":"2025-06-05T07:53:47+00:00","dateModified":"2026-04-11T23:43:37+00:00","description":"\u0141owienie magnesem dla dzieci? To marzenie staje si\u0119 rzeczywisto\u015bci\u0105 dzi\u0119ki pakietowi Easy od Magnetar. Ten kompletny zestaw zawiera wszystko, czego potrzebujesz.","breadcrumb":{"@id":"https:\/\/magnetarmagnets.com\/pl\/shop\/zestaw-dla-dzieci-360-280-kg-easy-uniwersalny-360\/#breadcrumb"},"inLanguage":"pl-PL","potentialAction":[{"@type":"ReadAction","target":["https:\/\/magnetarmagnets.com\/pl\/shop\/zestaw-dla-dzieci-360-280-kg-easy-uniwersalny-360\/"]}]},{"@type":"ImageObject","inLanguage":"pl-PL","@id":"https:\/\/magnetarmagnets.com\/pl\/shop\/zestaw-dla-dzieci-360-280-kg-easy-uniwersalny-360\/#primaryimage","url":"https:\/\/magnetarmagnets.com\/wp-content\/uploads\/2025\/06\/easy-360-magnetar-pakket.png","contentUrl":"https:\/\/magnetarmagnets.com\/wp-content\/uploads\/2025\/06\/easy-360-magnetar-pakket.png","width":1000,"height":1000},{"@type":"BreadcrumbList","@id":"https:\/\/magnetarmagnets.com\/pl\/shop\/zestaw-dla-dzieci-360-280-kg-easy-uniwersalny-360\/#breadcrumb","itemListElement":[{"@type":"ListItem","position":1,"name":"Home","item":"https:\/\/magnetarmagnets.com\/pl\/"},{"@type":"ListItem","position":2,"name":"Sklep","item":"https:\/\/magnetarmagnets.com\/sklep\/"},{"@type":"ListItem","position":3,"name":"Wszystkie produkty","item":"https:\/\/magnetarmagnets.com\/pl\/collections\/wszystkie-produkty\/"},{"@type":"ListItem","position":4,"name":"Zestaw dla dzieci 360\u00b0 &#8211; 280 kg &#8211; Easy &#8211; Uniwersalny 360\u00b0"}]},{"@type":"WebSite","@id":"https:\/\/magnetarmagnets.com\/pl\/#website","url":"https:\/\/magnetarmagnets.com\/pl\/","name":"Magnet fishing with a Magnetar fishing magnet","description":"Mocne magnesy do po\u0142owu na magnes","publisher":{"@id":"https:\/\/magnetarmagnets.com\/pl\/#organization"},"potentialAction":[{"@type":"SearchAction","target":{"@type":"EntryPoint","urlTemplate":"https:\/\/magnetarmagnets.com\/pl\/?s={search_term_string}"},"query-input":{"@type":"PropertyValueSpecification","valueRequired":true,"valueName":"search_term_string"}}],"inLanguage":"pl-PL"},{"@type":"Organization","@id":"https:\/\/magnetarmagnets.com\/pl\/#organization","name":"Magnetar","url":"https:\/\/magnetarmagnets.com\/pl\/","logo":{"@type":"ImageObject","inLanguage":"pl-PL","@id":"https:\/\/magnetarmagnets.com\/pl\/#\/schema\/logo\/image\/","url":"https:\/\/magnetarmagnets.com\/wp-content\/uploads\/2025\/05\/Logo-03_PNG-Black-scaled.png","contentUrl":"https:\/\/magnetarmagnets.com\/wp-content\/uploads\/2025\/05\/Logo-03_PNG-Black-scaled.png","width":2560,"height":1658,"caption":"Magnetar"},"image":{"@id":"https:\/\/magnetarmagnets.com\/pl\/#\/schema\/logo\/image\/"},"sameAs":["https:\/\/www.facebook.com\/fishingmagnets\/","https:\/\/www.instagram.com\/magnetar_magnets\/","https:\/\/www.linkedin.com\/company\/magnetarbv\/?originalSubdomain=nl","https:\/\/www.youtube.com\/c\/MagnetarVismagneet"]}]}},"_links":{"self":[{"href":"https:\/\/magnetarmagnets.com\/pl\/wp-json\/wp\/v2\/product\/83698","targetHints":{"allow":["GET"]}}],"collection":[{"href":"https:\/\/magnetarmagnets.com\/pl\/wp-json\/wp\/v2\/product"}],"about":[{"href":"https:\/\/magnetarmagnets.com\/pl\/wp-json\/wp\/v2\/types\/product"}],"replies":[{"embeddable":true,"href":"https:\/\/magnetarmagnets.com\/pl\/wp-json\/wp\/v2\/comments?post=83698"}],"version-history":[{"count":0,"href":"https:\/\/magnetarmagnets.com\/pl\/wp-json\/wp\/v2\/product\/83698\/revisions"}],"wp:featuredmedia":[{"embeddable":true,"href":"https:\/\/magnetarmagnets.com\/pl\/wp-json\/wp\/v2\/media\/81308"}],"wp:attachment":[{"href":"https:\/\/magnetarmagnets.com\/pl\/wp-json\/wp\/v2\/media?parent=83698"}],"wp:term":[{"taxonomy":"product_brand","embeddable":true,"href":"https:\/\/magnetarmagnets.com\/pl\/wp-json\/wp\/v2\/product_brand?post=83698"},{"taxonomy":"product_cat","embeddable":true,"href":"https:\/\/magnetarmagnets.com\/pl\/wp-json\/wp\/v2\/product_cat?post=83698"},{"taxonomy":"product_tag","embeddable":true,"href":"https:\/\/magnetarmagnets.com\/pl\/wp-json\/wp\/v2\/product_tag?post=83698"}],"curies":[{"name":"wp","href":"https:\/\/api.w.org\/{rel}","templated":true}]}}