{"id":83695,"date":"2025-06-05T09:53:48","date_gmt":"2025-06-05T07:53:48","guid":{"rendered":"https:\/\/magnetarmagnets.com\/?post_type=product&#038;p=83695"},"modified":"2026-04-16T13:42:34","modified_gmt":"2026-04-16T11:42:34","slug":"zestaw-naklejek-do-lowienia-magnesem","status":"publish","type":"product","link":"https:\/\/magnetarmagnets.com\/pl\/shop\/zestaw-naklejek-do-lowienia-magnesem\/","title":{"rendered":"Zestaw naklejek do \u0142owienia magnesem"},"content":{"rendered":"<h2>Zestaw naklejek od Magnetar<\/h2>\n\nTen zestaw zawiera dwa osobne arkusze naklejek, na kt\u00f3rych widoczny jest w\u0119dkarz magnetyczny oraz logo Magnetar.\n\nNaklejki maj\u0105 warstw\u0119 ochronn\u0105, dzi\u0119ki czemu mo\u017cna ich u\u017cywa\u0107 zar\u00f3wno wewn\u0105trz pomieszcze\u0144, jak i na zewn\u0105trz. Oba arkusze s\u0105 wodoodporne i mo\u017cna je stosowa\u0107 na wielu r\u00f3\u017cnych g\u0142adkich i czystych powierzchniach.\n\n\n\n<strong>Specyfikacja:<\/strong>\n\n\n\n&#8211; 1 naklejka z logo Magnetar 25 cm x 16,5 cm (extra du\u017ca!)\n\n&#8211; 1 naklejka z w\u0119dkarzem magnetycznym 25 cm x 12,5 cm\n\n&#8211; \u0141atwe do przyklejenia\n\n&#8211; Naklejka transferowa\n\n&#8211; Wodoodporna\n\n&#8211; Kolor: bia\u0142y\n\n<h2>Spersonalizuj sw\u00f3j pojazd!<\/h2>\n\nSpraw, aby Tw\u00f3j samoch\u00f3d by\u0142 wyj\u0105tkowy i pe\u0142en oryginalno\u015bci oraz osobowo\u015bci, aby wszyscy wiedzieli, kto w nim jest, dzi\u0119ki naklejkom Magnetar!\n\n\n\nTe naklejki \u015bwietnie sprawdz\u0105 si\u0119 jako naklejki samochodowe. Mo\u017cesz tak\u017ce przyklei\u0107 naklejki Magnetar na motocykl, skuter czy przyczep\u0119. Nasze naklejki samochodowe s\u0105 odporne na wszelkie warunki pogodowe i wykonane z wysokiej jako\u015bci materia\u0142\u00f3w.\n\n<h2>Zwr\u00f3\u0107 uwag\u0119 dzi\u0119ki naklejce na okno, pojemnik&#8230;<\/h2>\n\nOpr\u00f3cz samochodu, istnieje wiele innych wspania\u0142ych miejsc, gdzie pasuj\u0105 te naklejki Magnetar. Na przyk\u0142ad okno Twojego domu, szopy lub drzwi. Innym miejscem, gdzie nasze naklejki s\u0105 cz\u0119sto u\u017cywane, s\u0105 pojemniki na \u015bmieci i kontenery. \u0141atwo rozpoznaj sw\u00f3j w\u0142asny pojemnik dzi\u0119ki \u0142adnej naklejce zwi\u0105zanej z Twoim hobby: <a href=\"https:\/\/magnetarmagnets.com\/\" target=\"_blank\" rel=\"noopener\">\u0142owienie magnesem<\/a>! Te odporne na warunki atmosferyczne naklejki \u0142atwo przykleja si\u0119 do wszystkich g\u0142adkich powierzchni. R\u00f3wnie\u017c \u015bwietne do zastosowa\u0144 wewn\u0105trz, na przyk\u0142ad na drzwiach czy szafkach.\n\n<h2>Pod\u0142o\u017ce i wskaz\u00f3wki aplikacyjne<\/h2>\n\n<ol>\n\n  \t<li>Zawsze wybieraj r\u00f3wn\u0105\/g\u0142adk\u0105 powierzchni\u0119;<\/li>\n\n  \t<li>Wyczy\u015b\u0107 powierzchni\u0119, aby nie by\u0142o na niej kurzu ani t\u0142uszczu;<\/li>\n\n  \t<li>Osusz powierzchni\u0119;<\/li>\n\n  \t<li>Przyklej naklejk\u0119 do czystej powierzchni;<\/li>\n\n  \t<li>Wyg\u0142ad\u017a naklejk\u0119 (np. kart\u0105 kartonow\u0105 lub tak\u0105 jak karta bankowa);<\/li>\n\n  \t<li>Powt\u00f3rz to kilka razy i sprawd\u017a, czy nie powsta\u0142y b\u0105belki powietrza. Je\u015bli tak, usu\u0144 je;<\/li>\n\n  \t<li>Diagonalnie od g\u00f3ry lewej do dna prawej oderwij tyln\u0105 warstw\u0119 naklejki;<\/li>\n\n  \t<li>Teraz ciesz si\u0119 efektem ko\u0144cowym!<\/li>\n\n<\/ol>","protected":false},"excerpt":{"rendered":"<p>Ten zestaw zawiera <strong>dwa osobne arkusze naklejek<\/strong>. Logo Magnetar\u00ae z ryb\u0105 i w\u0119dkarzem magnetycznym pokazuj\u0105 wszystkim, \u017ce jeste\u015b prawdziwym magnetycznym w\u0119dkarzem! <strong>\u015awietny dodatek<\/strong> do Twojego pojazdu, ch\u0142odziarki, domu czy pracy, ta naklejka Magnetar jest wydrukowana na winylu z u\u017cyciem tuszy chronionych przed UV, co zapewnia <strong>d\u0142ugotrwa\u0142y estetyczny wygl\u0105d<\/strong>. Ponadto <strong>trwa\u0142y klej<\/strong> gwarantuje, \u017ce naklejka pozostanie na swoim miejscu.<\/p>\n","protected":false},"featured_media":78088,"comment_status":"open","ping_status":"closed","template":"","meta":{"_acf_changed":false,"inline_featured_image":false},"product_brand":[],"product_cat":[590,588,1007],"product_tag":[],"class_list":{"0":"post-83695","1":"product","2":"type-product","3":"status-publish","4":"has-post-thumbnail","6":"product_cat-artykuly-promocyjne","7":"product_cat-sprzet","8":"product_cat-wszystkie-produkty","10":"first","11":"instock","12":"sale","13":"taxable","14":"shipping-taxable","15":"purchasable","16":"product-type-simple"},"acf":[],"yoast_head":"<!-- This site is optimized with the Yoast SEO plugin v27.5 - https:\/\/yoast.com\/product\/yoast-seo-wordpress\/ -->\n<title>Zestaw naklejek do \u0142owienia magnesem - Magnet fishing with a Magnetar fishing magnet<\/title>\n<meta name=\"description\" content=\"Zestaw naklejek do \u0142owienia magnesem - personalizuj z Magnetar\" \/>\n<meta name=\"robots\" content=\"index, follow, max-snippet:-1, max-image-preview:large, max-video-preview:-1\" \/>\n<link rel=\"canonical\" href=\"https:\/\/magnetarmagnets.com\/pl\/shop\/zestaw-naklejek-do-lowienia-magnesem\/\" \/>\n<meta property=\"og:locale\" content=\"pl_PL\" \/>\n<meta property=\"og:type\" content=\"article\" \/>\n<meta property=\"og:title\" content=\"Zestaw naklejek do \u0142owienia magnesem - Magnet fishing with a Magnetar fishing magnet\" \/>\n<meta property=\"og:description\" content=\"Zestaw naklejek do \u0142owienia magnesem - personalizuj z Magnetar\" \/>\n<meta property=\"og:url\" content=\"https:\/\/magnetarmagnets.com\/pl\/shop\/zestaw-naklejek-do-lowienia-magnesem\/\" \/>\n<meta property=\"og:site_name\" content=\"Magnet fishing with a Magnetar fishing magnet\" \/>\n<meta property=\"article:publisher\" content=\"https:\/\/www.facebook.com\/fishingmagnets\/\" \/>\n<meta property=\"article:modified_time\" content=\"2026-04-16T11:42:34+00:00\" \/>\n<meta property=\"og:image\" content=\"https:\/\/magnetarmagnets.com\/wp-content\/uploads\/2021\/04\/magnetar-car-sticker.jpg\" \/>\n\t<meta property=\"og:image:width\" content=\"1000\" \/>\n\t<meta property=\"og:image:height\" content=\"1000\" \/>\n\t<meta property=\"og:image:type\" content=\"image\/jpeg\" \/>\n<meta name=\"twitter:card\" content=\"summary_large_image\" \/>\n<meta name=\"twitter:label1\" content=\"Szacowany czas czytania\" \/>\n\t<meta name=\"twitter:data1\" content=\"2 minuty\" \/>\n<script type=\"application\/ld+json\" class=\"yoast-schema-graph\">{\"@context\":\"https:\\\/\\\/schema.org\",\"@graph\":[{\"@type\":[\"WebPage\",\"ItemPage\"],\"@id\":\"https:\\\/\\\/magnetarmagnets.com\\\/pl\\\/shop\\\/zestaw-naklejek-do-lowienia-magnesem\\\/\",\"url\":\"https:\\\/\\\/magnetarmagnets.com\\\/pl\\\/shop\\\/zestaw-naklejek-do-lowienia-magnesem\\\/\",\"name\":\"Zestaw naklejek do \u0142owienia magnesem - Magnet fishing with a Magnetar fishing magnet\",\"isPartOf\":{\"@id\":\"https:\\\/\\\/magnetarmagnets.com\\\/pl\\\/#website\"},\"primaryImageOfPage\":{\"@id\":\"https:\\\/\\\/magnetarmagnets.com\\\/pl\\\/shop\\\/zestaw-naklejek-do-lowienia-magnesem\\\/#primaryimage\"},\"image\":{\"@id\":\"https:\\\/\\\/magnetarmagnets.com\\\/pl\\\/shop\\\/zestaw-naklejek-do-lowienia-magnesem\\\/#primaryimage\"},\"thumbnailUrl\":\"https:\\\/\\\/magnetarmagnets.com\\\/wp-content\\\/uploads\\\/2021\\\/04\\\/magnetar-car-sticker.jpg\",\"datePublished\":\"2025-06-05T07:53:48+00:00\",\"dateModified\":\"2026-04-16T11:42:34+00:00\",\"description\":\"Zestaw naklejek do \u0142owienia magnesem - personalizuj z Magnetar\",\"breadcrumb\":{\"@id\":\"https:\\\/\\\/magnetarmagnets.com\\\/pl\\\/shop\\\/zestaw-naklejek-do-lowienia-magnesem\\\/#breadcrumb\"},\"inLanguage\":\"pl-PL\",\"potentialAction\":[{\"@type\":\"ReadAction\",\"target\":[\"https:\\\/\\\/magnetarmagnets.com\\\/pl\\\/shop\\\/zestaw-naklejek-do-lowienia-magnesem\\\/\"]}]},{\"@type\":\"ImageObject\",\"inLanguage\":\"pl-PL\",\"@id\":\"https:\\\/\\\/magnetarmagnets.com\\\/pl\\\/shop\\\/zestaw-naklejek-do-lowienia-magnesem\\\/#primaryimage\",\"url\":\"https:\\\/\\\/magnetarmagnets.com\\\/wp-content\\\/uploads\\\/2021\\\/04\\\/magnetar-car-sticker.jpg\",\"contentUrl\":\"https:\\\/\\\/magnetarmagnets.com\\\/wp-content\\\/uploads\\\/2021\\\/04\\\/magnetar-car-sticker.jpg\",\"width\":1000,\"height\":1000,\"caption\":\"magnetar car sticker\"},{\"@type\":\"BreadcrumbList\",\"@id\":\"https:\\\/\\\/magnetarmagnets.com\\\/pl\\\/shop\\\/zestaw-naklejek-do-lowienia-magnesem\\\/#breadcrumb\",\"itemListElement\":[{\"@type\":\"ListItem\",\"position\":1,\"name\":\"Home\",\"item\":\"https:\\\/\\\/magnetarmagnets.com\\\/pl\\\/\"},{\"@type\":\"ListItem\",\"position\":2,\"name\":\"Sklep\",\"item\":\"https:\\\/\\\/magnetarmagnets.com\\\/sklep\\\/\"},{\"@type\":\"ListItem\",\"position\":3,\"name\":\"Wszystkie produkty\",\"item\":\"https:\\\/\\\/magnetarmagnets.com\\\/pl\\\/collections\\\/wszystkie-produkty\\\/\"},{\"@type\":\"ListItem\",\"position\":4,\"name\":\"Zestaw naklejek do \u0142owienia magnesem\"}]},{\"@type\":\"WebSite\",\"@id\":\"https:\\\/\\\/magnetarmagnets.com\\\/pl\\\/#website\",\"url\":\"https:\\\/\\\/magnetarmagnets.com\\\/pl\\\/\",\"name\":\"Magnet fishing with a Magnetar fishing magnet\",\"description\":\"Mocne magnesy do po\u0142owu na magnes\",\"publisher\":{\"@id\":\"https:\\\/\\\/magnetarmagnets.com\\\/pl\\\/#organization\"},\"potentialAction\":[{\"@type\":\"SearchAction\",\"target\":{\"@type\":\"EntryPoint\",\"urlTemplate\":\"https:\\\/\\\/magnetarmagnets.com\\\/pl\\\/?s={search_term_string}\"},\"query-input\":{\"@type\":\"PropertyValueSpecification\",\"valueRequired\":true,\"valueName\":\"search_term_string\"}}],\"inLanguage\":\"pl-PL\"},{\"@type\":\"Organization\",\"@id\":\"https:\\\/\\\/magnetarmagnets.com\\\/pl\\\/#organization\",\"name\":\"Magnetar\",\"url\":\"https:\\\/\\\/magnetarmagnets.com\\\/pl\\\/\",\"logo\":{\"@type\":\"ImageObject\",\"inLanguage\":\"pl-PL\",\"@id\":\"https:\\\/\\\/magnetarmagnets.com\\\/pl\\\/#\\\/schema\\\/logo\\\/image\\\/\",\"url\":\"https:\\\/\\\/magnetarmagnets.com\\\/wp-content\\\/uploads\\\/2025\\\/05\\\/Logo-03_PNG-Black-scaled.png\",\"contentUrl\":\"https:\\\/\\\/magnetarmagnets.com\\\/wp-content\\\/uploads\\\/2025\\\/05\\\/Logo-03_PNG-Black-scaled.png\",\"width\":2560,\"height\":1658,\"caption\":\"Magnetar\"},\"image\":{\"@id\":\"https:\\\/\\\/magnetarmagnets.com\\\/pl\\\/#\\\/schema\\\/logo\\\/image\\\/\"},\"sameAs\":[\"https:\\\/\\\/www.facebook.com\\\/fishingmagnets\\\/\",\"https:\\\/\\\/www.instagram.com\\\/magnetar_magnets\\\/\",\"https:\\\/\\\/www.linkedin.com\\\/company\\\/magnetarbv\\\/?originalSubdomain=nl\",\"https:\\\/\\\/www.youtube.com\\\/c\\\/MagnetarVismagneet\"]}]}<\/script>\n<!-- \/ Yoast SEO plugin. -->","yoast_head_json":{"title":"Zestaw naklejek do \u0142owienia magnesem - Magnet fishing with a Magnetar fishing magnet","description":"Zestaw naklejek do \u0142owienia magnesem - personalizuj z Magnetar","robots":{"index":"index","follow":"follow","max-snippet":"max-snippet:-1","max-image-preview":"max-image-preview:large","max-video-preview":"max-video-preview:-1"},"canonical":"https:\/\/magnetarmagnets.com\/pl\/shop\/zestaw-naklejek-do-lowienia-magnesem\/","og_locale":"pl_PL","og_type":"article","og_title":"Zestaw naklejek do \u0142owienia magnesem - Magnet fishing with a Magnetar fishing magnet","og_description":"Zestaw naklejek do \u0142owienia magnesem - personalizuj z Magnetar","og_url":"https:\/\/magnetarmagnets.com\/pl\/shop\/zestaw-naklejek-do-lowienia-magnesem\/","og_site_name":"Magnet fishing with a Magnetar fishing magnet","article_publisher":"https:\/\/www.facebook.com\/fishingmagnets\/","article_modified_time":"2026-04-16T11:42:34+00:00","og_image":[{"width":1000,"height":1000,"url":"https:\/\/magnetarmagnets.com\/wp-content\/uploads\/2021\/04\/magnetar-car-sticker.jpg","type":"image\/jpeg"}],"twitter_card":"summary_large_image","twitter_misc":{"Szacowany czas czytania":"2 minuty"},"schema":{"@context":"https:\/\/schema.org","@graph":[{"@type":["WebPage","ItemPage"],"@id":"https:\/\/magnetarmagnets.com\/pl\/shop\/zestaw-naklejek-do-lowienia-magnesem\/","url":"https:\/\/magnetarmagnets.com\/pl\/shop\/zestaw-naklejek-do-lowienia-magnesem\/","name":"Zestaw naklejek do \u0142owienia magnesem - Magnet fishing with a Magnetar fishing magnet","isPartOf":{"@id":"https:\/\/magnetarmagnets.com\/pl\/#website"},"primaryImageOfPage":{"@id":"https:\/\/magnetarmagnets.com\/pl\/shop\/zestaw-naklejek-do-lowienia-magnesem\/#primaryimage"},"image":{"@id":"https:\/\/magnetarmagnets.com\/pl\/shop\/zestaw-naklejek-do-lowienia-magnesem\/#primaryimage"},"thumbnailUrl":"https:\/\/magnetarmagnets.com\/wp-content\/uploads\/2021\/04\/magnetar-car-sticker.jpg","datePublished":"2025-06-05T07:53:48+00:00","dateModified":"2026-04-16T11:42:34+00:00","description":"Zestaw naklejek do \u0142owienia magnesem - personalizuj z Magnetar","breadcrumb":{"@id":"https:\/\/magnetarmagnets.com\/pl\/shop\/zestaw-naklejek-do-lowienia-magnesem\/#breadcrumb"},"inLanguage":"pl-PL","potentialAction":[{"@type":"ReadAction","target":["https:\/\/magnetarmagnets.com\/pl\/shop\/zestaw-naklejek-do-lowienia-magnesem\/"]}]},{"@type":"ImageObject","inLanguage":"pl-PL","@id":"https:\/\/magnetarmagnets.com\/pl\/shop\/zestaw-naklejek-do-lowienia-magnesem\/#primaryimage","url":"https:\/\/magnetarmagnets.com\/wp-content\/uploads\/2021\/04\/magnetar-car-sticker.jpg","contentUrl":"https:\/\/magnetarmagnets.com\/wp-content\/uploads\/2021\/04\/magnetar-car-sticker.jpg","width":1000,"height":1000,"caption":"magnetar car sticker"},{"@type":"BreadcrumbList","@id":"https:\/\/magnetarmagnets.com\/pl\/shop\/zestaw-naklejek-do-lowienia-magnesem\/#breadcrumb","itemListElement":[{"@type":"ListItem","position":1,"name":"Home","item":"https:\/\/magnetarmagnets.com\/pl\/"},{"@type":"ListItem","position":2,"name":"Sklep","item":"https:\/\/magnetarmagnets.com\/sklep\/"},{"@type":"ListItem","position":3,"name":"Wszystkie produkty","item":"https:\/\/magnetarmagnets.com\/pl\/collections\/wszystkie-produkty\/"},{"@type":"ListItem","position":4,"name":"Zestaw naklejek do \u0142owienia magnesem"}]},{"@type":"WebSite","@id":"https:\/\/magnetarmagnets.com\/pl\/#website","url":"https:\/\/magnetarmagnets.com\/pl\/","name":"Magnet fishing with a Magnetar fishing magnet","description":"Mocne magnesy do po\u0142owu na magnes","publisher":{"@id":"https:\/\/magnetarmagnets.com\/pl\/#organization"},"potentialAction":[{"@type":"SearchAction","target":{"@type":"EntryPoint","urlTemplate":"https:\/\/magnetarmagnets.com\/pl\/?s={search_term_string}"},"query-input":{"@type":"PropertyValueSpecification","valueRequired":true,"valueName":"search_term_string"}}],"inLanguage":"pl-PL"},{"@type":"Organization","@id":"https:\/\/magnetarmagnets.com\/pl\/#organization","name":"Magnetar","url":"https:\/\/magnetarmagnets.com\/pl\/","logo":{"@type":"ImageObject","inLanguage":"pl-PL","@id":"https:\/\/magnetarmagnets.com\/pl\/#\/schema\/logo\/image\/","url":"https:\/\/magnetarmagnets.com\/wp-content\/uploads\/2025\/05\/Logo-03_PNG-Black-scaled.png","contentUrl":"https:\/\/magnetarmagnets.com\/wp-content\/uploads\/2025\/05\/Logo-03_PNG-Black-scaled.png","width":2560,"height":1658,"caption":"Magnetar"},"image":{"@id":"https:\/\/magnetarmagnets.com\/pl\/#\/schema\/logo\/image\/"},"sameAs":["https:\/\/www.facebook.com\/fishingmagnets\/","https:\/\/www.instagram.com\/magnetar_magnets\/","https:\/\/www.linkedin.com\/company\/magnetarbv\/?originalSubdomain=nl","https:\/\/www.youtube.com\/c\/MagnetarVismagneet"]}]}},"_links":{"self":[{"href":"https:\/\/magnetarmagnets.com\/pl\/wp-json\/wp\/v2\/product\/83695","targetHints":{"allow":["GET"]}}],"collection":[{"href":"https:\/\/magnetarmagnets.com\/pl\/wp-json\/wp\/v2\/product"}],"about":[{"href":"https:\/\/magnetarmagnets.com\/pl\/wp-json\/wp\/v2\/types\/product"}],"replies":[{"embeddable":true,"href":"https:\/\/magnetarmagnets.com\/pl\/wp-json\/wp\/v2\/comments?post=83695"}],"version-history":[{"count":1,"href":"https:\/\/magnetarmagnets.com\/pl\/wp-json\/wp\/v2\/product\/83695\/revisions"}],"predecessor-version":[{"id":95400,"href":"https:\/\/magnetarmagnets.com\/pl\/wp-json\/wp\/v2\/product\/83695\/revisions\/95400"}],"wp:featuredmedia":[{"embeddable":true,"href":"https:\/\/magnetarmagnets.com\/pl\/wp-json\/wp\/v2\/media\/78088"}],"wp:attachment":[{"href":"https:\/\/magnetarmagnets.com\/pl\/wp-json\/wp\/v2\/media?parent=83695"}],"wp:term":[{"taxonomy":"product_brand","embeddable":true,"href":"https:\/\/magnetarmagnets.com\/pl\/wp-json\/wp\/v2\/product_brand?post=83695"},{"taxonomy":"product_cat","embeddable":true,"href":"https:\/\/magnetarmagnets.com\/pl\/wp-json\/wp\/v2\/product_cat?post=83695"},{"taxonomy":"product_tag","embeddable":true,"href":"https:\/\/magnetarmagnets.com\/pl\/wp-json\/wp\/v2\/product_tag?post=83695"}],"curies":[{"name":"wp","href":"https:\/\/api.w.org\/{rel}","templated":true}]}}