{"id":83694,"date":"2025-06-05T09:54:13","date_gmt":"2025-06-05T07:54:13","guid":{"rendered":"https:\/\/magnetarmagnets.com\/?post_type=product&#038;p=83694"},"modified":"2026-04-04T20:34:00","modified_gmt":"2026-04-04T18:34:00","slug":"magnetar-baseball-cap-rozowa","status":"publish","type":"product","link":"https:\/\/magnetarmagnets.com\/pl\/shop\/magnetar-baseball-cap-rozowa\/","title":{"rendered":"Magnetar Baseball Cap r\u00f3\u017cowa"},"content":{"rendered":"<div class=\"woocommerce-product-extra__content-inner limiter\">\n\n\n\nSzczeg\u00f3\u0142y wysokiej jako\u015bci wykonania obejmuj\u0105 5-panelow\u0105 koron\u0119 z wielorz\u0119dowym przeszyciem daszka oraz haftowane otwory wentylacyjne. Reguluj zapi\u0119cie na sprz\u0105czk\u0119 typu pull-through dla indywidualnego dopasowania. Ta lekka i przewiewna damska czapka posiada haftowane logo Magnetar na przodzie.\n\n<ul>\n\n \t<li>5-panelowa korona z wielorz\u0119dowym przeszyciem daszka<\/li>\n\n \t<li>Haftowane otwory wentylacyjne<\/li>\n\n \t<li>Zapi\u0119cie pull-through na sprz\u0105czk\u0119 dla dopasowania<\/li>\n\n \t<li>Lekka i przewiewna<\/li>\n\n \t<li>Haftowane logo Magnetar z przodu<\/li>\n\n<\/ul>\n\n<\/div>","protected":false},"excerpt":{"rendered":"<p>Dzie\u0144 na \u015bwie\u017cym powietrzu jest lepszy z czapk\u0105 <strong>Magnetar\u00ae<\/strong> dla <strong>kobiet<\/strong>.<\/p>\n","protected":false},"featured_media":80652,"comment_status":"open","ping_status":"closed","template":"","meta":{"_acf_changed":false,"inline_featured_image":false},"product_brand":[],"product_cat":[590,588,1007],"product_tag":[],"class_list":{"0":"post-83694","1":"product","2":"type-product","3":"status-publish","4":"has-post-thumbnail","6":"product_cat-artykuly-promocyjne","7":"product_cat-sprzet","8":"product_cat-wszystkie-produkty","10":"first","11":"instock","12":"taxable","13":"shipping-taxable","14":"purchasable","15":"product-type-simple"},"acf":[],"yoast_head":"<!-- This site is optimized with the Yoast SEO plugin v27.4 - https:\/\/yoast.com\/product\/yoast-seo-wordpress\/ -->\n<title>Magnetar Baseball Cap r\u00f3\u017cowa - Magnet fishing with a Magnetar fishing magnet<\/title>\n<meta name=\"description\" content=\"Magnetar Baseball Cap r\u00f3\u017cowa - Stylowy sprz\u0119t do \u0142owienia magnetycznego\" \/>\n<meta name=\"robots\" content=\"index, follow, max-snippet:-1, max-image-preview:large, max-video-preview:-1\" \/>\n<link rel=\"canonical\" href=\"https:\/\/magnetarmagnets.com\/pl\/shop\/magnetar-baseball-cap-rozowa\/\" \/>\n<meta property=\"og:locale\" content=\"pl_PL\" \/>\n<meta property=\"og:type\" content=\"article\" \/>\n<meta property=\"og:title\" content=\"Magnetar Baseball Cap r\u00f3\u017cowa - Magnet fishing with a Magnetar fishing magnet\" \/>\n<meta property=\"og:description\" content=\"Magnetar Baseball Cap r\u00f3\u017cowa - Stylowy sprz\u0119t do \u0142owienia magnetycznego\" \/>\n<meta property=\"og:url\" content=\"https:\/\/magnetarmagnets.com\/pl\/shop\/magnetar-baseball-cap-rozowa\/\" \/>\n<meta property=\"og:site_name\" content=\"Magnet fishing with a Magnetar fishing magnet\" \/>\n<meta property=\"article:publisher\" content=\"https:\/\/www.facebook.com\/fishingmagnets\/\" \/>\n<meta property=\"article:modified_time\" content=\"2026-04-04T18:34:00+00:00\" \/>\n<meta property=\"og:image\" content=\"https:\/\/magnetarmagnets.com\/wp-content\/uploads\/2021\/10\/JNF-Magnetar-B.V.-Productfotografie-26-10-2023-Foto-6377.png\" \/>\n\t<meta property=\"og:image:width\" content=\"1000\" \/>\n\t<meta property=\"og:image:height\" content=\"1000\" \/>\n\t<meta property=\"og:image:type\" content=\"image\/png\" \/>\n<meta name=\"twitter:card\" content=\"summary_large_image\" \/>\n<meta name=\"twitter:label1\" content=\"Szacowany czas czytania\" \/>\n\t<meta name=\"twitter:data1\" content=\"1 minuta\" \/>\n<script type=\"application\/ld+json\" class=\"yoast-schema-graph\">{\"@context\":\"https:\\\/\\\/schema.org\",\"@graph\":[{\"@type\":[\"WebPage\",\"ItemPage\"],\"@id\":\"https:\\\/\\\/magnetarmagnets.com\\\/pl\\\/shop\\\/magnetar-baseball-cap-rozowa\\\/\",\"url\":\"https:\\\/\\\/magnetarmagnets.com\\\/pl\\\/shop\\\/magnetar-baseball-cap-rozowa\\\/\",\"name\":\"Magnetar Baseball Cap r\u00f3\u017cowa - Magnet fishing with a Magnetar fishing magnet\",\"isPartOf\":{\"@id\":\"https:\\\/\\\/magnetarmagnets.com\\\/pl\\\/#website\"},\"primaryImageOfPage\":{\"@id\":\"https:\\\/\\\/magnetarmagnets.com\\\/pl\\\/shop\\\/magnetar-baseball-cap-rozowa\\\/#primaryimage\"},\"image\":{\"@id\":\"https:\\\/\\\/magnetarmagnets.com\\\/pl\\\/shop\\\/magnetar-baseball-cap-rozowa\\\/#primaryimage\"},\"thumbnailUrl\":\"https:\\\/\\\/magnetarmagnets.com\\\/wp-content\\\/uploads\\\/2021\\\/10\\\/JNF-Magnetar-B.V.-Productfotografie-26-10-2023-Foto-6377.png\",\"datePublished\":\"2025-06-05T07:54:13+00:00\",\"dateModified\":\"2026-04-04T18:34:00+00:00\",\"description\":\"Magnetar Baseball Cap r\u00f3\u017cowa - Stylowy sprz\u0119t do \u0142owienia magnetycznego\",\"breadcrumb\":{\"@id\":\"https:\\\/\\\/magnetarmagnets.com\\\/pl\\\/shop\\\/magnetar-baseball-cap-rozowa\\\/#breadcrumb\"},\"inLanguage\":\"pl-PL\",\"potentialAction\":[{\"@type\":\"ReadAction\",\"target\":[\"https:\\\/\\\/magnetarmagnets.com\\\/pl\\\/shop\\\/magnetar-baseball-cap-rozowa\\\/\"]}]},{\"@type\":\"ImageObject\",\"inLanguage\":\"pl-PL\",\"@id\":\"https:\\\/\\\/magnetarmagnets.com\\\/pl\\\/shop\\\/magnetar-baseball-cap-rozowa\\\/#primaryimage\",\"url\":\"https:\\\/\\\/magnetarmagnets.com\\\/wp-content\\\/uploads\\\/2021\\\/10\\\/JNF-Magnetar-B.V.-Productfotografie-26-10-2023-Foto-6377.png\",\"contentUrl\":\"https:\\\/\\\/magnetarmagnets.com\\\/wp-content\\\/uploads\\\/2021\\\/10\\\/JNF-Magnetar-B.V.-Productfotografie-26-10-2023-Foto-6377.png\",\"width\":1000,\"height\":1000,\"caption\":\"Pink Magnetar cap\"},{\"@type\":\"BreadcrumbList\",\"@id\":\"https:\\\/\\\/magnetarmagnets.com\\\/pl\\\/shop\\\/magnetar-baseball-cap-rozowa\\\/#breadcrumb\",\"itemListElement\":[{\"@type\":\"ListItem\",\"position\":1,\"name\":\"Home\",\"item\":\"https:\\\/\\\/magnetarmagnets.com\\\/pl\\\/\"},{\"@type\":\"ListItem\",\"position\":2,\"name\":\"Sklep\",\"item\":\"https:\\\/\\\/magnetarmagnets.com\\\/sklep\\\/\"},{\"@type\":\"ListItem\",\"position\":3,\"name\":\"Sprz\u0119t\",\"item\":\"https:\\\/\\\/magnetarmagnets.com\\\/pl\\\/collections\\\/sprzet\\\/\"},{\"@type\":\"ListItem\",\"position\":4,\"name\":\"Artyku\u0142y promocyjne\",\"item\":\"https:\\\/\\\/magnetarmagnets.com\\\/pl\\\/collections\\\/sprzet\\\/artykuly-promocyjne\\\/\"},{\"@type\":\"ListItem\",\"position\":5,\"name\":\"Magnetar Baseball Cap r\u00f3\u017cowa\"}]},{\"@type\":\"WebSite\",\"@id\":\"https:\\\/\\\/magnetarmagnets.com\\\/pl\\\/#website\",\"url\":\"https:\\\/\\\/magnetarmagnets.com\\\/pl\\\/\",\"name\":\"Magnet fishing with a Magnetar fishing magnet\",\"description\":\"Mocne magnesy do po\u0142owu na magnes\",\"publisher\":{\"@id\":\"https:\\\/\\\/magnetarmagnets.com\\\/pl\\\/#organization\"},\"potentialAction\":[{\"@type\":\"SearchAction\",\"target\":{\"@type\":\"EntryPoint\",\"urlTemplate\":\"https:\\\/\\\/magnetarmagnets.com\\\/pl\\\/?s={search_term_string}\"},\"query-input\":{\"@type\":\"PropertyValueSpecification\",\"valueRequired\":true,\"valueName\":\"search_term_string\"}}],\"inLanguage\":\"pl-PL\"},{\"@type\":\"Organization\",\"@id\":\"https:\\\/\\\/magnetarmagnets.com\\\/pl\\\/#organization\",\"name\":\"Magnetar\",\"url\":\"https:\\\/\\\/magnetarmagnets.com\\\/pl\\\/\",\"logo\":{\"@type\":\"ImageObject\",\"inLanguage\":\"pl-PL\",\"@id\":\"https:\\\/\\\/magnetarmagnets.com\\\/pl\\\/#\\\/schema\\\/logo\\\/image\\\/\",\"url\":\"https:\\\/\\\/magnetarmagnets.com\\\/wp-content\\\/uploads\\\/2025\\\/05\\\/Logo-03_PNG-Black-scaled.png\",\"contentUrl\":\"https:\\\/\\\/magnetarmagnets.com\\\/wp-content\\\/uploads\\\/2025\\\/05\\\/Logo-03_PNG-Black-scaled.png\",\"width\":2560,\"height\":1658,\"caption\":\"Magnetar\"},\"image\":{\"@id\":\"https:\\\/\\\/magnetarmagnets.com\\\/pl\\\/#\\\/schema\\\/logo\\\/image\\\/\"},\"sameAs\":[\"https:\\\/\\\/www.facebook.com\\\/fishingmagnets\\\/\",\"https:\\\/\\\/www.instagram.com\\\/magnetar_magnets\\\/\",\"https:\\\/\\\/www.linkedin.com\\\/company\\\/magnetarbv\\\/?originalSubdomain=nl\",\"https:\\\/\\\/www.youtube.com\\\/c\\\/MagnetarVismagneet\"]}]}<\/script>\n<!-- \/ Yoast SEO plugin. -->","yoast_head_json":{"title":"Magnetar Baseball Cap r\u00f3\u017cowa - Magnet fishing with a Magnetar fishing magnet","description":"Magnetar Baseball Cap r\u00f3\u017cowa - Stylowy sprz\u0119t do \u0142owienia magnetycznego","robots":{"index":"index","follow":"follow","max-snippet":"max-snippet:-1","max-image-preview":"max-image-preview:large","max-video-preview":"max-video-preview:-1"},"canonical":"https:\/\/magnetarmagnets.com\/pl\/shop\/magnetar-baseball-cap-rozowa\/","og_locale":"pl_PL","og_type":"article","og_title":"Magnetar Baseball Cap r\u00f3\u017cowa - Magnet fishing with a Magnetar fishing magnet","og_description":"Magnetar Baseball Cap r\u00f3\u017cowa - Stylowy sprz\u0119t do \u0142owienia magnetycznego","og_url":"https:\/\/magnetarmagnets.com\/pl\/shop\/magnetar-baseball-cap-rozowa\/","og_site_name":"Magnet fishing with a Magnetar fishing magnet","article_publisher":"https:\/\/www.facebook.com\/fishingmagnets\/","article_modified_time":"2026-04-04T18:34:00+00:00","og_image":[{"width":1000,"height":1000,"url":"https:\/\/magnetarmagnets.com\/wp-content\/uploads\/2021\/10\/JNF-Magnetar-B.V.-Productfotografie-26-10-2023-Foto-6377.png","type":"image\/png"}],"twitter_card":"summary_large_image","twitter_misc":{"Szacowany czas czytania":"1 minuta"},"schema":{"@context":"https:\/\/schema.org","@graph":[{"@type":["WebPage","ItemPage"],"@id":"https:\/\/magnetarmagnets.com\/pl\/shop\/magnetar-baseball-cap-rozowa\/","url":"https:\/\/magnetarmagnets.com\/pl\/shop\/magnetar-baseball-cap-rozowa\/","name":"Magnetar Baseball Cap r\u00f3\u017cowa - Magnet fishing with a Magnetar fishing magnet","isPartOf":{"@id":"https:\/\/magnetarmagnets.com\/pl\/#website"},"primaryImageOfPage":{"@id":"https:\/\/magnetarmagnets.com\/pl\/shop\/magnetar-baseball-cap-rozowa\/#primaryimage"},"image":{"@id":"https:\/\/magnetarmagnets.com\/pl\/shop\/magnetar-baseball-cap-rozowa\/#primaryimage"},"thumbnailUrl":"https:\/\/magnetarmagnets.com\/wp-content\/uploads\/2021\/10\/JNF-Magnetar-B.V.-Productfotografie-26-10-2023-Foto-6377.png","datePublished":"2025-06-05T07:54:13+00:00","dateModified":"2026-04-04T18:34:00+00:00","description":"Magnetar Baseball Cap r\u00f3\u017cowa - Stylowy sprz\u0119t do \u0142owienia magnetycznego","breadcrumb":{"@id":"https:\/\/magnetarmagnets.com\/pl\/shop\/magnetar-baseball-cap-rozowa\/#breadcrumb"},"inLanguage":"pl-PL","potentialAction":[{"@type":"ReadAction","target":["https:\/\/magnetarmagnets.com\/pl\/shop\/magnetar-baseball-cap-rozowa\/"]}]},{"@type":"ImageObject","inLanguage":"pl-PL","@id":"https:\/\/magnetarmagnets.com\/pl\/shop\/magnetar-baseball-cap-rozowa\/#primaryimage","url":"https:\/\/magnetarmagnets.com\/wp-content\/uploads\/2021\/10\/JNF-Magnetar-B.V.-Productfotografie-26-10-2023-Foto-6377.png","contentUrl":"https:\/\/magnetarmagnets.com\/wp-content\/uploads\/2021\/10\/JNF-Magnetar-B.V.-Productfotografie-26-10-2023-Foto-6377.png","width":1000,"height":1000,"caption":"Pink Magnetar cap"},{"@type":"BreadcrumbList","@id":"https:\/\/magnetarmagnets.com\/pl\/shop\/magnetar-baseball-cap-rozowa\/#breadcrumb","itemListElement":[{"@type":"ListItem","position":1,"name":"Home","item":"https:\/\/magnetarmagnets.com\/pl\/"},{"@type":"ListItem","position":2,"name":"Sklep","item":"https:\/\/magnetarmagnets.com\/sklep\/"},{"@type":"ListItem","position":3,"name":"Sprz\u0119t","item":"https:\/\/magnetarmagnets.com\/pl\/collections\/sprzet\/"},{"@type":"ListItem","position":4,"name":"Artyku\u0142y promocyjne","item":"https:\/\/magnetarmagnets.com\/pl\/collections\/sprzet\/artykuly-promocyjne\/"},{"@type":"ListItem","position":5,"name":"Magnetar Baseball Cap r\u00f3\u017cowa"}]},{"@type":"WebSite","@id":"https:\/\/magnetarmagnets.com\/pl\/#website","url":"https:\/\/magnetarmagnets.com\/pl\/","name":"Magnet fishing with a Magnetar fishing magnet","description":"Mocne magnesy do po\u0142owu na magnes","publisher":{"@id":"https:\/\/magnetarmagnets.com\/pl\/#organization"},"potentialAction":[{"@type":"SearchAction","target":{"@type":"EntryPoint","urlTemplate":"https:\/\/magnetarmagnets.com\/pl\/?s={search_term_string}"},"query-input":{"@type":"PropertyValueSpecification","valueRequired":true,"valueName":"search_term_string"}}],"inLanguage":"pl-PL"},{"@type":"Organization","@id":"https:\/\/magnetarmagnets.com\/pl\/#organization","name":"Magnetar","url":"https:\/\/magnetarmagnets.com\/pl\/","logo":{"@type":"ImageObject","inLanguage":"pl-PL","@id":"https:\/\/magnetarmagnets.com\/pl\/#\/schema\/logo\/image\/","url":"https:\/\/magnetarmagnets.com\/wp-content\/uploads\/2025\/05\/Logo-03_PNG-Black-scaled.png","contentUrl":"https:\/\/magnetarmagnets.com\/wp-content\/uploads\/2025\/05\/Logo-03_PNG-Black-scaled.png","width":2560,"height":1658,"caption":"Magnetar"},"image":{"@id":"https:\/\/magnetarmagnets.com\/pl\/#\/schema\/logo\/image\/"},"sameAs":["https:\/\/www.facebook.com\/fishingmagnets\/","https:\/\/www.instagram.com\/magnetar_magnets\/","https:\/\/www.linkedin.com\/company\/magnetarbv\/?originalSubdomain=nl","https:\/\/www.youtube.com\/c\/MagnetarVismagneet"]}]}},"_links":{"self":[{"href":"https:\/\/magnetarmagnets.com\/pl\/wp-json\/wp\/v2\/product\/83694","targetHints":{"allow":["GET"]}}],"collection":[{"href":"https:\/\/magnetarmagnets.com\/pl\/wp-json\/wp\/v2\/product"}],"about":[{"href":"https:\/\/magnetarmagnets.com\/pl\/wp-json\/wp\/v2\/types\/product"}],"replies":[{"embeddable":true,"href":"https:\/\/magnetarmagnets.com\/pl\/wp-json\/wp\/v2\/comments?post=83694"}],"version-history":[{"count":1,"href":"https:\/\/magnetarmagnets.com\/pl\/wp-json\/wp\/v2\/product\/83694\/revisions"}],"predecessor-version":[{"id":95390,"href":"https:\/\/magnetarmagnets.com\/pl\/wp-json\/wp\/v2\/product\/83694\/revisions\/95390"}],"wp:featuredmedia":[{"embeddable":true,"href":"https:\/\/magnetarmagnets.com\/pl\/wp-json\/wp\/v2\/media\/80652"}],"wp:attachment":[{"href":"https:\/\/magnetarmagnets.com\/pl\/wp-json\/wp\/v2\/media?parent=83694"}],"wp:term":[{"taxonomy":"product_brand","embeddable":true,"href":"https:\/\/magnetarmagnets.com\/pl\/wp-json\/wp\/v2\/product_brand?post=83694"},{"taxonomy":"product_cat","embeddable":true,"href":"https:\/\/magnetarmagnets.com\/pl\/wp-json\/wp\/v2\/product_cat?post=83694"},{"taxonomy":"product_tag","embeddable":true,"href":"https:\/\/magnetarmagnets.com\/pl\/wp-json\/wp\/v2\/product_tag?post=83694"}],"curies":[{"name":"wp","href":"https:\/\/api.w.org\/{rel}","templated":true}]}}