{"id":83689,"date":"2025-06-05T09:54:13","date_gmt":"2025-06-05T07:54:13","guid":{"rendered":"https:\/\/magnetarmagnets.com\/?post_type=product&#038;p=83689"},"modified":"2026-04-04T20:16:53","modified_gmt":"2026-04-04T18:16:53","slug":"bulldog-500-magnes-dwustronny-500-kg","status":"publish","type":"product","link":"https:\/\/magnetarmagnets.com\/pl\/shop\/bulldog-500-magnes-dwustronny-500-kg\/","title":{"rendered":"Bulldog 500 &#8211; magnes dwustronny &#8211; 500 kg"},"content":{"rendered":"<span style=\"font-weight: 400;\">Magnetar <\/span>Bulldog 500<span style=\"font-weight: 400;\"> to m\u0142odszy brat magnetaru <\/span>Bulldog 800<span style=\"font-weight: 400;\"> &#8211; magnesu dwustronnego do \u0142owienia magnesem. Nasz magnes Bulldog przyci\u0105ga wszystkie obiekty znajduj\u0105ce si\u0119 w wodzie dzi\u0119ki \u0142\u0105cznej sile magnetycznej wynosz\u0105cej 500 kg. Si\u0142a ta jest roz\u0142o\u017cona na dwa magnesy o sile 550 funt\u00f3w\/250 kg ka\u017cdy: dzi\u0119ki temu zawsze \u0142owisz z si\u0142\u0105 250 kg na ka\u017cd\u0105 stron\u0119 magnesu. Zwi\u0119ksza to szanse na znalezienie przedmiot\u00f3w dzi\u0119ki rozszerzonemu polu magnetycznemu. Bulldog posiada dwustronn\u0105 si\u0142\u0119 przyci\u0105gania i jest zabezpieczony stalowym pier\u015bcieniem. Szukasz mocniejszego magnesu dwustronnego? Sprawd\u017a nasz <a href=\"https:\/\/magnetarmagnets.com\/shop\/bulldog-800-double-sided\/\" target=\"_blank\" rel=\"noopener noreferrer\"><span style=\"font-weight: 400;\">Bulldog 800<\/span><\/a>.<h2><strong>Dwustronny Bulldog 500<\/strong><\/h2><span style=\"font-weight: 400;\">Nasz magnes Bulldog przyci\u0105ga wszystkie przedmioty pod wod\u0105 z \u0142\u0105czn\u0105 si\u0142\u0105 magnetyczn\u0105 500 kg, podzielon\u0105 na dwa magnesy po 250 kg. Osi\u0105gni\u0119cie maksymalnej si\u0142y 250 kg jest mo\u017cliwe tylko w idealnych warunkach: p\u0142askie metalowe powierzchnie o grubo\u015bci 2 cm, brak rdzy i nic mi\u0119dzy magnesem a metalem. W takich sytuacjach mo\u017cesz podnie\u015b\u0107 250 kg prosto w g\u00f3r\u0119.<\/span><span style=\"font-weight: 400;\">R\u00f3\u017cnica mi\u0119dzy <a href=\"https:\/\/magnetarmagnets.com\/double-sided-fishing-magnet\/\" target=\"_blank\" rel=\"noopener\">magnesem dwustronnym<\/a> a jednostronnym polega na mo\u017cliwo\u015bci po\u0142owu na dwa sposoby zamiast jednego. Oczka monta\u017cowe mo\u017cna przymocowa\u0107 wed\u0142ug uznania. Aby przeci\u0105gn\u0105\u0107 magnes poziomo przez wod\u0119 (co zwi\u0119ksza szans\u0119 na znalezienie przedmiot\u00f3w), przymocuj oczko z boku magnesu. Dzi\u0119ki dw\u00f3m magnesom magnes dwustronny zawsze ustawia si\u0119 w stron\u0119 potencjalnych skarb\u00f3w.<\/span><span style=\"font-weight: 400;\">Negatywnym efektem poziomego \u0142owienia jest zmniejszona si\u0142a przyci\u0105gania. Si\u0142a magnetyczna jest najlepsza przy po\u0142owie pionowym. Aby zwi\u0119kszy\u0107 si\u0142\u0119, oczko powinno by\u0107 przymocowane pionowo na powierzchni magnesu, co pozwala wyci\u0105ga\u0107 ci\u0119\u017csze obiekty, podobnie jak nasze <span style=\"font-weight: 400;\">klasyczne magnesy<\/span>. R\u00f3\u017cnorodno\u015b\u0107 zastosowa\u0144 czyni ten magnes wielofunkcyjnym.<\/span>Nie zapomnij sprawdzi\u0107 naszego <a href=\"https:\/\/magnetarmagnets.com\/accessories\/\" target=\"_blank\" rel=\"noopener\">sprz\u0119tu do \u0142owienia magnesem<\/a> lub najlepszych <a href=\"https:\/\/magnetarmagnets.com\/magnet-fishing-kit\/\" target=\"_blank\" rel=\"noopener\">zestaw\u00f3w do \u0142owienia magnesem<\/a>.","protected":false},"excerpt":{"rendered":"<p><span style=\"font-weight: 400;\">Podw\u00f3jna si\u0142a przyci\u0105gania dzi\u0119ki 2 x 250 kg mocy ci\u0105gu. <strong>Podwaja szans\u0119 na znalezienie skarb\u00f3w<\/strong>!<\/span><\/p>\n","protected":false},"featured_media":80536,"comment_status":"open","ping_status":"closed","template":"","meta":{"_acf_changed":false,"inline_featured_image":false},"product_brand":[],"product_cat":[581,585,593,1007,594],"product_tag":[],"class_list":{"0":"post-83689","1":"product","2":"type-product","3":"status-publish","4":"has-post-thumbnail","6":"product_cat-magnesy-do-lowienia","7":"product_cat-magnesy-do-lowienia-dwustronne","8":"product_cat-poczatkujacy-i-dzieci","9":"product_cat-wszystkie-produkty","10":"product_cat-zaawansowani-poszukiwacze-przygod","12":"first","13":"instock","14":"taxable","15":"shipping-taxable","16":"purchasable","17":"product-type-simple"},"acf":[],"yoast_head":"<!-- This site is optimized with the Yoast SEO plugin v27.4 - https:\/\/yoast.com\/product\/yoast-seo-wordpress\/ -->\n<title>Dwustronny magnes Bulldog 400 od Magnetar magnets<\/title>\n<meta name=\"description\" content=\"Si\u0142a magnetyczna jest roz\u0142o\u017cona na dwa magnesy o sile 250 kg ka\u017cdy: zawsze \u0142owisz z si\u0142\u0105 250 kg po ka\u017cdej stronie.\" \/>\n<meta name=\"robots\" content=\"index, follow, max-snippet:-1, max-image-preview:large, max-video-preview:-1\" \/>\n<link rel=\"canonical\" href=\"https:\/\/magnetarmagnets.com\/pl\/shop\/bulldog-500-magnes-dwustronny-500-kg\/\" \/>\n<meta property=\"og:locale\" content=\"pl_PL\" \/>\n<meta property=\"og:type\" content=\"article\" \/>\n<meta property=\"og:title\" content=\"Dwustronny magnes Bulldog 400 od Magnetar magnets\" \/>\n<meta property=\"og:description\" content=\"Si\u0142a magnetyczna jest roz\u0142o\u017cona na dwa magnesy o sile 250 kg ka\u017cdy: zawsze \u0142owisz z si\u0142\u0105 250 kg po ka\u017cdej stronie.\" \/>\n<meta property=\"og:url\" content=\"https:\/\/magnetarmagnets.com\/pl\/shop\/bulldog-500-magnes-dwustronny-500-kg\/\" \/>\n<meta property=\"og:site_name\" content=\"Magnet fishing with a Magnetar fishing magnet\" \/>\n<meta property=\"article:publisher\" content=\"https:\/\/www.facebook.com\/fishingmagnets\/\" \/>\n<meta property=\"article:modified_time\" content=\"2026-04-04T18:16:53+00:00\" \/>\n<meta property=\"og:image\" content=\"https:\/\/magnetarmagnets.com\/wp-content\/uploads\/2020\/05\/FOTO1491.jpg\" \/>\n\t<meta property=\"og:image:width\" content=\"1000\" \/>\n\t<meta property=\"og:image:height\" content=\"1000\" \/>\n\t<meta property=\"og:image:type\" content=\"image\/jpeg\" \/>\n<meta name=\"twitter:card\" content=\"summary_large_image\" \/>\n<meta name=\"twitter:label1\" content=\"Szacowany czas czytania\" \/>\n\t<meta name=\"twitter:data1\" content=\"4 minuty\" \/>\n<script type=\"application\/ld+json\" class=\"yoast-schema-graph\">{\"@context\":\"https:\\\/\\\/schema.org\",\"@graph\":[{\"@type\":[\"WebPage\",\"ItemPage\"],\"@id\":\"https:\\\/\\\/magnetarmagnets.com\\\/pl\\\/shop\\\/bulldog-500-magnes-dwustronny-500-kg\\\/\",\"url\":\"https:\\\/\\\/magnetarmagnets.com\\\/pl\\\/shop\\\/bulldog-500-magnes-dwustronny-500-kg\\\/\",\"name\":\"Dwustronny magnes Bulldog 400 od Magnetar magnets\",\"isPartOf\":{\"@id\":\"https:\\\/\\\/magnetarmagnets.com\\\/pl\\\/#website\"},\"primaryImageOfPage\":{\"@id\":\"https:\\\/\\\/magnetarmagnets.com\\\/pl\\\/shop\\\/bulldog-500-magnes-dwustronny-500-kg\\\/#primaryimage\"},\"image\":{\"@id\":\"https:\\\/\\\/magnetarmagnets.com\\\/pl\\\/shop\\\/bulldog-500-magnes-dwustronny-500-kg\\\/#primaryimage\"},\"thumbnailUrl\":\"https:\\\/\\\/magnetarmagnets.com\\\/wp-content\\\/uploads\\\/2020\\\/05\\\/FOTO1491.jpg\",\"datePublished\":\"2025-06-05T07:54:13+00:00\",\"dateModified\":\"2026-04-04T18:16:53+00:00\",\"description\":\"Si\u0142a magnetyczna jest roz\u0142o\u017cona na dwa magnesy o sile 250 kg ka\u017cdy: zawsze \u0142owisz z si\u0142\u0105 250 kg po ka\u017cdej stronie.\",\"breadcrumb\":{\"@id\":\"https:\\\/\\\/magnetarmagnets.com\\\/pl\\\/shop\\\/bulldog-500-magnes-dwustronny-500-kg\\\/#breadcrumb\"},\"inLanguage\":\"pl-PL\",\"potentialAction\":[{\"@type\":\"ReadAction\",\"target\":[\"https:\\\/\\\/magnetarmagnets.com\\\/pl\\\/shop\\\/bulldog-500-magnes-dwustronny-500-kg\\\/\"]}]},{\"@type\":\"ImageObject\",\"inLanguage\":\"pl-PL\",\"@id\":\"https:\\\/\\\/magnetarmagnets.com\\\/pl\\\/shop\\\/bulldog-500-magnes-dwustronny-500-kg\\\/#primaryimage\",\"url\":\"https:\\\/\\\/magnetarmagnets.com\\\/wp-content\\\/uploads\\\/2020\\\/05\\\/FOTO1491.jpg\",\"contentUrl\":\"https:\\\/\\\/magnetarmagnets.com\\\/wp-content\\\/uploads\\\/2020\\\/05\\\/FOTO1491.jpg\",\"width\":1000,\"height\":1000,\"caption\":\"BULLDOG 500 fishing magnet\"},{\"@type\":\"BreadcrumbList\",\"@id\":\"https:\\\/\\\/magnetarmagnets.com\\\/pl\\\/shop\\\/bulldog-500-magnes-dwustronny-500-kg\\\/#breadcrumb\",\"itemListElement\":[{\"@type\":\"ListItem\",\"position\":1,\"name\":\"Home\",\"item\":\"https:\\\/\\\/magnetarmagnets.com\\\/pl\\\/\"},{\"@type\":\"ListItem\",\"position\":2,\"name\":\"Sklep\",\"item\":\"https:\\\/\\\/magnetarmagnets.com\\\/sklep\\\/\"},{\"@type\":\"ListItem\",\"position\":3,\"name\":\"Magnesy do \u0142owienia\",\"item\":\"https:\\\/\\\/magnetarmagnets.com\\\/pl\\\/collections\\\/magnesy-do-lowienia\\\/\"},{\"@type\":\"ListItem\",\"position\":4,\"name\":\"Magnesy do \u0142owienia dwustronne\",\"item\":\"https:\\\/\\\/magnetarmagnets.com\\\/pl\\\/collections\\\/magnesy-do-lowienia\\\/magnesy-do-lowienia-dwustronne\\\/\"},{\"@type\":\"ListItem\",\"position\":5,\"name\":\"Bulldog 500 &#8211; magnes dwustronny &#8211; 500 kg\"}]},{\"@type\":\"WebSite\",\"@id\":\"https:\\\/\\\/magnetarmagnets.com\\\/pl\\\/#website\",\"url\":\"https:\\\/\\\/magnetarmagnets.com\\\/pl\\\/\",\"name\":\"Magnet fishing with a Magnetar fishing magnet\",\"description\":\"Mocne magnesy do po\u0142owu na magnes\",\"publisher\":{\"@id\":\"https:\\\/\\\/magnetarmagnets.com\\\/pl\\\/#organization\"},\"potentialAction\":[{\"@type\":\"SearchAction\",\"target\":{\"@type\":\"EntryPoint\",\"urlTemplate\":\"https:\\\/\\\/magnetarmagnets.com\\\/pl\\\/?s={search_term_string}\"},\"query-input\":{\"@type\":\"PropertyValueSpecification\",\"valueRequired\":true,\"valueName\":\"search_term_string\"}}],\"inLanguage\":\"pl-PL\"},{\"@type\":\"Organization\",\"@id\":\"https:\\\/\\\/magnetarmagnets.com\\\/pl\\\/#organization\",\"name\":\"Magnetar\",\"url\":\"https:\\\/\\\/magnetarmagnets.com\\\/pl\\\/\",\"logo\":{\"@type\":\"ImageObject\",\"inLanguage\":\"pl-PL\",\"@id\":\"https:\\\/\\\/magnetarmagnets.com\\\/pl\\\/#\\\/schema\\\/logo\\\/image\\\/\",\"url\":\"https:\\\/\\\/magnetarmagnets.com\\\/wp-content\\\/uploads\\\/2025\\\/05\\\/Logo-03_PNG-Black-scaled.png\",\"contentUrl\":\"https:\\\/\\\/magnetarmagnets.com\\\/wp-content\\\/uploads\\\/2025\\\/05\\\/Logo-03_PNG-Black-scaled.png\",\"width\":2560,\"height\":1658,\"caption\":\"Magnetar\"},\"image\":{\"@id\":\"https:\\\/\\\/magnetarmagnets.com\\\/pl\\\/#\\\/schema\\\/logo\\\/image\\\/\"},\"sameAs\":[\"https:\\\/\\\/www.facebook.com\\\/fishingmagnets\\\/\",\"https:\\\/\\\/www.instagram.com\\\/magnetar_magnets\\\/\",\"https:\\\/\\\/www.linkedin.com\\\/company\\\/magnetarbv\\\/?originalSubdomain=nl\",\"https:\\\/\\\/www.youtube.com\\\/c\\\/MagnetarVismagneet\"]}]}<\/script>\n<!-- \/ Yoast SEO plugin. -->","yoast_head_json":{"title":"Dwustronny magnes Bulldog 400 od Magnetar magnets","description":"Si\u0142a magnetyczna jest roz\u0142o\u017cona na dwa magnesy o sile 250 kg ka\u017cdy: zawsze \u0142owisz z si\u0142\u0105 250 kg po ka\u017cdej stronie.","robots":{"index":"index","follow":"follow","max-snippet":"max-snippet:-1","max-image-preview":"max-image-preview:large","max-video-preview":"max-video-preview:-1"},"canonical":"https:\/\/magnetarmagnets.com\/pl\/shop\/bulldog-500-magnes-dwustronny-500-kg\/","og_locale":"pl_PL","og_type":"article","og_title":"Dwustronny magnes Bulldog 400 od Magnetar magnets","og_description":"Si\u0142a magnetyczna jest roz\u0142o\u017cona na dwa magnesy o sile 250 kg ka\u017cdy: zawsze \u0142owisz z si\u0142\u0105 250 kg po ka\u017cdej stronie.","og_url":"https:\/\/magnetarmagnets.com\/pl\/shop\/bulldog-500-magnes-dwustronny-500-kg\/","og_site_name":"Magnet fishing with a Magnetar fishing magnet","article_publisher":"https:\/\/www.facebook.com\/fishingmagnets\/","article_modified_time":"2026-04-04T18:16:53+00:00","og_image":[{"width":1000,"height":1000,"url":"https:\/\/magnetarmagnets.com\/wp-content\/uploads\/2020\/05\/FOTO1491.jpg","type":"image\/jpeg"}],"twitter_card":"summary_large_image","twitter_misc":{"Szacowany czas czytania":"4 minuty"},"schema":{"@context":"https:\/\/schema.org","@graph":[{"@type":["WebPage","ItemPage"],"@id":"https:\/\/magnetarmagnets.com\/pl\/shop\/bulldog-500-magnes-dwustronny-500-kg\/","url":"https:\/\/magnetarmagnets.com\/pl\/shop\/bulldog-500-magnes-dwustronny-500-kg\/","name":"Dwustronny magnes Bulldog 400 od Magnetar magnets","isPartOf":{"@id":"https:\/\/magnetarmagnets.com\/pl\/#website"},"primaryImageOfPage":{"@id":"https:\/\/magnetarmagnets.com\/pl\/shop\/bulldog-500-magnes-dwustronny-500-kg\/#primaryimage"},"image":{"@id":"https:\/\/magnetarmagnets.com\/pl\/shop\/bulldog-500-magnes-dwustronny-500-kg\/#primaryimage"},"thumbnailUrl":"https:\/\/magnetarmagnets.com\/wp-content\/uploads\/2020\/05\/FOTO1491.jpg","datePublished":"2025-06-05T07:54:13+00:00","dateModified":"2026-04-04T18:16:53+00:00","description":"Si\u0142a magnetyczna jest roz\u0142o\u017cona na dwa magnesy o sile 250 kg ka\u017cdy: zawsze \u0142owisz z si\u0142\u0105 250 kg po ka\u017cdej stronie.","breadcrumb":{"@id":"https:\/\/magnetarmagnets.com\/pl\/shop\/bulldog-500-magnes-dwustronny-500-kg\/#breadcrumb"},"inLanguage":"pl-PL","potentialAction":[{"@type":"ReadAction","target":["https:\/\/magnetarmagnets.com\/pl\/shop\/bulldog-500-magnes-dwustronny-500-kg\/"]}]},{"@type":"ImageObject","inLanguage":"pl-PL","@id":"https:\/\/magnetarmagnets.com\/pl\/shop\/bulldog-500-magnes-dwustronny-500-kg\/#primaryimage","url":"https:\/\/magnetarmagnets.com\/wp-content\/uploads\/2020\/05\/FOTO1491.jpg","contentUrl":"https:\/\/magnetarmagnets.com\/wp-content\/uploads\/2020\/05\/FOTO1491.jpg","width":1000,"height":1000,"caption":"BULLDOG 500 fishing magnet"},{"@type":"BreadcrumbList","@id":"https:\/\/magnetarmagnets.com\/pl\/shop\/bulldog-500-magnes-dwustronny-500-kg\/#breadcrumb","itemListElement":[{"@type":"ListItem","position":1,"name":"Home","item":"https:\/\/magnetarmagnets.com\/pl\/"},{"@type":"ListItem","position":2,"name":"Sklep","item":"https:\/\/magnetarmagnets.com\/sklep\/"},{"@type":"ListItem","position":3,"name":"Magnesy do \u0142owienia","item":"https:\/\/magnetarmagnets.com\/pl\/collections\/magnesy-do-lowienia\/"},{"@type":"ListItem","position":4,"name":"Magnesy do \u0142owienia dwustronne","item":"https:\/\/magnetarmagnets.com\/pl\/collections\/magnesy-do-lowienia\/magnesy-do-lowienia-dwustronne\/"},{"@type":"ListItem","position":5,"name":"Bulldog 500 &#8211; magnes dwustronny &#8211; 500 kg"}]},{"@type":"WebSite","@id":"https:\/\/magnetarmagnets.com\/pl\/#website","url":"https:\/\/magnetarmagnets.com\/pl\/","name":"Magnet fishing with a Magnetar fishing magnet","description":"Mocne magnesy do po\u0142owu na magnes","publisher":{"@id":"https:\/\/magnetarmagnets.com\/pl\/#organization"},"potentialAction":[{"@type":"SearchAction","target":{"@type":"EntryPoint","urlTemplate":"https:\/\/magnetarmagnets.com\/pl\/?s={search_term_string}"},"query-input":{"@type":"PropertyValueSpecification","valueRequired":true,"valueName":"search_term_string"}}],"inLanguage":"pl-PL"},{"@type":"Organization","@id":"https:\/\/magnetarmagnets.com\/pl\/#organization","name":"Magnetar","url":"https:\/\/magnetarmagnets.com\/pl\/","logo":{"@type":"ImageObject","inLanguage":"pl-PL","@id":"https:\/\/magnetarmagnets.com\/pl\/#\/schema\/logo\/image\/","url":"https:\/\/magnetarmagnets.com\/wp-content\/uploads\/2025\/05\/Logo-03_PNG-Black-scaled.png","contentUrl":"https:\/\/magnetarmagnets.com\/wp-content\/uploads\/2025\/05\/Logo-03_PNG-Black-scaled.png","width":2560,"height":1658,"caption":"Magnetar"},"image":{"@id":"https:\/\/magnetarmagnets.com\/pl\/#\/schema\/logo\/image\/"},"sameAs":["https:\/\/www.facebook.com\/fishingmagnets\/","https:\/\/www.instagram.com\/magnetar_magnets\/","https:\/\/www.linkedin.com\/company\/magnetarbv\/?originalSubdomain=nl","https:\/\/www.youtube.com\/c\/MagnetarVismagneet"]}]}},"_links":{"self":[{"href":"https:\/\/magnetarmagnets.com\/pl\/wp-json\/wp\/v2\/product\/83689","targetHints":{"allow":["GET"]}}],"collection":[{"href":"https:\/\/magnetarmagnets.com\/pl\/wp-json\/wp\/v2\/product"}],"about":[{"href":"https:\/\/magnetarmagnets.com\/pl\/wp-json\/wp\/v2\/types\/product"}],"replies":[{"embeddable":true,"href":"https:\/\/magnetarmagnets.com\/pl\/wp-json\/wp\/v2\/comments?post=83689"}],"version-history":[{"count":0,"href":"https:\/\/magnetarmagnets.com\/pl\/wp-json\/wp\/v2\/product\/83689\/revisions"}],"wp:featuredmedia":[{"embeddable":true,"href":"https:\/\/magnetarmagnets.com\/pl\/wp-json\/wp\/v2\/media\/80536"}],"wp:attachment":[{"href":"https:\/\/magnetarmagnets.com\/pl\/wp-json\/wp\/v2\/media?parent=83689"}],"wp:term":[{"taxonomy":"product_brand","embeddable":true,"href":"https:\/\/magnetarmagnets.com\/pl\/wp-json\/wp\/v2\/product_brand?post=83689"},{"taxonomy":"product_cat","embeddable":true,"href":"https:\/\/magnetarmagnets.com\/pl\/wp-json\/wp\/v2\/product_cat?post=83689"},{"taxonomy":"product_tag","embeddable":true,"href":"https:\/\/magnetarmagnets.com\/pl\/wp-json\/wp\/v2\/product_tag?post=83689"}],"curies":[{"name":"wp","href":"https:\/\/api.w.org\/{rel}","templated":true}]}}