{"id":83682,"date":"2025-06-05T09:54:15","date_gmt":"2025-06-05T07:54:15","guid":{"rendered":"https:\/\/magnetarmagnets.com\/?post_type=product&#038;p=83682"},"modified":"2026-04-18T00:42:07","modified_gmt":"2026-04-17T22:42:07","slug":"magnetyczna-wedka-do-lowienia-magnesem-3-metry","status":"publish","type":"product","link":"https:\/\/magnetarmagnets.com\/pl\/shop\/magnetyczna-wedka-do-lowienia-magnesem-3-metry\/","title":{"rendered":"Magnetyczna w\u0119dka do \u0142owienia magnesem &#8211; 3 metry"},"content":{"rendered":"Z magnetycznym grotkiem do \u0142owienia magnesem \u201eLange Jan\u201d mo\u017cesz wyci\u0105ga\u0107 przedmioty, kt\u00f3re Twoja linka nie podniesie. Magnetyczny grot mo\u017cna roz\u0142o\u017cy\u0107, co u\u0142atwia jego transport (r\u00f3wnie\u017c w poje\u017adzie).<br><br><strong>Magnetyczny grot do \u0142owienia magnesem \u201eLange Jan\u201d<\/strong><br><br>Magnetyczny grot \u201eLange Jan\u201d to idealne narz\u0119dzie do si\u0119gania po g\u0142\u0119boko zalegaj\u0105ce przedmioty. Stare obiekty, takie jak kule armatnie i wyposa\u017cenie z czas\u00f3w II wojny \u015bwiatowej, mog\u0142y z czasem zanurzy\u0107 si\u0119 lub zosta\u0107 przykryte li\u015b\u0107mi oraz ga\u0142\u0119ziami. Za pomoc\u0105 magnetycznego grotka do \u0142owienia magnesem wyci\u0105gniesz przedmioty tam, gdzie linka by je pozostawi\u0142a.<br><br><strong>Dla kogo jest odpowiedni magnetyczny grot Lange Jan?<\/strong><br><br>Magnetyczny grot Lange Jan jest przeznaczony dla os\u00f3b, kt\u00f3re chc\u0105 wej\u015b\u0107 do wody lub si\u0119gn\u0105\u0107 z brzegu. Dzi\u0119ki pikirowaniu mo\u017cesz dotrze\u0107 do g\u0142\u0119boko zalegaj\u0105cych przedmiot\u00f3w. Te przedmioty cz\u0119sto s\u0105 w doskona\u0142ym stanie, poniewa\u017c mia\u0142y mniej kontaktu z tlenem. Nie musisz by\u0107 do\u015bwiadczonym w\u0119dkarzem, poniewa\u017c ten magnetyczny grot jest odpowiedni dla ka\u017cdego.<br><br>Grot mo\u017cna u\u017cywa\u0107 w po\u0142\u0105czeniu z wi\u0119kszo\u015bci\u0105 magnet\u00f3w do \u0142owienia magnesem Magnetar. Po\u0142\u0105czenia magnet\u00f3w Classic Fishing Magnet 400, <a href=\"https:\/\/magnetarmagnets.com\/shop\/classic-fishing-magnet-1100lb-500kg\/\">Classic Fishing Magnet 500<\/a>, <a href=\"https:\/\/magnetarmagnets.com\/shop\/bulldog-500-double-sided\/\">Bulldog 500<\/a>, <a href=\"https:\/\/magnetarmagnets.com\/shop\/bulldog-800-double-sided\/\">Bulldog 800<\/a>, <a href=\"https:\/\/magnetarmagnets.com\/shop\/cube\/\">CUBE<\/a> oraz <a href=\"https:\/\/magnetarmagnets.com\/shop\/megacube\/\">MEGACUBE<\/a> nie pasuj\u0105 do tego grotka. Dlatego tych magnetycznych narz\u0119dzi nie mo\u017cna u\u017cywa\u0107 razem z grotem.<br><br>Nie zapomnij zapozna\u0107 si\u0119 z <a href=\"https:\/\/magnetarmagnets.com\/\" target=\"_blank\" rel=\"noopener\">najlepszymi magnesami do \u0142owienia magnesem<\/a> lub <a href=\"https:\/\/magnetarmagnets.com\/collections\/fishing-magnets\/magnet-fishing-kit\/\" target=\"_blank\" rel=\"noopener\">najlepszymi zestawami do \u0142owienia magnesem<\/a>.","protected":false},"excerpt":{"rendered":"<p>Z Magnetar\u00ae <strong>magnetyczn\u0105 w\u0119dk\u0105 do \u0142owienia magnesem<\/strong> precyzyjnie celujesz swoim magnesem w g\u0142\u0119boko ukryte skarby!<\/p>\n","protected":false},"featured_media":78680,"comment_status":"open","ping_status":"closed","template":"","meta":{"_acf_changed":false,"inline_featured_image":false},"product_brand":[],"product_cat":[588,589,1007],"product_tag":[],"class_list":{"0":"post-83682","1":"product","2":"type-product","3":"status-publish","4":"has-post-thumbnail","6":"product_cat-sprzet","7":"product_cat-sprzet-do-lowienia-magnesem","8":"product_cat-wszystkie-produkty","10":"first","11":"instock","12":"sale","13":"taxable","14":"shipping-taxable","15":"purchasable","16":"product-type-simple"},"acf":[],"yoast_head":"<!-- This site is optimized with the Yoast SEO plugin v27.4 - https:\/\/yoast.com\/product\/yoast-seo-wordpress\/ -->\n<title>Magnetyczna w\u0119dka do \u0142owienia magnesem - 3 metry - Magnet fishing with a Magnetar fishing magnet<\/title>\n<meta name=\"description\" content=\"Magnetyczna w\u0119dka do \u0142owienia magnesem - niezb\u0119dny sprz\u0119t od Magnetar\" \/>\n<meta name=\"robots\" content=\"index, follow, max-snippet:-1, max-image-preview:large, max-video-preview:-1\" \/>\n<link rel=\"canonical\" href=\"https:\/\/magnetarmagnets.com\/pl\/shop\/magnetyczna-wedka-do-lowienia-magnesem-3-metry\/\" \/>\n<meta property=\"og:locale\" content=\"pl_PL\" \/>\n<meta property=\"og:type\" content=\"article\" \/>\n<meta property=\"og:title\" content=\"Magnetyczna w\u0119dka do \u0142owienia magnesem - 3 metry - Magnet fishing with a Magnetar fishing magnet\" \/>\n<meta property=\"og:description\" content=\"Magnetyczna w\u0119dka do \u0142owienia magnesem - niezb\u0119dny sprz\u0119t od Magnetar\" \/>\n<meta property=\"og:url\" content=\"https:\/\/magnetarmagnets.com\/pl\/shop\/magnetyczna-wedka-do-lowienia-magnesem-3-metry\/\" \/>\n<meta property=\"og:site_name\" content=\"Magnet fishing with a Magnetar fishing magnet\" \/>\n<meta property=\"article:publisher\" content=\"https:\/\/www.facebook.com\/fishingmagnets\/\" \/>\n<meta property=\"article:modified_time\" content=\"2026-04-17T22:42:07+00:00\" \/>\n<meta property=\"og:image\" content=\"https:\/\/magnetarmagnets.com\/wp-content\/uploads\/2020\/12\/P1001679.jpg\" \/>\n\t<meta property=\"og:image:width\" content=\"1000\" \/>\n\t<meta property=\"og:image:height\" content=\"1000\" \/>\n\t<meta property=\"og:image:type\" content=\"image\/jpeg\" \/>\n<meta name=\"twitter:card\" content=\"summary_large_image\" \/>\n<meta name=\"twitter:label1\" content=\"Szacowany czas czytania\" \/>\n\t<meta name=\"twitter:data1\" content=\"2 minuty\" \/>\n<script type=\"application\/ld+json\" class=\"yoast-schema-graph\">{\"@context\":\"https:\\\/\\\/schema.org\",\"@graph\":[{\"@type\":[\"WebPage\",\"ItemPage\"],\"@id\":\"https:\\\/\\\/magnetarmagnets.com\\\/pl\\\/shop\\\/magnetyczna-wedka-do-lowienia-magnesem-3-metry\\\/\",\"url\":\"https:\\\/\\\/magnetarmagnets.com\\\/pl\\\/shop\\\/magnetyczna-wedka-do-lowienia-magnesem-3-metry\\\/\",\"name\":\"Magnetyczna w\u0119dka do \u0142owienia magnesem - 3 metry - Magnet fishing with a Magnetar fishing magnet\",\"isPartOf\":{\"@id\":\"https:\\\/\\\/magnetarmagnets.com\\\/pl\\\/#website\"},\"primaryImageOfPage\":{\"@id\":\"https:\\\/\\\/magnetarmagnets.com\\\/pl\\\/shop\\\/magnetyczna-wedka-do-lowienia-magnesem-3-metry\\\/#primaryimage\"},\"image\":{\"@id\":\"https:\\\/\\\/magnetarmagnets.com\\\/pl\\\/shop\\\/magnetyczna-wedka-do-lowienia-magnesem-3-metry\\\/#primaryimage\"},\"thumbnailUrl\":\"https:\\\/\\\/magnetarmagnets.com\\\/wp-content\\\/uploads\\\/2020\\\/12\\\/P1001679.jpg\",\"datePublished\":\"2025-06-05T07:54:15+00:00\",\"dateModified\":\"2026-04-17T22:42:07+00:00\",\"description\":\"Magnetyczna w\u0119dka do \u0142owienia magnesem - niezb\u0119dny sprz\u0119t od Magnetar\",\"breadcrumb\":{\"@id\":\"https:\\\/\\\/magnetarmagnets.com\\\/pl\\\/shop\\\/magnetyczna-wedka-do-lowienia-magnesem-3-metry\\\/#breadcrumb\"},\"inLanguage\":\"pl-PL\",\"potentialAction\":[{\"@type\":\"ReadAction\",\"target\":[\"https:\\\/\\\/magnetarmagnets.com\\\/pl\\\/shop\\\/magnetyczna-wedka-do-lowienia-magnesem-3-metry\\\/\"]}]},{\"@type\":\"ImageObject\",\"inLanguage\":\"pl-PL\",\"@id\":\"https:\\\/\\\/magnetarmagnets.com\\\/pl\\\/shop\\\/magnetyczna-wedka-do-lowienia-magnesem-3-metry\\\/#primaryimage\",\"url\":\"https:\\\/\\\/magnetarmagnets.com\\\/wp-content\\\/uploads\\\/2020\\\/12\\\/P1001679.jpg\",\"contentUrl\":\"https:\\\/\\\/magnetarmagnets.com\\\/wp-content\\\/uploads\\\/2020\\\/12\\\/P1001679.jpg\",\"width\":1000,\"height\":1000,\"caption\":\"Magnetic Fishing Spike, The magnetic spike Lange Jan, magnetic prick stick,\"},{\"@type\":\"BreadcrumbList\",\"@id\":\"https:\\\/\\\/magnetarmagnets.com\\\/pl\\\/shop\\\/magnetyczna-wedka-do-lowienia-magnesem-3-metry\\\/#breadcrumb\",\"itemListElement\":[{\"@type\":\"ListItem\",\"position\":1,\"name\":\"Home\",\"item\":\"https:\\\/\\\/magnetarmagnets.com\\\/pl\\\/\"},{\"@type\":\"ListItem\",\"position\":2,\"name\":\"Sklep\",\"item\":\"https:\\\/\\\/magnetarmagnets.com\\\/sklep\\\/\"},{\"@type\":\"ListItem\",\"position\":3,\"name\":\"Wszystkie produkty\",\"item\":\"https:\\\/\\\/magnetarmagnets.com\\\/pl\\\/collections\\\/wszystkie-produkty\\\/\"},{\"@type\":\"ListItem\",\"position\":4,\"name\":\"Magnetyczna w\u0119dka do \u0142owienia magnesem &#8211; 3 metry\"}]},{\"@type\":\"WebSite\",\"@id\":\"https:\\\/\\\/magnetarmagnets.com\\\/pl\\\/#website\",\"url\":\"https:\\\/\\\/magnetarmagnets.com\\\/pl\\\/\",\"name\":\"Magnet fishing with a Magnetar fishing magnet\",\"description\":\"Mocne magnesy do po\u0142owu na magnes\",\"publisher\":{\"@id\":\"https:\\\/\\\/magnetarmagnets.com\\\/pl\\\/#organization\"},\"potentialAction\":[{\"@type\":\"SearchAction\",\"target\":{\"@type\":\"EntryPoint\",\"urlTemplate\":\"https:\\\/\\\/magnetarmagnets.com\\\/pl\\\/?s={search_term_string}\"},\"query-input\":{\"@type\":\"PropertyValueSpecification\",\"valueRequired\":true,\"valueName\":\"search_term_string\"}}],\"inLanguage\":\"pl-PL\"},{\"@type\":\"Organization\",\"@id\":\"https:\\\/\\\/magnetarmagnets.com\\\/pl\\\/#organization\",\"name\":\"Magnetar\",\"url\":\"https:\\\/\\\/magnetarmagnets.com\\\/pl\\\/\",\"logo\":{\"@type\":\"ImageObject\",\"inLanguage\":\"pl-PL\",\"@id\":\"https:\\\/\\\/magnetarmagnets.com\\\/pl\\\/#\\\/schema\\\/logo\\\/image\\\/\",\"url\":\"https:\\\/\\\/magnetarmagnets.com\\\/wp-content\\\/uploads\\\/2025\\\/05\\\/Logo-03_PNG-Black-scaled.png\",\"contentUrl\":\"https:\\\/\\\/magnetarmagnets.com\\\/wp-content\\\/uploads\\\/2025\\\/05\\\/Logo-03_PNG-Black-scaled.png\",\"width\":2560,\"height\":1658,\"caption\":\"Magnetar\"},\"image\":{\"@id\":\"https:\\\/\\\/magnetarmagnets.com\\\/pl\\\/#\\\/schema\\\/logo\\\/image\\\/\"},\"sameAs\":[\"https:\\\/\\\/www.facebook.com\\\/fishingmagnets\\\/\",\"https:\\\/\\\/www.instagram.com\\\/magnetar_magnets\\\/\",\"https:\\\/\\\/www.linkedin.com\\\/company\\\/magnetarbv\\\/?originalSubdomain=nl\",\"https:\\\/\\\/www.youtube.com\\\/c\\\/MagnetarVismagneet\"]}]}<\/script>\n<!-- \/ Yoast SEO plugin. -->","yoast_head_json":{"title":"Magnetyczna w\u0119dka do \u0142owienia magnesem - 3 metry - Magnet fishing with a Magnetar fishing magnet","description":"Magnetyczna w\u0119dka do \u0142owienia magnesem - niezb\u0119dny sprz\u0119t od Magnetar","robots":{"index":"index","follow":"follow","max-snippet":"max-snippet:-1","max-image-preview":"max-image-preview:large","max-video-preview":"max-video-preview:-1"},"canonical":"https:\/\/magnetarmagnets.com\/pl\/shop\/magnetyczna-wedka-do-lowienia-magnesem-3-metry\/","og_locale":"pl_PL","og_type":"article","og_title":"Magnetyczna w\u0119dka do \u0142owienia magnesem - 3 metry - Magnet fishing with a Magnetar fishing magnet","og_description":"Magnetyczna w\u0119dka do \u0142owienia magnesem - niezb\u0119dny sprz\u0119t od Magnetar","og_url":"https:\/\/magnetarmagnets.com\/pl\/shop\/magnetyczna-wedka-do-lowienia-magnesem-3-metry\/","og_site_name":"Magnet fishing with a Magnetar fishing magnet","article_publisher":"https:\/\/www.facebook.com\/fishingmagnets\/","article_modified_time":"2026-04-17T22:42:07+00:00","og_image":[{"width":1000,"height":1000,"url":"https:\/\/magnetarmagnets.com\/wp-content\/uploads\/2020\/12\/P1001679.jpg","type":"image\/jpeg"}],"twitter_card":"summary_large_image","twitter_misc":{"Szacowany czas czytania":"2 minuty"},"schema":{"@context":"https:\/\/schema.org","@graph":[{"@type":["WebPage","ItemPage"],"@id":"https:\/\/magnetarmagnets.com\/pl\/shop\/magnetyczna-wedka-do-lowienia-magnesem-3-metry\/","url":"https:\/\/magnetarmagnets.com\/pl\/shop\/magnetyczna-wedka-do-lowienia-magnesem-3-metry\/","name":"Magnetyczna w\u0119dka do \u0142owienia magnesem - 3 metry - Magnet fishing with a Magnetar fishing magnet","isPartOf":{"@id":"https:\/\/magnetarmagnets.com\/pl\/#website"},"primaryImageOfPage":{"@id":"https:\/\/magnetarmagnets.com\/pl\/shop\/magnetyczna-wedka-do-lowienia-magnesem-3-metry\/#primaryimage"},"image":{"@id":"https:\/\/magnetarmagnets.com\/pl\/shop\/magnetyczna-wedka-do-lowienia-magnesem-3-metry\/#primaryimage"},"thumbnailUrl":"https:\/\/magnetarmagnets.com\/wp-content\/uploads\/2020\/12\/P1001679.jpg","datePublished":"2025-06-05T07:54:15+00:00","dateModified":"2026-04-17T22:42:07+00:00","description":"Magnetyczna w\u0119dka do \u0142owienia magnesem - niezb\u0119dny sprz\u0119t od Magnetar","breadcrumb":{"@id":"https:\/\/magnetarmagnets.com\/pl\/shop\/magnetyczna-wedka-do-lowienia-magnesem-3-metry\/#breadcrumb"},"inLanguage":"pl-PL","potentialAction":[{"@type":"ReadAction","target":["https:\/\/magnetarmagnets.com\/pl\/shop\/magnetyczna-wedka-do-lowienia-magnesem-3-metry\/"]}]},{"@type":"ImageObject","inLanguage":"pl-PL","@id":"https:\/\/magnetarmagnets.com\/pl\/shop\/magnetyczna-wedka-do-lowienia-magnesem-3-metry\/#primaryimage","url":"https:\/\/magnetarmagnets.com\/wp-content\/uploads\/2020\/12\/P1001679.jpg","contentUrl":"https:\/\/magnetarmagnets.com\/wp-content\/uploads\/2020\/12\/P1001679.jpg","width":1000,"height":1000,"caption":"Magnetic Fishing Spike, The magnetic spike Lange Jan, magnetic prick stick,"},{"@type":"BreadcrumbList","@id":"https:\/\/magnetarmagnets.com\/pl\/shop\/magnetyczna-wedka-do-lowienia-magnesem-3-metry\/#breadcrumb","itemListElement":[{"@type":"ListItem","position":1,"name":"Home","item":"https:\/\/magnetarmagnets.com\/pl\/"},{"@type":"ListItem","position":2,"name":"Sklep","item":"https:\/\/magnetarmagnets.com\/sklep\/"},{"@type":"ListItem","position":3,"name":"Wszystkie produkty","item":"https:\/\/magnetarmagnets.com\/pl\/collections\/wszystkie-produkty\/"},{"@type":"ListItem","position":4,"name":"Magnetyczna w\u0119dka do \u0142owienia magnesem &#8211; 3 metry"}]},{"@type":"WebSite","@id":"https:\/\/magnetarmagnets.com\/pl\/#website","url":"https:\/\/magnetarmagnets.com\/pl\/","name":"Magnet fishing with a Magnetar fishing magnet","description":"Mocne magnesy do po\u0142owu na magnes","publisher":{"@id":"https:\/\/magnetarmagnets.com\/pl\/#organization"},"potentialAction":[{"@type":"SearchAction","target":{"@type":"EntryPoint","urlTemplate":"https:\/\/magnetarmagnets.com\/pl\/?s={search_term_string}"},"query-input":{"@type":"PropertyValueSpecification","valueRequired":true,"valueName":"search_term_string"}}],"inLanguage":"pl-PL"},{"@type":"Organization","@id":"https:\/\/magnetarmagnets.com\/pl\/#organization","name":"Magnetar","url":"https:\/\/magnetarmagnets.com\/pl\/","logo":{"@type":"ImageObject","inLanguage":"pl-PL","@id":"https:\/\/magnetarmagnets.com\/pl\/#\/schema\/logo\/image\/","url":"https:\/\/magnetarmagnets.com\/wp-content\/uploads\/2025\/05\/Logo-03_PNG-Black-scaled.png","contentUrl":"https:\/\/magnetarmagnets.com\/wp-content\/uploads\/2025\/05\/Logo-03_PNG-Black-scaled.png","width":2560,"height":1658,"caption":"Magnetar"},"image":{"@id":"https:\/\/magnetarmagnets.com\/pl\/#\/schema\/logo\/image\/"},"sameAs":["https:\/\/www.facebook.com\/fishingmagnets\/","https:\/\/www.instagram.com\/magnetar_magnets\/","https:\/\/www.linkedin.com\/company\/magnetarbv\/?originalSubdomain=nl","https:\/\/www.youtube.com\/c\/MagnetarVismagneet"]}]}},"_links":{"self":[{"href":"https:\/\/magnetarmagnets.com\/pl\/wp-json\/wp\/v2\/product\/83682","targetHints":{"allow":["GET"]}}],"collection":[{"href":"https:\/\/magnetarmagnets.com\/pl\/wp-json\/wp\/v2\/product"}],"about":[{"href":"https:\/\/magnetarmagnets.com\/pl\/wp-json\/wp\/v2\/types\/product"}],"replies":[{"embeddable":true,"href":"https:\/\/magnetarmagnets.com\/pl\/wp-json\/wp\/v2\/comments?post=83682"}],"version-history":[{"count":0,"href":"https:\/\/magnetarmagnets.com\/pl\/wp-json\/wp\/v2\/product\/83682\/revisions"}],"wp:featuredmedia":[{"embeddable":true,"href":"https:\/\/magnetarmagnets.com\/pl\/wp-json\/wp\/v2\/media\/78680"}],"wp:attachment":[{"href":"https:\/\/magnetarmagnets.com\/pl\/wp-json\/wp\/v2\/media?parent=83682"}],"wp:term":[{"taxonomy":"product_brand","embeddable":true,"href":"https:\/\/magnetarmagnets.com\/pl\/wp-json\/wp\/v2\/product_brand?post=83682"},{"taxonomy":"product_cat","embeddable":true,"href":"https:\/\/magnetarmagnets.com\/pl\/wp-json\/wp\/v2\/product_cat?post=83682"},{"taxonomy":"product_tag","embeddable":true,"href":"https:\/\/magnetarmagnets.com\/pl\/wp-json\/wp\/v2\/product_tag?post=83682"}],"curies":[{"name":"wp","href":"https:\/\/api.w.org\/{rel}","templated":true}]}}