{"id":83681,"date":"2025-06-05T09:54:14","date_gmt":"2025-06-05T07:54:14","guid":{"rendered":"https:\/\/magnetarmagnets.com\/?post_type=product&#038;p=83681"},"modified":"2026-04-03T12:49:42","modified_gmt":"2026-04-03T10:49:42","slug":"magnetyczny-uchwyt-na-narzedzia","status":"publish","type":"product","link":"https:\/\/magnetarmagnets.com\/pl\/shop\/magnetyczny-uchwyt-na-narzedzia\/","title":{"rendered":"Magnetyczny uchwyt na narz\u0119dzia"},"content":{"rendered":"<h2>Magnetyczny uchwyt na narz\u0119dzia<\/h2>\n\nMagnes z \u015brub\u0105 jest niezb\u0119dny w ka\u017cdym domu. Magnesy z haczykiem maj\u0105 si\u0142\u0119 przyci\u0105gania 25 kg! Te magnesy neodymowe o stopniu magnetyzacji N50 s\u0105 jeszcze silniejsze ni\u017c wcze\u015bniej.\n\n<h2>Wielofunkcyjne haczyki do zawieszania<\/h2>\n\nTe magnesy Magnetar s\u0105 praktyczne i wszechstronne. Mo\u017cesz ich u\u017cy\u0107 do prawie wszystkiego. Na przyk\u0142ad mo\u017cna na nich zawiesi\u0107 wszystko, co jest wykonane z \u017celaza. Pomy\u015bl o narz\u0119dziach, narz\u0119dziach ogrodowych, patelniach, gwo\u017adziach&#8230; <strong>Pomocy! M\u00f3j m\u0105\u017c jest majsterkowiczem?<\/strong> Po zam\u00f3wieniu tych magnes\u00f3w, wszystko b\u0119dzie zorganizowane. Zestaw zawiera 6 srebrnych magnes\u00f3w Magnetar zapakowanych w pi\u0119kne pude\u0142ko prezentowe.\n\n<h2>Jako\u015b\u0107 magnesu uchwytu na narz\u0119dzia<\/h2>\n\nTe magnetyczne uchwyty na narz\u0119dzia s\u0105 wykonane z najwy\u017cszej jako\u015bci magnesu neodymowego. Niklowany neodym ma si\u0142\u0119 N50, wytrzyma\u0142o\u015b\u0107 na rozci\u0105ganie 25 KG oraz pokrycie niklowe w kolorze srebrnym, dzi\u0119ki czemu nadaj\u0105 si\u0119 r\u00f3wnie\u017c do zawieszania ci\u0119\u017cszych przedmiot\u00f3w.\n\nUWAGA: Nieodpowiednie dla dzieci poni\u017cej 14 roku \u017cycia. Po\u0142kni\u0119cie magnes\u00f3w mo\u017ce spowodowa\u0107 powa\u017cne obra\u017cenia. Trzymaj magnesy z dala od dzieci.","protected":false},"excerpt":{"rendered":"<p><span style=\"font-weight: 400;\">Te uchwyty na narz\u0119dzia s\u0105 <strong>praktyczne<\/strong> i <strong>wszechstronne<\/strong>. Mo\u017cesz ich u\u017cywa\u0107 do <strongprawie wszystkiego<\/strong>, zar\u00f3wno w domu, jak i w warsztacie!<\/span><\/p>\n","protected":false},"featured_media":81315,"comment_status":"open","ping_status":"closed","template":"","meta":{"_acf_changed":false,"inline_featured_image":false},"product_brand":[],"product_cat":[592,596,588],"product_tag":[],"class_list":{"0":"post-83681","1":"product","2":"type-product","3":"status-publish","4":"has-post-thumbnail","6":"product_cat-akcesoria-magnetyczne","7":"product_cat-inne","8":"product_cat-sprzet","10":"first","11":"instock","12":"taxable","13":"shipping-taxable","14":"purchasable","15":"product-type-simple"},"acf":[],"yoast_head":"<!-- This site is optimized with the Yoast SEO plugin v27.4 - https:\/\/yoast.com\/product\/yoast-seo-wordpress\/ -->\n<title>Magnetyczny uchwyt na narz\u0119dzia - Magnet fishing with a Magnetar fishing magnet<\/title>\n<meta name=\"description\" content=\"Magnetyczny uchwyt na narz\u0119dzia - organizuj z Magnetar\" \/>\n<meta name=\"robots\" content=\"index, follow, max-snippet:-1, max-image-preview:large, max-video-preview:-1\" \/>\n<link rel=\"canonical\" href=\"https:\/\/magnetarmagnets.com\/pl\/shop\/magnetyczny-uchwyt-na-narzedzia\/\" \/>\n<meta property=\"og:locale\" content=\"pl_PL\" \/>\n<meta property=\"og:type\" content=\"article\" \/>\n<meta property=\"og:title\" content=\"Magnetyczny uchwyt na narz\u0119dzia - Magnet fishing with a Magnetar fishing magnet\" \/>\n<meta property=\"og:description\" content=\"Magnetyczny uchwyt na narz\u0119dzia - organizuj z Magnetar\" \/>\n<meta property=\"og:url\" content=\"https:\/\/magnetarmagnets.com\/pl\/shop\/magnetyczny-uchwyt-na-narzedzia\/\" \/>\n<meta property=\"og:site_name\" content=\"Magnet fishing with a Magnetar fishing magnet\" \/>\n<meta property=\"article:publisher\" content=\"https:\/\/www.facebook.com\/fishingmagnets\/\" \/>\n<meta property=\"article:modified_time\" content=\"2026-04-03T10:49:42+00:00\" \/>\n<meta property=\"og:image\" content=\"https:\/\/magnetarmagnets.com\/wp-content\/uploads\/2025\/06\/Groen-Foto-Vaderdag-Facebook-Post-1000-x-1000-px.png\" \/>\n\t<meta property=\"og:image:width\" content=\"1000\" \/>\n\t<meta property=\"og:image:height\" content=\"1000\" \/>\n\t<meta property=\"og:image:type\" content=\"image\/png\" \/>\n<meta name=\"twitter:card\" content=\"summary_large_image\" \/>\n<meta name=\"twitter:label1\" content=\"Szacowany czas czytania\" \/>\n\t<meta name=\"twitter:data1\" content=\"1 minuta\" \/>\n<script type=\"application\/ld+json\" class=\"yoast-schema-graph\">{\"@context\":\"https:\\\/\\\/schema.org\",\"@graph\":[{\"@type\":[\"WebPage\",\"ItemPage\"],\"@id\":\"https:\\\/\\\/magnetarmagnets.com\\\/pl\\\/shop\\\/magnetyczny-uchwyt-na-narzedzia\\\/\",\"url\":\"https:\\\/\\\/magnetarmagnets.com\\\/pl\\\/shop\\\/magnetyczny-uchwyt-na-narzedzia\\\/\",\"name\":\"Magnetyczny uchwyt na narz\u0119dzia - Magnet fishing with a Magnetar fishing magnet\",\"isPartOf\":{\"@id\":\"https:\\\/\\\/magnetarmagnets.com\\\/pl\\\/#website\"},\"primaryImageOfPage\":{\"@id\":\"https:\\\/\\\/magnetarmagnets.com\\\/pl\\\/shop\\\/magnetyczny-uchwyt-na-narzedzia\\\/#primaryimage\"},\"image\":{\"@id\":\"https:\\\/\\\/magnetarmagnets.com\\\/pl\\\/shop\\\/magnetyczny-uchwyt-na-narzedzia\\\/#primaryimage\"},\"thumbnailUrl\":\"https:\\\/\\\/magnetarmagnets.com\\\/wp-content\\\/uploads\\\/2025\\\/06\\\/Groen-Foto-Vaderdag-Facebook-Post-1000-x-1000-px.png\",\"datePublished\":\"2025-06-05T07:54:14+00:00\",\"dateModified\":\"2026-04-03T10:49:42+00:00\",\"description\":\"Magnetyczny uchwyt na narz\u0119dzia - organizuj z Magnetar\",\"breadcrumb\":{\"@id\":\"https:\\\/\\\/magnetarmagnets.com\\\/pl\\\/shop\\\/magnetyczny-uchwyt-na-narzedzia\\\/#breadcrumb\"},\"inLanguage\":\"pl-PL\",\"potentialAction\":[{\"@type\":\"ReadAction\",\"target\":[\"https:\\\/\\\/magnetarmagnets.com\\\/pl\\\/shop\\\/magnetyczny-uchwyt-na-narzedzia\\\/\"]}]},{\"@type\":\"ImageObject\",\"inLanguage\":\"pl-PL\",\"@id\":\"https:\\\/\\\/magnetarmagnets.com\\\/pl\\\/shop\\\/magnetyczny-uchwyt-na-narzedzia\\\/#primaryimage\",\"url\":\"https:\\\/\\\/magnetarmagnets.com\\\/wp-content\\\/uploads\\\/2025\\\/06\\\/Groen-Foto-Vaderdag-Facebook-Post-1000-x-1000-px.png\",\"contentUrl\":\"https:\\\/\\\/magnetarmagnets.com\\\/wp-content\\\/uploads\\\/2025\\\/06\\\/Groen-Foto-Vaderdag-Facebook-Post-1000-x-1000-px.png\",\"width\":1000,\"height\":1000,\"caption\":\"Strong neodymium magnet with screw \u2013 25\u202fkg pull force, ideal for hanging tools or metal objects.\"},{\"@type\":\"BreadcrumbList\",\"@id\":\"https:\\\/\\\/magnetarmagnets.com\\\/pl\\\/shop\\\/magnetyczny-uchwyt-na-narzedzia\\\/#breadcrumb\",\"itemListElement\":[{\"@type\":\"ListItem\",\"position\":1,\"name\":\"Home\",\"item\":\"https:\\\/\\\/magnetarmagnets.com\\\/pl\\\/\"},{\"@type\":\"ListItem\",\"position\":2,\"name\":\"Sklep\",\"item\":\"https:\\\/\\\/magnetarmagnets.com\\\/sklep\\\/\"},{\"@type\":\"ListItem\",\"position\":3,\"name\":\"Wszystkie produkty\",\"item\":\"https:\\\/\\\/magnetarmagnets.com\\\/pl\\\/collections\\\/wszystkie-produkty\\\/\"},{\"@type\":\"ListItem\",\"position\":4,\"name\":\"Magnetyczny uchwyt na narz\u0119dzia\"}]},{\"@type\":\"WebSite\",\"@id\":\"https:\\\/\\\/magnetarmagnets.com\\\/pl\\\/#website\",\"url\":\"https:\\\/\\\/magnetarmagnets.com\\\/pl\\\/\",\"name\":\"Magnet fishing with a Magnetar fishing magnet\",\"description\":\"Mocne magnesy do po\u0142owu na magnes\",\"publisher\":{\"@id\":\"https:\\\/\\\/magnetarmagnets.com\\\/pl\\\/#organization\"},\"potentialAction\":[{\"@type\":\"SearchAction\",\"target\":{\"@type\":\"EntryPoint\",\"urlTemplate\":\"https:\\\/\\\/magnetarmagnets.com\\\/pl\\\/?s={search_term_string}\"},\"query-input\":{\"@type\":\"PropertyValueSpecification\",\"valueRequired\":true,\"valueName\":\"search_term_string\"}}],\"inLanguage\":\"pl-PL\"},{\"@type\":\"Organization\",\"@id\":\"https:\\\/\\\/magnetarmagnets.com\\\/pl\\\/#organization\",\"name\":\"Magnetar\",\"url\":\"https:\\\/\\\/magnetarmagnets.com\\\/pl\\\/\",\"logo\":{\"@type\":\"ImageObject\",\"inLanguage\":\"pl-PL\",\"@id\":\"https:\\\/\\\/magnetarmagnets.com\\\/pl\\\/#\\\/schema\\\/logo\\\/image\\\/\",\"url\":\"https:\\\/\\\/magnetarmagnets.com\\\/wp-content\\\/uploads\\\/2025\\\/05\\\/Logo-03_PNG-Black-scaled.png\",\"contentUrl\":\"https:\\\/\\\/magnetarmagnets.com\\\/wp-content\\\/uploads\\\/2025\\\/05\\\/Logo-03_PNG-Black-scaled.png\",\"width\":2560,\"height\":1658,\"caption\":\"Magnetar\"},\"image\":{\"@id\":\"https:\\\/\\\/magnetarmagnets.com\\\/pl\\\/#\\\/schema\\\/logo\\\/image\\\/\"},\"sameAs\":[\"https:\\\/\\\/www.facebook.com\\\/fishingmagnets\\\/\",\"https:\\\/\\\/www.instagram.com\\\/magnetar_magnets\\\/\",\"https:\\\/\\\/www.linkedin.com\\\/company\\\/magnetarbv\\\/?originalSubdomain=nl\",\"https:\\\/\\\/www.youtube.com\\\/c\\\/MagnetarVismagneet\"]}]}<\/script>\n<!-- \/ Yoast SEO plugin. -->","yoast_head_json":{"title":"Magnetyczny uchwyt na narz\u0119dzia - Magnet fishing with a Magnetar fishing magnet","description":"Magnetyczny uchwyt na narz\u0119dzia - organizuj z Magnetar","robots":{"index":"index","follow":"follow","max-snippet":"max-snippet:-1","max-image-preview":"max-image-preview:large","max-video-preview":"max-video-preview:-1"},"canonical":"https:\/\/magnetarmagnets.com\/pl\/shop\/magnetyczny-uchwyt-na-narzedzia\/","og_locale":"pl_PL","og_type":"article","og_title":"Magnetyczny uchwyt na narz\u0119dzia - Magnet fishing with a Magnetar fishing magnet","og_description":"Magnetyczny uchwyt na narz\u0119dzia - organizuj z Magnetar","og_url":"https:\/\/magnetarmagnets.com\/pl\/shop\/magnetyczny-uchwyt-na-narzedzia\/","og_site_name":"Magnet fishing with a Magnetar fishing magnet","article_publisher":"https:\/\/www.facebook.com\/fishingmagnets\/","article_modified_time":"2026-04-03T10:49:42+00:00","og_image":[{"width":1000,"height":1000,"url":"https:\/\/magnetarmagnets.com\/wp-content\/uploads\/2025\/06\/Groen-Foto-Vaderdag-Facebook-Post-1000-x-1000-px.png","type":"image\/png"}],"twitter_card":"summary_large_image","twitter_misc":{"Szacowany czas czytania":"1 minuta"},"schema":{"@context":"https:\/\/schema.org","@graph":[{"@type":["WebPage","ItemPage"],"@id":"https:\/\/magnetarmagnets.com\/pl\/shop\/magnetyczny-uchwyt-na-narzedzia\/","url":"https:\/\/magnetarmagnets.com\/pl\/shop\/magnetyczny-uchwyt-na-narzedzia\/","name":"Magnetyczny uchwyt na narz\u0119dzia - Magnet fishing with a Magnetar fishing magnet","isPartOf":{"@id":"https:\/\/magnetarmagnets.com\/pl\/#website"},"primaryImageOfPage":{"@id":"https:\/\/magnetarmagnets.com\/pl\/shop\/magnetyczny-uchwyt-na-narzedzia\/#primaryimage"},"image":{"@id":"https:\/\/magnetarmagnets.com\/pl\/shop\/magnetyczny-uchwyt-na-narzedzia\/#primaryimage"},"thumbnailUrl":"https:\/\/magnetarmagnets.com\/wp-content\/uploads\/2025\/06\/Groen-Foto-Vaderdag-Facebook-Post-1000-x-1000-px.png","datePublished":"2025-06-05T07:54:14+00:00","dateModified":"2026-04-03T10:49:42+00:00","description":"Magnetyczny uchwyt na narz\u0119dzia - organizuj z Magnetar","breadcrumb":{"@id":"https:\/\/magnetarmagnets.com\/pl\/shop\/magnetyczny-uchwyt-na-narzedzia\/#breadcrumb"},"inLanguage":"pl-PL","potentialAction":[{"@type":"ReadAction","target":["https:\/\/magnetarmagnets.com\/pl\/shop\/magnetyczny-uchwyt-na-narzedzia\/"]}]},{"@type":"ImageObject","inLanguage":"pl-PL","@id":"https:\/\/magnetarmagnets.com\/pl\/shop\/magnetyczny-uchwyt-na-narzedzia\/#primaryimage","url":"https:\/\/magnetarmagnets.com\/wp-content\/uploads\/2025\/06\/Groen-Foto-Vaderdag-Facebook-Post-1000-x-1000-px.png","contentUrl":"https:\/\/magnetarmagnets.com\/wp-content\/uploads\/2025\/06\/Groen-Foto-Vaderdag-Facebook-Post-1000-x-1000-px.png","width":1000,"height":1000,"caption":"Strong neodymium magnet with screw \u2013 25\u202fkg pull force, ideal for hanging tools or metal objects."},{"@type":"BreadcrumbList","@id":"https:\/\/magnetarmagnets.com\/pl\/shop\/magnetyczny-uchwyt-na-narzedzia\/#breadcrumb","itemListElement":[{"@type":"ListItem","position":1,"name":"Home","item":"https:\/\/magnetarmagnets.com\/pl\/"},{"@type":"ListItem","position":2,"name":"Sklep","item":"https:\/\/magnetarmagnets.com\/sklep\/"},{"@type":"ListItem","position":3,"name":"Wszystkie produkty","item":"https:\/\/magnetarmagnets.com\/pl\/collections\/wszystkie-produkty\/"},{"@type":"ListItem","position":4,"name":"Magnetyczny uchwyt na narz\u0119dzia"}]},{"@type":"WebSite","@id":"https:\/\/magnetarmagnets.com\/pl\/#website","url":"https:\/\/magnetarmagnets.com\/pl\/","name":"Magnet fishing with a Magnetar fishing magnet","description":"Mocne magnesy do po\u0142owu na magnes","publisher":{"@id":"https:\/\/magnetarmagnets.com\/pl\/#organization"},"potentialAction":[{"@type":"SearchAction","target":{"@type":"EntryPoint","urlTemplate":"https:\/\/magnetarmagnets.com\/pl\/?s={search_term_string}"},"query-input":{"@type":"PropertyValueSpecification","valueRequired":true,"valueName":"search_term_string"}}],"inLanguage":"pl-PL"},{"@type":"Organization","@id":"https:\/\/magnetarmagnets.com\/pl\/#organization","name":"Magnetar","url":"https:\/\/magnetarmagnets.com\/pl\/","logo":{"@type":"ImageObject","inLanguage":"pl-PL","@id":"https:\/\/magnetarmagnets.com\/pl\/#\/schema\/logo\/image\/","url":"https:\/\/magnetarmagnets.com\/wp-content\/uploads\/2025\/05\/Logo-03_PNG-Black-scaled.png","contentUrl":"https:\/\/magnetarmagnets.com\/wp-content\/uploads\/2025\/05\/Logo-03_PNG-Black-scaled.png","width":2560,"height":1658,"caption":"Magnetar"},"image":{"@id":"https:\/\/magnetarmagnets.com\/pl\/#\/schema\/logo\/image\/"},"sameAs":["https:\/\/www.facebook.com\/fishingmagnets\/","https:\/\/www.instagram.com\/magnetar_magnets\/","https:\/\/www.linkedin.com\/company\/magnetarbv\/?originalSubdomain=nl","https:\/\/www.youtube.com\/c\/MagnetarVismagneet"]}]}},"_links":{"self":[{"href":"https:\/\/magnetarmagnets.com\/pl\/wp-json\/wp\/v2\/product\/83681","targetHints":{"allow":["GET"]}}],"collection":[{"href":"https:\/\/magnetarmagnets.com\/pl\/wp-json\/wp\/v2\/product"}],"about":[{"href":"https:\/\/magnetarmagnets.com\/pl\/wp-json\/wp\/v2\/types\/product"}],"replies":[{"embeddable":true,"href":"https:\/\/magnetarmagnets.com\/pl\/wp-json\/wp\/v2\/comments?post=83681"}],"version-history":[{"count":0,"href":"https:\/\/magnetarmagnets.com\/pl\/wp-json\/wp\/v2\/product\/83681\/revisions"}],"wp:featuredmedia":[{"embeddable":true,"href":"https:\/\/magnetarmagnets.com\/pl\/wp-json\/wp\/v2\/media\/81315"}],"wp:attachment":[{"href":"https:\/\/magnetarmagnets.com\/pl\/wp-json\/wp\/v2\/media?parent=83681"}],"wp:term":[{"taxonomy":"product_brand","embeddable":true,"href":"https:\/\/magnetarmagnets.com\/pl\/wp-json\/wp\/v2\/product_brand?post=83681"},{"taxonomy":"product_cat","embeddable":true,"href":"https:\/\/magnetarmagnets.com\/pl\/wp-json\/wp\/v2\/product_cat?post=83681"},{"taxonomy":"product_tag","embeddable":true,"href":"https:\/\/magnetarmagnets.com\/pl\/wp-json\/wp\/v2\/product_tag?post=83681"}],"curies":[{"name":"wp","href":"https:\/\/api.w.org\/{rel}","templated":true}]}}