{"id":83680,"date":"2025-06-05T09:54:14","date_gmt":"2025-06-05T07:54:14","guid":{"rendered":"https:\/\/magnetarmagnets.com\/?post_type=product&#038;p=83680"},"modified":"2026-04-03T20:39:24","modified_gmt":"2026-04-03T18:39:24","slug":"magnes-z-haczykiem","status":"publish","type":"product","link":"https:\/\/magnetarmagnets.com\/pl\/shop\/magnes-z-haczykiem\/","title":{"rendered":"Magnes z haczykiem"},"content":{"rendered":"<h2>Magnes z haczykiem \/ Haczyki z silnym magnesem<\/h2>\n\nMagnes z haczykiem jest niezast\u0105piony w ka\u017cdym domu. <a href=\"https:\/\/magnetarmagnets.com\/\" target=\"_blank\" rel=\"noopener\">Magnesy neodymowe do \u0142owienia<\/a> z haczykiem maj\u0105 si\u0142\u0119 przyci\u0105gania 25 kg! Oznacza to, \u017ce mo\u017cesz zawiesi\u0107 wiele rzeczy bez konieczno\u015bci wiercenia. Na przyk\u0142ad lampy, p\u0142aszcze, przybory kuchenne, narz\u0119dzia, ro\u015bliny i inne!\n\nTe haczyki z neodymu maj\u0105 stopie\u0144 namagnesowania N50, co czyni je jeszcze silniejszymi magnesami neodymowymi z haczykiem ni\u017c wcze\u015bniej.\n\n<h2>Wielofunkcyjne haczyki magnetyczne neodymowe: mocne i praktyczne<\/h2>\n\nTe magnetyczne haczyki do zawieszania od Magnetar s\u0105 praktyczne i wszechstronne. Mo\u017cesz ich u\u017cywa\u0107 niemal do wszystkiego. Na przyk\u0142ad mo\u017cesz na nich zawiesi\u0107 wieszaki z ubraniami, p\u0142aszcze, klucze, narz\u0119dzia i przybory kuchenne. Zestaw zawiera 6 haczyk\u00f3w Magnetar, ale oferujemy tak\u017ce zestawy z inn\u0105 ilo\u015bci\u0105.\n\n<h2>Jako\u015b\u0107 haczyk\u00f3w magnetycznych<\/h2>\n\nTe haczyki do zawieszania wykonane s\u0105 z najlepszej jako\u015bci neodymu. Niklowany neodym ma si\u0142\u0119 N50, wytrzyma\u0142o\u015b\u0107 na rozci\u0105ganie 25KG, z pow\u0142ok\u0105 niklow\u0105 w srebrnym kolorze, dzi\u0119ki czemu nadaje si\u0119 r\u00f3wnie\u017c do zawieszania ci\u0119\u017cszych przedmiot\u00f3w.\n\n\n\nUWAGA: Nie nadaje si\u0119 dla dzieci poni\u017cej 14 roku \u017cycia. Po\u0142kni\u0119cie magnes\u00f3w mo\u017ce powodowa\u0107 bardzo powa\u017cne obra\u017cenia. Trzymaj magnesy poza zasi\u0119giem dzieci. U\u017cywaj na w\u0142asne ryzyko.\n\n\n\nNie zapomnij odwiedzi\u0107 naszych <a href=\"https:\/\/magnetarmagnets.com\/collections\/fishing-magnets\/magnet-fishing-kit\/\" target=\"_blank\" rel=\"noopener\">zestaw\u00f3w do \u0142owienia magnesem<\/a> lub naszego <a href=\"https:\/\/magnetarmagnets.com\/accessories\/\" target=\"_blank\" rel=\"noopener\">sprz\u0119tu do \u0142owienia magnesem<\/a>.","protected":false},"excerpt":{"rendered":"<p><span style=\"font-weight: 400;\"><strong>Niezb\u0119dny<\/strong> w ka\u017cdym domu! <strong>\u0141atwo zawie\u015b<\/strong> wieszaki z ubraniami, p\u0142aszcze, breloczki, lampy, kurtki, przybory kuchenne, narz\u0119dzia, ro\u015bliny i wi\u0119cej!<\/span><\/p>\n","protected":false},"featured_media":77728,"comment_status":"open","ping_status":"closed","template":"","meta":{"_acf_changed":false,"inline_featured_image":false},"product_brand":[],"product_cat":[592,588,1007],"product_tag":[],"class_list":{"0":"post-83680","1":"product","2":"type-product","3":"status-publish","4":"has-post-thumbnail","6":"product_cat-akcesoria-magnetyczne","7":"product_cat-sprzet","8":"product_cat-wszystkie-produkty","10":"first","11":"instock","12":"taxable","13":"shipping-taxable","14":"purchasable","15":"product-type-simple"},"acf":[],"yoast_head":"<!-- This site is optimized with the Yoast SEO plugin v27.5 - https:\/\/yoast.com\/product\/yoast-seo-wordpress\/ -->\n<title>Magnes z haczykiem - Magnet fishing with a Magnetar fishing magnet<\/title>\n<meta name=\"description\" content=\"Magnes z haczykiem - niezb\u0119dne narz\u0119dzie do \u0142owienia od Magnetar\" \/>\n<meta name=\"robots\" content=\"index, follow, max-snippet:-1, max-image-preview:large, max-video-preview:-1\" \/>\n<link rel=\"canonical\" href=\"https:\/\/magnetarmagnets.com\/pl\/shop\/magnes-z-haczykiem\/\" \/>\n<meta property=\"og:locale\" content=\"pl_PL\" \/>\n<meta property=\"og:type\" content=\"article\" \/>\n<meta property=\"og:title\" content=\"Magnes z haczykiem - Magnet fishing with a Magnetar fishing magnet\" \/>\n<meta property=\"og:description\" content=\"Magnes z haczykiem - niezb\u0119dne narz\u0119dzie do \u0142owienia od Magnetar\" \/>\n<meta property=\"og:url\" content=\"https:\/\/magnetarmagnets.com\/pl\/shop\/magnes-z-haczykiem\/\" \/>\n<meta property=\"og:site_name\" content=\"Magnet fishing with a Magnetar fishing magnet\" \/>\n<meta property=\"article:publisher\" content=\"https:\/\/www.facebook.com\/fishingmagnets\/\" \/>\n<meta property=\"article:modified_time\" content=\"2026-04-03T18:39:24+00:00\" \/>\n<meta property=\"og:image\" content=\"https:\/\/magnetarmagnets.com\/wp-content\/uploads\/2019\/12\/6pc-magnet-with-hook.jpg\" \/>\n\t<meta property=\"og:image:width\" content=\"1000\" \/>\n\t<meta property=\"og:image:height\" content=\"1000\" \/>\n\t<meta property=\"og:image:type\" content=\"image\/jpeg\" \/>\n<meta name=\"twitter:card\" content=\"summary_large_image\" \/>\n<meta name=\"twitter:label1\" content=\"Szacowany czas czytania\" \/>\n\t<meta name=\"twitter:data1\" content=\"2 minuty\" \/>\n<script type=\"application\/ld+json\" class=\"yoast-schema-graph\">{\"@context\":\"https:\\\/\\\/schema.org\",\"@graph\":[{\"@type\":[\"WebPage\",\"ItemPage\"],\"@id\":\"https:\\\/\\\/magnetarmagnets.com\\\/pl\\\/shop\\\/magnes-z-haczykiem\\\/\",\"url\":\"https:\\\/\\\/magnetarmagnets.com\\\/pl\\\/shop\\\/magnes-z-haczykiem\\\/\",\"name\":\"Magnes z haczykiem - Magnet fishing with a Magnetar fishing magnet\",\"isPartOf\":{\"@id\":\"https:\\\/\\\/magnetarmagnets.com\\\/pl\\\/#website\"},\"primaryImageOfPage\":{\"@id\":\"https:\\\/\\\/magnetarmagnets.com\\\/pl\\\/shop\\\/magnes-z-haczykiem\\\/#primaryimage\"},\"image\":{\"@id\":\"https:\\\/\\\/magnetarmagnets.com\\\/pl\\\/shop\\\/magnes-z-haczykiem\\\/#primaryimage\"},\"thumbnailUrl\":\"https:\\\/\\\/magnetarmagnets.com\\\/wp-content\\\/uploads\\\/2019\\\/12\\\/6pc-magnet-with-hook.jpg\",\"datePublished\":\"2025-06-05T07:54:14+00:00\",\"dateModified\":\"2026-04-03T18:39:24+00:00\",\"description\":\"Magnes z haczykiem - niezb\u0119dne narz\u0119dzie do \u0142owienia od Magnetar\",\"breadcrumb\":{\"@id\":\"https:\\\/\\\/magnetarmagnets.com\\\/pl\\\/shop\\\/magnes-z-haczykiem\\\/#breadcrumb\"},\"inLanguage\":\"pl-PL\",\"potentialAction\":[{\"@type\":\"ReadAction\",\"target\":[\"https:\\\/\\\/magnetarmagnets.com\\\/pl\\\/shop\\\/magnes-z-haczykiem\\\/\"]}]},{\"@type\":\"ImageObject\",\"inLanguage\":\"pl-PL\",\"@id\":\"https:\\\/\\\/magnetarmagnets.com\\\/pl\\\/shop\\\/magnes-z-haczykiem\\\/#primaryimage\",\"url\":\"https:\\\/\\\/magnetarmagnets.com\\\/wp-content\\\/uploads\\\/2019\\\/12\\\/6pc-magnet-with-hook.jpg\",\"contentUrl\":\"https:\\\/\\\/magnetarmagnets.com\\\/wp-content\\\/uploads\\\/2019\\\/12\\\/6pc-magnet-with-hook.jpg\",\"width\":1000,\"height\":1000,\"caption\":\"6pc magnet with hook\"},{\"@type\":\"BreadcrumbList\",\"@id\":\"https:\\\/\\\/magnetarmagnets.com\\\/pl\\\/shop\\\/magnes-z-haczykiem\\\/#breadcrumb\",\"itemListElement\":[{\"@type\":\"ListItem\",\"position\":1,\"name\":\"Home\",\"item\":\"https:\\\/\\\/magnetarmagnets.com\\\/pl\\\/\"},{\"@type\":\"ListItem\",\"position\":2,\"name\":\"Sklep\",\"item\":\"https:\\\/\\\/magnetarmagnets.com\\\/sklep\\\/\"},{\"@type\":\"ListItem\",\"position\":3,\"name\":\"Sprz\u0119t\",\"item\":\"https:\\\/\\\/magnetarmagnets.com\\\/pl\\\/collections\\\/sprzet\\\/\"},{\"@type\":\"ListItem\",\"position\":4,\"name\":\"Akcesoria magnetyczne\",\"item\":\"https:\\\/\\\/magnetarmagnets.com\\\/pl\\\/collections\\\/sprzet\\\/akcesoria-magnetyczne\\\/\"},{\"@type\":\"ListItem\",\"position\":5,\"name\":\"Magnes z haczykiem\"}]},{\"@type\":\"WebSite\",\"@id\":\"https:\\\/\\\/magnetarmagnets.com\\\/pl\\\/#website\",\"url\":\"https:\\\/\\\/magnetarmagnets.com\\\/pl\\\/\",\"name\":\"Magnet fishing with a Magnetar fishing magnet\",\"description\":\"Mocne magnesy do po\u0142owu na magnes\",\"publisher\":{\"@id\":\"https:\\\/\\\/magnetarmagnets.com\\\/pl\\\/#organization\"},\"potentialAction\":[{\"@type\":\"SearchAction\",\"target\":{\"@type\":\"EntryPoint\",\"urlTemplate\":\"https:\\\/\\\/magnetarmagnets.com\\\/pl\\\/?s={search_term_string}\"},\"query-input\":{\"@type\":\"PropertyValueSpecification\",\"valueRequired\":true,\"valueName\":\"search_term_string\"}}],\"inLanguage\":\"pl-PL\"},{\"@type\":\"Organization\",\"@id\":\"https:\\\/\\\/magnetarmagnets.com\\\/pl\\\/#organization\",\"name\":\"Magnetar\",\"url\":\"https:\\\/\\\/magnetarmagnets.com\\\/pl\\\/\",\"logo\":{\"@type\":\"ImageObject\",\"inLanguage\":\"pl-PL\",\"@id\":\"https:\\\/\\\/magnetarmagnets.com\\\/pl\\\/#\\\/schema\\\/logo\\\/image\\\/\",\"url\":\"https:\\\/\\\/magnetarmagnets.com\\\/wp-content\\\/uploads\\\/2025\\\/05\\\/Logo-03_PNG-Black-scaled.png\",\"contentUrl\":\"https:\\\/\\\/magnetarmagnets.com\\\/wp-content\\\/uploads\\\/2025\\\/05\\\/Logo-03_PNG-Black-scaled.png\",\"width\":2560,\"height\":1658,\"caption\":\"Magnetar\"},\"image\":{\"@id\":\"https:\\\/\\\/magnetarmagnets.com\\\/pl\\\/#\\\/schema\\\/logo\\\/image\\\/\"},\"sameAs\":[\"https:\\\/\\\/www.facebook.com\\\/fishingmagnets\\\/\",\"https:\\\/\\\/www.instagram.com\\\/magnetar_magnets\\\/\",\"https:\\\/\\\/www.linkedin.com\\\/company\\\/magnetarbv\\\/?originalSubdomain=nl\",\"https:\\\/\\\/www.youtube.com\\\/c\\\/MagnetarVismagneet\"]}]}<\/script>\n<!-- \/ Yoast SEO plugin. -->","yoast_head_json":{"title":"Magnes z haczykiem - Magnet fishing with a Magnetar fishing magnet","description":"Magnes z haczykiem - niezb\u0119dne narz\u0119dzie do \u0142owienia od Magnetar","robots":{"index":"index","follow":"follow","max-snippet":"max-snippet:-1","max-image-preview":"max-image-preview:large","max-video-preview":"max-video-preview:-1"},"canonical":"https:\/\/magnetarmagnets.com\/pl\/shop\/magnes-z-haczykiem\/","og_locale":"pl_PL","og_type":"article","og_title":"Magnes z haczykiem - Magnet fishing with a Magnetar fishing magnet","og_description":"Magnes z haczykiem - niezb\u0119dne narz\u0119dzie do \u0142owienia od Magnetar","og_url":"https:\/\/magnetarmagnets.com\/pl\/shop\/magnes-z-haczykiem\/","og_site_name":"Magnet fishing with a Magnetar fishing magnet","article_publisher":"https:\/\/www.facebook.com\/fishingmagnets\/","article_modified_time":"2026-04-03T18:39:24+00:00","og_image":[{"width":1000,"height":1000,"url":"https:\/\/magnetarmagnets.com\/wp-content\/uploads\/2019\/12\/6pc-magnet-with-hook.jpg","type":"image\/jpeg"}],"twitter_card":"summary_large_image","twitter_misc":{"Szacowany czas czytania":"2 minuty"},"schema":{"@context":"https:\/\/schema.org","@graph":[{"@type":["WebPage","ItemPage"],"@id":"https:\/\/magnetarmagnets.com\/pl\/shop\/magnes-z-haczykiem\/","url":"https:\/\/magnetarmagnets.com\/pl\/shop\/magnes-z-haczykiem\/","name":"Magnes z haczykiem - Magnet fishing with a Magnetar fishing magnet","isPartOf":{"@id":"https:\/\/magnetarmagnets.com\/pl\/#website"},"primaryImageOfPage":{"@id":"https:\/\/magnetarmagnets.com\/pl\/shop\/magnes-z-haczykiem\/#primaryimage"},"image":{"@id":"https:\/\/magnetarmagnets.com\/pl\/shop\/magnes-z-haczykiem\/#primaryimage"},"thumbnailUrl":"https:\/\/magnetarmagnets.com\/wp-content\/uploads\/2019\/12\/6pc-magnet-with-hook.jpg","datePublished":"2025-06-05T07:54:14+00:00","dateModified":"2026-04-03T18:39:24+00:00","description":"Magnes z haczykiem - niezb\u0119dne narz\u0119dzie do \u0142owienia od Magnetar","breadcrumb":{"@id":"https:\/\/magnetarmagnets.com\/pl\/shop\/magnes-z-haczykiem\/#breadcrumb"},"inLanguage":"pl-PL","potentialAction":[{"@type":"ReadAction","target":["https:\/\/magnetarmagnets.com\/pl\/shop\/magnes-z-haczykiem\/"]}]},{"@type":"ImageObject","inLanguage":"pl-PL","@id":"https:\/\/magnetarmagnets.com\/pl\/shop\/magnes-z-haczykiem\/#primaryimage","url":"https:\/\/magnetarmagnets.com\/wp-content\/uploads\/2019\/12\/6pc-magnet-with-hook.jpg","contentUrl":"https:\/\/magnetarmagnets.com\/wp-content\/uploads\/2019\/12\/6pc-magnet-with-hook.jpg","width":1000,"height":1000,"caption":"6pc magnet with hook"},{"@type":"BreadcrumbList","@id":"https:\/\/magnetarmagnets.com\/pl\/shop\/magnes-z-haczykiem\/#breadcrumb","itemListElement":[{"@type":"ListItem","position":1,"name":"Home","item":"https:\/\/magnetarmagnets.com\/pl\/"},{"@type":"ListItem","position":2,"name":"Sklep","item":"https:\/\/magnetarmagnets.com\/sklep\/"},{"@type":"ListItem","position":3,"name":"Sprz\u0119t","item":"https:\/\/magnetarmagnets.com\/pl\/collections\/sprzet\/"},{"@type":"ListItem","position":4,"name":"Akcesoria magnetyczne","item":"https:\/\/magnetarmagnets.com\/pl\/collections\/sprzet\/akcesoria-magnetyczne\/"},{"@type":"ListItem","position":5,"name":"Magnes z haczykiem"}]},{"@type":"WebSite","@id":"https:\/\/magnetarmagnets.com\/pl\/#website","url":"https:\/\/magnetarmagnets.com\/pl\/","name":"Magnet fishing with a Magnetar fishing magnet","description":"Mocne magnesy do po\u0142owu na magnes","publisher":{"@id":"https:\/\/magnetarmagnets.com\/pl\/#organization"},"potentialAction":[{"@type":"SearchAction","target":{"@type":"EntryPoint","urlTemplate":"https:\/\/magnetarmagnets.com\/pl\/?s={search_term_string}"},"query-input":{"@type":"PropertyValueSpecification","valueRequired":true,"valueName":"search_term_string"}}],"inLanguage":"pl-PL"},{"@type":"Organization","@id":"https:\/\/magnetarmagnets.com\/pl\/#organization","name":"Magnetar","url":"https:\/\/magnetarmagnets.com\/pl\/","logo":{"@type":"ImageObject","inLanguage":"pl-PL","@id":"https:\/\/magnetarmagnets.com\/pl\/#\/schema\/logo\/image\/","url":"https:\/\/magnetarmagnets.com\/wp-content\/uploads\/2025\/05\/Logo-03_PNG-Black-scaled.png","contentUrl":"https:\/\/magnetarmagnets.com\/wp-content\/uploads\/2025\/05\/Logo-03_PNG-Black-scaled.png","width":2560,"height":1658,"caption":"Magnetar"},"image":{"@id":"https:\/\/magnetarmagnets.com\/pl\/#\/schema\/logo\/image\/"},"sameAs":["https:\/\/www.facebook.com\/fishingmagnets\/","https:\/\/www.instagram.com\/magnetar_magnets\/","https:\/\/www.linkedin.com\/company\/magnetarbv\/?originalSubdomain=nl","https:\/\/www.youtube.com\/c\/MagnetarVismagneet"]}]}},"_links":{"self":[{"href":"https:\/\/magnetarmagnets.com\/pl\/wp-json\/wp\/v2\/product\/83680","targetHints":{"allow":["GET"]}}],"collection":[{"href":"https:\/\/magnetarmagnets.com\/pl\/wp-json\/wp\/v2\/product"}],"about":[{"href":"https:\/\/magnetarmagnets.com\/pl\/wp-json\/wp\/v2\/types\/product"}],"replies":[{"embeddable":true,"href":"https:\/\/magnetarmagnets.com\/pl\/wp-json\/wp\/v2\/comments?post=83680"}],"version-history":[{"count":0,"href":"https:\/\/magnetarmagnets.com\/pl\/wp-json\/wp\/v2\/product\/83680\/revisions"}],"wp:featuredmedia":[{"embeddable":true,"href":"https:\/\/magnetarmagnets.com\/pl\/wp-json\/wp\/v2\/media\/77728"}],"wp:attachment":[{"href":"https:\/\/magnetarmagnets.com\/pl\/wp-json\/wp\/v2\/media?parent=83680"}],"wp:term":[{"taxonomy":"product_brand","embeddable":true,"href":"https:\/\/magnetarmagnets.com\/pl\/wp-json\/wp\/v2\/product_brand?post=83680"},{"taxonomy":"product_cat","embeddable":true,"href":"https:\/\/magnetarmagnets.com\/pl\/wp-json\/wp\/v2\/product_cat?post=83680"},{"taxonomy":"product_tag","embeddable":true,"href":"https:\/\/magnetarmagnets.com\/pl\/wp-json\/wp\/v2\/product_tag?post=83680"}],"curies":[{"name":"wp","href":"https:\/\/api.w.org\/{rel}","templated":true}]}}