{"id":83677,"date":"2025-06-05T09:54:15","date_gmt":"2025-06-05T07:54:15","guid":{"rendered":"https:\/\/magnetarmagnets.com\/?post_type=product&#038;p=83677"},"modified":"2026-04-09T10:19:43","modified_gmt":"2026-04-09T08:19:43","slug":"zestaw-wedkarski-1-0-280-kg-latwy-allround-360","status":"publish","type":"product","link":"https:\/\/magnetarmagnets.com\/pl\/shop\/zestaw-wedkarski-1-0-280-kg-latwy-allround-360\/","title":{"rendered":"Zestaw w\u0119dkarski 1.0 &#8211; 280 kg &#8211; \u0141atwy &#8211; Allround 360\u00b0"},"content":{"rendered":"<ul>\n \t<li style=\"font-weight: 400;\"><span style=\"font-weight: 400;\">Dodatkowo d\u0142ugi kij do \u0142owienia: 3 metry (3&#215;1 metr)<\/span><\/li>\n \t<li style=\"font-weight: 400;\"><span style=\"font-weight: 400;\">Szybki monta\u017c i demonta\u017c<\/span><\/li>\n \t<li style=\"font-weight: 400;\"><span style=\"font-weight: 400;\">W pe\u0142ni przygotowany do \u0142owienia magnesem<\/span><\/li>\n \t<li style=\"font-weight: 400;\"><span style=\"font-weight: 400;\">Kij aluminiowy, nie rdzewieje i jest lekki<\/span><\/li>\n \t<li style=\"font-weight: 400;\"><span style=\"font-weight: 400;\">Idealna waga 1,3 kg<\/span><\/li>\n \t<li style=\"font-weight: 400;\"><span style=\"font-weight: 400;\">\u0141atwy do transportu<\/span><\/li>\n \t<li style=\"font-weight: 400;\"><span style=\"font-weight: 400;\">W zestawie torba na kij<\/span><\/li>\n \t<li style=\"font-weight: 400;\"><span style=\"font-weight: 400;\">Do zestawu do\u0142\u0105czone mocowania na lin\u0119<\/span><\/li>\n \t<li style=\"font-weight: 400;\"><span style=\"font-weight: 400;\">Dodatkowa zni\u017cka przy zakupie zestawu!<\/span><\/li>\n<\/ul>\n<strong>Chcesz zastosowa\u0107 mocniejszy magnes na swoim kiju? Sprawd\u017a nasz zestaw z kijem magnetycznym 2!<\/strong>\n\n<span style=\"font-weight: 400;\">Chcesz rozpocz\u0105\u0107 \u0142owienie magnesem i szukasz odpowiedniego sprz\u0119tu? W takim razie zestaw z kijem jest idealny dla Ciebie! Zestaw zawiera kij \u201eLange Jan\u201d, <a href=\"https:\/\/magnetarmagnets.com\/shop\/easy-magnet\/\">magnes do \u0142owienia Easy<\/a>, <a href=\"https:\/\/magnetarmagnets.com\/shop\/gloves-waterproof\/\">wodoodporne r\u0119kawice<\/a>, <a href=\"https:\/\/magnetarmagnets.com\/shop\/lock-glue-metal\/\">klej do blokowania<\/a> oraz torb\u0119 do przechowywania kija. U\u017cywaj\u0105c \u201eLange Jan\u201d, dotrzesz g\u0142\u0119biej w mu\u0142 ni\u017c przy u\u017cyciu liny, co zwi\u0119ksza szanse na znalezienie przedmiot\u00f3w g\u0142\u0119boko w mule. Chcesz wy\u0142owi\u0107 wszystko z wody lub szukasz r\u00f3\u017cnorodno\u015bci podczas \u0142owienia magnesem? To w\u0142a\u015bciwy wyb\u00f3r.<\/span>\n\n<strong>Kij do \u0142owienia magnesem?<\/strong>\n\n<span style=\"font-weight: 400;\">Pewnie znasz \u0142owienie magnesem na lin\u0119, ale czy s\u0142ysza\u0142e\u015b o \u0142owieniu magnesem za pomoc\u0105 kija? To \u0142atwiejszy spos\u00f3b, by si\u0119gn\u0105\u0107 po przedmioty g\u0142\u0119boko pod mu\u0142em lub mi\u0119dzy trzcinami. U\u017cywaj\u0105c magnesu do \u0142owienia na linie, nie si\u0119gniesz 1 metra w mu\u0142, ale z kijem Magnetar mo\u017cesz. Chcesz, by te skarby zosta\u0142y ukryte? A mo\u017ce chcesz u\u017cy\u0107 naszego kija i magnesu do \u0142owienia, by je wydoby\u0107?<\/span>\n\nKliknij, aby obejrze\u0107 praktyczny <a href=\"https:\/\/www.youtube.com\/watch?v=zK9xbaohgCw\">film instrukta\u017cowy monta\u017cu kija w\u0119dkarskiego<\/a>.\n<h2><b>Os\u0142ona ochronna<\/b><\/h2>\nOs\u0142ona ochronna do\u0142\u0105czona do tego zestawu to idealne akcesorium dla mi\u0142o\u015bnik\u00f3w \u0142owienia magnesem, kt\u00f3rzy chc\u0105 chroni\u0107 swoje magnesy neodymowe podczas u\u017cytkowania. Te trwa\u0142e os\u0142ony s\u0105 specjalnie zaprojektowane, aby idealnie pasowa\u0107 do magnesu i zapewnia\u0107 dodatkow\u0105 warstw\u0119 ochrony przed zarysowaniami, p\u0119kni\u0119ciami i innymi uszkodzeniami. Nasze os\u0142ony ochronne s\u0105 wytrzyma\u0142e i odporne na najtrudniejsze warunki. Os\u0142ona ochronna wykonana jest ze stali nierdzewnej, co gwarantuje, \u017ce Tw\u00f3j magnes 360\u00b0 pozostaje magnetyczny. Dzi\u0119ki naszym os\u0142onom mo\u017cesz cieszy\u0107 si\u0119 \u0142owieniem magnesem bez obaw o uszkodzenia cennego magnesu do \u0142owienia.\n\n(Prosimy pami\u0119ta\u0107, \u017ce sp\u00f3d magnesu nie jest chroniony przez os\u0142on\u0119)","protected":false},"excerpt":{"rendered":"<p>Chcesz \u0142owi\u0107 magnesem z <strong>precyzj\u0105<\/strong>? Mo\u017cesz to zrobi\u0107 z <strong>Zestawem W\u0119dkarskim 1.0<\/strong>! <strong>Po\u0142\u0105cz<\/strong> uniwersalny magnes do \u0142owienia 360\u00b0 Easy z naszym kijem magnetycznym.<\/p>\n","protected":false},"featured_media":80452,"comment_status":"open","ping_status":"closed","template":"","meta":{"_acf_changed":false,"inline_featured_image":false},"product_brand":[],"product_cat":[586,581,593,1007,594,587],"product_tag":[],"class_list":{"0":"post-83677","1":"product","2":"type-product","3":"status-publish","4":"has-post-thumbnail","6":"product_cat-allround-magnesy-do-lowienia-360","7":"product_cat-magnesy-do-lowienia","8":"product_cat-poczatkujacy-i-dzieci","9":"product_cat-wszystkie-produkty","10":"product_cat-zaawansowani-poszukiwacze-przygod","11":"product_cat-zestaw-do-lowienia-magnesem","13":"first","14":"instock","15":"sale","16":"taxable","17":"shipping-taxable","18":"purchasable","19":"product-type-simple"},"acf":[],"yoast_head":"<!-- This site is optimized with the Yoast SEO plugin v27.4 - https:\/\/yoast.com\/product\/yoast-seo-wordpress\/ -->\n<title>Zestaw w\u0119dkarski 1.0 - 280 kg - \u0141atwy - Allround 360\u00b0 - Magnet fishing with a Magnetar fishing magnet<\/title>\n<meta name=\"description\" content=\"Zestaw w\u0119dkarski 1.0 - 280 Kg Easy - Magnetar\" \/>\n<meta name=\"robots\" content=\"index, follow, max-snippet:-1, max-image-preview:large, max-video-preview:-1\" \/>\n<link rel=\"canonical\" href=\"https:\/\/magnetarmagnets.com\/pl\/shop\/zestaw-wedkarski-1-0-280-kg-latwy-allround-360\/\" \/>\n<meta property=\"og:locale\" content=\"pl_PL\" \/>\n<meta property=\"og:type\" content=\"article\" \/>\n<meta property=\"og:title\" content=\"Zestaw w\u0119dkarski 1.0 - 280 kg - \u0141atwy - Allround 360\u00b0 - Magnet fishing with a Magnetar fishing magnet\" \/>\n<meta property=\"og:description\" content=\"Zestaw w\u0119dkarski 1.0 - 280 Kg Easy - Magnetar\" \/>\n<meta property=\"og:url\" content=\"https:\/\/magnetarmagnets.com\/pl\/shop\/zestaw-wedkarski-1-0-280-kg-latwy-allround-360\/\" \/>\n<meta property=\"og:site_name\" content=\"Magnet fishing with a Magnetar fishing magnet\" \/>\n<meta property=\"article:publisher\" content=\"https:\/\/www.facebook.com\/fishingmagnets\/\" \/>\n<meta property=\"article:modified_time\" content=\"2026-04-09T08:19:43+00:00\" \/>\n<meta property=\"og:image\" content=\"https:\/\/magnetarmagnets.com\/wp-content\/uploads\/2019\/06\/deep-seeker-package-1.jpg\" \/>\n\t<meta property=\"og:image:width\" content=\"1500\" \/>\n\t<meta property=\"og:image:height\" content=\"1500\" \/>\n\t<meta property=\"og:image:type\" content=\"image\/jpeg\" \/>\n<meta name=\"twitter:card\" content=\"summary_large_image\" \/>\n<meta name=\"twitter:label1\" content=\"Szacowany czas czytania\" \/>\n\t<meta name=\"twitter:data1\" content=\"2 minuty\" \/>\n<script type=\"application\/ld+json\" class=\"yoast-schema-graph\">{\"@context\":\"https:\\\/\\\/schema.org\",\"@graph\":[{\"@type\":[\"WebPage\",\"ItemPage\"],\"@id\":\"https:\\\/\\\/magnetarmagnets.com\\\/pl\\\/shop\\\/zestaw-wedkarski-1-0-280-kg-latwy-allround-360\\\/\",\"url\":\"https:\\\/\\\/magnetarmagnets.com\\\/pl\\\/shop\\\/zestaw-wedkarski-1-0-280-kg-latwy-allround-360\\\/\",\"name\":\"Zestaw w\u0119dkarski 1.0 - 280 kg - \u0141atwy - Allround 360\u00b0 - Magnet fishing with a Magnetar fishing magnet\",\"isPartOf\":{\"@id\":\"https:\\\/\\\/magnetarmagnets.com\\\/pl\\\/#website\"},\"primaryImageOfPage\":{\"@id\":\"https:\\\/\\\/magnetarmagnets.com\\\/pl\\\/shop\\\/zestaw-wedkarski-1-0-280-kg-latwy-allround-360\\\/#primaryimage\"},\"image\":{\"@id\":\"https:\\\/\\\/magnetarmagnets.com\\\/pl\\\/shop\\\/zestaw-wedkarski-1-0-280-kg-latwy-allround-360\\\/#primaryimage\"},\"thumbnailUrl\":\"https:\\\/\\\/magnetarmagnets.com\\\/wp-content\\\/uploads\\\/2019\\\/06\\\/deep-seeker-package-1.jpg\",\"datePublished\":\"2025-06-05T07:54:15+00:00\",\"dateModified\":\"2026-04-09T08:19:43+00:00\",\"description\":\"Zestaw w\u0119dkarski 1.0 - 280 Kg Easy - Magnetar\",\"breadcrumb\":{\"@id\":\"https:\\\/\\\/magnetarmagnets.com\\\/pl\\\/shop\\\/zestaw-wedkarski-1-0-280-kg-latwy-allround-360\\\/#breadcrumb\"},\"inLanguage\":\"pl-PL\",\"potentialAction\":[{\"@type\":\"ReadAction\",\"target\":[\"https:\\\/\\\/magnetarmagnets.com\\\/pl\\\/shop\\\/zestaw-wedkarski-1-0-280-kg-latwy-allround-360\\\/\"]}]},{\"@type\":\"ImageObject\",\"inLanguage\":\"pl-PL\",\"@id\":\"https:\\\/\\\/magnetarmagnets.com\\\/pl\\\/shop\\\/zestaw-wedkarski-1-0-280-kg-latwy-allround-360\\\/#primaryimage\",\"url\":\"https:\\\/\\\/magnetarmagnets.com\\\/wp-content\\\/uploads\\\/2019\\\/06\\\/deep-seeker-package-1.jpg\",\"contentUrl\":\"https:\\\/\\\/magnetarmagnets.com\\\/wp-content\\\/uploads\\\/2019\\\/06\\\/deep-seeker-package-1.jpg\",\"width\":1500,\"height\":1500,\"caption\":\"The best fishing magnet set for precise magnet fishing.\"},{\"@type\":\"BreadcrumbList\",\"@id\":\"https:\\\/\\\/magnetarmagnets.com\\\/pl\\\/shop\\\/zestaw-wedkarski-1-0-280-kg-latwy-allround-360\\\/#breadcrumb\",\"itemListElement\":[{\"@type\":\"ListItem\",\"position\":1,\"name\":\"Home\",\"item\":\"https:\\\/\\\/magnetarmagnets.com\\\/pl\\\/\"},{\"@type\":\"ListItem\",\"position\":2,\"name\":\"Sklep\",\"item\":\"https:\\\/\\\/magnetarmagnets.com\\\/sklep\\\/\"},{\"@type\":\"ListItem\",\"position\":3,\"name\":\"Magnesy do \u0142owienia\",\"item\":\"https:\\\/\\\/magnetarmagnets.com\\\/pl\\\/collections\\\/magnesy-do-lowienia\\\/\"},{\"@type\":\"ListItem\",\"position\":4,\"name\":\"Allround magnesy do \u0142owienia 360\u00b0\",\"item\":\"https:\\\/\\\/magnetarmagnets.com\\\/pl\\\/collections\\\/magnesy-do-lowienia\\\/allround-magnesy-do-lowienia-360\\\/\"},{\"@type\":\"ListItem\",\"position\":5,\"name\":\"Zestaw w\u0119dkarski 1.0 &#8211; 280 kg &#8211; \u0141atwy &#8211; Allround 360\u00b0\"}]},{\"@type\":\"WebSite\",\"@id\":\"https:\\\/\\\/magnetarmagnets.com\\\/pl\\\/#website\",\"url\":\"https:\\\/\\\/magnetarmagnets.com\\\/pl\\\/\",\"name\":\"Magnet fishing with a Magnetar fishing magnet\",\"description\":\"Mocne magnesy do po\u0142owu na magnes\",\"publisher\":{\"@id\":\"https:\\\/\\\/magnetarmagnets.com\\\/pl\\\/#organization\"},\"potentialAction\":[{\"@type\":\"SearchAction\",\"target\":{\"@type\":\"EntryPoint\",\"urlTemplate\":\"https:\\\/\\\/magnetarmagnets.com\\\/pl\\\/?s={search_term_string}\"},\"query-input\":{\"@type\":\"PropertyValueSpecification\",\"valueRequired\":true,\"valueName\":\"search_term_string\"}}],\"inLanguage\":\"pl-PL\"},{\"@type\":\"Organization\",\"@id\":\"https:\\\/\\\/magnetarmagnets.com\\\/pl\\\/#organization\",\"name\":\"Magnetar\",\"url\":\"https:\\\/\\\/magnetarmagnets.com\\\/pl\\\/\",\"logo\":{\"@type\":\"ImageObject\",\"inLanguage\":\"pl-PL\",\"@id\":\"https:\\\/\\\/magnetarmagnets.com\\\/pl\\\/#\\\/schema\\\/logo\\\/image\\\/\",\"url\":\"https:\\\/\\\/magnetarmagnets.com\\\/wp-content\\\/uploads\\\/2025\\\/05\\\/Logo-03_PNG-Black-scaled.png\",\"contentUrl\":\"https:\\\/\\\/magnetarmagnets.com\\\/wp-content\\\/uploads\\\/2025\\\/05\\\/Logo-03_PNG-Black-scaled.png\",\"width\":2560,\"height\":1658,\"caption\":\"Magnetar\"},\"image\":{\"@id\":\"https:\\\/\\\/magnetarmagnets.com\\\/pl\\\/#\\\/schema\\\/logo\\\/image\\\/\"},\"sameAs\":[\"https:\\\/\\\/www.facebook.com\\\/fishingmagnets\\\/\",\"https:\\\/\\\/www.instagram.com\\\/magnetar_magnets\\\/\",\"https:\\\/\\\/www.linkedin.com\\\/company\\\/magnetarbv\\\/?originalSubdomain=nl\",\"https:\\\/\\\/www.youtube.com\\\/c\\\/MagnetarVismagneet\"]}]}<\/script>\n<!-- \/ Yoast SEO plugin. -->","yoast_head_json":{"title":"Zestaw w\u0119dkarski 1.0 - 280 kg - \u0141atwy - Allround 360\u00b0 - Magnet fishing with a Magnetar fishing magnet","description":"Zestaw w\u0119dkarski 1.0 - 280 Kg Easy - Magnetar","robots":{"index":"index","follow":"follow","max-snippet":"max-snippet:-1","max-image-preview":"max-image-preview:large","max-video-preview":"max-video-preview:-1"},"canonical":"https:\/\/magnetarmagnets.com\/pl\/shop\/zestaw-wedkarski-1-0-280-kg-latwy-allround-360\/","og_locale":"pl_PL","og_type":"article","og_title":"Zestaw w\u0119dkarski 1.0 - 280 kg - \u0141atwy - Allround 360\u00b0 - Magnet fishing with a Magnetar fishing magnet","og_description":"Zestaw w\u0119dkarski 1.0 - 280 Kg Easy - Magnetar","og_url":"https:\/\/magnetarmagnets.com\/pl\/shop\/zestaw-wedkarski-1-0-280-kg-latwy-allround-360\/","og_site_name":"Magnet fishing with a Magnetar fishing magnet","article_publisher":"https:\/\/www.facebook.com\/fishingmagnets\/","article_modified_time":"2026-04-09T08:19:43+00:00","og_image":[{"width":1500,"height":1500,"url":"https:\/\/magnetarmagnets.com\/wp-content\/uploads\/2019\/06\/deep-seeker-package-1.jpg","type":"image\/jpeg"}],"twitter_card":"summary_large_image","twitter_misc":{"Szacowany czas czytania":"2 minuty"},"schema":{"@context":"https:\/\/schema.org","@graph":[{"@type":["WebPage","ItemPage"],"@id":"https:\/\/magnetarmagnets.com\/pl\/shop\/zestaw-wedkarski-1-0-280-kg-latwy-allround-360\/","url":"https:\/\/magnetarmagnets.com\/pl\/shop\/zestaw-wedkarski-1-0-280-kg-latwy-allround-360\/","name":"Zestaw w\u0119dkarski 1.0 - 280 kg - \u0141atwy - Allround 360\u00b0 - Magnet fishing with a Magnetar fishing magnet","isPartOf":{"@id":"https:\/\/magnetarmagnets.com\/pl\/#website"},"primaryImageOfPage":{"@id":"https:\/\/magnetarmagnets.com\/pl\/shop\/zestaw-wedkarski-1-0-280-kg-latwy-allround-360\/#primaryimage"},"image":{"@id":"https:\/\/magnetarmagnets.com\/pl\/shop\/zestaw-wedkarski-1-0-280-kg-latwy-allround-360\/#primaryimage"},"thumbnailUrl":"https:\/\/magnetarmagnets.com\/wp-content\/uploads\/2019\/06\/deep-seeker-package-1.jpg","datePublished":"2025-06-05T07:54:15+00:00","dateModified":"2026-04-09T08:19:43+00:00","description":"Zestaw w\u0119dkarski 1.0 - 280 Kg Easy - Magnetar","breadcrumb":{"@id":"https:\/\/magnetarmagnets.com\/pl\/shop\/zestaw-wedkarski-1-0-280-kg-latwy-allround-360\/#breadcrumb"},"inLanguage":"pl-PL","potentialAction":[{"@type":"ReadAction","target":["https:\/\/magnetarmagnets.com\/pl\/shop\/zestaw-wedkarski-1-0-280-kg-latwy-allround-360\/"]}]},{"@type":"ImageObject","inLanguage":"pl-PL","@id":"https:\/\/magnetarmagnets.com\/pl\/shop\/zestaw-wedkarski-1-0-280-kg-latwy-allround-360\/#primaryimage","url":"https:\/\/magnetarmagnets.com\/wp-content\/uploads\/2019\/06\/deep-seeker-package-1.jpg","contentUrl":"https:\/\/magnetarmagnets.com\/wp-content\/uploads\/2019\/06\/deep-seeker-package-1.jpg","width":1500,"height":1500,"caption":"The best fishing magnet set for precise magnet fishing."},{"@type":"BreadcrumbList","@id":"https:\/\/magnetarmagnets.com\/pl\/shop\/zestaw-wedkarski-1-0-280-kg-latwy-allround-360\/#breadcrumb","itemListElement":[{"@type":"ListItem","position":1,"name":"Home","item":"https:\/\/magnetarmagnets.com\/pl\/"},{"@type":"ListItem","position":2,"name":"Sklep","item":"https:\/\/magnetarmagnets.com\/sklep\/"},{"@type":"ListItem","position":3,"name":"Magnesy do \u0142owienia","item":"https:\/\/magnetarmagnets.com\/pl\/collections\/magnesy-do-lowienia\/"},{"@type":"ListItem","position":4,"name":"Allround magnesy do \u0142owienia 360\u00b0","item":"https:\/\/magnetarmagnets.com\/pl\/collections\/magnesy-do-lowienia\/allround-magnesy-do-lowienia-360\/"},{"@type":"ListItem","position":5,"name":"Zestaw w\u0119dkarski 1.0 &#8211; 280 kg &#8211; \u0141atwy &#8211; Allround 360\u00b0"}]},{"@type":"WebSite","@id":"https:\/\/magnetarmagnets.com\/pl\/#website","url":"https:\/\/magnetarmagnets.com\/pl\/","name":"Magnet fishing with a Magnetar fishing magnet","description":"Mocne magnesy do po\u0142owu na magnes","publisher":{"@id":"https:\/\/magnetarmagnets.com\/pl\/#organization"},"potentialAction":[{"@type":"SearchAction","target":{"@type":"EntryPoint","urlTemplate":"https:\/\/magnetarmagnets.com\/pl\/?s={search_term_string}"},"query-input":{"@type":"PropertyValueSpecification","valueRequired":true,"valueName":"search_term_string"}}],"inLanguage":"pl-PL"},{"@type":"Organization","@id":"https:\/\/magnetarmagnets.com\/pl\/#organization","name":"Magnetar","url":"https:\/\/magnetarmagnets.com\/pl\/","logo":{"@type":"ImageObject","inLanguage":"pl-PL","@id":"https:\/\/magnetarmagnets.com\/pl\/#\/schema\/logo\/image\/","url":"https:\/\/magnetarmagnets.com\/wp-content\/uploads\/2025\/05\/Logo-03_PNG-Black-scaled.png","contentUrl":"https:\/\/magnetarmagnets.com\/wp-content\/uploads\/2025\/05\/Logo-03_PNG-Black-scaled.png","width":2560,"height":1658,"caption":"Magnetar"},"image":{"@id":"https:\/\/magnetarmagnets.com\/pl\/#\/schema\/logo\/image\/"},"sameAs":["https:\/\/www.facebook.com\/fishingmagnets\/","https:\/\/www.instagram.com\/magnetar_magnets\/","https:\/\/www.linkedin.com\/company\/magnetarbv\/?originalSubdomain=nl","https:\/\/www.youtube.com\/c\/MagnetarVismagneet"]}]}},"_links":{"self":[{"href":"https:\/\/magnetarmagnets.com\/pl\/wp-json\/wp\/v2\/product\/83677","targetHints":{"allow":["GET"]}}],"collection":[{"href":"https:\/\/magnetarmagnets.com\/pl\/wp-json\/wp\/v2\/product"}],"about":[{"href":"https:\/\/magnetarmagnets.com\/pl\/wp-json\/wp\/v2\/types\/product"}],"replies":[{"embeddable":true,"href":"https:\/\/magnetarmagnets.com\/pl\/wp-json\/wp\/v2\/comments?post=83677"}],"version-history":[{"count":0,"href":"https:\/\/magnetarmagnets.com\/pl\/wp-json\/wp\/v2\/product\/83677\/revisions"}],"wp:featuredmedia":[{"embeddable":true,"href":"https:\/\/magnetarmagnets.com\/pl\/wp-json\/wp\/v2\/media\/80452"}],"wp:attachment":[{"href":"https:\/\/magnetarmagnets.com\/pl\/wp-json\/wp\/v2\/media?parent=83677"}],"wp:term":[{"taxonomy":"product_brand","embeddable":true,"href":"https:\/\/magnetarmagnets.com\/pl\/wp-json\/wp\/v2\/product_brand?post=83677"},{"taxonomy":"product_cat","embeddable":true,"href":"https:\/\/magnetarmagnets.com\/pl\/wp-json\/wp\/v2\/product_cat?post=83677"},{"taxonomy":"product_tag","embeddable":true,"href":"https:\/\/magnetarmagnets.com\/pl\/wp-json\/wp\/v2\/product_tag?post=83677"}],"curies":[{"name":"wp","href":"https:\/\/api.w.org\/{rel}","templated":true}]}}