{"id":83676,"date":"2025-06-05T09:54:16","date_gmt":"2025-06-05T07:54:16","guid":{"rendered":"https:\/\/magnetarmagnets.com\/?post_type=product&#038;p=83676"},"modified":"2026-04-03T13:01:01","modified_gmt":"2026-04-03T11:01:01","slug":"hak-zaczepowy-do-magnetycznego-kija-do-lowienia-magnesem","status":"publish","type":"product","link":"https:\/\/magnetarmagnets.com\/pl\/shop\/hak-zaczepowy-do-magnetycznego-kija-do-lowienia-magnesem\/","title":{"rendered":"Hak zaczepowy do magnetycznego kija do \u0142owienia magnesem"},"content":{"rendered":"Czasami mo\u017cesz natkn\u0105\u0107 si\u0119 na znalezisko w wodzie, kt\u00f3rego nie uda si\u0119 wyci\u0105gn\u0105\u0107 za pomoc\u0105 samego magnesu do \u0142owienia magnesem. Co wtedy zrobi\u0107? U\u017cyj haka zaczepowego od Magnetar! Dzi\u0119ki temu akcesorium mo\u017cesz pewnie uchwyci\u0107 nawet najbardziej wymagaj\u0105ce przedmioty. Ten hak posiada gwintowany koniec, kt\u00f3ry pozwala na przymocowanie go do naszego \u201eLange Jan\u201d \u2014 kija do \u0142owienia magnesem.\n\n<h2>Wysokiej jako\u015bci hak zaczepowy z gwintowanym ko\u0144cem<\/h2>\n\nHak zaczepowy do \u0142owienia magnesem wykonany jest w ca\u0142o\u015bci ze stali nierdzewnej. Zapewnia to, \u017ce hak jest niemagnetyczny i odporny na rdzewienie lub rdzewieje minimalnie. Mo\u017cesz bez problemu u\u017cywa\u0107 tego akcesorium w po\u0142\u0105czeniu ze swoim magnesem do \u0142owienia magnesem Magnetar. Bardzo wygodne, prawda?\n\n\n\nNarz\u0119dzie to zosta\u0142o specjalnie zaprojektowane do u\u017cycia z Lange Jan \u2014 kijem do \u0142owienia magnesem cz\u0119sto u\u017cywanym wraz z magnesem Magnetar <a href=\"https:\/\/magnetarmagnets.com\/strong-fishing-magnets\">do \u0142owienia magnesem<\/a>. Od teraz mo\u017cesz tak\u017ce zamontowa\u0107 hak zaczepowy na Lange Jan, co u\u0142atwia celowanie w obiekty pod wod\u0105, w por\u00f3wnaniu do samej liny.\n\n<h2>Jak u\u017cywa\u0107 gwintowanego haka zaczepowego?<\/h2>\n\nHak u\u017cywasz g\u0142\u00f3wnie do wyci\u0105gania niemagnetycznych przedmiot\u00f3w z wody. Za pomoc\u0105 kija pr\u00f3bujesz zaczepi\u0107 jeden z ramion haka za obiektem, a nast\u0119pnie delikatnie go podnosisz.\n\n\n\nCzasami same magnesy do \u0142owienia magnesem nie pozwalaj\u0105 na wystarczaj\u0105ce uchwycenie znaleziska. Wtedy z pomoc\u0105 przychodzi hak zaczepowy Magnetar. Ostro\u017cnie opuszczasz hak i pr\u00f3bujesz zaczepi\u0107 go za znaleziskiem, a nast\u0119pnie jednocze\u015bnie podnosisz magnes do \u0142owienia magnesem i hak zaczepowy.\n\n<h2>Jako\u015b\u0107 Magnetar<\/h2>\n\nMagnetar to niewielka firma rodzinna prowadzona przez prawdziwych entuzjast\u00f3w \u0142owienia magnesem. Jako\u015b\u0107 jest naszym priorytetem, co wida\u0107 w naszych produktach. Wszystkie produkty s\u0105 projektowane przez nasz w\u0142asny zesp\u00f3\u0142, aby zagwarantowa\u0107 jako\u015b\u0107. Szukasz niezawodnego, skutecznego i wysokiej jako\u015bci sprz\u0119tu do \u0142owienia magnesem? W takim razie trafi\u0142e\u015b pod w\u0142a\u015bciwy adres z Magnetar!\n\n<h2>Uwaga!<\/h2>\n\nGWintowany hak zaczepowy powinien by\u0107 u\u017cywany ostro\u017cnie podczas i po \u0142owieniu magnesem. Zaleca si\u0119 czyszczenie produktu po u\u017cyciu, aby wyd\u0142u\u017cy\u0107 jego \u017cywotno\u015b\u0107. Ponadto nale\u017cy zachowa\u0107 ostro\u017cno\u015b\u0107 w kontakcie z ostrymi ko\u0144c\u00f3wkami haka. Nale\u017cy przechowywa\u0107 produkt w taki spos\u00f3b, aby nie stanowi\u0142 on zagro\u017cenia.","protected":false},"excerpt":{"rendered":"<p>Mocujesz ten <strong>gwintowany hak zaczepowy<\/strong> na naszym magnetycznym kiju do \u0142owienia magnesem \u201eLange Jan\u201d. Umo\u017cliwia to jeszcze <strong>efektywniejsze<\/strong> korzystanie z <strong>haku zaczepowego<\/strong>.<\/p>\n","protected":false},"featured_media":79735,"comment_status":"open","ping_status":"closed","template":"","meta":{"_acf_changed":false,"inline_featured_image":false},"product_brand":[],"product_cat":[588,589],"product_tag":[],"class_list":{"0":"post-83676","1":"product","2":"type-product","3":"status-publish","4":"has-post-thumbnail","6":"product_cat-sprzet","7":"product_cat-sprzet-do-lowienia-magnesem","9":"first","10":"instock","11":"taxable","12":"shipping-taxable","13":"purchasable","14":"product-type-simple"},"acf":[],"yoast_head":"<!-- This site is optimized with the Yoast SEO plugin v27.4 - https:\/\/yoast.com\/product\/yoast-seo-wordpress\/ -->\n<title>Hak zaczepowy do magnetycznego kija do \u0142owienia magnesem<\/title>\n<meta name=\"description\" content=\"Hak zaczepowy do \u0142owienia magnesem - Magnetar essentials\" \/>\n<meta name=\"robots\" content=\"index, follow, max-snippet:-1, max-image-preview:large, max-video-preview:-1\" \/>\n<link rel=\"canonical\" href=\"https:\/\/magnetarmagnets.com\/pl\/shop\/hak-zaczepowy-do-magnetycznego-kija-do-lowienia-magnesem\/\" \/>\n<meta property=\"og:locale\" content=\"pl_PL\" \/>\n<meta property=\"og:type\" content=\"article\" \/>\n<meta property=\"og:title\" content=\"Hak zaczepowy do magnetycznego kija do \u0142owienia magnesem\" \/>\n<meta property=\"og:description\" content=\"Hak zaczepowy do \u0142owienia magnesem - Magnetar essentials\" \/>\n<meta property=\"og:url\" content=\"https:\/\/magnetarmagnets.com\/pl\/shop\/hak-zaczepowy-do-magnetycznego-kija-do-lowienia-magnesem\/\" \/>\n<meta property=\"og:site_name\" content=\"Magnet fishing with a Magnetar fishing magnet\" \/>\n<meta property=\"article:publisher\" content=\"https:\/\/www.facebook.com\/fishingmagnets\/\" \/>\n<meta property=\"article:modified_time\" content=\"2026-04-03T11:01:01+00:00\" \/>\n<meta property=\"og:image\" content=\"https:\/\/magnetarmagnets.com\/wp-content\/uploads\/2023\/09\/JNF-Magnetar-Bedrijfsfotografie-01-09-2023-Foto-0172.jpg\" \/>\n\t<meta property=\"og:image:width\" content=\"1000\" \/>\n\t<meta property=\"og:image:height\" content=\"1000\" \/>\n\t<meta property=\"og:image:type\" content=\"image\/jpeg\" \/>\n<meta name=\"twitter:card\" content=\"summary_large_image\" \/>\n<meta name=\"twitter:label1\" content=\"Szacowany czas czytania\" \/>\n\t<meta name=\"twitter:data1\" content=\"2 minuty\" \/>\n<script type=\"application\/ld+json\" class=\"yoast-schema-graph\">{\"@context\":\"https:\\\/\\\/schema.org\",\"@graph\":[{\"@type\":[\"WebPage\",\"ItemPage\"],\"@id\":\"https:\\\/\\\/magnetarmagnets.com\\\/pl\\\/shop\\\/hak-zaczepowy-do-magnetycznego-kija-do-lowienia-magnesem\\\/\",\"url\":\"https:\\\/\\\/magnetarmagnets.com\\\/pl\\\/shop\\\/hak-zaczepowy-do-magnetycznego-kija-do-lowienia-magnesem\\\/\",\"name\":\"Hak zaczepowy do magnetycznego kija do \u0142owienia magnesem\",\"isPartOf\":{\"@id\":\"https:\\\/\\\/magnetarmagnets.com\\\/pl\\\/#website\"},\"primaryImageOfPage\":{\"@id\":\"https:\\\/\\\/magnetarmagnets.com\\\/pl\\\/shop\\\/hak-zaczepowy-do-magnetycznego-kija-do-lowienia-magnesem\\\/#primaryimage\"},\"image\":{\"@id\":\"https:\\\/\\\/magnetarmagnets.com\\\/pl\\\/shop\\\/hak-zaczepowy-do-magnetycznego-kija-do-lowienia-magnesem\\\/#primaryimage\"},\"thumbnailUrl\":\"https:\\\/\\\/magnetarmagnets.com\\\/wp-content\\\/uploads\\\/2023\\\/09\\\/JNF-Magnetar-Bedrijfsfotografie-01-09-2023-Foto-0172.jpg\",\"datePublished\":\"2025-06-05T07:54:16+00:00\",\"dateModified\":\"2026-04-03T11:01:01+00:00\",\"description\":\"Hak zaczepowy do \u0142owienia magnesem - Magnetar essentials\",\"breadcrumb\":{\"@id\":\"https:\\\/\\\/magnetarmagnets.com\\\/pl\\\/shop\\\/hak-zaczepowy-do-magnetycznego-kija-do-lowienia-magnesem\\\/#breadcrumb\"},\"inLanguage\":\"pl-PL\",\"potentialAction\":[{\"@type\":\"ReadAction\",\"target\":[\"https:\\\/\\\/magnetarmagnets.com\\\/pl\\\/shop\\\/hak-zaczepowy-do-magnetycznego-kija-do-lowienia-magnesem\\\/\"]}]},{\"@type\":\"ImageObject\",\"inLanguage\":\"pl-PL\",\"@id\":\"https:\\\/\\\/magnetarmagnets.com\\\/pl\\\/shop\\\/hak-zaczepowy-do-magnetycznego-kija-do-lowienia-magnesem\\\/#primaryimage\",\"url\":\"https:\\\/\\\/magnetarmagnets.com\\\/wp-content\\\/uploads\\\/2023\\\/09\\\/JNF-Magnetar-Bedrijfsfotografie-01-09-2023-Foto-0172.jpg\",\"contentUrl\":\"https:\\\/\\\/magnetarmagnets.com\\\/wp-content\\\/uploads\\\/2023\\\/09\\\/JNF-Magnetar-Bedrijfsfotografie-01-09-2023-Foto-0172.jpg\",\"width\":1000,\"height\":1000,\"caption\":\"The grappling hook with a thread for magnet fishing\"},{\"@type\":\"BreadcrumbList\",\"@id\":\"https:\\\/\\\/magnetarmagnets.com\\\/pl\\\/shop\\\/hak-zaczepowy-do-magnetycznego-kija-do-lowienia-magnesem\\\/#breadcrumb\",\"itemListElement\":[{\"@type\":\"ListItem\",\"position\":1,\"name\":\"Home\",\"item\":\"https:\\\/\\\/magnetarmagnets.com\\\/pl\\\/\"},{\"@type\":\"ListItem\",\"position\":2,\"name\":\"Sklep\",\"item\":\"https:\\\/\\\/magnetarmagnets.com\\\/sklep\\\/\"},{\"@type\":\"ListItem\",\"position\":3,\"name\":\"Sprz\u0119t\",\"item\":\"https:\\\/\\\/magnetarmagnets.com\\\/pl\\\/collections\\\/sprzet\\\/\"},{\"@type\":\"ListItem\",\"position\":4,\"name\":\"Sprz\u0119t do \u0142owienia magnesem\",\"item\":\"https:\\\/\\\/magnetarmagnets.com\\\/pl\\\/collections\\\/sprzet\\\/sprzet-do-lowienia-magnesem\\\/\"},{\"@type\":\"ListItem\",\"position\":5,\"name\":\"Hak zaczepowy do magnetycznego kija do \u0142owienia magnesem\"}]},{\"@type\":\"WebSite\",\"@id\":\"https:\\\/\\\/magnetarmagnets.com\\\/pl\\\/#website\",\"url\":\"https:\\\/\\\/magnetarmagnets.com\\\/pl\\\/\",\"name\":\"Magnet fishing with a Magnetar fishing magnet\",\"description\":\"Mocne magnesy do po\u0142owu na magnes\",\"publisher\":{\"@id\":\"https:\\\/\\\/magnetarmagnets.com\\\/pl\\\/#organization\"},\"potentialAction\":[{\"@type\":\"SearchAction\",\"target\":{\"@type\":\"EntryPoint\",\"urlTemplate\":\"https:\\\/\\\/magnetarmagnets.com\\\/pl\\\/?s={search_term_string}\"},\"query-input\":{\"@type\":\"PropertyValueSpecification\",\"valueRequired\":true,\"valueName\":\"search_term_string\"}}],\"inLanguage\":\"pl-PL\"},{\"@type\":\"Organization\",\"@id\":\"https:\\\/\\\/magnetarmagnets.com\\\/pl\\\/#organization\",\"name\":\"Magnetar\",\"url\":\"https:\\\/\\\/magnetarmagnets.com\\\/pl\\\/\",\"logo\":{\"@type\":\"ImageObject\",\"inLanguage\":\"pl-PL\",\"@id\":\"https:\\\/\\\/magnetarmagnets.com\\\/pl\\\/#\\\/schema\\\/logo\\\/image\\\/\",\"url\":\"https:\\\/\\\/magnetarmagnets.com\\\/wp-content\\\/uploads\\\/2025\\\/05\\\/Logo-03_PNG-Black-scaled.png\",\"contentUrl\":\"https:\\\/\\\/magnetarmagnets.com\\\/wp-content\\\/uploads\\\/2025\\\/05\\\/Logo-03_PNG-Black-scaled.png\",\"width\":2560,\"height\":1658,\"caption\":\"Magnetar\"},\"image\":{\"@id\":\"https:\\\/\\\/magnetarmagnets.com\\\/pl\\\/#\\\/schema\\\/logo\\\/image\\\/\"},\"sameAs\":[\"https:\\\/\\\/www.facebook.com\\\/fishingmagnets\\\/\",\"https:\\\/\\\/www.instagram.com\\\/magnetar_magnets\\\/\",\"https:\\\/\\\/www.linkedin.com\\\/company\\\/magnetarbv\\\/?originalSubdomain=nl\",\"https:\\\/\\\/www.youtube.com\\\/c\\\/MagnetarVismagneet\"]}]}<\/script>\n<!-- \/ Yoast SEO plugin. -->","yoast_head_json":{"title":"Hak zaczepowy do magnetycznego kija do \u0142owienia magnesem","description":"Hak zaczepowy do \u0142owienia magnesem - Magnetar essentials","robots":{"index":"index","follow":"follow","max-snippet":"max-snippet:-1","max-image-preview":"max-image-preview:large","max-video-preview":"max-video-preview:-1"},"canonical":"https:\/\/magnetarmagnets.com\/pl\/shop\/hak-zaczepowy-do-magnetycznego-kija-do-lowienia-magnesem\/","og_locale":"pl_PL","og_type":"article","og_title":"Hak zaczepowy do magnetycznego kija do \u0142owienia magnesem","og_description":"Hak zaczepowy do \u0142owienia magnesem - Magnetar essentials","og_url":"https:\/\/magnetarmagnets.com\/pl\/shop\/hak-zaczepowy-do-magnetycznego-kija-do-lowienia-magnesem\/","og_site_name":"Magnet fishing with a Magnetar fishing magnet","article_publisher":"https:\/\/www.facebook.com\/fishingmagnets\/","article_modified_time":"2026-04-03T11:01:01+00:00","og_image":[{"width":1000,"height":1000,"url":"https:\/\/magnetarmagnets.com\/wp-content\/uploads\/2023\/09\/JNF-Magnetar-Bedrijfsfotografie-01-09-2023-Foto-0172.jpg","type":"image\/jpeg"}],"twitter_card":"summary_large_image","twitter_misc":{"Szacowany czas czytania":"2 minuty"},"schema":{"@context":"https:\/\/schema.org","@graph":[{"@type":["WebPage","ItemPage"],"@id":"https:\/\/magnetarmagnets.com\/pl\/shop\/hak-zaczepowy-do-magnetycznego-kija-do-lowienia-magnesem\/","url":"https:\/\/magnetarmagnets.com\/pl\/shop\/hak-zaczepowy-do-magnetycznego-kija-do-lowienia-magnesem\/","name":"Hak zaczepowy do magnetycznego kija do \u0142owienia magnesem","isPartOf":{"@id":"https:\/\/magnetarmagnets.com\/pl\/#website"},"primaryImageOfPage":{"@id":"https:\/\/magnetarmagnets.com\/pl\/shop\/hak-zaczepowy-do-magnetycznego-kija-do-lowienia-magnesem\/#primaryimage"},"image":{"@id":"https:\/\/magnetarmagnets.com\/pl\/shop\/hak-zaczepowy-do-magnetycznego-kija-do-lowienia-magnesem\/#primaryimage"},"thumbnailUrl":"https:\/\/magnetarmagnets.com\/wp-content\/uploads\/2023\/09\/JNF-Magnetar-Bedrijfsfotografie-01-09-2023-Foto-0172.jpg","datePublished":"2025-06-05T07:54:16+00:00","dateModified":"2026-04-03T11:01:01+00:00","description":"Hak zaczepowy do \u0142owienia magnesem - Magnetar essentials","breadcrumb":{"@id":"https:\/\/magnetarmagnets.com\/pl\/shop\/hak-zaczepowy-do-magnetycznego-kija-do-lowienia-magnesem\/#breadcrumb"},"inLanguage":"pl-PL","potentialAction":[{"@type":"ReadAction","target":["https:\/\/magnetarmagnets.com\/pl\/shop\/hak-zaczepowy-do-magnetycznego-kija-do-lowienia-magnesem\/"]}]},{"@type":"ImageObject","inLanguage":"pl-PL","@id":"https:\/\/magnetarmagnets.com\/pl\/shop\/hak-zaczepowy-do-magnetycznego-kija-do-lowienia-magnesem\/#primaryimage","url":"https:\/\/magnetarmagnets.com\/wp-content\/uploads\/2023\/09\/JNF-Magnetar-Bedrijfsfotografie-01-09-2023-Foto-0172.jpg","contentUrl":"https:\/\/magnetarmagnets.com\/wp-content\/uploads\/2023\/09\/JNF-Magnetar-Bedrijfsfotografie-01-09-2023-Foto-0172.jpg","width":1000,"height":1000,"caption":"The grappling hook with a thread for magnet fishing"},{"@type":"BreadcrumbList","@id":"https:\/\/magnetarmagnets.com\/pl\/shop\/hak-zaczepowy-do-magnetycznego-kija-do-lowienia-magnesem\/#breadcrumb","itemListElement":[{"@type":"ListItem","position":1,"name":"Home","item":"https:\/\/magnetarmagnets.com\/pl\/"},{"@type":"ListItem","position":2,"name":"Sklep","item":"https:\/\/magnetarmagnets.com\/sklep\/"},{"@type":"ListItem","position":3,"name":"Sprz\u0119t","item":"https:\/\/magnetarmagnets.com\/pl\/collections\/sprzet\/"},{"@type":"ListItem","position":4,"name":"Sprz\u0119t do \u0142owienia magnesem","item":"https:\/\/magnetarmagnets.com\/pl\/collections\/sprzet\/sprzet-do-lowienia-magnesem\/"},{"@type":"ListItem","position":5,"name":"Hak zaczepowy do magnetycznego kija do \u0142owienia magnesem"}]},{"@type":"WebSite","@id":"https:\/\/magnetarmagnets.com\/pl\/#website","url":"https:\/\/magnetarmagnets.com\/pl\/","name":"Magnet fishing with a Magnetar fishing magnet","description":"Mocne magnesy do po\u0142owu na magnes","publisher":{"@id":"https:\/\/magnetarmagnets.com\/pl\/#organization"},"potentialAction":[{"@type":"SearchAction","target":{"@type":"EntryPoint","urlTemplate":"https:\/\/magnetarmagnets.com\/pl\/?s={search_term_string}"},"query-input":{"@type":"PropertyValueSpecification","valueRequired":true,"valueName":"search_term_string"}}],"inLanguage":"pl-PL"},{"@type":"Organization","@id":"https:\/\/magnetarmagnets.com\/pl\/#organization","name":"Magnetar","url":"https:\/\/magnetarmagnets.com\/pl\/","logo":{"@type":"ImageObject","inLanguage":"pl-PL","@id":"https:\/\/magnetarmagnets.com\/pl\/#\/schema\/logo\/image\/","url":"https:\/\/magnetarmagnets.com\/wp-content\/uploads\/2025\/05\/Logo-03_PNG-Black-scaled.png","contentUrl":"https:\/\/magnetarmagnets.com\/wp-content\/uploads\/2025\/05\/Logo-03_PNG-Black-scaled.png","width":2560,"height":1658,"caption":"Magnetar"},"image":{"@id":"https:\/\/magnetarmagnets.com\/pl\/#\/schema\/logo\/image\/"},"sameAs":["https:\/\/www.facebook.com\/fishingmagnets\/","https:\/\/www.instagram.com\/magnetar_magnets\/","https:\/\/www.linkedin.com\/company\/magnetarbv\/?originalSubdomain=nl","https:\/\/www.youtube.com\/c\/MagnetarVismagneet"]}]}},"_links":{"self":[{"href":"https:\/\/magnetarmagnets.com\/pl\/wp-json\/wp\/v2\/product\/83676","targetHints":{"allow":["GET"]}}],"collection":[{"href":"https:\/\/magnetarmagnets.com\/pl\/wp-json\/wp\/v2\/product"}],"about":[{"href":"https:\/\/magnetarmagnets.com\/pl\/wp-json\/wp\/v2\/types\/product"}],"replies":[{"embeddable":true,"href":"https:\/\/magnetarmagnets.com\/pl\/wp-json\/wp\/v2\/comments?post=83676"}],"version-history":[{"count":1,"href":"https:\/\/magnetarmagnets.com\/pl\/wp-json\/wp\/v2\/product\/83676\/revisions"}],"predecessor-version":[{"id":94697,"href":"https:\/\/magnetarmagnets.com\/pl\/wp-json\/wp\/v2\/product\/83676\/revisions\/94697"}],"wp:featuredmedia":[{"embeddable":true,"href":"https:\/\/magnetarmagnets.com\/pl\/wp-json\/wp\/v2\/media\/79735"}],"wp:attachment":[{"href":"https:\/\/magnetarmagnets.com\/pl\/wp-json\/wp\/v2\/media?parent=83676"}],"wp:term":[{"taxonomy":"product_brand","embeddable":true,"href":"https:\/\/magnetarmagnets.com\/pl\/wp-json\/wp\/v2\/product_brand?post=83676"},{"taxonomy":"product_cat","embeddable":true,"href":"https:\/\/magnetarmagnets.com\/pl\/wp-json\/wp\/v2\/product_cat?post=83676"},{"taxonomy":"product_tag","embeddable":true,"href":"https:\/\/magnetarmagnets.com\/pl\/wp-json\/wp\/v2\/product_tag?post=83676"}],"curies":[{"name":"wp","href":"https:\/\/api.w.org\/{rel}","templated":true}]}}