{"id":83674,"date":"2025-06-05T09:54:16","date_gmt":"2025-06-05T07:54:16","guid":{"rendered":"https:\/\/magnetarmagnets.com\/?post_type=product&#038;p=83674"},"modified":"2026-04-14T21:49:45","modified_gmt":"2026-04-14T19:49:45","slug":"zestaw-girl-power-600-kg-hardcore-magnes-dwustronny-allround-360","status":"publish","type":"product","link":"https:\/\/magnetarmagnets.com\/pl\/shop\/zestaw-girl-power-600-kg-hardcore-magnes-dwustronny-allround-360\/","title":{"rendered":"Zestaw Girl Power &#8211; 600 kg \u2013 Hardcore \u2013 Magnes dwustronny Allround 360\u00b0"},"content":{"rendered":"Czy jeste\u015b kobiet\u0105, kt\u00f3ra kocha <a href=\"https:\/\/magnetarmagnets.com\/\" target=\"_blank\" rel=\"noopener\">\u0142owienie magnesem<\/a>? Chcesz zosta\u0107 profesjonalistk\u0105? Nasz zestaw Girl Power to idealny wyb\u00f3r i zawiera wszystko, czego potrzebujesz, aby zacz\u0105\u0107 (i skorzysta\u0107 z oszcz\u0119dno\u015bci przy zakupie zestawu!). W sk\u0142ad tego pakietu wchodzi nasz bestsellerowy magnes <a href=\"https:\/\/magnetarmagnets.com\/shop\/hardcore-magnet-2\/\" target=\"_blank\" rel=\"noopener\">Hardcore<\/a> allround 360\u00b0. Zawiera r\u00f3wnie\u017c ochronn\u0105 obudow\u0119 Hardcore, r\u0119kawice 8 mm, klej 10 ml oraz r\u00f3\u017cow\u0105 czapk\u0119 Magnetar.\n\n<h2>Hardcore: magnes neodymowy do \u0142owienia<\/h2>\n\nNasz allroundowy magnes neodymowy 360\u00b0 jest znany ze swojej ogromnej si\u0142y przyci\u0105gania. To jeden z najlepszych i najbardziej przyst\u0119pnych cenowo magnes\u00f3w do \u0142owienia w wodzie na rynku. Magnes ma si\u0142\u0119 przyci\u0105gania 14 cm, co zwi\u0119ksza szanse na z\u0142owienie wi\u0119kszych i lepszych skarb\u00f3w.\n\n\n\nDlatego wielu mi\u0142o\u015bnik\u00f3w \u0142owienia magnesem jest zadowolonych z tego produktu. Ciekawi Ci\u0119, co inni entuzja\u015bci my\u015bl\u0105 o magnesie Hardcore? Sprawd\u017a to w tym filmie na <a href=\"https:\/\/www.youtube.com\/watch?v=1izvqgYbtd8\">YouTube<\/a>! Chcesz przej\u015b\u0107 z magnesu jednostronnego? W takim przypadku Hardcore mo\u017ce by\u0107 doskona\u0142ym wyborem.\n\n<h2>Gotowa na przej\u015bcie na Hardcore?<\/h2>\n\nHardcore to magnes do \u0142owienia magnesem, kt\u00f3ry uczyni Ci\u0119 prawdziwym profesjonalist\u0105. Jego zalet\u0105 jest to, \u017ce magnes przyci\u0105ga przedmioty z obu stron, co u\u0142atwia znajdowanie skarb\u00f3w. Warto zauwa\u017cy\u0107, \u017ce produkt ma wygodn\u0105 wag\u0119 rzutu, co czyni go odpowiednim dla kobiet \u0142owi\u0105cych magnesem.\n\n\n\nZaawansowani \u0142owcy magnesem ceni\u0105 magnes Hardcore, kt\u00f3ry sta\u0142 si\u0119 jednym z naszych bestseller\u00f3w. Magnes wykonany jest z neodymu, najsilniejszego rodzaju magnesu trwa\u0142ego. Mo\u017ce unie\u015b\u0107 wi\u0119cej ni\u017c inne magnesy tej samej wielko\u015bci, co poszerza zakres przedmiot\u00f3w, kt\u00f3re mo\u017cna znale\u017a\u0107, oraz zapewnia atrakcyjno\u015b\u0107 z ka\u017cdego k\u0105ta.\n\n<h2>Najbardziej kompletny magnes do \u0142owienia<\/h2>\n\nWiele magnes\u00f3w u\u017cywanych do \u0142owienia magnesem ma si\u0142\u0119 przyci\u0105gania tylko z jednej strony. Takie magnesy dzia\u0142aj\u0105 dobrze dla wielu os\u00f3b. Jednak dla najbardziej zagorza\u0142ych entuzjast\u00f3w \u0142owienia magnesem wymy\u015blili\u015bmy co\u015b nowego. Jako pierwsza firma przekszta\u0142cili\u015bmy ten klasyczny magnes w magnes dwustronny. Nast\u0119pnie, w 2016 roku, Magnetar stworzy\u0142 magnes allround z magnetycznym przyci\u0105ganiem 360\u00b0. Wielu \u0142owc\u00f3w magnesem z ca\u0142ej Europy uwielbia nasze 100% neodymowe magnesy allround, co czyni nas najpopularniejszym dostawc\u0105 w Europie.\n\n\n\nAby dostarczy\u0107 kompletne produkty, nasze produkty s\u0105 projektowane przez niewielki zesp\u00f3\u0142 entuzjast\u00f3w \u0142owienia magnesem i wykonane z najwy\u017cszej jako\u015bci materia\u0142\u00f3w. Na szcz\u0119\u015bcie klienci ch\u0119tnie wracaj\u0105 do Magnetar.\n\n<h2>Silna i rewolucyjna si\u0142a przyci\u0105gania<\/h2>\n\nOferowane przez nas magnesy allround maj\u0105 mocne przyci\u0105ganie 360\u00b0. Oczywi\u015bcie si\u0142\u0119 przyci\u0105gania 100% neodymowych magnes\u00f3w trudno por\u00f3wna\u0107 z tradycyjnymi produktami. Tradycyjne magnesy jednostronne maj\u0105 stalow\u0105 obudow\u0119, kt\u00f3ra wp\u0142ywa na si\u0142\u0119 przyci\u0105gania i kieruje j\u0105 w jednym kierunku. W rezultacie osi\u0105gaj\u0105 du\u017c\u0105 si\u0142\u0119 przyci\u0105gania na p\u0142askiej metalowej powierzchni. Nasze unikalne magnesy allround 360\u00b0 osi\u0105gaj\u0105 wysok\u0105 si\u0142\u0119 przyci\u0105gania w ca\u0142ym otoczeniu. Chcesz wiedzie\u0107, jak to mierzymy? Wyja\u015bniamy to w tym <a href=\"https:\/\/www.youtube.com\/watch?v=2McW3RURDxs\">filmie<\/a>.\n\n<h2>Standardy jako\u015bci<\/h2>\n\nW Magnetar stawiamy na jako\u015b\u0107. Dlatego nasze magnesy wykonane s\u0105 z neodymu, dzi\u0119ki czemu zachowuj\u0105 swoj\u0105 si\u0142\u0119 magnetyczn\u0105 przez dziesi\u0119ciolecia!\n\n\n\nZauwa\u017cyli\u015bmy, \u017ce na rynku jest wiele magnes\u00f3w do \u0142owienia, kt\u00f3re trac\u0105 moc w ci\u0105gu zaledwie kilku tygodni. Cz\u0119sto wynika to z u\u017cycia kiepskich materia\u0142\u00f3w i z\u0142ego procesu produkcji. Je\u015bli kupisz taki produkt od du\u017cej firmy, mo\u017cesz si\u0119 rozczarowa\u0107.\n\n\n\nMagnetar to ma\u0142a, rodzinna firma z\u0142o\u017cona z entuzjast\u00f3w \u0142owienia magnesem, dla kt\u00f3rych priorytetem s\u0105 wysokie standardy jako\u015bci. Projektujemy produkty sami, aby zapewni\u0107 Ci produkt najwy\u017cszej jako\u015bci, kt\u00f3ry pozwoli Ci w pe\u0142ni cieszy\u0107 si\u0119 tym wspania\u0142ym hobby.\n\n<h2>Znaczenie ochrony<\/h2>\n\nOchrona Twojego 100% neodymowego magnesu Hardcore jest wa\u017cna. U\u017cywanie magnesu mo\u017ce prowadzi\u0107 do zarysowa\u0144, uszkodze\u0144 lub innych rodzaj\u00f3w usterek. Dlatego w zestawie Girl Power znajduje si\u0119 ochronna os\u0142ona wykonana ze stali nierdzewnej, kt\u00f3ra zapewnia zachowanie w\u0142a\u015bciwo\u015bci magnetycznych magnesu. Nale\u017cy mie\u0107 na uwadze, \u017ce dolna cz\u0119\u015b\u0107 magnesu pozostaje podatna na uszkodzenia.\n\n<h2>U\u017cywaj produktu ostro\u017cnie<\/h2>\n\nWykorzystanie neodymu powoduje, \u017ce nasze magnesy s\u0105 bardzo silne. Blisko magnesu metalowe przedmioty mog\u0105 przyci\u0105ga\u0107 si\u0119 bardzo szybko. Pami\u0119taj, \u017ce Twoja r\u0119ka lub palce mog\u0105 zosta\u0107 uwi\u0119zione mi\u0119dzy magnesem a metalowym elementem. U\u017cywanie tych magnes\u00f3w odbywa si\u0119 na w\u0142asne ryzyko, a dzieci zawsze powinny korzysta\u0107 z nich pod nadzorem rodzic\u00f3w. Przed u\u017cyciem warto zapozna\u0107 si\u0119 z naszymi <a href=\"https:\/\/magnetarmagnets.com\/how-do-you-use-fishing-magnets-in-a-safe-way\/?v=796834e7a283\">zaleceniami bezpiecze\u0144stwa<\/a>.\n\n<h2>Szukasz czego\u015b wi\u0119cej?<\/h2>\n\nSzukasz jeszcze wi\u0119kszego magnesu allround w kompletnym zestawie? Sprawd\u017a nasz <a href=\"https:\/\/magnetarmagnets.com\/shop\/expert-package\/\" target=\"_blank\" rel=\"noopener\">pakiet Expert<\/a> z jednym z najsilniejszych magnes\u00f3w, kt\u00f3re oferujemy: magnesem do \u0142owienia Terror. Szukasz zestawu odpowiedniego dla dzieci? Zobacz <a href=\"https:\/\/magnetarmagnets.com\/shop\/kids-package\/\" target=\"_blank\" rel=\"noopener\">pakiet dzieci\u0119cy<\/a> dla najm\u0142odszych lub zestaw startowy dla starszych dzieci.\n\n\n\nNie zapomnij r\u00f3wnie\u017c zajrze\u0107 do <a href=\"https:\/\/magnetarmagnets.com\/magnet-fishing-kit\/\" target=\"_blank\" rel=\"noopener\">najlepszych zestaw\u00f3w do \u0142owienia magnesem<\/a> i naszych <a href=\"https:\/\/magnetarmagnets.com\/accessories\/\" target=\"_blank\" rel=\"noopener\">akcesori\u00f3w do \u0142owienia magnesem<\/a>.","protected":false},"excerpt":{"rendered":"<p>Rozpocznij przygod\u0119 z zestawem Girl Power. Pakiet zawiera <strong>magnes Hardcore Allround 360\u00b0 o sile 600 kg<\/strong>, tward\u0105 ochronn\u0105 obudow\u0119, r\u00f3\u017cow\u0105 czapk\u0119 Magnetar, lin\u0119 8 mm, r\u0119kawice i klej. <strong>Wszystko, czego potrzebujesz<\/strong>, aby zacz\u0105\u0107 swoj\u0105 przygod\u0119 z \u0142owieniem magnesem!<\/p>\n","protected":false},"featured_media":80648,"comment_status":"open","ping_status":"closed","template":"","meta":{"_acf_changed":false,"inline_featured_image":false},"product_brand":[],"product_cat":[586,581,593,1007,594,587],"product_tag":[],"class_list":{"0":"post-83674","1":"product","2":"type-product","3":"status-publish","4":"has-post-thumbnail","6":"product_cat-allround-magnesy-do-lowienia-360","7":"product_cat-magnesy-do-lowienia","8":"product_cat-poczatkujacy-i-dzieci","9":"product_cat-wszystkie-produkty","10":"product_cat-zaawansowani-poszukiwacze-przygod","11":"product_cat-zestaw-do-lowienia-magnesem","13":"first","14":"instock","15":"sale","16":"taxable","17":"shipping-taxable","18":"purchasable","19":"product-type-simple"},"acf":[],"yoast_head":"<!-- This site is optimized with the Yoast SEO plugin v27.5 - https:\/\/yoast.com\/product\/yoast-seo-wordpress\/ -->\n<title>Zestaw Girl Power - 1300 lb \/ 600 kg - Hardcore Allround 360\u00b0<\/title>\n<meta name=\"description\" content=\"\u0141owienie magnesem dla dziewczyn? Nasz zestaw Girl Power jest idealny dla kobiet, kt\u00f3re chc\u0105 podnie\u015b\u0107 swoje hobby poszukiwania skarb\u00f3w na wy\u017cszy poziom!\" \/>\n<meta name=\"robots\" content=\"index, follow, max-snippet:-1, max-image-preview:large, max-video-preview:-1\" \/>\n<link rel=\"canonical\" href=\"https:\/\/magnetarmagnets.com\/pl\/shop\/zestaw-girl-power-600-kg-hardcore-magnes-dwustronny-allround-360\/\" \/>\n<meta property=\"og:locale\" content=\"pl_PL\" \/>\n<meta property=\"og:type\" content=\"article\" \/>\n<meta property=\"og:title\" content=\"Zestaw Girl Power - 1300 lb \/ 600 kg - Hardcore Allround 360\u00b0\" \/>\n<meta property=\"og:description\" content=\"\u0141owienie magnesem dla dziewczyn? Nasz zestaw Girl Power jest idealny dla kobiet, kt\u00f3re chc\u0105 podnie\u015b\u0107 swoje hobby poszukiwania skarb\u00f3w na wy\u017cszy poziom!\" \/>\n<meta property=\"og:url\" content=\"https:\/\/magnetarmagnets.com\/pl\/shop\/zestaw-girl-power-600-kg-hardcore-magnes-dwustronny-allround-360\/\" \/>\n<meta property=\"og:site_name\" content=\"Magnet fishing with a Magnetar fishing magnet\" \/>\n<meta property=\"article:publisher\" content=\"https:\/\/www.facebook.com\/fishingmagnets\/\" \/>\n<meta property=\"article:modified_time\" content=\"2026-04-14T19:49:45+00:00\" \/>\n<meta property=\"og:image\" content=\"https:\/\/magnetarmagnets.com\/wp-content\/uploads\/2021\/10\/Kopie-van-MAGNETAR-KIT-CANVA-1.png\" \/>\n\t<meta property=\"og:image:width\" content=\"1500\" \/>\n\t<meta property=\"og:image:height\" content=\"1500\" \/>\n\t<meta property=\"og:image:type\" content=\"image\/png\" \/>\n<meta name=\"twitter:card\" content=\"summary_large_image\" \/>\n<meta name=\"twitter:label1\" content=\"Szacowany czas czytania\" \/>\n\t<meta name=\"twitter:data1\" content=\"4 minuty\" \/>\n<script type=\"application\/ld+json\" class=\"yoast-schema-graph\">{\"@context\":\"https:\\\/\\\/schema.org\",\"@graph\":[{\"@type\":[\"WebPage\",\"ItemPage\"],\"@id\":\"https:\\\/\\\/magnetarmagnets.com\\\/pl\\\/shop\\\/zestaw-girl-power-600-kg-hardcore-magnes-dwustronny-allround-360\\\/\",\"url\":\"https:\\\/\\\/magnetarmagnets.com\\\/pl\\\/shop\\\/zestaw-girl-power-600-kg-hardcore-magnes-dwustronny-allround-360\\\/\",\"name\":\"Zestaw Girl Power - 1300 lb \\\/ 600 kg - Hardcore Allround 360\u00b0\",\"isPartOf\":{\"@id\":\"https:\\\/\\\/magnetarmagnets.com\\\/pl\\\/#website\"},\"primaryImageOfPage\":{\"@id\":\"https:\\\/\\\/magnetarmagnets.com\\\/pl\\\/shop\\\/zestaw-girl-power-600-kg-hardcore-magnes-dwustronny-allround-360\\\/#primaryimage\"},\"image\":{\"@id\":\"https:\\\/\\\/magnetarmagnets.com\\\/pl\\\/shop\\\/zestaw-girl-power-600-kg-hardcore-magnes-dwustronny-allround-360\\\/#primaryimage\"},\"thumbnailUrl\":\"https:\\\/\\\/magnetarmagnets.com\\\/wp-content\\\/uploads\\\/2021\\\/10\\\/Kopie-van-MAGNETAR-KIT-CANVA-1.png\",\"datePublished\":\"2025-06-05T07:54:16+00:00\",\"dateModified\":\"2026-04-14T19:49:45+00:00\",\"description\":\"\u0141owienie magnesem dla dziewczyn? Nasz zestaw Girl Power jest idealny dla kobiet, kt\u00f3re chc\u0105 podnie\u015b\u0107 swoje hobby poszukiwania skarb\u00f3w na wy\u017cszy poziom!\",\"breadcrumb\":{\"@id\":\"https:\\\/\\\/magnetarmagnets.com\\\/pl\\\/shop\\\/zestaw-girl-power-600-kg-hardcore-magnes-dwustronny-allround-360\\\/#breadcrumb\"},\"inLanguage\":\"pl-PL\",\"potentialAction\":[{\"@type\":\"ReadAction\",\"target\":[\"https:\\\/\\\/magnetarmagnets.com\\\/pl\\\/shop\\\/zestaw-girl-power-600-kg-hardcore-magnes-dwustronny-allround-360\\\/\"]}]},{\"@type\":\"ImageObject\",\"inLanguage\":\"pl-PL\",\"@id\":\"https:\\\/\\\/magnetarmagnets.com\\\/pl\\\/shop\\\/zestaw-girl-power-600-kg-hardcore-magnes-dwustronny-allround-360\\\/#primaryimage\",\"url\":\"https:\\\/\\\/magnetarmagnets.com\\\/wp-content\\\/uploads\\\/2021\\\/10\\\/Kopie-van-MAGNETAR-KIT-CANVA-1.png\",\"contentUrl\":\"https:\\\/\\\/magnetarmagnets.com\\\/wp-content\\\/uploads\\\/2021\\\/10\\\/Kopie-van-MAGNETAR-KIT-CANVA-1.png\",\"width\":1500,\"height\":1500,\"caption\":\"Girl Power Package - Hardcore Fishing Magnet\"},{\"@type\":\"BreadcrumbList\",\"@id\":\"https:\\\/\\\/magnetarmagnets.com\\\/pl\\\/shop\\\/zestaw-girl-power-600-kg-hardcore-magnes-dwustronny-allround-360\\\/#breadcrumb\",\"itemListElement\":[{\"@type\":\"ListItem\",\"position\":1,\"name\":\"Home\",\"item\":\"https:\\\/\\\/magnetarmagnets.com\\\/pl\\\/\"},{\"@type\":\"ListItem\",\"position\":2,\"name\":\"Sklep\",\"item\":\"https:\\\/\\\/magnetarmagnets.com\\\/sklep\\\/\"},{\"@type\":\"ListItem\",\"position\":3,\"name\":\"Magnesy do \u0142owienia\",\"item\":\"https:\\\/\\\/magnetarmagnets.com\\\/pl\\\/collections\\\/magnesy-do-lowienia\\\/\"},{\"@type\":\"ListItem\",\"position\":4,\"name\":\"Allround magnesy do \u0142owienia 360\u00b0\",\"item\":\"https:\\\/\\\/magnetarmagnets.com\\\/pl\\\/collections\\\/magnesy-do-lowienia\\\/allround-magnesy-do-lowienia-360\\\/\"},{\"@type\":\"ListItem\",\"position\":5,\"name\":\"Zestaw Girl Power &#8211; 600 kg \u2013 Hardcore \u2013 Magnes dwustronny Allround 360\u00b0\"}]},{\"@type\":\"WebSite\",\"@id\":\"https:\\\/\\\/magnetarmagnets.com\\\/pl\\\/#website\",\"url\":\"https:\\\/\\\/magnetarmagnets.com\\\/pl\\\/\",\"name\":\"Magnet fishing with a Magnetar fishing magnet\",\"description\":\"Mocne magnesy do po\u0142owu na magnes\",\"publisher\":{\"@id\":\"https:\\\/\\\/magnetarmagnets.com\\\/pl\\\/#organization\"},\"potentialAction\":[{\"@type\":\"SearchAction\",\"target\":{\"@type\":\"EntryPoint\",\"urlTemplate\":\"https:\\\/\\\/magnetarmagnets.com\\\/pl\\\/?s={search_term_string}\"},\"query-input\":{\"@type\":\"PropertyValueSpecification\",\"valueRequired\":true,\"valueName\":\"search_term_string\"}}],\"inLanguage\":\"pl-PL\"},{\"@type\":\"Organization\",\"@id\":\"https:\\\/\\\/magnetarmagnets.com\\\/pl\\\/#organization\",\"name\":\"Magnetar\",\"url\":\"https:\\\/\\\/magnetarmagnets.com\\\/pl\\\/\",\"logo\":{\"@type\":\"ImageObject\",\"inLanguage\":\"pl-PL\",\"@id\":\"https:\\\/\\\/magnetarmagnets.com\\\/pl\\\/#\\\/schema\\\/logo\\\/image\\\/\",\"url\":\"https:\\\/\\\/magnetarmagnets.com\\\/wp-content\\\/uploads\\\/2025\\\/05\\\/Logo-03_PNG-Black-scaled.png\",\"contentUrl\":\"https:\\\/\\\/magnetarmagnets.com\\\/wp-content\\\/uploads\\\/2025\\\/05\\\/Logo-03_PNG-Black-scaled.png\",\"width\":2560,\"height\":1658,\"caption\":\"Magnetar\"},\"image\":{\"@id\":\"https:\\\/\\\/magnetarmagnets.com\\\/pl\\\/#\\\/schema\\\/logo\\\/image\\\/\"},\"sameAs\":[\"https:\\\/\\\/www.facebook.com\\\/fishingmagnets\\\/\",\"https:\\\/\\\/www.instagram.com\\\/magnetar_magnets\\\/\",\"https:\\\/\\\/www.linkedin.com\\\/company\\\/magnetarbv\\\/?originalSubdomain=nl\",\"https:\\\/\\\/www.youtube.com\\\/c\\\/MagnetarVismagneet\"]}]}<\/script>\n<!-- \/ Yoast SEO plugin. -->","yoast_head_json":{"title":"Zestaw Girl Power - 1300 lb \/ 600 kg - Hardcore Allround 360\u00b0","description":"\u0141owienie magnesem dla dziewczyn? Nasz zestaw Girl Power jest idealny dla kobiet, kt\u00f3re chc\u0105 podnie\u015b\u0107 swoje hobby poszukiwania skarb\u00f3w na wy\u017cszy poziom!","robots":{"index":"index","follow":"follow","max-snippet":"max-snippet:-1","max-image-preview":"max-image-preview:large","max-video-preview":"max-video-preview:-1"},"canonical":"https:\/\/magnetarmagnets.com\/pl\/shop\/zestaw-girl-power-600-kg-hardcore-magnes-dwustronny-allround-360\/","og_locale":"pl_PL","og_type":"article","og_title":"Zestaw Girl Power - 1300 lb \/ 600 kg - Hardcore Allround 360\u00b0","og_description":"\u0141owienie magnesem dla dziewczyn? Nasz zestaw Girl Power jest idealny dla kobiet, kt\u00f3re chc\u0105 podnie\u015b\u0107 swoje hobby poszukiwania skarb\u00f3w na wy\u017cszy poziom!","og_url":"https:\/\/magnetarmagnets.com\/pl\/shop\/zestaw-girl-power-600-kg-hardcore-magnes-dwustronny-allround-360\/","og_site_name":"Magnet fishing with a Magnetar fishing magnet","article_publisher":"https:\/\/www.facebook.com\/fishingmagnets\/","article_modified_time":"2026-04-14T19:49:45+00:00","og_image":[{"width":1500,"height":1500,"url":"https:\/\/magnetarmagnets.com\/wp-content\/uploads\/2021\/10\/Kopie-van-MAGNETAR-KIT-CANVA-1.png","type":"image\/png"}],"twitter_card":"summary_large_image","twitter_misc":{"Szacowany czas czytania":"4 minuty"},"schema":{"@context":"https:\/\/schema.org","@graph":[{"@type":["WebPage","ItemPage"],"@id":"https:\/\/magnetarmagnets.com\/pl\/shop\/zestaw-girl-power-600-kg-hardcore-magnes-dwustronny-allround-360\/","url":"https:\/\/magnetarmagnets.com\/pl\/shop\/zestaw-girl-power-600-kg-hardcore-magnes-dwustronny-allround-360\/","name":"Zestaw Girl Power - 1300 lb \/ 600 kg - Hardcore Allround 360\u00b0","isPartOf":{"@id":"https:\/\/magnetarmagnets.com\/pl\/#website"},"primaryImageOfPage":{"@id":"https:\/\/magnetarmagnets.com\/pl\/shop\/zestaw-girl-power-600-kg-hardcore-magnes-dwustronny-allround-360\/#primaryimage"},"image":{"@id":"https:\/\/magnetarmagnets.com\/pl\/shop\/zestaw-girl-power-600-kg-hardcore-magnes-dwustronny-allround-360\/#primaryimage"},"thumbnailUrl":"https:\/\/magnetarmagnets.com\/wp-content\/uploads\/2021\/10\/Kopie-van-MAGNETAR-KIT-CANVA-1.png","datePublished":"2025-06-05T07:54:16+00:00","dateModified":"2026-04-14T19:49:45+00:00","description":"\u0141owienie magnesem dla dziewczyn? Nasz zestaw Girl Power jest idealny dla kobiet, kt\u00f3re chc\u0105 podnie\u015b\u0107 swoje hobby poszukiwania skarb\u00f3w na wy\u017cszy poziom!","breadcrumb":{"@id":"https:\/\/magnetarmagnets.com\/pl\/shop\/zestaw-girl-power-600-kg-hardcore-magnes-dwustronny-allround-360\/#breadcrumb"},"inLanguage":"pl-PL","potentialAction":[{"@type":"ReadAction","target":["https:\/\/magnetarmagnets.com\/pl\/shop\/zestaw-girl-power-600-kg-hardcore-magnes-dwustronny-allround-360\/"]}]},{"@type":"ImageObject","inLanguage":"pl-PL","@id":"https:\/\/magnetarmagnets.com\/pl\/shop\/zestaw-girl-power-600-kg-hardcore-magnes-dwustronny-allround-360\/#primaryimage","url":"https:\/\/magnetarmagnets.com\/wp-content\/uploads\/2021\/10\/Kopie-van-MAGNETAR-KIT-CANVA-1.png","contentUrl":"https:\/\/magnetarmagnets.com\/wp-content\/uploads\/2021\/10\/Kopie-van-MAGNETAR-KIT-CANVA-1.png","width":1500,"height":1500,"caption":"Girl Power Package - Hardcore Fishing Magnet"},{"@type":"BreadcrumbList","@id":"https:\/\/magnetarmagnets.com\/pl\/shop\/zestaw-girl-power-600-kg-hardcore-magnes-dwustronny-allround-360\/#breadcrumb","itemListElement":[{"@type":"ListItem","position":1,"name":"Home","item":"https:\/\/magnetarmagnets.com\/pl\/"},{"@type":"ListItem","position":2,"name":"Sklep","item":"https:\/\/magnetarmagnets.com\/sklep\/"},{"@type":"ListItem","position":3,"name":"Magnesy do \u0142owienia","item":"https:\/\/magnetarmagnets.com\/pl\/collections\/magnesy-do-lowienia\/"},{"@type":"ListItem","position":4,"name":"Allround magnesy do \u0142owienia 360\u00b0","item":"https:\/\/magnetarmagnets.com\/pl\/collections\/magnesy-do-lowienia\/allround-magnesy-do-lowienia-360\/"},{"@type":"ListItem","position":5,"name":"Zestaw Girl Power &#8211; 600 kg \u2013 Hardcore \u2013 Magnes dwustronny Allround 360\u00b0"}]},{"@type":"WebSite","@id":"https:\/\/magnetarmagnets.com\/pl\/#website","url":"https:\/\/magnetarmagnets.com\/pl\/","name":"Magnet fishing with a Magnetar fishing magnet","description":"Mocne magnesy do po\u0142owu na magnes","publisher":{"@id":"https:\/\/magnetarmagnets.com\/pl\/#organization"},"potentialAction":[{"@type":"SearchAction","target":{"@type":"EntryPoint","urlTemplate":"https:\/\/magnetarmagnets.com\/pl\/?s={search_term_string}"},"query-input":{"@type":"PropertyValueSpecification","valueRequired":true,"valueName":"search_term_string"}}],"inLanguage":"pl-PL"},{"@type":"Organization","@id":"https:\/\/magnetarmagnets.com\/pl\/#organization","name":"Magnetar","url":"https:\/\/magnetarmagnets.com\/pl\/","logo":{"@type":"ImageObject","inLanguage":"pl-PL","@id":"https:\/\/magnetarmagnets.com\/pl\/#\/schema\/logo\/image\/","url":"https:\/\/magnetarmagnets.com\/wp-content\/uploads\/2025\/05\/Logo-03_PNG-Black-scaled.png","contentUrl":"https:\/\/magnetarmagnets.com\/wp-content\/uploads\/2025\/05\/Logo-03_PNG-Black-scaled.png","width":2560,"height":1658,"caption":"Magnetar"},"image":{"@id":"https:\/\/magnetarmagnets.com\/pl\/#\/schema\/logo\/image\/"},"sameAs":["https:\/\/www.facebook.com\/fishingmagnets\/","https:\/\/www.instagram.com\/magnetar_magnets\/","https:\/\/www.linkedin.com\/company\/magnetarbv\/?originalSubdomain=nl","https:\/\/www.youtube.com\/c\/MagnetarVismagneet"]}]}},"_links":{"self":[{"href":"https:\/\/magnetarmagnets.com\/pl\/wp-json\/wp\/v2\/product\/83674","targetHints":{"allow":["GET"]}}],"collection":[{"href":"https:\/\/magnetarmagnets.com\/pl\/wp-json\/wp\/v2\/product"}],"about":[{"href":"https:\/\/magnetarmagnets.com\/pl\/wp-json\/wp\/v2\/types\/product"}],"replies":[{"embeddable":true,"href":"https:\/\/magnetarmagnets.com\/pl\/wp-json\/wp\/v2\/comments?post=83674"}],"version-history":[{"count":1,"href":"https:\/\/magnetarmagnets.com\/pl\/wp-json\/wp\/v2\/product\/83674\/revisions"}],"predecessor-version":[{"id":95285,"href":"https:\/\/magnetarmagnets.com\/pl\/wp-json\/wp\/v2\/product\/83674\/revisions\/95285"}],"wp:featuredmedia":[{"embeddable":true,"href":"https:\/\/magnetarmagnets.com\/pl\/wp-json\/wp\/v2\/media\/80648"}],"wp:attachment":[{"href":"https:\/\/magnetarmagnets.com\/pl\/wp-json\/wp\/v2\/media?parent=83674"}],"wp:term":[{"taxonomy":"product_brand","embeddable":true,"href":"https:\/\/magnetarmagnets.com\/pl\/wp-json\/wp\/v2\/product_brand?post=83674"},{"taxonomy":"product_cat","embeddable":true,"href":"https:\/\/magnetarmagnets.com\/pl\/wp-json\/wp\/v2\/product_cat?post=83674"},{"taxonomy":"product_tag","embeddable":true,"href":"https:\/\/magnetarmagnets.com\/pl\/wp-json\/wp\/v2\/product_tag?post=83674"}],"curies":[{"name":"wp","href":"https:\/\/api.w.org\/{rel}","templated":true}]}}