{"id":83670,"date":"2025-06-05T09:54:17","date_gmt":"2025-06-05T07:54:17","guid":{"rendered":"https:\/\/magnetarmagnets.com\/?post_type=product&#038;p=83670"},"modified":"2026-04-16T18:20:11","modified_gmt":"2026-04-16T16:20:11","slug":"magnes-barbarian-1600-kg-uniwersalny-360","status":"publish","type":"product","link":"https:\/\/magnetarmagnets.com\/pl\/shop\/magnes-barbarian-1600-kg-uniwersalny-360\/","title":{"rendered":"Magnes Barbarian &#8211; 1600 kg &#8211; Uniwersalny 360\u00b0"},"content":{"rendered":"* Chro\u0144 magnes za pomoc\u0105 <a href=\"https:\/\/magnetarmagnets.com\/shop\/the-barbarian-protection\/\" target=\"_blank\" rel=\"noopener\"><b>os\u0142ony ochronnej<\/b><\/a> podczas \u0142owienia magnesem. Bez os\u0142ony mo\u017ce doj\u015b\u0107 do uszkodzenia magnesu przy uderzeniu o twarde przedmioty. Os\u0142ona ochronna nie jest do\u0142\u0105czona do magnesu.\n\n\n\n<span style=\"font-weight: 400;\">Pozytywne reakcje na nasze <\/span><a href=\"https:\/\/magnetarmagnets.com\/shop\/hardcore-magnet-2\/\" target=\"_blank\" rel=\"noopener\"><b>Hardcore,<\/b><\/a> <a href=\"https:\/\/magnetarmagnets.com\/shop\/exclusive-terror-magnet\/\" target=\"_blank\" rel=\"noopener\"><b>Terror<\/b><\/a><span style=\"font-weight: 400;\"> i <\/span><a href=\"https:\/\/magnetarmagnets.com\/shop\/beast-magnet\/\" target=\"_blank\" rel=\"noopener\"><b>Beast<\/b><\/a><span style=\"font-weight: 400;\"> zmotywowa\u0142y nas do stworzenia nowej supermocy, THE BARBARIAN! Ten magnes wykonany w 100% z neodymu jest specjalnie zaprojektowany dla najbardziej zaawansowanych i profesjonalnych w\u0119dkarzy magnetycznych. Wi\u0119kszy nast\u0119pca znanego Beast magnet, Barbarian ma bardzo du\u017c\u0105 \u015brednic\u0119 i \u0142\u0105czn\u0105 si\u0142\u0119 przyci\u0105gania z wszystkich stron magnesu do 3500 lbs\/1600 kg. Ze wzgl\u0119du na du\u017c\u0105 wag\u0119 magnes zanurza si\u0119 g\u0142\u0119boko w mule\/namule, aby dotrze\u0107 do najskrytszych, trudno dost\u0119pnych skarb\u00f3w.<\/span>\n\n\n\n<span style=\"font-weight: 400;\">Uwaga, to nie zabawa dla dzieci! Ten magnes do \u0142owienia magnesem jest tak pot\u0119\u017cny, \u017ce nale\u017cy go u\u017cywa\u0107 \u015bwiadomie. Magnes ten nie jest odpowiedni dla dzieci! Magnes ma niesamowicie silne przyci\u0105ganie magnetyczne i przyci\u0105ga obiekty magnetyczne z daleka. Magnes Barbarian bez problemu \u0142owi przedmioty, nawet je\u015bli s\u0105 one okr\u0105g\u0142e, zardzewia\u0142e lub zanurzone w namule. Przy zakupie kilku silnych magnes\u00f3w zalecamy u\u017cywa\u0107 ich w rozs\u0105dnej odleg\u0142o\u015bci od siebie i przechowywa\u0107 osobno.<\/span>\n\n<h2><b>Czy jeste\u015b gotowy na magnes Barbarian?<\/b><\/h2>\n\n<span style=\"font-weight: 400;\">Magnes do \u0142owienia magnesem Barbarian ma si\u0142\u0119 przyci\u0105gania magnetycznego 360\u00b0 wynosz\u0105c\u0105 3500 lbs \/ 1600 kg. Przedmioty przyci\u0105gane s\u0105 z ka\u017cdej strony magnesu przez wszelkie podwodne warunki (mu\u0142, namul, pr\u0105d, kamienie) i magnes \u0142atwo nie zaczepia o ska\u0142y. Zaprojektowany dla najbardziej zaawansowanych w\u0119dkarzy magnetycznych, wymaga wyj\u0105tkowej ostro\u017cno\u015bci i rozwagi.<\/span>\n\n\n\n<span style=\"font-weight: 400;\">Ten ci\u0119\u017cki magnes jest odpowiedni tylko dla profesjonalist\u00f3w. Ze wzgl\u0119du na wag\u0119 nie mo\u017cna go rzuca\u0107 na du\u017ce odleg\u0142o\u015bci, ale rekompensuje to dzia\u0142aniem na r\u00f3\u017cnorodnych terenach, g\u0142\u0119boko\u015bciach, ciekach wodnych i podczas poszukiwa\u0144 skarb\u00f3w. To najwi\u0119kszy i najsilniejszy magnes do \u0142owienia magnesem dost\u0119pny na rynku. Mo\u017ce wyci\u0105gn\u0105\u0107 ka\u017cdy skarb jednym rzutem: sejfy, bro\u0144, cz\u0119\u015bci samochodowe, skutery, rowery elektryczne i wiele wi\u0119cej.<\/span>\n\n<h2><b>Rozw\u00f3j magnes\u00f3w<\/b><\/h2>\n\n<span style=\"font-weight: 400;\">Wiele magnes\u00f3w dzia\u0142a tylko z jednej strony. Ten jednostronny magnes to klasyczny magnes do \u0142owienia magnesem. Firma Magnetar jako pierwsza w Europie przekszta\u0142ci\u0142a klasyczny magnes w <a href=\"https:\/\/magnetarmagnets.com\/double-sided-fishing-magnet\/\" target=\"_blank\" rel=\"noopener\">magnes dwustronny<\/a>. Nast\u0119pnie w 2016 roku Magnetar wprowadzi\u0142 uniwersalny magnes 360\u00b0 z si\u0142\u0105 przyci\u0105gania magnetycznego. W\u0119dkarze magnetyczni w ca\u0142ej UE od tego czasu wybieraj\u0105 nasze 100% neodymowe magnesy, czyni\u0105c nas najwi\u0119kszym dostawc\u0105 w Europie. Nasze magnesy s\u0105 wykonane z najwy\u017csz\u0105 jako\u015bci\u0105, zaprojektowane i wyprodukowane przez zesp\u00f3\u0142 pasjonat\u00f3w \u0142owienia magnesem. Klienci wracaj\u0105, poniewa\u017c z Magnetar otrzymuj\u0105 wi\u0119cej ni\u017c magnes \u2013 \u0142owi\u0105 prawdziwe skarby.<\/span>\n\n<h2><b>Mocna si\u0142a przyci\u0105gania 360\u00b0<\/b><\/h2>\n\nMagnes Barbarian to najsilniejszy magnes, jaki oferujemy, z si\u0142\u0105 przyci\u0105gania do 1600 kg. Si\u0142a przyci\u0105gania Barbarianna jest pot\u0119\u017cna i zdolna przyci\u0105ga\u0107 przedmioty z ca\u0142ego otoczenia, w przeciwie\u0144stwie do jednostronnego magnesu w stalowej obudowie, kt\u00f3ry skupia si\u0142\u0119 przyci\u0105gania w jednym kierunku. Ciekawi Ci\u0119 jak mierzymy si\u0142\u0119? <a href=\"https:\/\/www.youtube.com\/watch?v=2McW3RURDxs\" target=\"_blank\" rel=\"noopener\">Zobacz nasz film<\/a>.","protected":false},"excerpt":{"rendered":"<p><span style=\"font-weight: 400;\">Magnes <strong>Barbarian<\/strong> to niezwykle du\u017cy magnes do \u0142owienia magnesem zaprojektowany specjalnie dla profesjonalnych i zaawansowanych mi\u0142o\u015bnik\u00f3w \u0142owienia magnesem. <\/span><\/p>\n<p><span style=\"font-weight: 400;\">To najsilniejszy <strong>uniwersalny magnes 360\u00b0<\/strong> na \u015bwiecie o sile przyci\u0105gania <strong>1600 kg<\/strong>! Wykonany w 100% z najwy\u017cszej jako\u015bci neodymu, ten magnes jest jeszcze pot\u0119\u017cniejszy ni\u017c znany nam Beast magnet. <\/span><\/p>\n<p><span style=\"font-weight: 400;\">Ten magnes wi\u0105\u017ce si\u0119 z dodatkowymi ryzykami. Obs\u0142uguj i przechowuj go z najwy\u017csz\u0105 ostro\u017cno\u015bci\u0105. Trzymaj z dala od dzieci.<\/span><\/p>\n","protected":false},"featured_media":78500,"comment_status":"open","ping_status":"closed","template":"","meta":{"_acf_changed":false,"inline_featured_image":false},"product_brand":[],"product_cat":[607,602,604,616,1007],"product_tag":[],"class_list":{"0":"post-83670","1":"product","2":"type-product","3":"status-publish","4":"has-post-thumbnail","6":"product_cat-allround-fiskemagneter-360","7":"product_cat-fiskemagneter","8":"product_cat-sterkeste-fiskemagneter","9":"product_cat-profesjonelle","10":"product_cat-wszystkie-produkty","12":"first","13":"instock","14":"taxable","15":"shipping-taxable","16":"purchasable","17":"product-type-simple"},"acf":[],"yoast_head":"<!-- This site is optimized with the Yoast SEO plugin v27.4 - https:\/\/yoast.com\/product\/yoast-seo-wordpress\/ -->\n<title>Magnes Barbarian - 1600 kg - Uniwersalny 360\u00b0<\/title>\n<meta name=\"description\" content=\"Magnes do \u0142owienia magnesem Barbarian: najbardziej ekstremalny magnes do \u0142owienia magnesem w Europie! Zam\u00f3w najlepsze magnesy u swojego specjalisty od \u0142owienia magnesem: Magnetar!\" \/>\n<meta name=\"robots\" content=\"index, follow, max-snippet:-1, max-image-preview:large, max-video-preview:-1\" \/>\n<link rel=\"canonical\" href=\"https:\/\/magnetarmagnets.com\/pl\/shop\/magnes-barbarian-1600-kg-uniwersalny-360\/\" \/>\n<meta property=\"og:locale\" content=\"pl_PL\" \/>\n<meta property=\"og:type\" content=\"article\" \/>\n<meta property=\"og:title\" content=\"Magnes Barbarian - 1600 kg - Uniwersalny 360\u00b0\" \/>\n<meta property=\"og:description\" content=\"Magnes do \u0142owienia magnesem Barbarian: najbardziej ekstremalny magnes do \u0142owienia magnesem w Europie! Zam\u00f3w najlepsze magnesy u swojego specjalisty od \u0142owienia magnesem: Magnetar!\" \/>\n<meta property=\"og:url\" content=\"https:\/\/magnetarmagnets.com\/pl\/shop\/magnes-barbarian-1600-kg-uniwersalny-360\/\" \/>\n<meta property=\"og:site_name\" content=\"Magnet fishing with a Magnetar fishing magnet\" \/>\n<meta property=\"article:publisher\" content=\"https:\/\/www.facebook.com\/fishingmagnets\/\" \/>\n<meta property=\"article:modified_time\" content=\"2026-04-16T16:20:11+00:00\" \/>\n<meta property=\"og:image\" content=\"https:\/\/magnetarmagnets.com\/wp-content\/uploads\/2020\/06\/Barbarian-magnet-360-Degrees-Neodymium.jpeg\" \/>\n\t<meta property=\"og:image:width\" content=\"1000\" \/>\n\t<meta property=\"og:image:height\" content=\"1000\" \/>\n\t<meta property=\"og:image:type\" content=\"image\/jpeg\" \/>\n<meta name=\"twitter:card\" content=\"summary_large_image\" \/>\n<meta name=\"twitter:label1\" content=\"Szacowany czas czytania\" \/>\n\t<meta name=\"twitter:data1\" content=\"5 minut\" \/>\n<script type=\"application\/ld+json\" class=\"yoast-schema-graph\">{\"@context\":\"https:\\\/\\\/schema.org\",\"@graph\":[{\"@type\":[\"WebPage\",\"ItemPage\"],\"@id\":\"https:\\\/\\\/magnetarmagnets.com\\\/pl\\\/shop\\\/magnes-barbarian-1600-kg-uniwersalny-360\\\/\",\"url\":\"https:\\\/\\\/magnetarmagnets.com\\\/pl\\\/shop\\\/magnes-barbarian-1600-kg-uniwersalny-360\\\/\",\"name\":\"Magnes Barbarian - 1600 kg - Uniwersalny 360\u00b0\",\"isPartOf\":{\"@id\":\"https:\\\/\\\/magnetarmagnets.com\\\/pl\\\/#website\"},\"primaryImageOfPage\":{\"@id\":\"https:\\\/\\\/magnetarmagnets.com\\\/pl\\\/shop\\\/magnes-barbarian-1600-kg-uniwersalny-360\\\/#primaryimage\"},\"image\":{\"@id\":\"https:\\\/\\\/magnetarmagnets.com\\\/pl\\\/shop\\\/magnes-barbarian-1600-kg-uniwersalny-360\\\/#primaryimage\"},\"thumbnailUrl\":\"https:\\\/\\\/magnetarmagnets.com\\\/wp-content\\\/uploads\\\/2020\\\/06\\\/Barbarian-magnet-360-Degrees-Neodymium.jpeg\",\"datePublished\":\"2025-06-05T07:54:17+00:00\",\"dateModified\":\"2026-04-16T16:20:11+00:00\",\"description\":\"Magnes do \u0142owienia magnesem Barbarian: najbardziej ekstremalny magnes do \u0142owienia magnesem w Europie! Zam\u00f3w najlepsze magnesy u swojego specjalisty od \u0142owienia magnesem: Magnetar!\",\"breadcrumb\":{\"@id\":\"https:\\\/\\\/magnetarmagnets.com\\\/pl\\\/shop\\\/magnes-barbarian-1600-kg-uniwersalny-360\\\/#breadcrumb\"},\"inLanguage\":\"pl-PL\",\"potentialAction\":[{\"@type\":\"ReadAction\",\"target\":[\"https:\\\/\\\/magnetarmagnets.com\\\/pl\\\/shop\\\/magnes-barbarian-1600-kg-uniwersalny-360\\\/\"]}]},{\"@type\":\"ImageObject\",\"inLanguage\":\"pl-PL\",\"@id\":\"https:\\\/\\\/magnetarmagnets.com\\\/pl\\\/shop\\\/magnes-barbarian-1600-kg-uniwersalny-360\\\/#primaryimage\",\"url\":\"https:\\\/\\\/magnetarmagnets.com\\\/wp-content\\\/uploads\\\/2020\\\/06\\\/Barbarian-magnet-360-Degrees-Neodymium.jpeg\",\"contentUrl\":\"https:\\\/\\\/magnetarmagnets.com\\\/wp-content\\\/uploads\\\/2020\\\/06\\\/Barbarian-magnet-360-Degrees-Neodymium.jpeg\",\"width\":1000,\"height\":1000,\"caption\":\"Barbarian for magnet fishing with 360 Degrees Neodymium power\"},{\"@type\":\"BreadcrumbList\",\"@id\":\"https:\\\/\\\/magnetarmagnets.com\\\/pl\\\/shop\\\/magnes-barbarian-1600-kg-uniwersalny-360\\\/#breadcrumb\",\"itemListElement\":[{\"@type\":\"ListItem\",\"position\":1,\"name\":\"Home\",\"item\":\"https:\\\/\\\/magnetarmagnets.com\\\/pl\\\/\"},{\"@type\":\"ListItem\",\"position\":2,\"name\":\"Sklep\",\"item\":\"https:\\\/\\\/magnetarmagnets.com\\\/sklep\\\/\"},{\"@type\":\"ListItem\",\"position\":3,\"name\":\"Wszystkie produkty\",\"item\":\"https:\\\/\\\/magnetarmagnets.com\\\/pl\\\/collections\\\/wszystkie-produkty\\\/\"},{\"@type\":\"ListItem\",\"position\":4,\"name\":\"Magnes Barbarian &#8211; 1600 kg &#8211; Uniwersalny 360\u00b0\"}]},{\"@type\":\"WebSite\",\"@id\":\"https:\\\/\\\/magnetarmagnets.com\\\/pl\\\/#website\",\"url\":\"https:\\\/\\\/magnetarmagnets.com\\\/pl\\\/\",\"name\":\"Magnet fishing with a Magnetar fishing magnet\",\"description\":\"Mocne magnesy do po\u0142owu na magnes\",\"publisher\":{\"@id\":\"https:\\\/\\\/magnetarmagnets.com\\\/pl\\\/#organization\"},\"potentialAction\":[{\"@type\":\"SearchAction\",\"target\":{\"@type\":\"EntryPoint\",\"urlTemplate\":\"https:\\\/\\\/magnetarmagnets.com\\\/pl\\\/?s={search_term_string}\"},\"query-input\":{\"@type\":\"PropertyValueSpecification\",\"valueRequired\":true,\"valueName\":\"search_term_string\"}}],\"inLanguage\":\"pl-PL\"},{\"@type\":\"Organization\",\"@id\":\"https:\\\/\\\/magnetarmagnets.com\\\/pl\\\/#organization\",\"name\":\"Magnetar\",\"url\":\"https:\\\/\\\/magnetarmagnets.com\\\/pl\\\/\",\"logo\":{\"@type\":\"ImageObject\",\"inLanguage\":\"pl-PL\",\"@id\":\"https:\\\/\\\/magnetarmagnets.com\\\/pl\\\/#\\\/schema\\\/logo\\\/image\\\/\",\"url\":\"https:\\\/\\\/magnetarmagnets.com\\\/wp-content\\\/uploads\\\/2025\\\/05\\\/Logo-03_PNG-Black-scaled.png\",\"contentUrl\":\"https:\\\/\\\/magnetarmagnets.com\\\/wp-content\\\/uploads\\\/2025\\\/05\\\/Logo-03_PNG-Black-scaled.png\",\"width\":2560,\"height\":1658,\"caption\":\"Magnetar\"},\"image\":{\"@id\":\"https:\\\/\\\/magnetarmagnets.com\\\/pl\\\/#\\\/schema\\\/logo\\\/image\\\/\"},\"sameAs\":[\"https:\\\/\\\/www.facebook.com\\\/fishingmagnets\\\/\",\"https:\\\/\\\/www.instagram.com\\\/magnetar_magnets\\\/\",\"https:\\\/\\\/www.linkedin.com\\\/company\\\/magnetarbv\\\/?originalSubdomain=nl\",\"https:\\\/\\\/www.youtube.com\\\/c\\\/MagnetarVismagneet\"]}]}<\/script>\n<!-- \/ Yoast SEO plugin. -->","yoast_head_json":{"title":"Magnes Barbarian - 1600 kg - Uniwersalny 360\u00b0","description":"Magnes do \u0142owienia magnesem Barbarian: najbardziej ekstremalny magnes do \u0142owienia magnesem w Europie! Zam\u00f3w najlepsze magnesy u swojego specjalisty od \u0142owienia magnesem: Magnetar!","robots":{"index":"index","follow":"follow","max-snippet":"max-snippet:-1","max-image-preview":"max-image-preview:large","max-video-preview":"max-video-preview:-1"},"canonical":"https:\/\/magnetarmagnets.com\/pl\/shop\/magnes-barbarian-1600-kg-uniwersalny-360\/","og_locale":"pl_PL","og_type":"article","og_title":"Magnes Barbarian - 1600 kg - Uniwersalny 360\u00b0","og_description":"Magnes do \u0142owienia magnesem Barbarian: najbardziej ekstremalny magnes do \u0142owienia magnesem w Europie! Zam\u00f3w najlepsze magnesy u swojego specjalisty od \u0142owienia magnesem: Magnetar!","og_url":"https:\/\/magnetarmagnets.com\/pl\/shop\/magnes-barbarian-1600-kg-uniwersalny-360\/","og_site_name":"Magnet fishing with a Magnetar fishing magnet","article_publisher":"https:\/\/www.facebook.com\/fishingmagnets\/","article_modified_time":"2026-04-16T16:20:11+00:00","og_image":[{"width":1000,"height":1000,"url":"https:\/\/magnetarmagnets.com\/wp-content\/uploads\/2020\/06\/Barbarian-magnet-360-Degrees-Neodymium.jpeg","type":"image\/jpeg"}],"twitter_card":"summary_large_image","twitter_misc":{"Szacowany czas czytania":"5 minut"},"schema":{"@context":"https:\/\/schema.org","@graph":[{"@type":["WebPage","ItemPage"],"@id":"https:\/\/magnetarmagnets.com\/pl\/shop\/magnes-barbarian-1600-kg-uniwersalny-360\/","url":"https:\/\/magnetarmagnets.com\/pl\/shop\/magnes-barbarian-1600-kg-uniwersalny-360\/","name":"Magnes Barbarian - 1600 kg - Uniwersalny 360\u00b0","isPartOf":{"@id":"https:\/\/magnetarmagnets.com\/pl\/#website"},"primaryImageOfPage":{"@id":"https:\/\/magnetarmagnets.com\/pl\/shop\/magnes-barbarian-1600-kg-uniwersalny-360\/#primaryimage"},"image":{"@id":"https:\/\/magnetarmagnets.com\/pl\/shop\/magnes-barbarian-1600-kg-uniwersalny-360\/#primaryimage"},"thumbnailUrl":"https:\/\/magnetarmagnets.com\/wp-content\/uploads\/2020\/06\/Barbarian-magnet-360-Degrees-Neodymium.jpeg","datePublished":"2025-06-05T07:54:17+00:00","dateModified":"2026-04-16T16:20:11+00:00","description":"Magnes do \u0142owienia magnesem Barbarian: najbardziej ekstremalny magnes do \u0142owienia magnesem w Europie! Zam\u00f3w najlepsze magnesy u swojego specjalisty od \u0142owienia magnesem: Magnetar!","breadcrumb":{"@id":"https:\/\/magnetarmagnets.com\/pl\/shop\/magnes-barbarian-1600-kg-uniwersalny-360\/#breadcrumb"},"inLanguage":"pl-PL","potentialAction":[{"@type":"ReadAction","target":["https:\/\/magnetarmagnets.com\/pl\/shop\/magnes-barbarian-1600-kg-uniwersalny-360\/"]}]},{"@type":"ImageObject","inLanguage":"pl-PL","@id":"https:\/\/magnetarmagnets.com\/pl\/shop\/magnes-barbarian-1600-kg-uniwersalny-360\/#primaryimage","url":"https:\/\/magnetarmagnets.com\/wp-content\/uploads\/2020\/06\/Barbarian-magnet-360-Degrees-Neodymium.jpeg","contentUrl":"https:\/\/magnetarmagnets.com\/wp-content\/uploads\/2020\/06\/Barbarian-magnet-360-Degrees-Neodymium.jpeg","width":1000,"height":1000,"caption":"Barbarian for magnet fishing with 360 Degrees Neodymium power"},{"@type":"BreadcrumbList","@id":"https:\/\/magnetarmagnets.com\/pl\/shop\/magnes-barbarian-1600-kg-uniwersalny-360\/#breadcrumb","itemListElement":[{"@type":"ListItem","position":1,"name":"Home","item":"https:\/\/magnetarmagnets.com\/pl\/"},{"@type":"ListItem","position":2,"name":"Sklep","item":"https:\/\/magnetarmagnets.com\/sklep\/"},{"@type":"ListItem","position":3,"name":"Wszystkie produkty","item":"https:\/\/magnetarmagnets.com\/pl\/collections\/wszystkie-produkty\/"},{"@type":"ListItem","position":4,"name":"Magnes Barbarian &#8211; 1600 kg &#8211; Uniwersalny 360\u00b0"}]},{"@type":"WebSite","@id":"https:\/\/magnetarmagnets.com\/pl\/#website","url":"https:\/\/magnetarmagnets.com\/pl\/","name":"Magnet fishing with a Magnetar fishing magnet","description":"Mocne magnesy do po\u0142owu na magnes","publisher":{"@id":"https:\/\/magnetarmagnets.com\/pl\/#organization"},"potentialAction":[{"@type":"SearchAction","target":{"@type":"EntryPoint","urlTemplate":"https:\/\/magnetarmagnets.com\/pl\/?s={search_term_string}"},"query-input":{"@type":"PropertyValueSpecification","valueRequired":true,"valueName":"search_term_string"}}],"inLanguage":"pl-PL"},{"@type":"Organization","@id":"https:\/\/magnetarmagnets.com\/pl\/#organization","name":"Magnetar","url":"https:\/\/magnetarmagnets.com\/pl\/","logo":{"@type":"ImageObject","inLanguage":"pl-PL","@id":"https:\/\/magnetarmagnets.com\/pl\/#\/schema\/logo\/image\/","url":"https:\/\/magnetarmagnets.com\/wp-content\/uploads\/2025\/05\/Logo-03_PNG-Black-scaled.png","contentUrl":"https:\/\/magnetarmagnets.com\/wp-content\/uploads\/2025\/05\/Logo-03_PNG-Black-scaled.png","width":2560,"height":1658,"caption":"Magnetar"},"image":{"@id":"https:\/\/magnetarmagnets.com\/pl\/#\/schema\/logo\/image\/"},"sameAs":["https:\/\/www.facebook.com\/fishingmagnets\/","https:\/\/www.instagram.com\/magnetar_magnets\/","https:\/\/www.linkedin.com\/company\/magnetarbv\/?originalSubdomain=nl","https:\/\/www.youtube.com\/c\/MagnetarVismagneet"]}]}},"_links":{"self":[{"href":"https:\/\/magnetarmagnets.com\/pl\/wp-json\/wp\/v2\/product\/83670","targetHints":{"allow":["GET"]}}],"collection":[{"href":"https:\/\/magnetarmagnets.com\/pl\/wp-json\/wp\/v2\/product"}],"about":[{"href":"https:\/\/magnetarmagnets.com\/pl\/wp-json\/wp\/v2\/types\/product"}],"replies":[{"embeddable":true,"href":"https:\/\/magnetarmagnets.com\/pl\/wp-json\/wp\/v2\/comments?post=83670"}],"version-history":[{"count":1,"href":"https:\/\/magnetarmagnets.com\/pl\/wp-json\/wp\/v2\/product\/83670\/revisions"}],"predecessor-version":[{"id":94600,"href":"https:\/\/magnetarmagnets.com\/pl\/wp-json\/wp\/v2\/product\/83670\/revisions\/94600"}],"wp:featuredmedia":[{"embeddable":true,"href":"https:\/\/magnetarmagnets.com\/pl\/wp-json\/wp\/v2\/media\/78500"}],"wp:attachment":[{"href":"https:\/\/magnetarmagnets.com\/pl\/wp-json\/wp\/v2\/media?parent=83670"}],"wp:term":[{"taxonomy":"product_brand","embeddable":true,"href":"https:\/\/magnetarmagnets.com\/pl\/wp-json\/wp\/v2\/product_brand?post=83670"},{"taxonomy":"product_cat","embeddable":true,"href":"https:\/\/magnetarmagnets.com\/pl\/wp-json\/wp\/v2\/product_cat?post=83670"},{"taxonomy":"product_tag","embeddable":true,"href":"https:\/\/magnetarmagnets.com\/pl\/wp-json\/wp\/v2\/product_tag?post=83670"}],"curies":[{"name":"wp","href":"https:\/\/api.w.org\/{rel}","templated":true}]}}