{"id":83667,"date":"2025-06-05T09:54:17","date_gmt":"2025-06-05T07:54:17","guid":{"rendered":"https:\/\/magnetarmagnets.com\/?post_type=product&#038;p=83667"},"modified":"2026-04-18T00:41:14","modified_gmt":"2026-04-17T22:41:14","slug":"zestaw-legend-1400-kg-bestia-magnes-jednostronny-allround-360","status":"publish","type":"product","link":"https:\/\/magnetarmagnets.com\/pl\/shop\/zestaw-legend-1400-kg-bestia-magnes-jednostronny-allround-360\/","title":{"rendered":"Zestaw Legend &#8211; 1400 kg &#8211; Bestia &#8211; Magnes jednostronny Allround 360\u00b0"},"content":{"rendered":"<b>\u200b\u200bJeste\u015b legendarnym poszukiwaczem skarb\u00f3w przy pomocy magnesu?<\/b> A mo\u017ce chcesz si\u0119 nim sta\u0107? Nasz <a href=\"https:\/\/magnetarmagnets.com\/shop\/legend-package\/\" target=\"_blank\" rel=\"noopener\">Zestaw Legend<\/a> to idealne rozwi\u0105zanie, zawieraj\u0105ce wszystko, czego potrzebujesz, by zacz\u0105\u0107 (i skorzysta\u0107 z oferty pakietowej!). W zestawie znajdziesz nasz magnes Beast allround 360\u00b0. Do pakietu do\u0142\u0105czona jest te\u017c wytrzyma\u0142a lina o \u015brednicy 10 mm z karabi\u0144czykiem, para wodoodpornych r\u0119kawic, pokrowiec ochronny Legend, klej oraz ekstra du\u017cy hak z nierdzewnej stali. Chcesz podnie\u015b\u0107 poziom? Sprawd\u017a nasz <a href=\"https:\/\/magnetarmagnets.com\/shop\/warrior-package\/\" target=\"_blank\" rel=\"noopener\">Zestaw Wojownika<\/a>!\n\n<h2><b>Neodymowy magnes do lowienia Beast<\/b><\/h2>\n\nPozytywne reakcje na nasze <a href=\"https:\/\/magnetarmagnets.com\/shop\/hardcore-magnet-2\/\" target=\"_blank\" rel=\"noopener\">Hardcore<\/a> i <a href=\"https:\/\/magnetarmagnets.com\/shop\/exclusive-terror-magnet\/\" target=\"_blank\" rel=\"noopener\">Terror<\/a> zmotywowa\u0142y nas do stworzenia wyj\u0105tkowej si\u0142y &#8211; Bestii! Bestia jest jeszcze silniejsza ni\u017c nasze magnesy Hardcore i Terror, to nie tylko si\u0142a, to BESTIALSKA si\u0142a. Magnes do lowienia Beast to wi\u0119kszy nast\u0119pca znanego magnesu Terror. Dzi\u0119ki wi\u0119kszej wadze magnes ten zanurza si\u0119 g\u0142\u0119biej w b\u0142ocie i mule, umo\u017cliwiaj\u0105c dotarcie do g\u0142\u0119boko ukrytych przedmiot\u00f3w.\n\nJako magnes dwustronny Beast posiada si\u0142\u0119 przyci\u0105gania oko\u0142o 350 kg na ka\u017cdej stronie. Wykonany ze 100% neodymu, najsilniejszego sta\u0142ego magnetycznego materia\u0142u ziem rzadkich, Beast daje najlepsze szanse na wy\u0142owienie metalowych przedmiot\u00f3w blisko i daleko.\n\n<h2><b>Gotowy na wyzwanie z Besti\u0105?<\/b><\/h2>\n\nNazwa m\u00f3wi wszystko, ten magnes to Bestia! Magnes do lowienia Beast ma 360\u00b0 si\u0142\u0119 przyci\u0105gania r\u00f3wn\u0105 1400 kg i jest jednym z <a href=\"https:\/\/magnetarmagnets.com\/\" target=\"_blank\" rel=\"noopener\">najlepszych magnes\u00f3w neodymowych do \u0142owienia<\/a> w naszej ofercie. Przedmioty przyci\u0105gane s\u0105 ze wszystkich stron magnesu, niezale\u017cnie od warunk\u00f3w podwodnych (b\u0142oto, mu\u0142, pr\u0105d, ska\u0142y) i magnes nie haczy \u0142atwo o kamienie. Zaprojektowany dla zaawansowanych magnetycznych w\u0119dkarzy, magnes ten wymaga ostro\u017cno\u015bci i odpowiedzialno\u015bci.\n\nBestia jest dla wprawnych poszukiwaczy, kt\u00f3rzy wiedz\u0105, co robi\u0105. Jest na tyle pot\u0119\u017cna, \u017ce porusza si\u0119 pod wod\u0105 i sama szuka przedmiot\u00f3w. Jej waga i si\u0142a pozwalaj\u0105 na przesiewanie b\u0142ota i si\u0119ganie po najstarsze i najg\u0142\u0119biej ukryte skarby. Ulepsz sw\u00f3j zestaw, by znale\u017a\u0107 najwi\u0119ksze skarby, takie jak du\u017ce sejfy, bro\u0144, cz\u0119\u015bci samochodowe, skutery, rowery elektryczne i wiele innych.\n\n<h2><b>Rozw\u00f3j magnes\u00f3w<\/b><\/h2>\n\nWiele magnes\u00f3w ma si\u0142\u0119 przyci\u0105gania tylko z jednej strony, co jest klasycznym rozwi\u0105zaniem. Magnetar by\u0142 pierwsz\u0105 firm\u0105, kt\u00f3ra przekszta\u0142ci\u0142a ten klasyczny magnes w magnes dwustronny. W 2016 roku stworzyli\u015bmy uniwersalny magnes z si\u0142\u0105 przyci\u0105gania 360\u00b0. Magnetyczni w\u0119dkarze w ca\u0142ej Europie ceni\u0105 nasze magnesy neodymowe 100%, co czyni nas liderem na rynku. Nasze magnesy s\u0105 tworzone z najwy\u017csz\u0105 jako\u015bci\u0105 przez zesp\u00f3\u0142 pasjonat\u00f3w. Nasi klienci wracaj\u0105 do nas, poniewa\u017c wiedz\u0105, \u017ce z Magnetar otrzymuj\u0105 wi\u0119cej ni\u017c magnes, otrzymuj\u0105 prawdziwe skarby.\n\n<h2><strong>Pot\u0119\u017cna si\u0142a przyci\u0105gania 360\u00b0<\/strong><\/h2>\n\nMagnes Beast to jeden z najsilniejszych magnes\u00f3w w naszej ofercie, z si\u0142\u0105 przyci\u0105gania do 1400 kg. Si\u0142a magnesu jest mocna i przyci\u0105ga obiekty z ca\u0142ej okolicy, w przeciwie\u0144stwie do klasycznego magnesu jednostronnego os\u0142oni\u0119tego stalow\u0105 obudow\u0105. Chcesz zobaczy\u0107, jak mierzymy si\u0142\u0119 przyci\u0105gania? <a href=\"https:\/\/www.youtube.com\/watch?v=2McW3RURDxs\" target=\"_blank\" rel=\"noopener\">Obejrzyj nasz film o pomiarach si\u0142y przyci\u0105gania<\/a>.\n\n<h2><b>Wysoka jako\u015b\u0107<\/b><\/h2>\n\nNasze magnesy do lowienia s\u0105 wykonane ze 100% neodymu. Magnetar zachowuje si\u0142\u0119 magnes\u00f3w na dziesi\u0119ciolecia, trac\u0105c tylko 1% co 100 lat (przy odpowiednim przechowywaniu i ochronie).\n\nWiele innych firm oferuje magnesy trac\u0105ce si\u0142\u0119 ju\u017c po kilku tygodniach. Ostatnio na rynku pojawia si\u0119 coraz wi\u0119cej tanich magnes\u00f3w niskiej jako\u015bci: wi\u0119kszych, ale s\u0142abszych. Kupuj\u0105c takie tanie lub od du\u017cych korporacji, \u0142atwo si\u0119 rozczarujesz.\n\nMagnetar to ma\u0142a, rodzinna firma, kt\u00f3ra stawia jako\u015b\u0107 na pierwszym miejscu. Jeste\u015bmy pasjonatami magnetycznego \u0142owienia i wszystkie nasze magnesy s\u0105 projektowane oraz wykonywane przez nasz zesp\u00f3\u0142, by zapewni\u0107 najlepsze efekty oraz skarby z magnesu. Szukasz niezawodnego, skutecznego i mocnego magnesu? Trafi\u0142e\u015b idealnie. Ch\u0119tnie odpowiemy na Twoje pytania, <a href=\"mailto:info@magnetarmagnets.com\">skontaktuj si\u0119 z nami<\/a>.\n\n<h2><b>Pokrowiec ochronny<\/b><\/h2>\n\nDo zestawu do\u0142\u0105czony jest pokrowiec ochronny, kt\u00f3ry chroni magnes neodymowy podczas u\u017cytkowania. Solidne pokrowce idealnie dopasowuj\u0105 si\u0119 do magnesu, zapewniaj\u0105c dodatkow\u0105 ochron\u0119 przed zarysowaniami, uszkodzeniami czy p\u0119kni\u0119ciami. S\u0105 trwa\u0142e i odporne na ekstremalne warunki. Pokrowiec wykonany jest ze stali nierdzewnej, co gwarantuje, \u017ce Tw\u00f3j magnes pozostanie magnetyczny w 360\u00b0. Z naszym pokrowcem mo\u017cesz w pe\u0142ni cieszy\u0107 si\u0119 \u0142owieniem bez obaw o uszkodzenia.\n\n(Prosimy jednak pami\u0119ta\u0107, \u017ce pokrowiec nie chroni spodu magnesu)\n\n<h2><b>U\u017cywaj ostro\u017cnie<\/b><\/h2>\n\nNasze magnesy neodymowe s\u0105 <a href=\"https:\/\/magnetarmagnets.com\/strong-fishing-magnets\/\" target=\"_blank\" rel=\"noopener\">najsilniejszymi magnesami do \u0142owienia<\/a> i mog\u0105 gwa\u0142townie przyci\u0105ga\u0107 \u017celazne przedmioty w bliskiej odleg\u0142o\u015bci. W przypadku silnych magnes\u00f3w, takich jak Beast 360\u00b0, palce mog\u0105 zosta\u0107 z\u0142apane mi\u0119dzy magnesem a innym obiektem. Obs\u0142uguj magnesy z ostro\u017cno\u015bci\u0105, u\u017cywasz na w\u0142asne ryzyko, zawsze przestrzegaj ostrze\u017ce\u0144.\n\n* Dzieci musz\u0105 korzysta\u0107 z magnesu pod nadzorem doros\u0142ych.\n\nNie zapomnij te\u017c zajrze\u0107 do naszych <a href=\"https:\/\/magnetarmagnets.com\/collections\/fishing-magnets\/magnet-fishing-kit\/\" target=\"_blank\" rel=\"noopener\">zestaw\u00f3w do \u0142owienia magnesem<\/a> i <a href=\"https:\/\/magnetarmagnets.com\/accessories\/\" target=\"_blank\" rel=\"noopener\">akcesori\u00f3w do \u0142owienia magnesem<\/a>.","protected":false},"excerpt":{"rendered":"<p><span style=\"font-weight: 400;\"><strong>Ekstremalny<\/strong> i <strong>kompletny<\/strong> zestaw na wod\u0119 z <strong>uniwersalnym magnesem do lowienia w wodzie Beast Allround 360\u00b0<\/strong> i akcesoriami, dla <strong;prawdziwego Legendy<\/strong>!<\/span><\/p>\n","protected":false},"featured_media":78900,"comment_status":"open","ping_status":"closed","template":"","meta":{"_acf_changed":false,"inline_featured_image":false},"product_brand":[],"product_cat":[703,698,93,64,706],"product_tag":[],"class_list":{"0":"post-83667","1":"product","2":"type-product","3":"status-publish","4":"has-post-thumbnail","6":"product_cat-allround-magnets-360","7":"product_cat-fishing-magnets","8":"product_cat-advanced","9":"product_cat-all-products","10":"product_cat-magnet-fishing-kit","12":"first","13":"instock","14":"sale","15":"taxable","16":"shipping-taxable","17":"purchasable","18":"product-type-simple"},"acf":[],"yoast_head":"<!-- This site is optimized with the Yoast SEO plugin v27.4 - https:\/\/yoast.com\/product\/yoast-seo-wordpress\/ -->\n<title>Zestaw Legend - 1400 kg - Bestia - Magnes jednostronny Allround 360\u00b0 - Magnet fishing with a Magnetar fishing magnet<\/title>\n<meta name=\"description\" content=\"Zestaw Legend - 3100 lb \/1400 kg Bestia - Magnes Magnetar do lowienia magnesem\" \/>\n<meta name=\"robots\" content=\"index, follow, max-snippet:-1, max-image-preview:large, max-video-preview:-1\" \/>\n<link rel=\"canonical\" href=\"https:\/\/magnetarmagnets.com\/pl\/shop\/zestaw-legend-1400-kg-bestia-magnes-jednostronny-allround-360\/\" \/>\n<meta property=\"og:locale\" content=\"pl_PL\" \/>\n<meta property=\"og:type\" content=\"article\" \/>\n<meta property=\"og:title\" content=\"Zestaw Legend - 1400 kg - Bestia - Magnes jednostronny Allround 360\u00b0 - Magnet fishing with a Magnetar fishing magnet\" \/>\n<meta property=\"og:description\" content=\"Zestaw Legend - 3100 lb \/1400 kg Bestia - Magnes Magnetar do lowienia magnesem\" \/>\n<meta property=\"og:url\" content=\"https:\/\/magnetarmagnets.com\/pl\/shop\/zestaw-legend-1400-kg-bestia-magnes-jednostronny-allround-360\/\" \/>\n<meta property=\"og:site_name\" content=\"Magnet fishing with a Magnetar fishing magnet\" \/>\n<meta property=\"article:publisher\" content=\"https:\/\/www.facebook.com\/fishingmagnets\/\" \/>\n<meta property=\"article:modified_time\" content=\"2026-04-17T22:41:14+00:00\" \/>\n<meta property=\"og:image\" content=\"https:\/\/magnetarmagnets.com\/wp-content\/uploads\/2021\/10\/MAGNETAR-LEGEND-KIT-GOOGLE.jpg\" \/>\n\t<meta property=\"og:image:width\" content=\"1500\" \/>\n\t<meta property=\"og:image:height\" content=\"1500\" \/>\n\t<meta property=\"og:image:type\" content=\"image\/jpeg\" \/>\n<meta name=\"twitter:card\" content=\"summary_large_image\" \/>\n<meta name=\"twitter:label1\" content=\"Szacowany czas czytania\" \/>\n\t<meta name=\"twitter:data1\" content=\"5 minut\" \/>\n<script type=\"application\/ld+json\" class=\"yoast-schema-graph\">{\"@context\":\"https:\\\/\\\/schema.org\",\"@graph\":[{\"@type\":[\"WebPage\",\"ItemPage\"],\"@id\":\"https:\\\/\\\/magnetarmagnets.com\\\/pl\\\/shop\\\/zestaw-legend-1400-kg-bestia-magnes-jednostronny-allround-360\\\/\",\"url\":\"https:\\\/\\\/magnetarmagnets.com\\\/pl\\\/shop\\\/zestaw-legend-1400-kg-bestia-magnes-jednostronny-allround-360\\\/\",\"name\":\"Zestaw Legend - 1400 kg - Bestia - Magnes jednostronny Allround 360\u00b0 - Magnet fishing with a Magnetar fishing magnet\",\"isPartOf\":{\"@id\":\"https:\\\/\\\/magnetarmagnets.com\\\/pl\\\/#website\"},\"primaryImageOfPage\":{\"@id\":\"https:\\\/\\\/magnetarmagnets.com\\\/pl\\\/shop\\\/zestaw-legend-1400-kg-bestia-magnes-jednostronny-allround-360\\\/#primaryimage\"},\"image\":{\"@id\":\"https:\\\/\\\/magnetarmagnets.com\\\/pl\\\/shop\\\/zestaw-legend-1400-kg-bestia-magnes-jednostronny-allround-360\\\/#primaryimage\"},\"thumbnailUrl\":\"https:\\\/\\\/magnetarmagnets.com\\\/wp-content\\\/uploads\\\/2021\\\/10\\\/MAGNETAR-LEGEND-KIT-GOOGLE.jpg\",\"datePublished\":\"2025-06-05T07:54:17+00:00\",\"dateModified\":\"2026-04-17T22:41:14+00:00\",\"description\":\"Zestaw Legend - 3100 lb \\\/1400 kg Bestia - Magnes Magnetar do lowienia magnesem\",\"breadcrumb\":{\"@id\":\"https:\\\/\\\/magnetarmagnets.com\\\/pl\\\/shop\\\/zestaw-legend-1400-kg-bestia-magnes-jednostronny-allround-360\\\/#breadcrumb\"},\"inLanguage\":\"pl-PL\",\"potentialAction\":[{\"@type\":\"ReadAction\",\"target\":[\"https:\\\/\\\/magnetarmagnets.com\\\/pl\\\/shop\\\/zestaw-legend-1400-kg-bestia-magnes-jednostronny-allround-360\\\/\"]}]},{\"@type\":\"ImageObject\",\"inLanguage\":\"pl-PL\",\"@id\":\"https:\\\/\\\/magnetarmagnets.com\\\/pl\\\/shop\\\/zestaw-legend-1400-kg-bestia-magnes-jednostronny-allround-360\\\/#primaryimage\",\"url\":\"https:\\\/\\\/magnetarmagnets.com\\\/wp-content\\\/uploads\\\/2021\\\/10\\\/MAGNETAR-LEGEND-KIT-GOOGLE.jpg\",\"contentUrl\":\"https:\\\/\\\/magnetarmagnets.com\\\/wp-content\\\/uploads\\\/2021\\\/10\\\/MAGNETAR-LEGEND-KIT-GOOGLE.jpg\",\"width\":1500,\"height\":1500,\"caption\":\"MAGNETAR-LEGEND-KIT\"},{\"@type\":\"BreadcrumbList\",\"@id\":\"https:\\\/\\\/magnetarmagnets.com\\\/pl\\\/shop\\\/zestaw-legend-1400-kg-bestia-magnes-jednostronny-allround-360\\\/#breadcrumb\",\"itemListElement\":[{\"@type\":\"ListItem\",\"position\":1,\"name\":\"Home\",\"item\":\"https:\\\/\\\/magnetarmagnets.com\\\/pl\\\/\"},{\"@type\":\"ListItem\",\"position\":2,\"name\":\"Sklep\",\"item\":\"https:\\\/\\\/magnetarmagnets.com\\\/sklep\\\/\"},{\"@type\":\"ListItem\",\"position\":3,\"name\":\"Magnesy do \u0142owienia\",\"item\":\"https:\\\/\\\/magnetarmagnets.com\\\/pl\\\/collections\\\/magnesy-do-lowienia\\\/\"},{\"@type\":\"ListItem\",\"position\":4,\"name\":\"Allround magnesy do \u0142owienia 360\u00b0\",\"item\":\"https:\\\/\\\/magnetarmagnets.com\\\/pl\\\/collections\\\/magnesy-do-lowienia\\\/allround-magnesy-do-lowienia-360\\\/\"},{\"@type\":\"ListItem\",\"position\":5,\"name\":\"Zestaw Legend &#8211; 1400 kg &#8211; Bestia &#8211; Magnes jednostronny Allround 360\u00b0\"}]},{\"@type\":\"WebSite\",\"@id\":\"https:\\\/\\\/magnetarmagnets.com\\\/pl\\\/#website\",\"url\":\"https:\\\/\\\/magnetarmagnets.com\\\/pl\\\/\",\"name\":\"Magnet fishing with a Magnetar fishing magnet\",\"description\":\"Mocne magnesy do po\u0142owu na magnes\",\"publisher\":{\"@id\":\"https:\\\/\\\/magnetarmagnets.com\\\/pl\\\/#organization\"},\"potentialAction\":[{\"@type\":\"SearchAction\",\"target\":{\"@type\":\"EntryPoint\",\"urlTemplate\":\"https:\\\/\\\/magnetarmagnets.com\\\/pl\\\/?s={search_term_string}\"},\"query-input\":{\"@type\":\"PropertyValueSpecification\",\"valueRequired\":true,\"valueName\":\"search_term_string\"}}],\"inLanguage\":\"pl-PL\"},{\"@type\":\"Organization\",\"@id\":\"https:\\\/\\\/magnetarmagnets.com\\\/pl\\\/#organization\",\"name\":\"Magnetar\",\"url\":\"https:\\\/\\\/magnetarmagnets.com\\\/pl\\\/\",\"logo\":{\"@type\":\"ImageObject\",\"inLanguage\":\"pl-PL\",\"@id\":\"https:\\\/\\\/magnetarmagnets.com\\\/pl\\\/#\\\/schema\\\/logo\\\/image\\\/\",\"url\":\"https:\\\/\\\/magnetarmagnets.com\\\/wp-content\\\/uploads\\\/2025\\\/05\\\/Logo-03_PNG-Black-scaled.png\",\"contentUrl\":\"https:\\\/\\\/magnetarmagnets.com\\\/wp-content\\\/uploads\\\/2025\\\/05\\\/Logo-03_PNG-Black-scaled.png\",\"width\":2560,\"height\":1658,\"caption\":\"Magnetar\"},\"image\":{\"@id\":\"https:\\\/\\\/magnetarmagnets.com\\\/pl\\\/#\\\/schema\\\/logo\\\/image\\\/\"},\"sameAs\":[\"https:\\\/\\\/www.facebook.com\\\/fishingmagnets\\\/\",\"https:\\\/\\\/www.instagram.com\\\/magnetar_magnets\\\/\",\"https:\\\/\\\/www.linkedin.com\\\/company\\\/magnetarbv\\\/?originalSubdomain=nl\",\"https:\\\/\\\/www.youtube.com\\\/c\\\/MagnetarVismagneet\"]}]}<\/script>\n<!-- \/ Yoast SEO plugin. -->","yoast_head_json":{"title":"Zestaw Legend - 1400 kg - Bestia - Magnes jednostronny Allround 360\u00b0 - Magnet fishing with a Magnetar fishing magnet","description":"Zestaw Legend - 3100 lb \/1400 kg Bestia - Magnes Magnetar do lowienia magnesem","robots":{"index":"index","follow":"follow","max-snippet":"max-snippet:-1","max-image-preview":"max-image-preview:large","max-video-preview":"max-video-preview:-1"},"canonical":"https:\/\/magnetarmagnets.com\/pl\/shop\/zestaw-legend-1400-kg-bestia-magnes-jednostronny-allround-360\/","og_locale":"pl_PL","og_type":"article","og_title":"Zestaw Legend - 1400 kg - Bestia - Magnes jednostronny Allround 360\u00b0 - Magnet fishing with a Magnetar fishing magnet","og_description":"Zestaw Legend - 3100 lb \/1400 kg Bestia - Magnes Magnetar do lowienia magnesem","og_url":"https:\/\/magnetarmagnets.com\/pl\/shop\/zestaw-legend-1400-kg-bestia-magnes-jednostronny-allround-360\/","og_site_name":"Magnet fishing with a Magnetar fishing magnet","article_publisher":"https:\/\/www.facebook.com\/fishingmagnets\/","article_modified_time":"2026-04-17T22:41:14+00:00","og_image":[{"width":1500,"height":1500,"url":"https:\/\/magnetarmagnets.com\/wp-content\/uploads\/2021\/10\/MAGNETAR-LEGEND-KIT-GOOGLE.jpg","type":"image\/jpeg"}],"twitter_card":"summary_large_image","twitter_misc":{"Szacowany czas czytania":"5 minut"},"schema":{"@context":"https:\/\/schema.org","@graph":[{"@type":["WebPage","ItemPage"],"@id":"https:\/\/magnetarmagnets.com\/pl\/shop\/zestaw-legend-1400-kg-bestia-magnes-jednostronny-allround-360\/","url":"https:\/\/magnetarmagnets.com\/pl\/shop\/zestaw-legend-1400-kg-bestia-magnes-jednostronny-allround-360\/","name":"Zestaw Legend - 1400 kg - Bestia - Magnes jednostronny Allround 360\u00b0 - Magnet fishing with a Magnetar fishing magnet","isPartOf":{"@id":"https:\/\/magnetarmagnets.com\/pl\/#website"},"primaryImageOfPage":{"@id":"https:\/\/magnetarmagnets.com\/pl\/shop\/zestaw-legend-1400-kg-bestia-magnes-jednostronny-allround-360\/#primaryimage"},"image":{"@id":"https:\/\/magnetarmagnets.com\/pl\/shop\/zestaw-legend-1400-kg-bestia-magnes-jednostronny-allround-360\/#primaryimage"},"thumbnailUrl":"https:\/\/magnetarmagnets.com\/wp-content\/uploads\/2021\/10\/MAGNETAR-LEGEND-KIT-GOOGLE.jpg","datePublished":"2025-06-05T07:54:17+00:00","dateModified":"2026-04-17T22:41:14+00:00","description":"Zestaw Legend - 3100 lb \/1400 kg Bestia - Magnes Magnetar do lowienia magnesem","breadcrumb":{"@id":"https:\/\/magnetarmagnets.com\/pl\/shop\/zestaw-legend-1400-kg-bestia-magnes-jednostronny-allround-360\/#breadcrumb"},"inLanguage":"pl-PL","potentialAction":[{"@type":"ReadAction","target":["https:\/\/magnetarmagnets.com\/pl\/shop\/zestaw-legend-1400-kg-bestia-magnes-jednostronny-allround-360\/"]}]},{"@type":"ImageObject","inLanguage":"pl-PL","@id":"https:\/\/magnetarmagnets.com\/pl\/shop\/zestaw-legend-1400-kg-bestia-magnes-jednostronny-allround-360\/#primaryimage","url":"https:\/\/magnetarmagnets.com\/wp-content\/uploads\/2021\/10\/MAGNETAR-LEGEND-KIT-GOOGLE.jpg","contentUrl":"https:\/\/magnetarmagnets.com\/wp-content\/uploads\/2021\/10\/MAGNETAR-LEGEND-KIT-GOOGLE.jpg","width":1500,"height":1500,"caption":"MAGNETAR-LEGEND-KIT"},{"@type":"BreadcrumbList","@id":"https:\/\/magnetarmagnets.com\/pl\/shop\/zestaw-legend-1400-kg-bestia-magnes-jednostronny-allround-360\/#breadcrumb","itemListElement":[{"@type":"ListItem","position":1,"name":"Home","item":"https:\/\/magnetarmagnets.com\/pl\/"},{"@type":"ListItem","position":2,"name":"Sklep","item":"https:\/\/magnetarmagnets.com\/sklep\/"},{"@type":"ListItem","position":3,"name":"Magnesy do \u0142owienia","item":"https:\/\/magnetarmagnets.com\/pl\/collections\/magnesy-do-lowienia\/"},{"@type":"ListItem","position":4,"name":"Allround magnesy do \u0142owienia 360\u00b0","item":"https:\/\/magnetarmagnets.com\/pl\/collections\/magnesy-do-lowienia\/allround-magnesy-do-lowienia-360\/"},{"@type":"ListItem","position":5,"name":"Zestaw Legend &#8211; 1400 kg &#8211; Bestia &#8211; Magnes jednostronny Allround 360\u00b0"}]},{"@type":"WebSite","@id":"https:\/\/magnetarmagnets.com\/pl\/#website","url":"https:\/\/magnetarmagnets.com\/pl\/","name":"Magnet fishing with a Magnetar fishing magnet","description":"Mocne magnesy do po\u0142owu na magnes","publisher":{"@id":"https:\/\/magnetarmagnets.com\/pl\/#organization"},"potentialAction":[{"@type":"SearchAction","target":{"@type":"EntryPoint","urlTemplate":"https:\/\/magnetarmagnets.com\/pl\/?s={search_term_string}"},"query-input":{"@type":"PropertyValueSpecification","valueRequired":true,"valueName":"search_term_string"}}],"inLanguage":"pl-PL"},{"@type":"Organization","@id":"https:\/\/magnetarmagnets.com\/pl\/#organization","name":"Magnetar","url":"https:\/\/magnetarmagnets.com\/pl\/","logo":{"@type":"ImageObject","inLanguage":"pl-PL","@id":"https:\/\/magnetarmagnets.com\/pl\/#\/schema\/logo\/image\/","url":"https:\/\/magnetarmagnets.com\/wp-content\/uploads\/2025\/05\/Logo-03_PNG-Black-scaled.png","contentUrl":"https:\/\/magnetarmagnets.com\/wp-content\/uploads\/2025\/05\/Logo-03_PNG-Black-scaled.png","width":2560,"height":1658,"caption":"Magnetar"},"image":{"@id":"https:\/\/magnetarmagnets.com\/pl\/#\/schema\/logo\/image\/"},"sameAs":["https:\/\/www.facebook.com\/fishingmagnets\/","https:\/\/www.instagram.com\/magnetar_magnets\/","https:\/\/www.linkedin.com\/company\/magnetarbv\/?originalSubdomain=nl","https:\/\/www.youtube.com\/c\/MagnetarVismagneet"]}]}},"_links":{"self":[{"href":"https:\/\/magnetarmagnets.com\/pl\/wp-json\/wp\/v2\/product\/83667","targetHints":{"allow":["GET"]}}],"collection":[{"href":"https:\/\/magnetarmagnets.com\/pl\/wp-json\/wp\/v2\/product"}],"about":[{"href":"https:\/\/magnetarmagnets.com\/pl\/wp-json\/wp\/v2\/types\/product"}],"replies":[{"embeddable":true,"href":"https:\/\/magnetarmagnets.com\/pl\/wp-json\/wp\/v2\/comments?post=83667"}],"version-history":[{"count":0,"href":"https:\/\/magnetarmagnets.com\/pl\/wp-json\/wp\/v2\/product\/83667\/revisions"}],"wp:featuredmedia":[{"embeddable":true,"href":"https:\/\/magnetarmagnets.com\/pl\/wp-json\/wp\/v2\/media\/78900"}],"wp:attachment":[{"href":"https:\/\/magnetarmagnets.com\/pl\/wp-json\/wp\/v2\/media?parent=83667"}],"wp:term":[{"taxonomy":"product_brand","embeddable":true,"href":"https:\/\/magnetarmagnets.com\/pl\/wp-json\/wp\/v2\/product_brand?post=83667"},{"taxonomy":"product_cat","embeddable":true,"href":"https:\/\/magnetarmagnets.com\/pl\/wp-json\/wp\/v2\/product_cat?post=83667"},{"taxonomy":"product_tag","embeddable":true,"href":"https:\/\/magnetarmagnets.com\/pl\/wp-json\/wp\/v2\/product_tag?post=83667"}],"curies":[{"name":"wp","href":"https:\/\/api.w.org\/{rel}","templated":true}]}}