{"id":83665,"date":"2025-06-05T09:54:38","date_gmt":"2025-06-05T07:54:38","guid":{"rendered":"https:\/\/magnetarmagnets.com\/?post_type=product&#038;p=83665"},"modified":"2026-04-15T03:18:03","modified_gmt":"2026-04-15T01:18:03","slug":"pro-pakiet-600-kg-hardcore-allround-360","status":"publish","type":"product","link":"https:\/\/magnetarmagnets.com\/pl\/shop\/pro-pakiet-600-kg-hardcore-allround-360\/","title":{"rendered":"Pro pakiet &#8211; 600 kg &#8211; Hardcore &#8211; Allround 360\u00b0"},"content":{"rendered":"<b>Czy jeste\u015b profesjonalnym w\u0119dkarzem magnetycznym?<\/b> A mo\u017ce chcesz nim zosta\u0107? Nasz Pro pakiet to w\u0142a\u015bciwy wyb\u00f3r i zawiera wszystko, czego potrzebujesz, aby zacz\u0105\u0107 (oraz skorzysta\u0107 z oszcz\u0119dno\u015bci przy zakupie zestawu!). W pakiecie znajduje si\u0119 nasz bestseller, magnes Hardcore allround 360\u00b0. Zestaw zawiera r\u00f3wnie\u017c mocn\u0105 lin\u0119 o \u015brednicy 8 mm z karabi\u0144czykiem, par\u0119 wodoodpornych r\u0119kawic, ochronn\u0105 os\u0142on\u0119 Hardcore, klej oraz bardzo du\u017cy hak ze stali nierdzewnej do \u0142owienia magnesem. Chcesz si\u0119 rozwija\u0107? Sprawd\u017a nasz <a href=\"https:\/\/magnetarmagnets.com\/shop\/expert-package\/\" target=\"_blank\" rel=\"noopener\">Expert Package!<\/a>\n\n<h2><b>Neodymowy magnes w\u0119dkarski Hardcore<\/b><\/h2>\n\n<span style=\"font-weight: 400;\">Nasz allround 360\u00b0 magnes neodymowy ma ogromn\u0105 si\u0142\u0119 przyci\u0105gania magnetycznego! To jeden z najsilniejszych i jednocze\u015bnie najbardziej konkurencyjnych cenowo magnes\u00f3w do \u0142owienia magnesem dost\u0119pnych na rynku. <\/span><b>O sile przyci\u0105gania do 14 cm wok\u00f3\u0142 magnesu<\/b><span style=\"font-weight: 400;\">, co daje du\u017c\u0105 szans\u0119 na z\u0142owienie wi\u0119kszych i lepszych skarb\u00f3w. Wielu magnetycznych w\u0119dkarzy chwali magnes allround hardcore za skuteczne wyniki po\u0142ow\u00f3w \u2013 zobacz, co profesjonali\u015bci m\u00f3wi\u0105 na <\/span><a href=\"https:\/\/www.youtube.com\/watch?v=1izvqgYbtd8\" target=\"_blank\" rel=\"noopener\"><span style=\"font-weight: 400;\">YouTube<\/span><\/a><span style=\"font-weight: 400;\">! Allround Hardcore magnes do lowienia magnesem doskonale nadaje si\u0119 dla tych, kt\u00f3rzy chc\u0105 ulepszy\u0107 sw\u00f3j <a href=\"https:\/\/magnetarmagnets.com\/collections\/fishing-magnets\/single-sided-classic\/\" target=\"_blank\" rel=\"noopener\">magnes jednostronny<\/a> lub <a href=\"https:\/\/magnetarmagnets.com\/double-sided-fishing-magnet\/\" target=\"_blank\" rel=\"noopener\">magnes dwustronny<\/a> o jeszcze wi\u0119ksz\u0105 si\u0142\u0119 ci\u0105gu.<\/span>\n\n<h2><b>Jeste\u015b gotowy na Hardcore?<\/b><\/h2>\n\n<span style=\"font-weight: 400;\">Zosta\u0144 hardcore&#8217;owym w\u0119dkarzem magnetycznym! Nazwa magnesu m\u00f3wi sama za siebie \u2013 jest bardzo silny! Magnes do lowienia magnesem Hardcore przyci\u0105ga obiekty z ka\u017cdej strony, nawet przez mu\u0142 i nie zaczepia si\u0119 \u0142atwo o kamienie. Nie jest zbyt ci\u0119\u017cki ani zbyt lekki, mo\u017cesz rzuca\u0107 tym magnesem godzinami bez \u017cadnych problem\u00f3w.<\/span>\n\n\n\n<span style=\"font-weight: 400;\">Hardcore magnet sta\u0142 si\u0119 jednym z naszych najlepiej sprzedaj\u0105cych si\u0119 i najpopularniejszych w\u015br\u00f3d zaawansowanych w\u0119dkarzy magnetycznych. Magnes jest wykonany w 100% z czystego neodymu \u2013 najsilniejszego trwa\u0142ego magnesu zdolnego podnosi\u0107 wi\u0119cej ni\u017c inne materia\u0142y magnetyczne tej samej wielko\u015bci. To zwi\u0119ksza og\u00f3lne przyci\u0105ganie z ka\u017cdej strony i zakres przedmiot\u00f3w, kt\u00f3re mo\u017cesz znale\u017a\u0107.<\/span>\n\n<h2><b>Ewolucja magnes\u00f3w<\/b><\/h2>\n\nWiele <a href=\"https:\/\/magnetarmagnets.com\/\" target=\"_blank\" rel=\"noopener\">magnes\u00f3w do \u0142owienia<\/a> ma si\u0142\u0119 przyci\u0105gania tylko po jednej stronie. Ten jednostronny magnes to klasyczny magnes w\u0119dkarski. Firma Magnetar by\u0142a pierwsz\u0105, kt\u00f3ra przekszta\u0142ci\u0142a ten klasyczny magnes w <a href=\"https:\/\/magnetarmagnets.com\/double-sided-fishing-magnet\/\" target=\"_blank\" rel=\"noopener\">magnes dwustronny<\/a>. W 2016 roku Magnetar opracowa\u0142 magnes do \u0142owienia w wodzie allround z si\u0142\u0105 przyci\u0105gania 360\u00b0. W\u0119dkarze magnetyczni w ca\u0142ej UE od tego czasu wybieraj\u0105 nasze magnesy 100% neodymowe, dzi\u0119ki czemu jeste\u015bmy liderem na rynku europejskim. Nasze magnesy wykonane s\u0105 z najwy\u017csz\u0105 staranno\u015bci\u0105 przez ma\u0142y zesp\u00f3\u0142 zapale\u0144c\u00f3w \u0142owienia magnesem. Nasi klienci wracaj\u0105, wiedz\u0105c, \u017ce z Magnetar dostaj\u0105 co\u015b wi\u0119cej ni\u017c magnes \u2013 \u0142api\u0105 skarby.\n\n<h2><strong>Pot\u0119\u017cna si\u0142a ci\u0105gu 360\u00b0<\/strong><\/h2>\n\n<span style=\"font-weight: 400;\">Magnes Hardcore to jeden z najsilniejszych magnes\u00f3w w naszej ofercie. Si\u0142a ci\u0105gu magnesu jednostronnego nie mo\u017ce r\u00f3wna\u0107 si\u0119 z czystym neodymowym magnesem 360\u00b0 jak magnes Hardcore. Wynika to z faktu, \u017ce stalowa obudowa magnesu jednostronnego wp\u0142ywa na si\u0142\u0119 ci\u0105gu oraz kieruje j\u0105 w jedn\u0105 stron\u0119. Pozwala to magnesom jednostronnym uzyskiwa\u0107 du\u017c\u0105 si\u0142\u0119 ci\u0105gu na p\u0142askich metalowych p\u0142ytach z jednej strony, natomiast nasz ekskluzywny magnes Allround 360\u00b0 przyci\u0105ga obiekty \u201eze wszystkich stron\u201d, gdy\u017c si\u0142a magnetycznego przyci\u0105gania obejmuje ca\u0142e otoczenie. Ciekawi Ci\u0119 pomiar si\u0142y ci\u0105gu? <\/span><a href=\"https:\/\/www.youtube.com\/watch?v=2McW3RURDxs\" target=\"_blank\" rel=\"noopener\"><span style=\"font-weight: 400;\">Obejrzyj nasz film o pomiarach si\u0142y ci\u0105gu<\/span><\/a><span style=\"font-weight: 400\">.<\/span>","protected":false},"excerpt":{"rendered":"<p><span style=\"font-weight: 400;\">Zacznij ca\u0142kowicie z <strong>rabatem na zestaw<\/strong> i <strong>oryginalnym magnesem w\u0119dkarskim Hardcore 360\u00b0<\/strong>.<\/span><\/p>\n","protected":false},"featured_media":80420,"comment_status":"open","ping_status":"closed","template":"","meta":{"_acf_changed":false,"inline_featured_image":false},"product_brand":[],"product_cat":[586,581,593,1007,594,587],"product_tag":[],"class_list":{"0":"post-83665","1":"product","2":"type-product","3":"status-publish","4":"has-post-thumbnail","6":"product_cat-allround-magnesy-do-lowienia-360","7":"product_cat-magnesy-do-lowienia","8":"product_cat-poczatkujacy-i-dzieci","9":"product_cat-wszystkie-produkty","10":"product_cat-zaawansowani-poszukiwacze-przygod","11":"product_cat-zestaw-do-lowienia-magnesem","13":"first","14":"instock","15":"sale","16":"taxable","17":"shipping-taxable","18":"purchasable","19":"product-type-simple"},"acf":[],"yoast_head":"<!-- This site is optimized with the Yoast SEO plugin v27.4 - https:\/\/yoast.com\/product\/yoast-seo-wordpress\/ -->\n<title>Pro pakiet - 600 kg - Hardcore - Allround 360\u00b0 - Magnet fishing with a Magnetar fishing magnet<\/title>\n<meta name=\"description\" content=\"Pro pakiet - 600 kg Hardcore - Magnetar\" \/>\n<meta name=\"robots\" content=\"index, follow, max-snippet:-1, max-image-preview:large, max-video-preview:-1\" \/>\n<link rel=\"canonical\" href=\"https:\/\/magnetarmagnets.com\/pl\/shop\/pro-pakiet-600-kg-hardcore-allround-360\/\" \/>\n<meta property=\"og:locale\" content=\"pl_PL\" \/>\n<meta property=\"og:type\" content=\"article\" \/>\n<meta property=\"og:title\" content=\"Pro pakiet - 600 kg - Hardcore - Allround 360\u00b0 - Magnet fishing with a Magnetar fishing magnet\" \/>\n<meta property=\"og:description\" content=\"Pro pakiet - 600 kg Hardcore - Magnetar\" \/>\n<meta property=\"og:url\" content=\"https:\/\/magnetarmagnets.com\/pl\/shop\/pro-pakiet-600-kg-hardcore-allround-360\/\" \/>\n<meta property=\"og:site_name\" content=\"Magnet fishing with a Magnetar fishing magnet\" \/>\n<meta property=\"article:publisher\" content=\"https:\/\/www.facebook.com\/fishingmagnets\/\" \/>\n<meta property=\"article:modified_time\" content=\"2026-04-15T01:18:03+00:00\" \/>\n<meta property=\"og:image\" content=\"https:\/\/magnetarmagnets.com\/wp-content\/uploads\/2019\/11\/pro-pakket.jpg\" \/>\n\t<meta property=\"og:image:width\" content=\"1500\" \/>\n\t<meta property=\"og:image:height\" content=\"1500\" \/>\n\t<meta property=\"og:image:type\" content=\"image\/jpeg\" \/>\n<meta name=\"twitter:card\" content=\"summary_large_image\" \/>\n<meta name=\"twitter:label1\" content=\"Szacowany czas czytania\" \/>\n\t<meta name=\"twitter:data1\" content=\"5 minut\" \/>\n<script type=\"application\/ld+json\" class=\"yoast-schema-graph\">{\"@context\":\"https:\\\/\\\/schema.org\",\"@graph\":[{\"@type\":[\"WebPage\",\"ItemPage\"],\"@id\":\"https:\\\/\\\/magnetarmagnets.com\\\/pl\\\/shop\\\/pro-pakiet-600-kg-hardcore-allround-360\\\/\",\"url\":\"https:\\\/\\\/magnetarmagnets.com\\\/pl\\\/shop\\\/pro-pakiet-600-kg-hardcore-allround-360\\\/\",\"name\":\"Pro pakiet - 600 kg - Hardcore - Allround 360\u00b0 - Magnet fishing with a Magnetar fishing magnet\",\"isPartOf\":{\"@id\":\"https:\\\/\\\/magnetarmagnets.com\\\/pl\\\/#website\"},\"primaryImageOfPage\":{\"@id\":\"https:\\\/\\\/magnetarmagnets.com\\\/pl\\\/shop\\\/pro-pakiet-600-kg-hardcore-allround-360\\\/#primaryimage\"},\"image\":{\"@id\":\"https:\\\/\\\/magnetarmagnets.com\\\/pl\\\/shop\\\/pro-pakiet-600-kg-hardcore-allround-360\\\/#primaryimage\"},\"thumbnailUrl\":\"https:\\\/\\\/magnetarmagnets.com\\\/wp-content\\\/uploads\\\/2019\\\/11\\\/pro-pakket.jpg\",\"datePublished\":\"2025-06-05T07:54:38+00:00\",\"dateModified\":\"2026-04-15T01:18:03+00:00\",\"description\":\"Pro pakiet - 600 kg Hardcore - Magnetar\",\"breadcrumb\":{\"@id\":\"https:\\\/\\\/magnetarmagnets.com\\\/pl\\\/shop\\\/pro-pakiet-600-kg-hardcore-allround-360\\\/#breadcrumb\"},\"inLanguage\":\"pl-PL\",\"potentialAction\":[{\"@type\":\"ReadAction\",\"target\":[\"https:\\\/\\\/magnetarmagnets.com\\\/pl\\\/shop\\\/pro-pakiet-600-kg-hardcore-allround-360\\\/\"]}]},{\"@type\":\"ImageObject\",\"inLanguage\":\"pl-PL\",\"@id\":\"https:\\\/\\\/magnetarmagnets.com\\\/pl\\\/shop\\\/pro-pakiet-600-kg-hardcore-allround-360\\\/#primaryimage\",\"url\":\"https:\\\/\\\/magnetarmagnets.com\\\/wp-content\\\/uploads\\\/2019\\\/11\\\/pro-pakket.jpg\",\"contentUrl\":\"https:\\\/\\\/magnetarmagnets.com\\\/wp-content\\\/uploads\\\/2019\\\/11\\\/pro-pakket.jpg\",\"width\":1500,\"height\":1500,\"caption\":\"Pro Package for magnet fishing\"},{\"@type\":\"BreadcrumbList\",\"@id\":\"https:\\\/\\\/magnetarmagnets.com\\\/pl\\\/shop\\\/pro-pakiet-600-kg-hardcore-allround-360\\\/#breadcrumb\",\"itemListElement\":[{\"@type\":\"ListItem\",\"position\":1,\"name\":\"Home\",\"item\":\"https:\\\/\\\/magnetarmagnets.com\\\/pl\\\/\"},{\"@type\":\"ListItem\",\"position\":2,\"name\":\"Sklep\",\"item\":\"https:\\\/\\\/magnetarmagnets.com\\\/sklep\\\/\"},{\"@type\":\"ListItem\",\"position\":3,\"name\":\"Wszystkie produkty\",\"item\":\"https:\\\/\\\/magnetarmagnets.com\\\/pl\\\/collections\\\/wszystkie-produkty\\\/\"},{\"@type\":\"ListItem\",\"position\":4,\"name\":\"Pro pakiet &#8211; 600 kg &#8211; Hardcore &#8211; Allround 360\u00b0\"}]},{\"@type\":\"WebSite\",\"@id\":\"https:\\\/\\\/magnetarmagnets.com\\\/pl\\\/#website\",\"url\":\"https:\\\/\\\/magnetarmagnets.com\\\/pl\\\/\",\"name\":\"Magnet fishing with a Magnetar fishing magnet\",\"description\":\"Mocne magnesy do po\u0142owu na magnes\",\"publisher\":{\"@id\":\"https:\\\/\\\/magnetarmagnets.com\\\/pl\\\/#organization\"},\"potentialAction\":[{\"@type\":\"SearchAction\",\"target\":{\"@type\":\"EntryPoint\",\"urlTemplate\":\"https:\\\/\\\/magnetarmagnets.com\\\/pl\\\/?s={search_term_string}\"},\"query-input\":{\"@type\":\"PropertyValueSpecification\",\"valueRequired\":true,\"valueName\":\"search_term_string\"}}],\"inLanguage\":\"pl-PL\"},{\"@type\":\"Organization\",\"@id\":\"https:\\\/\\\/magnetarmagnets.com\\\/pl\\\/#organization\",\"name\":\"Magnetar\",\"url\":\"https:\\\/\\\/magnetarmagnets.com\\\/pl\\\/\",\"logo\":{\"@type\":\"ImageObject\",\"inLanguage\":\"pl-PL\",\"@id\":\"https:\\\/\\\/magnetarmagnets.com\\\/pl\\\/#\\\/schema\\\/logo\\\/image\\\/\",\"url\":\"https:\\\/\\\/magnetarmagnets.com\\\/wp-content\\\/uploads\\\/2025\\\/05\\\/Logo-03_PNG-Black-scaled.png\",\"contentUrl\":\"https:\\\/\\\/magnetarmagnets.com\\\/wp-content\\\/uploads\\\/2025\\\/05\\\/Logo-03_PNG-Black-scaled.png\",\"width\":2560,\"height\":1658,\"caption\":\"Magnetar\"},\"image\":{\"@id\":\"https:\\\/\\\/magnetarmagnets.com\\\/pl\\\/#\\\/schema\\\/logo\\\/image\\\/\"},\"sameAs\":[\"https:\\\/\\\/www.facebook.com\\\/fishingmagnets\\\/\",\"https:\\\/\\\/www.instagram.com\\\/magnetar_magnets\\\/\",\"https:\\\/\\\/www.linkedin.com\\\/company\\\/magnetarbv\\\/?originalSubdomain=nl\",\"https:\\\/\\\/www.youtube.com\\\/c\\\/MagnetarVismagneet\"]}]}<\/script>\n<!-- \/ Yoast SEO plugin. -->","yoast_head_json":{"title":"Pro pakiet - 600 kg - Hardcore - Allround 360\u00b0 - Magnet fishing with a Magnetar fishing magnet","description":"Pro pakiet - 600 kg Hardcore - Magnetar","robots":{"index":"index","follow":"follow","max-snippet":"max-snippet:-1","max-image-preview":"max-image-preview:large","max-video-preview":"max-video-preview:-1"},"canonical":"https:\/\/magnetarmagnets.com\/pl\/shop\/pro-pakiet-600-kg-hardcore-allround-360\/","og_locale":"pl_PL","og_type":"article","og_title":"Pro pakiet - 600 kg - Hardcore - Allround 360\u00b0 - Magnet fishing with a Magnetar fishing magnet","og_description":"Pro pakiet - 600 kg Hardcore - Magnetar","og_url":"https:\/\/magnetarmagnets.com\/pl\/shop\/pro-pakiet-600-kg-hardcore-allround-360\/","og_site_name":"Magnet fishing with a Magnetar fishing magnet","article_publisher":"https:\/\/www.facebook.com\/fishingmagnets\/","article_modified_time":"2026-04-15T01:18:03+00:00","og_image":[{"width":1500,"height":1500,"url":"https:\/\/magnetarmagnets.com\/wp-content\/uploads\/2019\/11\/pro-pakket.jpg","type":"image\/jpeg"}],"twitter_card":"summary_large_image","twitter_misc":{"Szacowany czas czytania":"5 minut"},"schema":{"@context":"https:\/\/schema.org","@graph":[{"@type":["WebPage","ItemPage"],"@id":"https:\/\/magnetarmagnets.com\/pl\/shop\/pro-pakiet-600-kg-hardcore-allround-360\/","url":"https:\/\/magnetarmagnets.com\/pl\/shop\/pro-pakiet-600-kg-hardcore-allround-360\/","name":"Pro pakiet - 600 kg - Hardcore - Allround 360\u00b0 - Magnet fishing with a Magnetar fishing magnet","isPartOf":{"@id":"https:\/\/magnetarmagnets.com\/pl\/#website"},"primaryImageOfPage":{"@id":"https:\/\/magnetarmagnets.com\/pl\/shop\/pro-pakiet-600-kg-hardcore-allround-360\/#primaryimage"},"image":{"@id":"https:\/\/magnetarmagnets.com\/pl\/shop\/pro-pakiet-600-kg-hardcore-allround-360\/#primaryimage"},"thumbnailUrl":"https:\/\/magnetarmagnets.com\/wp-content\/uploads\/2019\/11\/pro-pakket.jpg","datePublished":"2025-06-05T07:54:38+00:00","dateModified":"2026-04-15T01:18:03+00:00","description":"Pro pakiet - 600 kg Hardcore - Magnetar","breadcrumb":{"@id":"https:\/\/magnetarmagnets.com\/pl\/shop\/pro-pakiet-600-kg-hardcore-allround-360\/#breadcrumb"},"inLanguage":"pl-PL","potentialAction":[{"@type":"ReadAction","target":["https:\/\/magnetarmagnets.com\/pl\/shop\/pro-pakiet-600-kg-hardcore-allround-360\/"]}]},{"@type":"ImageObject","inLanguage":"pl-PL","@id":"https:\/\/magnetarmagnets.com\/pl\/shop\/pro-pakiet-600-kg-hardcore-allround-360\/#primaryimage","url":"https:\/\/magnetarmagnets.com\/wp-content\/uploads\/2019\/11\/pro-pakket.jpg","contentUrl":"https:\/\/magnetarmagnets.com\/wp-content\/uploads\/2019\/11\/pro-pakket.jpg","width":1500,"height":1500,"caption":"Pro Package for magnet fishing"},{"@type":"BreadcrumbList","@id":"https:\/\/magnetarmagnets.com\/pl\/shop\/pro-pakiet-600-kg-hardcore-allround-360\/#breadcrumb","itemListElement":[{"@type":"ListItem","position":1,"name":"Home","item":"https:\/\/magnetarmagnets.com\/pl\/"},{"@type":"ListItem","position":2,"name":"Sklep","item":"https:\/\/magnetarmagnets.com\/sklep\/"},{"@type":"ListItem","position":3,"name":"Wszystkie produkty","item":"https:\/\/magnetarmagnets.com\/pl\/collections\/wszystkie-produkty\/"},{"@type":"ListItem","position":4,"name":"Pro pakiet &#8211; 600 kg &#8211; Hardcore &#8211; Allround 360\u00b0"}]},{"@type":"WebSite","@id":"https:\/\/magnetarmagnets.com\/pl\/#website","url":"https:\/\/magnetarmagnets.com\/pl\/","name":"Magnet fishing with a Magnetar fishing magnet","description":"Mocne magnesy do po\u0142owu na magnes","publisher":{"@id":"https:\/\/magnetarmagnets.com\/pl\/#organization"},"potentialAction":[{"@type":"SearchAction","target":{"@type":"EntryPoint","urlTemplate":"https:\/\/magnetarmagnets.com\/pl\/?s={search_term_string}"},"query-input":{"@type":"PropertyValueSpecification","valueRequired":true,"valueName":"search_term_string"}}],"inLanguage":"pl-PL"},{"@type":"Organization","@id":"https:\/\/magnetarmagnets.com\/pl\/#organization","name":"Magnetar","url":"https:\/\/magnetarmagnets.com\/pl\/","logo":{"@type":"ImageObject","inLanguage":"pl-PL","@id":"https:\/\/magnetarmagnets.com\/pl\/#\/schema\/logo\/image\/","url":"https:\/\/magnetarmagnets.com\/wp-content\/uploads\/2025\/05\/Logo-03_PNG-Black-scaled.png","contentUrl":"https:\/\/magnetarmagnets.com\/wp-content\/uploads\/2025\/05\/Logo-03_PNG-Black-scaled.png","width":2560,"height":1658,"caption":"Magnetar"},"image":{"@id":"https:\/\/magnetarmagnets.com\/pl\/#\/schema\/logo\/image\/"},"sameAs":["https:\/\/www.facebook.com\/fishingmagnets\/","https:\/\/www.instagram.com\/magnetar_magnets\/","https:\/\/www.linkedin.com\/company\/magnetarbv\/?originalSubdomain=nl","https:\/\/www.youtube.com\/c\/MagnetarVismagneet"]}]}},"_links":{"self":[{"href":"https:\/\/magnetarmagnets.com\/pl\/wp-json\/wp\/v2\/product\/83665","targetHints":{"allow":["GET"]}}],"collection":[{"href":"https:\/\/magnetarmagnets.com\/pl\/wp-json\/wp\/v2\/product"}],"about":[{"href":"https:\/\/magnetarmagnets.com\/pl\/wp-json\/wp\/v2\/types\/product"}],"replies":[{"embeddable":true,"href":"https:\/\/magnetarmagnets.com\/pl\/wp-json\/wp\/v2\/comments?post=83665"}],"version-history":[{"count":0,"href":"https:\/\/magnetarmagnets.com\/pl\/wp-json\/wp\/v2\/product\/83665\/revisions"}],"wp:featuredmedia":[{"embeddable":true,"href":"https:\/\/magnetarmagnets.com\/pl\/wp-json\/wp\/v2\/media\/80420"}],"wp:attachment":[{"href":"https:\/\/magnetarmagnets.com\/pl\/wp-json\/wp\/v2\/media?parent=83665"}],"wp:term":[{"taxonomy":"product_brand","embeddable":true,"href":"https:\/\/magnetarmagnets.com\/pl\/wp-json\/wp\/v2\/product_brand?post=83665"},{"taxonomy":"product_cat","embeddable":true,"href":"https:\/\/magnetarmagnets.com\/pl\/wp-json\/wp\/v2\/product_cat?post=83665"},{"taxonomy":"product_tag","embeddable":true,"href":"https:\/\/magnetarmagnets.com\/pl\/wp-json\/wp\/v2\/product_tag?post=83665"}],"curies":[{"name":"wp","href":"https:\/\/api.w.org\/{rel}","templated":true}]}}