{"id":83664,"date":"2025-06-05T09:54:38","date_gmt":"2025-06-05T07:54:38","guid":{"rendered":"https:\/\/magnetarmagnets.com\/?post_type=product&#038;p=83664"},"modified":"2026-04-18T00:40:15","modified_gmt":"2026-04-17T22:40:15","slug":"pakiet-ekspert-1000-kg-terror-magneticzny-magnes-allround-360","status":"publish","type":"product","link":"https:\/\/magnetarmagnets.com\/pl\/shop\/pakiet-ekspert-1000-kg-terror-magneticzny-magnes-allround-360\/","title":{"rendered":"Pakiet ekspert &#8211; 1000 kg &#8211; Terror &#8211; Magneticzny magnes allround 360\u00b0"},"content":{"rendered":"Jeste\u015b zaawansowanym \u0142owc\u0105 skarb\u00f3w z magnesem? A mo\u017ce szukasz idealnego zestawu na start? Pakiet ekspert to doskona\u0142y wyb\u00f3r. Zawiera nasz magnes Terror allround 360\u00b0. W zestawie znajduje si\u0119 r\u00f3wnie\u017c mocna lina o \u015brednicy 8 mm z karabi\u0144czykiem, para wodoodpornych r\u0119kawic, pokrowiec ochronny Terror, klej oraz du\u017cy hak ze stali nierdzewnej. Chcesz co\u015b naprawd\u0119 pot\u0119\u017cnego? Z tym zestawem jeste\u015b w pe\u0142ni przygotowany do \u0142owienia magnesem! Chcesz przej\u015b\u0107 na wy\u017cszy poziom? Sprawd\u017a nasz <a href=\"https:\/\/magnetarmagnets.com\/shop\/legend-package\/\" target=\"_blank\" rel=\"noopener\">Pakiet Legend!<\/a>\n\n<h2><b>Magnes do \u0142owienia z neodymu Terror<\/b><\/h2>\n\nMagnes Terror zosta\u0142 opracowany po sukcesie naszego magnesu Hardcore. Oferuje jeszcze wi\u0119cej mo\u017cliwo\u015bci po\u0142owu dzi\u0119ki bardzo silnej sile przyci\u0105gania do 1000 kg (2200 lbs). To znacznie zwi\u0119ksza szanse na znalezienie wi\u0119kszych i cenniejszych skarb\u00f3w. Magnes jest r\u00f3wnie\u017c ci\u0119\u017cszy, co pozwala mu zanurzy\u0107 si\u0119 g\u0142\u0119biej w mule i si\u0119ga\u0107 ukrytych, zatopionych przedmiot\u00f3w. Jak wszystkie nasze magnesy, Terror to w 100% neodymowy magnes do \u0142owienia z pot\u0119\u017cn\u0105 si\u0142\u0105 przyci\u0105gania z ka\u017cdej strony.\n\n<h2><b>Czy jeste\u015b gotowy na Terror?<\/b><\/h2>\n\nNazwa m\u00f3wi sama za siebie: magnes jest bardzo silny! Magnes Terror przyci\u0105ga przedmioty z ka\u017cdej strony, przez mu\u0142 i nie zaczepia si\u0119 \u0142atwo o kamienie. Jest wystarczaj\u0105co ci\u0119\u017cki, by zanurzy\u0107 si\u0119 w mule lub osadzie, a zarazem lekki, aby mo\u017cna go by\u0142o d\u0142ugo rzuca\u0107 do wody bez zm\u0119czenia. W \u015bredniej kategorii wagowej jest rzutki i si\u0119ga dna mulistych kana\u0142\u00f3w i rzek mimo nurtu wody.\n\n\n\nTerror jest dla do\u015bwiadczonych magnesiarzy, kt\u00f3rzy chc\u0105 uzyska\u0107 zwrot z inwestycji. Jest idealny do odzyskiwania lekkich i ci\u0119\u017ckich skarb\u00f3w, takich jak sejfy, wi\u0119ksza bro\u0144, cz\u0119\u015bci samochodowe, skutery, rowery elektryczne.\n\n<h2><b>Rozw\u00f3j magnes\u00f3w<\/b><\/h2>\n\nWiele <a href=\"https:\/\/magnetarmagnets.com\/\" target=\"_blank\" rel=\"noopener\">magnes\u00f3w do \u0142owienia<\/a> ma si\u0142\u0119 przyci\u0105gania tylko po jednej stronie. Ten podstawowy magnes jednocz\u0119\u015bciowy to klasyka. Magnetar jako pierwszy przekszta\u0142ci\u0142 ten klasyczny model w magnes dwustronny. W 2016 roku Magnetar opracowa\u0142 magnes allround z magnetyczn\u0105 si\u0142\u0105 360\u00b0. Magnesiarze w ca\u0142ej UE doceniaj\u0105 nasze w 100% neodymowe magnesy, dzi\u0119ki czemu jeste\u015bmy liderem rynku w Europie. Nasze magnesy powstaj\u0105 z najwy\u017cszej jako\u015bci surowc\u00f3w i s\u0105 projektowane przez zesp\u00f3\u0142 pasjonat\u00f3w.\n\n<h2><b>Mocna si\u0142a przyci\u0105gania 360\u00b0<\/b><\/h2>\n\nMagnes Terror jest jednym z najsilniejszych magnes\u00f3w w naszej ofercie z si\u0142\u0105 ci\u0105gu do 1000 kg. Si\u0142a przyci\u0105gania dzia\u0142aj\u0105ca r\u00f3wnomiernie we wszystkich kierunkach przyci\u0105ga przedmioty z ca\u0142ego otoczenia, w przeciwie\u0144stwie do zwyk\u0142ego magnesu jednokierunkowego otoczonego stalow\u0105 obudow\u0105. Chcesz zobaczy\u0107, jak mierzymy si\u0142\u0119 przyci\u0105gania? <a href=\"https:\/\/www.youtube.com\/watch?v=2McW3RURDxs\" target=\"_blank\" rel=\"noopener\">Obejrzyj nasz film o pomiarach si\u0142y przyci\u0105gania<\/a>.\n\n<h2><b>Wysoka jako\u015b\u0107<\/b><\/h2>\n\nNasze magnesy do \u0142owienia wykonane s\u0105 w 100% z neodymu. Magnetar utrzymuje moc magnesu nawet przez dziesi\u0119ciolecia, trac\u0105c zaledwie 1% si\u0142y co 100 lat przy odpowiednim przechowywaniu i piel\u0119gnacji.\n\n\n\nWi\u0119kszo\u015b\u0107 innych dostawc\u00f3w ju\u017c po kilku tygodniach pokazuje spadek si\u0142y przyci\u0105gania. Obserwujemy coraz wi\u0119cej niskiej jako\u015bci magnes\u00f3w na rynku: wi\u0119kszych, ale o mniejszej mocy, niskiej jako\u015bci neodymu i fa\u0142szywych reklam. Kupuj\u0105c tanio magnes od wielkiej firmy, mo\u017cesz si\u0119 zawie\u015b\u0107 na jako\u015b\u0107.\n\n\n\nMagnetar to ma\u0142a firma rodzinna, kt\u00f3ra stawia na jako\u015b\u0107. Jeste\u015bmy pasjonatami \u0142owienia magnesem i wszystkie nasze magnesy s\u0105 projektowane i produkowane przez nasz zesp\u00f3\u0142, by zapewni\u0107 Ci najlepsz\u0105 warto\u015b\u0107. Je\u015bli szukasz skutecznego, mocnego magnesu do \u0142owienia, jeste\u015b we w\u0142a\u015bciwym miejscu. Ch\u0119tnie odpowiemy na Twoje pytania, <a href=\"mailto:info@magnetarmagnets.com\">skontaktuj si\u0119 z nami<\/a>.\n\n<h2><b>Pokrowiec ochronny<\/b><\/h2>\n\nPokrowiec ochronny w zestawie to idealny dodatek dla magnesiarzy chc\u0105cych chroni\u0107 swoje neodymowe magnesy podczas pracy. Wytrzyma\u0142e pokrowce zosta\u0142y zaprojektowane tak, aby idealnie pasowa\u0107 na magnes i stanowi\u0107 dodatkow\u0105 warstw\u0119 ochronn\u0105 przed zarysowaniami, p\u0119kni\u0119ciami i innymi uszkodzeniami. Nasze pokrowce s\u0105 trwa\u0142e i odporne na trudne warunki. Pokrowiec wykonany jest ze stali nierdzewnej, co zapewnia, \u017ce tw\u00f3j magnes pozostaje magnetyczny w 360\u00b0. Dzi\u0119ki naszym pokrowcom mo\u017cesz \u0142owi\u0107 bez obaw o uszkodzenia cennego magnesu.\n\n\n\n(Prosimy zauwa\u017cy\u0107, \u017ce dolna cz\u0119\u015b\u0107 magnesu nie jest chroniona przez pokrowiec)\n\n<h2><b>Stosuj z ostro\u017cno\u015bci\u0105<\/b><\/h2>\n\nNasze neodymowe magnesy s\u0105 bardzo silne i mog\u0105 przyci\u0105ga\u0107 \u017celazne przedmioty z du\u017c\u0105 pr\u0119dko\u015bci\u0105 na bliskim dystansie. Przy silniejszych magnesach, takich jak 360\u00b0 allround, mo\u017cna zakleszczy\u0107 palce mi\u0119dzy magnesem a innymi obiektami. U\u017cywaj magnes\u00f3w ostro\u017cnie i na w\u0142asn\u0105 odpowiedzialno\u015b\u0107. Zawsze czytaj ostrze\u017cenia dotycz\u0105ce bezpiecze\u0144stwa przed u\u017cyciem.\n\n\n\n* Dzieci powinny u\u017cywa\u0107 magnesu pod nadzorem doros\u0142ych.\n\n\n\nNie zapomnij sprawdzi\u0107 naszych <a href=\"https:\/\/magnetarmagnets.com\/magnet-fishing-kit\/\" target=\"_blank\" rel=\"noopener\">zestaw\u00f3w do \u0142owienia magnesem<\/a> i <a href=\"https:\/\/magnetarmagnets.com\/accessories\/\" target=\"_blank\" rel=\"noopener\">akcesori\u00f3w do \u0142owienia magnesem<\/a>.","protected":false},"excerpt":{"rendered":"<p><span style=\"font-weight: 400;\">Wybierz komplet z magnesem Terror 360\u00b0 i akcesoriami. <strong>Sprawdzone efekty<\/strong>!<\/span><\/p>\n","protected":false},"featured_media":78888,"comment_status":"open","ping_status":"closed","template":"","meta":{"_acf_changed":false,"inline_featured_image":false},"product_brand":[],"product_cat":[586,581,595,1007,594,587],"product_tag":[],"class_list":{"0":"post-83664","1":"product","2":"type-product","3":"status-publish","4":"has-post-thumbnail","6":"product_cat-allround-magnesy-do-lowienia-360","7":"product_cat-magnesy-do-lowienia","8":"product_cat-profesjonalisci","9":"product_cat-wszystkie-produkty","10":"product_cat-zaawansowani-poszukiwacze-przygod","11":"product_cat-zestaw-do-lowienia-magnesem","13":"first","14":"instock","15":"sale","16":"taxable","17":"shipping-taxable","18":"purchasable","19":"product-type-simple"},"acf":[],"yoast_head":"<!-- This site is optimized with the Yoast SEO plugin v27.4 - https:\/\/yoast.com\/product\/yoast-seo-wordpress\/ -->\n<title>Pakiet ekspert - 1000 kg - Terror - Magneticzny magnes allround 360\u00b0 - Magnet fishing with a Magnetar fishing magnet<\/title>\n<meta name=\"description\" content=\"Pakiet ekspert - 1000 Kg Terror - Magnetar\" \/>\n<meta name=\"robots\" content=\"index, follow, max-snippet:-1, max-image-preview:large, max-video-preview:-1\" \/>\n<link rel=\"canonical\" href=\"https:\/\/magnetarmagnets.com\/pl\/shop\/pakiet-ekspert-1000-kg-terror-magneticzny-magnes-allround-360\/\" \/>\n<meta property=\"og:locale\" content=\"pl_PL\" \/>\n<meta property=\"og:type\" content=\"article\" \/>\n<meta property=\"og:title\" content=\"Pakiet ekspert - 1000 kg - Terror - Magneticzny magnes allround 360\u00b0 - Magnet fishing with a Magnetar fishing magnet\" \/>\n<meta property=\"og:description\" content=\"Pakiet ekspert - 1000 Kg Terror - Magnetar\" \/>\n<meta property=\"og:url\" content=\"https:\/\/magnetarmagnets.com\/pl\/shop\/pakiet-ekspert-1000-kg-terror-magneticzny-magnes-allround-360\/\" \/>\n<meta property=\"og:site_name\" content=\"Magnet fishing with a Magnetar fishing magnet\" \/>\n<meta property=\"article:publisher\" content=\"https:\/\/www.facebook.com\/fishingmagnets\/\" \/>\n<meta property=\"article:modified_time\" content=\"2026-04-17T22:40:15+00:00\" \/>\n<meta property=\"og:image\" content=\"https:\/\/magnetarmagnets.com\/wp-content\/uploads\/2021\/10\/MAGNETAR-EXPERT-KIT-GOOGLE.jpg\" \/>\n\t<meta property=\"og:image:width\" content=\"1500\" \/>\n\t<meta property=\"og:image:height\" content=\"1500\" \/>\n\t<meta property=\"og:image:type\" content=\"image\/jpeg\" \/>\n<meta name=\"twitter:card\" content=\"summary_large_image\" \/>\n<meta name=\"twitter:label1\" content=\"Szacowany czas czytania\" \/>\n\t<meta name=\"twitter:data1\" content=\"5 minut\" \/>\n<script type=\"application\/ld+json\" class=\"yoast-schema-graph\">{\"@context\":\"https:\\\/\\\/schema.org\",\"@graph\":[{\"@type\":[\"WebPage\",\"ItemPage\"],\"@id\":\"https:\\\/\\\/magnetarmagnets.com\\\/pl\\\/shop\\\/pakiet-ekspert-1000-kg-terror-magneticzny-magnes-allround-360\\\/\",\"url\":\"https:\\\/\\\/magnetarmagnets.com\\\/pl\\\/shop\\\/pakiet-ekspert-1000-kg-terror-magneticzny-magnes-allround-360\\\/\",\"name\":\"Pakiet ekspert - 1000 kg - Terror - Magneticzny magnes allround 360\u00b0 - Magnet fishing with a Magnetar fishing magnet\",\"isPartOf\":{\"@id\":\"https:\\\/\\\/magnetarmagnets.com\\\/pl\\\/#website\"},\"primaryImageOfPage\":{\"@id\":\"https:\\\/\\\/magnetarmagnets.com\\\/pl\\\/shop\\\/pakiet-ekspert-1000-kg-terror-magneticzny-magnes-allround-360\\\/#primaryimage\"},\"image\":{\"@id\":\"https:\\\/\\\/magnetarmagnets.com\\\/pl\\\/shop\\\/pakiet-ekspert-1000-kg-terror-magneticzny-magnes-allround-360\\\/#primaryimage\"},\"thumbnailUrl\":\"https:\\\/\\\/magnetarmagnets.com\\\/wp-content\\\/uploads\\\/2021\\\/10\\\/MAGNETAR-EXPERT-KIT-GOOGLE.jpg\",\"datePublished\":\"2025-06-05T07:54:38+00:00\",\"dateModified\":\"2026-04-17T22:40:15+00:00\",\"description\":\"Pakiet ekspert - 1000 Kg Terror - Magnetar\",\"breadcrumb\":{\"@id\":\"https:\\\/\\\/magnetarmagnets.com\\\/pl\\\/shop\\\/pakiet-ekspert-1000-kg-terror-magneticzny-magnes-allround-360\\\/#breadcrumb\"},\"inLanguage\":\"pl-PL\",\"potentialAction\":[{\"@type\":\"ReadAction\",\"target\":[\"https:\\\/\\\/magnetarmagnets.com\\\/pl\\\/shop\\\/pakiet-ekspert-1000-kg-terror-magneticzny-magnes-allround-360\\\/\"]}]},{\"@type\":\"ImageObject\",\"inLanguage\":\"pl-PL\",\"@id\":\"https:\\\/\\\/magnetarmagnets.com\\\/pl\\\/shop\\\/pakiet-ekspert-1000-kg-terror-magneticzny-magnes-allround-360\\\/#primaryimage\",\"url\":\"https:\\\/\\\/magnetarmagnets.com\\\/wp-content\\\/uploads\\\/2021\\\/10\\\/MAGNETAR-EXPERT-KIT-GOOGLE.jpg\",\"contentUrl\":\"https:\\\/\\\/magnetarmagnets.com\\\/wp-content\\\/uploads\\\/2021\\\/10\\\/MAGNETAR-EXPERT-KIT-GOOGLE.jpg\",\"width\":1500,\"height\":1500,\"caption\":\"MAGNETAR-EXPERT-KIT\"},{\"@type\":\"BreadcrumbList\",\"@id\":\"https:\\\/\\\/magnetarmagnets.com\\\/pl\\\/shop\\\/pakiet-ekspert-1000-kg-terror-magneticzny-magnes-allround-360\\\/#breadcrumb\",\"itemListElement\":[{\"@type\":\"ListItem\",\"position\":1,\"name\":\"Home\",\"item\":\"https:\\\/\\\/magnetarmagnets.com\\\/pl\\\/\"},{\"@type\":\"ListItem\",\"position\":2,\"name\":\"Sklep\",\"item\":\"https:\\\/\\\/magnetarmagnets.com\\\/sklep\\\/\"},{\"@type\":\"ListItem\",\"position\":3,\"name\":\"Magnesy do \u0142owienia\",\"item\":\"https:\\\/\\\/magnetarmagnets.com\\\/pl\\\/collections\\\/magnesy-do-lowienia\\\/\"},{\"@type\":\"ListItem\",\"position\":4,\"name\":\"Allround magnesy do \u0142owienia 360\u00b0\",\"item\":\"https:\\\/\\\/magnetarmagnets.com\\\/pl\\\/collections\\\/magnesy-do-lowienia\\\/allround-magnesy-do-lowienia-360\\\/\"},{\"@type\":\"ListItem\",\"position\":5,\"name\":\"Pakiet ekspert &#8211; 1000 kg &#8211; Terror &#8211; Magneticzny magnes allround 360\u00b0\"}]},{\"@type\":\"WebSite\",\"@id\":\"https:\\\/\\\/magnetarmagnets.com\\\/pl\\\/#website\",\"url\":\"https:\\\/\\\/magnetarmagnets.com\\\/pl\\\/\",\"name\":\"Magnet fishing with a Magnetar fishing magnet\",\"description\":\"Mocne magnesy do po\u0142owu na magnes\",\"publisher\":{\"@id\":\"https:\\\/\\\/magnetarmagnets.com\\\/pl\\\/#organization\"},\"potentialAction\":[{\"@type\":\"SearchAction\",\"target\":{\"@type\":\"EntryPoint\",\"urlTemplate\":\"https:\\\/\\\/magnetarmagnets.com\\\/pl\\\/?s={search_term_string}\"},\"query-input\":{\"@type\":\"PropertyValueSpecification\",\"valueRequired\":true,\"valueName\":\"search_term_string\"}}],\"inLanguage\":\"pl-PL\"},{\"@type\":\"Organization\",\"@id\":\"https:\\\/\\\/magnetarmagnets.com\\\/pl\\\/#organization\",\"name\":\"Magnetar\",\"url\":\"https:\\\/\\\/magnetarmagnets.com\\\/pl\\\/\",\"logo\":{\"@type\":\"ImageObject\",\"inLanguage\":\"pl-PL\",\"@id\":\"https:\\\/\\\/magnetarmagnets.com\\\/pl\\\/#\\\/schema\\\/logo\\\/image\\\/\",\"url\":\"https:\\\/\\\/magnetarmagnets.com\\\/wp-content\\\/uploads\\\/2025\\\/05\\\/Logo-03_PNG-Black-scaled.png\",\"contentUrl\":\"https:\\\/\\\/magnetarmagnets.com\\\/wp-content\\\/uploads\\\/2025\\\/05\\\/Logo-03_PNG-Black-scaled.png\",\"width\":2560,\"height\":1658,\"caption\":\"Magnetar\"},\"image\":{\"@id\":\"https:\\\/\\\/magnetarmagnets.com\\\/pl\\\/#\\\/schema\\\/logo\\\/image\\\/\"},\"sameAs\":[\"https:\\\/\\\/www.facebook.com\\\/fishingmagnets\\\/\",\"https:\\\/\\\/www.instagram.com\\\/magnetar_magnets\\\/\",\"https:\\\/\\\/www.linkedin.com\\\/company\\\/magnetarbv\\\/?originalSubdomain=nl\",\"https:\\\/\\\/www.youtube.com\\\/c\\\/MagnetarVismagneet\"]}]}<\/script>\n<!-- \/ Yoast SEO plugin. -->","yoast_head_json":{"title":"Pakiet ekspert - 1000 kg - Terror - Magneticzny magnes allround 360\u00b0 - Magnet fishing with a Magnetar fishing magnet","description":"Pakiet ekspert - 1000 Kg Terror - Magnetar","robots":{"index":"index","follow":"follow","max-snippet":"max-snippet:-1","max-image-preview":"max-image-preview:large","max-video-preview":"max-video-preview:-1"},"canonical":"https:\/\/magnetarmagnets.com\/pl\/shop\/pakiet-ekspert-1000-kg-terror-magneticzny-magnes-allround-360\/","og_locale":"pl_PL","og_type":"article","og_title":"Pakiet ekspert - 1000 kg - Terror - Magneticzny magnes allround 360\u00b0 - Magnet fishing with a Magnetar fishing magnet","og_description":"Pakiet ekspert - 1000 Kg Terror - Magnetar","og_url":"https:\/\/magnetarmagnets.com\/pl\/shop\/pakiet-ekspert-1000-kg-terror-magneticzny-magnes-allround-360\/","og_site_name":"Magnet fishing with a Magnetar fishing magnet","article_publisher":"https:\/\/www.facebook.com\/fishingmagnets\/","article_modified_time":"2026-04-17T22:40:15+00:00","og_image":[{"width":1500,"height":1500,"url":"https:\/\/magnetarmagnets.com\/wp-content\/uploads\/2021\/10\/MAGNETAR-EXPERT-KIT-GOOGLE.jpg","type":"image\/jpeg"}],"twitter_card":"summary_large_image","twitter_misc":{"Szacowany czas czytania":"5 minut"},"schema":{"@context":"https:\/\/schema.org","@graph":[{"@type":["WebPage","ItemPage"],"@id":"https:\/\/magnetarmagnets.com\/pl\/shop\/pakiet-ekspert-1000-kg-terror-magneticzny-magnes-allround-360\/","url":"https:\/\/magnetarmagnets.com\/pl\/shop\/pakiet-ekspert-1000-kg-terror-magneticzny-magnes-allround-360\/","name":"Pakiet ekspert - 1000 kg - Terror - Magneticzny magnes allround 360\u00b0 - Magnet fishing with a Magnetar fishing magnet","isPartOf":{"@id":"https:\/\/magnetarmagnets.com\/pl\/#website"},"primaryImageOfPage":{"@id":"https:\/\/magnetarmagnets.com\/pl\/shop\/pakiet-ekspert-1000-kg-terror-magneticzny-magnes-allround-360\/#primaryimage"},"image":{"@id":"https:\/\/magnetarmagnets.com\/pl\/shop\/pakiet-ekspert-1000-kg-terror-magneticzny-magnes-allround-360\/#primaryimage"},"thumbnailUrl":"https:\/\/magnetarmagnets.com\/wp-content\/uploads\/2021\/10\/MAGNETAR-EXPERT-KIT-GOOGLE.jpg","datePublished":"2025-06-05T07:54:38+00:00","dateModified":"2026-04-17T22:40:15+00:00","description":"Pakiet ekspert - 1000 Kg Terror - Magnetar","breadcrumb":{"@id":"https:\/\/magnetarmagnets.com\/pl\/shop\/pakiet-ekspert-1000-kg-terror-magneticzny-magnes-allround-360\/#breadcrumb"},"inLanguage":"pl-PL","potentialAction":[{"@type":"ReadAction","target":["https:\/\/magnetarmagnets.com\/pl\/shop\/pakiet-ekspert-1000-kg-terror-magneticzny-magnes-allround-360\/"]}]},{"@type":"ImageObject","inLanguage":"pl-PL","@id":"https:\/\/magnetarmagnets.com\/pl\/shop\/pakiet-ekspert-1000-kg-terror-magneticzny-magnes-allround-360\/#primaryimage","url":"https:\/\/magnetarmagnets.com\/wp-content\/uploads\/2021\/10\/MAGNETAR-EXPERT-KIT-GOOGLE.jpg","contentUrl":"https:\/\/magnetarmagnets.com\/wp-content\/uploads\/2021\/10\/MAGNETAR-EXPERT-KIT-GOOGLE.jpg","width":1500,"height":1500,"caption":"MAGNETAR-EXPERT-KIT"},{"@type":"BreadcrumbList","@id":"https:\/\/magnetarmagnets.com\/pl\/shop\/pakiet-ekspert-1000-kg-terror-magneticzny-magnes-allround-360\/#breadcrumb","itemListElement":[{"@type":"ListItem","position":1,"name":"Home","item":"https:\/\/magnetarmagnets.com\/pl\/"},{"@type":"ListItem","position":2,"name":"Sklep","item":"https:\/\/magnetarmagnets.com\/sklep\/"},{"@type":"ListItem","position":3,"name":"Magnesy do \u0142owienia","item":"https:\/\/magnetarmagnets.com\/pl\/collections\/magnesy-do-lowienia\/"},{"@type":"ListItem","position":4,"name":"Allround magnesy do \u0142owienia 360\u00b0","item":"https:\/\/magnetarmagnets.com\/pl\/collections\/magnesy-do-lowienia\/allround-magnesy-do-lowienia-360\/"},{"@type":"ListItem","position":5,"name":"Pakiet ekspert &#8211; 1000 kg &#8211; Terror &#8211; Magneticzny magnes allround 360\u00b0"}]},{"@type":"WebSite","@id":"https:\/\/magnetarmagnets.com\/pl\/#website","url":"https:\/\/magnetarmagnets.com\/pl\/","name":"Magnet fishing with a Magnetar fishing magnet","description":"Mocne magnesy do po\u0142owu na magnes","publisher":{"@id":"https:\/\/magnetarmagnets.com\/pl\/#organization"},"potentialAction":[{"@type":"SearchAction","target":{"@type":"EntryPoint","urlTemplate":"https:\/\/magnetarmagnets.com\/pl\/?s={search_term_string}"},"query-input":{"@type":"PropertyValueSpecification","valueRequired":true,"valueName":"search_term_string"}}],"inLanguage":"pl-PL"},{"@type":"Organization","@id":"https:\/\/magnetarmagnets.com\/pl\/#organization","name":"Magnetar","url":"https:\/\/magnetarmagnets.com\/pl\/","logo":{"@type":"ImageObject","inLanguage":"pl-PL","@id":"https:\/\/magnetarmagnets.com\/pl\/#\/schema\/logo\/image\/","url":"https:\/\/magnetarmagnets.com\/wp-content\/uploads\/2025\/05\/Logo-03_PNG-Black-scaled.png","contentUrl":"https:\/\/magnetarmagnets.com\/wp-content\/uploads\/2025\/05\/Logo-03_PNG-Black-scaled.png","width":2560,"height":1658,"caption":"Magnetar"},"image":{"@id":"https:\/\/magnetarmagnets.com\/pl\/#\/schema\/logo\/image\/"},"sameAs":["https:\/\/www.facebook.com\/fishingmagnets\/","https:\/\/www.instagram.com\/magnetar_magnets\/","https:\/\/www.linkedin.com\/company\/magnetarbv\/?originalSubdomain=nl","https:\/\/www.youtube.com\/c\/MagnetarVismagneet"]}]}},"_links":{"self":[{"href":"https:\/\/magnetarmagnets.com\/pl\/wp-json\/wp\/v2\/product\/83664","targetHints":{"allow":["GET"]}}],"collection":[{"href":"https:\/\/magnetarmagnets.com\/pl\/wp-json\/wp\/v2\/product"}],"about":[{"href":"https:\/\/magnetarmagnets.com\/pl\/wp-json\/wp\/v2\/types\/product"}],"replies":[{"embeddable":true,"href":"https:\/\/magnetarmagnets.com\/pl\/wp-json\/wp\/v2\/comments?post=83664"}],"version-history":[{"count":0,"href":"https:\/\/magnetarmagnets.com\/pl\/wp-json\/wp\/v2\/product\/83664\/revisions"}],"wp:featuredmedia":[{"embeddable":true,"href":"https:\/\/magnetarmagnets.com\/pl\/wp-json\/wp\/v2\/media\/78888"}],"wp:attachment":[{"href":"https:\/\/magnetarmagnets.com\/pl\/wp-json\/wp\/v2\/media?parent=83664"}],"wp:term":[{"taxonomy":"product_brand","embeddable":true,"href":"https:\/\/magnetarmagnets.com\/pl\/wp-json\/wp\/v2\/product_brand?post=83664"},{"taxonomy":"product_cat","embeddable":true,"href":"https:\/\/magnetarmagnets.com\/pl\/wp-json\/wp\/v2\/product_cat?post=83664"},{"taxonomy":"product_tag","embeddable":true,"href":"https:\/\/magnetarmagnets.com\/pl\/wp-json\/wp\/v2\/product_tag?post=83664"}],"curies":[{"name":"wp","href":"https:\/\/api.w.org\/{rel}","templated":true}]}}