{"id":83663,"date":"2025-06-05T09:54:39","date_gmt":"2025-06-05T07:54:39","guid":{"rendered":"https:\/\/magnetarmagnets.com\/?post_type=product&#038;p=83663"},"modified":"2026-04-18T00:43:36","modified_gmt":"2026-04-17T22:43:36","slug":"zestaw-startowy-200kg-magnes-jednostronny","status":"publish","type":"product","link":"https:\/\/magnetarmagnets.com\/pl\/shop\/zestaw-startowy-200kg-magnes-jednostronny\/","title":{"rendered":"Zestaw startowy &#8211; 200kg &#8211; magnes jednostronny"},"content":{"rendered":"Jak zacz\u0105\u0107 \u0142owi\u0107 magnesem? Z zestawem startowym Magnetar &#8211; 200 kg &#8211; magnes jednostronny otrzymasz najlepszy mo\u017cliwy start. Ten zestaw zawiera nasz Classic 200, magnes jednostronny, do kt\u00f3rego do\u0142\u0105czyli\u015bmy hak zaczepny, lin\u0119 do \u0142owienia magnesem oraz klej metalowy, aby uzupe\u0142ni\u0107 zestaw. Dzi\u0119ki temu b\u0119dziesz przygotowany na prawie wszystko, co mo\u017cesz znale\u017a\u0107 nad wod\u0105.\n\n<h2>Zestaw startowy &#8211; 200 kg &#8211; magnes jednostronny<\/h2>\n\n<a href=\"https:\/\/magnetarmagnets.com\/shop\/classic-fishing-magnet-440lb-200kg\/\"><strong>Classic Fishing Magnet 200 kg<\/strong><\/a> to idealny magnes dla pocz\u0105tkuj\u0105cych i dzieci. Obudowa stalowa chroni produkt przed uszkodzeniami spowodowanymi upadkiem lub uderzeniami. Dla wi\u0119kszego bezpiecze\u0144stwa. Ten magnes jednostronny ma si\u0142\u0119 magnetyczn\u0105 skierowan\u0105 tylko na jedn\u0105 stron\u0119. Pe\u0142na si\u0142a magnetyczna jest skoncentrowana w jednym kierunku, co sprawia, \u017ce magnesy te s\u0105 niezwykle mocne w odpowiednich warunkach.\n\nSi\u0142a przyci\u0105gania 200 kg jest osi\u0105gana tylko w idealnych warunkach, gdy magnes dotyka nieoksydowanej metalowej p\u0142yty o grubo\u015bci 2 cm. Szansa na takie warunki podczas \u0142owienia magnesem jest zazwyczaj niewielka. Chcesz wiedzie\u0107, jak okre\u015blamy si\u0142\u0119 przyci\u0105gania magnesu do \u0142owienia? Obejrzyj nasz film o <a href=\"https:\/\/www.youtube.com\/watch?v=2McW3RURDxs&#038;t=14s\"><strong>te\u015bcie si\u0142y magnetycznej<\/strong><\/a>.\n\nDostarczona lina jest zaprojektowana specjalnie do \u0142owienia magnesem. Ma zar\u00f3wno wst\u0119pnie zawi\u0105zan\u0105 p\u0119tl\u0119, jak i karabi\u0144czyk, co eliminuje potrzeb\u0119 trudnych w\u0119z\u0142\u00f3w. Idealne rozwi\u0105zanie dla pocz\u0105tkuj\u0105cych i dzieci! Ponadto w zestawie znajduje si\u0119 hak zaczepny do wyci\u0105gania niemagnetycznych i ci\u0119\u017cszych, wi\u0119kszych przedmiot\u00f3w z wody. Na koniec jest butelka kleju magnetycznego u\u017cywanego do bezpiecznego po\u0142\u0105czenia oku\u0107 z magnesem.\n\nSzukasz innego zestawu z mocniejszym magnesem jednostronnym? Sprawd\u017a nasz <a href=\"https:\/\/magnetarmagnets.com\/shop\/advanced-package\/\"><strong>zestaw zaawansowany<\/strong><\/a>. A mo\u017ce interesuje Ci\u0119 magnes 360\u00b0? Nasz <a href=\"https:\/\/magnetarmagnets.com\/shop\/fishmagnet-package-pro\/\"><strong>zestaw Pro<\/strong><\/a> z magnesem <a href=\"https:\/\/magnetarmagnets.com\/shop\/hardcore-magnet-2\/\"><strong>Hardcore<\/strong><\/a> mo\u017ce by\u0107 w\u0142a\u015bnie dla Ciebie.\n\n<h2>Wysoka jako\u015b\u0107<\/h2>\n\nWszystkie magnesy do \u0142owienia Magnetar s\u0105 wykonane z neodymu. Ten materia\u0142 zapewnia d\u0142ugotrwa\u0142\u0105 si\u0142\u0119 magnetyczn\u0105. Przy odpowiednim u\u017cytkowaniu i przechowywaniu magnesy trac\u0105 tylko 1% swojej si\u0142y przez 100 lat. Dlatego jeste\u015bmy pewni, \u017ce oferujemy najwy\u017cszej jako\u015bci <a href=\"https:\/\/magnetarmagnets.com\/collections\/fishing-magnets\/\"><strong>magnesy do \u0142owienia magnesem<\/strong><\/a> na rynku.\n\nW ostatnich latach rynek zosta\u0142 zalany produktami niskiej jako\u015bci. Wiele magnes\u00f3w od innych sprzedawc\u00f3w traci si\u0142\u0119 ju\u017c po kilku tygodniach. Zazwyczaj s\u0105 to wi\u0119ksze magnesy, ale wykonane z neodymu gorszej jako\u015bci i reklamowane w spos\u00f3b myl\u0105cy. Takie produkty mog\u0105 wydawa\u0107 si\u0119 tanie, ale po d\u0142u\u017cszym czasie pozostawi\u0105 Ci\u0119 niezadowolonym.\n\nMagnetar to ma\u0142a, rodzinna firma pasjonat\u00f3w \u0142owienia magnesem. Jako\u015b\u0107 jest dla nas najwa\u017cniejsza, co wida\u0107 w naszych produktach. Wszystkie nasze magnesy do \u0142owienia s\u0105 projektowane wewn\u0119trznie, aby zapewni\u0107 najwy\u017csz\u0105 jako\u015b\u0107. Szukasz niezawodnego, skutecznego i wysokiej klasy magnesu? Wybierz Magnetar!\n\n<h2>Ostrze\u017cenie:<\/h2>\n\nNasze magnesy neodymowe s\u0105 bardzo silne. Mo\u017ce to powodowa\u0107 przyci\u0105ganie innych obiekt\u00f3w z du\u017c\u0105 pr\u0119dko\u015bci\u0105. Oczywi\u015bcie mo\u017ce to prowadzi\u0107 do potencjalnie niebezpiecznych sytuacji, np. palce mog\u0105 si\u0119 zaklinowa\u0107 mi\u0119dzy magnesem a obiektem. Zalecamy ostro\u017cne obchodzenie si\u0119 z tymi magnesami i podkre\u015blamy, \u017ce robisz to na w\u0142asne ryzyko. Przeczytaj nasze ostrze\u017cenia bezpiecze\u0144stwa przed u\u017cyciem.","protected":false},"excerpt":{"rendered":"<p><span style=\"font-weight: 400;\"><strong>Rozpocznij swoj\u0105 przygod\u0119<\/strong> nad wod\u0105 z tym <strong>przyst\u0119pnym cenowo<\/strong> zestawem do \u0142owienia magnesem dla <strong>pocz\u0105tkuj\u0105cych<\/strong>.<\/span><\/p>\n","protected":false},"featured_media":79488,"comment_status":"open","ping_status":"closed","template":"","meta":{"_acf_changed":false,"inline_featured_image":false},"product_brand":[],"product_cat":[698,704,95,706],"product_tag":[],"class_list":{"0":"post-83663","1":"product","2":"type-product","3":"status-publish","4":"has-post-thumbnail","6":"product_cat-fishing-magnets","7":"product_cat-single-sided-classic","8":"product_cat-kids","9":"product_cat-magnet-fishing-kit","11":"first","12":"instock","13":"sale","14":"taxable","15":"shipping-taxable","16":"purchasable","17":"product-type-simple"},"acf":[],"yoast_head":"<!-- This site is optimized with the Yoast SEO plugin v27.4 - https:\/\/yoast.com\/product\/yoast-seo-wordpress\/ -->\n<title>Zestaw startowy - 200kg - magnes jednostronny - Magnet fishing with a Magnetar fishing magnet<\/title>\n<meta name=\"description\" content=\"Zestaw startowy - 200 kg jednostronny - Magnetar\" \/>\n<meta name=\"robots\" content=\"index, follow, max-snippet:-1, max-image-preview:large, max-video-preview:-1\" \/>\n<link rel=\"canonical\" href=\"https:\/\/magnetarmagnets.com\/pl\/shop\/zestaw-startowy-200kg-magnes-jednostronny\/\" \/>\n<meta property=\"og:locale\" content=\"pl_PL\" \/>\n<meta property=\"og:type\" content=\"article\" \/>\n<meta property=\"og:title\" content=\"Zestaw startowy - 200kg - magnes jednostronny - Magnet fishing with a Magnetar fishing magnet\" \/>\n<meta property=\"og:description\" content=\"Zestaw startowy - 200 kg jednostronny - Magnetar\" \/>\n<meta property=\"og:url\" content=\"https:\/\/magnetarmagnets.com\/pl\/shop\/zestaw-startowy-200kg-magnes-jednostronny\/\" \/>\n<meta property=\"og:site_name\" content=\"Magnet fishing with a Magnetar fishing magnet\" \/>\n<meta property=\"article:publisher\" content=\"https:\/\/www.facebook.com\/fishingmagnets\/\" \/>\n<meta property=\"article:modified_time\" content=\"2026-04-17T22:43:36+00:00\" \/>\n<meta property=\"og:image\" content=\"https:\/\/magnetarmagnets.com\/wp-content\/uploads\/2018\/05\/MAGNETAR-STARTER-SET-GOOGLE.jpg\" \/>\n\t<meta property=\"og:image:width\" content=\"1500\" \/>\n\t<meta property=\"og:image:height\" content=\"1500\" \/>\n\t<meta property=\"og:image:type\" content=\"image\/jpeg\" \/>\n<meta name=\"twitter:card\" content=\"summary_large_image\" \/>\n<meta name=\"twitter:label1\" content=\"Szacowany czas czytania\" \/>\n\t<meta name=\"twitter:data1\" content=\"3 minuty\" \/>\n<script type=\"application\/ld+json\" class=\"yoast-schema-graph\">{\"@context\":\"https:\\\/\\\/schema.org\",\"@graph\":[{\"@type\":[\"WebPage\",\"ItemPage\"],\"@id\":\"https:\\\/\\\/magnetarmagnets.com\\\/pl\\\/shop\\\/zestaw-startowy-200kg-magnes-jednostronny\\\/\",\"url\":\"https:\\\/\\\/magnetarmagnets.com\\\/pl\\\/shop\\\/zestaw-startowy-200kg-magnes-jednostronny\\\/\",\"name\":\"Zestaw startowy - 200kg - magnes jednostronny - Magnet fishing with a Magnetar fishing magnet\",\"isPartOf\":{\"@id\":\"https:\\\/\\\/magnetarmagnets.com\\\/pl\\\/#website\"},\"primaryImageOfPage\":{\"@id\":\"https:\\\/\\\/magnetarmagnets.com\\\/pl\\\/shop\\\/zestaw-startowy-200kg-magnes-jednostronny\\\/#primaryimage\"},\"image\":{\"@id\":\"https:\\\/\\\/magnetarmagnets.com\\\/pl\\\/shop\\\/zestaw-startowy-200kg-magnes-jednostronny\\\/#primaryimage\"},\"thumbnailUrl\":\"https:\\\/\\\/magnetarmagnets.com\\\/wp-content\\\/uploads\\\/2018\\\/05\\\/MAGNETAR-STARTER-SET-GOOGLE.jpg\",\"datePublished\":\"2025-06-05T07:54:39+00:00\",\"dateModified\":\"2026-04-17T22:43:36+00:00\",\"description\":\"Zestaw startowy - 200 kg jednostronny - Magnetar\",\"breadcrumb\":{\"@id\":\"https:\\\/\\\/magnetarmagnets.com\\\/pl\\\/shop\\\/zestaw-startowy-200kg-magnes-jednostronny\\\/#breadcrumb\"},\"inLanguage\":\"pl-PL\",\"potentialAction\":[{\"@type\":\"ReadAction\",\"target\":[\"https:\\\/\\\/magnetarmagnets.com\\\/pl\\\/shop\\\/zestaw-startowy-200kg-magnes-jednostronny\\\/\"]}]},{\"@type\":\"ImageObject\",\"inLanguage\":\"pl-PL\",\"@id\":\"https:\\\/\\\/magnetarmagnets.com\\\/pl\\\/shop\\\/zestaw-startowy-200kg-magnes-jednostronny\\\/#primaryimage\",\"url\":\"https:\\\/\\\/magnetarmagnets.com\\\/wp-content\\\/uploads\\\/2018\\\/05\\\/MAGNETAR-STARTER-SET-GOOGLE.jpg\",\"contentUrl\":\"https:\\\/\\\/magnetarmagnets.com\\\/wp-content\\\/uploads\\\/2018\\\/05\\\/MAGNETAR-STARTER-SET-GOOGLE.jpg\",\"width\":1500,\"height\":1500},{\"@type\":\"BreadcrumbList\",\"@id\":\"https:\\\/\\\/magnetarmagnets.com\\\/pl\\\/shop\\\/zestaw-startowy-200kg-magnes-jednostronny\\\/#breadcrumb\",\"itemListElement\":[{\"@type\":\"ListItem\",\"position\":1,\"name\":\"Home\",\"item\":\"https:\\\/\\\/magnetarmagnets.com\\\/pl\\\/\"},{\"@type\":\"ListItem\",\"position\":2,\"name\":\"Sklep\",\"item\":\"https:\\\/\\\/magnetarmagnets.com\\\/sklep\\\/\"},{\"@type\":\"ListItem\",\"position\":3,\"name\":\"Magnesy do \u0142owienia\",\"item\":\"https:\\\/\\\/magnetarmagnets.com\\\/pl\\\/collections\\\/magnesy-do-lowienia\\\/\"},{\"@type\":\"ListItem\",\"position\":4,\"name\":\"Magnesy do \u0142owienia jednostronne\",\"item\":\"https:\\\/\\\/magnetarmagnets.com\\\/pl\\\/collections\\\/magnesy-do-lowienia\\\/magnesy-do-lowienia-jednostronne\\\/\"},{\"@type\":\"ListItem\",\"position\":5,\"name\":\"Zestaw startowy &#8211; 200kg &#8211; magnes jednostronny\"}]},{\"@type\":\"WebSite\",\"@id\":\"https:\\\/\\\/magnetarmagnets.com\\\/pl\\\/#website\",\"url\":\"https:\\\/\\\/magnetarmagnets.com\\\/pl\\\/\",\"name\":\"Magnet fishing with a Magnetar fishing magnet\",\"description\":\"Mocne magnesy do po\u0142owu na magnes\",\"publisher\":{\"@id\":\"https:\\\/\\\/magnetarmagnets.com\\\/pl\\\/#organization\"},\"potentialAction\":[{\"@type\":\"SearchAction\",\"target\":{\"@type\":\"EntryPoint\",\"urlTemplate\":\"https:\\\/\\\/magnetarmagnets.com\\\/pl\\\/?s={search_term_string}\"},\"query-input\":{\"@type\":\"PropertyValueSpecification\",\"valueRequired\":true,\"valueName\":\"search_term_string\"}}],\"inLanguage\":\"pl-PL\"},{\"@type\":\"Organization\",\"@id\":\"https:\\\/\\\/magnetarmagnets.com\\\/pl\\\/#organization\",\"name\":\"Magnetar\",\"url\":\"https:\\\/\\\/magnetarmagnets.com\\\/pl\\\/\",\"logo\":{\"@type\":\"ImageObject\",\"inLanguage\":\"pl-PL\",\"@id\":\"https:\\\/\\\/magnetarmagnets.com\\\/pl\\\/#\\\/schema\\\/logo\\\/image\\\/\",\"url\":\"https:\\\/\\\/magnetarmagnets.com\\\/wp-content\\\/uploads\\\/2025\\\/05\\\/Logo-03_PNG-Black-scaled.png\",\"contentUrl\":\"https:\\\/\\\/magnetarmagnets.com\\\/wp-content\\\/uploads\\\/2025\\\/05\\\/Logo-03_PNG-Black-scaled.png\",\"width\":2560,\"height\":1658,\"caption\":\"Magnetar\"},\"image\":{\"@id\":\"https:\\\/\\\/magnetarmagnets.com\\\/pl\\\/#\\\/schema\\\/logo\\\/image\\\/\"},\"sameAs\":[\"https:\\\/\\\/www.facebook.com\\\/fishingmagnets\\\/\",\"https:\\\/\\\/www.instagram.com\\\/magnetar_magnets\\\/\",\"https:\\\/\\\/www.linkedin.com\\\/company\\\/magnetarbv\\\/?originalSubdomain=nl\",\"https:\\\/\\\/www.youtube.com\\\/c\\\/MagnetarVismagneet\"]}]}<\/script>\n<!-- \/ Yoast SEO plugin. -->","yoast_head_json":{"title":"Zestaw startowy - 200kg - magnes jednostronny - Magnet fishing with a Magnetar fishing magnet","description":"Zestaw startowy - 200 kg jednostronny - Magnetar","robots":{"index":"index","follow":"follow","max-snippet":"max-snippet:-1","max-image-preview":"max-image-preview:large","max-video-preview":"max-video-preview:-1"},"canonical":"https:\/\/magnetarmagnets.com\/pl\/shop\/zestaw-startowy-200kg-magnes-jednostronny\/","og_locale":"pl_PL","og_type":"article","og_title":"Zestaw startowy - 200kg - magnes jednostronny - Magnet fishing with a Magnetar fishing magnet","og_description":"Zestaw startowy - 200 kg jednostronny - Magnetar","og_url":"https:\/\/magnetarmagnets.com\/pl\/shop\/zestaw-startowy-200kg-magnes-jednostronny\/","og_site_name":"Magnet fishing with a Magnetar fishing magnet","article_publisher":"https:\/\/www.facebook.com\/fishingmagnets\/","article_modified_time":"2026-04-17T22:43:36+00:00","og_image":[{"width":1500,"height":1500,"url":"https:\/\/magnetarmagnets.com\/wp-content\/uploads\/2018\/05\/MAGNETAR-STARTER-SET-GOOGLE.jpg","type":"image\/jpeg"}],"twitter_card":"summary_large_image","twitter_misc":{"Szacowany czas czytania":"3 minuty"},"schema":{"@context":"https:\/\/schema.org","@graph":[{"@type":["WebPage","ItemPage"],"@id":"https:\/\/magnetarmagnets.com\/pl\/shop\/zestaw-startowy-200kg-magnes-jednostronny\/","url":"https:\/\/magnetarmagnets.com\/pl\/shop\/zestaw-startowy-200kg-magnes-jednostronny\/","name":"Zestaw startowy - 200kg - magnes jednostronny - Magnet fishing with a Magnetar fishing magnet","isPartOf":{"@id":"https:\/\/magnetarmagnets.com\/pl\/#website"},"primaryImageOfPage":{"@id":"https:\/\/magnetarmagnets.com\/pl\/shop\/zestaw-startowy-200kg-magnes-jednostronny\/#primaryimage"},"image":{"@id":"https:\/\/magnetarmagnets.com\/pl\/shop\/zestaw-startowy-200kg-magnes-jednostronny\/#primaryimage"},"thumbnailUrl":"https:\/\/magnetarmagnets.com\/wp-content\/uploads\/2018\/05\/MAGNETAR-STARTER-SET-GOOGLE.jpg","datePublished":"2025-06-05T07:54:39+00:00","dateModified":"2026-04-17T22:43:36+00:00","description":"Zestaw startowy - 200 kg jednostronny - Magnetar","breadcrumb":{"@id":"https:\/\/magnetarmagnets.com\/pl\/shop\/zestaw-startowy-200kg-magnes-jednostronny\/#breadcrumb"},"inLanguage":"pl-PL","potentialAction":[{"@type":"ReadAction","target":["https:\/\/magnetarmagnets.com\/pl\/shop\/zestaw-startowy-200kg-magnes-jednostronny\/"]}]},{"@type":"ImageObject","inLanguage":"pl-PL","@id":"https:\/\/magnetarmagnets.com\/pl\/shop\/zestaw-startowy-200kg-magnes-jednostronny\/#primaryimage","url":"https:\/\/magnetarmagnets.com\/wp-content\/uploads\/2018\/05\/MAGNETAR-STARTER-SET-GOOGLE.jpg","contentUrl":"https:\/\/magnetarmagnets.com\/wp-content\/uploads\/2018\/05\/MAGNETAR-STARTER-SET-GOOGLE.jpg","width":1500,"height":1500},{"@type":"BreadcrumbList","@id":"https:\/\/magnetarmagnets.com\/pl\/shop\/zestaw-startowy-200kg-magnes-jednostronny\/#breadcrumb","itemListElement":[{"@type":"ListItem","position":1,"name":"Home","item":"https:\/\/magnetarmagnets.com\/pl\/"},{"@type":"ListItem","position":2,"name":"Sklep","item":"https:\/\/magnetarmagnets.com\/sklep\/"},{"@type":"ListItem","position":3,"name":"Magnesy do \u0142owienia","item":"https:\/\/magnetarmagnets.com\/pl\/collections\/magnesy-do-lowienia\/"},{"@type":"ListItem","position":4,"name":"Magnesy do \u0142owienia jednostronne","item":"https:\/\/magnetarmagnets.com\/pl\/collections\/magnesy-do-lowienia\/magnesy-do-lowienia-jednostronne\/"},{"@type":"ListItem","position":5,"name":"Zestaw startowy &#8211; 200kg &#8211; magnes jednostronny"}]},{"@type":"WebSite","@id":"https:\/\/magnetarmagnets.com\/pl\/#website","url":"https:\/\/magnetarmagnets.com\/pl\/","name":"Magnet fishing with a Magnetar fishing magnet","description":"Mocne magnesy do po\u0142owu na magnes","publisher":{"@id":"https:\/\/magnetarmagnets.com\/pl\/#organization"},"potentialAction":[{"@type":"SearchAction","target":{"@type":"EntryPoint","urlTemplate":"https:\/\/magnetarmagnets.com\/pl\/?s={search_term_string}"},"query-input":{"@type":"PropertyValueSpecification","valueRequired":true,"valueName":"search_term_string"}}],"inLanguage":"pl-PL"},{"@type":"Organization","@id":"https:\/\/magnetarmagnets.com\/pl\/#organization","name":"Magnetar","url":"https:\/\/magnetarmagnets.com\/pl\/","logo":{"@type":"ImageObject","inLanguage":"pl-PL","@id":"https:\/\/magnetarmagnets.com\/pl\/#\/schema\/logo\/image\/","url":"https:\/\/magnetarmagnets.com\/wp-content\/uploads\/2025\/05\/Logo-03_PNG-Black-scaled.png","contentUrl":"https:\/\/magnetarmagnets.com\/wp-content\/uploads\/2025\/05\/Logo-03_PNG-Black-scaled.png","width":2560,"height":1658,"caption":"Magnetar"},"image":{"@id":"https:\/\/magnetarmagnets.com\/pl\/#\/schema\/logo\/image\/"},"sameAs":["https:\/\/www.facebook.com\/fishingmagnets\/","https:\/\/www.instagram.com\/magnetar_magnets\/","https:\/\/www.linkedin.com\/company\/magnetarbv\/?originalSubdomain=nl","https:\/\/www.youtube.com\/c\/MagnetarVismagneet"]}]}},"_links":{"self":[{"href":"https:\/\/magnetarmagnets.com\/pl\/wp-json\/wp\/v2\/product\/83663","targetHints":{"allow":["GET"]}}],"collection":[{"href":"https:\/\/magnetarmagnets.com\/pl\/wp-json\/wp\/v2\/product"}],"about":[{"href":"https:\/\/magnetarmagnets.com\/pl\/wp-json\/wp\/v2\/types\/product"}],"replies":[{"embeddable":true,"href":"https:\/\/magnetarmagnets.com\/pl\/wp-json\/wp\/v2\/comments?post=83663"}],"version-history":[{"count":1,"href":"https:\/\/magnetarmagnets.com\/pl\/wp-json\/wp\/v2\/product\/83663\/revisions"}],"predecessor-version":[{"id":94623,"href":"https:\/\/magnetarmagnets.com\/pl\/wp-json\/wp\/v2\/product\/83663\/revisions\/94623"}],"wp:featuredmedia":[{"embeddable":true,"href":"https:\/\/magnetarmagnets.com\/pl\/wp-json\/wp\/v2\/media\/79488"}],"wp:attachment":[{"href":"https:\/\/magnetarmagnets.com\/pl\/wp-json\/wp\/v2\/media?parent=83663"}],"wp:term":[{"taxonomy":"product_brand","embeddable":true,"href":"https:\/\/magnetarmagnets.com\/pl\/wp-json\/wp\/v2\/product_brand?post=83663"},{"taxonomy":"product_cat","embeddable":true,"href":"https:\/\/magnetarmagnets.com\/pl\/wp-json\/wp\/v2\/product_cat?post=83663"},{"taxonomy":"product_tag","embeddable":true,"href":"https:\/\/magnetarmagnets.com\/pl\/wp-json\/wp\/v2\/product_tag?post=83663"}],"curies":[{"name":"wp","href":"https:\/\/api.w.org\/{rel}","templated":true}]}}