{"id":83662,"date":"2025-06-05T09:54:39","date_gmt":"2025-06-05T07:54:39","guid":{"rendered":"https:\/\/magnetarmagnets.com\/?post_type=product&#038;p=83662"},"modified":"2026-04-03T10:14:23","modified_gmt":"2026-04-03T08:14:23","slug":"terror-magnet-1000kg-uniwersalny-magnes-360","status":"publish","type":"product","link":"https:\/\/magnetarmagnets.com\/pl\/shop\/terror-magnet-1000kg-uniwersalny-magnes-360\/","title":{"rendered":"Terror Magnet \u00ae &#8211; 1000kg &#8211; Uniwersalny Magnes 360\u00b0"},"content":{"rendered":"<span style=\"font-weight: 400;\">* Chro\u0144 magnes za pomoc\u0105 <a href=\"https:\/\/magnetarmagnets.com\/shop\/protection-cover-terror\/\" target=\"_blank\" rel=\"noopener\"><b>os\u0142ony ochronnej<\/b><\/a> podczas \u0142owienia. Bez os\u0142ony ochronnej magnes mo\u017ce ulec uszkodzeniu przy zderzeniu z twardymi przedmiotami. Os\u0142ona ochronna nie jest do\u0142\u0105czona do magnesu.<\/span>\n\n<h2><b>Neodymowy magnes do \u0142owienia Terror<\/b><\/h2>\n\n<span style=\"font-weight: 400;\">Magnes do \u0142owienia Terror opracowali\u015bmy po sukcesie naszego magnesu Hardcore. Magnes Terror oferuje jeszcze wi\u0119cej mo\u017cliwo\u015bci \u0142owienia ni\u017c nasz magnes Hardcore, z niezwykle dalekim zasi\u0119giem si\u0142y przyci\u0105gania do 2200 funt\u00f3w\/1000 kg. To znacznie zwi\u0119ksza szanse na z\u0142owienie wi\u0119kszych i cenniejszych skarb\u00f3w. Magnes jest r\u00f3wnie\u017c ci\u0119\u017cszy, co pozwala mu zanurzy\u0107 si\u0119 g\u0142\u0119biej w mu\u0142 i dotrze\u0107 do ukrytych, zatopionych przedmiot\u00f3w. Jak wszystkie nasze magnesy, Terror to w 100% neodymowy magnes do \u0142owienia z pot\u0119\u017cn\u0105 si\u0142\u0105 przyci\u0105gania ze wszystkich stron magnesu.\u00a0<\/span>\n\n\n\n<span style=\"font-weight: 400;\">\u200b\u200b<\/span><b>Czy jeste\u015b ekspertem w \u0142owieniu magnesem?<\/b><span style=\"font-weight: 400;\"> A mo\u017ce chcesz si\u0119 nim sta\u0107? Nasz <\/span><a href=\"https:\/\/magnetarmagnets.com\/shop\/expert-package\/\" target=\"_blank\" rel=\"noopener\"><span style=\"font-weight: 400;\">Pakiet Expert<\/span><\/a><span style=\"font-weight: 400\"> jest idealnym rozwi\u0105zaniem i zawiera wszystko, czego potrzebujesz, aby zacz\u0105\u0107 (i skorzysta\u0107 z rabat\u00f3w przy zakupie zestaw\u00f3w!). W pakiecie znajduje si\u0119 nasz uniwersalny magnes Terror 360\u00b0. Do zestawu do\u0142\u0105czona jest mocna lina o \u015brednicy 8 mm z karabi\u0144czykiem, para wodoodpornych r\u0119kawic, os\u0142ona ochronna Expert, klej oraz bardzo du\u017cy hak ze stali nierdzewnej. Chcesz jeszcze wi\u0119cej? Sprawd\u017a nasz <\/span><a href=\"https:\/\/magnetarmagnets.com\/shop\/legend-package\/\" target=\"_blank\" rel=\"noopener\"><span style=\"font-weight: 400;\">Pakiet Legend<\/span><\/a><span style=\"font-weight: 400\">!<\/span>\n\n<h2><b>Jeste\u015b gotowy na Terror?<\/b><\/h2>\n\n<span style=\"font-weight: 400;\">Nazwa magnesu m\u00f3wi wszystko, ten magnes jest bardzo silny! Magnes do \u0142owienia Terror mocno przyci\u0105ga wszystkie przedmioty z ka\u017cdej strony, przez mu\u0142 i nie zaczepia si\u0119 \u0142atwo o kamienie. Wystarczaj\u0105co ci\u0119\u017cki, aby zanurzy\u0107 si\u0119 w mu\u0142 lub osad, lekki, by mo\u017cna go by\u0142o \u0142atwo wrzuca\u0107 do wody &#8211; mo\u017cesz rzuca\u0107 tym magnesem przez wiele godzin bez problem\u00f3w. W klasie wagowej \u015bredniej jest rzucany i potrafi dotrze\u0107 do dna mulistych kana\u0142\u00f3w i rzek, pomimo nurtu wody.\u00a0<\/span>\n\n\n\n<span style=\"font-weight: 400;\">Terror jest przeznaczony dla w\u0119dkarzy z do\u015bwiadczeniem, kt\u00f3rzy chc\u0105 mie\u0107 zysk z inwestycji w magnes. Idealny do wyci\u0105gania zar\u00f3wno lekkich, jak i ci\u0119\u017ckich skarb\u00f3w, takich jak sejfy, wi\u0119ksza bro\u0144, cz\u0119\u015bci samochodowe, skutery, e-rowery.<\/span>\n\n<h2><b>Ewolucja magnesu<\/b><\/h2>\n\n<span style=\"font-weight: 400;\">Wiele magnes\u00f3w ma si\u0142\u0119 przyci\u0105gania tylko po jednej stronie magnesu. Ten jednostronny magnes to klasyczny magnes do \u0142owienia. Magnetar by\u0142 pierwsz\u0105 firm\u0105, kt\u00f3ra przebudowa\u0142a klasyczny magnes w magnes dwustronny. Nast\u0119pnie w 2016 roku Magnetar opracowa\u0142 uniwersalny magnes do \u0142owienia z si\u0142\u0105 przyci\u0105gania 360\u00b0. Magnetyczni w\u0119dkarze w ca\u0142ej UE od tego czasu wybieraj\u0105 nasze magnesy w 100% z neodymu, czyni\u0105c nas dostawc\u0105 numer 1 w Europie. Nasze magnesy s\u0105 wykonane z najwy\u017cszej jako\u015bci, zaprojektowane i wykonane z dba\u0142o\u015bci\u0105 przez ma\u0142y zesp\u00f3\u0142 entuzjast\u00f3w \u0142owienia magnesem. Nasi klienci wracaj\u0105, bo wiedz\u0105, \u017ce z Magnetar otrzymuj\u0105 wi\u0119cej ni\u017c magnes &#8211; z\u0142api\u0105 skarby.<\/span>\n\n<h2><b>Mocna si\u0142a przyci\u0105gania 360\u00b0<\/b><\/h2>\n\n<span style=\"font-weight: 400;\">Magnes Terror jest jednym z najsilniejszych magnes\u00f3w, kt\u00f3re oferujemy, z si\u0142\u0105 przyci\u0105gania do 2200 funt\u00f3w\/1000 kg. Si\u0142a przyci\u0105gania Terror jest pot\u0119\u017cna i potrafi przyci\u0105ga\u0107 przedmioty z ca\u0142ego otaczaj\u0105cego obszaru, w przeciwie\u0144stwie do magnesu jednostronnego zakrytego stalow\u0105 os\u0142on\u0105, kt\u00f3ry kieruje si\u0142\u0119 przyci\u0105gania w jednym kierunku. Ciekawi Ci\u0119, jak mierzymy si\u0142\u0119 przyci\u0105gania? <\/span><a href=\"https:\/\/www.youtube.com\/watch?v=2McW3RURDxs\" target=\"_blank\" rel=\"noopener\"><span style=\"font-weight: 400;\">Zobacz nasze wideo<\/span><\/a><span style=\"font-weight: 400\">.<\/span>\n\n<h2><b>Wysoka jako\u015b\u0107<\/b><\/h2>\n\n<span style=\"font-weight: 400;\">Nasze <a href=\"https:\/\/magnetarmagnets.com\/\">magnesy do \u0142owienia magnesem<\/a> wykonane s\u0105 w 100% z neodymu. Magnesy Magnetar zachowuj\u0105 swoj\u0105 si\u0142\u0119 przyci\u0105gania przez dziesi\u0119ciolecia, trac\u0105c jedynie 1% co 100 lat (przy w\u0142a\u015bciwym przechowywaniu, piel\u0119gnacji i ochronie).\u00a0<\/span>\n\n\n\n<span style=\"font-weight: 400;\">Wi\u0119kszo\u015b\u0107 innych dostawc\u00f3w magnes\u00f3w traci si\u0142\u0119 przyci\u0105gania ju\u017c po kilku tygodniach. W ostatnich latach zauwa\u017camy coraz wi\u0119cej magnes\u00f3w niskiej jako\u015bci na rynku: wi\u0119ksze magnesy o ni\u017cszej sile przyci\u0105gania, niskiej jako\u015bci neodym, fa\u0142szywe reklamy. Kupuj\u0105c takie magnesy taniej lub u wielkich korporacji, mo\u017cna si\u0119 rozczarowa\u0107, mimo \u017ce zaoszcz\u0119dzili\u015bmy troch\u0119 pieni\u0119dzy.\u00a0<\/span>\n\n\n\n<span style=\"font-weight: 400;\">Magnetar to ma\u0142a, rodzinna firma, kt\u00f3ra stawia jako\u015b\u0107 na pierwszym miejscu we wszystkim, co robimy. Jeste\u015bmy entuzjastami \u0142owienia magnesem i wszystkie nasze magnesy s\u0105 tworzone, projektowane i wytwarzane przez nasz zesp\u00f3\u0142, aby zapewni\u0107 Ci najwi\u0119ksz\u0105 warto\u015b\u0107 (lub skarby z Twojego magnesu!). Je\u015bli chcesz niezawodnego, skutecznego i pot\u0119\u017cnego magnesu do \u0142owienia, trafi\u0142e\u015b we w\u0142a\u015bciwe miejsce. Ch\u0119tnie nawi\u0105\u017cemy kontakt, <a href=\"mailto:info@magnetarmagnets.com\">skontaktuj si\u0119 z nami tutaj<\/a>.<\/span>\n\n<h2><b>Os\u0142ona ochronna<\/b><\/h2>\n\nOs\u0142ony ochronne to idealny dodatek dla w\u0119dkarzy magnetycznych, kt\u00f3rzy chc\u0105 chroni\u0107 swoje magnesy neodymowe podczas u\u017cywania. Te trwa\u0142e os\u0142ony s\u0105 specjalnie zaprojektowane, aby idealnie pasowa\u0107 do magnesu i zapewni\u0107 dodatkow\u0105 warstw\u0119 ochrony przed zadrapaniami, p\u0119kni\u0119ciami i innymi uszkodzeniami. Nasze os\u0142ony ochronne s\u0105 trwa\u0142e i wytrzymuj\u0105 najci\u0119\u017csze warunki. Os\u0142ona ochronna wykonana jest ze stali nierdzewnej. Zapewnia to, \u017ce Tw\u00f3j magnes pozostaje magnetyczny w 360\u00b0. Dzi\u0119ki naszym os\u0142onom mo\u017cesz cieszy\u0107 si\u0119 \u0142owieniem magnesem bez obaw o uszkodzenie cennego magnesu do \u0142owienia. Os\u0142ona mo\u017ce by\u0107 dodana oddzielnie do tego magnesu.\n\n\n\n(Prosimy pami\u0119ta\u0107, \u017ce dolna cz\u0119\u015b\u0107 magnesu nie jest chroniona przez os\u0142on\u0119)\n\n<h2><b>U\u017cywaj ostro\u017cnie<\/b><\/h2>\n\n<span style=\"font-weight: 400;\">Nasze magnesy neodymowe s\u0105 bardzo pot\u0119\u017cne i mog\u0105 przyci\u0105ga\u0107 \u017celazne przedmioty z du\u017c\u0105 pr\u0119dko\u015bci\u0105, gdy znajduj\u0105 si\u0119 blisko. W przypadku silniejszych magnes\u00f3w, takich jak uniwersalny magnes 360\u00b0, Twoje palce mog\u0105 zosta\u0107 przyci\u015bni\u0119te mi\u0119dzy magnesem a innymi przedmiotami. Obs\u0142uguj magnesy ostro\u017cnie i korzystaj z nich na w\u0142asne ryzyko. Zawsze przeczytaj nasze ostrze\u017cenia dotycz\u0105ce bezpiecze\u0144stwa przed u\u017cyciem.<\/span>\n\n\n\nA tak przy okazji, z naszymi <a href=\"https:\/\/magnetarmagnets.com\/magnet-fishing-kit\/\" target=\"_blank\" rel=\"noopener\">zestawami do \u0142owienia magnesem<\/a> otrzymasz wszystko, czego potrzebujesz!\n\n\n\n<span style=\"font-weight: 400;\">* Dzieci musz\u0105 u\u017cywa\u0107 magnes pod nadzorem rodzic\u00f3w.<\/span>","protected":false},"excerpt":{"rendered":"<p><span style=\"font-weight: 400;\">Nasz magnes Terror jest przeznaczony dla zaawansowanych i odwa\u017cnych magnetycznych w\u0119dkarzy, kt\u00f3rzy chc\u0105 z\u0142owi\u0107 to, czego \u017caden inny magnetyczny w\u0119dkarz wcze\u015bniej nie z\u0142apa\u0142. Dzi\u0119ki polu magnetycznemu 360\u00b0, ten czysty magnes neodymowy jest niezwykle pot\u0119\u017cny, z si\u0142\u0105 przyci\u0105gania wynosz\u0105c\u0105 do 1000 kg. Uwaga: ten magnes nie jest dla os\u00f3b o s\u0142abym sercu!<\/span><\/p>\n","protected":false},"featured_media":78492,"comment_status":"open","ping_status":"closed","template":"","meta":{"_acf_changed":false,"inline_featured_image":false},"product_brand":[],"product_cat":[586,581],"product_tag":[],"class_list":{"0":"post-83662","1":"product","2":"type-product","3":"status-publish","4":"has-post-thumbnail","6":"product_cat-allround-magnesy-do-lowienia-360","7":"product_cat-magnesy-do-lowienia","9":"first","10":"instock","11":"taxable","12":"shipping-taxable","13":"purchasable","14":"product-type-simple"},"acf":[],"yoast_head":"<!-- This site is optimized with the Yoast SEO plugin v27.4 - https:\/\/yoast.com\/product\/yoast-seo-wordpress\/ -->\n<title>Terror Magnet \u00ae - 1000kg - Uniwersalny Magnes 360\u00b0<\/title>\n<meta name=\"description\" content=\"Neodymowy magnes do \u0142owienia Terror od Magnetar. 360\u00b0 z si\u0142\u0105 przyci\u0105gania 1000 kg, jak wida\u0107 na YouTube! Zam\u00f3w przed 23:00: dostawa jutro!\" \/>\n<meta name=\"robots\" content=\"index, follow, max-snippet:-1, max-image-preview:large, max-video-preview:-1\" \/>\n<link rel=\"canonical\" href=\"https:\/\/magnetarmagnets.com\/pl\/shop\/terror-magnet-1000kg-uniwersalny-magnes-360\/\" \/>\n<meta property=\"og:locale\" content=\"pl_PL\" \/>\n<meta property=\"og:type\" content=\"article\" \/>\n<meta property=\"og:title\" content=\"Terror Magnet \u00ae - 1000kg - Uniwersalny Magnes 360\u00b0\" \/>\n<meta property=\"og:description\" content=\"Neodymowy magnes do \u0142owienia Terror od Magnetar. 360\u00b0 z si\u0142\u0105 przyci\u0105gania 1000 kg, jak wida\u0107 na YouTube! Zam\u00f3w przed 23:00: dostawa jutro!\" \/>\n<meta property=\"og:url\" content=\"https:\/\/magnetarmagnets.com\/pl\/shop\/terror-magnet-1000kg-uniwersalny-magnes-360\/\" \/>\n<meta property=\"og:site_name\" content=\"Magnet fishing with a Magnetar fishing magnet\" \/>\n<meta property=\"article:publisher\" content=\"https:\/\/www.facebook.com\/fishingmagnets\/\" \/>\n<meta property=\"article:modified_time\" content=\"2026-04-03T08:14:23+00:00\" \/>\n<meta property=\"og:image\" content=\"https:\/\/magnetarmagnets.com\/wp-content\/uploads\/2018\/08\/Terror-magnet-360-Degrees-Neodymium.jpeg\" \/>\n\t<meta property=\"og:image:width\" content=\"1000\" \/>\n\t<meta property=\"og:image:height\" content=\"1000\" \/>\n\t<meta property=\"og:image:type\" content=\"image\/jpeg\" \/>\n<meta name=\"twitter:card\" content=\"summary_large_image\" \/>\n<meta name=\"twitter:label1\" content=\"Szacowany czas czytania\" \/>\n\t<meta name=\"twitter:data1\" content=\"5 minut\" \/>\n<script type=\"application\/ld+json\" class=\"yoast-schema-graph\">{\"@context\":\"https:\\\/\\\/schema.org\",\"@graph\":[{\"@type\":[\"WebPage\",\"ItemPage\"],\"@id\":\"https:\\\/\\\/magnetarmagnets.com\\\/pl\\\/shop\\\/terror-magnet-1000kg-uniwersalny-magnes-360\\\/\",\"url\":\"https:\\\/\\\/magnetarmagnets.com\\\/pl\\\/shop\\\/terror-magnet-1000kg-uniwersalny-magnes-360\\\/\",\"name\":\"Terror Magnet \u00ae - 1000kg - Uniwersalny Magnes 360\u00b0\",\"isPartOf\":{\"@id\":\"https:\\\/\\\/magnetarmagnets.com\\\/pl\\\/#website\"},\"primaryImageOfPage\":{\"@id\":\"https:\\\/\\\/magnetarmagnets.com\\\/pl\\\/shop\\\/terror-magnet-1000kg-uniwersalny-magnes-360\\\/#primaryimage\"},\"image\":{\"@id\":\"https:\\\/\\\/magnetarmagnets.com\\\/pl\\\/shop\\\/terror-magnet-1000kg-uniwersalny-magnes-360\\\/#primaryimage\"},\"thumbnailUrl\":\"https:\\\/\\\/magnetarmagnets.com\\\/wp-content\\\/uploads\\\/2018\\\/08\\\/Terror-magnet-360-Degrees-Neodymium.jpeg\",\"datePublished\":\"2025-06-05T07:54:39+00:00\",\"dateModified\":\"2026-04-03T08:14:23+00:00\",\"description\":\"Neodymowy magnes do \u0142owienia Terror od Magnetar. 360\u00b0 z si\u0142\u0105 przyci\u0105gania 1000 kg, jak wida\u0107 na YouTube! Zam\u00f3w przed 23:00: dostawa jutro!\",\"breadcrumb\":{\"@id\":\"https:\\\/\\\/magnetarmagnets.com\\\/pl\\\/shop\\\/terror-magnet-1000kg-uniwersalny-magnes-360\\\/#breadcrumb\"},\"inLanguage\":\"pl-PL\",\"potentialAction\":[{\"@type\":\"ReadAction\",\"target\":[\"https:\\\/\\\/magnetarmagnets.com\\\/pl\\\/shop\\\/terror-magnet-1000kg-uniwersalny-magnes-360\\\/\"]}]},{\"@type\":\"ImageObject\",\"inLanguage\":\"pl-PL\",\"@id\":\"https:\\\/\\\/magnetarmagnets.com\\\/pl\\\/shop\\\/terror-magnet-1000kg-uniwersalny-magnes-360\\\/#primaryimage\",\"url\":\"https:\\\/\\\/magnetarmagnets.com\\\/wp-content\\\/uploads\\\/2018\\\/08\\\/Terror-magnet-360-Degrees-Neodymium.jpeg\",\"contentUrl\":\"https:\\\/\\\/magnetarmagnets.com\\\/wp-content\\\/uploads\\\/2018\\\/08\\\/Terror-magnet-360-Degrees-Neodymium.jpeg\",\"width\":1000,\"height\":1000,\"caption\":\"Terror magnet for magnet fishing with 360 Degree Neodymium pull power\"},{\"@type\":\"BreadcrumbList\",\"@id\":\"https:\\\/\\\/magnetarmagnets.com\\\/pl\\\/shop\\\/terror-magnet-1000kg-uniwersalny-magnes-360\\\/#breadcrumb\",\"itemListElement\":[{\"@type\":\"ListItem\",\"position\":1,\"name\":\"Home\",\"item\":\"https:\\\/\\\/magnetarmagnets.com\\\/pl\\\/\"},{\"@type\":\"ListItem\",\"position\":2,\"name\":\"Sklep\",\"item\":\"https:\\\/\\\/magnetarmagnets.com\\\/sklep\\\/\"},{\"@type\":\"ListItem\",\"position\":3,\"name\":\"Magnesy do \u0142owienia\",\"item\":\"https:\\\/\\\/magnetarmagnets.com\\\/pl\\\/collections\\\/magnesy-do-lowienia\\\/\"},{\"@type\":\"ListItem\",\"position\":4,\"name\":\"Allround magnesy do \u0142owienia 360\u00b0\",\"item\":\"https:\\\/\\\/magnetarmagnets.com\\\/pl\\\/collections\\\/magnesy-do-lowienia\\\/allround-magnesy-do-lowienia-360\\\/\"},{\"@type\":\"ListItem\",\"position\":5,\"name\":\"Terror Magnet \u00ae &#8211; 1000kg &#8211; Uniwersalny Magnes 360\u00b0\"}]},{\"@type\":\"WebSite\",\"@id\":\"https:\\\/\\\/magnetarmagnets.com\\\/pl\\\/#website\",\"url\":\"https:\\\/\\\/magnetarmagnets.com\\\/pl\\\/\",\"name\":\"Magnet fishing with a Magnetar fishing magnet\",\"description\":\"Mocne magnesy do po\u0142owu na magnes\",\"publisher\":{\"@id\":\"https:\\\/\\\/magnetarmagnets.com\\\/pl\\\/#organization\"},\"potentialAction\":[{\"@type\":\"SearchAction\",\"target\":{\"@type\":\"EntryPoint\",\"urlTemplate\":\"https:\\\/\\\/magnetarmagnets.com\\\/pl\\\/?s={search_term_string}\"},\"query-input\":{\"@type\":\"PropertyValueSpecification\",\"valueRequired\":true,\"valueName\":\"search_term_string\"}}],\"inLanguage\":\"pl-PL\"},{\"@type\":\"Organization\",\"@id\":\"https:\\\/\\\/magnetarmagnets.com\\\/pl\\\/#organization\",\"name\":\"Magnetar\",\"url\":\"https:\\\/\\\/magnetarmagnets.com\\\/pl\\\/\",\"logo\":{\"@type\":\"ImageObject\",\"inLanguage\":\"pl-PL\",\"@id\":\"https:\\\/\\\/magnetarmagnets.com\\\/pl\\\/#\\\/schema\\\/logo\\\/image\\\/\",\"url\":\"https:\\\/\\\/magnetarmagnets.com\\\/wp-content\\\/uploads\\\/2025\\\/05\\\/Logo-03_PNG-Black-scaled.png\",\"contentUrl\":\"https:\\\/\\\/magnetarmagnets.com\\\/wp-content\\\/uploads\\\/2025\\\/05\\\/Logo-03_PNG-Black-scaled.png\",\"width\":2560,\"height\":1658,\"caption\":\"Magnetar\"},\"image\":{\"@id\":\"https:\\\/\\\/magnetarmagnets.com\\\/pl\\\/#\\\/schema\\\/logo\\\/image\\\/\"},\"sameAs\":[\"https:\\\/\\\/www.facebook.com\\\/fishingmagnets\\\/\",\"https:\\\/\\\/www.instagram.com\\\/magnetar_magnets\\\/\",\"https:\\\/\\\/www.linkedin.com\\\/company\\\/magnetarbv\\\/?originalSubdomain=nl\",\"https:\\\/\\\/www.youtube.com\\\/c\\\/MagnetarVismagneet\"]}]}<\/script>\n<!-- \/ Yoast SEO plugin. -->","yoast_head_json":{"title":"Terror Magnet \u00ae - 1000kg - Uniwersalny Magnes 360\u00b0","description":"Neodymowy magnes do \u0142owienia Terror od Magnetar. 360\u00b0 z si\u0142\u0105 przyci\u0105gania 1000 kg, jak wida\u0107 na YouTube! Zam\u00f3w przed 23:00: dostawa jutro!","robots":{"index":"index","follow":"follow","max-snippet":"max-snippet:-1","max-image-preview":"max-image-preview:large","max-video-preview":"max-video-preview:-1"},"canonical":"https:\/\/magnetarmagnets.com\/pl\/shop\/terror-magnet-1000kg-uniwersalny-magnes-360\/","og_locale":"pl_PL","og_type":"article","og_title":"Terror Magnet \u00ae - 1000kg - Uniwersalny Magnes 360\u00b0","og_description":"Neodymowy magnes do \u0142owienia Terror od Magnetar. 360\u00b0 z si\u0142\u0105 przyci\u0105gania 1000 kg, jak wida\u0107 na YouTube! Zam\u00f3w przed 23:00: dostawa jutro!","og_url":"https:\/\/magnetarmagnets.com\/pl\/shop\/terror-magnet-1000kg-uniwersalny-magnes-360\/","og_site_name":"Magnet fishing with a Magnetar fishing magnet","article_publisher":"https:\/\/www.facebook.com\/fishingmagnets\/","article_modified_time":"2026-04-03T08:14:23+00:00","og_image":[{"width":1000,"height":1000,"url":"https:\/\/magnetarmagnets.com\/wp-content\/uploads\/2018\/08\/Terror-magnet-360-Degrees-Neodymium.jpeg","type":"image\/jpeg"}],"twitter_card":"summary_large_image","twitter_misc":{"Szacowany czas czytania":"5 minut"},"schema":{"@context":"https:\/\/schema.org","@graph":[{"@type":["WebPage","ItemPage"],"@id":"https:\/\/magnetarmagnets.com\/pl\/shop\/terror-magnet-1000kg-uniwersalny-magnes-360\/","url":"https:\/\/magnetarmagnets.com\/pl\/shop\/terror-magnet-1000kg-uniwersalny-magnes-360\/","name":"Terror Magnet \u00ae - 1000kg - Uniwersalny Magnes 360\u00b0","isPartOf":{"@id":"https:\/\/magnetarmagnets.com\/pl\/#website"},"primaryImageOfPage":{"@id":"https:\/\/magnetarmagnets.com\/pl\/shop\/terror-magnet-1000kg-uniwersalny-magnes-360\/#primaryimage"},"image":{"@id":"https:\/\/magnetarmagnets.com\/pl\/shop\/terror-magnet-1000kg-uniwersalny-magnes-360\/#primaryimage"},"thumbnailUrl":"https:\/\/magnetarmagnets.com\/wp-content\/uploads\/2018\/08\/Terror-magnet-360-Degrees-Neodymium.jpeg","datePublished":"2025-06-05T07:54:39+00:00","dateModified":"2026-04-03T08:14:23+00:00","description":"Neodymowy magnes do \u0142owienia Terror od Magnetar. 360\u00b0 z si\u0142\u0105 przyci\u0105gania 1000 kg, jak wida\u0107 na YouTube! Zam\u00f3w przed 23:00: dostawa jutro!","breadcrumb":{"@id":"https:\/\/magnetarmagnets.com\/pl\/shop\/terror-magnet-1000kg-uniwersalny-magnes-360\/#breadcrumb"},"inLanguage":"pl-PL","potentialAction":[{"@type":"ReadAction","target":["https:\/\/magnetarmagnets.com\/pl\/shop\/terror-magnet-1000kg-uniwersalny-magnes-360\/"]}]},{"@type":"ImageObject","inLanguage":"pl-PL","@id":"https:\/\/magnetarmagnets.com\/pl\/shop\/terror-magnet-1000kg-uniwersalny-magnes-360\/#primaryimage","url":"https:\/\/magnetarmagnets.com\/wp-content\/uploads\/2018\/08\/Terror-magnet-360-Degrees-Neodymium.jpeg","contentUrl":"https:\/\/magnetarmagnets.com\/wp-content\/uploads\/2018\/08\/Terror-magnet-360-Degrees-Neodymium.jpeg","width":1000,"height":1000,"caption":"Terror magnet for magnet fishing with 360 Degree Neodymium pull power"},{"@type":"BreadcrumbList","@id":"https:\/\/magnetarmagnets.com\/pl\/shop\/terror-magnet-1000kg-uniwersalny-magnes-360\/#breadcrumb","itemListElement":[{"@type":"ListItem","position":1,"name":"Home","item":"https:\/\/magnetarmagnets.com\/pl\/"},{"@type":"ListItem","position":2,"name":"Sklep","item":"https:\/\/magnetarmagnets.com\/sklep\/"},{"@type":"ListItem","position":3,"name":"Magnesy do \u0142owienia","item":"https:\/\/magnetarmagnets.com\/pl\/collections\/magnesy-do-lowienia\/"},{"@type":"ListItem","position":4,"name":"Allround magnesy do \u0142owienia 360\u00b0","item":"https:\/\/magnetarmagnets.com\/pl\/collections\/magnesy-do-lowienia\/allround-magnesy-do-lowienia-360\/"},{"@type":"ListItem","position":5,"name":"Terror Magnet \u00ae &#8211; 1000kg &#8211; Uniwersalny Magnes 360\u00b0"}]},{"@type":"WebSite","@id":"https:\/\/magnetarmagnets.com\/pl\/#website","url":"https:\/\/magnetarmagnets.com\/pl\/","name":"Magnet fishing with a Magnetar fishing magnet","description":"Mocne magnesy do po\u0142owu na magnes","publisher":{"@id":"https:\/\/magnetarmagnets.com\/pl\/#organization"},"potentialAction":[{"@type":"SearchAction","target":{"@type":"EntryPoint","urlTemplate":"https:\/\/magnetarmagnets.com\/pl\/?s={search_term_string}"},"query-input":{"@type":"PropertyValueSpecification","valueRequired":true,"valueName":"search_term_string"}}],"inLanguage":"pl-PL"},{"@type":"Organization","@id":"https:\/\/magnetarmagnets.com\/pl\/#organization","name":"Magnetar","url":"https:\/\/magnetarmagnets.com\/pl\/","logo":{"@type":"ImageObject","inLanguage":"pl-PL","@id":"https:\/\/magnetarmagnets.com\/pl\/#\/schema\/logo\/image\/","url":"https:\/\/magnetarmagnets.com\/wp-content\/uploads\/2025\/05\/Logo-03_PNG-Black-scaled.png","contentUrl":"https:\/\/magnetarmagnets.com\/wp-content\/uploads\/2025\/05\/Logo-03_PNG-Black-scaled.png","width":2560,"height":1658,"caption":"Magnetar"},"image":{"@id":"https:\/\/magnetarmagnets.com\/pl\/#\/schema\/logo\/image\/"},"sameAs":["https:\/\/www.facebook.com\/fishingmagnets\/","https:\/\/www.instagram.com\/magnetar_magnets\/","https:\/\/www.linkedin.com\/company\/magnetarbv\/?originalSubdomain=nl","https:\/\/www.youtube.com\/c\/MagnetarVismagneet"]}]}},"_links":{"self":[{"href":"https:\/\/magnetarmagnets.com\/pl\/wp-json\/wp\/v2\/product\/83662","targetHints":{"allow":["GET"]}}],"collection":[{"href":"https:\/\/magnetarmagnets.com\/pl\/wp-json\/wp\/v2\/product"}],"about":[{"href":"https:\/\/magnetarmagnets.com\/pl\/wp-json\/wp\/v2\/types\/product"}],"replies":[{"embeddable":true,"href":"https:\/\/magnetarmagnets.com\/pl\/wp-json\/wp\/v2\/comments?post=83662"}],"version-history":[{"count":1,"href":"https:\/\/magnetarmagnets.com\/pl\/wp-json\/wp\/v2\/product\/83662\/revisions"}],"predecessor-version":[{"id":94587,"href":"https:\/\/magnetarmagnets.com\/pl\/wp-json\/wp\/v2\/product\/83662\/revisions\/94587"}],"wp:featuredmedia":[{"embeddable":true,"href":"https:\/\/magnetarmagnets.com\/pl\/wp-json\/wp\/v2\/media\/78492"}],"wp:attachment":[{"href":"https:\/\/magnetarmagnets.com\/pl\/wp-json\/wp\/v2\/media?parent=83662"}],"wp:term":[{"taxonomy":"product_brand","embeddable":true,"href":"https:\/\/magnetarmagnets.com\/pl\/wp-json\/wp\/v2\/product_brand?post=83662"},{"taxonomy":"product_cat","embeddable":true,"href":"https:\/\/magnetarmagnets.com\/pl\/wp-json\/wp\/v2\/product_cat?post=83662"},{"taxonomy":"product_tag","embeddable":true,"href":"https:\/\/magnetarmagnets.com\/pl\/wp-json\/wp\/v2\/product_tag?post=83662"}],"curies":[{"name":"wp","href":"https:\/\/api.w.org\/{rel}","templated":true}]}}