{"id":83660,"date":"2025-06-05T09:54:39","date_gmt":"2025-06-05T07:54:39","guid":{"rendered":"https:\/\/magnetarmagnets.com\/?post_type=product&#038;p=83660"},"modified":"2026-04-04T07:28:23","modified_gmt":"2026-04-04T05:28:23","slug":"magnetyczny-uchwyt-na-noze","status":"publish","type":"product","link":"https:\/\/magnetarmagnets.com\/pl\/shop\/magnetyczny-uchwyt-na-noze\/","title":{"rendered":"Magnetyczny uchwyt na no\u017ce"},"content":{"rendered":"<h2><strong>Magnes do no\u017cy<\/strong><\/h2>\n\n<ul>\n\n \t<li style=\"font-weight: 400;\"><span style=\"font-weight: 400;\">1 x drewniany uchwyt na no\u017ce<\/span><\/li>\n\n \t<li style=\"font-weight: 400;\"><span style=\"font-weight: 400;\">2 x \u015bruby<\/span><\/li>\n\n \t<li style=\"font-weight: 400;\"><span style=\"font-weight: 400;\">2 x ko\u0142ki rozporowe<\/span><\/li>\n\n \t<li style=\"font-weight: 400;\"><span style=\"font-weight: 400;\">prosta instrukcja monta\u017cu<\/span><\/li>\n\n<\/ul>\n\n<span style=\"font-weight: 400;\">Nie chowaj no\u017cy: zawie\u015b je higienicznie, prosto i szybko na magnetycznym uchwycie na no\u017ce!<\/span>\n\n\n\n<span style=\"font-weight: 400;\">\u0141atwo zawie\u015b no\u017ce na magnetycznym pasku Magnetar. No\u017ce b\u0119d\u0105 &#8220;przylega\u0107&#8221; do magnetycznego paska w bezpieczny i bardzo stylowy spos\u00f3b.\u00a0<\/span>\n\n<h2><strong>Zalety magnetycznego uchwytu na no\u017ce<\/strong><\/h2>\n\n<span style=\"font-weight: 400;\">Mo\u017cesz przechowywa\u0107 no\u017ce na wysoko\u015bci, tak aby dzieci do nich nie si\u0119ga\u0142y. Uszkodzenia w szufladzie kuchennej czy szafce to ju\u017c przesz\u0142o\u015b\u0107, a Twoje no\u017ce b\u0119d\u0105 d\u0142u\u017cej s\u0142u\u017cy\u0107. No\u017ce b\u0119d\u0105 wisie\u0107 w ch\u0142odny i stylowy spos\u00f3b w Twojej kuchni. Mo\u017cesz by\u0107 dumny ze swoich no\u017cy i przesta\u0107 chowa\u0107 je w bloku na no\u017ce lub szufladzie kuchennej!<\/span>\n\n<h2><strong>Informacje i monta\u017c<\/strong><\/h2>\n\n<span style=\"font-weight: 400;\">Magnetyczny uchwyt na no\u017ce wykonany jest z naturalnego drewna, kt\u00f3re \u015bwietnie prezentuje si\u0119 w Twojej kuchni. Oferujemy r\u00f3wnie\u017c wersj\u0119 z RVS. Monta\u017c magnetycznego uchwytu na no\u017ce nie zajmie du\u017co czasu i jest bardzo prosty. Ka\u017cdy, kto trzyma\u0142 w r\u0119ku wiertark\u0119, poradzi sobie z monta\u017cem tego uchwytu. W zestawie znajduj\u0105 si\u0119 dwie \u015bruby i dwa ko\u0142ki, wi\u0119c nie musisz ich kupowa\u0107 osobno.\u00a0<\/span>\n\n<h2><strong>Specyfikacje magnesu do no\u017cy<\/strong><\/h2>\n\n<span style=\"font-weight: 400;\">Pasek na no\u017ce ma szeroko\u015b\u0107 6,3 cm, co oznacza, \u017ce zar\u00f3wno ma\u0142e, jak i du\u017ce no\u017ce b\u0119d\u0105 si\u0119 dobrze trzyma\u0107. Mo\u017cesz zawiesi\u0107 wiele no\u017cy o d\u0142ugo\u015bci do 40 cm.<\/span>\n\n\n\n<img fetchpriority=\"high\" decoding=\"async\" class=\"size-medium wp-image-38093 alignleft\" src=\"https:\/\/magnetarmagnets.com\/wp-content\/uploads\/2018\/03\/IMG_2134-300x200.jpg\" alt=\"magnetyczny uchwyt na no\u017ce z drewna\" width=\"300\" height=\"200\" \/><img decoding=\"async\" class=\"size-medium wp-image-38094 alignright\" src=\"https:\/\/magnetarmagnets.com\/wp-content\/uploads\/2018\/03\/IMG_2133-300x200.jpg\" alt=\"magnetyczny uchwyt na no\u017ce z drewna\" width=\"300\" height=\"200\" \/>","protected":false},"excerpt":{"rendered":"<p><span style=\"font-weight: 400;\">Magnetyczny pasek narz\u0119dziowy jest wykonany z <strong>naturalnego drewna<\/strong>, kt\u00f3re wygl\u0105da bardzo <strong>stylowo<\/strong> w Twojej kuchni i jest bardzo <strong>\u0142atwy do zamocowania<\/strong>.<\/span><\/p>\n","protected":false},"featured_media":80056,"comment_status":"open","ping_status":"closed","template":"","meta":{"_acf_changed":false,"inline_featured_image":false},"product_brand":[],"product_cat":[592,588],"product_tag":[],"class_list":{"0":"post-83660","1":"product","2":"type-product","3":"status-publish","4":"has-post-thumbnail","6":"product_cat-akcesoria-magnetyczne","7":"product_cat-sprzet","9":"first","10":"instock","11":"taxable","12":"shipping-taxable","13":"purchasable","14":"product-type-simple"},"acf":[],"yoast_head":"<!-- This site is optimized with the Yoast SEO plugin v27.4 - https:\/\/yoast.com\/product\/yoast-seo-wordpress\/ -->\n<title>Nie chowaj no\u017cy: zawie\u015b je higienicznie, prosto i szybko na magnetycznym uchwycie na no\u017ce!<\/title>\n<meta name=\"description\" content=\"Magnetyczny uchwyt na no\u017ce - proste i higieniczne rozwi\u0105zanie do przechowywania\" \/>\n<meta name=\"robots\" content=\"index, follow, max-snippet:-1, max-image-preview:large, max-video-preview:-1\" \/>\n<link rel=\"canonical\" href=\"https:\/\/magnetarmagnets.com\/pl\/shop\/magnetyczny-uchwyt-na-noze\/\" \/>\n<meta property=\"og:locale\" content=\"pl_PL\" \/>\n<meta property=\"og:type\" content=\"article\" \/>\n<meta property=\"og:title\" content=\"Nie chowaj no\u017cy: zawie\u015b je higienicznie, prosto i szybko na magnetycznym uchwycie na no\u017ce!\" \/>\n<meta property=\"og:description\" content=\"Magnetyczny uchwyt na no\u017ce - proste i higieniczne rozwi\u0105zanie do przechowywania\" \/>\n<meta property=\"og:url\" content=\"https:\/\/magnetarmagnets.com\/pl\/shop\/magnetyczny-uchwyt-na-noze\/\" \/>\n<meta property=\"og:site_name\" content=\"Magnet fishing with a Magnetar fishing magnet\" \/>\n<meta property=\"article:publisher\" content=\"https:\/\/www.facebook.com\/fishingmagnets\/\" \/>\n<meta property=\"article:modified_time\" content=\"2026-04-04T05:28:23+00:00\" \/>\n<meta property=\"og:image\" content=\"https:\/\/magnetarmagnets.com\/wp-content\/uploads\/2018\/03\/1200x1155.jpg\" \/>\n\t<meta property=\"og:image:width\" content=\"1200\" \/>\n\t<meta property=\"og:image:height\" content=\"1155\" \/>\n\t<meta property=\"og:image:type\" content=\"image\/jpeg\" \/>\n<meta name=\"twitter:card\" content=\"summary_large_image\" \/>\n<meta name=\"twitter:label1\" content=\"Szacowany czas czytania\" \/>\n\t<meta name=\"twitter:data1\" content=\"2 minuty\" \/>\n<script type=\"application\/ld+json\" class=\"yoast-schema-graph\">{\"@context\":\"https:\\\/\\\/schema.org\",\"@graph\":[{\"@type\":[\"WebPage\",\"ItemPage\"],\"@id\":\"https:\\\/\\\/magnetarmagnets.com\\\/pl\\\/shop\\\/magnetyczny-uchwyt-na-noze\\\/\",\"url\":\"https:\\\/\\\/magnetarmagnets.com\\\/pl\\\/shop\\\/magnetyczny-uchwyt-na-noze\\\/\",\"name\":\"Nie chowaj no\u017cy: zawie\u015b je higienicznie, prosto i szybko na magnetycznym uchwycie na no\u017ce!\",\"isPartOf\":{\"@id\":\"https:\\\/\\\/magnetarmagnets.com\\\/pl\\\/#website\"},\"primaryImageOfPage\":{\"@id\":\"https:\\\/\\\/magnetarmagnets.com\\\/pl\\\/shop\\\/magnetyczny-uchwyt-na-noze\\\/#primaryimage\"},\"image\":{\"@id\":\"https:\\\/\\\/magnetarmagnets.com\\\/pl\\\/shop\\\/magnetyczny-uchwyt-na-noze\\\/#primaryimage\"},\"thumbnailUrl\":\"https:\\\/\\\/magnetarmagnets.com\\\/wp-content\\\/uploads\\\/2018\\\/03\\\/1200x1155.jpg\",\"datePublished\":\"2025-06-05T07:54:39+00:00\",\"dateModified\":\"2026-04-04T05:28:23+00:00\",\"description\":\"Magnetyczny uchwyt na no\u017ce - proste i higieniczne rozwi\u0105zanie do przechowywania\",\"breadcrumb\":{\"@id\":\"https:\\\/\\\/magnetarmagnets.com\\\/pl\\\/shop\\\/magnetyczny-uchwyt-na-noze\\\/#breadcrumb\"},\"inLanguage\":\"pl-PL\",\"potentialAction\":[{\"@type\":\"ReadAction\",\"target\":[\"https:\\\/\\\/magnetarmagnets.com\\\/pl\\\/shop\\\/magnetyczny-uchwyt-na-noze\\\/\"]}]},{\"@type\":\"ImageObject\",\"inLanguage\":\"pl-PL\",\"@id\":\"https:\\\/\\\/magnetarmagnets.com\\\/pl\\\/shop\\\/magnetyczny-uchwyt-na-noze\\\/#primaryimage\",\"url\":\"https:\\\/\\\/magnetarmagnets.com\\\/wp-content\\\/uploads\\\/2018\\\/03\\\/1200x1155.jpg\",\"contentUrl\":\"https:\\\/\\\/magnetarmagnets.com\\\/wp-content\\\/uploads\\\/2018\\\/03\\\/1200x1155.jpg\",\"width\":1200,\"height\":1155,\"caption\":\"Wood Knife Holder\"},{\"@type\":\"BreadcrumbList\",\"@id\":\"https:\\\/\\\/magnetarmagnets.com\\\/pl\\\/shop\\\/magnetyczny-uchwyt-na-noze\\\/#breadcrumb\",\"itemListElement\":[{\"@type\":\"ListItem\",\"position\":1,\"name\":\"Home\",\"item\":\"https:\\\/\\\/magnetarmagnets.com\\\/pl\\\/\"},{\"@type\":\"ListItem\",\"position\":2,\"name\":\"Sklep\",\"item\":\"https:\\\/\\\/magnetarmagnets.com\\\/sklep\\\/\"},{\"@type\":\"ListItem\",\"position\":3,\"name\":\"Sprz\u0119t\",\"item\":\"https:\\\/\\\/magnetarmagnets.com\\\/pl\\\/collections\\\/sprzet\\\/\"},{\"@type\":\"ListItem\",\"position\":4,\"name\":\"Akcesoria magnetyczne\",\"item\":\"https:\\\/\\\/magnetarmagnets.com\\\/pl\\\/collections\\\/sprzet\\\/akcesoria-magnetyczne\\\/\"},{\"@type\":\"ListItem\",\"position\":5,\"name\":\"Magnetyczny uchwyt na no\u017ce\"}]},{\"@type\":\"WebSite\",\"@id\":\"https:\\\/\\\/magnetarmagnets.com\\\/pl\\\/#website\",\"url\":\"https:\\\/\\\/magnetarmagnets.com\\\/pl\\\/\",\"name\":\"Magnet fishing with a Magnetar fishing magnet\",\"description\":\"Mocne magnesy do po\u0142owu na magnes\",\"publisher\":{\"@id\":\"https:\\\/\\\/magnetarmagnets.com\\\/pl\\\/#organization\"},\"potentialAction\":[{\"@type\":\"SearchAction\",\"target\":{\"@type\":\"EntryPoint\",\"urlTemplate\":\"https:\\\/\\\/magnetarmagnets.com\\\/pl\\\/?s={search_term_string}\"},\"query-input\":{\"@type\":\"PropertyValueSpecification\",\"valueRequired\":true,\"valueName\":\"search_term_string\"}}],\"inLanguage\":\"pl-PL\"},{\"@type\":\"Organization\",\"@id\":\"https:\\\/\\\/magnetarmagnets.com\\\/pl\\\/#organization\",\"name\":\"Magnetar\",\"url\":\"https:\\\/\\\/magnetarmagnets.com\\\/pl\\\/\",\"logo\":{\"@type\":\"ImageObject\",\"inLanguage\":\"pl-PL\",\"@id\":\"https:\\\/\\\/magnetarmagnets.com\\\/pl\\\/#\\\/schema\\\/logo\\\/image\\\/\",\"url\":\"https:\\\/\\\/magnetarmagnets.com\\\/wp-content\\\/uploads\\\/2025\\\/05\\\/Logo-03_PNG-Black-scaled.png\",\"contentUrl\":\"https:\\\/\\\/magnetarmagnets.com\\\/wp-content\\\/uploads\\\/2025\\\/05\\\/Logo-03_PNG-Black-scaled.png\",\"width\":2560,\"height\":1658,\"caption\":\"Magnetar\"},\"image\":{\"@id\":\"https:\\\/\\\/magnetarmagnets.com\\\/pl\\\/#\\\/schema\\\/logo\\\/image\\\/\"},\"sameAs\":[\"https:\\\/\\\/www.facebook.com\\\/fishingmagnets\\\/\",\"https:\\\/\\\/www.instagram.com\\\/magnetar_magnets\\\/\",\"https:\\\/\\\/www.linkedin.com\\\/company\\\/magnetarbv\\\/?originalSubdomain=nl\",\"https:\\\/\\\/www.youtube.com\\\/c\\\/MagnetarVismagneet\"]}]}<\/script>\n<!-- \/ Yoast SEO plugin. -->","yoast_head_json":{"title":"Nie chowaj no\u017cy: zawie\u015b je higienicznie, prosto i szybko na magnetycznym uchwycie na no\u017ce!","description":"Magnetyczny uchwyt na no\u017ce - proste i higieniczne rozwi\u0105zanie do przechowywania","robots":{"index":"index","follow":"follow","max-snippet":"max-snippet:-1","max-image-preview":"max-image-preview:large","max-video-preview":"max-video-preview:-1"},"canonical":"https:\/\/magnetarmagnets.com\/pl\/shop\/magnetyczny-uchwyt-na-noze\/","og_locale":"pl_PL","og_type":"article","og_title":"Nie chowaj no\u017cy: zawie\u015b je higienicznie, prosto i szybko na magnetycznym uchwycie na no\u017ce!","og_description":"Magnetyczny uchwyt na no\u017ce - proste i higieniczne rozwi\u0105zanie do przechowywania","og_url":"https:\/\/magnetarmagnets.com\/pl\/shop\/magnetyczny-uchwyt-na-noze\/","og_site_name":"Magnet fishing with a Magnetar fishing magnet","article_publisher":"https:\/\/www.facebook.com\/fishingmagnets\/","article_modified_time":"2026-04-04T05:28:23+00:00","og_image":[{"width":1200,"height":1155,"url":"https:\/\/magnetarmagnets.com\/wp-content\/uploads\/2018\/03\/1200x1155.jpg","type":"image\/jpeg"}],"twitter_card":"summary_large_image","twitter_misc":{"Szacowany czas czytania":"2 minuty"},"schema":{"@context":"https:\/\/schema.org","@graph":[{"@type":["WebPage","ItemPage"],"@id":"https:\/\/magnetarmagnets.com\/pl\/shop\/magnetyczny-uchwyt-na-noze\/","url":"https:\/\/magnetarmagnets.com\/pl\/shop\/magnetyczny-uchwyt-na-noze\/","name":"Nie chowaj no\u017cy: zawie\u015b je higienicznie, prosto i szybko na magnetycznym uchwycie na no\u017ce!","isPartOf":{"@id":"https:\/\/magnetarmagnets.com\/pl\/#website"},"primaryImageOfPage":{"@id":"https:\/\/magnetarmagnets.com\/pl\/shop\/magnetyczny-uchwyt-na-noze\/#primaryimage"},"image":{"@id":"https:\/\/magnetarmagnets.com\/pl\/shop\/magnetyczny-uchwyt-na-noze\/#primaryimage"},"thumbnailUrl":"https:\/\/magnetarmagnets.com\/wp-content\/uploads\/2018\/03\/1200x1155.jpg","datePublished":"2025-06-05T07:54:39+00:00","dateModified":"2026-04-04T05:28:23+00:00","description":"Magnetyczny uchwyt na no\u017ce - proste i higieniczne rozwi\u0105zanie do przechowywania","breadcrumb":{"@id":"https:\/\/magnetarmagnets.com\/pl\/shop\/magnetyczny-uchwyt-na-noze\/#breadcrumb"},"inLanguage":"pl-PL","potentialAction":[{"@type":"ReadAction","target":["https:\/\/magnetarmagnets.com\/pl\/shop\/magnetyczny-uchwyt-na-noze\/"]}]},{"@type":"ImageObject","inLanguage":"pl-PL","@id":"https:\/\/magnetarmagnets.com\/pl\/shop\/magnetyczny-uchwyt-na-noze\/#primaryimage","url":"https:\/\/magnetarmagnets.com\/wp-content\/uploads\/2018\/03\/1200x1155.jpg","contentUrl":"https:\/\/magnetarmagnets.com\/wp-content\/uploads\/2018\/03\/1200x1155.jpg","width":1200,"height":1155,"caption":"Wood Knife Holder"},{"@type":"BreadcrumbList","@id":"https:\/\/magnetarmagnets.com\/pl\/shop\/magnetyczny-uchwyt-na-noze\/#breadcrumb","itemListElement":[{"@type":"ListItem","position":1,"name":"Home","item":"https:\/\/magnetarmagnets.com\/pl\/"},{"@type":"ListItem","position":2,"name":"Sklep","item":"https:\/\/magnetarmagnets.com\/sklep\/"},{"@type":"ListItem","position":3,"name":"Sprz\u0119t","item":"https:\/\/magnetarmagnets.com\/pl\/collections\/sprzet\/"},{"@type":"ListItem","position":4,"name":"Akcesoria magnetyczne","item":"https:\/\/magnetarmagnets.com\/pl\/collections\/sprzet\/akcesoria-magnetyczne\/"},{"@type":"ListItem","position":5,"name":"Magnetyczny uchwyt na no\u017ce"}]},{"@type":"WebSite","@id":"https:\/\/magnetarmagnets.com\/pl\/#website","url":"https:\/\/magnetarmagnets.com\/pl\/","name":"Magnet fishing with a Magnetar fishing magnet","description":"Mocne magnesy do po\u0142owu na magnes","publisher":{"@id":"https:\/\/magnetarmagnets.com\/pl\/#organization"},"potentialAction":[{"@type":"SearchAction","target":{"@type":"EntryPoint","urlTemplate":"https:\/\/magnetarmagnets.com\/pl\/?s={search_term_string}"},"query-input":{"@type":"PropertyValueSpecification","valueRequired":true,"valueName":"search_term_string"}}],"inLanguage":"pl-PL"},{"@type":"Organization","@id":"https:\/\/magnetarmagnets.com\/pl\/#organization","name":"Magnetar","url":"https:\/\/magnetarmagnets.com\/pl\/","logo":{"@type":"ImageObject","inLanguage":"pl-PL","@id":"https:\/\/magnetarmagnets.com\/pl\/#\/schema\/logo\/image\/","url":"https:\/\/magnetarmagnets.com\/wp-content\/uploads\/2025\/05\/Logo-03_PNG-Black-scaled.png","contentUrl":"https:\/\/magnetarmagnets.com\/wp-content\/uploads\/2025\/05\/Logo-03_PNG-Black-scaled.png","width":2560,"height":1658,"caption":"Magnetar"},"image":{"@id":"https:\/\/magnetarmagnets.com\/pl\/#\/schema\/logo\/image\/"},"sameAs":["https:\/\/www.facebook.com\/fishingmagnets\/","https:\/\/www.instagram.com\/magnetar_magnets\/","https:\/\/www.linkedin.com\/company\/magnetarbv\/?originalSubdomain=nl","https:\/\/www.youtube.com\/c\/MagnetarVismagneet"]}]}},"_links":{"self":[{"href":"https:\/\/magnetarmagnets.com\/pl\/wp-json\/wp\/v2\/product\/83660","targetHints":{"allow":["GET"]}}],"collection":[{"href":"https:\/\/magnetarmagnets.com\/pl\/wp-json\/wp\/v2\/product"}],"about":[{"href":"https:\/\/magnetarmagnets.com\/pl\/wp-json\/wp\/v2\/types\/product"}],"replies":[{"embeddable":true,"href":"https:\/\/magnetarmagnets.com\/pl\/wp-json\/wp\/v2\/comments?post=83660"}],"version-history":[{"count":0,"href":"https:\/\/magnetarmagnets.com\/pl\/wp-json\/wp\/v2\/product\/83660\/revisions"}],"wp:featuredmedia":[{"embeddable":true,"href":"https:\/\/magnetarmagnets.com\/pl\/wp-json\/wp\/v2\/media\/80056"}],"wp:attachment":[{"href":"https:\/\/magnetarmagnets.com\/pl\/wp-json\/wp\/v2\/media?parent=83660"}],"wp:term":[{"taxonomy":"product_brand","embeddable":true,"href":"https:\/\/magnetarmagnets.com\/pl\/wp-json\/wp\/v2\/product_brand?post=83660"},{"taxonomy":"product_cat","embeddable":true,"href":"https:\/\/magnetarmagnets.com\/pl\/wp-json\/wp\/v2\/product_cat?post=83660"},{"taxonomy":"product_tag","embeddable":true,"href":"https:\/\/magnetarmagnets.com\/pl\/wp-json\/wp\/v2\/product_tag?post=83660"}],"curies":[{"name":"wp","href":"https:\/\/api.w.org\/{rel}","templated":true}]}}