{"id":83659,"date":"2025-06-05T09:54:40","date_gmt":"2025-06-05T07:54:40","guid":{"rendered":"https:\/\/magnetarmagnets.com\/?post_type=product&#038;p=83659"},"modified":"2026-04-17T00:29:06","modified_gmt":"2026-04-16T22:29:06","slug":"klasyczny-magnes-do-lowienia-110kg-jednostronny","status":"publish","type":"product","link":"https:\/\/magnetarmagnets.com\/pl\/shop\/klasyczny-magnes-do-lowienia-110kg-jednostronny\/","title":{"rendered":"Klasyczny magnes do \u0142owienia 110KG &#8211; jednostronny"},"content":{"rendered":"Klasyczny magnes do \u0142owienia 110kg <span style=\"font-weight: 400;\">to jednostronny neodymowy magnes do \u0142owienia o maksymalnej sile przyci\u0105gania 110kg. Polecamy nasz klasyczny magnes 110 dzieciom lub osobom, kt\u00f3re potrzebuj\u0105 magnesu jednorazowo lub kilka razy, np. do wyci\u0105gania kluczy z wody. Dla os\u00f3b, kt\u00f3re naprawd\u0119 chc\u0105 zacz\u0105\u0107 \u0142owi\u0107 magnesem, polecamy mocniejsze magnesy.<\/span>\n\n<h2>Klasyczny magnes do \u0142owienia 110kg<\/h2>\n\n<span style=\"font-weight: 400;\">Szukasz ma\u0142ego magnesu do \u0142owienia dla dziecka? A mo\u017ce zgubi\u0142e\u015b co\u015b w wodzie i chcesz to odzyska\u0107? Klasyczny magnes do \u0142owienia 110 to idealny wyb\u00f3r! Magnes jest ma\u0142y, odpowiedni dla dzieci, ale jednocze\u015bnie mocny. 110kg to du\u017ca si\u0142a przyci\u0105gania, jednak pe\u0142nej si\u0142y mo\u017cna u\u017cy\u0107 tylko w idealnych warunkach. Warunki te to: p\u0142aski metal o grubo\u015bci 2 cm, brak rdzy i zabrudze\u0144 mi\u0119dzy magnesem a metalem. W takich warunkach mo\u017cna podnie\u015b\u0107 110kg pionowo.<\/span>\n\n\n\n<span style=\"font-weight: 400;\">Szczeg\u00f3lnie monety, klucze i ma\u0142e skarby mo\u017cna wy\u0142owi\u0107 tym magnesem. Przedmioty ci\u0119\u017csze od tych nie b\u0119d\u0105 mo\u017cliwe do podniesienia. Uwa\u017camy, \u017ce 110kg to zbyt ma\u0142o, by powa\u017cnie zajmowa\u0107 si\u0119 \u0142owieniem magnesem. Zalet\u0105 klasycznego 110 jest niska cena. Kolejn\u0105 zalet\u0105 jest to, \u017ce dzieci mog\u0105 sprawdzi\u0107, czy \u0142owienie magnesem jest dla nich ciekawym hobby. Je\u015bli chcesz \u0142owi\u0107 magnesem bez tracenia skarb\u00f3w z gleby, zalecamy mocniejsze magnesy.<\/span>\n\n\n\nChcesz powa\u017cnie zaj\u0105\u0107 si\u0119 \u0142owieniem magnesem? Polecamy wtedy nasze silniejsze magnesy. Classic 300 i uniwersalne magnesy 360\u00b0 Easy i Hardcore to doskona\u0142y wyb\u00f3r dla pocz\u0105tkuj\u0105cych, kt\u00f3rzy chc\u0105 mie\u0107 mo\u017cliwo\u015b\u0107 wyci\u0105gania r\u00f3\u017cnych przedmiot\u00f3w.\n\n<h2><span style=\"font-weight: 400;\">Wysoka jako\u015b\u0107<\/span><\/h2>\n\n<span style=\"font-weight: 400;\">Nasze magnesy wykonane s\u0105 z najlepszego neodymu. Dzi\u0119ki temu magnesy Magnetar zachowuj\u0105 si\u0142\u0119 magnetyczn\u0105 i trac\u0105 tylko 1% si\u0142y po 100 latach! Wi\u0119kszo\u015b\u0107 innych dostawc\u00f3w sprzedaje magnesy, kt\u00f3re trac\u0105 tak\u0105 si\u0142\u0119 w ci\u0105gu kilku tygodni. Coraz cz\u0119\u015bciej pojawiaj\u0105 si\u0119 magnesy niskiej jako\u015bci zawieraj\u0105ce s\u0142aby neodym. Takie magnesy s\u0105 ta\u0144sze i wygl\u0105daj\u0105 na wi\u0119ksze, ale kupuj\u0105c je marnujesz pieni\u0105dze.<\/span>\n\n\n\n<span style=\"font-weight: 400;\">Wszystkie nasze magnesy s\u0105 projektowane i zaprojektowane tak, aby umo\u017cliwi\u0107 maksymalne wykorzystanie podczas \u0142owienia magnesem. Testujemy nasze magnesy profesjonalnym sprz\u0119tem, aby podawana si\u0142a przyci\u0105gania by\u0142a dok\u0142adna. Wiemy, jak najlepiej zaprojektowa\u0107 magnes, dzi\u0119ki do\u015bwiadczeniu w \u0142owieniu magnesem. Przekonasz si\u0119 o tym sam, u\u017cywaj\u0105c naszych wysokiej jako\u015bci, silnych i niezawodnych magnes\u00f3w. Ciekawi Ci\u0119, jak testujemy si\u0142\u0119 magnetyczn\u0105? <a href=\"https:\/\/www.youtube.com\/watch?v=2McW3RURDxs\">Obejrzyj nasz film<\/a> tutaj.<\/span>\n\n<h2><span style=\"font-weight: 400;\">Uwaga!<\/span><\/h2>\n\n<span style=\"font-weight: 400;\">Nasze magnesy neodymowe s\u0105 bardzo silne i mog\u0105 przyci\u0105ga\u0107 metalowe przedmioty z du\u017c\u0105 pr\u0119dko\u015bci\u0105, gdy s\u0105 blisko. Zdecydowanie nie wk\u0142adaj palc\u00f3w mi\u0119dzy magnes a metal. Przy najsilniejszych magnesach mo\u017cesz \u0142atwo z\u0142ama\u0107 palce, uszkodzi\u0107 je lub dozna\u0107 p\u0119cherzy, je\u015bli palce znajd\u0105 si\u0119 mi\u0119dzy magnesem a metalem. Zawsze u\u017cywaj magnes\u00f3w ostro\u017cnie. Uwaga: korzystasz z magnes\u00f3w na w\u0142asne ryzyko. Przed u\u017cyciem przeczytaj nasze <a href=\"https:\/\/magnetarmagnets.com\/how-do-you-use-fishing-magnets-in-a-safe-way\"><span style=\"font-weight: 400\">ostrze\u017cenia dotycz\u0105ce bezpiecze\u0144stwa<\/span><\/a>.<\/span>","protected":false},"excerpt":{"rendered":"<p><span style=\"font-weight: 400;\"><strong>Bezpieczny dla dzieci<\/strong>, niezast\u0105piony dla entuzjast\u00f3w sport\u00f3w wodnych do <strong>wydobywania zgubionych przedmiot\u00f3w z powierzchni<\/strong>.<\/span><\/p>\n","protected":false},"featured_media":76764,"comment_status":"open","ping_status":"closed","template":"","meta":{"_acf_changed":false,"inline_featured_image":false},"product_brand":[],"product_cat":[581,584,593],"product_tag":[],"class_list":{"0":"post-83659","1":"product","2":"type-product","3":"status-publish","4":"has-post-thumbnail","6":"product_cat-magnesy-do-lowienia","7":"product_cat-magnesy-do-lowienia-jednostronne","8":"product_cat-poczatkujacy-i-dzieci","10":"first","11":"instock","12":"sale","13":"taxable","14":"shipping-taxable","15":"purchasable","16":"product-type-simple"},"acf":[],"yoast_head":"<!-- This site is optimized with the Yoast SEO plugin v27.4 - https:\/\/yoast.com\/product\/yoast-seo-wordpress\/ -->\n<title>Magnes do \u0142owienia dla dzieci - 110kg magnes jednostronny specjalnie dla dzieci<\/title>\n<meta name=\"description\" content=\"Magnes do \u0142owienia dla dzieci - 110kg - Magnetar\" \/>\n<meta name=\"robots\" content=\"index, follow, max-snippet:-1, max-image-preview:large, max-video-preview:-1\" \/>\n<link rel=\"canonical\" href=\"https:\/\/magnetarmagnets.com\/pl\/shop\/klasyczny-magnes-do-lowienia-110kg-jednostronny\/\" \/>\n<meta property=\"og:locale\" content=\"pl_PL\" \/>\n<meta property=\"og:type\" content=\"article\" \/>\n<meta property=\"og:title\" content=\"Magnes do \u0142owienia dla dzieci - 110kg magnes jednostronny specjalnie dla dzieci\" \/>\n<meta property=\"og:description\" content=\"Magnes do \u0142owienia dla dzieci - 110kg - Magnetar\" \/>\n<meta property=\"og:url\" content=\"https:\/\/magnetarmagnets.com\/pl\/shop\/klasyczny-magnes-do-lowienia-110kg-jednostronny\/\" \/>\n<meta property=\"og:site_name\" content=\"Magnet fishing with a Magnetar fishing magnet\" \/>\n<meta property=\"article:publisher\" content=\"https:\/\/www.facebook.com\/fishingmagnets\/\" \/>\n<meta property=\"article:modified_time\" content=\"2026-04-16T22:29:06+00:00\" \/>\n<meta property=\"og:image\" content=\"https:\/\/magnetarmagnets.com\/wp-content\/uploads\/2018\/02\/FOTO1499-1.jpg\" \/>\n\t<meta property=\"og:image:width\" content=\"1000\" \/>\n\t<meta property=\"og:image:height\" content=\"1000\" \/>\n\t<meta property=\"og:image:type\" content=\"image\/jpeg\" \/>\n<meta name=\"twitter:card\" content=\"summary_large_image\" \/>\n<meta name=\"twitter:label1\" content=\"Szacowany czas czytania\" \/>\n\t<meta name=\"twitter:data1\" content=\"3 minuty\" \/>\n<script type=\"application\/ld+json\" class=\"yoast-schema-graph\">{\"@context\":\"https:\\\/\\\/schema.org\",\"@graph\":[{\"@type\":[\"WebPage\",\"ItemPage\"],\"@id\":\"https:\\\/\\\/magnetarmagnets.com\\\/pl\\\/shop\\\/klasyczny-magnes-do-lowienia-110kg-jednostronny\\\/\",\"url\":\"https:\\\/\\\/magnetarmagnets.com\\\/pl\\\/shop\\\/klasyczny-magnes-do-lowienia-110kg-jednostronny\\\/\",\"name\":\"Magnes do \u0142owienia dla dzieci - 110kg magnes jednostronny specjalnie dla dzieci\",\"isPartOf\":{\"@id\":\"https:\\\/\\\/magnetarmagnets.com\\\/pl\\\/#website\"},\"primaryImageOfPage\":{\"@id\":\"https:\\\/\\\/magnetarmagnets.com\\\/pl\\\/shop\\\/klasyczny-magnes-do-lowienia-110kg-jednostronny\\\/#primaryimage\"},\"image\":{\"@id\":\"https:\\\/\\\/magnetarmagnets.com\\\/pl\\\/shop\\\/klasyczny-magnes-do-lowienia-110kg-jednostronny\\\/#primaryimage\"},\"thumbnailUrl\":\"https:\\\/\\\/magnetarmagnets.com\\\/wp-content\\\/uploads\\\/2018\\\/02\\\/FOTO1499-1.jpg\",\"datePublished\":\"2025-06-05T07:54:40+00:00\",\"dateModified\":\"2026-04-16T22:29:06+00:00\",\"description\":\"Magnes do \u0142owienia dla dzieci - 110kg - Magnetar\",\"breadcrumb\":{\"@id\":\"https:\\\/\\\/magnetarmagnets.com\\\/pl\\\/shop\\\/klasyczny-magnes-do-lowienia-110kg-jednostronny\\\/#breadcrumb\"},\"inLanguage\":\"pl-PL\",\"potentialAction\":[{\"@type\":\"ReadAction\",\"target\":[\"https:\\\/\\\/magnetarmagnets.com\\\/pl\\\/shop\\\/klasyczny-magnes-do-lowienia-110kg-jednostronny\\\/\"]}]},{\"@type\":\"ImageObject\",\"inLanguage\":\"pl-PL\",\"@id\":\"https:\\\/\\\/magnetarmagnets.com\\\/pl\\\/shop\\\/klasyczny-magnes-do-lowienia-110kg-jednostronny\\\/#primaryimage\",\"url\":\"https:\\\/\\\/magnetarmagnets.com\\\/wp-content\\\/uploads\\\/2018\\\/02\\\/FOTO1499-1.jpg\",\"contentUrl\":\"https:\\\/\\\/magnetarmagnets.com\\\/wp-content\\\/uploads\\\/2018\\\/02\\\/FOTO1499-1.jpg\",\"width\":1000,\"height\":1000,\"caption\":\"Classic 80\"},{\"@type\":\"BreadcrumbList\",\"@id\":\"https:\\\/\\\/magnetarmagnets.com\\\/pl\\\/shop\\\/klasyczny-magnes-do-lowienia-110kg-jednostronny\\\/#breadcrumb\",\"itemListElement\":[{\"@type\":\"ListItem\",\"position\":1,\"name\":\"Home\",\"item\":\"https:\\\/\\\/magnetarmagnets.com\\\/pl\\\/\"},{\"@type\":\"ListItem\",\"position\":2,\"name\":\"Sklep\",\"item\":\"https:\\\/\\\/magnetarmagnets.com\\\/sklep\\\/\"},{\"@type\":\"ListItem\",\"position\":3,\"name\":\"Pocz\u0105tkuj\u0105cy i dzieci\",\"item\":\"https:\\\/\\\/magnetarmagnets.com\\\/pl\\\/collections\\\/poczatkujacy-i-dzieci\\\/\"},{\"@type\":\"ListItem\",\"position\":4,\"name\":\"Klasyczny magnes do \u0142owienia 110KG &#8211; jednostronny\"}]},{\"@type\":\"WebSite\",\"@id\":\"https:\\\/\\\/magnetarmagnets.com\\\/pl\\\/#website\",\"url\":\"https:\\\/\\\/magnetarmagnets.com\\\/pl\\\/\",\"name\":\"Magnet fishing with a Magnetar fishing magnet\",\"description\":\"Mocne magnesy do po\u0142owu na magnes\",\"publisher\":{\"@id\":\"https:\\\/\\\/magnetarmagnets.com\\\/pl\\\/#organization\"},\"potentialAction\":[{\"@type\":\"SearchAction\",\"target\":{\"@type\":\"EntryPoint\",\"urlTemplate\":\"https:\\\/\\\/magnetarmagnets.com\\\/pl\\\/?s={search_term_string}\"},\"query-input\":{\"@type\":\"PropertyValueSpecification\",\"valueRequired\":true,\"valueName\":\"search_term_string\"}}],\"inLanguage\":\"pl-PL\"},{\"@type\":\"Organization\",\"@id\":\"https:\\\/\\\/magnetarmagnets.com\\\/pl\\\/#organization\",\"name\":\"Magnetar\",\"url\":\"https:\\\/\\\/magnetarmagnets.com\\\/pl\\\/\",\"logo\":{\"@type\":\"ImageObject\",\"inLanguage\":\"pl-PL\",\"@id\":\"https:\\\/\\\/magnetarmagnets.com\\\/pl\\\/#\\\/schema\\\/logo\\\/image\\\/\",\"url\":\"https:\\\/\\\/magnetarmagnets.com\\\/wp-content\\\/uploads\\\/2025\\\/05\\\/Logo-03_PNG-Black-scaled.png\",\"contentUrl\":\"https:\\\/\\\/magnetarmagnets.com\\\/wp-content\\\/uploads\\\/2025\\\/05\\\/Logo-03_PNG-Black-scaled.png\",\"width\":2560,\"height\":1658,\"caption\":\"Magnetar\"},\"image\":{\"@id\":\"https:\\\/\\\/magnetarmagnets.com\\\/pl\\\/#\\\/schema\\\/logo\\\/image\\\/\"},\"sameAs\":[\"https:\\\/\\\/www.facebook.com\\\/fishingmagnets\\\/\",\"https:\\\/\\\/www.instagram.com\\\/magnetar_magnets\\\/\",\"https:\\\/\\\/www.linkedin.com\\\/company\\\/magnetarbv\\\/?originalSubdomain=nl\",\"https:\\\/\\\/www.youtube.com\\\/c\\\/MagnetarVismagneet\"]}]}<\/script>\n<!-- \/ Yoast SEO plugin. -->","yoast_head_json":{"title":"Magnes do \u0142owienia dla dzieci - 110kg magnes jednostronny specjalnie dla dzieci","description":"Magnes do \u0142owienia dla dzieci - 110kg - Magnetar","robots":{"index":"index","follow":"follow","max-snippet":"max-snippet:-1","max-image-preview":"max-image-preview:large","max-video-preview":"max-video-preview:-1"},"canonical":"https:\/\/magnetarmagnets.com\/pl\/shop\/klasyczny-magnes-do-lowienia-110kg-jednostronny\/","og_locale":"pl_PL","og_type":"article","og_title":"Magnes do \u0142owienia dla dzieci - 110kg magnes jednostronny specjalnie dla dzieci","og_description":"Magnes do \u0142owienia dla dzieci - 110kg - Magnetar","og_url":"https:\/\/magnetarmagnets.com\/pl\/shop\/klasyczny-magnes-do-lowienia-110kg-jednostronny\/","og_site_name":"Magnet fishing with a Magnetar fishing magnet","article_publisher":"https:\/\/www.facebook.com\/fishingmagnets\/","article_modified_time":"2026-04-16T22:29:06+00:00","og_image":[{"width":1000,"height":1000,"url":"https:\/\/magnetarmagnets.com\/wp-content\/uploads\/2018\/02\/FOTO1499-1.jpg","type":"image\/jpeg"}],"twitter_card":"summary_large_image","twitter_misc":{"Szacowany czas czytania":"3 minuty"},"schema":{"@context":"https:\/\/schema.org","@graph":[{"@type":["WebPage","ItemPage"],"@id":"https:\/\/magnetarmagnets.com\/pl\/shop\/klasyczny-magnes-do-lowienia-110kg-jednostronny\/","url":"https:\/\/magnetarmagnets.com\/pl\/shop\/klasyczny-magnes-do-lowienia-110kg-jednostronny\/","name":"Magnes do \u0142owienia dla dzieci - 110kg magnes jednostronny specjalnie dla dzieci","isPartOf":{"@id":"https:\/\/magnetarmagnets.com\/pl\/#website"},"primaryImageOfPage":{"@id":"https:\/\/magnetarmagnets.com\/pl\/shop\/klasyczny-magnes-do-lowienia-110kg-jednostronny\/#primaryimage"},"image":{"@id":"https:\/\/magnetarmagnets.com\/pl\/shop\/klasyczny-magnes-do-lowienia-110kg-jednostronny\/#primaryimage"},"thumbnailUrl":"https:\/\/magnetarmagnets.com\/wp-content\/uploads\/2018\/02\/FOTO1499-1.jpg","datePublished":"2025-06-05T07:54:40+00:00","dateModified":"2026-04-16T22:29:06+00:00","description":"Magnes do \u0142owienia dla dzieci - 110kg - Magnetar","breadcrumb":{"@id":"https:\/\/magnetarmagnets.com\/pl\/shop\/klasyczny-magnes-do-lowienia-110kg-jednostronny\/#breadcrumb"},"inLanguage":"pl-PL","potentialAction":[{"@type":"ReadAction","target":["https:\/\/magnetarmagnets.com\/pl\/shop\/klasyczny-magnes-do-lowienia-110kg-jednostronny\/"]}]},{"@type":"ImageObject","inLanguage":"pl-PL","@id":"https:\/\/magnetarmagnets.com\/pl\/shop\/klasyczny-magnes-do-lowienia-110kg-jednostronny\/#primaryimage","url":"https:\/\/magnetarmagnets.com\/wp-content\/uploads\/2018\/02\/FOTO1499-1.jpg","contentUrl":"https:\/\/magnetarmagnets.com\/wp-content\/uploads\/2018\/02\/FOTO1499-1.jpg","width":1000,"height":1000,"caption":"Classic 80"},{"@type":"BreadcrumbList","@id":"https:\/\/magnetarmagnets.com\/pl\/shop\/klasyczny-magnes-do-lowienia-110kg-jednostronny\/#breadcrumb","itemListElement":[{"@type":"ListItem","position":1,"name":"Home","item":"https:\/\/magnetarmagnets.com\/pl\/"},{"@type":"ListItem","position":2,"name":"Sklep","item":"https:\/\/magnetarmagnets.com\/sklep\/"},{"@type":"ListItem","position":3,"name":"Pocz\u0105tkuj\u0105cy i dzieci","item":"https:\/\/magnetarmagnets.com\/pl\/collections\/poczatkujacy-i-dzieci\/"},{"@type":"ListItem","position":4,"name":"Klasyczny magnes do \u0142owienia 110KG &#8211; jednostronny"}]},{"@type":"WebSite","@id":"https:\/\/magnetarmagnets.com\/pl\/#website","url":"https:\/\/magnetarmagnets.com\/pl\/","name":"Magnet fishing with a Magnetar fishing magnet","description":"Mocne magnesy do po\u0142owu na magnes","publisher":{"@id":"https:\/\/magnetarmagnets.com\/pl\/#organization"},"potentialAction":[{"@type":"SearchAction","target":{"@type":"EntryPoint","urlTemplate":"https:\/\/magnetarmagnets.com\/pl\/?s={search_term_string}"},"query-input":{"@type":"PropertyValueSpecification","valueRequired":true,"valueName":"search_term_string"}}],"inLanguage":"pl-PL"},{"@type":"Organization","@id":"https:\/\/magnetarmagnets.com\/pl\/#organization","name":"Magnetar","url":"https:\/\/magnetarmagnets.com\/pl\/","logo":{"@type":"ImageObject","inLanguage":"pl-PL","@id":"https:\/\/magnetarmagnets.com\/pl\/#\/schema\/logo\/image\/","url":"https:\/\/magnetarmagnets.com\/wp-content\/uploads\/2025\/05\/Logo-03_PNG-Black-scaled.png","contentUrl":"https:\/\/magnetarmagnets.com\/wp-content\/uploads\/2025\/05\/Logo-03_PNG-Black-scaled.png","width":2560,"height":1658,"caption":"Magnetar"},"image":{"@id":"https:\/\/magnetarmagnets.com\/pl\/#\/schema\/logo\/image\/"},"sameAs":["https:\/\/www.facebook.com\/fishingmagnets\/","https:\/\/www.instagram.com\/magnetar_magnets\/","https:\/\/www.linkedin.com\/company\/magnetarbv\/?originalSubdomain=nl","https:\/\/www.youtube.com\/c\/MagnetarVismagneet"]}]}},"_links":{"self":[{"href":"https:\/\/magnetarmagnets.com\/pl\/wp-json\/wp\/v2\/product\/83659","targetHints":{"allow":["GET"]}}],"collection":[{"href":"https:\/\/magnetarmagnets.com\/pl\/wp-json\/wp\/v2\/product"}],"about":[{"href":"https:\/\/magnetarmagnets.com\/pl\/wp-json\/wp\/v2\/types\/product"}],"replies":[{"embeddable":true,"href":"https:\/\/magnetarmagnets.com\/pl\/wp-json\/wp\/v2\/comments?post=83659"}],"version-history":[{"count":1,"href":"https:\/\/magnetarmagnets.com\/pl\/wp-json\/wp\/v2\/product\/83659\/revisions"}],"predecessor-version":[{"id":95674,"href":"https:\/\/magnetarmagnets.com\/pl\/wp-json\/wp\/v2\/product\/83659\/revisions\/95674"}],"wp:featuredmedia":[{"embeddable":true,"href":"https:\/\/magnetarmagnets.com\/pl\/wp-json\/wp\/v2\/media\/76764"}],"wp:attachment":[{"href":"https:\/\/magnetarmagnets.com\/pl\/wp-json\/wp\/v2\/media?parent=83659"}],"wp:term":[{"taxonomy":"product_brand","embeddable":true,"href":"https:\/\/magnetarmagnets.com\/pl\/wp-json\/wp\/v2\/product_brand?post=83659"},{"taxonomy":"product_cat","embeddable":true,"href":"https:\/\/magnetarmagnets.com\/pl\/wp-json\/wp\/v2\/product_cat?post=83659"},{"taxonomy":"product_tag","embeddable":true,"href":"https:\/\/magnetarmagnets.com\/pl\/wp-json\/wp\/v2\/product_tag?post=83659"}],"curies":[{"name":"wp","href":"https:\/\/api.w.org\/{rel}","templated":true}]}}