{"id":83657,"date":"2025-06-05T09:54:40","date_gmt":"2025-06-05T07:54:40","guid":{"rendered":"https:\/\/magnetarmagnets.com\/?post_type=product&#038;p=83657"},"modified":"2026-04-09T09:40:07","modified_gmt":"2026-04-09T07:40:07","slug":"easy-magnet-280-kg-uniwersalny-360","status":"publish","type":"product","link":"https:\/\/magnetarmagnets.com\/pl\/shop\/easy-magnet-280-kg-uniwersalny-360\/","title":{"rendered":"Easy Magnet &#8211; 280 kg &#8211; Uniwersalny 360\u00b0"},"content":{"rendered":"* Chro\u0144 magnes za pomoc\u0105 <a href=\"https:\/\/magnetarmagnets.com\/shop\/protection-cover-easy\/\" target=\"_blank\" rel=\"noopener\"><b>pokrowca ochronnego<\/b><\/a> podczas \u0142owienia magnesem. Bez pokrowca ochronnego magnes mo\u017ce ulec uszkodzeniu przy uderzeniu o twarde przedmioty. Pokrowiec ochronny nie jest do\u0142\u0105czony do magnesu.\n\n<h2><b>Neodymowy magnes do \u0142owienia Easy<\/b><\/h2>\n\n<span style=\"font-weight: 400;\">Szukasz swojego pierwszego <a href=\"https:\/\/magnetarmagnets.com\/\" target=\"_blank\" rel=\"noopener\">magnesu do \u0142owienia<\/a>, aby z\u0142apa\u0107 bakcyla? Easy magnet jest idealny dla Ciebie! Dzi\u0119ki lekkiej wadze rzutu oferuje \u015bwietne mo\u017cliwo\u015bci po\u0142owu w przyst\u0119pnej, wprowadzaj\u0105cej cenie. Doskona\u0142y dla pocz\u0105tkuj\u0105cych w \u0142owieniu magnesem, kt\u00f3rzy chc\u0105 sprawdzi\u0107, czy to hobby jest dla nich, zanim zainwestuj\u0105 w mocniejszy magnes. Easy \u015bwietnie nadaje si\u0119 do znajdowania monet, podk\u00f3w, pocisk\u00f3w, pistolet\u00f3w, no\u017cy i innych mniejszych przedmiot\u00f3w.<\/span>\n\n<span style=\"font-weight: 400;\">Easy magnet to uniwersalny magnes do \u0142owienia z przyci\u0105ganiem magnetycznym z ka\u017cdej strony i si\u0142\u0105 ci\u0105gu 280 kg (70 kg z ka\u017cdej strony). Easy magnet jest najmniejszym wariantem w naszej ekskluzywnej ofercie i jest idealny dla magnetycznych w\u0119dkarzy, kt\u00f3rzy chc\u0105 mie\u0107 \u015bwietn\u0105 okazj\u0119 do po\u0142owu w niskiej cenie. Easy to mniejszy brat naszego <\/span><a href=\"https:\/\/magnetarmagnets.com\/shop\/hardcore-magnet-2\/\" target=\"_blank\" rel=\"noopener\"><span style=\"font-weight: 400;\">Hardcore<\/span><\/a><span style=\"font-weight: 400;\">, lecz r\u00f3wnie skuteczny w poszukiwaniach.\u00a0<\/span>\n\n<h2><b>Szukasz swojego pierwszego magnesu 360\u00b0 do \u0142owienia?<\/b><\/h2>\n\n<span style=\"font-weight: 400;\">Easy magnet jest najmniejsz\u0105 wersj\u0105 uniwersalnego magnesu do \u0142owienia. Stworzyli\u015bmy ten magnes dla pocz\u0105tkuj\u0105cych magnetycznych w\u0119dkarzy, kt\u00f3rzy chc\u0105 wej\u015b\u0107 do najsilniejszej gamy magnes\u00f3w w najbardziej przyst\u0119pnej cenie. Chcesz mocniejszego magnesu do \u0142owienia? Sp\u00f3jrz na nasze magnesy Hardcore, Terror lub The Beast. Je\u015bli jeste\u015b nowicjuszem w \u0142owieniu magnesem, rozwa\u017c zakup naszych <a href=\"https:\/\/magnetarmagnets.com\/collections\/fishing-magnets\/magnet-fishing-kit\/\" target=\"_blank\" rel=\"noopener\">zestaw\u00f3w do \u0142owienia magnesem<\/a>.\u00a0<\/span>\n\n<h2><b>Rozw\u00f3j magnes\u00f3w<\/b><\/h2>\n\n<span style=\"font-weight: 400;\">Wiele magnes\u00f3w ma si\u0142\u0119 przyci\u0105gania tylko z jednej strony. Ten jednostronny magnes to klasyczny magnes do \u0142owienia. Magnetar jako pierwsza firma przerobi\u0142a ten klasyczny magnes na magnes dwustronny. W 2016 roku Magnetar opracowa\u0142 uniwersalny magnes do \u0142owienia z magnetycznym przyci\u0105ganiem 360\u00b0. W\u0119dkarze magnetyczni w ca\u0142ej Europie od tamtej pory wybieraj\u0105 nasze 100% magnesy neodymowe, czyni\u0105c nas dostawc\u0105 numer 1 w Europie. Nasze magnesy s\u0105 wykonane z najwy\u017cszej jako\u015bci, z dba\u0142o\u015bci\u0105 i pasj\u0105 przez niewielki zesp\u00f3\u0142 entuzjast\u00f3w \u0142owienia magnesem. Nasi klienci wracaj\u0105, poniewa\u017c wiedz\u0105, \u017ce z Magnetar dostan\u0105 nie tylko magnes, ale i skarby.<\/span>\n\n<h2><b>Mocna si\u0142a przyci\u0105gania 360\u00b0<\/b><\/h2>\n\n<span style=\"font-weight: 400;\">Easy magnet jest jednym z najsilniejszych magnes\u00f3w, kt\u00f3re oferujemy. Si\u0142y przyci\u0105gania magnesu jednostronnego nie da si\u0119 por\u00f3wna\u0107 z czystym magnesem neodymowym 360\u00b0 takim jak ten. Obudowa stalowa magnesu jednostronnego wp\u0142ywa na si\u0142\u0119 ci\u0105gu, i ta si\u0142a jest skierowana w jednym kierunku. Pozwala to magnesom jednostronnym na osi\u0105ganie du\u017cych si\u0142 na p\u0142askich metalowych powierzchniach z jednej strony, podczas gdy nasz ekskluzywny magnes Allround 360\u00b0 przyci\u0105ga przedmioty ze \u201ewszystkich stron\u201d, gdy\u017c magnesy maj\u0105 magnetyczn\u0105 si\u0142\u0119 przyci\u0105gania ca\u0142ego otoczenia. Kliknij link, aby dowiedzie\u0107 si\u0119 wi\u0119cej o <a href=\"https:\/\/www.youtube.com\/watch?v=2McW3RURDxs\">pomiarze naszej si\u0142y ci\u0105gu<\/a>.<\/span>\n\n<h2><b>Wysoka jako\u015b\u0107<\/b><\/h2>\n\n<span style=\"font-weight: 400;\">Nasze magnesy do \u0142owienia s\u0105 wykonane z neodymu. Magnesy Magnetar utrzymuj\u0105 swoj\u0105 si\u0142\u0119 przyci\u0105gania przez dziesi\u0119ciolecia, trac\u0105c tylko 1% co 100 lat (przy odpowiednim przechowywaniu, piel\u0119gnacji i ochronie).\u00a0<\/span>\n\n<span style=\"font-weight: 400;\">Wi\u0119kszo\u015b\u0107 innych dostawc\u00f3w magnes\u00f3w traci si\u0142\u0119 ci\u0105gu ju\u017c po kilku tygodniach. W ostatnich latach zauwa\u017cyli\u015bmy coraz wi\u0119cej niskiej jako\u015bci magnes\u00f3w na rynku: wi\u0119kszych magnes\u00f3w o mniejszej sile ci\u0105gu, s\u0142abego neodymu, fa\u0142szywej reklamy. Gdy kupisz jeden z tych magnes\u00f3w taniej lub od du\u017cego konglomeratu, mo\u017cesz si\u0119 rozczarowa\u0107 cho\u0107 zaoszcz\u0119dzi\u0142e\u015b troch\u0119 pieni\u0119dzy.\u00a0<\/span>\n\n<span style=\"font-weight: 400;\">Magnetar to ma\u0142a, rodzinna firma, kt\u00f3ra stawia jako\u015b\u0107 na pierwszym miejscu. Jeste\u015bmy pasjonatami \u0142owienia magnesem, a wszystkie nasze magnesy s\u0105 projektowane i wykonywane przez nasz zesp\u00f3\u0142, dzi\u0119ki czemu dostajesz najlepszy produkt i skarby z magnesu! Je\u015bli chcesz niezawodnego, skutecznego i mocnego magnesu do \u0142owienia, jeste\u015b we w\u0142a\u015bciwym miejscu. Ch\u0119tnie si\u0119 z Tob\u0105 skontaktujemy, <a href=\"mailto:info@magnetarmagnets.com\">napisz do nas<\/a>.<\/span>\n\n<h2><b>Pokrowiec ochronny<\/b><\/h2>\n\nPokrowce ochronne to idealny dodatek dla w\u0119dkarzy magnetycznych, kt\u00f3rzy chc\u0105 chroni\u0107 swoje magnesy neodymowe podczas u\u017cytkowania. Te trwa\u0142e pokrowce s\u0105 specjalnie zaprojektowane tak, by idealnie pasowa\u0142y na magnes i zapewnia\u0142y dodatkow\u0105 warstw\u0119 ochrony przed zarysowaniami, p\u0119kni\u0119ciami i innymi uszkodzeniami. Nasze pokrowce s\u0105 wytrzyma\u0142e i poradz\u0105 sobie w najtrudniejszych warunkach. Pokrowiec ochronny jest wykonany ze stali nierdzewnej, co zapewnia, \u017ce Tw\u00f3j magnes pozostaje magnetyczny na 360\u00b0. Dzi\u0119ki naszym pokrowcom mo\u017cesz cieszy\u0107 si\u0119 \u0142owieniem magnesem bez obaw o uszkodzenia cennego magnesu. Pokrowiec mo\u017cna dokupi\u0107 osobno do tego magnesu.\n\n(Prosz\u0119 pami\u0119ta\u0107, \u017ce dno magnesu nie jest chronione przez pokrowiec)\n\n<h2><b>U\u017cywa\u0107 z ostro\u017cno\u015bci\u0105<\/b><\/h2>\n\n<span style=\"font-weight: 400;\">Nasze magnesy neodymowe s\u0105 bardzo silne i mog\u0105 gwa\u0142townie przyci\u0105ga\u0107 obiekty \u017celazne, gdy znajduj\u0105 si\u0119 w bliskiej odleg\u0142o\u015bci. Przy silniejszych magnesach, takich jak allround 360\u00b0, palce mog\u0105 zosta\u0107 z\u0142apane pomi\u0119dzy magnesem a innymi przedmiotami. Obs\u0142uguj magnesy ostro\u017cnie i u\u017cywaj na w\u0142asne ryzyko. Zawsze czytaj ostrze\u017cenia bezpiecze\u0144stwa przed u\u017cyciem.<\/span>\n\n<span style=\"font-weight: 400;\">* Dzieci musz\u0105 u\u017cywa\u0107 magnes pod nadzorem rodzic\u00f3w.<\/span>","protected":false},"excerpt":{"rendered":"<p><span style=\"font-weight: 400;\">Rewolucyjny dzieci\u0119cy magnes 360\u00b0 z <strong>dalekosi\u0119\u017cnym, uniwersalnym przyci\u0105ganiem<\/strong>. Zaprojektowany przez Magnetar, ten <strong>czysty magnes neodymowy<\/strong> ma si\u0142\u0119 przyci\u0105gania do 280 KG i jest idealny dla <strong>ma\u0142ych dzieci z wielkimi marzeniami o \u0142owieniu magnesem<\/strong>. Nast\u0119pnym razem, gdy zabierzesz swoje dziecko na przygod\u0119, z pewno\u015bci\u0105 znajdziecie <strong>emocjonuj\u0105ce skarby<\/strong> i stworzycie <strong>wspomnienia na ca\u0142e \u017cycie<\/strong>.<\/span><\/p>\n","protected":false},"featured_media":80388,"comment_status":"open","ping_status":"closed","template":"","meta":{"_acf_changed":false,"inline_featured_image":false},"product_brand":[],"product_cat":[586,581,593,1007],"product_tag":[],"class_list":{"0":"post-83657","1":"product","2":"type-product","3":"status-publish","4":"has-post-thumbnail","6":"product_cat-allround-magnesy-do-lowienia-360","7":"product_cat-magnesy-do-lowienia","8":"product_cat-poczatkujacy-i-dzieci","9":"product_cat-wszystkie-produkty","11":"first","12":"instock","13":"sale","14":"taxable","15":"shipping-taxable","16":"purchasable","17":"product-type-simple"},"acf":[],"yoast_head":"<!-- This site is optimized with the Yoast SEO plugin v27.4 - https:\/\/yoast.com\/product\/yoast-seo-wordpress\/ -->\n<title>Easy Magnet - 280 kg - Uniwersalny 360\u00b0<\/title>\n<meta name=\"description\" content=\"Ekskluzywny magnes do \u0142owienia Easy: najmniejszy uniwersalny magnes do \u0142owienia! Nie lekcewa\u017c tego ma\u0142ego magnesu. Bardzo silny i skuteczny!\" \/>\n<meta name=\"robots\" content=\"index, follow, max-snippet:-1, max-image-preview:large, max-video-preview:-1\" \/>\n<link rel=\"canonical\" href=\"https:\/\/magnetarmagnets.com\/pl\/shop\/easy-magnet-280-kg-uniwersalny-360\/\" \/>\n<meta property=\"og:locale\" content=\"pl_PL\" \/>\n<meta property=\"og:type\" content=\"article\" \/>\n<meta property=\"og:title\" content=\"Easy Magnet - 280 kg - Uniwersalny 360\u00b0\" \/>\n<meta property=\"og:description\" content=\"Ekskluzywny magnes do \u0142owienia Easy: najmniejszy uniwersalny magnes do \u0142owienia! Nie lekcewa\u017c tego ma\u0142ego magnesu. Bardzo silny i skuteczny!\" \/>\n<meta property=\"og:url\" content=\"https:\/\/magnetarmagnets.com\/pl\/shop\/easy-magnet-280-kg-uniwersalny-360\/\" \/>\n<meta property=\"og:site_name\" content=\"Magnet fishing with a Magnetar fishing magnet\" \/>\n<meta property=\"article:publisher\" content=\"https:\/\/www.facebook.com\/fishingmagnets\/\" \/>\n<meta property=\"article:modified_time\" content=\"2026-04-09T07:40:07+00:00\" \/>\n<meta property=\"og:image\" content=\"https:\/\/magnetarmagnets.com\/wp-content\/uploads\/2023\/12\/The_Easy_Bergemagnet_fur_magnetfischen.jpeg.jpg\" \/>\n\t<meta property=\"og:image:width\" content=\"1000\" \/>\n\t<meta property=\"og:image:height\" content=\"1000\" \/>\n\t<meta property=\"og:image:type\" content=\"image\/jpeg\" \/>\n<meta name=\"twitter:card\" content=\"summary_large_image\" \/>\n<meta name=\"twitter:label1\" content=\"Szacowany czas czytania\" \/>\n\t<meta name=\"twitter:data1\" content=\"4 minuty\" \/>\n<script type=\"application\/ld+json\" class=\"yoast-schema-graph\">{\"@context\":\"https:\\\/\\\/schema.org\",\"@graph\":[{\"@type\":[\"WebPage\",\"ItemPage\"],\"@id\":\"https:\\\/\\\/magnetarmagnets.com\\\/pl\\\/shop\\\/easy-magnet-280-kg-uniwersalny-360\\\/\",\"url\":\"https:\\\/\\\/magnetarmagnets.com\\\/pl\\\/shop\\\/easy-magnet-280-kg-uniwersalny-360\\\/\",\"name\":\"Easy Magnet - 280 kg - Uniwersalny 360\u00b0\",\"isPartOf\":{\"@id\":\"https:\\\/\\\/magnetarmagnets.com\\\/pl\\\/#website\"},\"primaryImageOfPage\":{\"@id\":\"https:\\\/\\\/magnetarmagnets.com\\\/pl\\\/shop\\\/easy-magnet-280-kg-uniwersalny-360\\\/#primaryimage\"},\"image\":{\"@id\":\"https:\\\/\\\/magnetarmagnets.com\\\/pl\\\/shop\\\/easy-magnet-280-kg-uniwersalny-360\\\/#primaryimage\"},\"thumbnailUrl\":\"https:\\\/\\\/magnetarmagnets.com\\\/wp-content\\\/uploads\\\/2023\\\/12\\\/The_Easy_Bergemagnet_fur_magnetfischen.jpeg.jpg\",\"datePublished\":\"2025-06-05T07:54:40+00:00\",\"dateModified\":\"2026-04-09T07:40:07+00:00\",\"description\":\"Ekskluzywny magnes do \u0142owienia Easy: najmniejszy uniwersalny magnes do \u0142owienia! Nie lekcewa\u017c tego ma\u0142ego magnesu. Bardzo silny i skuteczny!\",\"breadcrumb\":{\"@id\":\"https:\\\/\\\/magnetarmagnets.com\\\/pl\\\/shop\\\/easy-magnet-280-kg-uniwersalny-360\\\/#breadcrumb\"},\"inLanguage\":\"pl-PL\",\"potentialAction\":[{\"@type\":\"ReadAction\",\"target\":[\"https:\\\/\\\/magnetarmagnets.com\\\/pl\\\/shop\\\/easy-magnet-280-kg-uniwersalny-360\\\/\"]}]},{\"@type\":\"ImageObject\",\"inLanguage\":\"pl-PL\",\"@id\":\"https:\\\/\\\/magnetarmagnets.com\\\/pl\\\/shop\\\/easy-magnet-280-kg-uniwersalny-360\\\/#primaryimage\",\"url\":\"https:\\\/\\\/magnetarmagnets.com\\\/wp-content\\\/uploads\\\/2023\\\/12\\\/The_Easy_Bergemagnet_fur_magnetfischen.jpeg.jpg\",\"contentUrl\":\"https:\\\/\\\/magnetarmagnets.com\\\/wp-content\\\/uploads\\\/2023\\\/12\\\/The_Easy_Bergemagnet_fur_magnetfischen.jpeg.jpg\",\"width\":1000,\"height\":1000,\"caption\":\"The Easy fishing magnet for magnet fishing\"},{\"@type\":\"BreadcrumbList\",\"@id\":\"https:\\\/\\\/magnetarmagnets.com\\\/pl\\\/shop\\\/easy-magnet-280-kg-uniwersalny-360\\\/#breadcrumb\",\"itemListElement\":[{\"@type\":\"ListItem\",\"position\":1,\"name\":\"Home\",\"item\":\"https:\\\/\\\/magnetarmagnets.com\\\/pl\\\/\"},{\"@type\":\"ListItem\",\"position\":2,\"name\":\"Sklep\",\"item\":\"https:\\\/\\\/magnetarmagnets.com\\\/sklep\\\/\"},{\"@type\":\"ListItem\",\"position\":3,\"name\":\"Magnesy do \u0142owienia\",\"item\":\"https:\\\/\\\/magnetarmagnets.com\\\/pl\\\/collections\\\/magnesy-do-lowienia\\\/\"},{\"@type\":\"ListItem\",\"position\":4,\"name\":\"Allround magnesy do \u0142owienia 360\u00b0\",\"item\":\"https:\\\/\\\/magnetarmagnets.com\\\/pl\\\/collections\\\/magnesy-do-lowienia\\\/allround-magnesy-do-lowienia-360\\\/\"},{\"@type\":\"ListItem\",\"position\":5,\"name\":\"Easy Magnet &#8211; 280 kg &#8211; Uniwersalny 360\u00b0\"}]},{\"@type\":\"WebSite\",\"@id\":\"https:\\\/\\\/magnetarmagnets.com\\\/pl\\\/#website\",\"url\":\"https:\\\/\\\/magnetarmagnets.com\\\/pl\\\/\",\"name\":\"Magnet fishing with a Magnetar fishing magnet\",\"description\":\"Mocne magnesy do po\u0142owu na magnes\",\"publisher\":{\"@id\":\"https:\\\/\\\/magnetarmagnets.com\\\/pl\\\/#organization\"},\"potentialAction\":[{\"@type\":\"SearchAction\",\"target\":{\"@type\":\"EntryPoint\",\"urlTemplate\":\"https:\\\/\\\/magnetarmagnets.com\\\/pl\\\/?s={search_term_string}\"},\"query-input\":{\"@type\":\"PropertyValueSpecification\",\"valueRequired\":true,\"valueName\":\"search_term_string\"}}],\"inLanguage\":\"pl-PL\"},{\"@type\":\"Organization\",\"@id\":\"https:\\\/\\\/magnetarmagnets.com\\\/pl\\\/#organization\",\"name\":\"Magnetar\",\"url\":\"https:\\\/\\\/magnetarmagnets.com\\\/pl\\\/\",\"logo\":{\"@type\":\"ImageObject\",\"inLanguage\":\"pl-PL\",\"@id\":\"https:\\\/\\\/magnetarmagnets.com\\\/pl\\\/#\\\/schema\\\/logo\\\/image\\\/\",\"url\":\"https:\\\/\\\/magnetarmagnets.com\\\/wp-content\\\/uploads\\\/2025\\\/05\\\/Logo-03_PNG-Black-scaled.png\",\"contentUrl\":\"https:\\\/\\\/magnetarmagnets.com\\\/wp-content\\\/uploads\\\/2025\\\/05\\\/Logo-03_PNG-Black-scaled.png\",\"width\":2560,\"height\":1658,\"caption\":\"Magnetar\"},\"image\":{\"@id\":\"https:\\\/\\\/magnetarmagnets.com\\\/pl\\\/#\\\/schema\\\/logo\\\/image\\\/\"},\"sameAs\":[\"https:\\\/\\\/www.facebook.com\\\/fishingmagnets\\\/\",\"https:\\\/\\\/www.instagram.com\\\/magnetar_magnets\\\/\",\"https:\\\/\\\/www.linkedin.com\\\/company\\\/magnetarbv\\\/?originalSubdomain=nl\",\"https:\\\/\\\/www.youtube.com\\\/c\\\/MagnetarVismagneet\"]}]}<\/script>\n<!-- \/ Yoast SEO plugin. -->","yoast_head_json":{"title":"Easy Magnet - 280 kg - Uniwersalny 360\u00b0","description":"Ekskluzywny magnes do \u0142owienia Easy: najmniejszy uniwersalny magnes do \u0142owienia! Nie lekcewa\u017c tego ma\u0142ego magnesu. Bardzo silny i skuteczny!","robots":{"index":"index","follow":"follow","max-snippet":"max-snippet:-1","max-image-preview":"max-image-preview:large","max-video-preview":"max-video-preview:-1"},"canonical":"https:\/\/magnetarmagnets.com\/pl\/shop\/easy-magnet-280-kg-uniwersalny-360\/","og_locale":"pl_PL","og_type":"article","og_title":"Easy Magnet - 280 kg - Uniwersalny 360\u00b0","og_description":"Ekskluzywny magnes do \u0142owienia Easy: najmniejszy uniwersalny magnes do \u0142owienia! Nie lekcewa\u017c tego ma\u0142ego magnesu. Bardzo silny i skuteczny!","og_url":"https:\/\/magnetarmagnets.com\/pl\/shop\/easy-magnet-280-kg-uniwersalny-360\/","og_site_name":"Magnet fishing with a Magnetar fishing magnet","article_publisher":"https:\/\/www.facebook.com\/fishingmagnets\/","article_modified_time":"2026-04-09T07:40:07+00:00","og_image":[{"width":1000,"height":1000,"url":"https:\/\/magnetarmagnets.com\/wp-content\/uploads\/2023\/12\/The_Easy_Bergemagnet_fur_magnetfischen.jpeg.jpg","type":"image\/jpeg"}],"twitter_card":"summary_large_image","twitter_misc":{"Szacowany czas czytania":"4 minuty"},"schema":{"@context":"https:\/\/schema.org","@graph":[{"@type":["WebPage","ItemPage"],"@id":"https:\/\/magnetarmagnets.com\/pl\/shop\/easy-magnet-280-kg-uniwersalny-360\/","url":"https:\/\/magnetarmagnets.com\/pl\/shop\/easy-magnet-280-kg-uniwersalny-360\/","name":"Easy Magnet - 280 kg - Uniwersalny 360\u00b0","isPartOf":{"@id":"https:\/\/magnetarmagnets.com\/pl\/#website"},"primaryImageOfPage":{"@id":"https:\/\/magnetarmagnets.com\/pl\/shop\/easy-magnet-280-kg-uniwersalny-360\/#primaryimage"},"image":{"@id":"https:\/\/magnetarmagnets.com\/pl\/shop\/easy-magnet-280-kg-uniwersalny-360\/#primaryimage"},"thumbnailUrl":"https:\/\/magnetarmagnets.com\/wp-content\/uploads\/2023\/12\/The_Easy_Bergemagnet_fur_magnetfischen.jpeg.jpg","datePublished":"2025-06-05T07:54:40+00:00","dateModified":"2026-04-09T07:40:07+00:00","description":"Ekskluzywny magnes do \u0142owienia Easy: najmniejszy uniwersalny magnes do \u0142owienia! Nie lekcewa\u017c tego ma\u0142ego magnesu. Bardzo silny i skuteczny!","breadcrumb":{"@id":"https:\/\/magnetarmagnets.com\/pl\/shop\/easy-magnet-280-kg-uniwersalny-360\/#breadcrumb"},"inLanguage":"pl-PL","potentialAction":[{"@type":"ReadAction","target":["https:\/\/magnetarmagnets.com\/pl\/shop\/easy-magnet-280-kg-uniwersalny-360\/"]}]},{"@type":"ImageObject","inLanguage":"pl-PL","@id":"https:\/\/magnetarmagnets.com\/pl\/shop\/easy-magnet-280-kg-uniwersalny-360\/#primaryimage","url":"https:\/\/magnetarmagnets.com\/wp-content\/uploads\/2023\/12\/The_Easy_Bergemagnet_fur_magnetfischen.jpeg.jpg","contentUrl":"https:\/\/magnetarmagnets.com\/wp-content\/uploads\/2023\/12\/The_Easy_Bergemagnet_fur_magnetfischen.jpeg.jpg","width":1000,"height":1000,"caption":"The Easy fishing magnet for magnet fishing"},{"@type":"BreadcrumbList","@id":"https:\/\/magnetarmagnets.com\/pl\/shop\/easy-magnet-280-kg-uniwersalny-360\/#breadcrumb","itemListElement":[{"@type":"ListItem","position":1,"name":"Home","item":"https:\/\/magnetarmagnets.com\/pl\/"},{"@type":"ListItem","position":2,"name":"Sklep","item":"https:\/\/magnetarmagnets.com\/sklep\/"},{"@type":"ListItem","position":3,"name":"Magnesy do \u0142owienia","item":"https:\/\/magnetarmagnets.com\/pl\/collections\/magnesy-do-lowienia\/"},{"@type":"ListItem","position":4,"name":"Allround magnesy do \u0142owienia 360\u00b0","item":"https:\/\/magnetarmagnets.com\/pl\/collections\/magnesy-do-lowienia\/allround-magnesy-do-lowienia-360\/"},{"@type":"ListItem","position":5,"name":"Easy Magnet &#8211; 280 kg &#8211; Uniwersalny 360\u00b0"}]},{"@type":"WebSite","@id":"https:\/\/magnetarmagnets.com\/pl\/#website","url":"https:\/\/magnetarmagnets.com\/pl\/","name":"Magnet fishing with a Magnetar fishing magnet","description":"Mocne magnesy do po\u0142owu na magnes","publisher":{"@id":"https:\/\/magnetarmagnets.com\/pl\/#organization"},"potentialAction":[{"@type":"SearchAction","target":{"@type":"EntryPoint","urlTemplate":"https:\/\/magnetarmagnets.com\/pl\/?s={search_term_string}"},"query-input":{"@type":"PropertyValueSpecification","valueRequired":true,"valueName":"search_term_string"}}],"inLanguage":"pl-PL"},{"@type":"Organization","@id":"https:\/\/magnetarmagnets.com\/pl\/#organization","name":"Magnetar","url":"https:\/\/magnetarmagnets.com\/pl\/","logo":{"@type":"ImageObject","inLanguage":"pl-PL","@id":"https:\/\/magnetarmagnets.com\/pl\/#\/schema\/logo\/image\/","url":"https:\/\/magnetarmagnets.com\/wp-content\/uploads\/2025\/05\/Logo-03_PNG-Black-scaled.png","contentUrl":"https:\/\/magnetarmagnets.com\/wp-content\/uploads\/2025\/05\/Logo-03_PNG-Black-scaled.png","width":2560,"height":1658,"caption":"Magnetar"},"image":{"@id":"https:\/\/magnetarmagnets.com\/pl\/#\/schema\/logo\/image\/"},"sameAs":["https:\/\/www.facebook.com\/fishingmagnets\/","https:\/\/www.instagram.com\/magnetar_magnets\/","https:\/\/www.linkedin.com\/company\/magnetarbv\/?originalSubdomain=nl","https:\/\/www.youtube.com\/c\/MagnetarVismagneet"]}]}},"_links":{"self":[{"href":"https:\/\/magnetarmagnets.com\/pl\/wp-json\/wp\/v2\/product\/83657","targetHints":{"allow":["GET"]}}],"collection":[{"href":"https:\/\/magnetarmagnets.com\/pl\/wp-json\/wp\/v2\/product"}],"about":[{"href":"https:\/\/magnetarmagnets.com\/pl\/wp-json\/wp\/v2\/types\/product"}],"replies":[{"embeddable":true,"href":"https:\/\/magnetarmagnets.com\/pl\/wp-json\/wp\/v2\/comments?post=83657"}],"version-history":[{"count":0,"href":"https:\/\/magnetarmagnets.com\/pl\/wp-json\/wp\/v2\/product\/83657\/revisions"}],"wp:featuredmedia":[{"embeddable":true,"href":"https:\/\/magnetarmagnets.com\/pl\/wp-json\/wp\/v2\/media\/80388"}],"wp:attachment":[{"href":"https:\/\/magnetarmagnets.com\/pl\/wp-json\/wp\/v2\/media?parent=83657"}],"wp:term":[{"taxonomy":"product_brand","embeddable":true,"href":"https:\/\/magnetarmagnets.com\/pl\/wp-json\/wp\/v2\/product_brand?post=83657"},{"taxonomy":"product_cat","embeddable":true,"href":"https:\/\/magnetarmagnets.com\/pl\/wp-json\/wp\/v2\/product_cat?post=83657"},{"taxonomy":"product_tag","embeddable":true,"href":"https:\/\/magnetarmagnets.com\/pl\/wp-json\/wp\/v2\/product_tag?post=83657"}],"curies":[{"name":"wp","href":"https:\/\/api.w.org\/{rel}","templated":true}]}}