{"id":83655,"date":"2025-06-05T09:54:41","date_gmt":"2025-06-05T07:54:41","guid":{"rendered":"https:\/\/magnetarmagnets.com\/?post_type=product&#038;p=83655"},"modified":"2026-04-07T18:37:37","modified_gmt":"2026-04-07T16:37:37","slug":"klasyczny-magnes-do-lowienia-200kg-jednostronny","status":"publish","type":"product","link":"https:\/\/magnetarmagnets.com\/pl\/shop\/klasyczny-magnes-do-lowienia-200kg-jednostronny\/","title":{"rendered":"Klasyczny magnes do \u0142owienia 200KG \u2013 jednostronny"},"content":{"rendered":"Klasyczny magnes do \u0142owienia 200 to jednostronny magnes neodymowy o maksymalnej sile przyci\u0105gania 200 kg. Klasyczny magnes 200 jest polecany dla os\u00f3b pocz\u0105tkuj\u0105cych w \u0142owieniu magnesem i chc\u0105cych sprawdzi\u0107, czy to ich nowe hobby. Je\u015bli chcesz sta\u0107 si\u0119 ekspertem w \u0142owieniu magnesem, zalecamy zakup silniejszego magnesu, na przyk\u0142ad z naszej ekskluzywnej oferty produkt\u00f3w. \n\n<h2><strong>Klasyczny magnes do \u0142owienia 200kg \/ 440lb<\/strong><\/h2>\n\n<span style=\"font-weight: 400;\">Szukasz doskona\u0142ego prezentu dla dziecka? A mo\u017ce chcesz rozpocz\u0105\u0107 \u0142owienie magnesem samodzielnie? W takim razie sprawd\u017a klasyczny 200! Magnetar Classic 200 to magnes neodymowy o maksymalnej sile przyci\u0105gania 200 kilogram\u00f3w. Jest to jeden z l\u017cejszych magnes\u00f3w w naszej ofercie. Ten magnes jest idealny dla pocz\u0105tkuj\u0105cych, kt\u00f3rzy chc\u0105 zbiera\u0107 ma\u0142e przedmioty.<\/span>\n\n<span style=\"font-weight: 400;\">Sp\u00f3d tego magnesu jest w pe\u0142ni magnetyczny i posiada metalow\u0105 obudow\u0119. Obudowa chroni magnes przed uszkodzeniami mechanicznymi lub upadkami. Nasza wskaz\u00f3wka dotycz\u0105ca \u0142owienia magnesem to u\u017cywanie magnesu o sile przyci\u0105gania co najmniej 200 kg. 200 kg brzmi jak du\u017ca si\u0142a, ale pe\u0142n\u0105 si\u0142\u0119 uzyskuje si\u0119 jedynie w idealnych warunkach. S\u0105 to: g\u0142adki metal o grubo\u015bci 2 cm, brak rdzy oraz brak zanieczyszcze\u0144 mi\u0119dzy magnesem a metalem. W takich warunkach mo\u017cna podnie\u015b\u0107 200 kg pionowo w g\u00f3r\u0119.<\/span><span style=\"font-weight: 400;\"> 200 kg si\u0142y przyci\u0105gania to minimalna warto\u015b\u0107, je\u015bli chcesz wyci\u0105ga\u0107 z wody wi\u0119ksze przedmioty. Szukasz przyst\u0119pnego cenowo, uniwersalnego magnesu? Zobacz nasz ekskluzywny <a href=\"https:\/\/magnetarmagnets.com\/shop\/easy-magnet\">\u0142atwy magnes do \u0142owienia<\/a>.<\/span>","protected":false},"excerpt":{"rendered":"<p><span style=\"font-weight: 400;\">Prawdziwa klasyka, <strong>odporny na uderzenia<\/strong> i <strong>bezpieczny<\/strong> magnes do \u0142owienia. Teraz w jeszcze <strong>atrakcyjniejszej cenie<\/strong>!<\/span><\/p>\n","protected":false},"featured_media":80548,"comment_status":"open","ping_status":"closed","template":"","meta":{"_acf_changed":false,"inline_featured_image":false},"product_brand":[],"product_cat":[581,584,593,1007],"product_tag":[],"class_list":{"0":"post-83655","1":"product","2":"type-product","3":"status-publish","4":"has-post-thumbnail","6":"product_cat-magnesy-do-lowienia","7":"product_cat-magnesy-do-lowienia-jednostronne","8":"product_cat-poczatkujacy-i-dzieci","9":"product_cat-wszystkie-produkty","11":"first","12":"instock","13":"sale","14":"taxable","15":"shipping-taxable","16":"purchasable","17":"product-type-simple"},"acf":[],"yoast_head":"<!-- This site is optimized with the Yoast SEO plugin v27.5 - https:\/\/yoast.com\/product\/yoast-seo-wordpress\/ -->\n<title>Klasyczny magnes do \u0142owienia 200KG \u2013 jednostronny - Magnet fishing with a Magnetar fishing magnet<\/title>\n<meta name=\"description\" content=\"Klasyczny magnes do \u0142owienia 200 Kg - od Magnetar\" \/>\n<meta name=\"robots\" content=\"index, follow, max-snippet:-1, max-image-preview:large, max-video-preview:-1\" \/>\n<link rel=\"canonical\" href=\"https:\/\/magnetarmagnets.com\/pl\/shop\/klasyczny-magnes-do-lowienia-200kg-jednostronny\/\" \/>\n<meta property=\"og:locale\" content=\"pl_PL\" \/>\n<meta property=\"og:type\" content=\"article\" \/>\n<meta property=\"og:title\" content=\"Klasyczny magnes do \u0142owienia 200KG \u2013 jednostronny - Magnet fishing with a Magnetar fishing magnet\" \/>\n<meta property=\"og:description\" content=\"Klasyczny magnes do \u0142owienia 200 Kg - od Magnetar\" \/>\n<meta property=\"og:url\" content=\"https:\/\/magnetarmagnets.com\/pl\/shop\/klasyczny-magnes-do-lowienia-200kg-jednostronny\/\" \/>\n<meta property=\"og:site_name\" content=\"Magnet fishing with a Magnetar fishing magnet\" \/>\n<meta property=\"article:publisher\" content=\"https:\/\/www.facebook.com\/fishingmagnets\/\" \/>\n<meta property=\"article:modified_time\" content=\"2026-04-07T16:37:37+00:00\" \/>\n<meta property=\"og:image\" content=\"https:\/\/magnetarmagnets.com\/wp-content\/uploads\/2020\/05\/hoofdafbeelding-classic-200.jpg\" \/>\n\t<meta property=\"og:image:width\" content=\"1000\" \/>\n\t<meta property=\"og:image:height\" content=\"1000\" \/>\n\t<meta property=\"og:image:type\" content=\"image\/jpeg\" \/>\n<meta name=\"twitter:card\" content=\"summary_large_image\" \/>\n<meta name=\"twitter:label1\" content=\"Szacowany czas czytania\" \/>\n\t<meta name=\"twitter:data1\" content=\"3 minuty\" \/>\n<script type=\"application\/ld+json\" class=\"yoast-schema-graph\">{\"@context\":\"https:\\\/\\\/schema.org\",\"@graph\":[{\"@type\":[\"WebPage\",\"ItemPage\"],\"@id\":\"https:\\\/\\\/magnetarmagnets.com\\\/pl\\\/shop\\\/klasyczny-magnes-do-lowienia-200kg-jednostronny\\\/\",\"url\":\"https:\\\/\\\/magnetarmagnets.com\\\/pl\\\/shop\\\/klasyczny-magnes-do-lowienia-200kg-jednostronny\\\/\",\"name\":\"Klasyczny magnes do \u0142owienia 200KG \u2013 jednostronny - Magnet fishing with a Magnetar fishing magnet\",\"isPartOf\":{\"@id\":\"https:\\\/\\\/magnetarmagnets.com\\\/pl\\\/#website\"},\"primaryImageOfPage\":{\"@id\":\"https:\\\/\\\/magnetarmagnets.com\\\/pl\\\/shop\\\/klasyczny-magnes-do-lowienia-200kg-jednostronny\\\/#primaryimage\"},\"image\":{\"@id\":\"https:\\\/\\\/magnetarmagnets.com\\\/pl\\\/shop\\\/klasyczny-magnes-do-lowienia-200kg-jednostronny\\\/#primaryimage\"},\"thumbnailUrl\":\"https:\\\/\\\/magnetarmagnets.com\\\/wp-content\\\/uploads\\\/2020\\\/05\\\/hoofdafbeelding-classic-200.jpg\",\"datePublished\":\"2025-06-05T07:54:41+00:00\",\"dateModified\":\"2026-04-07T16:37:37+00:00\",\"description\":\"Klasyczny magnes do \u0142owienia 200 Kg - od Magnetar\",\"breadcrumb\":{\"@id\":\"https:\\\/\\\/magnetarmagnets.com\\\/pl\\\/shop\\\/klasyczny-magnes-do-lowienia-200kg-jednostronny\\\/#breadcrumb\"},\"inLanguage\":\"pl-PL\",\"potentialAction\":[{\"@type\":\"ReadAction\",\"target\":[\"https:\\\/\\\/magnetarmagnets.com\\\/pl\\\/shop\\\/klasyczny-magnes-do-lowienia-200kg-jednostronny\\\/\"]}]},{\"@type\":\"ImageObject\",\"inLanguage\":\"pl-PL\",\"@id\":\"https:\\\/\\\/magnetarmagnets.com\\\/pl\\\/shop\\\/klasyczny-magnes-do-lowienia-200kg-jednostronny\\\/#primaryimage\",\"url\":\"https:\\\/\\\/magnetarmagnets.com\\\/wp-content\\\/uploads\\\/2020\\\/05\\\/hoofdafbeelding-classic-200.jpg\",\"contentUrl\":\"https:\\\/\\\/magnetarmagnets.com\\\/wp-content\\\/uploads\\\/2020\\\/05\\\/hoofdafbeelding-classic-200.jpg\",\"width\":1000,\"height\":1000,\"caption\":\"Classic 200 fishing magnet\"},{\"@type\":\"BreadcrumbList\",\"@id\":\"https:\\\/\\\/magnetarmagnets.com\\\/pl\\\/shop\\\/klasyczny-magnes-do-lowienia-200kg-jednostronny\\\/#breadcrumb\",\"itemListElement\":[{\"@type\":\"ListItem\",\"position\":1,\"name\":\"Home\",\"item\":\"https:\\\/\\\/magnetarmagnets.com\\\/pl\\\/\"},{\"@type\":\"ListItem\",\"position\":2,\"name\":\"Sklep\",\"item\":\"https:\\\/\\\/magnetarmagnets.com\\\/sklep\\\/\"},{\"@type\":\"ListItem\",\"position\":3,\"name\":\"Magnesy do \u0142owienia\",\"item\":\"https:\\\/\\\/magnetarmagnets.com\\\/pl\\\/collections\\\/magnesy-do-lowienia\\\/\"},{\"@type\":\"ListItem\",\"position\":4,\"name\":\"Magnesy do \u0142owienia jednostronne\",\"item\":\"https:\\\/\\\/magnetarmagnets.com\\\/pl\\\/collections\\\/magnesy-do-lowienia\\\/magnesy-do-lowienia-jednostronne\\\/\"},{\"@type\":\"ListItem\",\"position\":5,\"name\":\"Klasyczny magnes do \u0142owienia 200KG \u2013 jednostronny\"}]},{\"@type\":\"WebSite\",\"@id\":\"https:\\\/\\\/magnetarmagnets.com\\\/pl\\\/#website\",\"url\":\"https:\\\/\\\/magnetarmagnets.com\\\/pl\\\/\",\"name\":\"Magnet fishing with a Magnetar fishing magnet\",\"description\":\"Mocne magnesy do po\u0142owu na magnes\",\"publisher\":{\"@id\":\"https:\\\/\\\/magnetarmagnets.com\\\/pl\\\/#organization\"},\"potentialAction\":[{\"@type\":\"SearchAction\",\"target\":{\"@type\":\"EntryPoint\",\"urlTemplate\":\"https:\\\/\\\/magnetarmagnets.com\\\/pl\\\/?s={search_term_string}\"},\"query-input\":{\"@type\":\"PropertyValueSpecification\",\"valueRequired\":true,\"valueName\":\"search_term_string\"}}],\"inLanguage\":\"pl-PL\"},{\"@type\":\"Organization\",\"@id\":\"https:\\\/\\\/magnetarmagnets.com\\\/pl\\\/#organization\",\"name\":\"Magnetar\",\"url\":\"https:\\\/\\\/magnetarmagnets.com\\\/pl\\\/\",\"logo\":{\"@type\":\"ImageObject\",\"inLanguage\":\"pl-PL\",\"@id\":\"https:\\\/\\\/magnetarmagnets.com\\\/pl\\\/#\\\/schema\\\/logo\\\/image\\\/\",\"url\":\"https:\\\/\\\/magnetarmagnets.com\\\/wp-content\\\/uploads\\\/2025\\\/05\\\/Logo-03_PNG-Black-scaled.png\",\"contentUrl\":\"https:\\\/\\\/magnetarmagnets.com\\\/wp-content\\\/uploads\\\/2025\\\/05\\\/Logo-03_PNG-Black-scaled.png\",\"width\":2560,\"height\":1658,\"caption\":\"Magnetar\"},\"image\":{\"@id\":\"https:\\\/\\\/magnetarmagnets.com\\\/pl\\\/#\\\/schema\\\/logo\\\/image\\\/\"},\"sameAs\":[\"https:\\\/\\\/www.facebook.com\\\/fishingmagnets\\\/\",\"https:\\\/\\\/www.instagram.com\\\/magnetar_magnets\\\/\",\"https:\\\/\\\/www.linkedin.com\\\/company\\\/magnetarbv\\\/?originalSubdomain=nl\",\"https:\\\/\\\/www.youtube.com\\\/c\\\/MagnetarVismagneet\"]}]}<\/script>\n<!-- \/ Yoast SEO plugin. -->","yoast_head_json":{"title":"Klasyczny magnes do \u0142owienia 200KG \u2013 jednostronny - Magnet fishing with a Magnetar fishing magnet","description":"Klasyczny magnes do \u0142owienia 200 Kg - od Magnetar","robots":{"index":"index","follow":"follow","max-snippet":"max-snippet:-1","max-image-preview":"max-image-preview:large","max-video-preview":"max-video-preview:-1"},"canonical":"https:\/\/magnetarmagnets.com\/pl\/shop\/klasyczny-magnes-do-lowienia-200kg-jednostronny\/","og_locale":"pl_PL","og_type":"article","og_title":"Klasyczny magnes do \u0142owienia 200KG \u2013 jednostronny - Magnet fishing with a Magnetar fishing magnet","og_description":"Klasyczny magnes do \u0142owienia 200 Kg - od Magnetar","og_url":"https:\/\/magnetarmagnets.com\/pl\/shop\/klasyczny-magnes-do-lowienia-200kg-jednostronny\/","og_site_name":"Magnet fishing with a Magnetar fishing magnet","article_publisher":"https:\/\/www.facebook.com\/fishingmagnets\/","article_modified_time":"2026-04-07T16:37:37+00:00","og_image":[{"width":1000,"height":1000,"url":"https:\/\/magnetarmagnets.com\/wp-content\/uploads\/2020\/05\/hoofdafbeelding-classic-200.jpg","type":"image\/jpeg"}],"twitter_card":"summary_large_image","twitter_misc":{"Szacowany czas czytania":"3 minuty"},"schema":{"@context":"https:\/\/schema.org","@graph":[{"@type":["WebPage","ItemPage"],"@id":"https:\/\/magnetarmagnets.com\/pl\/shop\/klasyczny-magnes-do-lowienia-200kg-jednostronny\/","url":"https:\/\/magnetarmagnets.com\/pl\/shop\/klasyczny-magnes-do-lowienia-200kg-jednostronny\/","name":"Klasyczny magnes do \u0142owienia 200KG \u2013 jednostronny - Magnet fishing with a Magnetar fishing magnet","isPartOf":{"@id":"https:\/\/magnetarmagnets.com\/pl\/#website"},"primaryImageOfPage":{"@id":"https:\/\/magnetarmagnets.com\/pl\/shop\/klasyczny-magnes-do-lowienia-200kg-jednostronny\/#primaryimage"},"image":{"@id":"https:\/\/magnetarmagnets.com\/pl\/shop\/klasyczny-magnes-do-lowienia-200kg-jednostronny\/#primaryimage"},"thumbnailUrl":"https:\/\/magnetarmagnets.com\/wp-content\/uploads\/2020\/05\/hoofdafbeelding-classic-200.jpg","datePublished":"2025-06-05T07:54:41+00:00","dateModified":"2026-04-07T16:37:37+00:00","description":"Klasyczny magnes do \u0142owienia 200 Kg - od Magnetar","breadcrumb":{"@id":"https:\/\/magnetarmagnets.com\/pl\/shop\/klasyczny-magnes-do-lowienia-200kg-jednostronny\/#breadcrumb"},"inLanguage":"pl-PL","potentialAction":[{"@type":"ReadAction","target":["https:\/\/magnetarmagnets.com\/pl\/shop\/klasyczny-magnes-do-lowienia-200kg-jednostronny\/"]}]},{"@type":"ImageObject","inLanguage":"pl-PL","@id":"https:\/\/magnetarmagnets.com\/pl\/shop\/klasyczny-magnes-do-lowienia-200kg-jednostronny\/#primaryimage","url":"https:\/\/magnetarmagnets.com\/wp-content\/uploads\/2020\/05\/hoofdafbeelding-classic-200.jpg","contentUrl":"https:\/\/magnetarmagnets.com\/wp-content\/uploads\/2020\/05\/hoofdafbeelding-classic-200.jpg","width":1000,"height":1000,"caption":"Classic 200 fishing magnet"},{"@type":"BreadcrumbList","@id":"https:\/\/magnetarmagnets.com\/pl\/shop\/klasyczny-magnes-do-lowienia-200kg-jednostronny\/#breadcrumb","itemListElement":[{"@type":"ListItem","position":1,"name":"Home","item":"https:\/\/magnetarmagnets.com\/pl\/"},{"@type":"ListItem","position":2,"name":"Sklep","item":"https:\/\/magnetarmagnets.com\/sklep\/"},{"@type":"ListItem","position":3,"name":"Magnesy do \u0142owienia","item":"https:\/\/magnetarmagnets.com\/pl\/collections\/magnesy-do-lowienia\/"},{"@type":"ListItem","position":4,"name":"Magnesy do \u0142owienia jednostronne","item":"https:\/\/magnetarmagnets.com\/pl\/collections\/magnesy-do-lowienia\/magnesy-do-lowienia-jednostronne\/"},{"@type":"ListItem","position":5,"name":"Klasyczny magnes do \u0142owienia 200KG \u2013 jednostronny"}]},{"@type":"WebSite","@id":"https:\/\/magnetarmagnets.com\/pl\/#website","url":"https:\/\/magnetarmagnets.com\/pl\/","name":"Magnet fishing with a Magnetar fishing magnet","description":"Mocne magnesy do po\u0142owu na magnes","publisher":{"@id":"https:\/\/magnetarmagnets.com\/pl\/#organization"},"potentialAction":[{"@type":"SearchAction","target":{"@type":"EntryPoint","urlTemplate":"https:\/\/magnetarmagnets.com\/pl\/?s={search_term_string}"},"query-input":{"@type":"PropertyValueSpecification","valueRequired":true,"valueName":"search_term_string"}}],"inLanguage":"pl-PL"},{"@type":"Organization","@id":"https:\/\/magnetarmagnets.com\/pl\/#organization","name":"Magnetar","url":"https:\/\/magnetarmagnets.com\/pl\/","logo":{"@type":"ImageObject","inLanguage":"pl-PL","@id":"https:\/\/magnetarmagnets.com\/pl\/#\/schema\/logo\/image\/","url":"https:\/\/magnetarmagnets.com\/wp-content\/uploads\/2025\/05\/Logo-03_PNG-Black-scaled.png","contentUrl":"https:\/\/magnetarmagnets.com\/wp-content\/uploads\/2025\/05\/Logo-03_PNG-Black-scaled.png","width":2560,"height":1658,"caption":"Magnetar"},"image":{"@id":"https:\/\/magnetarmagnets.com\/pl\/#\/schema\/logo\/image\/"},"sameAs":["https:\/\/www.facebook.com\/fishingmagnets\/","https:\/\/www.instagram.com\/magnetar_magnets\/","https:\/\/www.linkedin.com\/company\/magnetarbv\/?originalSubdomain=nl","https:\/\/www.youtube.com\/c\/MagnetarVismagneet"]}]}},"_links":{"self":[{"href":"https:\/\/magnetarmagnets.com\/pl\/wp-json\/wp\/v2\/product\/83655","targetHints":{"allow":["GET"]}}],"collection":[{"href":"https:\/\/magnetarmagnets.com\/pl\/wp-json\/wp\/v2\/product"}],"about":[{"href":"https:\/\/magnetarmagnets.com\/pl\/wp-json\/wp\/v2\/types\/product"}],"replies":[{"embeddable":true,"href":"https:\/\/magnetarmagnets.com\/pl\/wp-json\/wp\/v2\/comments?post=83655"}],"version-history":[{"count":0,"href":"https:\/\/magnetarmagnets.com\/pl\/wp-json\/wp\/v2\/product\/83655\/revisions"}],"wp:featuredmedia":[{"embeddable":true,"href":"https:\/\/magnetarmagnets.com\/pl\/wp-json\/wp\/v2\/media\/80548"}],"wp:attachment":[{"href":"https:\/\/magnetarmagnets.com\/pl\/wp-json\/wp\/v2\/media?parent=83655"}],"wp:term":[{"taxonomy":"product_brand","embeddable":true,"href":"https:\/\/magnetarmagnets.com\/pl\/wp-json\/wp\/v2\/product_brand?post=83655"},{"taxonomy":"product_cat","embeddable":true,"href":"https:\/\/magnetarmagnets.com\/pl\/wp-json\/wp\/v2\/product_cat?post=83655"},{"taxonomy":"product_tag","embeddable":true,"href":"https:\/\/magnetarmagnets.com\/pl\/wp-json\/wp\/v2\/product_tag?post=83655"}],"curies":[{"name":"wp","href":"https:\/\/api.w.org\/{rel}","templated":true}]}}