{"id":83654,"date":"2025-06-05T09:54:41","date_gmt":"2025-06-05T07:54:41","guid":{"rendered":"https:\/\/magnetarmagnets.com\/?post_type=product&#038;p=83654"},"modified":"2026-04-04T21:47:18","modified_gmt":"2026-04-04T19:47:18","slug":"klasyczny-magnes-do-lowienia-ryb-400kg-jednostronny","status":"publish","type":"product","link":"https:\/\/magnetarmagnets.com\/pl\/shop\/klasyczny-magnes-do-lowienia-ryb-400kg-jednostronny\/","title":{"rendered":"Klasyczny magnes do \u0142owienia ryb &#8211; 400KG &#8211; jednostronny"},"content":{"rendered":"Klasyczny magnes do \u0142owienia ryb 400 jest <span style=\"font-weight: 400;\">jednostronnym neodymowym magnesem do \u0142owienia i posiada maksymaln\u0105 si\u0142\u0119 \u015bci\u0105gania 400KG. Magnes Classic 400 jest polecany zar\u00f3wno dla pocz\u0105tkuj\u0105cych chc\u0105cych rozpocz\u0105\u0107 z kompletnym wyposa\u017ceniem, jak i dla bardziej zaawansowanych \u0142owc\u00f3w magnesem, kt\u00f3rzy pragn\u0105 pot\u0119\u017cnego i zabezpieczonego magnesu. Gruby magnes jest umieszczony w solidnej metalowej obudowie, co zapewnia uzyskanie ogromnej si\u0142y \u015bci\u0105gania po stronie dolnej. Ten magnes nale\u017cy do jednych z pot\u0119\u017cniejszych w naszej ofercie magnes\u00f3w jednostronnych.<\/span>\n\n\n\nNie zapomnij r\u00f3wnie\u017c sprawdzi\u0107 naszych <a href=\"https:\/\/magnetarmagnets.com\/magnet-fishing-kit\/\">zestaw\u00f3w do \u0142owienia magnesem<\/a> oraz <a href=\"https:\/\/magnetarmagnets.com\/accessories\/\">akcesori\u00f3w do \u0142owienia magnesem.<\/a>\n\n<h2><span style=\"font-weight: 400;\"><strong style=\"font-size: 24px;\">Pot\u0119\u017cny, jednostronny magnes do \u0142owienia &#8211; 400KG<\/strong><\/span><\/h2>\n\nClassic 400 jest jednym z najmocniejszych jednostronnych magnes\u00f3w do \u0142owienia firmy Magnetar. Ten wyj\u0105tkowy produkt jest zabezpieczony trwa\u0142\u0105 obudow\u0105, gwarantuj\u0105c\u0105 ochron\u0119 przed uderzeniami i przypadkowymi uszkodzeniami. Poniewa\u017c magnes jest jednostronny, si\u0142a magnetyczna skupia si\u0119 wy\u0142\u0105cznie na dolnej stronie magnesu, co czyni go niezwykle silnym. Ta si\u0142a mo\u017ce stanowi\u0107 pewne wyzwanie przy od\u0142\u0105czaniu przyci\u0105gni\u0119tych przedmiot\u00f3w. Niemniej jednak, bez wysi\u0142ku umo\u017cliwia wyci\u0105ganie ci\u0119\u017ckich, p\u0142askich przedmiot\u00f3w jak sejfy, cz\u0119\u015bci samochodowe czy stalowe belki z wody. Poradzi sobie tak\u017ce z r\u00f3\u017cnorodnymi mniejszymi historycznymi artefaktami.\n\n\n\nKlasyczny magnes do \u0142owienia 400 kg zazwyczaj u\u017cywany jest z lin\u0105 o grubo\u015bci 8mm lub 10mm. Potrzebujesz zg\u0142\u0119bia\u0107 g\u0142\u0119bsze wody lub zanurzenia w mule na okre\u015blonych miejscach? W takim wypadku magnes ten mo\u017cna po\u0142\u0105czy\u0107 z naszym kolcem do \u0142owienia magnesem, kt\u00f3ry wyd\u0142u\u017ca si\u0119 do trzech metr\u00f3w i rozszerza mo\u017cliwo\u015bci \u0142owienia magnesem.\n\n\n\nJe\u015bli szukasz magnesu do \u0142owienia, kt\u00f3ry ma si\u0142\u0119 magnetyczn\u0105 ze wszystkich stron i oferuje por\u00f3wnywaln\u0105 si\u0142\u0119 \u015bci\u0105gania, zapraszamy do zapoznania si\u0119 z naszymi magnesami 360\u00b0 o nazwach <a href=\"https:\/\/magnetarmagnets.com\/shop\/easy-magnet\">Easy<\/a>, <a href=\"https:\/\/magnetarmagnets.com\/shop\/hardcore-magnet-2\/?v=796834e7a283\">Hardcore<\/a> oraz <a href=\"https:\/\/magnetarmagnets.com\/shop\/exclusive-terror-magnet\/?v=796834e7a283\">Terror<\/a>.\n\n<h2>Czy ta si\u0142a \u015bci\u0105gania nie jest zbyt du\u017ca?<\/h2>\n\n<span style=\"font-weight: 400;\">Nie martw si\u0119! Obiecana si\u0142a 400KG osi\u0105gana jest tylko w idealnych warunkach. S\u0105 to: p\u0142aska stal o grubo\u015bci 2 cm, brak rdzy i zabrudze\u0144 mi\u0119dzy magnesem a metalem. Szansa na natrafienie na czyst\u0105 metalow\u0105 p\u0142yt\u0119 w wodzie jest niewielka. Najcz\u0119\u015bciej na \u017celaznych skarbach znajduje si\u0119 rdza.<\/span>\n\n<h2><b>Wysoka jako\u015b\u0107<\/b><\/h2>\n\nNasze magnesy do \u0142owienia s\u0105 wykonane z neodymu. Magnesy Magnetar zachowuj\u0105 swoj\u0105 si\u0142\u0119 magnetyczn\u0105 przez dziesi\u0105tki lat, trac\u0105c tylko 1% co 100 lat (przy odpowiednim przechowywaniu, piel\u0119gnacji i ochronie). Dlatego sprzedajemy jedne z <a href=\"https:\/\/magnetarmagnets.com\/\" target=\"_blank\" rel=\"noopener\">najlepszych magnes\u00f3w do \u0142owienia<\/a> na rynku.\n\n\n\nWi\u0119kszo\u015b\u0107 innych dostawc\u00f3w magnes\u00f3w traci si\u0142\u0119 \u015bci\u0105gania ju\u017c po kilku tygodniach. W ostatnich latach zauwa\u017cyli\u015bmy coraz wi\u0119cej magnes\u00f3w niskiej jako\u015bci na rynku: wi\u0119ksze magnesy o ni\u017cszej sile, s\u0142abej jako\u015bci neodym, fa\u0142szywe reklamy. Kupuj\u0105c takie magnesy taniej lub od du\u017cych firm konglomeratowych, mo\u017cesz by\u0107 rozczarowany, mimo i\u017c troch\u0119 zaoszcz\u0119dzisz.\n\n\n\nMagnetar jest ma\u0142\u0105, rodzinn\u0105 firm\u0105, kt\u00f3ra stawia jako\u015b\u0107 na pierwszym miejscu. Jeste\u015bmy entuzjastami \u0142owienia magnesem, a wszystkie nasze magnesy s\u0105 projektowane, rysowane i produkowane przez nasz zesp\u00f3\u0142, aby zapewni\u0107 najlepsz\u0105 warto\u015b\u0107 za twoje pieni\u0105dze (lub skarby z magnesu!). Je\u015bli chcesz niezawodny, skuteczny i mocny magnes do \u0142owienia, jeste\u015b w dobrym miejscu. Nasz zesp\u00f3\u0142 ch\u0119tnie Ci pomo\u017ce,\u00a0<a href=\"mailto:info@magnetarmagnets.nl\">skontaktuj si\u0119 z nami<\/a>.\n\n<h2><b>U\u017cywaj ostro\u017cnie<\/b><\/h2>\n\nNasze magnesy neodymowe s\u0105 bardzo silne i mog\u0105 przyci\u0105ga\u0107 \u017celazne przedmioty z du\u017c\u0105 pr\u0119dko\u015bci\u0105, gdy znajduj\u0105 si\u0119 w niewielkiej odleg\u0142o\u015bci. W przypadku silniejszych magnes\u00f3w takich jak magnes 360\u00b0 allround, istnieje ryzyko przytrza\u015bni\u0119cia palc\u00f3w mi\u0119dzy magnesem a innymi obiektami. Obs\u0142uguj magnesy ostro\u017cnie i korzystaj na w\u0142asne ryzyko. Zawsze czytaj nasze ostrze\u017cenia dotycz\u0105ce bezpiecze\u0144stwa przed u\u017cyciem.\n\n\n\n* Dzieci powinny u\u017cywa\u0107 magnes pod nadzorem os\u00f3b doros\u0142ych.","protected":false},"excerpt":{"rendered":"<p><span style=\"font-weight: 400;\">Ten <strong>mocny, zabezpieczony magnes do \u0142owienia ryb<\/strong> spe\u0142nia swoje zadanie. Najci\u0119\u017csze przedmioty s\u0105 przyci\u0105gane dzi\u0119ki <strong>ogromnej sile \u015bci\u0105gania<\/strong> u do\u0142u magnesu. Ten magnes jest <strong>uwielbiany zar\u00f3wno przez pocz\u0105tkuj\u0105cych, jak i zaawansowanych entuzjast\u00f3w \u0142owienia magnesem<\/strong>.<\/span><\/p>\n","protected":false},"featured_media":76608,"comment_status":"open","ping_status":"closed","template":"","meta":{"_acf_changed":false,"inline_featured_image":false},"product_brand":[],"product_cat":[581,584,594],"product_tag":[],"class_list":{"0":"post-83654","1":"product","2":"type-product","3":"status-publish","4":"has-post-thumbnail","6":"product_cat-magnesy-do-lowienia","7":"product_cat-magnesy-do-lowienia-jednostronne","8":"product_cat-zaawansowani-poszukiwacze-przygod","10":"first","11":"instock","12":"sale","13":"taxable","14":"shipping-taxable","15":"purchasable","16":"product-type-simple"},"acf":[],"yoast_head":"<!-- This site is optimized with the Yoast SEO plugin v27.4 - https:\/\/yoast.com\/product\/yoast-seo-wordpress\/ -->\n<title>Klasyczny magnes do \u0142owienia ryb - 400KG - jednostronny - Magnet fishing with a Magnetar fishing magnet<\/title>\n<meta name=\"description\" content=\"Jednostronny magnes do \u0142owienia - 400 Kg - Magnetar\" \/>\n<meta name=\"robots\" content=\"index, follow, max-snippet:-1, max-image-preview:large, max-video-preview:-1\" \/>\n<link rel=\"canonical\" href=\"https:\/\/magnetarmagnets.com\/pl\/shop\/klasyczny-magnes-do-lowienia-ryb-400kg-jednostronny\/\" \/>\n<meta property=\"og:locale\" content=\"pl_PL\" \/>\n<meta property=\"og:type\" content=\"article\" \/>\n<meta property=\"og:title\" content=\"Klasyczny magnes do \u0142owienia ryb - 400KG - jednostronny - Magnet fishing with a Magnetar fishing magnet\" \/>\n<meta property=\"og:description\" content=\"Jednostronny magnes do \u0142owienia - 400 Kg - Magnetar\" \/>\n<meta property=\"og:url\" content=\"https:\/\/magnetarmagnets.com\/pl\/shop\/klasyczny-magnes-do-lowienia-ryb-400kg-jednostronny\/\" \/>\n<meta property=\"og:site_name\" content=\"Magnet fishing with a Magnetar fishing magnet\" \/>\n<meta property=\"article:publisher\" content=\"https:\/\/www.facebook.com\/fishingmagnets\/\" \/>\n<meta property=\"article:modified_time\" content=\"2026-04-04T19:47:18+00:00\" \/>\n<meta property=\"og:image\" content=\"https:\/\/magnetarmagnets.com\/wp-content\/uploads\/2017\/07\/vismagneet-350-met-gereedschap.png\" \/>\n\t<meta property=\"og:image:width\" content=\"1000\" \/>\n\t<meta property=\"og:image:height\" content=\"1000\" \/>\n\t<meta property=\"og:image:type\" content=\"image\/png\" \/>\n<meta name=\"twitter:card\" content=\"summary_large_image\" \/>\n<meta name=\"twitter:label1\" content=\"Szacowany czas czytania\" \/>\n\t<meta name=\"twitter:data1\" content=\"3 minuty\" \/>\n<script type=\"application\/ld+json\" class=\"yoast-schema-graph\">{\"@context\":\"https:\\\/\\\/schema.org\",\"@graph\":[{\"@type\":[\"WebPage\",\"ItemPage\"],\"@id\":\"https:\\\/\\\/magnetarmagnets.com\\\/pl\\\/shop\\\/klasyczny-magnes-do-lowienia-ryb-400kg-jednostronny\\\/\",\"url\":\"https:\\\/\\\/magnetarmagnets.com\\\/pl\\\/shop\\\/klasyczny-magnes-do-lowienia-ryb-400kg-jednostronny\\\/\",\"name\":\"Klasyczny magnes do \u0142owienia ryb - 400KG - jednostronny - Magnet fishing with a Magnetar fishing magnet\",\"isPartOf\":{\"@id\":\"https:\\\/\\\/magnetarmagnets.com\\\/pl\\\/#website\"},\"primaryImageOfPage\":{\"@id\":\"https:\\\/\\\/magnetarmagnets.com\\\/pl\\\/shop\\\/klasyczny-magnes-do-lowienia-ryb-400kg-jednostronny\\\/#primaryimage\"},\"image\":{\"@id\":\"https:\\\/\\\/magnetarmagnets.com\\\/pl\\\/shop\\\/klasyczny-magnes-do-lowienia-ryb-400kg-jednostronny\\\/#primaryimage\"},\"thumbnailUrl\":\"https:\\\/\\\/magnetarmagnets.com\\\/wp-content\\\/uploads\\\/2017\\\/07\\\/vismagneet-350-met-gereedschap.png\",\"datePublished\":\"2025-06-05T07:54:41+00:00\",\"dateModified\":\"2026-04-04T19:47:18+00:00\",\"description\":\"Jednostronny magnes do \u0142owienia - 400 Kg - Magnetar\",\"breadcrumb\":{\"@id\":\"https:\\\/\\\/magnetarmagnets.com\\\/pl\\\/shop\\\/klasyczny-magnes-do-lowienia-ryb-400kg-jednostronny\\\/#breadcrumb\"},\"inLanguage\":\"pl-PL\",\"potentialAction\":[{\"@type\":\"ReadAction\",\"target\":[\"https:\\\/\\\/magnetarmagnets.com\\\/pl\\\/shop\\\/klasyczny-magnes-do-lowienia-ryb-400kg-jednostronny\\\/\"]}]},{\"@type\":\"ImageObject\",\"inLanguage\":\"pl-PL\",\"@id\":\"https:\\\/\\\/magnetarmagnets.com\\\/pl\\\/shop\\\/klasyczny-magnes-do-lowienia-ryb-400kg-jednostronny\\\/#primaryimage\",\"url\":\"https:\\\/\\\/magnetarmagnets.com\\\/wp-content\\\/uploads\\\/2017\\\/07\\\/vismagneet-350-met-gereedschap.png\",\"contentUrl\":\"https:\\\/\\\/magnetarmagnets.com\\\/wp-content\\\/uploads\\\/2017\\\/07\\\/vismagneet-350-met-gereedschap.png\",\"width\":1000,\"height\":1000,\"caption\":\"vismagneet 350 met gereedschap\"},{\"@type\":\"BreadcrumbList\",\"@id\":\"https:\\\/\\\/magnetarmagnets.com\\\/pl\\\/shop\\\/klasyczny-magnes-do-lowienia-ryb-400kg-jednostronny\\\/#breadcrumb\",\"itemListElement\":[{\"@type\":\"ListItem\",\"position\":1,\"name\":\"Home\",\"item\":\"https:\\\/\\\/magnetarmagnets.com\\\/pl\\\/\"},{\"@type\":\"ListItem\",\"position\":2,\"name\":\"Sklep\",\"item\":\"https:\\\/\\\/magnetarmagnets.com\\\/sklep\\\/\"},{\"@type\":\"ListItem\",\"position\":3,\"name\":\"Magnesy do \u0142owienia\",\"item\":\"https:\\\/\\\/magnetarmagnets.com\\\/pl\\\/collections\\\/magnesy-do-lowienia\\\/\"},{\"@type\":\"ListItem\",\"position\":4,\"name\":\"Magnesy do \u0142owienia jednostronne\",\"item\":\"https:\\\/\\\/magnetarmagnets.com\\\/pl\\\/collections\\\/magnesy-do-lowienia\\\/magnesy-do-lowienia-jednostronne\\\/\"},{\"@type\":\"ListItem\",\"position\":5,\"name\":\"Klasyczny magnes do \u0142owienia ryb &#8211; 400KG &#8211; jednostronny\"}]},{\"@type\":\"WebSite\",\"@id\":\"https:\\\/\\\/magnetarmagnets.com\\\/pl\\\/#website\",\"url\":\"https:\\\/\\\/magnetarmagnets.com\\\/pl\\\/\",\"name\":\"Magnet fishing with a Magnetar fishing magnet\",\"description\":\"Mocne magnesy do po\u0142owu na magnes\",\"publisher\":{\"@id\":\"https:\\\/\\\/magnetarmagnets.com\\\/pl\\\/#organization\"},\"potentialAction\":[{\"@type\":\"SearchAction\",\"target\":{\"@type\":\"EntryPoint\",\"urlTemplate\":\"https:\\\/\\\/magnetarmagnets.com\\\/pl\\\/?s={search_term_string}\"},\"query-input\":{\"@type\":\"PropertyValueSpecification\",\"valueRequired\":true,\"valueName\":\"search_term_string\"}}],\"inLanguage\":\"pl-PL\"},{\"@type\":\"Organization\",\"@id\":\"https:\\\/\\\/magnetarmagnets.com\\\/pl\\\/#organization\",\"name\":\"Magnetar\",\"url\":\"https:\\\/\\\/magnetarmagnets.com\\\/pl\\\/\",\"logo\":{\"@type\":\"ImageObject\",\"inLanguage\":\"pl-PL\",\"@id\":\"https:\\\/\\\/magnetarmagnets.com\\\/pl\\\/#\\\/schema\\\/logo\\\/image\\\/\",\"url\":\"https:\\\/\\\/magnetarmagnets.com\\\/wp-content\\\/uploads\\\/2025\\\/05\\\/Logo-03_PNG-Black-scaled.png\",\"contentUrl\":\"https:\\\/\\\/magnetarmagnets.com\\\/wp-content\\\/uploads\\\/2025\\\/05\\\/Logo-03_PNG-Black-scaled.png\",\"width\":2560,\"height\":1658,\"caption\":\"Magnetar\"},\"image\":{\"@id\":\"https:\\\/\\\/magnetarmagnets.com\\\/pl\\\/#\\\/schema\\\/logo\\\/image\\\/\"},\"sameAs\":[\"https:\\\/\\\/www.facebook.com\\\/fishingmagnets\\\/\",\"https:\\\/\\\/www.instagram.com\\\/magnetar_magnets\\\/\",\"https:\\\/\\\/www.linkedin.com\\\/company\\\/magnetarbv\\\/?originalSubdomain=nl\",\"https:\\\/\\\/www.youtube.com\\\/c\\\/MagnetarVismagneet\"]}]}<\/script>\n<!-- \/ Yoast SEO plugin. -->","yoast_head_json":{"title":"Klasyczny magnes do \u0142owienia ryb - 400KG - jednostronny - Magnet fishing with a Magnetar fishing magnet","description":"Jednostronny magnes do \u0142owienia - 400 Kg - Magnetar","robots":{"index":"index","follow":"follow","max-snippet":"max-snippet:-1","max-image-preview":"max-image-preview:large","max-video-preview":"max-video-preview:-1"},"canonical":"https:\/\/magnetarmagnets.com\/pl\/shop\/klasyczny-magnes-do-lowienia-ryb-400kg-jednostronny\/","og_locale":"pl_PL","og_type":"article","og_title":"Klasyczny magnes do \u0142owienia ryb - 400KG - jednostronny - Magnet fishing with a Magnetar fishing magnet","og_description":"Jednostronny magnes do \u0142owienia - 400 Kg - Magnetar","og_url":"https:\/\/magnetarmagnets.com\/pl\/shop\/klasyczny-magnes-do-lowienia-ryb-400kg-jednostronny\/","og_site_name":"Magnet fishing with a Magnetar fishing magnet","article_publisher":"https:\/\/www.facebook.com\/fishingmagnets\/","article_modified_time":"2026-04-04T19:47:18+00:00","og_image":[{"width":1000,"height":1000,"url":"https:\/\/magnetarmagnets.com\/wp-content\/uploads\/2017\/07\/vismagneet-350-met-gereedschap.png","type":"image\/png"}],"twitter_card":"summary_large_image","twitter_misc":{"Szacowany czas czytania":"3 minuty"},"schema":{"@context":"https:\/\/schema.org","@graph":[{"@type":["WebPage","ItemPage"],"@id":"https:\/\/magnetarmagnets.com\/pl\/shop\/klasyczny-magnes-do-lowienia-ryb-400kg-jednostronny\/","url":"https:\/\/magnetarmagnets.com\/pl\/shop\/klasyczny-magnes-do-lowienia-ryb-400kg-jednostronny\/","name":"Klasyczny magnes do \u0142owienia ryb - 400KG - jednostronny - Magnet fishing with a Magnetar fishing magnet","isPartOf":{"@id":"https:\/\/magnetarmagnets.com\/pl\/#website"},"primaryImageOfPage":{"@id":"https:\/\/magnetarmagnets.com\/pl\/shop\/klasyczny-magnes-do-lowienia-ryb-400kg-jednostronny\/#primaryimage"},"image":{"@id":"https:\/\/magnetarmagnets.com\/pl\/shop\/klasyczny-magnes-do-lowienia-ryb-400kg-jednostronny\/#primaryimage"},"thumbnailUrl":"https:\/\/magnetarmagnets.com\/wp-content\/uploads\/2017\/07\/vismagneet-350-met-gereedschap.png","datePublished":"2025-06-05T07:54:41+00:00","dateModified":"2026-04-04T19:47:18+00:00","description":"Jednostronny magnes do \u0142owienia - 400 Kg - Magnetar","breadcrumb":{"@id":"https:\/\/magnetarmagnets.com\/pl\/shop\/klasyczny-magnes-do-lowienia-ryb-400kg-jednostronny\/#breadcrumb"},"inLanguage":"pl-PL","potentialAction":[{"@type":"ReadAction","target":["https:\/\/magnetarmagnets.com\/pl\/shop\/klasyczny-magnes-do-lowienia-ryb-400kg-jednostronny\/"]}]},{"@type":"ImageObject","inLanguage":"pl-PL","@id":"https:\/\/magnetarmagnets.com\/pl\/shop\/klasyczny-magnes-do-lowienia-ryb-400kg-jednostronny\/#primaryimage","url":"https:\/\/magnetarmagnets.com\/wp-content\/uploads\/2017\/07\/vismagneet-350-met-gereedschap.png","contentUrl":"https:\/\/magnetarmagnets.com\/wp-content\/uploads\/2017\/07\/vismagneet-350-met-gereedschap.png","width":1000,"height":1000,"caption":"vismagneet 350 met gereedschap"},{"@type":"BreadcrumbList","@id":"https:\/\/magnetarmagnets.com\/pl\/shop\/klasyczny-magnes-do-lowienia-ryb-400kg-jednostronny\/#breadcrumb","itemListElement":[{"@type":"ListItem","position":1,"name":"Home","item":"https:\/\/magnetarmagnets.com\/pl\/"},{"@type":"ListItem","position":2,"name":"Sklep","item":"https:\/\/magnetarmagnets.com\/sklep\/"},{"@type":"ListItem","position":3,"name":"Magnesy do \u0142owienia","item":"https:\/\/magnetarmagnets.com\/pl\/collections\/magnesy-do-lowienia\/"},{"@type":"ListItem","position":4,"name":"Magnesy do \u0142owienia jednostronne","item":"https:\/\/magnetarmagnets.com\/pl\/collections\/magnesy-do-lowienia\/magnesy-do-lowienia-jednostronne\/"},{"@type":"ListItem","position":5,"name":"Klasyczny magnes do \u0142owienia ryb &#8211; 400KG &#8211; jednostronny"}]},{"@type":"WebSite","@id":"https:\/\/magnetarmagnets.com\/pl\/#website","url":"https:\/\/magnetarmagnets.com\/pl\/","name":"Magnet fishing with a Magnetar fishing magnet","description":"Mocne magnesy do po\u0142owu na magnes","publisher":{"@id":"https:\/\/magnetarmagnets.com\/pl\/#organization"},"potentialAction":[{"@type":"SearchAction","target":{"@type":"EntryPoint","urlTemplate":"https:\/\/magnetarmagnets.com\/pl\/?s={search_term_string}"},"query-input":{"@type":"PropertyValueSpecification","valueRequired":true,"valueName":"search_term_string"}}],"inLanguage":"pl-PL"},{"@type":"Organization","@id":"https:\/\/magnetarmagnets.com\/pl\/#organization","name":"Magnetar","url":"https:\/\/magnetarmagnets.com\/pl\/","logo":{"@type":"ImageObject","inLanguage":"pl-PL","@id":"https:\/\/magnetarmagnets.com\/pl\/#\/schema\/logo\/image\/","url":"https:\/\/magnetarmagnets.com\/wp-content\/uploads\/2025\/05\/Logo-03_PNG-Black-scaled.png","contentUrl":"https:\/\/magnetarmagnets.com\/wp-content\/uploads\/2025\/05\/Logo-03_PNG-Black-scaled.png","width":2560,"height":1658,"caption":"Magnetar"},"image":{"@id":"https:\/\/magnetarmagnets.com\/pl\/#\/schema\/logo\/image\/"},"sameAs":["https:\/\/www.facebook.com\/fishingmagnets\/","https:\/\/www.instagram.com\/magnetar_magnets\/","https:\/\/www.linkedin.com\/company\/magnetarbv\/?originalSubdomain=nl","https:\/\/www.youtube.com\/c\/MagnetarVismagneet"]}]}},"_links":{"self":[{"href":"https:\/\/magnetarmagnets.com\/pl\/wp-json\/wp\/v2\/product\/83654","targetHints":{"allow":["GET"]}}],"collection":[{"href":"https:\/\/magnetarmagnets.com\/pl\/wp-json\/wp\/v2\/product"}],"about":[{"href":"https:\/\/magnetarmagnets.com\/pl\/wp-json\/wp\/v2\/types\/product"}],"replies":[{"embeddable":true,"href":"https:\/\/magnetarmagnets.com\/pl\/wp-json\/wp\/v2\/comments?post=83654"}],"version-history":[{"count":1,"href":"https:\/\/magnetarmagnets.com\/pl\/wp-json\/wp\/v2\/product\/83654\/revisions"}],"predecessor-version":[{"id":95410,"href":"https:\/\/magnetarmagnets.com\/pl\/wp-json\/wp\/v2\/product\/83654\/revisions\/95410"}],"wp:featuredmedia":[{"embeddable":true,"href":"https:\/\/magnetarmagnets.com\/pl\/wp-json\/wp\/v2\/media\/76608"}],"wp:attachment":[{"href":"https:\/\/magnetarmagnets.com\/pl\/wp-json\/wp\/v2\/media?parent=83654"}],"wp:term":[{"taxonomy":"product_brand","embeddable":true,"href":"https:\/\/magnetarmagnets.com\/pl\/wp-json\/wp\/v2\/product_brand?post=83654"},{"taxonomy":"product_cat","embeddable":true,"href":"https:\/\/magnetarmagnets.com\/pl\/wp-json\/wp\/v2\/product_cat?post=83654"},{"taxonomy":"product_tag","embeddable":true,"href":"https:\/\/magnetarmagnets.com\/pl\/wp-json\/wp\/v2\/product_tag?post=83654"}],"curies":[{"name":"wp","href":"https:\/\/api.w.org\/{rel}","templated":true}]}}