{"id":83652,"date":"2025-06-05T09:54:40","date_gmt":"2025-06-05T07:54:40","guid":{"rendered":"https:\/\/magnetarmagnets.com\/?post_type=product&#038;p=83652"},"modified":"2026-04-03T11:45:28","modified_gmt":"2026-04-03T09:45:28","slug":"hardcore-magnet-600-kg-magnes-do-lowienia-w-360","status":"publish","type":"product","link":"https:\/\/magnetarmagnets.com\/pl\/shop\/hardcore-magnet-600-kg-magnes-do-lowienia-w-360\/","title":{"rendered":"Hardcore Magnet\u00ae &#8211; 600 kg &#8211; Magnes do lowienia w 360\u00b0"},"content":{"rendered":"<span style=\"font-weight: 400;\">* Chron magnes za pomoc\u0105 <\/span><a href=\"https:\/\/magnetarmagnets.com\/shop\/protection-cover-hardcore\/\" target=\"_blank\" rel=\"noopener\"><b>os\u0142ony ochronnej<\/b><\/a><span style=\"font-weight: 400;\"> podczas \u0142owienia magnesem. Bez os\u0142ony ochronnej magnes mo\u017ce si\u0119 uszkodzi\u0107 przy uderzeniach o twarde obiekty. Os\u0142ona ochronna nie jest do\u0142\u0105czona do magnesu.<\/span>\n\n<h2><b>Magnes do lowienia magnesem neodymowy Hardcore<\/b><\/h2>\n\n<span style=\"font-weight: 400;\">Nasz uniwersalny magnes neodymowy z polem magnetycznym 360\u00b0 ma ogromn\u0105 si\u0142\u0119 przyci\u0105gania! To jeden z <a href=\"https:\/\/magnetarmagnets.com\/strong-fishing-magnets\/\" target=\"_blank\" rel=\"noopener\">najmocniejszych magnes\u00f3w do lowienia magnesem<\/a> dost\u0119pnych w konkurencyjnych cenach. <\/span><b>Z si\u0142\u0105 przyci\u0105gania 14 cm\/5,5&#8221; wok\u00f3\u0142 magnesu<\/b><span style=\"font-weight: 400;\">, du\u017cy zasi\u0119g przyci\u0105gania daje ci szans\u0119 na z\u0142owienie wi\u0119kszych i lepszych skarb\u00f3w. Wielu w\u0119dkarzy magnesowych chwali ten magnes dwustronny Hardcore za skuteczno\u015b\u0107 &#8211; zobacz, co m\u00f3wi\u0105 profesjonali\u015bci na <\/span><a href=\"https:\/\/www.youtube.com\/watch?v=1izvqgYbtd8\" target=\"_blank\" rel=\"noopener\"><span style=\"font-weight: 400;\">YouTube<\/span><\/a><span style=\"font-weight: 400;\">! Ten uniwersalny magnes do lowienia magnesem jest idealny dla os\u00f3b chc\u0105cych podnie\u015b\u0107 sw\u00f3j poziom z magnes\u00f3w jednostronnych lub dwustronnych o jeszcze wi\u0119ksz\u0105 si\u0142\u0119 przyci\u0105gania.<\/span>\n\n<h2><b>Jeste\u015b gotowy, by przej\u015b\u0107 na Hardcore?<\/b><\/h2>\n\n<span style=\"font-weight: 400;\">Zosta\u0144 w\u0119dkarzem magnesowym Hardcore! Nazwa magnesu m\u00f3wi wszystko, jest on bardzo mocny! Magnes do lowienia magnesem Hardcore chwyta wszystkie obiekty z ka\u017cdej strony, przez b\u0142oto i nie zaczepia si\u0119 \u0142atwo o ska\u0142y. Nie jest ani zbyt ci\u0119\u017cki, ani zbyt lekki, mo\u017cna nim rzuca\u0107 godzinami bez problem\u00f3w.\u00a0<\/span>\n\n\n\n<span style=\"font-weight: 400;\">Magnes Hardcore sta\u0142 si\u0119 jednym z naszych bestseller\u00f3w i najpopularniejszym w\u015br\u00f3d zaawansowanych w\u0119dkarzy magnesowych. Magnes wykonany jest w 100% z czystego neodymu &#8211; najsilniejszego magnesu trwa\u0142ego zdolnego unie\u015b\u0107 wi\u0119cej ni\u017c inne materia\u0142y magnesowe tej samej wielko\u015bci. To zwi\u0119ksza ca\u0142kowite przyci\u0105ganie ze wszystkich stron oraz zakres obiekt\u00f3w, kt\u00f3re mo\u017cna znale\u017a\u0107.<\/span>\n\n<h2><b>Rozw\u00f3j magnes\u00f3w<\/b><\/h2>\n\nWiele magnes\u00f3w ma si\u0142\u0119 przyci\u0105gania tylko po jednej stronie. Ten jednostronny magnes to klasyczny magnes do lowienia magnesem. Magnetar by\u0142 pierwsz\u0105 firm\u0105, kt\u00f3ra przekszta\u0142ci\u0142a ten klasyczny magnes w magnes dwustronny. W 2016 roku Magnetar opracowa\u0142 uniwersalny magnes do lowienia z polem magnetycznym 360\u00b0. W\u0119dkarze magnesowi w ca\u0142ej UE od tego czasu wybieraj\u0105 nasze magnesy 100% neodymowe, co czyni nas numerem 1 w Europie. Nasze magnesy s\u0105 wykonane z najwy\u017csz\u0105 jako\u015bci\u0105, projektowane i produkowane przez ma\u0142y zesp\u00f3\u0142 entuzjast\u00f3w lowienia magnesem. Nasi klienci wracaj\u0105, bo wiedz\u0105, \u017ce z Magnetar otrzymaj\u0105 wi\u0119cej ni\u017c magnes, zdob\u0119d\u0105 skarb.\n\n<h2><strong>Mocne przyci\u0105ganie 360\u00b0<\/strong><\/h2>\n\n<span style=\"font-weight: 400;\">Magnes Hardcore jest jednym z najsilniejszych magnes\u00f3w w naszej ofercie. Si\u0142a przyci\u0105gania magnesu jednostronnego nie mo\u017ce by\u0107 por\u00f3wnywana z czystym neodymowym magnesem 360\u00b0, takim jak Hardcore. Wynika to z faktu, \u017ce obudowa stalowa magnesu jednostronnego wp\u0142ywa na si\u0142\u0119 przyci\u0105gania, kt\u00f3ra jest skierowana w jednym kierunku. Pozwala to na osi\u0105ganie wysokiej si\u0142y na p\u0142askich metalowych powierzchniach po jednej stronie, ale nasz ekskluzywny magnes uniwersalny 360\u00b0 przyci\u0105ga obiekty ze wszystkich stron, maj\u0105c si\u0142\u0119 magnetyczn\u0105 obejmuj\u0105c\u0105 ca\u0142\u0105 okolic\u0119. Ciekawi Ci\u0119, jak mierzymy si\u0142\u0119 przyci\u0105gania? <\/span><a href=\"https:\/\/www.youtube.com\/watch?v=2McW3RURDxs\" target=\"_blank\" rel=\"noopener\"><span style=\"font-weight: 400;\">Obejrzyj nasz film tutaj<\/span><\/a><span style=\"font-weight: 400\">.<\/span>\n\n<h2><b>Wysoka jako\u015b\u0107<\/b><\/h2>\n\n<span style=\"font-weight: 400;\">Nasze magnesy do lowienia magnesem wykonane s\u0105 z neodymu. Magnetar zachowuje si\u0142\u0119 przyci\u0105gania przez dziesi\u0119ciolecia, trac\u0105c zaledwie 1% co 100 lat (przy w\u0142a\u015bciwym przechowywaniu, piel\u0119gnacji i ochronie). Dlatego sprzedajemy jedne z <a href=\"https:\/\/magnetarmagnets.com\/\" target=\"_blank\" rel=\"noopener\">najlepszych magnes\u00f3w do lowienia magnesem<\/a> na rynku.<\/span>\n\n\n\n<span style=\"font-weight: 400;\">Wi\u0119kszo\u015b\u0107 innych dostawc\u00f3w ju\u017c po kilku tygodniach traci si\u0142\u0119 przyci\u0105gania. W ostatnich latach zauwa\u017cyli\u015bmy coraz wi\u0119cej niskiej jako\u015bci magnes\u00f3w na rynku: wi\u0119ksze, ale o ni\u017cszej sile przyci\u0105gania, niskiej jako\u015bci neodym, fa\u0142szywe reklamy. Kupuj\u0105c takie magnesy taniej lub od du\u017cych korporacji, mo\u017cesz by\u0107 rozczarowany mimo zaoszcz\u0119dzenia pieni\u0119dzy.\u00a0<\/span>\n\n\n\n<span style=\"font-weight: 400;\">Magnetar to ma\u0142y, rodzinna firma, kt\u00f3ra stawia jako\u015b\u0107 na pierwszym miejscu. Jeste\u015bmy entuzjastami lowienia magnesem i wszystkie magnesy s\u0105 przez nas projektowane i wykonywane, \u017ceby zapewni\u0107 najlepsz\u0105 warto\u015b\u0107 (albo skarby z Twojego magnesu!). Je\u015bli chcesz niezawodny, skuteczny i mocny magnes do lowienia magnesem, trafi\u0142e\u015b we w\u0142a\u015bciwe miejsce. Nasz zesp\u00f3\u0142 ch\u0119tnie z Tob\u0105 porozmawia, <a href=\"mailto:info@magnetarmagnets.nl\">skontaktuj si\u0119 z nami<\/a>.\u00a0<\/span>\n\n<h2><b>Os\u0142ona ochronna<\/b><\/h2>\n\nOs\u0142ony ochronne to idealny dodatek dla w\u0119dkarzy magnesowych, kt\u00f3rzy chc\u0105 chroni\u0107 swoje magnesy neodymowe podczas u\u017cywania. Te trwa\u0142e os\u0142ony s\u0105 specjalnie zaprojektowane, aby idealnie pasowa\u0142y na magnes i zapewnia\u0142y dodatkow\u0105 warstw\u0119 ochronn\u0105 przed zarysowaniami, p\u0119kni\u0119ciami i innymi uszkodzeniami. Nasze os\u0142ony ochronne s\u0105 wytrzyma\u0142e i mog\u0105 wytrzyma\u0107 najtrudniejsze warunki. Os\u0142ona ochronna wykonana jest ze stali nierdzewnej. Zapewnia to, \u017ce Tw\u00f3j magnes zachowuje 360\u00b0 magnetyzm. Dzi\u0119ki naszym os\u0142onom mo\u017cesz bez obaw \u0142owi\u0107 magnesem, nie martwi\u0105c si\u0119 o uszkodzenia cennego magnesu. Os\u0142ona jest dost\u0119pna osobno do tego magnesu.\n\n\n\n(Prosz\u0119 pami\u0119ta\u0107, \u017ce sp\u00f3d magnesu nie jest chroniony przez os\u0142on\u0119)\n\n<h2><b>U\u017cywaj ostro\u017cnie<\/b><\/h2>\n\n<span style=\"font-weight: 400;\">Nasze magnesy neodymowe s\u0105 bardzo mocne i mog\u0105 przyci\u0105ga\u0107 \u017celazne obiekty z du\u017c\u0105 pr\u0119dko\u015bci\u0105, gdy s\u0105 blisko. W przypadku mocniejszych magnes\u00f3w, takich jak uniwersalny 360\u00b0, istnieje ryzyko przytrza\u015bni\u0119cia palc\u00f3w mi\u0119dzy magnes a inne obiekty. Obs\u0142uguj magnesy ostro\u017cnie i u\u017cywaj na w\u0142asne ryzyko. Przed u\u017cyciem zawsze przeczytaj nasze ostrze\u017cenia dotycz\u0105ce bezpiecze\u0144stwa.<\/span>\n\n\n\n<span style=\"font-weight: 400;\">* Dzieci musz\u0105 u\u017cywa\u0107 magnes pod nadzorem rodzic\u00f3w.<\/span>\n\n\n\nNie zapomnij sprawdzi\u0107 <a href=\"https:\/\/magnetarmagnets.com\/collections\/fishing-magnets\/magnet-fishing-kit\/\" target=\"_blank\" rel=\"noopener\">najlepszych zestaw\u00f3w do lowienia magnesem<\/a> i <a href=\"https:\/\/magnetarmagnets.com\/accessories\/\" target=\"_blank\" rel=\"noopener\">akcesori\u00f3w do \u0142owienia magnesem<\/a>.","protected":false},"excerpt":{"rendered":"<p>Wypr\u00f3buj nasz <strong>najlepiej sprzedaj\u0105cy si\u0119 magnes do lowienia magnesem<\/strong> z polem magnetycznym 360\u00b0. Stworzony przez Magnetar, ten <strong>czysty magnes neodymowy<\/strong> jest <strong>nadzwyczaj mocny<\/strong> z si\u0142\u0105 przyci\u0105gania do 600 kg. Przejd\u017a na Hardcore z tym magnesem!<\/p>\n","protected":false},"featured_media":80400,"comment_status":"open","ping_status":"closed","template":"","meta":{"_acf_changed":false,"inline_featured_image":false},"product_brand":[],"product_cat":[586,581,593,594],"product_tag":[],"class_list":{"0":"post-83652","1":"product","2":"type-product","3":"status-publish","4":"has-post-thumbnail","6":"product_cat-allround-magnesy-do-lowienia-360","7":"product_cat-magnesy-do-lowienia","8":"product_cat-poczatkujacy-i-dzieci","9":"product_cat-zaawansowani-poszukiwacze-przygod","11":"first","12":"instock","13":"sale","14":"taxable","15":"shipping-taxable","16":"purchasable","17":"product-type-simple"},"acf":[],"yoast_head":"<!-- This site is optimized with the Yoast SEO plugin v27.4 - https:\/\/yoast.com\/product\/yoast-seo-wordpress\/ -->\n<title>Hardcore Magnet\u00ae - 600 kg - Magnes do lowienia w 360\u00b0<\/title>\n<meta name=\"description\" content=\"Magnes do lowienia magnesem Hardcore jest najs\u0142ynniejszym magnesem uniwersalnym. Bardzo mocny, doskona\u0142ej jako\u015bci, idealnej wagi do wyrzucania i ma pole magnetyczne 360\u00b0.\" \/>\n<meta name=\"robots\" content=\"index, follow, max-snippet:-1, max-image-preview:large, max-video-preview:-1\" \/>\n<link rel=\"canonical\" href=\"https:\/\/magnetarmagnets.com\/pl\/shop\/hardcore-magnet-600-kg-magnes-do-lowienia-w-360\/\" \/>\n<meta property=\"og:locale\" content=\"pl_PL\" \/>\n<meta property=\"og:type\" content=\"article\" \/>\n<meta property=\"og:title\" content=\"Hardcore Magnet\u00ae - 600 kg - Magnes do lowienia w 360\u00b0\" \/>\n<meta property=\"og:description\" content=\"Magnes do lowienia magnesem Hardcore jest najs\u0142ynniejszym magnesem uniwersalnym. Bardzo mocny, doskona\u0142ej jako\u015bci, idealnej wagi do wyrzucania i ma pole magnetyczne 360\u00b0.\" \/>\n<meta property=\"og:url\" content=\"https:\/\/magnetarmagnets.com\/pl\/shop\/hardcore-magnet-600-kg-magnes-do-lowienia-w-360\/\" \/>\n<meta property=\"og:site_name\" content=\"Magnet fishing with a Magnetar fishing magnet\" \/>\n<meta property=\"article:publisher\" content=\"https:\/\/www.facebook.com\/fishingmagnets\/\" \/>\n<meta property=\"article:modified_time\" content=\"2026-04-03T09:45:28+00:00\" \/>\n<meta property=\"og:image\" content=\"https:\/\/magnetarmagnets.com\/wp-content\/uploads\/2023\/12\/The_Hardcore_fishing_magnet_Triangle.jpeg.jpg\" \/>\n\t<meta property=\"og:image:width\" content=\"1000\" \/>\n\t<meta property=\"og:image:height\" content=\"1000\" \/>\n\t<meta property=\"og:image:type\" content=\"image\/jpeg\" \/>\n<meta name=\"twitter:card\" content=\"summary_large_image\" \/>\n<meta name=\"twitter:label1\" content=\"Szacowany czas czytania\" \/>\n\t<meta name=\"twitter:data1\" content=\"5 minut\" \/>\n<script type=\"application\/ld+json\" class=\"yoast-schema-graph\">{\"@context\":\"https:\\\/\\\/schema.org\",\"@graph\":[{\"@type\":[\"WebPage\",\"ItemPage\"],\"@id\":\"https:\\\/\\\/magnetarmagnets.com\\\/pl\\\/shop\\\/hardcore-magnet-600-kg-magnes-do-lowienia-w-360\\\/\",\"url\":\"https:\\\/\\\/magnetarmagnets.com\\\/pl\\\/shop\\\/hardcore-magnet-600-kg-magnes-do-lowienia-w-360\\\/\",\"name\":\"Hardcore Magnet\u00ae - 600 kg - Magnes do lowienia w 360\u00b0\",\"isPartOf\":{\"@id\":\"https:\\\/\\\/magnetarmagnets.com\\\/pl\\\/#website\"},\"primaryImageOfPage\":{\"@id\":\"https:\\\/\\\/magnetarmagnets.com\\\/pl\\\/shop\\\/hardcore-magnet-600-kg-magnes-do-lowienia-w-360\\\/#primaryimage\"},\"image\":{\"@id\":\"https:\\\/\\\/magnetarmagnets.com\\\/pl\\\/shop\\\/hardcore-magnet-600-kg-magnes-do-lowienia-w-360\\\/#primaryimage\"},\"thumbnailUrl\":\"https:\\\/\\\/magnetarmagnets.com\\\/wp-content\\\/uploads\\\/2023\\\/12\\\/The_Hardcore_fishing_magnet_Triangle.jpeg.jpg\",\"datePublished\":\"2025-06-05T07:54:40+00:00\",\"dateModified\":\"2026-04-03T09:45:28+00:00\",\"description\":\"Magnes do lowienia magnesem Hardcore jest najs\u0142ynniejszym magnesem uniwersalnym. Bardzo mocny, doskona\u0142ej jako\u015bci, idealnej wagi do wyrzucania i ma pole magnetyczne 360\u00b0.\",\"breadcrumb\":{\"@id\":\"https:\\\/\\\/magnetarmagnets.com\\\/pl\\\/shop\\\/hardcore-magnet-600-kg-magnes-do-lowienia-w-360\\\/#breadcrumb\"},\"inLanguage\":\"pl-PL\",\"potentialAction\":[{\"@type\":\"ReadAction\",\"target\":[\"https:\\\/\\\/magnetarmagnets.com\\\/pl\\\/shop\\\/hardcore-magnet-600-kg-magnes-do-lowienia-w-360\\\/\"]}]},{\"@type\":\"ImageObject\",\"inLanguage\":\"pl-PL\",\"@id\":\"https:\\\/\\\/magnetarmagnets.com\\\/pl\\\/shop\\\/hardcore-magnet-600-kg-magnes-do-lowienia-w-360\\\/#primaryimage\",\"url\":\"https:\\\/\\\/magnetarmagnets.com\\\/wp-content\\\/uploads\\\/2023\\\/12\\\/The_Hardcore_fishing_magnet_Triangle.jpeg.jpg\",\"contentUrl\":\"https:\\\/\\\/magnetarmagnets.com\\\/wp-content\\\/uploads\\\/2023\\\/12\\\/The_Hardcore_fishing_magnet_Triangle.jpeg.jpg\",\"width\":1000,\"height\":1000,\"caption\":\"The Hardcore fishing magnet for magnet fishing\"},{\"@type\":\"BreadcrumbList\",\"@id\":\"https:\\\/\\\/magnetarmagnets.com\\\/pl\\\/shop\\\/hardcore-magnet-600-kg-magnes-do-lowienia-w-360\\\/#breadcrumb\",\"itemListElement\":[{\"@type\":\"ListItem\",\"position\":1,\"name\":\"Home\",\"item\":\"https:\\\/\\\/magnetarmagnets.com\\\/pl\\\/\"},{\"@type\":\"ListItem\",\"position\":2,\"name\":\"Sklep\",\"item\":\"https:\\\/\\\/magnetarmagnets.com\\\/sklep\\\/\"},{\"@type\":\"ListItem\",\"position\":3,\"name\":\"Magnesy do \u0142owienia\",\"item\":\"https:\\\/\\\/magnetarmagnets.com\\\/pl\\\/collections\\\/magnesy-do-lowienia\\\/\"},{\"@type\":\"ListItem\",\"position\":4,\"name\":\"Allround magnesy do \u0142owienia 360\u00b0\",\"item\":\"https:\\\/\\\/magnetarmagnets.com\\\/pl\\\/collections\\\/magnesy-do-lowienia\\\/allround-magnesy-do-lowienia-360\\\/\"},{\"@type\":\"ListItem\",\"position\":5,\"name\":\"Hardcore Magnet\u00ae &#8211; 600 kg &#8211; Magnes do lowienia w 360\u00b0\"}]},{\"@type\":\"WebSite\",\"@id\":\"https:\\\/\\\/magnetarmagnets.com\\\/pl\\\/#website\",\"url\":\"https:\\\/\\\/magnetarmagnets.com\\\/pl\\\/\",\"name\":\"Magnet fishing with a Magnetar fishing magnet\",\"description\":\"Mocne magnesy do po\u0142owu na magnes\",\"publisher\":{\"@id\":\"https:\\\/\\\/magnetarmagnets.com\\\/pl\\\/#organization\"},\"potentialAction\":[{\"@type\":\"SearchAction\",\"target\":{\"@type\":\"EntryPoint\",\"urlTemplate\":\"https:\\\/\\\/magnetarmagnets.com\\\/pl\\\/?s={search_term_string}\"},\"query-input\":{\"@type\":\"PropertyValueSpecification\",\"valueRequired\":true,\"valueName\":\"search_term_string\"}}],\"inLanguage\":\"pl-PL\"},{\"@type\":\"Organization\",\"@id\":\"https:\\\/\\\/magnetarmagnets.com\\\/pl\\\/#organization\",\"name\":\"Magnetar\",\"url\":\"https:\\\/\\\/magnetarmagnets.com\\\/pl\\\/\",\"logo\":{\"@type\":\"ImageObject\",\"inLanguage\":\"pl-PL\",\"@id\":\"https:\\\/\\\/magnetarmagnets.com\\\/pl\\\/#\\\/schema\\\/logo\\\/image\\\/\",\"url\":\"https:\\\/\\\/magnetarmagnets.com\\\/wp-content\\\/uploads\\\/2025\\\/05\\\/Logo-03_PNG-Black-scaled.png\",\"contentUrl\":\"https:\\\/\\\/magnetarmagnets.com\\\/wp-content\\\/uploads\\\/2025\\\/05\\\/Logo-03_PNG-Black-scaled.png\",\"width\":2560,\"height\":1658,\"caption\":\"Magnetar\"},\"image\":{\"@id\":\"https:\\\/\\\/magnetarmagnets.com\\\/pl\\\/#\\\/schema\\\/logo\\\/image\\\/\"},\"sameAs\":[\"https:\\\/\\\/www.facebook.com\\\/fishingmagnets\\\/\",\"https:\\\/\\\/www.instagram.com\\\/magnetar_magnets\\\/\",\"https:\\\/\\\/www.linkedin.com\\\/company\\\/magnetarbv\\\/?originalSubdomain=nl\",\"https:\\\/\\\/www.youtube.com\\\/c\\\/MagnetarVismagneet\"]}]}<\/script>\n<!-- \/ Yoast SEO plugin. -->","yoast_head_json":{"title":"Hardcore Magnet\u00ae - 600 kg - Magnes do lowienia w 360\u00b0","description":"Magnes do lowienia magnesem Hardcore jest najs\u0142ynniejszym magnesem uniwersalnym. Bardzo mocny, doskona\u0142ej jako\u015bci, idealnej wagi do wyrzucania i ma pole magnetyczne 360\u00b0.","robots":{"index":"index","follow":"follow","max-snippet":"max-snippet:-1","max-image-preview":"max-image-preview:large","max-video-preview":"max-video-preview:-1"},"canonical":"https:\/\/magnetarmagnets.com\/pl\/shop\/hardcore-magnet-600-kg-magnes-do-lowienia-w-360\/","og_locale":"pl_PL","og_type":"article","og_title":"Hardcore Magnet\u00ae - 600 kg - Magnes do lowienia w 360\u00b0","og_description":"Magnes do lowienia magnesem Hardcore jest najs\u0142ynniejszym magnesem uniwersalnym. Bardzo mocny, doskona\u0142ej jako\u015bci, idealnej wagi do wyrzucania i ma pole magnetyczne 360\u00b0.","og_url":"https:\/\/magnetarmagnets.com\/pl\/shop\/hardcore-magnet-600-kg-magnes-do-lowienia-w-360\/","og_site_name":"Magnet fishing with a Magnetar fishing magnet","article_publisher":"https:\/\/www.facebook.com\/fishingmagnets\/","article_modified_time":"2026-04-03T09:45:28+00:00","og_image":[{"width":1000,"height":1000,"url":"https:\/\/magnetarmagnets.com\/wp-content\/uploads\/2023\/12\/The_Hardcore_fishing_magnet_Triangle.jpeg.jpg","type":"image\/jpeg"}],"twitter_card":"summary_large_image","twitter_misc":{"Szacowany czas czytania":"5 minut"},"schema":{"@context":"https:\/\/schema.org","@graph":[{"@type":["WebPage","ItemPage"],"@id":"https:\/\/magnetarmagnets.com\/pl\/shop\/hardcore-magnet-600-kg-magnes-do-lowienia-w-360\/","url":"https:\/\/magnetarmagnets.com\/pl\/shop\/hardcore-magnet-600-kg-magnes-do-lowienia-w-360\/","name":"Hardcore Magnet\u00ae - 600 kg - Magnes do lowienia w 360\u00b0","isPartOf":{"@id":"https:\/\/magnetarmagnets.com\/pl\/#website"},"primaryImageOfPage":{"@id":"https:\/\/magnetarmagnets.com\/pl\/shop\/hardcore-magnet-600-kg-magnes-do-lowienia-w-360\/#primaryimage"},"image":{"@id":"https:\/\/magnetarmagnets.com\/pl\/shop\/hardcore-magnet-600-kg-magnes-do-lowienia-w-360\/#primaryimage"},"thumbnailUrl":"https:\/\/magnetarmagnets.com\/wp-content\/uploads\/2023\/12\/The_Hardcore_fishing_magnet_Triangle.jpeg.jpg","datePublished":"2025-06-05T07:54:40+00:00","dateModified":"2026-04-03T09:45:28+00:00","description":"Magnes do lowienia magnesem Hardcore jest najs\u0142ynniejszym magnesem uniwersalnym. Bardzo mocny, doskona\u0142ej jako\u015bci, idealnej wagi do wyrzucania i ma pole magnetyczne 360\u00b0.","breadcrumb":{"@id":"https:\/\/magnetarmagnets.com\/pl\/shop\/hardcore-magnet-600-kg-magnes-do-lowienia-w-360\/#breadcrumb"},"inLanguage":"pl-PL","potentialAction":[{"@type":"ReadAction","target":["https:\/\/magnetarmagnets.com\/pl\/shop\/hardcore-magnet-600-kg-magnes-do-lowienia-w-360\/"]}]},{"@type":"ImageObject","inLanguage":"pl-PL","@id":"https:\/\/magnetarmagnets.com\/pl\/shop\/hardcore-magnet-600-kg-magnes-do-lowienia-w-360\/#primaryimage","url":"https:\/\/magnetarmagnets.com\/wp-content\/uploads\/2023\/12\/The_Hardcore_fishing_magnet_Triangle.jpeg.jpg","contentUrl":"https:\/\/magnetarmagnets.com\/wp-content\/uploads\/2023\/12\/The_Hardcore_fishing_magnet_Triangle.jpeg.jpg","width":1000,"height":1000,"caption":"The Hardcore fishing magnet for magnet fishing"},{"@type":"BreadcrumbList","@id":"https:\/\/magnetarmagnets.com\/pl\/shop\/hardcore-magnet-600-kg-magnes-do-lowienia-w-360\/#breadcrumb","itemListElement":[{"@type":"ListItem","position":1,"name":"Home","item":"https:\/\/magnetarmagnets.com\/pl\/"},{"@type":"ListItem","position":2,"name":"Sklep","item":"https:\/\/magnetarmagnets.com\/sklep\/"},{"@type":"ListItem","position":3,"name":"Magnesy do \u0142owienia","item":"https:\/\/magnetarmagnets.com\/pl\/collections\/magnesy-do-lowienia\/"},{"@type":"ListItem","position":4,"name":"Allround magnesy do \u0142owienia 360\u00b0","item":"https:\/\/magnetarmagnets.com\/pl\/collections\/magnesy-do-lowienia\/allround-magnesy-do-lowienia-360\/"},{"@type":"ListItem","position":5,"name":"Hardcore Magnet\u00ae &#8211; 600 kg &#8211; Magnes do lowienia w 360\u00b0"}]},{"@type":"WebSite","@id":"https:\/\/magnetarmagnets.com\/pl\/#website","url":"https:\/\/magnetarmagnets.com\/pl\/","name":"Magnet fishing with a Magnetar fishing magnet","description":"Mocne magnesy do po\u0142owu na magnes","publisher":{"@id":"https:\/\/magnetarmagnets.com\/pl\/#organization"},"potentialAction":[{"@type":"SearchAction","target":{"@type":"EntryPoint","urlTemplate":"https:\/\/magnetarmagnets.com\/pl\/?s={search_term_string}"},"query-input":{"@type":"PropertyValueSpecification","valueRequired":true,"valueName":"search_term_string"}}],"inLanguage":"pl-PL"},{"@type":"Organization","@id":"https:\/\/magnetarmagnets.com\/pl\/#organization","name":"Magnetar","url":"https:\/\/magnetarmagnets.com\/pl\/","logo":{"@type":"ImageObject","inLanguage":"pl-PL","@id":"https:\/\/magnetarmagnets.com\/pl\/#\/schema\/logo\/image\/","url":"https:\/\/magnetarmagnets.com\/wp-content\/uploads\/2025\/05\/Logo-03_PNG-Black-scaled.png","contentUrl":"https:\/\/magnetarmagnets.com\/wp-content\/uploads\/2025\/05\/Logo-03_PNG-Black-scaled.png","width":2560,"height":1658,"caption":"Magnetar"},"image":{"@id":"https:\/\/magnetarmagnets.com\/pl\/#\/schema\/logo\/image\/"},"sameAs":["https:\/\/www.facebook.com\/fishingmagnets\/","https:\/\/www.instagram.com\/magnetar_magnets\/","https:\/\/www.linkedin.com\/company\/magnetarbv\/?originalSubdomain=nl","https:\/\/www.youtube.com\/c\/MagnetarVismagneet"]}]}},"_links":{"self":[{"href":"https:\/\/magnetarmagnets.com\/pl\/wp-json\/wp\/v2\/product\/83652","targetHints":{"allow":["GET"]}}],"collection":[{"href":"https:\/\/magnetarmagnets.com\/pl\/wp-json\/wp\/v2\/product"}],"about":[{"href":"https:\/\/magnetarmagnets.com\/pl\/wp-json\/wp\/v2\/types\/product"}],"replies":[{"embeddable":true,"href":"https:\/\/magnetarmagnets.com\/pl\/wp-json\/wp\/v2\/comments?post=83652"}],"version-history":[{"count":1,"href":"https:\/\/magnetarmagnets.com\/pl\/wp-json\/wp\/v2\/product\/83652\/revisions"}],"predecessor-version":[{"id":94591,"href":"https:\/\/magnetarmagnets.com\/pl\/wp-json\/wp\/v2\/product\/83652\/revisions\/94591"}],"wp:featuredmedia":[{"embeddable":true,"href":"https:\/\/magnetarmagnets.com\/pl\/wp-json\/wp\/v2\/media\/80400"}],"wp:attachment":[{"href":"https:\/\/magnetarmagnets.com\/pl\/wp-json\/wp\/v2\/media?parent=83652"}],"wp:term":[{"taxonomy":"product_brand","embeddable":true,"href":"https:\/\/magnetarmagnets.com\/pl\/wp-json\/wp\/v2\/product_brand?post=83652"},{"taxonomy":"product_cat","embeddable":true,"href":"https:\/\/magnetarmagnets.com\/pl\/wp-json\/wp\/v2\/product_cat?post=83652"},{"taxonomy":"product_tag","embeddable":true,"href":"https:\/\/magnetarmagnets.com\/pl\/wp-json\/wp\/v2\/product_tag?post=83652"}],"curies":[{"name":"wp","href":"https:\/\/api.w.org\/{rel}","templated":true}]}}