{"id":83649,"date":"2025-06-05T09:54:41","date_gmt":"2025-06-05T07:54:41","guid":{"rendered":"https:\/\/magnetarmagnets.com\/?post_type=product&#038;p=83649"},"modified":"2026-04-18T17:01:18","modified_gmt":"2026-04-18T15:01:18","slug":"zaawansowany-zestaw-400-kg-magnes-jednostronny","status":"publish","type":"product","link":"https:\/\/magnetarmagnets.com\/pl\/shop\/zaawansowany-zestaw-400-kg-magnes-jednostronny\/","title":{"rendered":"Zaawansowany zestaw &#8211; 400 kg &#8211; magnes jednostronny"},"content":{"rendered":"Szukasz kompleksowego zestawu do \u0142owienia magnesem? Zaawansowany pakiet 880 lb \/ 400 kg &#8211; magnes jednostronny zawiera wszystko, co niezb\u0119dne nad wod\u0105. Ten zestaw do \u0142owienia magnesem sk\u0142ada si\u0119 z klasycznego magnesu w\u0119dkarskiego 400, pary r\u0119kawiczek do \u0142owienia magnesem, unikalnie zaprojektowanej liny, haka chwytnego oraz kleju magnetycznego, kt\u00f3re przygotuj\u0105 Ci\u0119 na dos\u0142ownie wszystko.\n\n<h2>Zaawansowany pakiet 880 lb \/ 400 kg &#8211; zawarto\u015b\u0107<\/h2>\n\n<a href=\"https:\/\/magnetarmagnets.com\/shop\/classic-fishing-magnet-880lb-400kg\/\"><strong>Klasyczny<\/strong><\/a> <a href=\"https:\/\/magnetarmagnets.com\/shop\/classic-fishing-magnet-880lb-400kg\/\"><strong>magnes do \u0142owienia 400 kg<\/strong><\/a> to jeden z najsilniejszych, jednostronnych magnes\u00f3w do \u0142owienia magnesem od Magnetar. Produkt jest zabezpieczony os\u0142on\u0105 chroni\u0105c\u0105 przed uszkodzeniami spowodowanymi upadkiem lub uderzeniami. Skupia ca\u0142\u0105 si\u0142\u0119 magnetyczn\u0105 na spodzie magnesu. Skoncentrowanie si\u0142y przyci\u0105gania po jednej stronie sprawia, \u017ce magnes ten jest niezwykle pot\u0119\u017cny. Tak pot\u0119\u017cny, \u017ce czasem trudno zdj\u0105\u0107 obiekty z magnesu. Dzi\u0119ki temu magnesowi ci\u0119\u017ckie przedmioty o p\u0142askich powierzchniach, takie jak sejfy, cz\u0119\u015bci samochodowe czy belki metalowe, \u0142atwo mo\u017cna wyci\u0105gn\u0105\u0107 na powierzchni\u0119. Dodatkowo, mniejsze, historyczne przedmioty nie maj\u0105 szans przeciwko temu magnesowi do \u0142owienia.\n\nSi\u0142a przyci\u0105gania 880 lb (400 kg) osi\u0105gana jest tylko w idealnych warunkach, gdy magnes dotyka 2 cm grubej, nieutlenionej p\u0142yty metalowej. Szansa na takie warunki podczas \u0142owienia magnesem w wodzie nie jest du\u017ca. Chcesz wiedzie\u0107, jak okre\u015blamy si\u0142\u0119 przyci\u0105gania magnesu? Zobacz nasz film o <a href=\"https:\/\/www.youtube.com\/watch?v=2McW3RURDxs&amp;t=14s\"><strong>te\u015bcie si\u0142y magnetycznej<\/strong><\/a>.\n\nDostarczona lina zosta\u0142a zaprojektowana z my\u015bl\u0105 o \u0142owieniu magnesem. Lina ma gotow\u0105 p\u0119tl\u0119 i karabi\u0144czyk, co eliminuje potrzeb\u0119 trudnych w\u0119z\u0142\u00f3w. Ponadto, pakiet zawiera hak chwytaj\u0105cy do wyci\u0105gania niemagnetycznych i ci\u0119\u017ckich przedmiot\u00f3w z wody. W zestawie znajduje si\u0119 tak\u017ce klej magnetyczny, kt\u00f3ry zabezpiecza mocowania magnesu. Na koniec, zawsze u\u017cywaj do\u0142\u0105czonych r\u0119kawiczek, kt\u00f3re chroni\u0105 Twoje d\u0142onie podczas \u0142owienia magnesem.\n\nSzukasz bardziej przyjaznego dla dzieci zestawu do \u0142owienia magnesem? Sprawd\u017a nasz <a href=\"https:\/\/magnetarmagnets.com\/shop\/starterpackage\/\"><strong>pakiet startowy<\/strong><\/a>. A mo\u017ce interesuje Ci\u0119 magnes 360\u00b0? Nasz <a href=\"https:\/\/magnetarmagnets.com\/shop\/fishmagnet-package-pro\/\"><strong>Pro Package<\/strong><\/a> z magnesem <a href=\"https:\/\/magnetarmagnets.com\/shop\/hardcore-magnet-2\/\"><strong>Hardcore<\/strong><\/a> mo\u017ce by\u0107 dla Ciebie idealny. Nie zapomnij sprawdzi\u0107 <a href=\"https:\/\/magnetarmagnets.com\/magnet-fishing-kit\/\" target=\"_blank\" rel=\"noopener\">najlepsze zestawy do \u0142owienia magnesem<\/a> oraz nasze <a href=\"https:\/\/magnetarmagnets.com\/accessories\/\" target=\"_blank\" rel=\"noopener\">akcesoria do \u0142owienia magnesem<\/a>.\n\n<h2>Wysoka jako\u015b\u0107<\/h2>\n\nWszystkie magnesy do \u0142owienia Magnetar s\u0105 wykonane z neodymu, co zapewnia d\u0142ugotrwa\u0142\u0105 si\u0142\u0119 magnetyczn\u0105. Przy prawid\u0142owym u\u017cytkowaniu i przechowywaniu, magnesy trac\u0105 tylko jeden procent si\u0142y w ci\u0105gu 100 lat. Dlatego jeste\u015bmy pewni, \u017ce oferujemy najwy\u017cszej jako\u015bci <a href=\"https:\/\/magnetarmagnets.com\/collections\/fishing-magnets\/\"><strong>magnesy do \u0142owienia magnesem<\/strong><\/a> na rynku.\n\nPrzez ostatnie lata rynek zalewany by\u0142 produktami niskiej jako\u015bci. Wiele magnes\u00f3w do \u0142owienia od innych sprzedawc\u00f3w traci swoj\u0105 si\u0142\u0119 w ci\u0105gu kilku tygodni. Zazwyczaj s\u0105 to wi\u0119ksze magnesy, ale wykonane z niskiej jako\u015bci neodymu, promowane za pomoc\u0105 myl\u0105cych reklam. Takie produkty mog\u0105 wydawa\u0107 si\u0119 tanie, ale w d\u0142u\u017cszej perspektywie pozostawi\u0105 Ci\u0119 rozczarowanym.\n\nMagnetar to ma\u0142a, rodzinna firma z\u0142o\u017cona z pasjonat\u00f3w \u0142owienia magnesem. Jako\u015b\u0107 jest dla nas najwa\u017cniejsza, co odzwierciedla si\u0119 w naszych produktach. Wszystkie magnesy projektujemy w\u0142asnor\u0119cznie, aby zapewni\u0107 najwy\u017csz\u0105 jako\u015b\u0107. Szukasz niezawodnego, skutecznego i jako\u015bciowego magnesu do \u0142owienia? Wybierz Magnetar!\n\n<h2>Ostrze\u017cenie:<\/h2>\n\nNasze neodymowe magnesy do \u0142owienia s\u0105 bardzo silne. Mog\u0105 powodowa\u0107 szybkie przyci\u0105ganie innych przedmiot\u00f3w, co mo\u017ce by\u0107 niebezpieczne, gdy\u017c palce mog\u0105 zosta\u0107 przytrza\u015bni\u0119te mi\u0119dzy magnesem a obiektem. Zalecamy ostro\u017cno\u015b\u0107 podczas u\u017cytkowania i przypominamy, \u017ce korzystasz z nich na w\u0142asne ryzyko. Przeczytaj nasze ostrze\u017cenia dotycz\u0105ce bezpiecze\u0144stwa przed u\u017cyciem.","protected":false},"excerpt":{"rendered":"<p>Zestaw odpowiedni dla <strong>ka\u017cdego pasjonata \u0142owienia magnesem<\/strong>. Rozpocznij swoj\u0105 przygod\u0119 z tym <strong>kompletnym pakietem<\/strong>, kt\u00f3ry <strong>zawiera wszystko, czego potrzebujesz<\/strong>.<\/p>\n","protected":false},"featured_media":78868,"comment_status":"open","ping_status":"closed","template":"","meta":{"_acf_changed":false,"inline_featured_image":false},"product_brand":[],"product_cat":[698,704,94,706],"product_tag":[],"class_list":{"0":"post-83649","1":"product","2":"type-product","3":"status-publish","4":"has-post-thumbnail","6":"product_cat-fishing-magnets","7":"product_cat-single-sided-classic","8":"product_cat-beginners","9":"product_cat-magnet-fishing-kit","11":"first","12":"instock","13":"sale","14":"taxable","15":"shipping-taxable","16":"purchasable","17":"product-type-simple"},"acf":[],"yoast_head":"<!-- This site is optimized with the Yoast SEO plugin v27.4 - https:\/\/yoast.com\/product\/yoast-seo-wordpress\/ -->\n<title>Zaawansowany zestaw - 400 kg - magnes jednostronny - Magnet fishing with a Magnetar fishing magnet<\/title>\n<meta name=\"description\" content=\"Zaawansowany zestaw - magnes do \u0142owienia magnesem 400 kg - Magnetar\" \/>\n<meta name=\"robots\" content=\"index, follow, max-snippet:-1, max-image-preview:large, max-video-preview:-1\" \/>\n<link rel=\"canonical\" href=\"https:\/\/magnetarmagnets.com\/pl\/shop\/zaawansowany-zestaw-400-kg-magnes-jednostronny\/\" \/>\n<meta property=\"og:locale\" content=\"pl_PL\" \/>\n<meta property=\"og:type\" content=\"article\" \/>\n<meta property=\"og:title\" content=\"Zaawansowany zestaw - 400 kg - magnes jednostronny - Magnet fishing with a Magnetar fishing magnet\" \/>\n<meta property=\"og:description\" content=\"Zaawansowany zestaw - magnes do \u0142owienia magnesem 400 kg - Magnetar\" \/>\n<meta property=\"og:url\" content=\"https:\/\/magnetarmagnets.com\/pl\/shop\/zaawansowany-zestaw-400-kg-magnes-jednostronny\/\" \/>\n<meta property=\"og:site_name\" content=\"Magnet fishing with a Magnetar fishing magnet\" \/>\n<meta property=\"article:publisher\" content=\"https:\/\/www.facebook.com\/fishingmagnets\/\" \/>\n<meta property=\"article:modified_time\" content=\"2026-04-18T15:01:18+00:00\" \/>\n<meta property=\"og:image\" content=\"https:\/\/magnetarmagnets.com\/wp-content\/uploads\/2021\/10\/MAGNETAR-ADVANCED-KIT-GOOGLE.jpg\" \/>\n\t<meta property=\"og:image:width\" content=\"1500\" \/>\n\t<meta property=\"og:image:height\" content=\"1500\" \/>\n\t<meta property=\"og:image:type\" content=\"image\/jpeg\" \/>\n<meta name=\"twitter:card\" content=\"summary_large_image\" \/>\n<meta name=\"twitter:label1\" content=\"Szacowany czas czytania\" \/>\n\t<meta name=\"twitter:data1\" content=\"3 minuty\" \/>\n<script type=\"application\/ld+json\" class=\"yoast-schema-graph\">{\"@context\":\"https:\\\/\\\/schema.org\",\"@graph\":[{\"@type\":[\"WebPage\",\"ItemPage\"],\"@id\":\"https:\\\/\\\/magnetarmagnets.com\\\/pl\\\/shop\\\/zaawansowany-zestaw-400-kg-magnes-jednostronny\\\/\",\"url\":\"https:\\\/\\\/magnetarmagnets.com\\\/pl\\\/shop\\\/zaawansowany-zestaw-400-kg-magnes-jednostronny\\\/\",\"name\":\"Zaawansowany zestaw - 400 kg - magnes jednostronny - Magnet fishing with a Magnetar fishing magnet\",\"isPartOf\":{\"@id\":\"https:\\\/\\\/magnetarmagnets.com\\\/pl\\\/#website\"},\"primaryImageOfPage\":{\"@id\":\"https:\\\/\\\/magnetarmagnets.com\\\/pl\\\/shop\\\/zaawansowany-zestaw-400-kg-magnes-jednostronny\\\/#primaryimage\"},\"image\":{\"@id\":\"https:\\\/\\\/magnetarmagnets.com\\\/pl\\\/shop\\\/zaawansowany-zestaw-400-kg-magnes-jednostronny\\\/#primaryimage\"},\"thumbnailUrl\":\"https:\\\/\\\/magnetarmagnets.com\\\/wp-content\\\/uploads\\\/2021\\\/10\\\/MAGNETAR-ADVANCED-KIT-GOOGLE.jpg\",\"datePublished\":\"2025-06-05T07:54:41+00:00\",\"dateModified\":\"2026-04-18T15:01:18+00:00\",\"description\":\"Zaawansowany zestaw - magnes do \u0142owienia magnesem 400 kg - Magnetar\",\"breadcrumb\":{\"@id\":\"https:\\\/\\\/magnetarmagnets.com\\\/pl\\\/shop\\\/zaawansowany-zestaw-400-kg-magnes-jednostronny\\\/#breadcrumb\"},\"inLanguage\":\"pl-PL\",\"potentialAction\":[{\"@type\":\"ReadAction\",\"target\":[\"https:\\\/\\\/magnetarmagnets.com\\\/pl\\\/shop\\\/zaawansowany-zestaw-400-kg-magnes-jednostronny\\\/\"]}]},{\"@type\":\"ImageObject\",\"inLanguage\":\"pl-PL\",\"@id\":\"https:\\\/\\\/magnetarmagnets.com\\\/pl\\\/shop\\\/zaawansowany-zestaw-400-kg-magnes-jednostronny\\\/#primaryimage\",\"url\":\"https:\\\/\\\/magnetarmagnets.com\\\/wp-content\\\/uploads\\\/2021\\\/10\\\/MAGNETAR-ADVANCED-KIT-GOOGLE.jpg\",\"contentUrl\":\"https:\\\/\\\/magnetarmagnets.com\\\/wp-content\\\/uploads\\\/2021\\\/10\\\/MAGNETAR-ADVANCED-KIT-GOOGLE.jpg\",\"width\":1500,\"height\":1500,\"caption\":\"MAGNETAR-ADVANCED-KIT\"},{\"@type\":\"BreadcrumbList\",\"@id\":\"https:\\\/\\\/magnetarmagnets.com\\\/pl\\\/shop\\\/zaawansowany-zestaw-400-kg-magnes-jednostronny\\\/#breadcrumb\",\"itemListElement\":[{\"@type\":\"ListItem\",\"position\":1,\"name\":\"Home\",\"item\":\"https:\\\/\\\/magnetarmagnets.com\\\/pl\\\/\"},{\"@type\":\"ListItem\",\"position\":2,\"name\":\"Sklep\",\"item\":\"https:\\\/\\\/magnetarmagnets.com\\\/sklep\\\/\"},{\"@type\":\"ListItem\",\"position\":3,\"name\":\"Magnesy do \u0142owienia\",\"item\":\"https:\\\/\\\/magnetarmagnets.com\\\/pl\\\/collections\\\/magnesy-do-lowienia\\\/\"},{\"@type\":\"ListItem\",\"position\":4,\"name\":\"Magnesy do \u0142owienia jednostronne\",\"item\":\"https:\\\/\\\/magnetarmagnets.com\\\/pl\\\/collections\\\/magnesy-do-lowienia\\\/magnesy-do-lowienia-jednostronne\\\/\"},{\"@type\":\"ListItem\",\"position\":5,\"name\":\"Zaawansowany zestaw &#8211; 400 kg &#8211; magnes jednostronny\"}]},{\"@type\":\"WebSite\",\"@id\":\"https:\\\/\\\/magnetarmagnets.com\\\/pl\\\/#website\",\"url\":\"https:\\\/\\\/magnetarmagnets.com\\\/pl\\\/\",\"name\":\"Magnet fishing with a Magnetar fishing magnet\",\"description\":\"Mocne magnesy do po\u0142owu na magnes\",\"publisher\":{\"@id\":\"https:\\\/\\\/magnetarmagnets.com\\\/pl\\\/#organization\"},\"potentialAction\":[{\"@type\":\"SearchAction\",\"target\":{\"@type\":\"EntryPoint\",\"urlTemplate\":\"https:\\\/\\\/magnetarmagnets.com\\\/pl\\\/?s={search_term_string}\"},\"query-input\":{\"@type\":\"PropertyValueSpecification\",\"valueRequired\":true,\"valueName\":\"search_term_string\"}}],\"inLanguage\":\"pl-PL\"},{\"@type\":\"Organization\",\"@id\":\"https:\\\/\\\/magnetarmagnets.com\\\/pl\\\/#organization\",\"name\":\"Magnetar\",\"url\":\"https:\\\/\\\/magnetarmagnets.com\\\/pl\\\/\",\"logo\":{\"@type\":\"ImageObject\",\"inLanguage\":\"pl-PL\",\"@id\":\"https:\\\/\\\/magnetarmagnets.com\\\/pl\\\/#\\\/schema\\\/logo\\\/image\\\/\",\"url\":\"https:\\\/\\\/magnetarmagnets.com\\\/wp-content\\\/uploads\\\/2025\\\/05\\\/Logo-03_PNG-Black-scaled.png\",\"contentUrl\":\"https:\\\/\\\/magnetarmagnets.com\\\/wp-content\\\/uploads\\\/2025\\\/05\\\/Logo-03_PNG-Black-scaled.png\",\"width\":2560,\"height\":1658,\"caption\":\"Magnetar\"},\"image\":{\"@id\":\"https:\\\/\\\/magnetarmagnets.com\\\/pl\\\/#\\\/schema\\\/logo\\\/image\\\/\"},\"sameAs\":[\"https:\\\/\\\/www.facebook.com\\\/fishingmagnets\\\/\",\"https:\\\/\\\/www.instagram.com\\\/magnetar_magnets\\\/\",\"https:\\\/\\\/www.linkedin.com\\\/company\\\/magnetarbv\\\/?originalSubdomain=nl\",\"https:\\\/\\\/www.youtube.com\\\/c\\\/MagnetarVismagneet\"]}]}<\/script>\n<!-- \/ Yoast SEO plugin. -->","yoast_head_json":{"title":"Zaawansowany zestaw - 400 kg - magnes jednostronny - Magnet fishing with a Magnetar fishing magnet","description":"Zaawansowany zestaw - magnes do \u0142owienia magnesem 400 kg - Magnetar","robots":{"index":"index","follow":"follow","max-snippet":"max-snippet:-1","max-image-preview":"max-image-preview:large","max-video-preview":"max-video-preview:-1"},"canonical":"https:\/\/magnetarmagnets.com\/pl\/shop\/zaawansowany-zestaw-400-kg-magnes-jednostronny\/","og_locale":"pl_PL","og_type":"article","og_title":"Zaawansowany zestaw - 400 kg - magnes jednostronny - Magnet fishing with a Magnetar fishing magnet","og_description":"Zaawansowany zestaw - magnes do \u0142owienia magnesem 400 kg - Magnetar","og_url":"https:\/\/magnetarmagnets.com\/pl\/shop\/zaawansowany-zestaw-400-kg-magnes-jednostronny\/","og_site_name":"Magnet fishing with a Magnetar fishing magnet","article_publisher":"https:\/\/www.facebook.com\/fishingmagnets\/","article_modified_time":"2026-04-18T15:01:18+00:00","og_image":[{"width":1500,"height":1500,"url":"https:\/\/magnetarmagnets.com\/wp-content\/uploads\/2021\/10\/MAGNETAR-ADVANCED-KIT-GOOGLE.jpg","type":"image\/jpeg"}],"twitter_card":"summary_large_image","twitter_misc":{"Szacowany czas czytania":"3 minuty"},"schema":{"@context":"https:\/\/schema.org","@graph":[{"@type":["WebPage","ItemPage"],"@id":"https:\/\/magnetarmagnets.com\/pl\/shop\/zaawansowany-zestaw-400-kg-magnes-jednostronny\/","url":"https:\/\/magnetarmagnets.com\/pl\/shop\/zaawansowany-zestaw-400-kg-magnes-jednostronny\/","name":"Zaawansowany zestaw - 400 kg - magnes jednostronny - Magnet fishing with a Magnetar fishing magnet","isPartOf":{"@id":"https:\/\/magnetarmagnets.com\/pl\/#website"},"primaryImageOfPage":{"@id":"https:\/\/magnetarmagnets.com\/pl\/shop\/zaawansowany-zestaw-400-kg-magnes-jednostronny\/#primaryimage"},"image":{"@id":"https:\/\/magnetarmagnets.com\/pl\/shop\/zaawansowany-zestaw-400-kg-magnes-jednostronny\/#primaryimage"},"thumbnailUrl":"https:\/\/magnetarmagnets.com\/wp-content\/uploads\/2021\/10\/MAGNETAR-ADVANCED-KIT-GOOGLE.jpg","datePublished":"2025-06-05T07:54:41+00:00","dateModified":"2026-04-18T15:01:18+00:00","description":"Zaawansowany zestaw - magnes do \u0142owienia magnesem 400 kg - Magnetar","breadcrumb":{"@id":"https:\/\/magnetarmagnets.com\/pl\/shop\/zaawansowany-zestaw-400-kg-magnes-jednostronny\/#breadcrumb"},"inLanguage":"pl-PL","potentialAction":[{"@type":"ReadAction","target":["https:\/\/magnetarmagnets.com\/pl\/shop\/zaawansowany-zestaw-400-kg-magnes-jednostronny\/"]}]},{"@type":"ImageObject","inLanguage":"pl-PL","@id":"https:\/\/magnetarmagnets.com\/pl\/shop\/zaawansowany-zestaw-400-kg-magnes-jednostronny\/#primaryimage","url":"https:\/\/magnetarmagnets.com\/wp-content\/uploads\/2021\/10\/MAGNETAR-ADVANCED-KIT-GOOGLE.jpg","contentUrl":"https:\/\/magnetarmagnets.com\/wp-content\/uploads\/2021\/10\/MAGNETAR-ADVANCED-KIT-GOOGLE.jpg","width":1500,"height":1500,"caption":"MAGNETAR-ADVANCED-KIT"},{"@type":"BreadcrumbList","@id":"https:\/\/magnetarmagnets.com\/pl\/shop\/zaawansowany-zestaw-400-kg-magnes-jednostronny\/#breadcrumb","itemListElement":[{"@type":"ListItem","position":1,"name":"Home","item":"https:\/\/magnetarmagnets.com\/pl\/"},{"@type":"ListItem","position":2,"name":"Sklep","item":"https:\/\/magnetarmagnets.com\/sklep\/"},{"@type":"ListItem","position":3,"name":"Magnesy do \u0142owienia","item":"https:\/\/magnetarmagnets.com\/pl\/collections\/magnesy-do-lowienia\/"},{"@type":"ListItem","position":4,"name":"Magnesy do \u0142owienia jednostronne","item":"https:\/\/magnetarmagnets.com\/pl\/collections\/magnesy-do-lowienia\/magnesy-do-lowienia-jednostronne\/"},{"@type":"ListItem","position":5,"name":"Zaawansowany zestaw &#8211; 400 kg &#8211; magnes jednostronny"}]},{"@type":"WebSite","@id":"https:\/\/magnetarmagnets.com\/pl\/#website","url":"https:\/\/magnetarmagnets.com\/pl\/","name":"Magnet fishing with a Magnetar fishing magnet","description":"Mocne magnesy do po\u0142owu na magnes","publisher":{"@id":"https:\/\/magnetarmagnets.com\/pl\/#organization"},"potentialAction":[{"@type":"SearchAction","target":{"@type":"EntryPoint","urlTemplate":"https:\/\/magnetarmagnets.com\/pl\/?s={search_term_string}"},"query-input":{"@type":"PropertyValueSpecification","valueRequired":true,"valueName":"search_term_string"}}],"inLanguage":"pl-PL"},{"@type":"Organization","@id":"https:\/\/magnetarmagnets.com\/pl\/#organization","name":"Magnetar","url":"https:\/\/magnetarmagnets.com\/pl\/","logo":{"@type":"ImageObject","inLanguage":"pl-PL","@id":"https:\/\/magnetarmagnets.com\/pl\/#\/schema\/logo\/image\/","url":"https:\/\/magnetarmagnets.com\/wp-content\/uploads\/2025\/05\/Logo-03_PNG-Black-scaled.png","contentUrl":"https:\/\/magnetarmagnets.com\/wp-content\/uploads\/2025\/05\/Logo-03_PNG-Black-scaled.png","width":2560,"height":1658,"caption":"Magnetar"},"image":{"@id":"https:\/\/magnetarmagnets.com\/pl\/#\/schema\/logo\/image\/"},"sameAs":["https:\/\/www.facebook.com\/fishingmagnets\/","https:\/\/www.instagram.com\/magnetar_magnets\/","https:\/\/www.linkedin.com\/company\/magnetarbv\/?originalSubdomain=nl","https:\/\/www.youtube.com\/c\/MagnetarVismagneet"]}]}},"_links":{"self":[{"href":"https:\/\/magnetarmagnets.com\/pl\/wp-json\/wp\/v2\/product\/83649","targetHints":{"allow":["GET"]}}],"collection":[{"href":"https:\/\/magnetarmagnets.com\/pl\/wp-json\/wp\/v2\/product"}],"about":[{"href":"https:\/\/magnetarmagnets.com\/pl\/wp-json\/wp\/v2\/types\/product"}],"replies":[{"embeddable":true,"href":"https:\/\/magnetarmagnets.com\/pl\/wp-json\/wp\/v2\/comments?post=83649"}],"version-history":[{"count":1,"href":"https:\/\/magnetarmagnets.com\/pl\/wp-json\/wp\/v2\/product\/83649\/revisions"}],"predecessor-version":[{"id":95395,"href":"https:\/\/magnetarmagnets.com\/pl\/wp-json\/wp\/v2\/product\/83649\/revisions\/95395"}],"wp:featuredmedia":[{"embeddable":true,"href":"https:\/\/magnetarmagnets.com\/pl\/wp-json\/wp\/v2\/media\/78868"}],"wp:attachment":[{"href":"https:\/\/magnetarmagnets.com\/pl\/wp-json\/wp\/v2\/media?parent=83649"}],"wp:term":[{"taxonomy":"product_brand","embeddable":true,"href":"https:\/\/magnetarmagnets.com\/pl\/wp-json\/wp\/v2\/product_brand?post=83649"},{"taxonomy":"product_cat","embeddable":true,"href":"https:\/\/magnetarmagnets.com\/pl\/wp-json\/wp\/v2\/product_cat?post=83649"},{"taxonomy":"product_tag","embeddable":true,"href":"https:\/\/magnetarmagnets.com\/pl\/wp-json\/wp\/v2\/product_tag?post=83649"}],"curies":[{"name":"wp","href":"https:\/\/api.w.org\/{rel}","templated":true}]}}