{"id":83647,"date":"2025-06-05T09:54:42","date_gmt":"2025-06-05T07:54:42","guid":{"rendered":"https:\/\/magnetarmagnets.com\/?post_type=product&#038;p=83647"},"modified":"2026-04-22T06:19:24","modified_gmt":"2026-04-22T04:19:24","slug":"najlepszy-hak-chwytakowy-do-lowienia-magnesem","status":"publish","type":"product","link":"https:\/\/magnetarmagnets.com\/pl\/shop\/najlepszy-hak-chwytakowy-do-lowienia-magnesem\/","title":{"rendered":"Najlepszy hak chwytakowy do \u0142owienia magnesem"},"content":{"rendered":"<h2><strong>Czym s\u0105 haki chwytakowe?<\/strong><\/h2>\n\n<span style=\"font-weight: 400;\">To urz\u0105dzenia przymocowane do liny, kt\u00f3re rzuca si\u0119 lub zanurza w wodzie, aby z\u0142apa\u0107, przytrzyma\u0107, chwyci\u0107 i wyci\u0105gn\u0105\u0107 przedmiot z wody. R\u00f3\u017cne haki chwytakowe s\u0142u\u017c\u0105 do wspinaczki po drzewach, ale my polecamy to narz\u0119dzie przygodowe dla wymagaj\u0105cych magnetycznych \u0142owi\u0105cych.<\/span>\n\n\n\n<span style=\"font-weight: 400;\">Mog\u0105 by\u0107 u\u017cywane razem z <\/span><span style=\"font-weight: 400;\">magnesem neodymowym<\/span><span style=\"font-weight: 400;\"> lub zamiast niego podczas poszukiwania skarb\u00f3w pod wod\u0105. Je\u015bli interesuje Ci\u0119 \u0142owienie przedmiot\u00f3w ponadwymiarowych, niemagnetycznych, ci\u0119\u017ckich lub o nietypowym kszta\u0142cie, hak chwytakowy pomo\u017ce Ci je wydoby\u0107 na powierzchni\u0119.\u00a0<\/span>\n\n<h2><strong>Czy je\u015bli mam ju\u017c magnes, potrzebuj\u0119 haka chwytakowego?<\/strong><\/h2>\n\n<span style=\"font-weight: 400;\">Niekoniecznie, ale jest to zdecydowanie polecane.\u00a0<\/span>\n\n\n\n<span style=\"font-weight: 400;\">Wi\u0119kszo\u015b\u0107 os\u00f3b \u0142owi\u0105cych magnesem powie, \u017ce hak chwytakowy do magnetycznego \u0142owienia jest niezb\u0119dny. Nasze <\/span><span style=\"font-weight: 400;\">magnesy neodymowe<\/span><span style=\"font-weight: 400;\"> s\u0105 idealne do \u0142apania magnetycznych metalowych przedmiot\u00f3w r\u00f3\u017cnej wielko\u015bci, kszta\u0142tu i g\u0119sto\u015bci. Jednak czasem potrzebujesz ostrych kraw\u0119dzi haka, aby wyci\u0105gn\u0105\u0107 przedmiot spod kamienia lub przynie\u015b\u0107 go na powierzchni\u0119.\u00a0<\/span>\n\n\n\n<span style=\"font-weight: 400;\">Jak ze wszystkim &#8211; potrzebujesz odpowiednich narz\u0119dzi, aby wykona\u0107 prac\u0119 w r\u00f3\u017cnych warunkach. Posiadanie dodatkowych narz\u0119dzi, takich jak nasz hak chwytakowy ze stali nierdzewnej, pomo\u017ce Ci zwi\u0119kszy\u0107 zakres i wszechstronno\u015b\u0107 rodzaj\u00f3w skarb\u00f3w, kt\u00f3re mo\u017cesz znale\u017a\u0107. Zar\u00f3wno hak, jak i magnes do \u0142owienia dzia\u0142aj\u0105 samodzielnie, ale razem s\u0105 silniejsze.\u00a0<\/span>\n\n<h2><strong>Jakie materia\u0142y s\u0105 niemagnetyczne?<\/strong><\/h2>\n\n<span style=\"font-weight: 400;\">Magnesy pomog\u0105 Ci \u0142apa\u0107 magnetyczne materia\u0142y. Cho\u0107 wszystkie materia\u0142y magnetyczne to metale, nie ka\u017cdy metal jest magnetyczny. Poni\u017csza tabela przedstawia przegl\u0105d materia\u0142\u00f3w i przedmiot\u00f3w, kt\u00f3re mo\u017cesz przyci\u0105gn\u0105\u0107 magnesem lub z\u0142apa\u0107 hakiem:<\/span>\n\n<table>\n\n<tbody>\n\n<tr>\n\n<td><b>Magnetyczne<\/b><\/td>\n\n<td><b>Niemagnetyczne<\/b><\/td>\n\n<\/tr>\n\n<tr>\n\n<td><span style=\"font-weight: 400;\">\u017belazo (garnki, patelnie)<\/span><\/td>\n\n<td><span style=\"font-weight: 400;\">Aluminium (puszki, sztu\u0107ce)<\/span><\/td>\n\n<\/tr>\n\n<tr>\n\n<td><span style=\"font-weight: 400;\">Nikiel (monety)<\/span><\/td>\n\n<td><span style=\"font-weight: 400;\">Mied\u017a (monety)<\/span><\/td>\n\n<\/tr>\n\n<tr>\n\n<td><span style=\"font-weight: 400;\">Kobalt (\u015bruby, \u015brubki, narz\u0119dzia)<\/span><\/td>\n\n<td><span style=\"font-weight: 400;\">O\u0142\u00f3w (akumulatory, ci\u0119\u017carki)<\/span><\/td>\n\n<\/tr>\n\n<tr>\n\n<td><span style=\"font-weight: 400;\">Stal (rury, kolej, samochody)<\/span><\/td>\n\n<td><span style=\"font-weight: 400;\">Mosi\u0105dz (instrumenty muzyczne)<\/span><\/td>\n\n<\/tr>\n\n<\/tbody>\n\n<\/table>\n\n&nbsp;\n\n<h2><strong>Co mo\u017cna znale\u017a\u0107 podczas \u0142owienia magnesem z hakiem chwytakowym?<\/strong><\/h2>\n\n<span style=\"font-weight: 400;\">Znaleziska ponadwymiarowe lub ci\u0119\u017ckie<\/span><span style=\"font-weight: 400;\"> &#8211; je\u015bli znajdziesz ci\u0119\u017cki przedmiot swoim magnesem do \u0142owienia, dodatkowe u\u017cycie haka pomo\u017ce zwi\u0119kszy\u0107 si\u0142\u0119 ci\u0105gu magnesu i wyci\u0105gn\u0105\u0107 obiekt z wody. Mo\u017cesz tak\u017ce mie\u0107 wi\u0119ksz\u0105 kontrol\u0119, wyci\u0105gaj\u0105c obiekt z wody \u0142atwiej.<\/span>\n\n<ul>\n\n  \t<li><strong>Niemagnetyczne przedmioty<\/strong><span style=\"font-weight: 400;\"> &#8211; obejmuj\u0105ce materia\u0142y takie jak mied\u017a, aluminium i z\u0142oto. Przedmioty zawieraj\u0105ce te materia\u0142y mog\u0105 by\u0107 nieodwracalne bez haka. To por\u00f3wnywalne do haczyk\u00f3w w\u0119dkarskich, nie potrzebujesz przyn\u0119ty, ale to pomo\u017ce znale\u017a\u0107 o wiele wi\u0119cej gatunk\u00f3w! <\/span><\/li>\n\n  \t<li><strong>Cz\u0119\u015bciowo magnetyczne przedmioty<\/strong> &#8211; je\u015bli obiekt sk\u0142ada si\u0119 z materia\u0142\u00f3w magnetycznych i niemagnetycznych, magnes pomo\u017ce go znale\u017a\u0107, ale prawdopodobnie nie uzyskasz tak mocnego uchwytu ani napi\u0119tej linki.<\/li>\n\n  \t<li><strong>Przedmioty o nietypowym kszta\u0142cie<\/strong> &#8211; czy to bro\u0144 r\u0119czna, niewybuchy, wyposa\u017cenie, narz\u0119dzia i inne wi\u0119ksze znaleziska &#8211; zdziwisz si\u0119, co mo\u017cesz znale\u017a\u0107!<\/li>\n\n<\/ul>\n\n<span style=\"font-weight: 400;\">I wiele wi\u0119cej!\u00a0<\/span>\n\n<h2><strong>Jak u\u017cywa\u0107 haczyk\u00f3w do \u0142owienia magnesem?\u00a0<\/strong><\/h2>\n\n<span style=\"font-weight: 400;\">Je\u015bli Tw\u00f3j magnes nie mo\u017ce wyci\u0105gn\u0105\u0107 czego\u015b z wody, czy to za ci\u0119\u017ckie, niepor\u0119czne, czy niemagnetyczne, czas u\u017cy\u0107 haka chwytakowego.\u00a0<\/span>\n\n\n\n<span style=\"font-weight: 400;\">Jak przymocowa\u0107 hak do liny:<\/span><span style=\"font-weight: 400;\"> Przymocuj swoj\u0105 lin\u0119 do ko\u0144ca haka za pomoc\u0105 karabi\u0144czyka (do\u0142\u0105czonego przy zakupie naszej <\/span><a href=\"https:\/\/magnetarmagnets.com\/shop\/magnet-fishing-rope\/\" target=\"_blank\" rel=\"noopener\"><span style=\"font-weight: 400;\">lina do \u0142owienia magnesem<\/span><\/a><span style=\"font-weight: 400\">). Lub zr\u00f3b p\u0119tl\u0119 przez hak za pomoc\u0105 w\u0119z\u0142a Palomara (obejrzyj <a href=\"https:\/\/magnetarmagnets.com\/how-to-make-the-perfect-knot\/\">instrukcj\u0119 Reinouta<\/a><\/span><span style=\"font-weight: 400\">). Upewnij si\u0119, \u017ce lina jest mocno przymocowana do haka.<\/span>\n\n\n\n<span style=\"font-weight: 400;\">Jak u\u017cywa\u0107 haka z magnesem: <\/span><span style=\"font-weight: 400;\">Tw\u00f3j magnes do \u0142owienia mo\u017ce znale\u017a\u0107 co\u015b pod wod\u0105, czego sam nie jest w stanie wyci\u0105gn\u0105\u0107. W takim przypadku pozostaw magnes i link\u0119 w wodzie. Przymocuj hak do liny (instrukcje powy\u017cej) i rzu\u0107 go do wody w tym samym kierunku, co Tw\u00f3j magnes. Gdy przedmiot, do kt\u00f3rego przylega magnes, zostanie z\u0142apany, poci\u0105gnij jednocze\u015bnie obie linki, aby nawigowa\u0107 przedmiot na brzeg.\u00a0<\/span>\n\n\n\n<span style=\"font-weight: 400;\">Jak u\u017cywa\u0107 haka samodzielnie: <\/span><span style=\"font-weight: 400;\">Je\u015bli u\u017cywasz haka samodzielnie, przymocuj go do liny (instrukcje powy\u017cej), rzu\u0107 hak do wody i pozw\u00f3l mu opa\u015b\u0107. Zaci\u0105gaj hak po dnie, nawijaj\u0105c lin\u0119 w swoj\u0105 stron\u0119. Je\u015bli jego pazury z\u0142api\u0105 co\u015b o kraw\u0119dziach, b\u0119dziesz w stanie zaci\u0105gn\u0105\u0107 to na brzeg. Przy nast\u0119pnym rzucie wrzu\u0107 lin\u0119 metr od poprzedniego miejsca, aby przeszuka\u0107 rozs\u0105dny obszar.<\/span>\n\n\n\n<span style=\"font-weight: 400;\"><strong>Pami\u0119taj:<\/strong> b\u0105d\u017a cierpliwy i powoli wyci\u0105gaj hak z wody, aby upewni\u0107 si\u0119, \u017ce przedmioty nie ze\u015blizgn\u0105 si\u0119.\u00a0<\/span>\n\n<h2><strong>Na co zwraca\u0107 uwag\u0119 przy wyborze haka?<\/strong><\/h2>\n\n<span style=\"font-weight: 400;\">Istniej\u0105 dwie rzeczy, na kt\u00f3re nale\u017cy zwr\u00f3ci\u0107 uwag\u0119 przy zakupie haka:<\/span>\n\n<ol>\n\n  \t<li style=\"font-weight: 400;\"><b>Materia\u0142<\/b><span style=\"font-weight: 400;\"> &#8211; szukaj hak\u00f3w wykonanych z wysokiej jako\u015bci stali nierdzewnej, poniewa\u017c jest ona mocna, lekka, trwa\u0142a i odporna na rdz\u0119 oraz inne uszkodzenia.<\/span><\/li>\n\n  \t<li style=\"font-weight: 400;\"><b>Wymiary<\/b><span style=\"font-weight: 400;\"> &#8211; hak Magnetar ma d\u0142ugo\u015b\u0107 19 cm i szeroko\u015b\u0107 15,5 cm. Po latach test\u00f3w r\u00f3\u017cnych hak\u00f3w nasz zesp\u00f3\u0142 zgadza si\u0119, \u017ce to idealne wymiary do podr\u00f3\u017cy, rzucania, przenoszenia i wydobywania du\u017cych lub nietypowych obiekt\u00f3w z wody. Je\u015bli b\u0119dzie du\u017co wi\u0119kszy, mo\u017ce by\u0107 niepor\u0119czny lub za ci\u0119\u017cki do rzucania. Je\u015bli mniejszy, hak mo\u017ce by\u0107 zbyt w\u0105ski na obiekty pod wod\u0105.<\/span><\/li>\n\n<\/ol>","protected":false},"excerpt":{"rendered":"<p><span style=\"font-weight: 400;\">Nasz <strong>nowoczesny hak chwytakowy<\/strong> jest idealny do wyci\u0105gania podwodnych przedmiot\u00f3w, kt\u00f3re s\u0105 <strong>niemagnetyczne, ponadwymiarowe, ci\u0119\u017ckie, cz\u0119\u015bciowo magnetyczne lub maj\u0105 nietypowy kszta\u0142t<\/strong>. Niezale\u017cnie czy na brzegu, czy na \u0142odzi, pomo\u017ce Ci on wyci\u0105gn\u0105\u0107 wiele ciekawych rzeczy. <\/span><\/p>\n<p><span style=\"font-weight: 400;\">Okaza\u0142 si\u0119 on najbardziej przydatny jako <strong>akcesorium do Twojego <\/strong><\/span><strong><a href=\"https:\/\/magnetarmagnets.com\/\" target=\"_blank\" rel=\"noopener\">magnesu do \u0142owienia<\/a><\/strong><span style=\"font-weight: 400;\">. Nie ma nic bardziej frustruj\u0105cego ni\u017c sytuacja, gdy magnes przyczepi si\u0119 do Twojego sprz\u0119tu i nie mo\u017cesz wyci\u0105gn\u0105\u0107 przedmiotu z wody. U\u017cycie haka <strong>zwi\u0119kszy si\u0142\u0119 ci\u0105gu i zakres dzia\u0142ania<\/strong> magnesu, aby <strong>znale\u017a\u0107 jeszcze wi\u0119ksze, lepsze i bardziej pami\u0119tne skarby<\/strong>.\u00a0<\/span><\/p>\n","protected":false},"featured_media":75948,"comment_status":"open","ping_status":"closed","template":"","meta":{"_acf_changed":false,"inline_featured_image":false},"product_brand":[],"product_cat":[1011,588,589],"product_tag":[],"class_list":{"0":"post-83647","1":"product","2":"type-product","3":"status-publish","4":"has-post-thumbnail","6":"product_cat-bez-kategorii","7":"product_cat-sprzet","8":"product_cat-sprzet-do-lowienia-magnesem","10":"first","11":"instock","12":"sale","13":"taxable","14":"shipping-taxable","15":"purchasable","16":"product-type-simple"},"acf":[],"yoast_head":"<!-- This site is optimized with the Yoast SEO plugin v27.4 - https:\/\/yoast.com\/product\/yoast-seo-wordpress\/ -->\n<title>Hak chwytakowy do \u0142owienia magnesem - Magnetar \u00ae [KUP TERAZ]<\/title>\n<meta name=\"description\" content=\"Kup najlepszy hak chwytakowy do \u0142owienia magnesem \u27a4 Magnetar \u00ae. Sklep z ca\u0142ym niezb\u0119dnym wyposa\u017ceniem do \u0142owienia magnesem. Wysy\u0142ka tego samego dnia!\" \/>\n<meta name=\"robots\" content=\"index, follow, max-snippet:-1, max-image-preview:large, max-video-preview:-1\" \/>\n<link rel=\"canonical\" href=\"https:\/\/magnetarmagnets.com\/pl\/shop\/najlepszy-hak-chwytakowy-do-lowienia-magnesem\/\" \/>\n<meta property=\"og:locale\" content=\"pl_PL\" \/>\n<meta property=\"og:type\" content=\"article\" \/>\n<meta property=\"og:title\" content=\"Hak chwytakowy do \u0142owienia magnesem - Magnetar \u00ae [KUP TERAZ]\" \/>\n<meta property=\"og:description\" content=\"Kup najlepszy hak chwytakowy do \u0142owienia magnesem \u27a4 Magnetar \u00ae. Sklep z ca\u0142ym niezb\u0119dnym wyposa\u017ceniem do \u0142owienia magnesem. Wysy\u0142ka tego samego dnia!\" \/>\n<meta property=\"og:url\" content=\"https:\/\/magnetarmagnets.com\/pl\/shop\/najlepszy-hak-chwytakowy-do-lowienia-magnesem\/\" \/>\n<meta property=\"og:site_name\" content=\"Magnet fishing with a Magnetar fishing magnet\" \/>\n<meta property=\"article:publisher\" content=\"https:\/\/www.facebook.com\/fishingmagnets\/\" \/>\n<meta property=\"article:modified_time\" content=\"2026-04-22T04:19:24+00:00\" \/>\n<meta property=\"og:image\" content=\"https:\/\/magnetarmagnets.com\/wp-content\/uploads\/2015\/09\/wurfanker.jpg\" \/>\n\t<meta property=\"og:image:width\" content=\"1570\" \/>\n\t<meta property=\"og:image:height\" content=\"1570\" \/>\n\t<meta property=\"og:image:type\" content=\"image\/jpeg\" \/>\n<meta name=\"twitter:card\" content=\"summary_large_image\" \/>\n<meta name=\"twitter:label1\" content=\"Szacowany czas czytania\" \/>\n\t<meta name=\"twitter:data1\" content=\"6 minut\" \/>\n<script type=\"application\/ld+json\" class=\"yoast-schema-graph\">{\"@context\":\"https:\\\/\\\/schema.org\",\"@graph\":[{\"@type\":[\"WebPage\",\"ItemPage\"],\"@id\":\"https:\\\/\\\/magnetarmagnets.com\\\/pl\\\/shop\\\/najlepszy-hak-chwytakowy-do-lowienia-magnesem\\\/\",\"url\":\"https:\\\/\\\/magnetarmagnets.com\\\/pl\\\/shop\\\/najlepszy-hak-chwytakowy-do-lowienia-magnesem\\\/\",\"name\":\"Hak chwytakowy do \u0142owienia magnesem - Magnetar \u00ae [KUP TERAZ]\",\"isPartOf\":{\"@id\":\"https:\\\/\\\/magnetarmagnets.com\\\/pl\\\/#website\"},\"primaryImageOfPage\":{\"@id\":\"https:\\\/\\\/magnetarmagnets.com\\\/pl\\\/shop\\\/najlepszy-hak-chwytakowy-do-lowienia-magnesem\\\/#primaryimage\"},\"image\":{\"@id\":\"https:\\\/\\\/magnetarmagnets.com\\\/pl\\\/shop\\\/najlepszy-hak-chwytakowy-do-lowienia-magnesem\\\/#primaryimage\"},\"thumbnailUrl\":\"https:\\\/\\\/magnetarmagnets.com\\\/wp-content\\\/uploads\\\/2015\\\/09\\\/wurfanker.jpg\",\"datePublished\":\"2025-06-05T07:54:42+00:00\",\"dateModified\":\"2026-04-22T04:19:24+00:00\",\"description\":\"Kup najlepszy hak chwytakowy do \u0142owienia magnesem \u27a4 Magnetar \u00ae. Sklep z ca\u0142ym niezb\u0119dnym wyposa\u017ceniem do \u0142owienia magnesem. Wysy\u0142ka tego samego dnia!\",\"breadcrumb\":{\"@id\":\"https:\\\/\\\/magnetarmagnets.com\\\/pl\\\/shop\\\/najlepszy-hak-chwytakowy-do-lowienia-magnesem\\\/#breadcrumb\"},\"inLanguage\":\"pl-PL\",\"potentialAction\":[{\"@type\":\"ReadAction\",\"target\":[\"https:\\\/\\\/magnetarmagnets.com\\\/pl\\\/shop\\\/najlepszy-hak-chwytakowy-do-lowienia-magnesem\\\/\"]}]},{\"@type\":\"ImageObject\",\"inLanguage\":\"pl-PL\",\"@id\":\"https:\\\/\\\/magnetarmagnets.com\\\/pl\\\/shop\\\/najlepszy-hak-chwytakowy-do-lowienia-magnesem\\\/#primaryimage\",\"url\":\"https:\\\/\\\/magnetarmagnets.com\\\/wp-content\\\/uploads\\\/2015\\\/09\\\/wurfanker.jpg\",\"contentUrl\":\"https:\\\/\\\/magnetarmagnets.com\\\/wp-content\\\/uploads\\\/2015\\\/09\\\/wurfanker.jpg\",\"width\":1570,\"height\":1570,\"caption\":\"magnet-fishing-grappling-hook\"},{\"@type\":\"BreadcrumbList\",\"@id\":\"https:\\\/\\\/magnetarmagnets.com\\\/pl\\\/shop\\\/najlepszy-hak-chwytakowy-do-lowienia-magnesem\\\/#breadcrumb\",\"itemListElement\":[{\"@type\":\"ListItem\",\"position\":1,\"name\":\"Home\",\"item\":\"https:\\\/\\\/magnetarmagnets.com\\\/pl\\\/\"},{\"@type\":\"ListItem\",\"position\":2,\"name\":\"Sklep\",\"item\":\"https:\\\/\\\/magnetarmagnets.com\\\/sklep\\\/\"},{\"@type\":\"ListItem\",\"position\":3,\"name\":\"Sprz\u0119t\",\"item\":\"https:\\\/\\\/magnetarmagnets.com\\\/pl\\\/collections\\\/sprzet\\\/\"},{\"@type\":\"ListItem\",\"position\":4,\"name\":\"Sprz\u0119t do \u0142owienia magnesem\",\"item\":\"https:\\\/\\\/magnetarmagnets.com\\\/pl\\\/collections\\\/sprzet\\\/sprzet-do-lowienia-magnesem\\\/\"},{\"@type\":\"ListItem\",\"position\":5,\"name\":\"Najlepszy hak chwytakowy do \u0142owienia magnesem\"}]},{\"@type\":\"WebSite\",\"@id\":\"https:\\\/\\\/magnetarmagnets.com\\\/pl\\\/#website\",\"url\":\"https:\\\/\\\/magnetarmagnets.com\\\/pl\\\/\",\"name\":\"Magnet fishing with a Magnetar fishing magnet\",\"description\":\"Mocne magnesy do po\u0142owu na magnes\",\"publisher\":{\"@id\":\"https:\\\/\\\/magnetarmagnets.com\\\/pl\\\/#organization\"},\"potentialAction\":[{\"@type\":\"SearchAction\",\"target\":{\"@type\":\"EntryPoint\",\"urlTemplate\":\"https:\\\/\\\/magnetarmagnets.com\\\/pl\\\/?s={search_term_string}\"},\"query-input\":{\"@type\":\"PropertyValueSpecification\",\"valueRequired\":true,\"valueName\":\"search_term_string\"}}],\"inLanguage\":\"pl-PL\"},{\"@type\":\"Organization\",\"@id\":\"https:\\\/\\\/magnetarmagnets.com\\\/pl\\\/#organization\",\"name\":\"Magnetar\",\"url\":\"https:\\\/\\\/magnetarmagnets.com\\\/pl\\\/\",\"logo\":{\"@type\":\"ImageObject\",\"inLanguage\":\"pl-PL\",\"@id\":\"https:\\\/\\\/magnetarmagnets.com\\\/pl\\\/#\\\/schema\\\/logo\\\/image\\\/\",\"url\":\"https:\\\/\\\/magnetarmagnets.com\\\/wp-content\\\/uploads\\\/2025\\\/05\\\/Logo-03_PNG-Black-scaled.png\",\"contentUrl\":\"https:\\\/\\\/magnetarmagnets.com\\\/wp-content\\\/uploads\\\/2025\\\/05\\\/Logo-03_PNG-Black-scaled.png\",\"width\":2560,\"height\":1658,\"caption\":\"Magnetar\"},\"image\":{\"@id\":\"https:\\\/\\\/magnetarmagnets.com\\\/pl\\\/#\\\/schema\\\/logo\\\/image\\\/\"},\"sameAs\":[\"https:\\\/\\\/www.facebook.com\\\/fishingmagnets\\\/\",\"https:\\\/\\\/www.instagram.com\\\/magnetar_magnets\\\/\",\"https:\\\/\\\/www.linkedin.com\\\/company\\\/magnetarbv\\\/?originalSubdomain=nl\",\"https:\\\/\\\/www.youtube.com\\\/c\\\/MagnetarVismagneet\"]}]}<\/script>\n<!-- \/ Yoast SEO plugin. -->","yoast_head_json":{"title":"Hak chwytakowy do \u0142owienia magnesem - Magnetar \u00ae [KUP TERAZ]","description":"Kup najlepszy hak chwytakowy do \u0142owienia magnesem \u27a4 Magnetar \u00ae. Sklep z ca\u0142ym niezb\u0119dnym wyposa\u017ceniem do \u0142owienia magnesem. Wysy\u0142ka tego samego dnia!","robots":{"index":"index","follow":"follow","max-snippet":"max-snippet:-1","max-image-preview":"max-image-preview:large","max-video-preview":"max-video-preview:-1"},"canonical":"https:\/\/magnetarmagnets.com\/pl\/shop\/najlepszy-hak-chwytakowy-do-lowienia-magnesem\/","og_locale":"pl_PL","og_type":"article","og_title":"Hak chwytakowy do \u0142owienia magnesem - Magnetar \u00ae [KUP TERAZ]","og_description":"Kup najlepszy hak chwytakowy do \u0142owienia magnesem \u27a4 Magnetar \u00ae. Sklep z ca\u0142ym niezb\u0119dnym wyposa\u017ceniem do \u0142owienia magnesem. Wysy\u0142ka tego samego dnia!","og_url":"https:\/\/magnetarmagnets.com\/pl\/shop\/najlepszy-hak-chwytakowy-do-lowienia-magnesem\/","og_site_name":"Magnet fishing with a Magnetar fishing magnet","article_publisher":"https:\/\/www.facebook.com\/fishingmagnets\/","article_modified_time":"2026-04-22T04:19:24+00:00","og_image":[{"width":1570,"height":1570,"url":"https:\/\/magnetarmagnets.com\/wp-content\/uploads\/2015\/09\/wurfanker.jpg","type":"image\/jpeg"}],"twitter_card":"summary_large_image","twitter_misc":{"Szacowany czas czytania":"6 minut"},"schema":{"@context":"https:\/\/schema.org","@graph":[{"@type":["WebPage","ItemPage"],"@id":"https:\/\/magnetarmagnets.com\/pl\/shop\/najlepszy-hak-chwytakowy-do-lowienia-magnesem\/","url":"https:\/\/magnetarmagnets.com\/pl\/shop\/najlepszy-hak-chwytakowy-do-lowienia-magnesem\/","name":"Hak chwytakowy do \u0142owienia magnesem - Magnetar \u00ae [KUP TERAZ]","isPartOf":{"@id":"https:\/\/magnetarmagnets.com\/pl\/#website"},"primaryImageOfPage":{"@id":"https:\/\/magnetarmagnets.com\/pl\/shop\/najlepszy-hak-chwytakowy-do-lowienia-magnesem\/#primaryimage"},"image":{"@id":"https:\/\/magnetarmagnets.com\/pl\/shop\/najlepszy-hak-chwytakowy-do-lowienia-magnesem\/#primaryimage"},"thumbnailUrl":"https:\/\/magnetarmagnets.com\/wp-content\/uploads\/2015\/09\/wurfanker.jpg","datePublished":"2025-06-05T07:54:42+00:00","dateModified":"2026-04-22T04:19:24+00:00","description":"Kup najlepszy hak chwytakowy do \u0142owienia magnesem \u27a4 Magnetar \u00ae. Sklep z ca\u0142ym niezb\u0119dnym wyposa\u017ceniem do \u0142owienia magnesem. Wysy\u0142ka tego samego dnia!","breadcrumb":{"@id":"https:\/\/magnetarmagnets.com\/pl\/shop\/najlepszy-hak-chwytakowy-do-lowienia-magnesem\/#breadcrumb"},"inLanguage":"pl-PL","potentialAction":[{"@type":"ReadAction","target":["https:\/\/magnetarmagnets.com\/pl\/shop\/najlepszy-hak-chwytakowy-do-lowienia-magnesem\/"]}]},{"@type":"ImageObject","inLanguage":"pl-PL","@id":"https:\/\/magnetarmagnets.com\/pl\/shop\/najlepszy-hak-chwytakowy-do-lowienia-magnesem\/#primaryimage","url":"https:\/\/magnetarmagnets.com\/wp-content\/uploads\/2015\/09\/wurfanker.jpg","contentUrl":"https:\/\/magnetarmagnets.com\/wp-content\/uploads\/2015\/09\/wurfanker.jpg","width":1570,"height":1570,"caption":"magnet-fishing-grappling-hook"},{"@type":"BreadcrumbList","@id":"https:\/\/magnetarmagnets.com\/pl\/shop\/najlepszy-hak-chwytakowy-do-lowienia-magnesem\/#breadcrumb","itemListElement":[{"@type":"ListItem","position":1,"name":"Home","item":"https:\/\/magnetarmagnets.com\/pl\/"},{"@type":"ListItem","position":2,"name":"Sklep","item":"https:\/\/magnetarmagnets.com\/sklep\/"},{"@type":"ListItem","position":3,"name":"Sprz\u0119t","item":"https:\/\/magnetarmagnets.com\/pl\/collections\/sprzet\/"},{"@type":"ListItem","position":4,"name":"Sprz\u0119t do \u0142owienia magnesem","item":"https:\/\/magnetarmagnets.com\/pl\/collections\/sprzet\/sprzet-do-lowienia-magnesem\/"},{"@type":"ListItem","position":5,"name":"Najlepszy hak chwytakowy do \u0142owienia magnesem"}]},{"@type":"WebSite","@id":"https:\/\/magnetarmagnets.com\/pl\/#website","url":"https:\/\/magnetarmagnets.com\/pl\/","name":"Magnet fishing with a Magnetar fishing magnet","description":"Mocne magnesy do po\u0142owu na magnes","publisher":{"@id":"https:\/\/magnetarmagnets.com\/pl\/#organization"},"potentialAction":[{"@type":"SearchAction","target":{"@type":"EntryPoint","urlTemplate":"https:\/\/magnetarmagnets.com\/pl\/?s={search_term_string}"},"query-input":{"@type":"PropertyValueSpecification","valueRequired":true,"valueName":"search_term_string"}}],"inLanguage":"pl-PL"},{"@type":"Organization","@id":"https:\/\/magnetarmagnets.com\/pl\/#organization","name":"Magnetar","url":"https:\/\/magnetarmagnets.com\/pl\/","logo":{"@type":"ImageObject","inLanguage":"pl-PL","@id":"https:\/\/magnetarmagnets.com\/pl\/#\/schema\/logo\/image\/","url":"https:\/\/magnetarmagnets.com\/wp-content\/uploads\/2025\/05\/Logo-03_PNG-Black-scaled.png","contentUrl":"https:\/\/magnetarmagnets.com\/wp-content\/uploads\/2025\/05\/Logo-03_PNG-Black-scaled.png","width":2560,"height":1658,"caption":"Magnetar"},"image":{"@id":"https:\/\/magnetarmagnets.com\/pl\/#\/schema\/logo\/image\/"},"sameAs":["https:\/\/www.facebook.com\/fishingmagnets\/","https:\/\/www.instagram.com\/magnetar_magnets\/","https:\/\/www.linkedin.com\/company\/magnetarbv\/?originalSubdomain=nl","https:\/\/www.youtube.com\/c\/MagnetarVismagneet"]}]}},"_links":{"self":[{"href":"https:\/\/magnetarmagnets.com\/pl\/wp-json\/wp\/v2\/product\/83647","targetHints":{"allow":["GET"]}}],"collection":[{"href":"https:\/\/magnetarmagnets.com\/pl\/wp-json\/wp\/v2\/product"}],"about":[{"href":"https:\/\/magnetarmagnets.com\/pl\/wp-json\/wp\/v2\/types\/product"}],"replies":[{"embeddable":true,"href":"https:\/\/magnetarmagnets.com\/pl\/wp-json\/wp\/v2\/comments?post=83647"}],"version-history":[{"count":1,"href":"https:\/\/magnetarmagnets.com\/pl\/wp-json\/wp\/v2\/product\/83647\/revisions"}],"predecessor-version":[{"id":94693,"href":"https:\/\/magnetarmagnets.com\/pl\/wp-json\/wp\/v2\/product\/83647\/revisions\/94693"}],"wp:featuredmedia":[{"embeddable":true,"href":"https:\/\/magnetarmagnets.com\/pl\/wp-json\/wp\/v2\/media\/75948"}],"wp:attachment":[{"href":"https:\/\/magnetarmagnets.com\/pl\/wp-json\/wp\/v2\/media?parent=83647"}],"wp:term":[{"taxonomy":"product_brand","embeddable":true,"href":"https:\/\/magnetarmagnets.com\/pl\/wp-json\/wp\/v2\/product_brand?post=83647"},{"taxonomy":"product_cat","embeddable":true,"href":"https:\/\/magnetarmagnets.com\/pl\/wp-json\/wp\/v2\/product_cat?post=83647"},{"taxonomy":"product_tag","embeddable":true,"href":"https:\/\/magnetarmagnets.com\/pl\/wp-json\/wp\/v2\/product_tag?post=83647"}],"curies":[{"name":"wp","href":"https:\/\/api.w.org\/{rel}","templated":true}]}}