{"id":83644,"date":"2025-06-05T09:54:42","date_gmt":"2025-06-05T07:54:42","guid":{"rendered":"https:\/\/magnetarmagnets.com\/?post_type=product&#038;p=83644"},"modified":"2026-04-07T19:28:28","modified_gmt":"2026-04-07T17:28:28","slug":"magnes-lowiecki-usuwacz-stalowej-sztucera","status":"publish","type":"product","link":"https:\/\/magnetarmagnets.com\/pl\/shop\/magnes-lowiecki-usuwacz-stalowej-sztucera\/","title":{"rendered":"Magnes \u0141owiecki &#8211; Usuwacz Stalowej Sztucera"},"content":{"rendered":"Odkryj najlepsze przygotowanie dziczyzny z naszym magnesem \u0142owieckim i magnesem do usuwania stalowego \u015brutu. Usuwanie stalowego \u015brutu z da\u0144 z dziczyzny jeszcze nigdy nie by\u0142o tak \u0142atwe! Zapomnij o nieprzyjemnych niespodziankach mi\u0119dzy z\u0119bami podczas delektowania si\u0119 pysznym daniem z dziczyzny. *Liczba milimetr\u00f3w oznacza zasi\u0119g detekcji magnesu.\r\n\r\nUsuwanie stalowego \u015brutu z potraw z dziczyzny jeszcze nigdy nie by\u0142o tak proste! Zapomnij o nieprzyjemnych niespodziankach mi\u0119dzy z\u0119bami podczas rozkoszowania si\u0119 wy\u015bmienit\u0105 dziczyzn\u0105. Dzi\u0119ki naszej gamie innowacyjnych magnes\u00f3w \u0142owieckich i magnes\u00f3w do usuwania stalowego \u015brutu, ten problem odchodzi do przesz\u0142o\u015bci. Cz\u0119sto spotyka si\u0119 stalowy \u015brut podczas jedzenia dziczyzny, co jest nie tylko irytuj\u0105ce, ale tak\u017ce mo\u017ce zaszkodzi\u0107 Twoim z\u0119bom. Nasze magnesy \u0142owieckie i magnesy do usuwania stalowego \u015brutu bez wysi\u0142ku i szybko usuwaj\u0105 \u015brut ze swoich mi\u0119s, takich jak zaj\u0105c, g\u0119\u015b, go\u0142\u0105b, ba\u017cant i inne.\r\n\r\nDlaczego warto wybra\u0107 nasze magnesy \u0142owieckie i magnesy do usuwania stalowego \u015brutu?\r\n\r\nR\u00f3\u017cnorodno\u015b\u0107 si\u0142y magnetycznej: Nasz asortyment obejmuje trzy r\u00f3\u017cne typy magnes\u00f3w \u0142owieckich o r\u00f3\u017cnej sile magnetycznej. Im wi\u0119ksza si\u0142a magnetyczna, tym dalej mo\u017cliwe jest wyci\u0105gni\u0119cie \u015brutu ze zwierzyny. Wybierz rodzaj najlepiej dopasowany do Twoich potrzeb.\r\n\r\n\u0141atwo\u015b\u0107 u\u017cycia: Po prostu przykryj magnes foli\u0105 i powoli przesuwaj go po kawa\u0142ku mi\u0119sa. Nasze pot\u0119\u017cne magnesy \u0142owieckie i magnesy do usuwania stalowego \u015brutu bez trudu usuwaj\u0105 wtopiony \u015brut z mi\u0119sa.\r\n\r\nBezpiecze\u0144stwo dla z\u0119b\u00f3w: Nie musisz ju\u017c martwi\u0107 si\u0119 twardym \u015brutem, kt\u00f3ry mo\u017ce uszkodzi\u0107 Twoje z\u0119by. Ciesz si\u0119 daniem z dziczyzny bez nieprzyjemnych niespodzianek.\r\n\r\nSzerokie zastosowanie: Niezale\u017cnie od tego, czy przygotowujesz kaczk\u0119, g\u0119\u015b, go\u0142\u0119bia, ba\u017canta czy inn\u0105 dziczyzn\u0119, nasze magnesy \u0142owieckie i magnesy do usuwania stalowego \u015brutu zawsze Ci pomog\u0105.","protected":false},"excerpt":{"rendered":"<p><strong>Odkryj najlepsze przygotowanie dziczyzny<\/strong> z naszym magnesem \u0142owieckim i usuwaczem stalowej sztucera. Usuwanie stalowych \u015brucin z potraw z dziczyzny jeszcze nigdy nie by\u0142o tak <strong>proste<\/strong>! Wybierz usuwacz stalowej sztucera, kt\u00f3ry najlepiej Ci odpowiada. Im wi\u0119kszy magnes, tym dalej mo\u017ce wykry\u0107 \u015brut. *Liczba milimetr\u00f3w oznacza zasi\u0119g detekcji magnesu.<\/p>\n","protected":false},"featured_media":79715,"comment_status":"open","ping_status":"closed","template":"","meta":{"_acf_changed":false,"inline_featured_image":false},"product_brand":[],"product_cat":[592,588,1007],"product_tag":[],"class_list":{"0":"post-83644","1":"product","2":"type-product","3":"status-publish","4":"has-post-thumbnail","6":"product_cat-akcesoria-magnetyczne","7":"product_cat-sprzet","8":"product_cat-wszystkie-produkty","10":"first","11":"instock","12":"taxable","13":"shipping-taxable","14":"product-type-variable"},"acf":[],"yoast_head":"<!-- This site is optimized with the Yoast SEO plugin v27.4 - https:\/\/yoast.com\/product\/yoast-seo-wordpress\/ -->\n<title>Usuwanie stalowego \u015brutu jest proste i szybkie z magnesem \u0142owieckim (wideo)<\/title>\n<meta name=\"description\" content=\"\u0141atwe usuwanie stalowego \u015brutu za pomoc\u0105 magnesu \u0142owieckiego\" \/>\n<meta name=\"robots\" content=\"index, follow, max-snippet:-1, max-image-preview:large, max-video-preview:-1\" \/>\n<link rel=\"canonical\" href=\"https:\/\/magnetarmagnets.com\/pl\/shop\/magnes-lowiecki-usuwacz-stalowej-sztucera\/\" \/>\n<meta property=\"og:locale\" content=\"pl_PL\" \/>\n<meta property=\"og:type\" content=\"article\" \/>\n<meta property=\"og:title\" content=\"Usuwanie stalowego \u015brutu jest proste i szybkie z magnesem \u0142owieckim (wideo)\" \/>\n<meta property=\"og:description\" content=\"\u0141atwe usuwanie stalowego \u015brutu za pomoc\u0105 magnesu \u0142owieckiego\" \/>\n<meta property=\"og:url\" content=\"https:\/\/magnetarmagnets.com\/pl\/shop\/magnes-lowiecki-usuwacz-stalowej-sztucera\/\" \/>\n<meta property=\"og:site_name\" content=\"Magnet fishing with a Magnetar fishing magnet\" \/>\n<meta property=\"article:publisher\" content=\"https:\/\/www.facebook.com\/fishingmagnets\/\" \/>\n<meta property=\"article:modified_time\" content=\"2026-04-07T17:28:28+00:00\" \/>\n<meta property=\"og:image\" content=\"https:\/\/magnetarmagnets.com\/wp-content\/uploads\/2023\/09\/JNF-Magnetar-Bedrijfsfotografie-01-09-2023-Foto-0142.jpg\" \/>\n\t<meta property=\"og:image:width\" content=\"1000\" \/>\n\t<meta property=\"og:image:height\" content=\"1000\" \/>\n\t<meta property=\"og:image:type\" content=\"image\/jpeg\" \/>\n<meta name=\"twitter:card\" content=\"summary_large_image\" \/>\n<meta name=\"twitter:label1\" content=\"Szacowany czas czytania\" \/>\n\t<meta name=\"twitter:data1\" content=\"2 minuty\" \/>\n<script type=\"application\/ld+json\" class=\"yoast-schema-graph\">{\"@context\":\"https:\\\/\\\/schema.org\",\"@graph\":[{\"@type\":[\"WebPage\",\"ItemPage\"],\"@id\":\"https:\\\/\\\/magnetarmagnets.com\\\/pl\\\/shop\\\/magnes-lowiecki-usuwacz-stalowej-sztucera\\\/\",\"url\":\"https:\\\/\\\/magnetarmagnets.com\\\/pl\\\/shop\\\/magnes-lowiecki-usuwacz-stalowej-sztucera\\\/\",\"name\":\"Usuwanie stalowego \u015brutu jest proste i szybkie z magnesem \u0142owieckim (wideo)\",\"isPartOf\":{\"@id\":\"https:\\\/\\\/magnetarmagnets.com\\\/pl\\\/#website\"},\"primaryImageOfPage\":{\"@id\":\"https:\\\/\\\/magnetarmagnets.com\\\/pl\\\/shop\\\/magnes-lowiecki-usuwacz-stalowej-sztucera\\\/#primaryimage\"},\"image\":{\"@id\":\"https:\\\/\\\/magnetarmagnets.com\\\/pl\\\/shop\\\/magnes-lowiecki-usuwacz-stalowej-sztucera\\\/#primaryimage\"},\"thumbnailUrl\":\"https:\\\/\\\/magnetarmagnets.com\\\/wp-content\\\/uploads\\\/2023\\\/09\\\/JNF-Magnetar-Bedrijfsfotografie-01-09-2023-Foto-0142.jpg\",\"datePublished\":\"2025-06-05T07:54:42+00:00\",\"dateModified\":\"2026-04-07T17:28:28+00:00\",\"description\":\"\u0141atwe usuwanie stalowego \u015brutu za pomoc\u0105 magnesu \u0142owieckiego\",\"breadcrumb\":{\"@id\":\"https:\\\/\\\/magnetarmagnets.com\\\/pl\\\/shop\\\/magnes-lowiecki-usuwacz-stalowej-sztucera\\\/#breadcrumb\"},\"inLanguage\":\"pl-PL\",\"potentialAction\":[{\"@type\":\"ReadAction\",\"target\":[\"https:\\\/\\\/magnetarmagnets.com\\\/pl\\\/shop\\\/magnes-lowiecki-usuwacz-stalowej-sztucera\\\/\"]}]},{\"@type\":\"ImageObject\",\"inLanguage\":\"pl-PL\",\"@id\":\"https:\\\/\\\/magnetarmagnets.com\\\/pl\\\/shop\\\/magnes-lowiecki-usuwacz-stalowej-sztucera\\\/#primaryimage\",\"url\":\"https:\\\/\\\/magnetarmagnets.com\\\/wp-content\\\/uploads\\\/2023\\\/09\\\/JNF-Magnetar-Bedrijfsfotografie-01-09-2023-Foto-0142.jpg\",\"contentUrl\":\"https:\\\/\\\/magnetarmagnets.com\\\/wp-content\\\/uploads\\\/2023\\\/09\\\/JNF-Magnetar-Bedrijfsfotografie-01-09-2023-Foto-0142.jpg\",\"width\":1000,\"height\":1000},{\"@type\":\"BreadcrumbList\",\"@id\":\"https:\\\/\\\/magnetarmagnets.com\\\/pl\\\/shop\\\/magnes-lowiecki-usuwacz-stalowej-sztucera\\\/#breadcrumb\",\"itemListElement\":[{\"@type\":\"ListItem\",\"position\":1,\"name\":\"Home\",\"item\":\"https:\\\/\\\/magnetarmagnets.com\\\/pl\\\/\"},{\"@type\":\"ListItem\",\"position\":2,\"name\":\"Sklep\",\"item\":\"https:\\\/\\\/magnetarmagnets.com\\\/sklep\\\/\"},{\"@type\":\"ListItem\",\"position\":3,\"name\":\"Sprz\u0119t\",\"item\":\"https:\\\/\\\/magnetarmagnets.com\\\/pl\\\/collections\\\/sprzet\\\/\"},{\"@type\":\"ListItem\",\"position\":4,\"name\":\"Akcesoria magnetyczne\",\"item\":\"https:\\\/\\\/magnetarmagnets.com\\\/pl\\\/collections\\\/sprzet\\\/akcesoria-magnetyczne\\\/\"},{\"@type\":\"ListItem\",\"position\":5,\"name\":\"Magnes \u0141owiecki &#8211; Usuwacz Stalowej Sztucera\"}]},{\"@type\":\"WebSite\",\"@id\":\"https:\\\/\\\/magnetarmagnets.com\\\/pl\\\/#website\",\"url\":\"https:\\\/\\\/magnetarmagnets.com\\\/pl\\\/\",\"name\":\"Magnet fishing with a Magnetar fishing magnet\",\"description\":\"Mocne magnesy do po\u0142owu na magnes\",\"publisher\":{\"@id\":\"https:\\\/\\\/magnetarmagnets.com\\\/pl\\\/#organization\"},\"potentialAction\":[{\"@type\":\"SearchAction\",\"target\":{\"@type\":\"EntryPoint\",\"urlTemplate\":\"https:\\\/\\\/magnetarmagnets.com\\\/pl\\\/?s={search_term_string}\"},\"query-input\":{\"@type\":\"PropertyValueSpecification\",\"valueRequired\":true,\"valueName\":\"search_term_string\"}}],\"inLanguage\":\"pl-PL\"},{\"@type\":\"Organization\",\"@id\":\"https:\\\/\\\/magnetarmagnets.com\\\/pl\\\/#organization\",\"name\":\"Magnetar\",\"url\":\"https:\\\/\\\/magnetarmagnets.com\\\/pl\\\/\",\"logo\":{\"@type\":\"ImageObject\",\"inLanguage\":\"pl-PL\",\"@id\":\"https:\\\/\\\/magnetarmagnets.com\\\/pl\\\/#\\\/schema\\\/logo\\\/image\\\/\",\"url\":\"https:\\\/\\\/magnetarmagnets.com\\\/wp-content\\\/uploads\\\/2025\\\/05\\\/Logo-03_PNG-Black-scaled.png\",\"contentUrl\":\"https:\\\/\\\/magnetarmagnets.com\\\/wp-content\\\/uploads\\\/2025\\\/05\\\/Logo-03_PNG-Black-scaled.png\",\"width\":2560,\"height\":1658,\"caption\":\"Magnetar\"},\"image\":{\"@id\":\"https:\\\/\\\/magnetarmagnets.com\\\/pl\\\/#\\\/schema\\\/logo\\\/image\\\/\"},\"sameAs\":[\"https:\\\/\\\/www.facebook.com\\\/fishingmagnets\\\/\",\"https:\\\/\\\/www.instagram.com\\\/magnetar_magnets\\\/\",\"https:\\\/\\\/www.linkedin.com\\\/company\\\/magnetarbv\\\/?originalSubdomain=nl\",\"https:\\\/\\\/www.youtube.com\\\/c\\\/MagnetarVismagneet\"]}]}<\/script>\n<!-- \/ Yoast SEO plugin. -->","yoast_head_json":{"title":"Usuwanie stalowego \u015brutu jest proste i szybkie z magnesem \u0142owieckim (wideo)","description":"\u0141atwe usuwanie stalowego \u015brutu za pomoc\u0105 magnesu \u0142owieckiego","robots":{"index":"index","follow":"follow","max-snippet":"max-snippet:-1","max-image-preview":"max-image-preview:large","max-video-preview":"max-video-preview:-1"},"canonical":"https:\/\/magnetarmagnets.com\/pl\/shop\/magnes-lowiecki-usuwacz-stalowej-sztucera\/","og_locale":"pl_PL","og_type":"article","og_title":"Usuwanie stalowego \u015brutu jest proste i szybkie z magnesem \u0142owieckim (wideo)","og_description":"\u0141atwe usuwanie stalowego \u015brutu za pomoc\u0105 magnesu \u0142owieckiego","og_url":"https:\/\/magnetarmagnets.com\/pl\/shop\/magnes-lowiecki-usuwacz-stalowej-sztucera\/","og_site_name":"Magnet fishing with a Magnetar fishing magnet","article_publisher":"https:\/\/www.facebook.com\/fishingmagnets\/","article_modified_time":"2026-04-07T17:28:28+00:00","og_image":[{"width":1000,"height":1000,"url":"https:\/\/magnetarmagnets.com\/wp-content\/uploads\/2023\/09\/JNF-Magnetar-Bedrijfsfotografie-01-09-2023-Foto-0142.jpg","type":"image\/jpeg"}],"twitter_card":"summary_large_image","twitter_misc":{"Szacowany czas czytania":"2 minuty"},"schema":{"@context":"https:\/\/schema.org","@graph":[{"@type":["WebPage","ItemPage"],"@id":"https:\/\/magnetarmagnets.com\/pl\/shop\/magnes-lowiecki-usuwacz-stalowej-sztucera\/","url":"https:\/\/magnetarmagnets.com\/pl\/shop\/magnes-lowiecki-usuwacz-stalowej-sztucera\/","name":"Usuwanie stalowego \u015brutu jest proste i szybkie z magnesem \u0142owieckim (wideo)","isPartOf":{"@id":"https:\/\/magnetarmagnets.com\/pl\/#website"},"primaryImageOfPage":{"@id":"https:\/\/magnetarmagnets.com\/pl\/shop\/magnes-lowiecki-usuwacz-stalowej-sztucera\/#primaryimage"},"image":{"@id":"https:\/\/magnetarmagnets.com\/pl\/shop\/magnes-lowiecki-usuwacz-stalowej-sztucera\/#primaryimage"},"thumbnailUrl":"https:\/\/magnetarmagnets.com\/wp-content\/uploads\/2023\/09\/JNF-Magnetar-Bedrijfsfotografie-01-09-2023-Foto-0142.jpg","datePublished":"2025-06-05T07:54:42+00:00","dateModified":"2026-04-07T17:28:28+00:00","description":"\u0141atwe usuwanie stalowego \u015brutu za pomoc\u0105 magnesu \u0142owieckiego","breadcrumb":{"@id":"https:\/\/magnetarmagnets.com\/pl\/shop\/magnes-lowiecki-usuwacz-stalowej-sztucera\/#breadcrumb"},"inLanguage":"pl-PL","potentialAction":[{"@type":"ReadAction","target":["https:\/\/magnetarmagnets.com\/pl\/shop\/magnes-lowiecki-usuwacz-stalowej-sztucera\/"]}]},{"@type":"ImageObject","inLanguage":"pl-PL","@id":"https:\/\/magnetarmagnets.com\/pl\/shop\/magnes-lowiecki-usuwacz-stalowej-sztucera\/#primaryimage","url":"https:\/\/magnetarmagnets.com\/wp-content\/uploads\/2023\/09\/JNF-Magnetar-Bedrijfsfotografie-01-09-2023-Foto-0142.jpg","contentUrl":"https:\/\/magnetarmagnets.com\/wp-content\/uploads\/2023\/09\/JNF-Magnetar-Bedrijfsfotografie-01-09-2023-Foto-0142.jpg","width":1000,"height":1000},{"@type":"BreadcrumbList","@id":"https:\/\/magnetarmagnets.com\/pl\/shop\/magnes-lowiecki-usuwacz-stalowej-sztucera\/#breadcrumb","itemListElement":[{"@type":"ListItem","position":1,"name":"Home","item":"https:\/\/magnetarmagnets.com\/pl\/"},{"@type":"ListItem","position":2,"name":"Sklep","item":"https:\/\/magnetarmagnets.com\/sklep\/"},{"@type":"ListItem","position":3,"name":"Sprz\u0119t","item":"https:\/\/magnetarmagnets.com\/pl\/collections\/sprzet\/"},{"@type":"ListItem","position":4,"name":"Akcesoria magnetyczne","item":"https:\/\/magnetarmagnets.com\/pl\/collections\/sprzet\/akcesoria-magnetyczne\/"},{"@type":"ListItem","position":5,"name":"Magnes \u0141owiecki &#8211; Usuwacz Stalowej Sztucera"}]},{"@type":"WebSite","@id":"https:\/\/magnetarmagnets.com\/pl\/#website","url":"https:\/\/magnetarmagnets.com\/pl\/","name":"Magnet fishing with a Magnetar fishing magnet","description":"Mocne magnesy do po\u0142owu na magnes","publisher":{"@id":"https:\/\/magnetarmagnets.com\/pl\/#organization"},"potentialAction":[{"@type":"SearchAction","target":{"@type":"EntryPoint","urlTemplate":"https:\/\/magnetarmagnets.com\/pl\/?s={search_term_string}"},"query-input":{"@type":"PropertyValueSpecification","valueRequired":true,"valueName":"search_term_string"}}],"inLanguage":"pl-PL"},{"@type":"Organization","@id":"https:\/\/magnetarmagnets.com\/pl\/#organization","name":"Magnetar","url":"https:\/\/magnetarmagnets.com\/pl\/","logo":{"@type":"ImageObject","inLanguage":"pl-PL","@id":"https:\/\/magnetarmagnets.com\/pl\/#\/schema\/logo\/image\/","url":"https:\/\/magnetarmagnets.com\/wp-content\/uploads\/2025\/05\/Logo-03_PNG-Black-scaled.png","contentUrl":"https:\/\/magnetarmagnets.com\/wp-content\/uploads\/2025\/05\/Logo-03_PNG-Black-scaled.png","width":2560,"height":1658,"caption":"Magnetar"},"image":{"@id":"https:\/\/magnetarmagnets.com\/pl\/#\/schema\/logo\/image\/"},"sameAs":["https:\/\/www.facebook.com\/fishingmagnets\/","https:\/\/www.instagram.com\/magnetar_magnets\/","https:\/\/www.linkedin.com\/company\/magnetarbv\/?originalSubdomain=nl","https:\/\/www.youtube.com\/c\/MagnetarVismagneet"]}]}},"_links":{"self":[{"href":"https:\/\/magnetarmagnets.com\/pl\/wp-json\/wp\/v2\/product\/83644","targetHints":{"allow":["GET"]}}],"collection":[{"href":"https:\/\/magnetarmagnets.com\/pl\/wp-json\/wp\/v2\/product"}],"about":[{"href":"https:\/\/magnetarmagnets.com\/pl\/wp-json\/wp\/v2\/types\/product"}],"replies":[{"embeddable":true,"href":"https:\/\/magnetarmagnets.com\/pl\/wp-json\/wp\/v2\/comments?post=83644"}],"version-history":[{"count":1,"href":"https:\/\/magnetarmagnets.com\/pl\/wp-json\/wp\/v2\/product\/83644\/revisions"}],"predecessor-version":[{"id":95727,"href":"https:\/\/magnetarmagnets.com\/pl\/wp-json\/wp\/v2\/product\/83644\/revisions\/95727"}],"wp:featuredmedia":[{"embeddable":true,"href":"https:\/\/magnetarmagnets.com\/pl\/wp-json\/wp\/v2\/media\/79715"}],"wp:attachment":[{"href":"https:\/\/magnetarmagnets.com\/pl\/wp-json\/wp\/v2\/media?parent=83644"}],"wp:term":[{"taxonomy":"product_brand","embeddable":true,"href":"https:\/\/magnetarmagnets.com\/pl\/wp-json\/wp\/v2\/product_brand?post=83644"},{"taxonomy":"product_cat","embeddable":true,"href":"https:\/\/magnetarmagnets.com\/pl\/wp-json\/wp\/v2\/product_cat?post=83644"},{"taxonomy":"product_tag","embeddable":true,"href":"https:\/\/magnetarmagnets.com\/pl\/wp-json\/wp\/v2\/product_tag?post=83644"}],"curies":[{"name":"wp","href":"https:\/\/api.w.org\/{rel}","templated":true}]}}