{"id":82903,"date":"2014-04-08T08:47:46","date_gmt":"2014-04-08T06:47:46","guid":{"rendered":"https:\/\/magnetarmagnets.com\/?page_id=82903"},"modified":"2025-07-15T16:22:45","modified_gmt":"2025-07-15T14:22:45","slug":"polityka-prywatnosci","status":"publish","type":"page","link":"https:\/\/magnetarmagnets.com\/pl\/polityka-prywatnosci\/","title":{"rendered":"Polityka prywatno\u015bci"},"content":{"rendered":"\n<p><strong>Ostatnia aktualizacja: 19 listopada 2021<\/strong><\/p>\n\n\n\n<p>To jest o\u015bwiadczenie o prywatno\u015bci firmy Magnetar US, Inc., dalej: Magnetar. W niniejszym dokumencie wyja\u015bniamy, w jaki spos\u00f3b Magnetar przetwarza Twoje dane osobowe. Podczas przetwarzania Twoich danych osobowych Magnetar dochowa najwy\u017cszej mo\u017cliwej staranno\u015bci.<\/p>\n\n\n\n<h2 class=\"wp-block-heading\"><strong>Pozyskiwanie danych osobowych<\/strong><\/h2>\n\n\n\n<p>Korzystaj\u0105c z us\u0142ug Magnetar, samodzielnie przekazujesz Magnetar r\u00f3\u017cne dane osobowe lub Twoje dane osobowe s\u0105 pozyskiwane w ramach realizacji umowy. Dane osobowe rozumiane s\u0105 jako wszystkie informacje dotycz\u0105ce zidentyfikowanej lub mo\u017cliwej do zidentyfikowania osoby fizycznej.<\/p>\n\n\n\n<h2 class=\"wp-block-heading\"><strong>Kategorie danych osobowych<\/strong><\/h2>\n\n\n\n<p>Magnetar przetwarza nast\u0119puj\u0105ce kategorie danych osobowych:<\/p>\n\n\n\n<ul class=\"wp-block-list\">\n<li>Imi\u0119 i nazwisko oraz dane adresowe, w tym dane lokalizacyjne, numer telefonu, adres e-mail.<\/li>\n\n\n\n<li>Dane firmy, w tym numer VAT i numer rejestru handlowego.<\/li>\n\n\n\n<li>Odmienny adres dostawy.<\/li>\n\n\n\n<li>Informacje o koncie, w tym has\u0142o i nazwa u\u017cytkownika.<\/li>\n\n\n\n<li>Inne dane osobowe przekazane przez Ciebie.<\/li>\n<\/ul>\n\n\n\n<h2 class=\"wp-block-heading\"><strong>Cel przetwarzania<\/strong><\/h2>\n\n\n\n<p>Dane osobowe przetwarzane przez Magnetar maj\u0105 na celu:<\/p>\n\n\n\n<ul class=\"wp-block-list\">\n<li>kontaktowanie si\u0119 z Tob\u0105 w celu poinformowania o zakupionych us\u0142ugach oraz ich realizacji,<\/li>\n\n\n\n<li>umo\u017cliwienie Magnetar \u015bwiadczenia swoich us\u0142ug,<\/li>\n\n\n\n<li>ulepszanie oferowanych us\u0142ug,<\/li>\n\n\n\n<li>realizacj\u0119 p\u0142atno\u015bci,<\/li>\n\n\n\n<li>spe\u0142nianie obowi\u0105zk\u00f3w prawnych,<\/li>\n\n\n\n<li>dzia\u0142ania marketingowe i komunikacyjne, w tym ulepszanie strony internetowej poprzez analiz\u0119 zachowania odwiedzaj\u0105cych,<\/li>\n\n\n\n<li>wysy\u0142k\u0119 newsletter\u00f3w,<\/li>\n\n\n\n<li>wymian\u0119 danych z podmiotami trzecimi w celu realizacji us\u0142ug, o ile jest to konieczne.<\/li>\n<\/ul>\n\n\n\n<h2 class=\"wp-block-heading\"><strong>Podstawa przetwarzania<\/strong><\/h2>\n\n\n\n<p>Dane osobowe mog\u0105 by\u0107 przetwarzane wy\u0142\u0105cznie na podstawie nast\u0119puj\u0105cych przes\u0142anek: (i) obowi\u0105zek prawny, (ii) wykonanie umowy, (iii) uzyskana (wyra\u017ana) zgoda osoby, kt\u00f3rej dane dotycz\u0105, oraz (iv) uzasadniony interes. Podczas \u015bwiadczenia us\u0142ug Magnetar dane osobowe s\u0105 przetwarzane w ramach realizacji us\u0142ug Magnetar. Magnetar przetwarza wy\u0142\u0105cznie te dane, kt\u00f3re uwa\u017ca za niezb\u0119dne do (ulepszania) swoich us\u0142ug, i obchodzi si\u0119 z nale\u017cyt\u0105 staranno\u015bci\u0105 z (danymi osobowymi), kt\u00f3re otrzymuje na Tw\u00f3j temat oraz na temat korzystania przez Ciebie z us\u0142ug. Podstaw\u0105 przetwarzania tych danych jest zawarta przez Ciebie umowa z Magnetar. Dane osobowe mog\u0105 by\u0107 r\u00f3wnie\u017c przetwarzane podczas Twojej wizyty na stronie internetowej <a class=\"\" href=\"https:\/\/magnetarmagnets.com\/pl\/\">https:\/\/magnetarmagnets.com\/<\/a>, je\u015bli wyrazi\u0142e\u015b na to zgod\u0119.<\/p>\n\n\n\n<h2 class=\"wp-block-heading\"><strong>Konieczno\u015b\u0107 przetwarzania<\/strong><\/h2>\n\n\n\n<p>Przetwarzanie Twoich danych osobowych jest niezb\u0119dne do realizacji naszych us\u0142ug. Us\u0142ugi oferowane przez Magnetar nie mog\u0105 by\u0107 w pe\u0142ni wykonane bez przetwarzania Twoich danych osobowych. Je\u015bli w odniesieniu do okre\u015blonych cel\u00f3w zwi\u0105zanych z danymi osobowymi wymagana jest Twoja wyra\u017ana zgoda, b\u0119dziesz musia\u0142 wyrazi\u0107 j\u0105 oddzielnie.<\/p>\n\n\n\n<h2 class=\"wp-block-heading\"><strong>Zautomatyzowane podejmowanie decyzji<\/strong><\/h2>\n\n\n\n<p>Nie wyst\u0119puje zautomatyzowane podejmowanie decyzji.<\/p>\n\n\n\n<h2 class=\"wp-block-heading\"><strong>Okres przechowywania<\/strong><\/h2>\n\n\n\n<p>Dane osobowe przetwarzane przez Magnetar b\u0119d\u0105 przechowywane zgodnie z obowi\u0105zuj\u0105cymi przepisami prawa. Je\u017celi d\u0142u\u017cszy okres przechowywania b\u0119dzie wymagany na podstawie przepis\u00f3w prawa, dane osobowe b\u0119d\u0105 przechowywane odpowiednio d\u0142u\u017cej. Wszystkie dane osobowe (pozyskane) b\u0119d\u0105 przechowywane nie d\u0142u\u017cej, ni\u017c jest to bezwzgl\u0119dnie konieczne.<\/p>\n\n\n\n<h2 class=\"wp-block-heading\"><strong>Przetwarzanie przez podmioty trzecie<\/strong><\/h2>\n\n\n\n<p>Magnetar udost\u0119pnia dane osobowe stronom trzecim wy\u0142\u0105cznie wtedy, gdy jest to bezwzgl\u0119dnie konieczne do wykonania umowy i w celu spe\u0142nienia odpowiednich przepis\u00f3w prawa. Dane osobowe nie s\u0105 sprzedawane. Magnetar mo\u017ce by\u0107 zobowi\u0105zany prawnie do udost\u0119pnienia danych osobowych stronom trzecim. Je\u015bli dane osobowe s\u0105 udost\u0119pniane podmiotom trzecim, zawierane s\u0105 odpowiednie umowy powierzenia przetwarzania danych. Strony trzecie, kt\u00f3rym udost\u0119pniane s\u0105 dane osobowe, to:<\/p>\n\n\n\n<ul class=\"wp-block-list\">\n<li>Zaanga\u017cowana firma kurierska \u2013 w celu realizacji umowy. Kategorie przetwarzanych danych osobowych: dane kontaktowe, imi\u0119 i nazwisko oraz adres.<\/li>\n\n\n\n<li>Dostawca us\u0142ug p\u0142atniczych \u2013 w celu realizacji umowy. Kategorie przetwarzanych danych osobowych: dane finansowe.<\/li>\n\n\n\n<li>Biuro rachunkowe \u2013 w celu realizacji umowy. Kategorie przetwarzanych danych osobowych: dane kontaktowe, imi\u0119 i nazwisko oraz adres, dane finansowe.<\/li>\n\n\n\n<li>Dostawcy oprogramowania \u2013 w celu realizacji umowy. Kategorie przetwarzanych danych osobowych: dane kontaktowe, imi\u0119 i nazwisko oraz adres.<\/li>\n\n\n\n<li>Administrator strony internetowej \u2013 w celu realizacji umowy. Kategorie przetwarzanych danych osobowych: dane kontaktowe, imi\u0119 i nazwisko oraz adres.<\/li>\n\n\n\n<li>Inne zaanga\u017cowane strony trzecie \u2013 w celu realizacji umowy. Kategorie przetwarzanych danych osobowych: dane kontaktowe, imi\u0119 i nazwisko oraz adres.<\/li>\n<\/ul>\n\n\n\n<h2 class=\"wp-block-heading\"><strong>Bezpiecze\u0144stwo danych osobowych<\/strong><\/h2>\n\n\n\n<p>Magnetar traktuje ochron\u0119 Twoich danych osobowych powa\u017cnie i podejmie odpowiednie \u015brodki uwzgl\u0119dniaj\u0105c aktualny stan wiedzy technicznej, koszty wdro\u017cenia, a tak\u017ce charakter, zakres, kontekst i cele przetwarzania oraz ryzyka o r\u00f3\u017cnym stopniu prawdopodobie\u0144stwa i wagi dla praw i wolno\u015bci os\u00f3b fizycznych, wdra\u017caj\u0105c odpowiednie \u015brodki techniczne i organizacyjne zapewniaj\u0105ce poziom bezpiecze\u0144stwa odpowiadaj\u0105cy ryzyku.<\/p>\n\n\n\n<h2 class=\"wp-block-heading\"><strong>Zastrze\u017cenie<\/strong><\/h2>\n\n\n\n<p>Korzystaj\u0105c ze strony internetowej, zgadzasz si\u0119 na niniejsze zastrze\u017cenie. Magnetar zastrzega sobie prawo do zmiany tre\u015bci swojej strony internetowej i\/lub niniejszego zastrze\u017cenia w dowolnym momencie, bez konieczno\u015bci informowania klient\u00f3w i\/lub u\u017cytkownik\u00f3w o takich zmianach. Tre\u015b\u0107 strony zosta\u0142a opracowana z najwy\u017csz\u0105 staranno\u015bci\u0105, ale mo\u017ce mimo to zawiera\u0107 nie\u015bcis\u0142o\u015bci lub by\u0107 niekompletna. Magnetar nie ponosi \u017cadnej odpowiedzialno\u015bci za szkody wynikaj\u0105ce z korzystania ze strony internetowej lub z ni\u0105 zwi\u0105zane. Korzystanie ze strony internetowej odbywa si\u0119 wy\u0142\u0105cznie na koszt i ryzyko u\u017cytkownika. Z tre\u015bci strony internetowej nie mo\u017cna wywodzi\u0107 \u017cadnych praw. Wszystkie teksty na stronie internetowej s\u0105 chronione prawem autorskim i stanowi\u0105 w\u0142asno\u015b\u0107 Magnetar, o ile nie nale\u017c\u0105 do os\u00f3b trzecich.<\/p>\n\n\n\n<h2 class=\"wp-block-heading\"><strong>O\u015bwiadczenie o plikach cookie<\/strong><\/h2>\n\n\n\n<p>Magnetar wykorzystuje techniczne i funkcjonalne pliki cookie w celu optymalizacji swojej strony internetowej. Pliki cookie to ma\u0142e pliki tekstowe wysy\u0142ane podczas odwiedzania strony internetowej, aby poprawi\u0107 do\u015bwiadczenie u\u017cytkownika. Magnetar mo\u017ce zgodnie z prawem przechowywa\u0107 pliki cookie na Twoim urz\u0105dzeniu, je\u015bli s\u0105 one bezwzgl\u0119dnie konieczne do korzystania ze strony. W przypadku innych rodzaj\u00f3w plik\u00f3w cookie wymagana jest Twoja zgoda. Magnetar zaleca akceptacj\u0119 plik\u00f3w cookie w celu poprawy funkcjonalno\u015bci strony internetowej. Odwiedzaj\u0105cy maj\u0105 mo\u017cliwo\u015b\u0107 wyboru. Magnetar u\u017cywa funkcjonalnych plik\u00f3w cookie: zapewniaj\u0105 one prawid\u0142owe dzia\u0142anie strony. Te pliki cookie nie wp\u0142ywaj\u0105 na prywatno\u015b\u0107 osobist\u0105, dlatego nie jest wymagana zgoda. Dzi\u0119ki tym plikom cookie zapisywane s\u0105 np. ustawienia przegl\u0105darki, aby nasza strona by\u0142a wy\u015bwietlana w najlepszy mo\u017cliwy spos\u00f3b lub aby pozosta\u0142a dost\u0119pna (load-balancing). Przy Twojej zgodzie Magnetar umieszcza \u201epliki cookie \u015bledz\u0105ce\u201d na Twoim komputerze. Te pliki cookie s\u0142u\u017c\u0105 do \u015bledzenia odwiedzanych przez Ciebie stron w celu stworzenia profilu Twojego zachowania w sieci. Ten profil nie jest powi\u0105zany z Twoim imieniem, adresem czy adresem e-mail, ale s\u0142u\u017cy do dostosowywania reklam do Twojego profilu. Na stronie Magnetar umieszczane s\u0105 r\u00f3wnie\u017c pliki cookie Google na potrzeby Google Analytics. Oznacza to, \u017ce Magnetar nie mo\u017ce powi\u0105za\u0107 informacji z konkretn\u0105 osob\u0105 fizyczn\u0105. Magnetar nie przechowuje informacji o Twoich dzia\u0142aniach w internecie. Google Analytics mo\u017ce by\u0107 zobowi\u0105zane na podstawie obowi\u0105zuj\u0105cych przepis\u00f3w do udost\u0119pnienia tych danych. W razie pyta\u0144 prosimy o kontakt pod adresem <a>info@magnetarmagnets.com<\/a>.<\/p>\n\n\n\n<h2 class=\"wp-block-heading\"><strong>Korzystanie z medi\u00f3w spo\u0142eczno\u015bciowych<\/strong><\/h2>\n\n\n\n<p>Magnetar korzysta z plik\u00f3w cookie podmiot\u00f3w trzecich w celu optymalizacji swojej strony internetowej. Niekt\u00f3re pliki cookie s\u0105 umieszczane przez us\u0142ugi podmiot\u00f3w trzecich widoczne na stronie. Przez podmioty trzecie rozumie si\u0119 takie firmy jak Google Analytics czy media spo\u0142eczno\u015bciowe (Facebook, Instagram, YouTube). W przypadku plik\u00f3w cookie innych firm obowi\u0105zuje polityka prywatno\u015bci i polityka plik\u00f3w cookie odpowiedniego podmiotu. Po klikni\u0119ciu w przycisk medi\u00f3w spo\u0142eczno\u015bciowych na stronie, zostaje umieszczony plik cookie medi\u00f3w spo\u0142eczno\u015bciowych. Dzi\u0119ki temu dana platforma rozpoznaje Tw\u00f3j adres IP, gdy udost\u0119pniasz artyku\u0142 ze strony. W przypadku plik\u00f3w cookie platform spo\u0142eczno\u015bciowych i danych osobowych, kt\u00f3re zbieraj\u0105, Magnetar odsy\u0142a do polityki prywatno\u015bci tych podmiot\u00f3w.<\/p>\n\n\n\n<h2 class=\"wp-block-heading\"><strong>Newsletter e-mailowy i inne wiadomo\u015bci marketingowe<\/strong><\/h2>\n\n\n\n<p>Mo\u017cesz zapisa\u0107 si\u0119 na newsletter i\/lub inne oferty handlowe za po\u015brednictwem strony internetowej. Podczas rejestracji Magnetar poprosi o Twoj\u0105 zgod\u0119 na przetwarzanie adresu e-mail w celu wysy\u0142ania wiadomo\u015bci marketingowych zawieraj\u0105cych najnowsze informacje o produktach, us\u0142ugach, ofertach specjalnych i kampaniach marketingowych. Otrzymasz wiadomo\u015bci marketingowe wy\u0142\u0105cznie po wyra\u017ceniu zgody. Twoja zgoda obejmuje r\u00f3wnie\u017c personalizacj\u0119 wiadomo\u015bci marketingowych zgodnie z Twoimi potrzebami i zainteresowaniami na podstawie utworzonego dla Ciebie profilu u\u017cytkownika. W ka\u017cdej chwili mo\u017cesz wycofa\u0107 zgod\u0119, klikaj\u0105c \u201eWypisz si\u0119\u201d na ko\u0144cu wiadomo\u015bci marketingowej. Wycofanie zgody nie wp\u0142ywa na zgodno\u015b\u0107 z prawem przetwarzania danych przed cofni\u0119ciem zgody.<\/p>\n\n\n\n<h2 class=\"wp-block-heading\"><strong>Ustawienia przegl\u0105darki<\/strong><\/h2>\n\n\n\n<p>Je\u015bli nie chcesz, aby strony internetowe umieszcza\u0142y pliki cookie na Twoim urz\u0105dzeniu, mo\u017cesz dostosowa\u0107 ustawienia przegl\u0105darki. Przed umieszczeniem pliku cookie otrzymasz ostrze\u017cenie i b\u0119dziesz musia\u0142 wyrazi\u0107 zgod\u0119. Brak zgody mo\u017ce spowodowa\u0107 np. ograniczenie funkcjonalno\u015bci strony. Mo\u017cesz r\u00f3wnie\u017c skonfigurowa\u0107 przegl\u0105dark\u0119, aby blokowa\u0142a wszystkie pliki cookie oraz pliki cookie stron trzecich. Mo\u017cesz r\u00f3wnie\u017c usun\u0105\u0107 zainstalowane pliki cookie. W tym celu musisz zmieni\u0107 ustawienia przegl\u0105darki w sekcji preferencji i dostosowa\u0107 ustawienia prywatno\u015bci. Niniejsza polityka prywatno\u015bci nie dotyczy stron internetowych os\u00f3b trzecich, kt\u00f3re s\u0105 powi\u0105zane z t\u0105 stron\u0105 za pomoc\u0105 link\u00f3w. Magnetar nie mo\u017ce zagwarantowa\u0107, \u017ce te strony trzecie b\u0119d\u0105 post\u0119powa\u0107 z Twoimi danymi osobowymi w spos\u00f3b rzetelny lub bezpieczny. Magnetar zaleca zapoznanie si\u0119 z polityk\u0105 prywatno\u015bci tych stron internetowych przed ich u\u017cyciem.<\/p>\n\n\n\n<h2 class=\"wp-block-heading\"><strong>Prawa os\u00f3b, kt\u00f3rych dane dotycz\u0105<\/strong><\/h2>\n\n\n\n<p>AJako osoba, kt\u00f3rej dane dotycz\u0105, masz nast\u0119puj\u0105ce prawa:<\/p>\n\n\n\n<p><strong>Prawo dost\u0119pu<\/strong><br>Masz prawo do uzyskania informacji, czy Twoje dane osobowe s\u0105 przetwarzane, a je\u015bli tak \u2013 masz prawo do uzyskania dost\u0119pu do tych danych oraz informacji o ich przetwarzaniu.<\/p>\n\n\n\n<p><strong>Prawo do sprostowania<\/strong><br>Masz prawo do sprostowania i uzupe\u0142nienia nieprawid\u0142owych lub niekompletnych danych.<\/p>\n\n\n\n<p><strong>Prawo do usuni\u0119cia danych<\/strong><br>Masz prawo do niezw\u0142ocznego usuni\u0119cia dotycz\u0105cych Ciebie danych osobowych bez zb\u0119dnej zw\u0142oki.<\/p>\n\n\n\n<p><strong>Prawo do ograniczenia przetwarzania<\/strong><br>Masz prawo do \u017c\u0105dania ograniczenia przetwarzania Twoich danych osobowych. Aby to zrobi\u0107, skontaktuj si\u0119 z Magnetar.<\/p>\n\n\n\n<p><strong>Prawo do przenoszenia danych<\/strong><br>Masz prawo do otrzymania swoich danych osobowych, kt\u00f3re przekaza\u0142e\u015b Magnetar, w ustrukturyzowanym, powszechnie u\u017cywanym i mo\u017cliwym do odczytu maszynowego formacie oraz prawo do przekazania tych danych innemu administratorowi. Mo\u017cesz r\u00f3wnie\u017c zleci\u0107 Magnetar przes\u0142anie tych danych bezpo\u015brednio wybranemu podmiotowi trzeciemu.<\/p>\n\n\n\n<p><strong>Prawo do sprzeciwu<\/strong><br>Masz prawo w dowolnym momencie wnie\u015b\u0107 sprzeciw \u2013 z przyczyn zwi\u0105zanych z Twoj\u0105 szczeg\u00f3ln\u0105 sytuacj\u0105 \u2013 wobec przetwarzania Twoich danych osobowych, w tym profilowania na podstawie tych przepis\u00f3w. Magnetar zaprzestanie przetwarzania danych osobowych, chyba \u017ce istniej\u0105 wa\u017cne, prawnie uzasadnione podstawy do przetwarzania, nadrz\u0119dne wobec interes\u00f3w, praw i wolno\u015bci osoby, kt\u00f3rej dane dotycz\u0105, lub podstawy do ustalenia, dochodzenia lub obrony roszcze\u0144.<\/p>\n\n\n\n<h2 class=\"wp-block-heading\"><strong>Skarga<\/strong><\/h2>\n\n\n\n<p>Je\u015bli masz skarg\u0119 dotycz\u0105c\u0105 sposobu, w jaki Magnetar przetwarza Twoje dane osobowe, lub chcesz skorzysta\u0107 z jednego z powy\u017cszych praw, skontaktuj si\u0119 z nami za po\u015brednictwem strony internetowej lub e-mailem na adres: <a>info@magnetarmagnets.com<\/a>. Aby mie\u0107 pewno\u015b\u0107, \u017ce chcesz skorzysta\u0107 z okre\u015blonego prawa, Magnetar poprosi Ci\u0119 o przes\u0142anie kopii dowodu to\u017csamo\u015bci. W celu ochrony prywatno\u015bci mo\u017cesz zaczerni\u0107 zdj\u0119cie paszportowe oraz MRZ (pasek z numerami na dole). Magnetar odpowie na Twoje zg\u0142oszenie mo\u017cliwie najszybciej, jednak nie p\u00f3\u017aniej ni\u017c w ci\u0105gu 4 tygodni. Mo\u017cesz r\u00f3wnie\u017c z\u0142o\u017cy\u0107 skarg\u0119 do organu nadzorczego \u2013 Holenderskiego Urz\u0119du ds. Danych Osobowych (Autoriteit Persoonsgegevens). Mo\u017cesz skontaktowa\u0107 si\u0119 z nim za pomoc\u0105 tego linku:<\/p>\n\n\n\n<h2 class=\"wp-block-heading\"><strong>Zmiany w o\u015bwiadczeniu o ochronie prywatno\u015bci<\/strong><\/h2>\n\n\n\n<p>Magnetar mo\u017ce w ka\u017cdej chwili zmieni\u0107 swoj\u0105 polityk\u0119 prywatno\u015bci. Najnowsza wersja jest zawsze publikowana na stronie internetowej. Dlatego regularnie sprawdzaj stron\u0119 internetow\u0105, aby zapozna\u0107 si\u0119 z najbardziej aktualn\u0105 wersj\u0105. Je\u017celi nowa polityka prywatno\u015bci b\u0119dzie mie\u0107 wp\u0142yw na spos\u00f3b, w jaki Magnetar przetwarza ju\u017c dotycz\u0105ce Ciebie dane, Magnetar poinformuje Ci\u0119 o tym drog\u0105 e-mailow\u0105.<\/p>\n","protected":false},"excerpt":{"rendered":"<p>Ostatnia aktualizacja: 19 listopada 2021 To jest o\u015bwiadczenie o prywatno\u015bci firmy Magnetar US, Inc., dalej: Magnetar. W niniejszym dokumencie wyja\u015bniamy, w jaki spos\u00f3b Magnetar przetwarza Twoje dane osobowe. Podczas przetwarzania Twoich danych osobowych Magnetar dochowa najwy\u017cszej mo\u017cliwej staranno\u015bci. Pozyskiwanie danych osobowych Korzystaj\u0105c z us\u0142ug Magnetar, samodzielnie przekazujesz Magnetar r\u00f3\u017cne dane osobowe lub Twoje dane osobowe [&hellip;]<\/p>\n","protected":false},"author":1,"featured_media":0,"parent":0,"menu_order":0,"comment_status":"open","ping_status":"open","template":"","meta":{"_acf_changed":false,"inline_featured_image":false,"footnotes":""},"class_list":["post-82903","page","type-page","status-publish","hentry"],"acf":[],"yoast_head":"<!-- This site is optimized with the Yoast SEO plugin v27.4 - https:\/\/yoast.com\/product\/yoast-seo-wordpress\/ -->\n<title>Polityka prywatno\u015bci - Magnet fishing with a Magnetar fishing magnet<\/title>\n<meta name=\"robots\" content=\"noindex, nofollow\" \/>\n<meta property=\"og:locale\" content=\"pl_PL\" \/>\n<meta property=\"og:type\" content=\"article\" \/>\n<meta property=\"og:title\" content=\"Polityka prywatno\u015bci - Magnet fishing with a Magnetar fishing magnet\" \/>\n<meta property=\"og:description\" content=\"Ostatnia aktualizacja: 19 listopada 2021 To jest o\u015bwiadczenie o prywatno\u015bci firmy Magnetar US, Inc., dalej: Magnetar. W niniejszym dokumencie wyja\u015bniamy, w jaki spos\u00f3b Magnetar przetwarza Twoje dane osobowe. Podczas przetwarzania Twoich danych osobowych Magnetar dochowa najwy\u017cszej mo\u017cliwej staranno\u015bci. Pozyskiwanie danych osobowych Korzystaj\u0105c z us\u0142ug Magnetar, samodzielnie przekazujesz Magnetar r\u00f3\u017cne dane osobowe lub Twoje dane osobowe [&hellip;]\" \/>\n<meta property=\"og:url\" content=\"https:\/\/magnetarmagnets.com\/pl\/polityka-prywatnosci\/\" \/>\n<meta property=\"og:site_name\" content=\"Magnet fishing with a Magnetar fishing magnet\" \/>\n<meta property=\"article:publisher\" content=\"https:\/\/www.facebook.com\/fishingmagnets\/\" \/>\n<meta property=\"article:modified_time\" content=\"2025-07-15T14:22:45+00:00\" \/>\n<meta property=\"og:image\" content=\"https:\/\/magnetarmagnets.com\/wp-content\/uploads\/2025\/05\/Logo-03_PNG-Black-scaled.png\" \/>\n\t<meta property=\"og:image:width\" content=\"2560\" \/>\n\t<meta property=\"og:image:height\" content=\"1658\" \/>\n\t<meta property=\"og:image:type\" content=\"image\/png\" \/>\n<meta name=\"twitter:card\" content=\"summary_large_image\" \/>\n<meta name=\"twitter:label1\" content=\"Szacowany czas czytania\" \/>\n\t<meta name=\"twitter:data1\" content=\"8 minut\" \/>\n<script type=\"application\/ld+json\" class=\"yoast-schema-graph\">{\"@context\":\"https:\\\/\\\/schema.org\",\"@graph\":[{\"@type\":\"WebPage\",\"@id\":\"https:\\\/\\\/magnetarmagnets.com\\\/pl\\\/polityka-prywatnosci\\\/\",\"url\":\"https:\\\/\\\/magnetarmagnets.com\\\/pl\\\/polityka-prywatnosci\\\/\",\"name\":\"Polityka prywatno\u015bci - Magnet fishing with a Magnetar fishing magnet\",\"isPartOf\":{\"@id\":\"https:\\\/\\\/magnetarmagnets.com\\\/pl\\\/#website\"},\"datePublished\":\"2014-04-08T06:47:46+00:00\",\"dateModified\":\"2025-07-15T14:22:45+00:00\",\"breadcrumb\":{\"@id\":\"https:\\\/\\\/magnetarmagnets.com\\\/pl\\\/polityka-prywatnosci\\\/#breadcrumb\"},\"inLanguage\":\"pl-PL\",\"potentialAction\":[{\"@type\":\"ReadAction\",\"target\":[\"https:\\\/\\\/magnetarmagnets.com\\\/pl\\\/polityka-prywatnosci\\\/\"]}]},{\"@type\":\"BreadcrumbList\",\"@id\":\"https:\\\/\\\/magnetarmagnets.com\\\/pl\\\/polityka-prywatnosci\\\/#breadcrumb\",\"itemListElement\":[{\"@type\":\"ListItem\",\"position\":1,\"name\":\"Home\",\"item\":\"https:\\\/\\\/magnetarmagnets.com\\\/pl\\\/\"},{\"@type\":\"ListItem\",\"position\":2,\"name\":\"Polityka prywatno\u015bci\"}]},{\"@type\":\"WebSite\",\"@id\":\"https:\\\/\\\/magnetarmagnets.com\\\/pl\\\/#website\",\"url\":\"https:\\\/\\\/magnetarmagnets.com\\\/pl\\\/\",\"name\":\"Magnet fishing with a Magnetar fishing magnet\",\"description\":\"Mocne magnesy do po\u0142owu na magnes\",\"publisher\":{\"@id\":\"https:\\\/\\\/magnetarmagnets.com\\\/pl\\\/#organization\"},\"potentialAction\":[{\"@type\":\"SearchAction\",\"target\":{\"@type\":\"EntryPoint\",\"urlTemplate\":\"https:\\\/\\\/magnetarmagnets.com\\\/pl\\\/?s={search_term_string}\"},\"query-input\":{\"@type\":\"PropertyValueSpecification\",\"valueRequired\":true,\"valueName\":\"search_term_string\"}}],\"inLanguage\":\"pl-PL\"},{\"@type\":\"Organization\",\"@id\":\"https:\\\/\\\/magnetarmagnets.com\\\/pl\\\/#organization\",\"name\":\"Magnetar\",\"url\":\"https:\\\/\\\/magnetarmagnets.com\\\/pl\\\/\",\"logo\":{\"@type\":\"ImageObject\",\"inLanguage\":\"pl-PL\",\"@id\":\"https:\\\/\\\/magnetarmagnets.com\\\/pl\\\/#\\\/schema\\\/logo\\\/image\\\/\",\"url\":\"https:\\\/\\\/magnetarmagnets.com\\\/wp-content\\\/uploads\\\/2025\\\/05\\\/Logo-03_PNG-Black-scaled.png\",\"contentUrl\":\"https:\\\/\\\/magnetarmagnets.com\\\/wp-content\\\/uploads\\\/2025\\\/05\\\/Logo-03_PNG-Black-scaled.png\",\"width\":2560,\"height\":1658,\"caption\":\"Magnetar\"},\"image\":{\"@id\":\"https:\\\/\\\/magnetarmagnets.com\\\/pl\\\/#\\\/schema\\\/logo\\\/image\\\/\"},\"sameAs\":[\"https:\\\/\\\/www.facebook.com\\\/fishingmagnets\\\/\",\"https:\\\/\\\/www.instagram.com\\\/magnetar_magnets\\\/\",\"https:\\\/\\\/www.linkedin.com\\\/company\\\/magnetarbv\\\/?originalSubdomain=nl\",\"https:\\\/\\\/www.youtube.com\\\/c\\\/MagnetarVismagneet\"]}]}<\/script>\n<!-- \/ Yoast SEO plugin. -->","yoast_head_json":{"title":"Polityka prywatno\u015bci - Magnet fishing with a Magnetar fishing magnet","robots":{"index":"noindex","follow":"nofollow"},"og_locale":"pl_PL","og_type":"article","og_title":"Polityka prywatno\u015bci - Magnet fishing with a Magnetar fishing magnet","og_description":"Ostatnia aktualizacja: 19 listopada 2021 To jest o\u015bwiadczenie o prywatno\u015bci firmy Magnetar US, Inc., dalej: Magnetar. W niniejszym dokumencie wyja\u015bniamy, w jaki spos\u00f3b Magnetar przetwarza Twoje dane osobowe. Podczas przetwarzania Twoich danych osobowych Magnetar dochowa najwy\u017cszej mo\u017cliwej staranno\u015bci. Pozyskiwanie danych osobowych Korzystaj\u0105c z us\u0142ug Magnetar, samodzielnie przekazujesz Magnetar r\u00f3\u017cne dane osobowe lub Twoje dane osobowe [&hellip;]","og_url":"https:\/\/magnetarmagnets.com\/pl\/polityka-prywatnosci\/","og_site_name":"Magnet fishing with a Magnetar fishing magnet","article_publisher":"https:\/\/www.facebook.com\/fishingmagnets\/","article_modified_time":"2025-07-15T14:22:45+00:00","og_image":[{"width":2560,"height":1658,"url":"https:\/\/magnetarmagnets.com\/wp-content\/uploads\/2025\/05\/Logo-03_PNG-Black-scaled.png","type":"image\/png"}],"twitter_card":"summary_large_image","twitter_misc":{"Szacowany czas czytania":"8 minut"},"schema":{"@context":"https:\/\/schema.org","@graph":[{"@type":"WebPage","@id":"https:\/\/magnetarmagnets.com\/pl\/polityka-prywatnosci\/","url":"https:\/\/magnetarmagnets.com\/pl\/polityka-prywatnosci\/","name":"Polityka prywatno\u015bci - Magnet fishing with a Magnetar fishing magnet","isPartOf":{"@id":"https:\/\/magnetarmagnets.com\/pl\/#website"},"datePublished":"2014-04-08T06:47:46+00:00","dateModified":"2025-07-15T14:22:45+00:00","breadcrumb":{"@id":"https:\/\/magnetarmagnets.com\/pl\/polityka-prywatnosci\/#breadcrumb"},"inLanguage":"pl-PL","potentialAction":[{"@type":"ReadAction","target":["https:\/\/magnetarmagnets.com\/pl\/polityka-prywatnosci\/"]}]},{"@type":"BreadcrumbList","@id":"https:\/\/magnetarmagnets.com\/pl\/polityka-prywatnosci\/#breadcrumb","itemListElement":[{"@type":"ListItem","position":1,"name":"Home","item":"https:\/\/magnetarmagnets.com\/pl\/"},{"@type":"ListItem","position":2,"name":"Polityka prywatno\u015bci"}]},{"@type":"WebSite","@id":"https:\/\/magnetarmagnets.com\/pl\/#website","url":"https:\/\/magnetarmagnets.com\/pl\/","name":"Magnet fishing with a Magnetar fishing magnet","description":"Mocne magnesy do po\u0142owu na magnes","publisher":{"@id":"https:\/\/magnetarmagnets.com\/pl\/#organization"},"potentialAction":[{"@type":"SearchAction","target":{"@type":"EntryPoint","urlTemplate":"https:\/\/magnetarmagnets.com\/pl\/?s={search_term_string}"},"query-input":{"@type":"PropertyValueSpecification","valueRequired":true,"valueName":"search_term_string"}}],"inLanguage":"pl-PL"},{"@type":"Organization","@id":"https:\/\/magnetarmagnets.com\/pl\/#organization","name":"Magnetar","url":"https:\/\/magnetarmagnets.com\/pl\/","logo":{"@type":"ImageObject","inLanguage":"pl-PL","@id":"https:\/\/magnetarmagnets.com\/pl\/#\/schema\/logo\/image\/","url":"https:\/\/magnetarmagnets.com\/wp-content\/uploads\/2025\/05\/Logo-03_PNG-Black-scaled.png","contentUrl":"https:\/\/magnetarmagnets.com\/wp-content\/uploads\/2025\/05\/Logo-03_PNG-Black-scaled.png","width":2560,"height":1658,"caption":"Magnetar"},"image":{"@id":"https:\/\/magnetarmagnets.com\/pl\/#\/schema\/logo\/image\/"},"sameAs":["https:\/\/www.facebook.com\/fishingmagnets\/","https:\/\/www.instagram.com\/magnetar_magnets\/","https:\/\/www.linkedin.com\/company\/magnetarbv\/?originalSubdomain=nl","https:\/\/www.youtube.com\/c\/MagnetarVismagneet"]}]}},"_links":{"self":[{"href":"https:\/\/magnetarmagnets.com\/pl\/wp-json\/wp\/v2\/pages\/82903","targetHints":{"allow":["GET"]}}],"collection":[{"href":"https:\/\/magnetarmagnets.com\/pl\/wp-json\/wp\/v2\/pages"}],"about":[{"href":"https:\/\/magnetarmagnets.com\/pl\/wp-json\/wp\/v2\/types\/page"}],"author":[{"embeddable":true,"href":"https:\/\/magnetarmagnets.com\/pl\/wp-json\/wp\/v2\/users\/1"}],"replies":[{"embeddable":true,"href":"https:\/\/magnetarmagnets.com\/pl\/wp-json\/wp\/v2\/comments?post=82903"}],"version-history":[{"count":0,"href":"https:\/\/magnetarmagnets.com\/pl\/wp-json\/wp\/v2\/pages\/82903\/revisions"}],"wp:attachment":[{"href":"https:\/\/magnetarmagnets.com\/pl\/wp-json\/wp\/v2\/media?parent=82903"}],"curies":[{"name":"wp","href":"https:\/\/api.w.org\/{rel}","templated":true}]}}