{"id":82860,"date":"2018-02-15T19:59:07","date_gmt":"2018-02-15T18:59:07","guid":{"rendered":"https:\/\/magnetarmagnets.com\/o-nas\/"},"modified":"2025-07-15T11:13:04","modified_gmt":"2025-07-15T09:13:04","slug":"o-nas","status":"publish","type":"page","link":"https:\/\/magnetarmagnets.com\/pl\/o-nas\/","title":{"rendered":"O nas"},"content":{"rendered":"\n<p>Od ponad 10 lat nasza rodzinna firma sprzedaje magnesy do \u0142owienia magnesem osobom, kt\u00f3re kochaj\u0105 to hobby tak samo jak my. <\/p>\n<div class=\"wp-block-image\">\n<figure class=\"aligncenter size-large\"><img fetchpriority=\"high\" decoding=\"async\" width=\"1024\" height=\"576\" src=\"https:\/\/magnetarmagnets.com\/wp-content\/uploads\/2023\/10\/magnetar-team-1024x576.jpg\" alt=\"\" class=\"wp-image-58869\" srcset=\"https:\/\/magnetarmagnets.com\/wp-content\/uploads\/2023\/10\/magnetar-team-1024x576.jpg 1024w, https:\/\/magnetarmagnets.com\/wp-content\/uploads\/2023\/10\/magnetar-team-300x169.jpg 300w, https:\/\/magnetarmagnets.com\/wp-content\/uploads\/2023\/10\/magnetar-team-768x432.jpg 768w, https:\/\/magnetarmagnets.com\/wp-content\/uploads\/2023\/10\/magnetar-team-800x450.jpg 800w, https:\/\/magnetarmagnets.com\/wp-content\/uploads\/2023\/10\/magnetar-team.jpg 1280w\" sizes=\"(max-width: 1024px) 100vw, 1024px\" \/><\/figure>\n<\/div>\n<p>Nasz za\u0142o\u017cyciel Reinout Volkers od zawsze kocha\u0142 magnesy do \u0142owienia, odk\u0105d mia\u0142 16 lat. Podczas studi\u00f3w z zakresu Ma\u0142ej Przedsi\u0119biorczo\u015bci i Zarz\u0105dzania Sprzeda\u017c\u0105 rozpocz\u0105\u0142 dzia\u0142alno\u015b\u0107 Magnetar w szopie swoich rodzic\u00f3w z marzeniem, aby zamieni\u0107 swoj\u0105 pasj\u0119 w zaw\u00f3d. Oferuj\u0105c w\u0119dkarzom magnesowym najlepsze i najbardziej skuteczne produkty na rynku, jego firma sprzeda\u0142a ponad 20 000 magnes\u00f3w w ponad 50 krajach, posiadaj\u0105c lokalnych dealer\u00f3w na ca\u0142ym \u015bwiecie. Magnetar jest wiod\u0105cym dostawc\u0105 magnes\u00f3w do \u0142owienia w Europie i teraz wysy\u0142a r\u00f3wnie\u017c do Ameryki P\u00f3\u0142nocnej!    <\/p>\n\n<p>Wiemy, \u017ce koszty wysy\u0142ki mog\u0105 by\u0107 nieoczekiwane. Oferujemy darmow\u0105 wysy\u0142k\u0119 do wybranych kraj\u00f3w oraz 30-dniowy okres zwrotu dla wszystkich naszych klient\u00f3w. Niezale\u017cnie od tego, czy masz pytanie dotycz\u0105ce naszych produkt\u00f3w, us\u0142ug czy dostawy \u2013 zawsze ch\u0119tnie pomo\u017cemy! Aby uzyska\u0107 informacje lub podzieli\u0107 si\u0119 swoimi znaleziskami, skontaktuj si\u0119 z nami pod adresem info@magnetarmagnets.com.   <\/p>\n\n<h2 class=\"wp-block-heading\">Nasz zesp\u00f3\u0142<\/h2>\n\n<p>Magnetar powsta\u0142 z celem dostarczania pasjonatom najwy\u017cszej jako\u015bci magnes\u00f3w do \u0142owienia, akcesori\u00f3w i obs\u0142ugi. Chcemy, aby\u015b mia\u0142 najlepsze do\u015bwiadczenia z naszymi produktami, dlatego przez lata pracowali\u015bmy nad innowacjami, projektowaniem i produkcj\u0105 mocnych, silnych magnes\u00f3w neodymowych 360\u00ba. Jeste\u015bmy pe\u0142nym pasji i zaanga\u017cowania zespo\u0142em 5 os\u00f3b, kt\u00f3re kochaj\u0105 \u0142owienie magnesem \u2013 i mamy nadziej\u0119, \u017ce nowo narodzony Jurre, syn Reinouta i Annelies, r\u00f3wnie\u017c pokocha to hobby! Z niecierpliwo\u015bci\u0105 czekamy na wiadomo\u015bci od naszych klient\u00f3w o tym, co znajduj\u0105 przy pomocy magnes\u00f3w Magnetar.   <\/p>\n\n<div id=\"text-image-block_02a9036eec12abbf576fa6671dfb2c7d\" class=\"block text-image\">\n\t\t\n\n\t<section class=\"text_image align_left bgr_nobgr\" >\n\t\t<div class=\"container-fluid\">\n\t\t\t<div class=\"row\">\n\t\t\t\t<div class=\"col-md-6 col_content\">\n\t\t\t\t\t\t\t\t\t\t\t<div class=\"small_top_title\">\n\t\t\t\t\t\t\tMaurice\t\t\t\t\t\t<\/div>\n\t\t\t\t\t\t\t\t\t\t\t\t\t\t\t\t\t\t\t\t\t<div class=\"text\" style=\"color:#000000\">\n\t\t\t\t\t\t\t<p style=\"text-align: left\">B\u0119d\u0119 pakowa\u0107 i sprawdza\u0107 Twoje zam\u00f3wienie. W ten spos\u00f3b otrzymasz dok\u0142adnie to, co zam\u00f3wi\u0142e\u015b, i to na czas. Za kulisami zawsze jestem gotowy, aby pom\u00f3c klientom, i robi\u0119 to z wielk\u0105 dum\u0105! Czy zobacz\u0119 wkr\u00f3tce Twoje zam\u00f3wienie?   <\/p>\n\t\t\t\t\t\t<\/div>\n\t\t\t\t\t\t\n\t\t\t\t\t\t\t\t\t\n\t\t\t\t<\/div>\n\t\t\t\t\t\t\t\t\t\t\t\t\t\t\t<div class=\"col-md-6 col_image image_not_bgr\" >\n\t\t\t\t\t\t\t<div class=\"text_image_wrap\">\t\t\t\t\t\t\n\t\t\t\t\t\t\t\t<img decoding=\"async\" src=\"https:\/\/magnetarmagnets.com\/wp-content\/uploads\/2023\/10\/magnetar-team-maurice.jpg\" alt=\"\" \/>\n\t\t\t\t\t\t\t<\/div>\n\t\t\t\t\t\t<\/div>\n\t\t\t\t\t\t\t\t\t\t\t\t<\/div>\n\t\t<\/div>\n\t<\/section>\n<\/div>\n<div id=\"text-image-block_42508ec06b15cab9b978ea5db1609031\" class=\"block text-image\">\n\t\t\n\n\t<section class=\"text_image align_right bgr_nobgr\" >\n\t\t<div class=\"container-fluid\">\n\t\t\t<div class=\"row\">\n\t\t\t\t<div class=\"col-md-6 col_content\">\n\t\t\t\t\t\t\t\t\t\t\t<div class=\"small_top_title\">\n\t\t\t\t\t\t\tDennis\t\t\t\t\t\t<\/div>\n\t\t\t\t\t\t\t\t\t\t\t\t\t\t\t\t\t\t\t\t\t<div class=\"text\" style=\"color:#000000\">\n\t\t\t\t\t\t\t<p style=\"text-align: left\">Magnetar sprzedaje produkty na ca\u0142ym \u015bwiecie, a ja skupiam si\u0119 g\u0142\u00f3wnie na Stanach Zjednoczonych i Kanadzie. Je\u015bli jeste\u015b zainteresowany promowaniem Magnetar jako profesjonalista w Stanach Zjednoczonych, skontaktuj si\u0119 ze mn\u0105, a om\u00f3wimy mo\u017cliwo\u015bci! Mo\u017cesz wys\u0142a\u0107 e-mail na adres <a href=\"mailto:dennis@magnetarmagnets.com\" target=\"_new\">dennis@magnetarmagnets.com<\/a>.  <\/p>\n\t\t\t\t\t\t<\/div>\n\t\t\t\t\t\t\n\t\t\t\t\t\t\t\t\t\n\t\t\t\t<\/div>\n\t\t\t\t\t\t\t\t\t\t\t\t\t\t\t<div class=\"col-md-6 col_image image_not_bgr\" >\n\t\t\t\t\t\t\t<div class=\"text_image_wrap\">\t\t\t\t\t\t\n\t\t\t\t\t\t\t\t<img decoding=\"async\" src=\"https:\/\/magnetarmagnets.com\/wp-content\/uploads\/2023\/10\/magnetar-team-dennis.jpg\" alt=\"\" \/>\n\t\t\t\t\t\t\t<\/div>\n\t\t\t\t\t\t<\/div>\n\t\t\t\t\t\t\t\t\t\t\t\t<\/div>\n\t\t<\/div>\n\t<\/section>\n<\/div>\n<div id=\"text-image-block_b9578285875ab458858346fbac0ab3bb\" class=\"block text-image\">\n\t\t\n\n\t<section class=\"text_image align_left bgr_nobgr\" >\n\t\t<div class=\"container-fluid\">\n\t\t\t<div class=\"row\">\n\t\t\t\t<div class=\"col-md-6 col_content\">\n\t\t\t\t\t\t\t\t\t\t\t<div class=\"small_top_title\">\n\t\t\t\t\t\t\tAnnelies\t\t\t\t\t\t<\/div>\n\t\t\t\t\t\t\t\t\t\t\t\t\t\t\t\t\t\t\t\t\t<div class=\"text\" style=\"color:#000000\">\n\t\t\t\t\t\t\t<p>Od kilku lat jestem aktywny w Magnetar. Je\u015bli otrzymasz informacyjnego e-maila lub zobaczysz fajny post w mediach spo\u0142eczno\u015bciowych \u2013 to ja za tym stoj\u0119. Znalaz\u0142e\u015b sam ekscytuj\u0105cy skarb? Daj mi zna\u0107 i wy\u015blij e-mail na adres <a href=\"mailto:info@magnetar.com\" target=\"_new\">info@magnetarmagnets.com.<\/a>   <\/p>\n\t\t\t\t\t\t<\/div>\n\t\t\t\t\t\t\n\t\t\t\t\t\t\t\t\t\n\t\t\t\t<\/div>\n\t\t\t\t\t\t\t\t\t\t\t\t\t\t\t<div class=\"col-md-6 col_image image_not_bgr\" >\n\t\t\t\t\t\t\t<div class=\"text_image_wrap\">\t\t\t\t\t\t\n\t\t\t\t\t\t\t\t<img decoding=\"async\" src=\"https:\/\/magnetarmagnets.com\/wp-content\/uploads\/2023\/10\/magnetar-team-annelies.jpg\" alt=\"\" \/>\n\t\t\t\t\t\t\t<\/div>\n\t\t\t\t\t\t<\/div>\n\t\t\t\t\t\t\t\t\t\t\t\t<\/div>\n\t\t<\/div>\n\t<\/section>\n<\/div>\n<div id=\"text-image-block_b54f38053eebe5c302ac3476c89d8534\" class=\"block text-image\">\n\t\t\n\n\t<section class=\"text_image align_right bgr_nobgr\" >\n\t\t<div class=\"container-fluid\">\n\t\t\t<div class=\"row\">\n\t\t\t\t<div class=\"col-md-6 col_content\">\n\t\t\t\t\t\t\t\t\t\t\t<div class=\"small_top_title\">\n\t\t\t\t\t\t\tReinout\t\t\t\t\t\t<\/div>\n\t\t\t\t\t\t\t\t\t\t\t\t\t\t\t\t\t\t\t\t\t<div class=\"text\" style=\"color:#000000\">\n\t\t\t\t\t\t\t<p>Z dum\u0105 kilka lat temu za\u0142o\u017cy\u0142em Magnetar. Do dzi\u015b ka\u017cdego ranka z wielk\u0105 przyjemno\u015bci\u0105 wstaj\u0119, aby Ci s\u0142u\u017cy\u0107 i dostarcza\u0107 najlepsze magnesy do \u0142owienia i akcesoria. Pasja do hobby, jakim jest \u0142owienie magnesem, oraz do wszystkich klient\u00f3w! Masz do mnie pytanie lub chcesz wsp\u00f3\u0142pracowa\u0107? Wy\u015blij e-mail na adres <a href=\"reinout@magnetarmagnets.com\" target=\"_new\">reinout@magnetarmagnets.com<\/a>.    <\/p>\n\t\t\t\t\t\t<\/div>\n\t\t\t\t\t\t\n\t\t\t\t\t\t\t\t\t\n\t\t\t\t<\/div>\n\t\t\t\t\t\t\t\t\t\t\t\t\t\t\t<div class=\"col-md-6 col_image image_not_bgr\" >\n\t\t\t\t\t\t\t<div class=\"text_image_wrap\">\t\t\t\t\t\t\n\t\t\t\t\t\t\t\t<img decoding=\"async\" src=\"https:\/\/magnetarmagnets.com\/wp-content\/uploads\/2023\/10\/magnetar-team-reinout.jpg\" alt=\"\" \/>\n\t\t\t\t\t\t\t<\/div>\n\t\t\t\t\t\t<\/div>\n\t\t\t\t\t\t\t\t\t\t\t\t<\/div>\n\t\t<\/div>\n\t<\/section>\n<\/div>\n<p><\/p>\n\n<p>Masz pytania dotycz\u0105ce \u0142owienia magnesem lub swojego zam\u00f3wienia? Nasz kolega Peter jest tutaj, aby pom\u00f3c! Mo\u017cesz przes\u0142a\u0107 swoje pytania na adres <a href=\"mailto:info@magnetarmagnets.com\">info@magnetarmagnets.com<\/a>, a on udzieli Ci odpowiedzi tak szybko, jak to mo\u017cliwe.  <\/p>\n\n<h2 class=\"wp-block-heading\">Nasi klienci<\/h2>\n\n<figure class=\"wp-block-pullquote\"><blockquote><p>Marc (36): \u201eNajpierw kupi\u0142em ta\u0144sze magnesy gdzie indziej. P\u00f3\u017aniej magnes Magnetar\u2026 jaka wielka r\u00f3\u017cnica! Znacznie wi\u0119cej zdobyczy! Magnes zarobi\u0142 na siebie nie raz dzi\u0119ki z\u0142omowi i specjalnym znaleziskom. Niesamowita jako\u015b\u0107!\u201d    <\/p><\/blockquote><\/figure>\n\n<figure class=\"wp-block-pullquote\"><blockquote><p>Fred: \u201e\u015awietny sprz\u0119t, szybka dostawa i us\u0142uga na najwy\u017cszym poziomie! M\u00f3wi\u0119 po prostu: bez dobrego sprz\u0119tu nie da si\u0119 nic zrobi\u0107!\u201d<\/p><\/blockquote><\/figure>\n\n<figure class=\"wp-block-pullquote\"><blockquote><p>Gerard: \u201eCo za \u015bwietna obs\u0142uga! \u015awietna pomoc i jasne wyja\u015bnienia! Kto\u015b, kto powa\u017cnie traktuje swoj\u0105 prac\u0119\/hobby. Na pewno wr\u00f3cimy.\u201d<\/p><\/blockquote><\/figure>\n","protected":false},"excerpt":{"rendered":"<p>Od ponad 10 lat nasza rodzinna firma sprzedaje magnesy do \u0142owienia magnesem osobom, kt\u00f3re kochaj\u0105 to hobby tak samo jak my. Nasz za\u0142o\u017cyciel Reinout Volkers od zawsze kocha\u0142 magnesy do \u0142owienia, odk\u0105d mia\u0142 16 lat. Podczas studi\u00f3w z zakresu Ma\u0142ej Przedsi\u0119biorczo\u015bci i Zarz\u0105dzania Sprzeda\u017c\u0105 rozpocz\u0105\u0142 dzia\u0142alno\u015b\u0107 Magnetar w szopie swoich rodzic\u00f3w z marzeniem, aby zamieni\u0107 [&hellip;]<\/p>\n","protected":false},"author":1,"featured_media":0,"parent":0,"menu_order":0,"comment_status":"open","ping_status":"open","template":"","meta":{"_acf_changed":false,"inline_featured_image":false,"footnotes":""},"class_list":["post-82860","page","type-page","status-publish","hentry"],"acf":[],"yoast_head":"<!-- This site is optimized with the Yoast SEO plugin v27.4 - https:\/\/yoast.com\/product\/yoast-seo-wordpress\/ -->\n<title>O nas | Rodzina Magnetar<\/title>\n<meta name=\"robots\" content=\"index, follow, max-snippet:-1, max-image-preview:large, max-video-preview:-1\" \/>\n<link rel=\"canonical\" href=\"https:\/\/magnetarmagnets.com\/pl\/o-nas\/\" \/>\n<meta property=\"og:locale\" content=\"pl_PL\" \/>\n<meta property=\"og:type\" content=\"article\" \/>\n<meta property=\"og:title\" content=\"O nas | Rodzina Magnetar\" \/>\n<meta property=\"og:description\" content=\"Od ponad 10 lat nasza rodzinna firma sprzedaje magnesy do \u0142owienia magnesem osobom, kt\u00f3re kochaj\u0105 to hobby tak samo jak my. Nasz za\u0142o\u017cyciel Reinout Volkers od zawsze kocha\u0142 magnesy do \u0142owienia, odk\u0105d mia\u0142 16 lat. Podczas studi\u00f3w z zakresu Ma\u0142ej Przedsi\u0119biorczo\u015bci i Zarz\u0105dzania Sprzeda\u017c\u0105 rozpocz\u0105\u0142 dzia\u0142alno\u015b\u0107 Magnetar w szopie swoich rodzic\u00f3w z marzeniem, aby zamieni\u0107 [&hellip;]\" \/>\n<meta property=\"og:url\" content=\"https:\/\/magnetarmagnets.com\/pl\/o-nas\/\" \/>\n<meta property=\"og:site_name\" content=\"Magnet fishing with a Magnetar fishing magnet\" \/>\n<meta property=\"article:publisher\" content=\"https:\/\/www.facebook.com\/fishingmagnets\/\" \/>\n<meta property=\"article:modified_time\" content=\"2025-07-15T09:13:04+00:00\" \/>\n<meta property=\"og:image\" content=\"https:\/\/magnetarmagnets.com\/wp-content\/uploads\/2023\/10\/magnetar-team.jpg\" \/>\n\t<meta property=\"og:image:width\" content=\"1280\" \/>\n\t<meta property=\"og:image:height\" content=\"720\" \/>\n\t<meta property=\"og:image:type\" content=\"image\/jpeg\" \/>\n<meta name=\"twitter:card\" content=\"summary_large_image\" \/>\n<meta name=\"twitter:label1\" content=\"Szacowany czas czytania\" \/>\n\t<meta name=\"twitter:data1\" content=\"2 minuty\" \/>\n<script type=\"application\/ld+json\" class=\"yoast-schema-graph\">{\"@context\":\"https:\\\/\\\/schema.org\",\"@graph\":[{\"@type\":\"WebPage\",\"@id\":\"https:\\\/\\\/magnetarmagnets.com\\\/pl\\\/o-nas\\\/\",\"url\":\"https:\\\/\\\/magnetarmagnets.com\\\/pl\\\/o-nas\\\/\",\"name\":\"O nas | Rodzina Magnetar\",\"isPartOf\":{\"@id\":\"https:\\\/\\\/magnetarmagnets.com\\\/pl\\\/#website\"},\"primaryImageOfPage\":{\"@id\":\"https:\\\/\\\/magnetarmagnets.com\\\/pl\\\/o-nas\\\/#primaryimage\"},\"image\":{\"@id\":\"https:\\\/\\\/magnetarmagnets.com\\\/pl\\\/o-nas\\\/#primaryimage\"},\"thumbnailUrl\":\"https:\\\/\\\/magnetarmagnets.com\\\/wp-content\\\/uploads\\\/2023\\\/10\\\/magnetar-team-1024x576.jpg\",\"datePublished\":\"2018-02-15T18:59:07+00:00\",\"dateModified\":\"2025-07-15T09:13:04+00:00\",\"breadcrumb\":{\"@id\":\"https:\\\/\\\/magnetarmagnets.com\\\/pl\\\/o-nas\\\/#breadcrumb\"},\"inLanguage\":\"pl-PL\",\"potentialAction\":[{\"@type\":\"ReadAction\",\"target\":[\"https:\\\/\\\/magnetarmagnets.com\\\/pl\\\/o-nas\\\/\"]}]},{\"@type\":\"ImageObject\",\"inLanguage\":\"pl-PL\",\"@id\":\"https:\\\/\\\/magnetarmagnets.com\\\/pl\\\/o-nas\\\/#primaryimage\",\"url\":\"https:\\\/\\\/magnetarmagnets.com\\\/wp-content\\\/uploads\\\/2023\\\/10\\\/magnetar-team-1024x576.jpg\",\"contentUrl\":\"https:\\\/\\\/magnetarmagnets.com\\\/wp-content\\\/uploads\\\/2023\\\/10\\\/magnetar-team-1024x576.jpg\"},{\"@type\":\"BreadcrumbList\",\"@id\":\"https:\\\/\\\/magnetarmagnets.com\\\/pl\\\/o-nas\\\/#breadcrumb\",\"itemListElement\":[{\"@type\":\"ListItem\",\"position\":1,\"name\":\"Home\",\"item\":\"https:\\\/\\\/magnetarmagnets.com\\\/pl\\\/\"},{\"@type\":\"ListItem\",\"position\":2,\"name\":\"O nas\"}]},{\"@type\":\"WebSite\",\"@id\":\"https:\\\/\\\/magnetarmagnets.com\\\/pl\\\/#website\",\"url\":\"https:\\\/\\\/magnetarmagnets.com\\\/pl\\\/\",\"name\":\"Magnet fishing with a Magnetar fishing magnet\",\"description\":\"Mocne magnesy do po\u0142owu na magnes\",\"publisher\":{\"@id\":\"https:\\\/\\\/magnetarmagnets.com\\\/pl\\\/#organization\"},\"potentialAction\":[{\"@type\":\"SearchAction\",\"target\":{\"@type\":\"EntryPoint\",\"urlTemplate\":\"https:\\\/\\\/magnetarmagnets.com\\\/pl\\\/?s={search_term_string}\"},\"query-input\":{\"@type\":\"PropertyValueSpecification\",\"valueRequired\":true,\"valueName\":\"search_term_string\"}}],\"inLanguage\":\"pl-PL\"},{\"@type\":\"Organization\",\"@id\":\"https:\\\/\\\/magnetarmagnets.com\\\/pl\\\/#organization\",\"name\":\"Magnetar\",\"url\":\"https:\\\/\\\/magnetarmagnets.com\\\/pl\\\/\",\"logo\":{\"@type\":\"ImageObject\",\"inLanguage\":\"pl-PL\",\"@id\":\"https:\\\/\\\/magnetarmagnets.com\\\/pl\\\/#\\\/schema\\\/logo\\\/image\\\/\",\"url\":\"https:\\\/\\\/magnetarmagnets.com\\\/wp-content\\\/uploads\\\/2025\\\/05\\\/Logo-03_PNG-Black-scaled.png\",\"contentUrl\":\"https:\\\/\\\/magnetarmagnets.com\\\/wp-content\\\/uploads\\\/2025\\\/05\\\/Logo-03_PNG-Black-scaled.png\",\"width\":2560,\"height\":1658,\"caption\":\"Magnetar\"},\"image\":{\"@id\":\"https:\\\/\\\/magnetarmagnets.com\\\/pl\\\/#\\\/schema\\\/logo\\\/image\\\/\"},\"sameAs\":[\"https:\\\/\\\/www.facebook.com\\\/fishingmagnets\\\/\",\"https:\\\/\\\/www.instagram.com\\\/magnetar_magnets\\\/\",\"https:\\\/\\\/www.linkedin.com\\\/company\\\/magnetarbv\\\/?originalSubdomain=nl\",\"https:\\\/\\\/www.youtube.com\\\/c\\\/MagnetarVismagneet\"]}]}<\/script>\n<!-- \/ Yoast SEO plugin. -->","yoast_head_json":{"title":"O nas | Rodzina Magnetar","robots":{"index":"index","follow":"follow","max-snippet":"max-snippet:-1","max-image-preview":"max-image-preview:large","max-video-preview":"max-video-preview:-1"},"canonical":"https:\/\/magnetarmagnets.com\/pl\/o-nas\/","og_locale":"pl_PL","og_type":"article","og_title":"O nas | Rodzina Magnetar","og_description":"Od ponad 10 lat nasza rodzinna firma sprzedaje magnesy do \u0142owienia magnesem osobom, kt\u00f3re kochaj\u0105 to hobby tak samo jak my. Nasz za\u0142o\u017cyciel Reinout Volkers od zawsze kocha\u0142 magnesy do \u0142owienia, odk\u0105d mia\u0142 16 lat. Podczas studi\u00f3w z zakresu Ma\u0142ej Przedsi\u0119biorczo\u015bci i Zarz\u0105dzania Sprzeda\u017c\u0105 rozpocz\u0105\u0142 dzia\u0142alno\u015b\u0107 Magnetar w szopie swoich rodzic\u00f3w z marzeniem, aby zamieni\u0107 [&hellip;]","og_url":"https:\/\/magnetarmagnets.com\/pl\/o-nas\/","og_site_name":"Magnet fishing with a Magnetar fishing magnet","article_publisher":"https:\/\/www.facebook.com\/fishingmagnets\/","article_modified_time":"2025-07-15T09:13:04+00:00","og_image":[{"width":1280,"height":720,"url":"https:\/\/magnetarmagnets.com\/wp-content\/uploads\/2023\/10\/magnetar-team.jpg","type":"image\/jpeg"}],"twitter_card":"summary_large_image","twitter_misc":{"Szacowany czas czytania":"2 minuty"},"schema":{"@context":"https:\/\/schema.org","@graph":[{"@type":"WebPage","@id":"https:\/\/magnetarmagnets.com\/pl\/o-nas\/","url":"https:\/\/magnetarmagnets.com\/pl\/o-nas\/","name":"O nas | Rodzina Magnetar","isPartOf":{"@id":"https:\/\/magnetarmagnets.com\/pl\/#website"},"primaryImageOfPage":{"@id":"https:\/\/magnetarmagnets.com\/pl\/o-nas\/#primaryimage"},"image":{"@id":"https:\/\/magnetarmagnets.com\/pl\/o-nas\/#primaryimage"},"thumbnailUrl":"https:\/\/magnetarmagnets.com\/wp-content\/uploads\/2023\/10\/magnetar-team-1024x576.jpg","datePublished":"2018-02-15T18:59:07+00:00","dateModified":"2025-07-15T09:13:04+00:00","breadcrumb":{"@id":"https:\/\/magnetarmagnets.com\/pl\/o-nas\/#breadcrumb"},"inLanguage":"pl-PL","potentialAction":[{"@type":"ReadAction","target":["https:\/\/magnetarmagnets.com\/pl\/o-nas\/"]}]},{"@type":"ImageObject","inLanguage":"pl-PL","@id":"https:\/\/magnetarmagnets.com\/pl\/o-nas\/#primaryimage","url":"https:\/\/magnetarmagnets.com\/wp-content\/uploads\/2023\/10\/magnetar-team-1024x576.jpg","contentUrl":"https:\/\/magnetarmagnets.com\/wp-content\/uploads\/2023\/10\/magnetar-team-1024x576.jpg"},{"@type":"BreadcrumbList","@id":"https:\/\/magnetarmagnets.com\/pl\/o-nas\/#breadcrumb","itemListElement":[{"@type":"ListItem","position":1,"name":"Home","item":"https:\/\/magnetarmagnets.com\/pl\/"},{"@type":"ListItem","position":2,"name":"O nas"}]},{"@type":"WebSite","@id":"https:\/\/magnetarmagnets.com\/pl\/#website","url":"https:\/\/magnetarmagnets.com\/pl\/","name":"Magnet fishing with a Magnetar fishing magnet","description":"Mocne magnesy do po\u0142owu na magnes","publisher":{"@id":"https:\/\/magnetarmagnets.com\/pl\/#organization"},"potentialAction":[{"@type":"SearchAction","target":{"@type":"EntryPoint","urlTemplate":"https:\/\/magnetarmagnets.com\/pl\/?s={search_term_string}"},"query-input":{"@type":"PropertyValueSpecification","valueRequired":true,"valueName":"search_term_string"}}],"inLanguage":"pl-PL"},{"@type":"Organization","@id":"https:\/\/magnetarmagnets.com\/pl\/#organization","name":"Magnetar","url":"https:\/\/magnetarmagnets.com\/pl\/","logo":{"@type":"ImageObject","inLanguage":"pl-PL","@id":"https:\/\/magnetarmagnets.com\/pl\/#\/schema\/logo\/image\/","url":"https:\/\/magnetarmagnets.com\/wp-content\/uploads\/2025\/05\/Logo-03_PNG-Black-scaled.png","contentUrl":"https:\/\/magnetarmagnets.com\/wp-content\/uploads\/2025\/05\/Logo-03_PNG-Black-scaled.png","width":2560,"height":1658,"caption":"Magnetar"},"image":{"@id":"https:\/\/magnetarmagnets.com\/pl\/#\/schema\/logo\/image\/"},"sameAs":["https:\/\/www.facebook.com\/fishingmagnets\/","https:\/\/www.instagram.com\/magnetar_magnets\/","https:\/\/www.linkedin.com\/company\/magnetarbv\/?originalSubdomain=nl","https:\/\/www.youtube.com\/c\/MagnetarVismagneet"]}]}},"_links":{"self":[{"href":"https:\/\/magnetarmagnets.com\/pl\/wp-json\/wp\/v2\/pages\/82860","targetHints":{"allow":["GET"]}}],"collection":[{"href":"https:\/\/magnetarmagnets.com\/pl\/wp-json\/wp\/v2\/pages"}],"about":[{"href":"https:\/\/magnetarmagnets.com\/pl\/wp-json\/wp\/v2\/types\/page"}],"author":[{"embeddable":true,"href":"https:\/\/magnetarmagnets.com\/pl\/wp-json\/wp\/v2\/users\/1"}],"replies":[{"embeddable":true,"href":"https:\/\/magnetarmagnets.com\/pl\/wp-json\/wp\/v2\/comments?post=82860"}],"version-history":[{"count":0,"href":"https:\/\/magnetarmagnets.com\/pl\/wp-json\/wp\/v2\/pages\/82860\/revisions"}],"wp:attachment":[{"href":"https:\/\/magnetarmagnets.com\/pl\/wp-json\/wp\/v2\/media?parent=82860"}],"curies":[{"name":"wp","href":"https:\/\/api.w.org\/{rel}","templated":true}]}}