{"id":82858,"date":"2014-04-08T08:07:37","date_gmt":"2014-04-08T06:07:37","guid":{"rendered":"https:\/\/magnetarmagnets.com\/polityka-zwrotow\/"},"modified":"2025-07-15T11:15:42","modified_gmt":"2025-07-15T09:15:42","slug":"polityka-zwrotow","status":"publish","type":"page","link":"https:\/\/magnetarmagnets.com\/pl\/polityka-zwrotow\/","title":{"rendered":"Polityka zwrot\u00f3w"},"content":{"rendered":"\n<p>Zam\u00f3wi\u0142e\u015b produkt, ale nie spe\u0142ni\u0142 on Twoich oczekiwa\u0144? Oferujemy mo\u017cliwo\u015b\u0107 zwrotu produkt\u00f3w do 30 dni po otrzymaniu, bez konieczno\u015bci podawania przyczyny. Jedynym wa\u017cnym warunkiem jest to, \u017ce produkt nie by\u0142 u\u017cywany.  <\/p>\n\n<p>Magnetar prosi o do\u0142\u0105czenie (kopii) potwierdzenia zam\u00f3wienia do zwracanego artyku\u0142u. Je\u015bli wszystkie warunki zostan\u0105 spe\u0142nione, pe\u0142na kwota zakupu zostanie zwr\u00f3cona na Twoje konto w ci\u0105gu 10 dni roboczych. <\/p>\n\n<p><strong>&#8211;<\/strong><\/p>\n\n<p>&#8211;<\/p>\n\n<p><strong>Zwroty z Europy nale\u017cy kierowa\u0107 na nast\u0119puj\u0105cy adres:<\/strong><\/p>\n\n<p>Active Ants<br \/>Magnetar Retouren,<br \/>Borchwerf 5,<br \/>4704 RG Roosendaal,<br \/>The Netherlands<\/p>\n\n<h2 class=\"wp-block-heading\"><strong>Prawo do odst\u0105pienia od umowy<\/strong><\/h2>\n\n<p>Masz prawo do odst\u0105pienia od zakupu w ci\u0105gu 30 dni bez podania przyczyny. Okres odst\u0105pienia ko\u0144czy si\u0119 14 dni po dniu, w kt\u00f3rym otrzyma\u0142e\u015b produkty. <\/p>\n\n<p>Mo\u017cesz skorzysta\u0107 z prawa do odst\u0105pienia, informuj\u0105c Magnetar o decyzji o odst\u0105pieniu od zakupu. Mo\u017cna to zrobi\u0107 drog\u0105 mailow\u0105 lub za pomoc\u0105 formularza kontaktowego na naszej stronie internetowej. Dopuszczalne jest u\u017cycie standardowego formularza.  <\/p>\n\n<h2 class=\"wp-block-heading\"><strong>Skutki odst\u0105pienia od umowy<\/strong><\/h2>\n\n<p>Po odst\u0105pieniu od zakupu Magnetar zwraca wszystkie otrzymane od Ciebie p\u0142atno\u015bci, w tym koszty dostawy. Dodatkowe koszty wynikaj\u0105ce z wyboru innej metody dostawy nie zostan\u0105 zwr\u00f3cone. <\/p>\n\n<p>Zwrot zostanie dokonany nie p\u00f3\u017aniej ni\u017c 10 dni po odst\u0105pieniu od zakupu. Zwrot zostanie wykonany przy u\u017cyciu tej samej metody p\u0142atno\u015bci, kt\u00f3rej u\u017cyto przy zakupie. Za ten zwrot nie zostan\u0105 naliczone \u017cadne op\u0142aty. Magnetar zastrzega sobie prawo do wstrzymania zwrotu p\u0142atno\u015bci do momentu otrzymania zwr\u00f3conych towar\u00f3w lub do momentu przedstawienia dowodu ich odes\u0142ania.   <\/p>\n\n<p>Po odst\u0105pieniu produkty powinny zosta\u0107 dostarczone do nas niezw\u0142ocznie i nie p\u00f3\u017aniej ni\u017c w ci\u0105gu 30 dni od zakupu. Warunek ten jest spe\u0142niony, gdy produkty zostan\u0105 wys\u0142ane w ci\u0105gu 30 dni. <\/p>\n\n<p>Koszty przesy\u0142ki zwrotnej ponosisz samodzielnie. Ewentualna utrata warto\u015bci produkt\u00f3w zostanie obci\u0105\u017cona Tob\u0105, je\u015bli wyniknie to z dzia\u0142a\u0144 wykraczaj\u0105cych poza sprawdzenie cech i funkcjonalno\u015bci towar\u00f3w. <a id=\"_msocom_1\"><\/a><\/p>\n\n<h2 class=\"wp-block-heading\"><strong>Warunki szczeg\u00f3lne<\/strong><\/h2>\n\n<p>Je\u015bli finansujesz zakup za pomoc\u0105 po\u017cyczki i wycofasz j\u0105 w p\u00f3\u017aniejszym czasie, nie b\u0119dziesz ju\u017c zwi\u0105zany umow\u0105. Ma to zastosowanie, gdy Magnetar jest Twoim kredytodawc\u0105 lub gdy kredytodawca korzysta\u0142 z wsp\u00f3\u0142pracy Magnetar przy finansowaniu zakupu. <\/p>\n\n<p>Je\u015bli zakup zosta\u0142 skredytowany na nasze konto przed odst\u0105pieniem od umowy, automatycznie wycofujesz si\u0119 z umowy.<\/p>\n\n<p>Je\u015bli nadal masz jakiekolwiek pytania dotycz\u0105ce zwrotu produkt\u00f3w, skontaktuj si\u0119 z nami poprzez <strong><a href=\"https:\/\/magnetarmagnets.com\/contact\/\" target=\"_blank\" rel=\"noreferrer noopener nofollow\">formularz kontaktowy<\/a><\/strong>.<\/p>\n\n<hr class=\"wp-block-separator has-alpha-channel-opacity\" \/>\n","protected":false},"excerpt":{"rendered":"<p>Zam\u00f3wi\u0142e\u015b produkt, ale nie spe\u0142ni\u0142 on Twoich oczekiwa\u0144? Oferujemy mo\u017cliwo\u015b\u0107 zwrotu produkt\u00f3w do 30 dni po otrzymaniu, bez konieczno\u015bci podawania przyczyny. Jedynym wa\u017cnym warunkiem jest to, \u017ce produkt nie by\u0142 u\u017cywany. Magnetar prosi o do\u0142\u0105czenie (kopii) potwierdzenia zam\u00f3wienia do zwracanego artyku\u0142u. Je\u015bli wszystkie warunki zostan\u0105 spe\u0142nione, pe\u0142na kwota zakupu zostanie zwr\u00f3cona na Twoje konto w [&hellip;]<\/p>\n","protected":false},"author":1,"featured_media":0,"parent":0,"menu_order":0,"comment_status":"open","ping_status":"open","template":"","meta":{"_acf_changed":false,"inline_featured_image":false,"footnotes":""},"class_list":["post-82858","page","type-page","status-publish","hentry"],"acf":[],"yoast_head":"<!-- This site is optimized with the Yoast SEO plugin v27.4 - https:\/\/yoast.com\/product\/yoast-seo-wordpress\/ -->\n<title>Polityka zwrot\u00f3w - Magnet fishing with a Magnetar fishing magnet<\/title>\n<meta name=\"robots\" content=\"noindex, nofollow\" \/>\n<meta property=\"og:locale\" content=\"pl_PL\" \/>\n<meta property=\"og:type\" content=\"article\" \/>\n<meta property=\"og:title\" content=\"Polityka zwrot\u00f3w - Magnet fishing with a Magnetar fishing magnet\" \/>\n<meta property=\"og:description\" content=\"Zam\u00f3wi\u0142e\u015b produkt, ale nie spe\u0142ni\u0142 on Twoich oczekiwa\u0144? Oferujemy mo\u017cliwo\u015b\u0107 zwrotu produkt\u00f3w do 30 dni po otrzymaniu, bez konieczno\u015bci podawania przyczyny. Jedynym wa\u017cnym warunkiem jest to, \u017ce produkt nie by\u0142 u\u017cywany. Magnetar prosi o do\u0142\u0105czenie (kopii) potwierdzenia zam\u00f3wienia do zwracanego artyku\u0142u. Je\u015bli wszystkie warunki zostan\u0105 spe\u0142nione, pe\u0142na kwota zakupu zostanie zwr\u00f3cona na Twoje konto w [&hellip;]\" \/>\n<meta property=\"og:url\" content=\"https:\/\/magnetarmagnets.com\/pl\/polityka-zwrotow\/\" \/>\n<meta property=\"og:site_name\" content=\"Magnet fishing with a Magnetar fishing magnet\" \/>\n<meta property=\"article:publisher\" content=\"https:\/\/www.facebook.com\/fishingmagnets\/\" \/>\n<meta property=\"article:modified_time\" content=\"2025-07-15T09:15:42+00:00\" \/>\n<meta property=\"og:image\" content=\"https:\/\/magnetarmagnets.com\/wp-content\/uploads\/2025\/05\/Logo-03_PNG-Black-scaled.png\" \/>\n\t<meta property=\"og:image:width\" content=\"2560\" \/>\n\t<meta property=\"og:image:height\" content=\"1658\" \/>\n\t<meta property=\"og:image:type\" content=\"image\/png\" \/>\n<meta name=\"twitter:card\" content=\"summary_large_image\" \/>\n<meta name=\"twitter:label1\" content=\"Szacowany czas czytania\" \/>\n\t<meta name=\"twitter:data1\" content=\"2 minuty\" \/>\n<script type=\"application\/ld+json\" class=\"yoast-schema-graph\">{\"@context\":\"https:\\\/\\\/schema.org\",\"@graph\":[{\"@type\":\"WebPage\",\"@id\":\"https:\\\/\\\/magnetarmagnets.com\\\/pl\\\/polityka-zwrotow\\\/\",\"url\":\"https:\\\/\\\/magnetarmagnets.com\\\/pl\\\/polityka-zwrotow\\\/\",\"name\":\"Polityka zwrot\u00f3w - Magnet fishing with a Magnetar fishing magnet\",\"isPartOf\":{\"@id\":\"https:\\\/\\\/magnetarmagnets.com\\\/pl\\\/#website\"},\"datePublished\":\"2014-04-08T06:07:37+00:00\",\"dateModified\":\"2025-07-15T09:15:42+00:00\",\"breadcrumb\":{\"@id\":\"https:\\\/\\\/magnetarmagnets.com\\\/pl\\\/polityka-zwrotow\\\/#breadcrumb\"},\"inLanguage\":\"pl-PL\",\"potentialAction\":[{\"@type\":\"ReadAction\",\"target\":[\"https:\\\/\\\/magnetarmagnets.com\\\/pl\\\/polityka-zwrotow\\\/\"]}]},{\"@type\":\"BreadcrumbList\",\"@id\":\"https:\\\/\\\/magnetarmagnets.com\\\/pl\\\/polityka-zwrotow\\\/#breadcrumb\",\"itemListElement\":[{\"@type\":\"ListItem\",\"position\":1,\"name\":\"Home\",\"item\":\"https:\\\/\\\/magnetarmagnets.com\\\/pl\\\/\"},{\"@type\":\"ListItem\",\"position\":2,\"name\":\"Polityka zwrot\u00f3w\"}]},{\"@type\":\"WebSite\",\"@id\":\"https:\\\/\\\/magnetarmagnets.com\\\/pl\\\/#website\",\"url\":\"https:\\\/\\\/magnetarmagnets.com\\\/pl\\\/\",\"name\":\"Magnet fishing with a Magnetar fishing magnet\",\"description\":\"Mocne magnesy do po\u0142owu na magnes\",\"publisher\":{\"@id\":\"https:\\\/\\\/magnetarmagnets.com\\\/pl\\\/#organization\"},\"potentialAction\":[{\"@type\":\"SearchAction\",\"target\":{\"@type\":\"EntryPoint\",\"urlTemplate\":\"https:\\\/\\\/magnetarmagnets.com\\\/pl\\\/?s={search_term_string}\"},\"query-input\":{\"@type\":\"PropertyValueSpecification\",\"valueRequired\":true,\"valueName\":\"search_term_string\"}}],\"inLanguage\":\"pl-PL\"},{\"@type\":\"Organization\",\"@id\":\"https:\\\/\\\/magnetarmagnets.com\\\/pl\\\/#organization\",\"name\":\"Magnetar\",\"url\":\"https:\\\/\\\/magnetarmagnets.com\\\/pl\\\/\",\"logo\":{\"@type\":\"ImageObject\",\"inLanguage\":\"pl-PL\",\"@id\":\"https:\\\/\\\/magnetarmagnets.com\\\/pl\\\/#\\\/schema\\\/logo\\\/image\\\/\",\"url\":\"https:\\\/\\\/magnetarmagnets.com\\\/wp-content\\\/uploads\\\/2025\\\/05\\\/Logo-03_PNG-Black-scaled.png\",\"contentUrl\":\"https:\\\/\\\/magnetarmagnets.com\\\/wp-content\\\/uploads\\\/2025\\\/05\\\/Logo-03_PNG-Black-scaled.png\",\"width\":2560,\"height\":1658,\"caption\":\"Magnetar\"},\"image\":{\"@id\":\"https:\\\/\\\/magnetarmagnets.com\\\/pl\\\/#\\\/schema\\\/logo\\\/image\\\/\"},\"sameAs\":[\"https:\\\/\\\/www.facebook.com\\\/fishingmagnets\\\/\",\"https:\\\/\\\/www.instagram.com\\\/magnetar_magnets\\\/\",\"https:\\\/\\\/www.linkedin.com\\\/company\\\/magnetarbv\\\/?originalSubdomain=nl\",\"https:\\\/\\\/www.youtube.com\\\/c\\\/MagnetarVismagneet\"]}]}<\/script>\n<!-- \/ Yoast SEO plugin. -->","yoast_head_json":{"title":"Polityka zwrot\u00f3w - Magnet fishing with a Magnetar fishing magnet","robots":{"index":"noindex","follow":"nofollow"},"og_locale":"pl_PL","og_type":"article","og_title":"Polityka zwrot\u00f3w - Magnet fishing with a Magnetar fishing magnet","og_description":"Zam\u00f3wi\u0142e\u015b produkt, ale nie spe\u0142ni\u0142 on Twoich oczekiwa\u0144? Oferujemy mo\u017cliwo\u015b\u0107 zwrotu produkt\u00f3w do 30 dni po otrzymaniu, bez konieczno\u015bci podawania przyczyny. Jedynym wa\u017cnym warunkiem jest to, \u017ce produkt nie by\u0142 u\u017cywany. Magnetar prosi o do\u0142\u0105czenie (kopii) potwierdzenia zam\u00f3wienia do zwracanego artyku\u0142u. Je\u015bli wszystkie warunki zostan\u0105 spe\u0142nione, pe\u0142na kwota zakupu zostanie zwr\u00f3cona na Twoje konto w [&hellip;]","og_url":"https:\/\/magnetarmagnets.com\/pl\/polityka-zwrotow\/","og_site_name":"Magnet fishing with a Magnetar fishing magnet","article_publisher":"https:\/\/www.facebook.com\/fishingmagnets\/","article_modified_time":"2025-07-15T09:15:42+00:00","og_image":[{"width":2560,"height":1658,"url":"https:\/\/magnetarmagnets.com\/wp-content\/uploads\/2025\/05\/Logo-03_PNG-Black-scaled.png","type":"image\/png"}],"twitter_card":"summary_large_image","twitter_misc":{"Szacowany czas czytania":"2 minuty"},"schema":{"@context":"https:\/\/schema.org","@graph":[{"@type":"WebPage","@id":"https:\/\/magnetarmagnets.com\/pl\/polityka-zwrotow\/","url":"https:\/\/magnetarmagnets.com\/pl\/polityka-zwrotow\/","name":"Polityka zwrot\u00f3w - Magnet fishing with a Magnetar fishing magnet","isPartOf":{"@id":"https:\/\/magnetarmagnets.com\/pl\/#website"},"datePublished":"2014-04-08T06:07:37+00:00","dateModified":"2025-07-15T09:15:42+00:00","breadcrumb":{"@id":"https:\/\/magnetarmagnets.com\/pl\/polityka-zwrotow\/#breadcrumb"},"inLanguage":"pl-PL","potentialAction":[{"@type":"ReadAction","target":["https:\/\/magnetarmagnets.com\/pl\/polityka-zwrotow\/"]}]},{"@type":"BreadcrumbList","@id":"https:\/\/magnetarmagnets.com\/pl\/polityka-zwrotow\/#breadcrumb","itemListElement":[{"@type":"ListItem","position":1,"name":"Home","item":"https:\/\/magnetarmagnets.com\/pl\/"},{"@type":"ListItem","position":2,"name":"Polityka zwrot\u00f3w"}]},{"@type":"WebSite","@id":"https:\/\/magnetarmagnets.com\/pl\/#website","url":"https:\/\/magnetarmagnets.com\/pl\/","name":"Magnet fishing with a Magnetar fishing magnet","description":"Mocne magnesy do po\u0142owu na magnes","publisher":{"@id":"https:\/\/magnetarmagnets.com\/pl\/#organization"},"potentialAction":[{"@type":"SearchAction","target":{"@type":"EntryPoint","urlTemplate":"https:\/\/magnetarmagnets.com\/pl\/?s={search_term_string}"},"query-input":{"@type":"PropertyValueSpecification","valueRequired":true,"valueName":"search_term_string"}}],"inLanguage":"pl-PL"},{"@type":"Organization","@id":"https:\/\/magnetarmagnets.com\/pl\/#organization","name":"Magnetar","url":"https:\/\/magnetarmagnets.com\/pl\/","logo":{"@type":"ImageObject","inLanguage":"pl-PL","@id":"https:\/\/magnetarmagnets.com\/pl\/#\/schema\/logo\/image\/","url":"https:\/\/magnetarmagnets.com\/wp-content\/uploads\/2025\/05\/Logo-03_PNG-Black-scaled.png","contentUrl":"https:\/\/magnetarmagnets.com\/wp-content\/uploads\/2025\/05\/Logo-03_PNG-Black-scaled.png","width":2560,"height":1658,"caption":"Magnetar"},"image":{"@id":"https:\/\/magnetarmagnets.com\/pl\/#\/schema\/logo\/image\/"},"sameAs":["https:\/\/www.facebook.com\/fishingmagnets\/","https:\/\/www.instagram.com\/magnetar_magnets\/","https:\/\/www.linkedin.com\/company\/magnetarbv\/?originalSubdomain=nl","https:\/\/www.youtube.com\/c\/MagnetarVismagneet"]}]}},"_links":{"self":[{"href":"https:\/\/magnetarmagnets.com\/pl\/wp-json\/wp\/v2\/pages\/82858","targetHints":{"allow":["GET"]}}],"collection":[{"href":"https:\/\/magnetarmagnets.com\/pl\/wp-json\/wp\/v2\/pages"}],"about":[{"href":"https:\/\/magnetarmagnets.com\/pl\/wp-json\/wp\/v2\/types\/page"}],"author":[{"embeddable":true,"href":"https:\/\/magnetarmagnets.com\/pl\/wp-json\/wp\/v2\/users\/1"}],"replies":[{"embeddable":true,"href":"https:\/\/magnetarmagnets.com\/pl\/wp-json\/wp\/v2\/comments?post=82858"}],"version-history":[{"count":0,"href":"https:\/\/magnetarmagnets.com\/pl\/wp-json\/wp\/v2\/pages\/82858\/revisions"}],"wp:attachment":[{"href":"https:\/\/magnetarmagnets.com\/pl\/wp-json\/wp\/v2\/media?parent=82858"}],"curies":[{"name":"wp","href":"https:\/\/api.w.org\/{rel}","templated":true}]}}