{"id":82849,"date":"2014-03-21T18:21:41","date_gmt":"2014-03-21T17:21:41","guid":{"rendered":"https:\/\/magnetarmagnets.com\/blog-o-lowieniu-magnesem\/"},"modified":"2014-03-21T18:21:41","modified_gmt":"2014-03-21T17:21:41","slug":"blog-o-lowieniu-magnesem","status":"publish","type":"page","link":"https:\/\/magnetarmagnets.com\/pl\/blog-o-lowieniu-magnesem\/","title":{"rendered":"Blog o \u0142owieniu magnesem"},"content":{"rendered":"","protected":false},"excerpt":{"rendered":"","protected":false},"author":1,"featured_media":0,"parent":0,"menu_order":0,"comment_status":"open","ping_status":"open","template":"blog-archive.php","meta":{"_acf_changed":false,"inline_featured_image":false,"footnotes":""},"class_list":["post-82849","page","type-page","status-publish","hentry"],"acf":[],"yoast_head":"<!-- This site is optimized with the Yoast SEO plugin v27.4 - https:\/\/yoast.com\/product\/yoast-seo-wordpress\/ -->\n<title>Nasz blog o \u0142owieniu magnesem z cennymi wskaz\u00f3wkami i trikami - Magnetar\u00ae<\/title>\n<meta name=\"description\" content=\"Dowiedz si\u0119 wi\u0119cej o \u0142owieniu magnesem (\u0142owienie magnesem) i poznaj wskaz\u00f3wki oraz triki od prawdziwych ekspert\u00f3w w tej dziedzinie na naszym blogu. Zosta\u0144 mistrzem w \u0142owieniu magnesem!\" \/>\n<meta name=\"robots\" content=\"index, follow, max-snippet:-1, max-image-preview:large, max-video-preview:-1\" \/>\n<link rel=\"canonical\" href=\"https:\/\/magnetarmagnets.com\/pl\/blog-o-lowieniu-magnesem\/\" \/>\n<meta property=\"og:locale\" content=\"pl_PL\" \/>\n<meta property=\"og:type\" content=\"article\" \/>\n<meta property=\"og:title\" content=\"Nasz blog o \u0142owieniu magnesem z cennymi wskaz\u00f3wkami i trikami - Magnetar\u00ae\" \/>\n<meta property=\"og:description\" content=\"Dowiedz si\u0119 wi\u0119cej o \u0142owieniu magnesem (\u0142owienie magnesem) i poznaj wskaz\u00f3wki oraz triki od prawdziwych ekspert\u00f3w w tej dziedzinie na naszym blogu. Zosta\u0144 mistrzem w \u0142owieniu magnesem!\" \/>\n<meta property=\"og:url\" content=\"https:\/\/magnetarmagnets.com\/pl\/blog-o-lowieniu-magnesem\/\" \/>\n<meta property=\"og:site_name\" content=\"Magnet fishing with a Magnetar fishing magnet\" \/>\n<meta property=\"article:publisher\" content=\"https:\/\/www.facebook.com\/fishingmagnets\/\" \/>\n<meta property=\"og:image\" content=\"https:\/\/magnetarmagnets.com\/wp-content\/uploads\/2025\/05\/Logo-03_PNG-Black-scaled.png\" \/>\n\t<meta property=\"og:image:width\" content=\"2560\" \/>\n\t<meta property=\"og:image:height\" content=\"1658\" \/>\n\t<meta property=\"og:image:type\" content=\"image\/png\" \/>\n<meta name=\"twitter:card\" content=\"summary_large_image\" \/>\n<script type=\"application\/ld+json\" class=\"yoast-schema-graph\">{\"@context\":\"https:\\\/\\\/schema.org\",\"@graph\":[{\"@type\":\"WebPage\",\"@id\":\"https:\\\/\\\/magnetarmagnets.com\\\/pl\\\/blog-o-lowieniu-magnesem\\\/\",\"url\":\"https:\\\/\\\/magnetarmagnets.com\\\/pl\\\/blog-o-lowieniu-magnesem\\\/\",\"name\":\"Nasz blog o \u0142owieniu magnesem z cennymi wskaz\u00f3wkami i trikami - Magnetar\u00ae\",\"isPartOf\":{\"@id\":\"https:\\\/\\\/magnetarmagnets.com\\\/pl\\\/#website\"},\"datePublished\":\"2014-03-21T17:21:41+00:00\",\"description\":\"Dowiedz si\u0119 wi\u0119cej o \u0142owieniu magnesem (\u0142owienie magnesem) i poznaj wskaz\u00f3wki oraz triki od prawdziwych ekspert\u00f3w w tej dziedzinie na naszym blogu. Zosta\u0144 mistrzem w \u0142owieniu magnesem!\",\"breadcrumb\":{\"@id\":\"https:\\\/\\\/magnetarmagnets.com\\\/pl\\\/blog-o-lowieniu-magnesem\\\/#breadcrumb\"},\"inLanguage\":\"pl-PL\",\"potentialAction\":[{\"@type\":\"ReadAction\",\"target\":[\"https:\\\/\\\/magnetarmagnets.com\\\/pl\\\/blog-o-lowieniu-magnesem\\\/\"]}]},{\"@type\":\"BreadcrumbList\",\"@id\":\"https:\\\/\\\/magnetarmagnets.com\\\/pl\\\/blog-o-lowieniu-magnesem\\\/#breadcrumb\",\"itemListElement\":[{\"@type\":\"ListItem\",\"position\":1,\"name\":\"Home\",\"item\":\"https:\\\/\\\/magnetarmagnets.com\\\/pl\\\/\"},{\"@type\":\"ListItem\",\"position\":2,\"name\":\"Blog o \u0142owieniu magnesem\"}]},{\"@type\":\"WebSite\",\"@id\":\"https:\\\/\\\/magnetarmagnets.com\\\/pl\\\/#website\",\"url\":\"https:\\\/\\\/magnetarmagnets.com\\\/pl\\\/\",\"name\":\"Magnet fishing with a Magnetar fishing magnet\",\"description\":\"Mocne magnesy do po\u0142owu na magnes\",\"publisher\":{\"@id\":\"https:\\\/\\\/magnetarmagnets.com\\\/pl\\\/#organization\"},\"potentialAction\":[{\"@type\":\"SearchAction\",\"target\":{\"@type\":\"EntryPoint\",\"urlTemplate\":\"https:\\\/\\\/magnetarmagnets.com\\\/pl\\\/?s={search_term_string}\"},\"query-input\":{\"@type\":\"PropertyValueSpecification\",\"valueRequired\":true,\"valueName\":\"search_term_string\"}}],\"inLanguage\":\"pl-PL\"},{\"@type\":\"Organization\",\"@id\":\"https:\\\/\\\/magnetarmagnets.com\\\/pl\\\/#organization\",\"name\":\"Magnetar\",\"url\":\"https:\\\/\\\/magnetarmagnets.com\\\/pl\\\/\",\"logo\":{\"@type\":\"ImageObject\",\"inLanguage\":\"pl-PL\",\"@id\":\"https:\\\/\\\/magnetarmagnets.com\\\/pl\\\/#\\\/schema\\\/logo\\\/image\\\/\",\"url\":\"https:\\\/\\\/magnetarmagnets.com\\\/wp-content\\\/uploads\\\/2025\\\/05\\\/Logo-03_PNG-Black-scaled.png\",\"contentUrl\":\"https:\\\/\\\/magnetarmagnets.com\\\/wp-content\\\/uploads\\\/2025\\\/05\\\/Logo-03_PNG-Black-scaled.png\",\"width\":2560,\"height\":1658,\"caption\":\"Magnetar\"},\"image\":{\"@id\":\"https:\\\/\\\/magnetarmagnets.com\\\/pl\\\/#\\\/schema\\\/logo\\\/image\\\/\"},\"sameAs\":[\"https:\\\/\\\/www.facebook.com\\\/fishingmagnets\\\/\",\"https:\\\/\\\/www.instagram.com\\\/magnetar_magnets\\\/\",\"https:\\\/\\\/www.linkedin.com\\\/company\\\/magnetarbv\\\/?originalSubdomain=nl\",\"https:\\\/\\\/www.youtube.com\\\/c\\\/MagnetarVismagneet\"]}]}<\/script>\n<!-- \/ Yoast SEO plugin. -->","yoast_head_json":{"title":"Nasz blog o \u0142owieniu magnesem z cennymi wskaz\u00f3wkami i trikami - Magnetar\u00ae","description":"Dowiedz si\u0119 wi\u0119cej o \u0142owieniu magnesem (\u0142owienie magnesem) i poznaj wskaz\u00f3wki oraz triki od prawdziwych ekspert\u00f3w w tej dziedzinie na naszym blogu. Zosta\u0144 mistrzem w \u0142owieniu magnesem!","robots":{"index":"index","follow":"follow","max-snippet":"max-snippet:-1","max-image-preview":"max-image-preview:large","max-video-preview":"max-video-preview:-1"},"canonical":"https:\/\/magnetarmagnets.com\/pl\/blog-o-lowieniu-magnesem\/","og_locale":"pl_PL","og_type":"article","og_title":"Nasz blog o \u0142owieniu magnesem z cennymi wskaz\u00f3wkami i trikami - Magnetar\u00ae","og_description":"Dowiedz si\u0119 wi\u0119cej o \u0142owieniu magnesem (\u0142owienie magnesem) i poznaj wskaz\u00f3wki oraz triki od prawdziwych ekspert\u00f3w w tej dziedzinie na naszym blogu. Zosta\u0144 mistrzem w \u0142owieniu magnesem!","og_url":"https:\/\/magnetarmagnets.com\/pl\/blog-o-lowieniu-magnesem\/","og_site_name":"Magnet fishing with a Magnetar fishing magnet","article_publisher":"https:\/\/www.facebook.com\/fishingmagnets\/","og_image":[{"width":2560,"height":1658,"url":"https:\/\/magnetarmagnets.com\/wp-content\/uploads\/2025\/05\/Logo-03_PNG-Black-scaled.png","type":"image\/png"}],"twitter_card":"summary_large_image","schema":{"@context":"https:\/\/schema.org","@graph":[{"@type":"WebPage","@id":"https:\/\/magnetarmagnets.com\/pl\/blog-o-lowieniu-magnesem\/","url":"https:\/\/magnetarmagnets.com\/pl\/blog-o-lowieniu-magnesem\/","name":"Nasz blog o \u0142owieniu magnesem z cennymi wskaz\u00f3wkami i trikami - Magnetar\u00ae","isPartOf":{"@id":"https:\/\/magnetarmagnets.com\/pl\/#website"},"datePublished":"2014-03-21T17:21:41+00:00","description":"Dowiedz si\u0119 wi\u0119cej o \u0142owieniu magnesem (\u0142owienie magnesem) i poznaj wskaz\u00f3wki oraz triki od prawdziwych ekspert\u00f3w w tej dziedzinie na naszym blogu. Zosta\u0144 mistrzem w \u0142owieniu magnesem!","breadcrumb":{"@id":"https:\/\/magnetarmagnets.com\/pl\/blog-o-lowieniu-magnesem\/#breadcrumb"},"inLanguage":"pl-PL","potentialAction":[{"@type":"ReadAction","target":["https:\/\/magnetarmagnets.com\/pl\/blog-o-lowieniu-magnesem\/"]}]},{"@type":"BreadcrumbList","@id":"https:\/\/magnetarmagnets.com\/pl\/blog-o-lowieniu-magnesem\/#breadcrumb","itemListElement":[{"@type":"ListItem","position":1,"name":"Home","item":"https:\/\/magnetarmagnets.com\/pl\/"},{"@type":"ListItem","position":2,"name":"Blog o \u0142owieniu magnesem"}]},{"@type":"WebSite","@id":"https:\/\/magnetarmagnets.com\/pl\/#website","url":"https:\/\/magnetarmagnets.com\/pl\/","name":"Magnet fishing with a Magnetar fishing magnet","description":"Mocne magnesy do po\u0142owu na magnes","publisher":{"@id":"https:\/\/magnetarmagnets.com\/pl\/#organization"},"potentialAction":[{"@type":"SearchAction","target":{"@type":"EntryPoint","urlTemplate":"https:\/\/magnetarmagnets.com\/pl\/?s={search_term_string}"},"query-input":{"@type":"PropertyValueSpecification","valueRequired":true,"valueName":"search_term_string"}}],"inLanguage":"pl-PL"},{"@type":"Organization","@id":"https:\/\/magnetarmagnets.com\/pl\/#organization","name":"Magnetar","url":"https:\/\/magnetarmagnets.com\/pl\/","logo":{"@type":"ImageObject","inLanguage":"pl-PL","@id":"https:\/\/magnetarmagnets.com\/pl\/#\/schema\/logo\/image\/","url":"https:\/\/magnetarmagnets.com\/wp-content\/uploads\/2025\/05\/Logo-03_PNG-Black-scaled.png","contentUrl":"https:\/\/magnetarmagnets.com\/wp-content\/uploads\/2025\/05\/Logo-03_PNG-Black-scaled.png","width":2560,"height":1658,"caption":"Magnetar"},"image":{"@id":"https:\/\/magnetarmagnets.com\/pl\/#\/schema\/logo\/image\/"},"sameAs":["https:\/\/www.facebook.com\/fishingmagnets\/","https:\/\/www.instagram.com\/magnetar_magnets\/","https:\/\/www.linkedin.com\/company\/magnetarbv\/?originalSubdomain=nl","https:\/\/www.youtube.com\/c\/MagnetarVismagneet"]}]}},"_links":{"self":[{"href":"https:\/\/magnetarmagnets.com\/pl\/wp-json\/wp\/v2\/pages\/82849","targetHints":{"allow":["GET"]}}],"collection":[{"href":"https:\/\/magnetarmagnets.com\/pl\/wp-json\/wp\/v2\/pages"}],"about":[{"href":"https:\/\/magnetarmagnets.com\/pl\/wp-json\/wp\/v2\/types\/page"}],"author":[{"embeddable":true,"href":"https:\/\/magnetarmagnets.com\/pl\/wp-json\/wp\/v2\/users\/1"}],"replies":[{"embeddable":true,"href":"https:\/\/magnetarmagnets.com\/pl\/wp-json\/wp\/v2\/comments?post=82849"}],"version-history":[{"count":0,"href":"https:\/\/magnetarmagnets.com\/pl\/wp-json\/wp\/v2\/pages\/82849\/revisions"}],"wp:attachment":[{"href":"https:\/\/magnetarmagnets.com\/pl\/wp-json\/wp\/v2\/media?parent=82849"}],"curies":[{"name":"wp","href":"https:\/\/api.w.org\/{rel}","templated":true}]}}