{"id":99872,"date":"2026-04-22T14:49:46","date_gmt":"2026-04-22T12:49:46","guid":{"rendered":"https:\/\/magnetarmagnets.com\/shop\/sikkerhetstransportveske-for-neodymmagneter-magshield\/"},"modified":"2026-04-22T14:49:46","modified_gmt":"2026-04-22T12:49:46","slug":"sikkerhetstransportveske-for-neodymmagneter-magshield","status":"publish","type":"product","link":"https:\/\/magnetarmagnets.com\/no\/shop\/sikkerhetstransportveske-for-neodymmagneter-magshield\/","title":{"rendered":"Sikkerhetstransportveske for neodymmagneter &#8211; MagShield\u2122"},"content":{"rendered":"<strong>Produktinformasjon<\/strong>\n\n&#8211; MagShield\u2122-skum bidrar til \u00e5 redusere magnetfeltet under transport\n&#8211; Dimensjoner: 42 x 28 x 21,5 cm\n&#8211; Tauet kan forbli festet til magneten mens det oppbevares i vesken\n&#8211; Justerbare innerrom for fleksibel organisering\n&#8211; Ekstra plass til funn, tilbeh\u00f8r, mat og drikke\n&#8211; Innerlomme med glidel\u00e5s for sm\u00e5ting\n&#8211; Utvendige l\u00f8kker for karabinkroker og tilbeh\u00f8r\n&#8211; To b\u00e6realternativer: justerbar skulderrem og korte h\u00e5ndtak\n&#8211; Egnet for sikker oppbevaring og transport av utstyr til Magnetfiske\n<strong>\nHvem det er for<\/strong>\n\n&#8211; Alle som eier en sterk Magnetar neodymmagnet for Magnetfiske\n&#8211; Magnetfiskere som \u00f8nsker \u00e5 transportere magneten sin p\u00e5 en sikker m\u00e5te\n&#8211; Alle som \u00f8nsker \u00e5 holde orden p\u00e5 utstyret sitt\n&#8211; Magnetfiskere p\u00e5 jakt etter trygg oppbevaring av magneter\n&#8211; Passer for b\u00e5de nybegynnere og erfarne magnetfiskere\n&#8211; Alle som setter pris p\u00e5 praktisk og funksjonelt utstyr\n\n<strong>Hvorfor velge denne vesken<\/strong>\n\n&#8211; Sikker transport med MagShield\u2122-skum\n&#8211; Praktisk design for bruk ved vannet\n&#8211; Fleksibel layout for \u00e5 passe til utstyret ditt\n&#8211; Slitesterke materialer for langvarig bruk\n&#8211; Easy \u00e5 b\u00e6re med doble h\u00e5ndtak\n<img fetchpriority=\"high\" decoding=\"async\" src=\"https:\/\/magnetarmagnets.com\/wp-content\/uploads\/2026\/04\/JNF-Magnetar-B.V.-Bedrijfsfotografie-20-09-2023-Foto-2614-scaled-e1756284278508-300x300.jpg\" alt=\"\" width=\"300\" height=\"300\" class=\"alignnone size-medium wp-image-95093\" srcset=\"https:\/\/magnetarmagnets.com\/wp-content\/uploads\/2026\/04\/JNF-Magnetar-B.V.-Bedrijfsfotografie-20-09-2023-Foto-2614-scaled-e1756284278508-300x300.jpg 300w, https:\/\/magnetarmagnets.com\/wp-content\/uploads\/2026\/04\/JNF-Magnetar-B.V.-Bedrijfsfotografie-20-09-2023-Foto-2614-scaled-e1756284278508-1024x1024.jpg 1024w, https:\/\/magnetarmagnets.com\/wp-content\/uploads\/2026\/04\/JNF-Magnetar-B.V.-Bedrijfsfotografie-20-09-2023-Foto-2614-scaled-e1756284278508-150x150.jpg 150w, https:\/\/magnetarmagnets.com\/wp-content\/uploads\/2026\/04\/JNF-Magnetar-B.V.-Bedrijfsfotografie-20-09-2023-Foto-2614-scaled-e1756284278508-768x768.jpg 768w, https:\/\/magnetarmagnets.com\/wp-content\/uploads\/2026\/04\/JNF-Magnetar-B.V.-Bedrijfsfotografie-20-09-2023-Foto-2614-scaled-e1756284278508-400x400.jpg 400w, https:\/\/magnetarmagnets.com\/wp-content\/uploads\/2026\/04\/JNF-Magnetar-B.V.-Bedrijfsfotografie-20-09-2023-Foto-2614-scaled-e1756284278508-800x800.jpg 800w, https:\/\/magnetarmagnets.com\/wp-content\/uploads\/2026\/04\/JNF-Magnetar-B.V.-Bedrijfsfotografie-20-09-2023-Foto-2614-scaled-e1756284278508-100x100.jpg 100w, https:\/\/magnetarmagnets.com\/wp-content\/uploads\/2026\/04\/JNF-Magnetar-B.V.-Bedrijfsfotografie-20-09-2023-Foto-2614-scaled-e1756284278508.jpg 1440w\" sizes=\"(max-width: 300px) 100vw, 300px\" \/>\n<strong>Hvorfor Magnetar\u00ae?<\/strong>\n\n&#8211; Utvikler av de originale 360-MAGNET-magnetene\n&#8211; Mer enn 12 \u00e5rs erfaring med neodymmagnetfiske\n&#8211; Familieeid selskap med fokus p\u00e5 kvalitet\n&#8211; Levering over hele verden og rask frakt\n&#8211; Betrodd av erfarne magnetfiskere\n\n","protected":false},"excerpt":{"rendered":"<p>Uunnv\u00e6rlig ved bruk av sterke magneter. <strong>Magnetar\u00ae-transportvesken<\/strong> er designet for <strong>sikker transport<\/strong>, <strong>smart oppbevaring<\/strong> og <strong>praktisk hverdagsbruk<\/strong>.<\/p>\n<p>Kompatibel med alle Magnetar neodymmagneter.<\/p>\n","protected":false},"featured_media":98701,"comment_status":"open","ping_status":"closed","template":"","meta":{"_acf_changed":false,"inline_featured_image":false},"product_brand":[],"product_cat":[610,611,1013,609],"product_tag":[],"class_list":{"0":"post-99872","1":"product","2":"type-product","3":"status-publish","4":"has-post-thumbnail","6":"product_cat-magnetfiskeutstyr","7":"product_cat-merch-no","8":"product_cat-ukategorisert","9":"product_cat-utstyr","11":"first","12":"instock","13":"taxable","14":"shipping-taxable","15":"purchasable","16":"product-type-simple"},"acf":[],"yoast_head":"<!-- This site is optimized with the Yoast SEO plugin v27.6 - https:\/\/yoast.com\/product\/yoast-seo-wordpress\/ -->\n<title>Sikkerhetstransportveske for neodymmagneter - MagShield\u2122 - Magnet fishing with a Magnetar fishing magnet<\/title>\n<meta name=\"description\" content=\"Magnetar\u00ae-transportvesken er designet for sikker transport, smart oppbevaring og praktisk hverdagsbruk.\" \/>\n<meta name=\"robots\" content=\"index, follow, max-snippet:-1, max-image-preview:large, max-video-preview:-1\" \/>\n<link rel=\"canonical\" href=\"https:\/\/magnetarmagnets.com\/no\/shop\/sikkerhetstransportveske-for-neodymmagneter-magshield\/\" \/>\n<meta property=\"og:locale\" content=\"nb_NO\" \/>\n<meta property=\"og:type\" content=\"article\" \/>\n<meta property=\"og:title\" content=\"Sikkerhetstransportveske for neodymmagneter - MagShield\u2122 - Magnet fishing with a Magnetar fishing magnet\" \/>\n<meta property=\"og:description\" content=\"Magnetar\u00ae-transportvesken er designet for sikker transport, smart oppbevaring og praktisk hverdagsbruk.\" \/>\n<meta property=\"og:url\" content=\"https:\/\/magnetarmagnets.com\/no\/shop\/sikkerhetstransportveske-for-neodymmagneter-magshield\/\" \/>\n<meta property=\"og:site_name\" content=\"Magnet fishing with a Magnetar fishing magnet\" \/>\n<meta property=\"article:publisher\" content=\"https:\/\/www.facebook.com\/fishingmagnets\/\" \/>\n<meta property=\"og:image\" content=\"https:\/\/magnetarmagnets.com\/wp-content\/uploads\/2026\/04\/BEAST-X-1024x1024.png\" \/>\n\t<meta property=\"og:image:width\" content=\"1024\" \/>\n\t<meta property=\"og:image:height\" content=\"1024\" \/>\n\t<meta property=\"og:image:type\" content=\"image\/png\" \/>\n<meta name=\"twitter:card\" content=\"summary_large_image\" \/>\n<meta name=\"twitter:label1\" content=\"Ansl. lesetid\" \/>\n\t<meta name=\"twitter:data1\" content=\"1 minutt\" \/>\n<script type=\"application\/ld+json\" class=\"yoast-schema-graph\">{\"@context\":\"https:\\\/\\\/schema.org\",\"@graph\":[{\"@type\":[\"WebPage\",\"ItemPage\"],\"@id\":\"https:\\\/\\\/magnetarmagnets.com\\\/no\\\/shop\\\/sikkerhetstransportveske-for-neodymmagneter-magshield\\\/\",\"url\":\"https:\\\/\\\/magnetarmagnets.com\\\/no\\\/shop\\\/sikkerhetstransportveske-for-neodymmagneter-magshield\\\/\",\"name\":\"Sikkerhetstransportveske for neodymmagneter - MagShield\u2122 - Magnet fishing with a Magnetar fishing magnet\",\"isPartOf\":{\"@id\":\"https:\\\/\\\/magnetarmagnets.com\\\/no\\\/#website\"},\"primaryImageOfPage\":{\"@id\":\"https:\\\/\\\/magnetarmagnets.com\\\/no\\\/shop\\\/sikkerhetstransportveske-for-neodymmagneter-magshield\\\/#primaryimage\"},\"image\":{\"@id\":\"https:\\\/\\\/magnetarmagnets.com\\\/no\\\/shop\\\/sikkerhetstransportveske-for-neodymmagneter-magshield\\\/#primaryimage\"},\"thumbnailUrl\":\"https:\\\/\\\/magnetarmagnets.com\\\/wp-content\\\/uploads\\\/2026\\\/04\\\/BEAST-X.png\",\"datePublished\":\"2026-04-22T12:49:46+00:00\",\"description\":\"Magnetar\u00ae-transportvesken er designet for sikker transport, smart oppbevaring og praktisk hverdagsbruk.\",\"breadcrumb\":{\"@id\":\"https:\\\/\\\/magnetarmagnets.com\\\/no\\\/shop\\\/sikkerhetstransportveske-for-neodymmagneter-magshield\\\/#breadcrumb\"},\"inLanguage\":\"nb-NO\",\"potentialAction\":[{\"@type\":\"ReadAction\",\"target\":[\"https:\\\/\\\/magnetarmagnets.com\\\/no\\\/shop\\\/sikkerhetstransportveske-for-neodymmagneter-magshield\\\/\"]}]},{\"@type\":\"ImageObject\",\"inLanguage\":\"nb-NO\",\"@id\":\"https:\\\/\\\/magnetarmagnets.com\\\/no\\\/shop\\\/sikkerhetstransportveske-for-neodymmagneter-magshield\\\/#primaryimage\",\"url\":\"https:\\\/\\\/magnetarmagnets.com\\\/wp-content\\\/uploads\\\/2026\\\/04\\\/BEAST-X.png\",\"contentUrl\":\"https:\\\/\\\/magnetarmagnets.com\\\/wp-content\\\/uploads\\\/2026\\\/04\\\/BEAST-X.png\",\"width\":2000,\"height\":2000},{\"@type\":\"BreadcrumbList\",\"@id\":\"https:\\\/\\\/magnetarmagnets.com\\\/no\\\/shop\\\/sikkerhetstransportveske-for-neodymmagneter-magshield\\\/#breadcrumb\",\"itemListElement\":[{\"@type\":\"ListItem\",\"position\":1,\"name\":\"Home\",\"item\":\"https:\\\/\\\/magnetarmagnets.com\\\/no\\\/\"},{\"@type\":\"ListItem\",\"position\":2,\"name\":\"Butikk\",\"item\":\"https:\\\/\\\/magnetarmagnets.com\\\/butikk\\\/\"},{\"@type\":\"ListItem\",\"position\":3,\"name\":\"Sikkerhetstransportveske for neodymmagneter &#8211; MagShield\u2122\"}]},{\"@type\":\"WebSite\",\"@id\":\"https:\\\/\\\/magnetarmagnets.com\\\/no\\\/#website\",\"url\":\"https:\\\/\\\/magnetarmagnets.com\\\/no\\\/\",\"name\":\"Magnet fishing with a Magnetar fishing magnet\",\"description\":\"Kraftige magneter for magnetfiske\",\"publisher\":{\"@id\":\"https:\\\/\\\/magnetarmagnets.com\\\/no\\\/#organization\"},\"potentialAction\":[{\"@type\":\"SearchAction\",\"target\":{\"@type\":\"EntryPoint\",\"urlTemplate\":\"https:\\\/\\\/magnetarmagnets.com\\\/no\\\/?s={search_term_string}\"},\"query-input\":{\"@type\":\"PropertyValueSpecification\",\"valueRequired\":true,\"valueName\":\"search_term_string\"}}],\"inLanguage\":\"nb-NO\"},{\"@type\":\"Organization\",\"@id\":\"https:\\\/\\\/magnetarmagnets.com\\\/no\\\/#organization\",\"name\":\"Magnetar\",\"url\":\"https:\\\/\\\/magnetarmagnets.com\\\/no\\\/\",\"logo\":{\"@type\":\"ImageObject\",\"inLanguage\":\"nb-NO\",\"@id\":\"https:\\\/\\\/magnetarmagnets.com\\\/no\\\/#\\\/schema\\\/logo\\\/image\\\/\",\"url\":\"https:\\\/\\\/magnetarmagnets.com\\\/wp-content\\\/uploads\\\/2025\\\/05\\\/Logo-03_PNG-Black-scaled.png\",\"contentUrl\":\"https:\\\/\\\/magnetarmagnets.com\\\/wp-content\\\/uploads\\\/2025\\\/05\\\/Logo-03_PNG-Black-scaled.png\",\"width\":2560,\"height\":1658,\"caption\":\"Magnetar\"},\"image\":{\"@id\":\"https:\\\/\\\/magnetarmagnets.com\\\/no\\\/#\\\/schema\\\/logo\\\/image\\\/\"},\"sameAs\":[\"https:\\\/\\\/www.facebook.com\\\/fishingmagnets\\\/\",\"https:\\\/\\\/www.instagram.com\\\/magnetar_magnets\\\/\",\"https:\\\/\\\/www.linkedin.com\\\/company\\\/magnetarbv\\\/?originalSubdomain=nl\",\"https:\\\/\\\/www.youtube.com\\\/c\\\/MagnetarVismagneet\"]}]}<\/script>\n<!-- \/ Yoast SEO plugin. -->","yoast_head_json":{"title":"Sikkerhetstransportveske for neodymmagneter - MagShield\u2122 - Magnet fishing with a Magnetar fishing magnet","description":"Magnetar\u00ae-transportvesken er designet for sikker transport, smart oppbevaring og praktisk hverdagsbruk.","robots":{"index":"index","follow":"follow","max-snippet":"max-snippet:-1","max-image-preview":"max-image-preview:large","max-video-preview":"max-video-preview:-1"},"canonical":"https:\/\/magnetarmagnets.com\/no\/shop\/sikkerhetstransportveske-for-neodymmagneter-magshield\/","og_locale":"nb_NO","og_type":"article","og_title":"Sikkerhetstransportveske for neodymmagneter - MagShield\u2122 - Magnet fishing with a Magnetar fishing magnet","og_description":"Magnetar\u00ae-transportvesken er designet for sikker transport, smart oppbevaring og praktisk hverdagsbruk.","og_url":"https:\/\/magnetarmagnets.com\/no\/shop\/sikkerhetstransportveske-for-neodymmagneter-magshield\/","og_site_name":"Magnet fishing with a Magnetar fishing magnet","article_publisher":"https:\/\/www.facebook.com\/fishingmagnets\/","og_image":[{"width":1024,"height":1024,"url":"https:\/\/magnetarmagnets.com\/wp-content\/uploads\/2026\/04\/BEAST-X-1024x1024.png","type":"image\/png"}],"twitter_card":"summary_large_image","twitter_misc":{"Ansl. lesetid":"1 minutt"},"schema":{"@context":"https:\/\/schema.org","@graph":[{"@type":["WebPage","ItemPage"],"@id":"https:\/\/magnetarmagnets.com\/no\/shop\/sikkerhetstransportveske-for-neodymmagneter-magshield\/","url":"https:\/\/magnetarmagnets.com\/no\/shop\/sikkerhetstransportveske-for-neodymmagneter-magshield\/","name":"Sikkerhetstransportveske for neodymmagneter - MagShield\u2122 - Magnet fishing with a Magnetar fishing magnet","isPartOf":{"@id":"https:\/\/magnetarmagnets.com\/no\/#website"},"primaryImageOfPage":{"@id":"https:\/\/magnetarmagnets.com\/no\/shop\/sikkerhetstransportveske-for-neodymmagneter-magshield\/#primaryimage"},"image":{"@id":"https:\/\/magnetarmagnets.com\/no\/shop\/sikkerhetstransportveske-for-neodymmagneter-magshield\/#primaryimage"},"thumbnailUrl":"https:\/\/magnetarmagnets.com\/wp-content\/uploads\/2026\/04\/BEAST-X.png","datePublished":"2026-04-22T12:49:46+00:00","description":"Magnetar\u00ae-transportvesken er designet for sikker transport, smart oppbevaring og praktisk hverdagsbruk.","breadcrumb":{"@id":"https:\/\/magnetarmagnets.com\/no\/shop\/sikkerhetstransportveske-for-neodymmagneter-magshield\/#breadcrumb"},"inLanguage":"nb-NO","potentialAction":[{"@type":"ReadAction","target":["https:\/\/magnetarmagnets.com\/no\/shop\/sikkerhetstransportveske-for-neodymmagneter-magshield\/"]}]},{"@type":"ImageObject","inLanguage":"nb-NO","@id":"https:\/\/magnetarmagnets.com\/no\/shop\/sikkerhetstransportveske-for-neodymmagneter-magshield\/#primaryimage","url":"https:\/\/magnetarmagnets.com\/wp-content\/uploads\/2026\/04\/BEAST-X.png","contentUrl":"https:\/\/magnetarmagnets.com\/wp-content\/uploads\/2026\/04\/BEAST-X.png","width":2000,"height":2000},{"@type":"BreadcrumbList","@id":"https:\/\/magnetarmagnets.com\/no\/shop\/sikkerhetstransportveske-for-neodymmagneter-magshield\/#breadcrumb","itemListElement":[{"@type":"ListItem","position":1,"name":"Home","item":"https:\/\/magnetarmagnets.com\/no\/"},{"@type":"ListItem","position":2,"name":"Butikk","item":"https:\/\/magnetarmagnets.com\/butikk\/"},{"@type":"ListItem","position":3,"name":"Sikkerhetstransportveske for neodymmagneter &#8211; MagShield\u2122"}]},{"@type":"WebSite","@id":"https:\/\/magnetarmagnets.com\/no\/#website","url":"https:\/\/magnetarmagnets.com\/no\/","name":"Magnet fishing with a Magnetar fishing magnet","description":"Kraftige magneter for magnetfiske","publisher":{"@id":"https:\/\/magnetarmagnets.com\/no\/#organization"},"potentialAction":[{"@type":"SearchAction","target":{"@type":"EntryPoint","urlTemplate":"https:\/\/magnetarmagnets.com\/no\/?s={search_term_string}"},"query-input":{"@type":"PropertyValueSpecification","valueRequired":true,"valueName":"search_term_string"}}],"inLanguage":"nb-NO"},{"@type":"Organization","@id":"https:\/\/magnetarmagnets.com\/no\/#organization","name":"Magnetar","url":"https:\/\/magnetarmagnets.com\/no\/","logo":{"@type":"ImageObject","inLanguage":"nb-NO","@id":"https:\/\/magnetarmagnets.com\/no\/#\/schema\/logo\/image\/","url":"https:\/\/magnetarmagnets.com\/wp-content\/uploads\/2025\/05\/Logo-03_PNG-Black-scaled.png","contentUrl":"https:\/\/magnetarmagnets.com\/wp-content\/uploads\/2025\/05\/Logo-03_PNG-Black-scaled.png","width":2560,"height":1658,"caption":"Magnetar"},"image":{"@id":"https:\/\/magnetarmagnets.com\/no\/#\/schema\/logo\/image\/"},"sameAs":["https:\/\/www.facebook.com\/fishingmagnets\/","https:\/\/www.instagram.com\/magnetar_magnets\/","https:\/\/www.linkedin.com\/company\/magnetarbv\/?originalSubdomain=nl","https:\/\/www.youtube.com\/c\/MagnetarVismagneet"]}]}},"_links":{"self":[{"href":"https:\/\/magnetarmagnets.com\/no\/wp-json\/wp\/v2\/product\/99872","targetHints":{"allow":["GET"]}}],"collection":[{"href":"https:\/\/magnetarmagnets.com\/no\/wp-json\/wp\/v2\/product"}],"about":[{"href":"https:\/\/magnetarmagnets.com\/no\/wp-json\/wp\/v2\/types\/product"}],"replies":[{"embeddable":true,"href":"https:\/\/magnetarmagnets.com\/no\/wp-json\/wp\/v2\/comments?post=99872"}],"version-history":[{"count":0,"href":"https:\/\/magnetarmagnets.com\/no\/wp-json\/wp\/v2\/product\/99872\/revisions"}],"wp:featuredmedia":[{"embeddable":true,"href":"https:\/\/magnetarmagnets.com\/no\/wp-json\/wp\/v2\/media\/98701"}],"wp:attachment":[{"href":"https:\/\/magnetarmagnets.com\/no\/wp-json\/wp\/v2\/media?parent=99872"}],"wp:term":[{"taxonomy":"product_brand","embeddable":true,"href":"https:\/\/magnetarmagnets.com\/no\/wp-json\/wp\/v2\/product_brand?post=99872"},{"taxonomy":"product_cat","embeddable":true,"href":"https:\/\/magnetarmagnets.com\/no\/wp-json\/wp\/v2\/product_cat?post=99872"},{"taxonomy":"product_tag","embeddable":true,"href":"https:\/\/magnetarmagnets.com\/no\/wp-json\/wp\/v2\/product_tag?post=99872"}],"curies":[{"name":"wp","href":"https:\/\/api.w.org\/{rel}","templated":true}]}}