{"id":97395,"date":"2026-04-16T10:15:22","date_gmt":"2026-04-16T08:15:22","guid":{"rendered":"https:\/\/magnetarmagnets.com\/shop\/beast-x-kit-3100-lb-1400-kg-beast-x-allround-360\/"},"modified":"2026-04-16T14:55:14","modified_gmt":"2026-04-16T12:55:14","slug":"beast-x-kit-3100-lb-1400-kg-beast-x-allround-360","status":"publish","type":"product","link":"https:\/\/magnetarmagnets.com\/no\/shop\/beast-x-kit-3100-lb-1400-kg-beast-x-allround-360\/","title":{"rendered":"Beast X kit &#8211; 3100 lb \/ 1400 kg &#8211; Beast X &#8211; allround 360\u00b0"},"content":{"rendered":"","protected":false},"excerpt":{"rendered":"<p><strong>Beast X<\/strong> er en kraftig <strong>360\u00b0 fiskemagnet for allround bruk<\/strong>. Ideell for erfarne magnetfiskere som ser etter styrke, kvalitet og et <strong>komplett sett til en konkurransedyktig pris.<\/strong><\/p>\n<p>Beast X er en del av <strong>Magnetar X Line<\/strong>: en sterk og p\u00e5litelig magnetserie designet for enkel bruk. Kompakt, robust og rimelig for deg som \u00f8nsker maksimal ytelse uten \u00e5 betale premiumpris.<\/p>\n","protected":false},"featured_media":97114,"comment_status":"open","ping_status":"closed","template":"","meta":{"_acf_changed":false,"inline_featured_image":false},"product_brand":[],"product_cat":[607,615,602,608,616,1013,1014],"product_tag":[],"class_list":{"0":"post-97395","1":"product","2":"type-product","3":"status-publish","4":"has-post-thumbnail","6":"product_cat-allround-fiskemagneter-360","7":"product_cat-erfarne-eventyrere","8":"product_cat-fiskemagneter","9":"product_cat-magnetfiske-sett","10":"product_cat-profesjonelle","11":"product_cat-ukategorisert","12":"product_cat-x-line","14":"first","15":"instock","16":"taxable","17":"shipping-taxable","18":"purchasable","19":"product-type-simple"},"acf":[],"yoast_head":"<!-- This site is optimized with the Yoast SEO plugin v27.4 - https:\/\/yoast.com\/product\/yoast-seo-wordpress\/ -->\n<title>Beast X kit - 3100 lb \/ 1400 kg - Beast X - allround 360\u00b0 - Magnet fishing with a Magnetar fishing magnet<\/title>\n<meta name=\"description\" content=\"Beast X er en kraftig 360\u00b0 fiskemagnet med en trekkraft p\u00e5 1400 kg. Inkluderer tau, hansker og b\u00e6reveske. Ideell for erfarne magnetfiskere.\" \/>\n<meta name=\"robots\" content=\"index, follow, max-snippet:-1, max-image-preview:large, max-video-preview:-1\" \/>\n<link rel=\"canonical\" href=\"https:\/\/magnetarmagnets.com\/no\/shop\/beast-x-kit-3100-lb-1400-kg-beast-x-allround-360\/\" \/>\n<meta property=\"og:locale\" content=\"nb_NO\" \/>\n<meta property=\"og:type\" content=\"article\" \/>\n<meta property=\"og:title\" content=\"Beast X kit - 3100 lb \/ 1400 kg - Beast X - allround 360\u00b0 - Magnet fishing with a Magnetar fishing magnet\" \/>\n<meta property=\"og:description\" content=\"Beast X er en kraftig 360\u00b0 fiskemagnet med en trekkraft p\u00e5 1400 kg. Inkluderer tau, hansker og b\u00e6reveske. Ideell for erfarne magnetfiskere.\" \/>\n<meta property=\"og:url\" content=\"https:\/\/magnetarmagnets.com\/no\/shop\/beast-x-kit-3100-lb-1400-kg-beast-x-allround-360\/\" \/>\n<meta property=\"og:site_name\" content=\"Magnet fishing with a Magnetar fishing magnet\" \/>\n<meta property=\"article:publisher\" content=\"https:\/\/www.facebook.com\/fishingmagnets\/\" \/>\n<meta property=\"article:modified_time\" content=\"2026-04-16T12:55:14+00:00\" \/>\n<meta property=\"og:image\" content=\"https:\/\/magnetarmagnets.com\/wp-content\/uploads\/2026\/04\/MagnetarMagnets_BEAST_X_listing-1-1024x1024.png\" \/>\n\t<meta property=\"og:image:width\" content=\"1024\" \/>\n\t<meta property=\"og:image:height\" content=\"1024\" \/>\n\t<meta property=\"og:image:type\" content=\"image\/png\" \/>\n<meta name=\"twitter:card\" content=\"summary_large_image\" \/>\n<meta name=\"twitter:label1\" content=\"Ansl. lesetid\" \/>\n\t<meta name=\"twitter:data1\" content=\"1 minutt\" \/>\n<script type=\"application\/ld+json\" class=\"yoast-schema-graph\">{\"@context\":\"https:\\\/\\\/schema.org\",\"@graph\":[{\"@type\":[\"WebPage\",\"ItemPage\"],\"@id\":\"https:\\\/\\\/magnetarmagnets.com\\\/no\\\/shop\\\/beast-x-kit-3100-lb-1400-kg-beast-x-allround-360\\\/\",\"url\":\"https:\\\/\\\/magnetarmagnets.com\\\/no\\\/shop\\\/beast-x-kit-3100-lb-1400-kg-beast-x-allround-360\\\/\",\"name\":\"Beast X kit - 3100 lb \\\/ 1400 kg - Beast X - allround 360\u00b0 - Magnet fishing with a Magnetar fishing magnet\",\"isPartOf\":{\"@id\":\"https:\\\/\\\/magnetarmagnets.com\\\/no\\\/#website\"},\"primaryImageOfPage\":{\"@id\":\"https:\\\/\\\/magnetarmagnets.com\\\/no\\\/shop\\\/beast-x-kit-3100-lb-1400-kg-beast-x-allround-360\\\/#primaryimage\"},\"image\":{\"@id\":\"https:\\\/\\\/magnetarmagnets.com\\\/no\\\/shop\\\/beast-x-kit-3100-lb-1400-kg-beast-x-allround-360\\\/#primaryimage\"},\"thumbnailUrl\":\"https:\\\/\\\/magnetarmagnets.com\\\/wp-content\\\/uploads\\\/2026\\\/04\\\/MagnetarMagnets_BEAST_X_listing-1.png\",\"datePublished\":\"2026-04-16T08:15:22+00:00\",\"dateModified\":\"2026-04-16T12:55:14+00:00\",\"description\":\"Beast X er en kraftig 360\u00b0 fiskemagnet med en trekkraft p\u00e5 1400 kg. Inkluderer tau, hansker og b\u00e6reveske. Ideell for erfarne magnetfiskere.\",\"breadcrumb\":{\"@id\":\"https:\\\/\\\/magnetarmagnets.com\\\/no\\\/shop\\\/beast-x-kit-3100-lb-1400-kg-beast-x-allround-360\\\/#breadcrumb\"},\"inLanguage\":\"nb-NO\",\"potentialAction\":[{\"@type\":\"ReadAction\",\"target\":[\"https:\\\/\\\/magnetarmagnets.com\\\/no\\\/shop\\\/beast-x-kit-3100-lb-1400-kg-beast-x-allround-360\\\/\"]}]},{\"@type\":\"ImageObject\",\"inLanguage\":\"nb-NO\",\"@id\":\"https:\\\/\\\/magnetarmagnets.com\\\/no\\\/shop\\\/beast-x-kit-3100-lb-1400-kg-beast-x-allround-360\\\/#primaryimage\",\"url\":\"https:\\\/\\\/magnetarmagnets.com\\\/wp-content\\\/uploads\\\/2026\\\/04\\\/MagnetarMagnets_BEAST_X_listing-1.png\",\"contentUrl\":\"https:\\\/\\\/magnetarmagnets.com\\\/wp-content\\\/uploads\\\/2026\\\/04\\\/MagnetarMagnets_BEAST_X_listing-1.png\",\"width\":2000,\"height\":2000},{\"@type\":\"BreadcrumbList\",\"@id\":\"https:\\\/\\\/magnetarmagnets.com\\\/no\\\/shop\\\/beast-x-kit-3100-lb-1400-kg-beast-x-allround-360\\\/#breadcrumb\",\"itemListElement\":[{\"@type\":\"ListItem\",\"position\":1,\"name\":\"Home\",\"item\":\"https:\\\/\\\/magnetarmagnets.com\\\/no\\\/\"},{\"@type\":\"ListItem\",\"position\":2,\"name\":\"Butikk\",\"item\":\"https:\\\/\\\/magnetarmagnets.com\\\/butikk\\\/\"},{\"@type\":\"ListItem\",\"position\":3,\"name\":\"Fiskemagneter\",\"item\":\"https:\\\/\\\/magnetarmagnets.com\\\/no\\\/collections\\\/fiskemagneter\\\/\"},{\"@type\":\"ListItem\",\"position\":4,\"name\":\"Allround fiskemagneter 360\u00b0\",\"item\":\"https:\\\/\\\/magnetarmagnets.com\\\/no\\\/collections\\\/fiskemagneter\\\/allround-fiskemagneter-360\\\/\"},{\"@type\":\"ListItem\",\"position\":5,\"name\":\"Beast X kit &#8211; 3100 lb \\\/ 1400 kg &#8211; Beast X &#8211; allround 360\u00b0\"}]},{\"@type\":\"WebSite\",\"@id\":\"https:\\\/\\\/magnetarmagnets.com\\\/no\\\/#website\",\"url\":\"https:\\\/\\\/magnetarmagnets.com\\\/no\\\/\",\"name\":\"Magnet fishing with a Magnetar fishing magnet\",\"description\":\"Kraftige magneter for magnetfiske\",\"publisher\":{\"@id\":\"https:\\\/\\\/magnetarmagnets.com\\\/no\\\/#organization\"},\"potentialAction\":[{\"@type\":\"SearchAction\",\"target\":{\"@type\":\"EntryPoint\",\"urlTemplate\":\"https:\\\/\\\/magnetarmagnets.com\\\/no\\\/?s={search_term_string}\"},\"query-input\":{\"@type\":\"PropertyValueSpecification\",\"valueRequired\":true,\"valueName\":\"search_term_string\"}}],\"inLanguage\":\"nb-NO\"},{\"@type\":\"Organization\",\"@id\":\"https:\\\/\\\/magnetarmagnets.com\\\/no\\\/#organization\",\"name\":\"Magnetar\",\"url\":\"https:\\\/\\\/magnetarmagnets.com\\\/no\\\/\",\"logo\":{\"@type\":\"ImageObject\",\"inLanguage\":\"nb-NO\",\"@id\":\"https:\\\/\\\/magnetarmagnets.com\\\/no\\\/#\\\/schema\\\/logo\\\/image\\\/\",\"url\":\"https:\\\/\\\/magnetarmagnets.com\\\/wp-content\\\/uploads\\\/2025\\\/05\\\/Logo-03_PNG-Black-scaled.png\",\"contentUrl\":\"https:\\\/\\\/magnetarmagnets.com\\\/wp-content\\\/uploads\\\/2025\\\/05\\\/Logo-03_PNG-Black-scaled.png\",\"width\":2560,\"height\":1658,\"caption\":\"Magnetar\"},\"image\":{\"@id\":\"https:\\\/\\\/magnetarmagnets.com\\\/no\\\/#\\\/schema\\\/logo\\\/image\\\/\"},\"sameAs\":[\"https:\\\/\\\/www.facebook.com\\\/fishingmagnets\\\/\",\"https:\\\/\\\/www.instagram.com\\\/magnetar_magnets\\\/\",\"https:\\\/\\\/www.linkedin.com\\\/company\\\/magnetarbv\\\/?originalSubdomain=nl\",\"https:\\\/\\\/www.youtube.com\\\/c\\\/MagnetarVismagneet\"]}]}<\/script>\n<!-- \/ Yoast SEO plugin. -->","yoast_head_json":{"title":"Beast X kit - 3100 lb \/ 1400 kg - Beast X - allround 360\u00b0 - Magnet fishing with a Magnetar fishing magnet","description":"Beast X er en kraftig 360\u00b0 fiskemagnet med en trekkraft p\u00e5 1400 kg. Inkluderer tau, hansker og b\u00e6reveske. Ideell for erfarne magnetfiskere.","robots":{"index":"index","follow":"follow","max-snippet":"max-snippet:-1","max-image-preview":"max-image-preview:large","max-video-preview":"max-video-preview:-1"},"canonical":"https:\/\/magnetarmagnets.com\/no\/shop\/beast-x-kit-3100-lb-1400-kg-beast-x-allround-360\/","og_locale":"nb_NO","og_type":"article","og_title":"Beast X kit - 3100 lb \/ 1400 kg - Beast X - allround 360\u00b0 - Magnet fishing with a Magnetar fishing magnet","og_description":"Beast X er en kraftig 360\u00b0 fiskemagnet med en trekkraft p\u00e5 1400 kg. Inkluderer tau, hansker og b\u00e6reveske. Ideell for erfarne magnetfiskere.","og_url":"https:\/\/magnetarmagnets.com\/no\/shop\/beast-x-kit-3100-lb-1400-kg-beast-x-allround-360\/","og_site_name":"Magnet fishing with a Magnetar fishing magnet","article_publisher":"https:\/\/www.facebook.com\/fishingmagnets\/","article_modified_time":"2026-04-16T12:55:14+00:00","og_image":[{"width":1024,"height":1024,"url":"https:\/\/magnetarmagnets.com\/wp-content\/uploads\/2026\/04\/MagnetarMagnets_BEAST_X_listing-1-1024x1024.png","type":"image\/png"}],"twitter_card":"summary_large_image","twitter_misc":{"Ansl. lesetid":"1 minutt"},"schema":{"@context":"https:\/\/schema.org","@graph":[{"@type":["WebPage","ItemPage"],"@id":"https:\/\/magnetarmagnets.com\/no\/shop\/beast-x-kit-3100-lb-1400-kg-beast-x-allround-360\/","url":"https:\/\/magnetarmagnets.com\/no\/shop\/beast-x-kit-3100-lb-1400-kg-beast-x-allround-360\/","name":"Beast X kit - 3100 lb \/ 1400 kg - Beast X - allround 360\u00b0 - Magnet fishing with a Magnetar fishing magnet","isPartOf":{"@id":"https:\/\/magnetarmagnets.com\/no\/#website"},"primaryImageOfPage":{"@id":"https:\/\/magnetarmagnets.com\/no\/shop\/beast-x-kit-3100-lb-1400-kg-beast-x-allround-360\/#primaryimage"},"image":{"@id":"https:\/\/magnetarmagnets.com\/no\/shop\/beast-x-kit-3100-lb-1400-kg-beast-x-allround-360\/#primaryimage"},"thumbnailUrl":"https:\/\/magnetarmagnets.com\/wp-content\/uploads\/2026\/04\/MagnetarMagnets_BEAST_X_listing-1.png","datePublished":"2026-04-16T08:15:22+00:00","dateModified":"2026-04-16T12:55:14+00:00","description":"Beast X er en kraftig 360\u00b0 fiskemagnet med en trekkraft p\u00e5 1400 kg. Inkluderer tau, hansker og b\u00e6reveske. Ideell for erfarne magnetfiskere.","breadcrumb":{"@id":"https:\/\/magnetarmagnets.com\/no\/shop\/beast-x-kit-3100-lb-1400-kg-beast-x-allround-360\/#breadcrumb"},"inLanguage":"nb-NO","potentialAction":[{"@type":"ReadAction","target":["https:\/\/magnetarmagnets.com\/no\/shop\/beast-x-kit-3100-lb-1400-kg-beast-x-allround-360\/"]}]},{"@type":"ImageObject","inLanguage":"nb-NO","@id":"https:\/\/magnetarmagnets.com\/no\/shop\/beast-x-kit-3100-lb-1400-kg-beast-x-allround-360\/#primaryimage","url":"https:\/\/magnetarmagnets.com\/wp-content\/uploads\/2026\/04\/MagnetarMagnets_BEAST_X_listing-1.png","contentUrl":"https:\/\/magnetarmagnets.com\/wp-content\/uploads\/2026\/04\/MagnetarMagnets_BEAST_X_listing-1.png","width":2000,"height":2000},{"@type":"BreadcrumbList","@id":"https:\/\/magnetarmagnets.com\/no\/shop\/beast-x-kit-3100-lb-1400-kg-beast-x-allround-360\/#breadcrumb","itemListElement":[{"@type":"ListItem","position":1,"name":"Home","item":"https:\/\/magnetarmagnets.com\/no\/"},{"@type":"ListItem","position":2,"name":"Butikk","item":"https:\/\/magnetarmagnets.com\/butikk\/"},{"@type":"ListItem","position":3,"name":"Fiskemagneter","item":"https:\/\/magnetarmagnets.com\/no\/collections\/fiskemagneter\/"},{"@type":"ListItem","position":4,"name":"Allround fiskemagneter 360\u00b0","item":"https:\/\/magnetarmagnets.com\/no\/collections\/fiskemagneter\/allround-fiskemagneter-360\/"},{"@type":"ListItem","position":5,"name":"Beast X kit &#8211; 3100 lb \/ 1400 kg &#8211; Beast X &#8211; allround 360\u00b0"}]},{"@type":"WebSite","@id":"https:\/\/magnetarmagnets.com\/no\/#website","url":"https:\/\/magnetarmagnets.com\/no\/","name":"Magnet fishing with a Magnetar fishing magnet","description":"Kraftige magneter for magnetfiske","publisher":{"@id":"https:\/\/magnetarmagnets.com\/no\/#organization"},"potentialAction":[{"@type":"SearchAction","target":{"@type":"EntryPoint","urlTemplate":"https:\/\/magnetarmagnets.com\/no\/?s={search_term_string}"},"query-input":{"@type":"PropertyValueSpecification","valueRequired":true,"valueName":"search_term_string"}}],"inLanguage":"nb-NO"},{"@type":"Organization","@id":"https:\/\/magnetarmagnets.com\/no\/#organization","name":"Magnetar","url":"https:\/\/magnetarmagnets.com\/no\/","logo":{"@type":"ImageObject","inLanguage":"nb-NO","@id":"https:\/\/magnetarmagnets.com\/no\/#\/schema\/logo\/image\/","url":"https:\/\/magnetarmagnets.com\/wp-content\/uploads\/2025\/05\/Logo-03_PNG-Black-scaled.png","contentUrl":"https:\/\/magnetarmagnets.com\/wp-content\/uploads\/2025\/05\/Logo-03_PNG-Black-scaled.png","width":2560,"height":1658,"caption":"Magnetar"},"image":{"@id":"https:\/\/magnetarmagnets.com\/no\/#\/schema\/logo\/image\/"},"sameAs":["https:\/\/www.facebook.com\/fishingmagnets\/","https:\/\/www.instagram.com\/magnetar_magnets\/","https:\/\/www.linkedin.com\/company\/magnetarbv\/?originalSubdomain=nl","https:\/\/www.youtube.com\/c\/MagnetarVismagneet"]}]}},"_links":{"self":[{"href":"https:\/\/magnetarmagnets.com\/no\/wp-json\/wp\/v2\/product\/97395","targetHints":{"allow":["GET"]}}],"collection":[{"href":"https:\/\/magnetarmagnets.com\/no\/wp-json\/wp\/v2\/product"}],"about":[{"href":"https:\/\/magnetarmagnets.com\/no\/wp-json\/wp\/v2\/types\/product"}],"replies":[{"embeddable":true,"href":"https:\/\/magnetarmagnets.com\/no\/wp-json\/wp\/v2\/comments?post=97395"}],"version-history":[{"count":1,"href":"https:\/\/magnetarmagnets.com\/no\/wp-json\/wp\/v2\/product\/97395\/revisions"}],"predecessor-version":[{"id":97396,"href":"https:\/\/magnetarmagnets.com\/no\/wp-json\/wp\/v2\/product\/97395\/revisions\/97396"}],"wp:featuredmedia":[{"embeddable":true,"href":"https:\/\/magnetarmagnets.com\/no\/wp-json\/wp\/v2\/media\/97114"}],"wp:attachment":[{"href":"https:\/\/magnetarmagnets.com\/no\/wp-json\/wp\/v2\/media?parent=97395"}],"wp:term":[{"taxonomy":"product_brand","embeddable":true,"href":"https:\/\/magnetarmagnets.com\/no\/wp-json\/wp\/v2\/product_brand?post=97395"},{"taxonomy":"product_cat","embeddable":true,"href":"https:\/\/magnetarmagnets.com\/no\/wp-json\/wp\/v2\/product_cat?post=97395"},{"taxonomy":"product_tag","embeddable":true,"href":"https:\/\/magnetarmagnets.com\/no\/wp-json\/wp\/v2\/product_tag?post=97395"}],"curies":[{"name":"wp","href":"https:\/\/api.w.org\/{rel}","templated":true}]}}