{"id":85585,"date":"2025-06-19T13:55:40","date_gmt":"2025-06-19T11:55:40","guid":{"rendered":"https:\/\/magnetarmagnets.com\/?post_type=product&#038;p=85585"},"modified":"2026-04-07T17:06:15","modified_gmt":"2026-04-07T15:06:15","slug":"magnetfiskesnor-20-meter-65-fot","status":"publish","type":"product","link":"https:\/\/magnetarmagnets.com\/no\/shop\/magnetfiskesnor-20-meter-65-fot\/","title":{"rendered":"Magnetfiskesnor || 20 meter \/ 65 fot"},"content":{"rendered":"&#8220;Den beste snoren for <a target=\"\" rel=\"\">magnetfiske<\/a>. Dobbel flettet snor t\u00e5ler opptil 4000 lbs. Se denne YouTube-anmeldelsen. Gratis karabinkrok ved kj\u00f8p og gratis frakt til utvalgte omr\u00e5der&#8230;\r\n\r\nSnoren, eller linen, er en av de essensielle delene av magnetfiske. Magnetfiskesnoren m\u00e5 ha nok styrke til \u00e5 b\u00e6re selv tunge metaller og b\u00f8r ikke ryke ved fastkiling. Akkurat som n\u00e5r du kj\u00f8per en fiskemagnet av h\u00f8y kvalitet, m\u00e5 du ogs\u00e5 passe p\u00e5 at du kj\u00f8per en god fiskesnor til magnetfiske. En fiskesnor til magnetfiske er snoren du fester til magneten din. Hvis du vil dra metallobjekter opp fra vannet, trenger du en fiskesnor med h\u00f8y trekkraft og en lengde p\u00e5 rundt 20 meter \/ 65 fot.\r\n<h2><strong>Magnetfiskesnor, hvorfor trenger jeg en?<\/strong><\/h2>\r\nDe fleste magnetfiskere fokuserer kun p\u00e5 \u00e5 kj\u00f8pe den beste fiskemagneten. Det nest viktigste utstyret som kan avgj\u00f8re suksess ved magnetfiske, er snoren.\r\n<h2><strong>Hva b\u00f8r man se etter i en magnetfiskesnor?<\/strong><\/h2>\r\nDet er sv\u00e6rt viktig \u00e5 kj\u00f8pe en sterk, ikke-elastisk dobbel flettet snor, ellers er det stor sjanse for at du mister magneten i vannet. En billig eller elastisk snor vil ikke sitte godt nok p\u00e5 magneten, kan l\u00f8sne ved kontakt med skarpe gjenstander eller kan ryke.\r\n\r\nSnorer til magnetfiske b\u00f8r ha h\u00f8y trekkraft. En lengre snor gj\u00f8r at du kan kaste magneten langt ut i vannet og trekke den mot land flere ganger. De fleste magnetfiskere mener at den perfekte lengden er rundt 20 meter \/ 65 fot.\r\n\r\nDet er alltid fint \u00e5 f\u00e5 en snor spesielt laget for magnetfiske, i stedet for \u00e5 bruke en klatresnor som n\u00f8dl\u00f8sning. Magnetfiskesnorer har flere kvaliteter som er viktige n\u00e5r du skal magnetfiske.\r\n<h2><strong>Hvordan bruker jeg snoren?<\/strong><\/h2>\r\nSe trinn-for-trinn-planen for hvordan du fester din <strong>oransje<\/strong> snor til magneten nedenfor:\r\n<ol>\r\n \t<li><img class=\"\" alt=\"\" width=\"\" height=\"\" \/>Ta Magnetar magnetfiskesnoren ut av pakken og finn frem magneten din;<\/li>\r\n \t<li>Tr\u00e6 snoren gjennom \u00f8yet p\u00e5 magneten;<\/li>\r\n \t<li>Dra snoren under magneten f\u00f8r du begynner magnetfiske;<\/li>\r\n \t<li>Dra snoren. P\u00e5 denne m\u00e5ten strammes snoren av seg selv. N\u00e5 er du klar for magnetfiske!<\/li>\r\n<\/ol>\r\n<strong>Advarsel<\/strong>: Fester du snoren og magneten med karabinkrok? Det kan du gj\u00f8re, men s\u00f8rg for at \u00f8yet p\u00e5 magneten er festet med l\u00e5se-lim. Stram \u00f8yet godt. Magneten har mer bevegelse fordi av karabinkroken, s\u00e5 pass p\u00e5 \u00e5 stramme \u00f8yet godt.\r\n\r\n<strong>Advarsel<\/strong>: Har du en st\u00f8rre allround magnet og passer ikke l\u00f8kken som vist inn i magnetens \u00f8ye? Da kan du klippe av l\u00f8kken med en kniv og se denne <a target=\"\" rel=\"\">videoen.<\/a>\r\n\r\nDu kan knyte en Palomar-knute med enden av snoren til magneten, men dette holder ikke alltid i alle situasjoner. Vi foretrekker \u00e5 bruke en solid karabinkrok, derfor f\u00f8lger dette med ved hvert snorkj\u00f8p.\r\n\r\nSe <a target=\"\" rel=\"\">denne videoen<\/a> for \u00e5 se hvordan den anerkjente <i>Magnet Fishing A to Z<\/i> bruker v\u00e5r oransje snor sammen med v\u00e5r allround 360\u00b0 fiskemagnet.\r\n<h2><strong>Jeg har en neodymmagnet og snor, trenger jeg noe mer for magnetfiske?<\/strong><\/h2>\r\nHvis du har en sterk magnet og en grappling-krok, b\u00f8r du ha to snorer slik at du kan bruke magneten og kroken samtidig. For best mulig grep b\u00f8r du bruke hansker. Hansker er ikke n\u00f8dvendig, men beskytter hendene mot snorbrenning, blemmer, skittent vann og skarpe fragmenter.\r\n<h2><strong>Hva gj\u00f8r Magnetar til den beste snoren for magnetfiske?<\/strong><\/h2>\r\nMagnetars solide snor er smart designet for enkel bruk. Noen av egenskapene som gj\u00f8r dette til den beste magnetfiskesnoren er:\r\n<ul>\r\n \t<li aria-level=\"\"><strong>Materialer:<\/strong> ikke-elastisk nylon for holdbarhet og polyesterforsterkende tr\u00e5der for ekstra styrke<\/li>\r\n \t<li aria-level=\"\"><strong>Styrke:<\/strong> kan l\u00f8fte tunge gjenstander p\u00e5 grunn av ekstremt h\u00f8y bruddstyrke (v\u00e5r 10mm snor kan l\u00f8fte opptil 2000 kg!)<\/li>\r\n \t<li aria-level=\"\"><strong>Kvalitet:<\/strong> motstandsdyktig mot mugg, UV-str\u00e5ler, r\u00e5te og vann<\/li>\r\n \t<li aria-level=\"\"><strong>Bruk:<\/strong> den er allsidig og kan brukes til mange form\u00e5l.<\/li>\r\n \t<li aria-level=\"\"><strong>Ekstrautstyr:<\/strong> vi inkluderer en karabinkrok i rustfritt st\u00e5l med hvert snorkj\u00f8p.<\/li>\r\n<\/ul>\r\nSom nevnt tidligere trenger du en robust snor for \u00e5 trekke opp alle skatter du m\u00e5tte finne. Du kan bruke gammel snor, men en spesialisert magnetfiskesnor sikrer at du f\u00e5r b\u00e5de gjenstanden og magneten opp av vannet p\u00e5 en trygg m\u00e5te.\r\n\r\nMagnetars snor tilbyr alle disse fordelene, pluss en gratis karabinkrok med hvert kj\u00f8p. Ingen flere knuter og 100 % kvalitetsgaranti! En klar-til-bruk snor med perfekt lengde og h\u00f8y trekkraft.\r\n<h2><strong>Hva er maksimal vekt min snor kan l\u00f8fte?<\/strong><\/h2>\r\n<ul>\r\n \t<li>6mm snor = 720 kg<\/li>\r\n \t<li>8mm snor = 1300 kg<\/li>\r\n \t<li>10mm snor = 2000 kg<\/li>\r\n<\/ul>\r\n&#8220;","protected":false},"excerpt":{"rendered":"<p><span style=\"font-weight: 400;\">Spesialdesignet fiskesnor for <strong>magnetfiske<\/strong> med <strong>l\u00f8kke<\/strong> og <strong>karabinkrok<\/strong>. Ingen flere knuter og <strong>100 % kvalitetsgaranti<\/strong>. <\/span><\/p>\n","protected":false},"featured_media":77570,"comment_status":"open","ping_status":"closed","template":"","meta":{"_acf_changed":false,"inline_featured_image":false},"product_brand":[],"product_cat":[610,609],"product_tag":[],"class_list":{"0":"post-85585","1":"product","2":"type-product","3":"status-publish","4":"has-post-thumbnail","6":"product_cat-magnetfiskeutstyr","7":"product_cat-utstyr","9":"first","10":"instock","11":"taxable","12":"shipping-taxable","13":"purchasable","14":"product-type-variable"},"acf":[],"yoast_head":"<!-- This site is optimized with the Yoast SEO plugin v27.3 - https:\/\/yoast.com\/product\/yoast-seo-wordpress\/ -->\n<title>Magnetfiskesnor - Magnetar \u00ae [KJ\u00d8P N\u00c5]<\/title>\n<meta name=\"description\" content=\"Handle den beste Magnetfiskesnoren \u27a4 Magnetar \u00ae. Butikken for alt du trenger til magnetfiske. Sendes samme dag!\" \/>\n<meta name=\"robots\" content=\"index, follow, max-snippet:-1, max-image-preview:large, max-video-preview:-1\" \/>\n<link rel=\"canonical\" href=\"https:\/\/magnetarmagnets.com\/no\/shop\/magnetfiskesnor-20-meter-65-fot\/\" \/>\n<meta property=\"og:locale\" content=\"nb_NO\" \/>\n<meta property=\"og:type\" content=\"article\" \/>\n<meta property=\"og:title\" content=\"Magnetfiskesnor - Magnetar \u00ae [KJ\u00d8P N\u00c5]\" \/>\n<meta property=\"og:description\" content=\"Handle den beste Magnetfiskesnoren \u27a4 Magnetar \u00ae. Butikken for alt du trenger til magnetfiske. Sendes samme dag!\" \/>\n<meta property=\"og:url\" content=\"https:\/\/magnetarmagnets.com\/no\/shop\/magnetfiskesnor-20-meter-65-fot\/\" \/>\n<meta property=\"og:site_name\" content=\"Magnet fishing with a Magnetar fishing magnet\" \/>\n<meta property=\"article:publisher\" content=\"https:\/\/www.facebook.com\/fishingmagnets\/\" \/>\n<meta property=\"article:modified_time\" content=\"2026-04-07T15:06:15+00:00\" \/>\n<meta property=\"og:image\" content=\"https:\/\/magnetarmagnets.com\/wp-content\/uploads\/2014\/04\/Vismagneet-touw-1.jpg\" \/>\n\t<meta property=\"og:image:width\" content=\"1000\" \/>\n\t<meta property=\"og:image:height\" content=\"1000\" \/>\n\t<meta property=\"og:image:type\" content=\"image\/jpeg\" \/>\n<meta name=\"twitter:card\" content=\"summary_large_image\" \/>\n<meta name=\"twitter:label1\" content=\"Ansl. lesetid\" \/>\n\t<meta name=\"twitter:data1\" content=\"4 minutter\" \/>\n<script type=\"application\/ld+json\" class=\"yoast-schema-graph\">{\"@context\":\"https:\\\/\\\/schema.org\",\"@graph\":[{\"@type\":[\"WebPage\",\"ItemPage\"],\"@id\":\"https:\\\/\\\/magnetarmagnets.com\\\/no\\\/shop\\\/magnetfiskesnor-20-meter-65-fot\\\/\",\"url\":\"https:\\\/\\\/magnetarmagnets.com\\\/no\\\/shop\\\/magnetfiskesnor-20-meter-65-fot\\\/\",\"name\":\"Magnetfiskesnor - Magnetar \u00ae [KJ\u00d8P N\u00c5]\",\"isPartOf\":{\"@id\":\"https:\\\/\\\/magnetarmagnets.com\\\/no\\\/#website\"},\"primaryImageOfPage\":{\"@id\":\"https:\\\/\\\/magnetarmagnets.com\\\/no\\\/shop\\\/magnetfiskesnor-20-meter-65-fot\\\/#primaryimage\"},\"image\":{\"@id\":\"https:\\\/\\\/magnetarmagnets.com\\\/no\\\/shop\\\/magnetfiskesnor-20-meter-65-fot\\\/#primaryimage\"},\"thumbnailUrl\":\"https:\\\/\\\/magnetarmagnets.com\\\/wp-content\\\/uploads\\\/2014\\\/04\\\/Vismagneet-touw-1.jpg\",\"datePublished\":\"2025-06-19T11:55:40+00:00\",\"dateModified\":\"2026-04-07T15:06:15+00:00\",\"description\":\"Handle den beste Magnetfiskesnoren \u27a4 Magnetar \u00ae. Butikken for alt du trenger til magnetfiske. Sendes samme dag!\",\"breadcrumb\":{\"@id\":\"https:\\\/\\\/magnetarmagnets.com\\\/no\\\/shop\\\/magnetfiskesnor-20-meter-65-fot\\\/#breadcrumb\"},\"inLanguage\":\"nb-NO\",\"potentialAction\":[{\"@type\":\"ReadAction\",\"target\":[\"https:\\\/\\\/magnetarmagnets.com\\\/no\\\/shop\\\/magnetfiskesnor-20-meter-65-fot\\\/\"]}]},{\"@type\":\"ImageObject\",\"inLanguage\":\"nb-NO\",\"@id\":\"https:\\\/\\\/magnetarmagnets.com\\\/no\\\/shop\\\/magnetfiskesnor-20-meter-65-fot\\\/#primaryimage\",\"url\":\"https:\\\/\\\/magnetarmagnets.com\\\/wp-content\\\/uploads\\\/2014\\\/04\\\/Vismagneet-touw-1.jpg\",\"contentUrl\":\"https:\\\/\\\/magnetarmagnets.com\\\/wp-content\\\/uploads\\\/2014\\\/04\\\/Vismagneet-touw-1.jpg\",\"width\":1000,\"height\":1000,\"caption\":\"fish magnet rope\"},{\"@type\":\"BreadcrumbList\",\"@id\":\"https:\\\/\\\/magnetarmagnets.com\\\/no\\\/shop\\\/magnetfiskesnor-20-meter-65-fot\\\/#breadcrumb\",\"itemListElement\":[{\"@type\":\"ListItem\",\"position\":1,\"name\":\"Home\",\"item\":\"https:\\\/\\\/magnetarmagnets.com\\\/no\\\/\"},{\"@type\":\"ListItem\",\"position\":2,\"name\":\"Butikk\",\"item\":\"https:\\\/\\\/magnetarmagnets.com\\\/butikk\\\/\"},{\"@type\":\"ListItem\",\"position\":3,\"name\":\"Utstyr\",\"item\":\"https:\\\/\\\/magnetarmagnets.com\\\/no\\\/collections\\\/utstyr\\\/\"},{\"@type\":\"ListItem\",\"position\":4,\"name\":\"Magnetfiskeutstyr\",\"item\":\"https:\\\/\\\/magnetarmagnets.com\\\/no\\\/collections\\\/utstyr\\\/magnetfiskeutstyr\\\/\"},{\"@type\":\"ListItem\",\"position\":5,\"name\":\"Magnetfiskesnor || 20 meter \\\/ 65 fot\"}]},{\"@type\":\"WebSite\",\"@id\":\"https:\\\/\\\/magnetarmagnets.com\\\/no\\\/#website\",\"url\":\"https:\\\/\\\/magnetarmagnets.com\\\/no\\\/\",\"name\":\"Magnet fishing with a Magnetar fishing magnet\",\"description\":\"Kraftige magneter for magnetfiske\",\"publisher\":{\"@id\":\"https:\\\/\\\/magnetarmagnets.com\\\/no\\\/#organization\"},\"potentialAction\":[{\"@type\":\"SearchAction\",\"target\":{\"@type\":\"EntryPoint\",\"urlTemplate\":\"https:\\\/\\\/magnetarmagnets.com\\\/no\\\/?s={search_term_string}\"},\"query-input\":{\"@type\":\"PropertyValueSpecification\",\"valueRequired\":true,\"valueName\":\"search_term_string\"}}],\"inLanguage\":\"nb-NO\"},{\"@type\":\"Organization\",\"@id\":\"https:\\\/\\\/magnetarmagnets.com\\\/no\\\/#organization\",\"name\":\"Magnetar\",\"url\":\"https:\\\/\\\/magnetarmagnets.com\\\/no\\\/\",\"logo\":{\"@type\":\"ImageObject\",\"inLanguage\":\"nb-NO\",\"@id\":\"https:\\\/\\\/magnetarmagnets.com\\\/no\\\/#\\\/schema\\\/logo\\\/image\\\/\",\"url\":\"https:\\\/\\\/magnetarmagnets.com\\\/wp-content\\\/uploads\\\/2025\\\/05\\\/Logo-03_PNG-Black-scaled.png\",\"contentUrl\":\"https:\\\/\\\/magnetarmagnets.com\\\/wp-content\\\/uploads\\\/2025\\\/05\\\/Logo-03_PNG-Black-scaled.png\",\"width\":2560,\"height\":1658,\"caption\":\"Magnetar\"},\"image\":{\"@id\":\"https:\\\/\\\/magnetarmagnets.com\\\/no\\\/#\\\/schema\\\/logo\\\/image\\\/\"},\"sameAs\":[\"https:\\\/\\\/www.facebook.com\\\/fishingmagnets\\\/\",\"https:\\\/\\\/www.instagram.com\\\/magnetar_magnets\\\/\",\"https:\\\/\\\/www.linkedin.com\\\/company\\\/magnetarbv\\\/?originalSubdomain=nl\",\"https:\\\/\\\/www.youtube.com\\\/c\\\/MagnetarVismagneet\"]}]}<\/script>\n<!-- \/ Yoast SEO plugin. -->","yoast_head_json":{"title":"Magnetfiskesnor - Magnetar \u00ae [KJ\u00d8P N\u00c5]","description":"Handle den beste Magnetfiskesnoren \u27a4 Magnetar \u00ae. Butikken for alt du trenger til magnetfiske. Sendes samme dag!","robots":{"index":"index","follow":"follow","max-snippet":"max-snippet:-1","max-image-preview":"max-image-preview:large","max-video-preview":"max-video-preview:-1"},"canonical":"https:\/\/magnetarmagnets.com\/no\/shop\/magnetfiskesnor-20-meter-65-fot\/","og_locale":"nb_NO","og_type":"article","og_title":"Magnetfiskesnor - Magnetar \u00ae [KJ\u00d8P N\u00c5]","og_description":"Handle den beste Magnetfiskesnoren \u27a4 Magnetar \u00ae. Butikken for alt du trenger til magnetfiske. Sendes samme dag!","og_url":"https:\/\/magnetarmagnets.com\/no\/shop\/magnetfiskesnor-20-meter-65-fot\/","og_site_name":"Magnet fishing with a Magnetar fishing magnet","article_publisher":"https:\/\/www.facebook.com\/fishingmagnets\/","article_modified_time":"2026-04-07T15:06:15+00:00","og_image":[{"width":1000,"height":1000,"url":"https:\/\/magnetarmagnets.com\/wp-content\/uploads\/2014\/04\/Vismagneet-touw-1.jpg","type":"image\/jpeg"}],"twitter_card":"summary_large_image","twitter_misc":{"Ansl. lesetid":"4 minutter"},"schema":{"@context":"https:\/\/schema.org","@graph":[{"@type":["WebPage","ItemPage"],"@id":"https:\/\/magnetarmagnets.com\/no\/shop\/magnetfiskesnor-20-meter-65-fot\/","url":"https:\/\/magnetarmagnets.com\/no\/shop\/magnetfiskesnor-20-meter-65-fot\/","name":"Magnetfiskesnor - Magnetar \u00ae [KJ\u00d8P N\u00c5]","isPartOf":{"@id":"https:\/\/magnetarmagnets.com\/no\/#website"},"primaryImageOfPage":{"@id":"https:\/\/magnetarmagnets.com\/no\/shop\/magnetfiskesnor-20-meter-65-fot\/#primaryimage"},"image":{"@id":"https:\/\/magnetarmagnets.com\/no\/shop\/magnetfiskesnor-20-meter-65-fot\/#primaryimage"},"thumbnailUrl":"https:\/\/magnetarmagnets.com\/wp-content\/uploads\/2014\/04\/Vismagneet-touw-1.jpg","datePublished":"2025-06-19T11:55:40+00:00","dateModified":"2026-04-07T15:06:15+00:00","description":"Handle den beste Magnetfiskesnoren \u27a4 Magnetar \u00ae. Butikken for alt du trenger til magnetfiske. Sendes samme dag!","breadcrumb":{"@id":"https:\/\/magnetarmagnets.com\/no\/shop\/magnetfiskesnor-20-meter-65-fot\/#breadcrumb"},"inLanguage":"nb-NO","potentialAction":[{"@type":"ReadAction","target":["https:\/\/magnetarmagnets.com\/no\/shop\/magnetfiskesnor-20-meter-65-fot\/"]}]},{"@type":"ImageObject","inLanguage":"nb-NO","@id":"https:\/\/magnetarmagnets.com\/no\/shop\/magnetfiskesnor-20-meter-65-fot\/#primaryimage","url":"https:\/\/magnetarmagnets.com\/wp-content\/uploads\/2014\/04\/Vismagneet-touw-1.jpg","contentUrl":"https:\/\/magnetarmagnets.com\/wp-content\/uploads\/2014\/04\/Vismagneet-touw-1.jpg","width":1000,"height":1000,"caption":"fish magnet rope"},{"@type":"BreadcrumbList","@id":"https:\/\/magnetarmagnets.com\/no\/shop\/magnetfiskesnor-20-meter-65-fot\/#breadcrumb","itemListElement":[{"@type":"ListItem","position":1,"name":"Home","item":"https:\/\/magnetarmagnets.com\/no\/"},{"@type":"ListItem","position":2,"name":"Butikk","item":"https:\/\/magnetarmagnets.com\/butikk\/"},{"@type":"ListItem","position":3,"name":"Utstyr","item":"https:\/\/magnetarmagnets.com\/no\/collections\/utstyr\/"},{"@type":"ListItem","position":4,"name":"Magnetfiskeutstyr","item":"https:\/\/magnetarmagnets.com\/no\/collections\/utstyr\/magnetfiskeutstyr\/"},{"@type":"ListItem","position":5,"name":"Magnetfiskesnor || 20 meter \/ 65 fot"}]},{"@type":"WebSite","@id":"https:\/\/magnetarmagnets.com\/no\/#website","url":"https:\/\/magnetarmagnets.com\/no\/","name":"Magnet fishing with a Magnetar fishing magnet","description":"Kraftige magneter for magnetfiske","publisher":{"@id":"https:\/\/magnetarmagnets.com\/no\/#organization"},"potentialAction":[{"@type":"SearchAction","target":{"@type":"EntryPoint","urlTemplate":"https:\/\/magnetarmagnets.com\/no\/?s={search_term_string}"},"query-input":{"@type":"PropertyValueSpecification","valueRequired":true,"valueName":"search_term_string"}}],"inLanguage":"nb-NO"},{"@type":"Organization","@id":"https:\/\/magnetarmagnets.com\/no\/#organization","name":"Magnetar","url":"https:\/\/magnetarmagnets.com\/no\/","logo":{"@type":"ImageObject","inLanguage":"nb-NO","@id":"https:\/\/magnetarmagnets.com\/no\/#\/schema\/logo\/image\/","url":"https:\/\/magnetarmagnets.com\/wp-content\/uploads\/2025\/05\/Logo-03_PNG-Black-scaled.png","contentUrl":"https:\/\/magnetarmagnets.com\/wp-content\/uploads\/2025\/05\/Logo-03_PNG-Black-scaled.png","width":2560,"height":1658,"caption":"Magnetar"},"image":{"@id":"https:\/\/magnetarmagnets.com\/no\/#\/schema\/logo\/image\/"},"sameAs":["https:\/\/www.facebook.com\/fishingmagnets\/","https:\/\/www.instagram.com\/magnetar_magnets\/","https:\/\/www.linkedin.com\/company\/magnetarbv\/?originalSubdomain=nl","https:\/\/www.youtube.com\/c\/MagnetarVismagneet"]}]}},"_links":{"self":[{"href":"https:\/\/magnetarmagnets.com\/no\/wp-json\/wp\/v2\/product\/85585","targetHints":{"allow":["GET"]}}],"collection":[{"href":"https:\/\/magnetarmagnets.com\/no\/wp-json\/wp\/v2\/product"}],"about":[{"href":"https:\/\/magnetarmagnets.com\/no\/wp-json\/wp\/v2\/types\/product"}],"replies":[{"embeddable":true,"href":"https:\/\/magnetarmagnets.com\/no\/wp-json\/wp\/v2\/comments?post=85585"}],"version-history":[{"count":0,"href":"https:\/\/magnetarmagnets.com\/no\/wp-json\/wp\/v2\/product\/85585\/revisions"}],"wp:featuredmedia":[{"embeddable":true,"href":"https:\/\/magnetarmagnets.com\/no\/wp-json\/wp\/v2\/media\/77570"}],"wp:attachment":[{"href":"https:\/\/magnetarmagnets.com\/no\/wp-json\/wp\/v2\/media?parent=85585"}],"wp:term":[{"taxonomy":"product_brand","embeddable":true,"href":"https:\/\/magnetarmagnets.com\/no\/wp-json\/wp\/v2\/product_brand?post=85585"},{"taxonomy":"product_cat","embeddable":true,"href":"https:\/\/magnetarmagnets.com\/no\/wp-json\/wp\/v2\/product_cat?post=85585"},{"taxonomy":"product_tag","embeddable":true,"href":"https:\/\/magnetarmagnets.com\/no\/wp-json\/wp\/v2\/product_tag?post=85585"}],"curies":[{"name":"wp","href":"https:\/\/api.w.org\/{rel}","templated":true}]}}