{"id":84357,"date":"2025-06-06T15:18:34","date_gmt":"2025-06-06T13:18:34","guid":{"rendered":"https:\/\/magnetarmagnets.com\/shop\/magnetar-3d-t-skjorte\/"},"modified":"2026-04-07T20:30:46","modified_gmt":"2026-04-07T18:30:46","slug":"magnetar-3d-t-skjorte","status":"publish","type":"product","link":"https:\/\/magnetarmagnets.com\/no\/shop\/magnetar-3d-t-skjorte\/","title":{"rendered":"Magnetar 3D T-skjorte"},"content":{"rendered":"Hva har du p\u00e5 deg under magnetfiske? En Magnetar t-skjorte, selvf\u00f8lgelig! N\u00e5 har alle fans muligheten til \u00e5 kj\u00f8pe en Magnetar t-skjorte. P\u00e5 denne m\u00e5ten kan du se stilig ut langs vannkanten og vise din st\u00f8tte til v\u00e5rt merke.\n\n<h2>Komfortabel passform og utmerket kvalitet<\/h2>\n\nI utviklingen av hvert produkt streber vi etter best kvalitet. Det er ikke annerledes i dette tilfellet. Magnetar t-skjorten er laget av tykt og h\u00f8ykvalitets stoff, noe som gj\u00f8r den holdbar, noe som er et absolutt must under magnetfiske!\n\n\n\nMagnetfiske er naturligvis en aktiv hobby. Du beveger deg mye og kan bli skitten. Derfor har Magnetar t-skjorten en litt l\u00f8sere passform. Dette lar deg bevege deg uten begrensninger og sikrer at du ikke f\u00e5r svetting i en fei. T-skjorten er laget av bomull.\n\n<h2>H\u00f8ykvalitets 3D-logo<\/h2>\n\nMagnetar t-skjorten har en h\u00f8ykvalitets 3D-logo. Magnetar-logoen forblir permanent synlig da den er fullt brodert. Det er ogs\u00e5 et vanlig trykk p\u00e5 baksiden med teksten &#8220;MAGNETAR&#8221; og en logo.\n\n<h2>Magnetar-kvalitet<\/h2>\n\nMagnetar er en liten familieeid bedrift ledet av ekte magnetfiskeentusiaster. Kvalitet er v\u00e5r topp prioritet, og det kan du se i produktene v\u00e5re. Alle v\u00e5re produkter er designet av v\u00e5rt eget team for \u00e5 garantere kvalitet. Leter du etter p\u00e5litelig, effektivt og h\u00f8ykvalitets utstyr for magnetfiske? Da er du p\u00e5 rett sted med Magnetar!","protected":false},"excerpt":{"rendered":"<p>Med denne t-skjorten for magnetfiske viser du din <strong>st\u00f8tte<\/strong> til Magnetar. Skjorten har en <strong>vakkert brodert 3D-logo<\/strong> p\u00e5 forsiden.<\/p>\n","protected":false},"featured_media":79951,"comment_status":"open","ping_status":"closed","template":"","meta":{"_acf_changed":false,"inline_featured_image":false},"product_brand":[],"product_cat":[611,609],"product_tag":[],"class_list":{"0":"post-84357","1":"product","2":"type-product","3":"status-publish","4":"has-post-thumbnail","6":"product_cat-merch-no","7":"product_cat-utstyr","9":"first","10":"instock","11":"taxable","12":"shipping-taxable","13":"purchasable","14":"product-type-variable"},"acf":[],"yoast_head":"<!-- This site is optimized with the Yoast SEO plugin v27.3 - https:\/\/yoast.com\/product\/yoast-seo-wordpress\/ -->\n<title>Magnetar 3D T-skjorte - Magnet fishing with a Magnetar fishing magnet<\/title>\n<meta name=\"description\" content=\"Magnetar 3D T-skjorte - Stilig magnetfiskeantrekk\" \/>\n<meta name=\"robots\" content=\"index, follow, max-snippet:-1, max-image-preview:large, max-video-preview:-1\" \/>\n<link rel=\"canonical\" href=\"https:\/\/magnetarmagnets.com\/no\/shop\/magnetar-3d-t-skjorte\/\" \/>\n<meta property=\"og:locale\" content=\"nb_NO\" \/>\n<meta property=\"og:type\" content=\"article\" \/>\n<meta property=\"og:title\" content=\"Magnetar 3D T-skjorte - Magnet fishing with a Magnetar fishing magnet\" \/>\n<meta property=\"og:description\" content=\"Magnetar 3D T-skjorte - Stilig magnetfiskeantrekk\" \/>\n<meta property=\"og:url\" content=\"https:\/\/magnetarmagnets.com\/no\/shop\/magnetar-3d-t-skjorte\/\" \/>\n<meta property=\"og:site_name\" content=\"Magnet fishing with a Magnetar fishing magnet\" \/>\n<meta property=\"article:publisher\" content=\"https:\/\/www.facebook.com\/fishingmagnets\/\" \/>\n<meta property=\"article:modified_time\" content=\"2026-04-07T18:30:46+00:00\" \/>\n<meta property=\"og:image\" content=\"https:\/\/magnetarmagnets.com\/wp-content\/uploads\/2023\/09\/JNF-Magnetar-Bedrijfsfotografie-01-09-2023-Foto-0544.jpg\" \/>\n\t<meta property=\"og:image:width\" content=\"1000\" \/>\n\t<meta property=\"og:image:height\" content=\"1000\" \/>\n\t<meta property=\"og:image:type\" content=\"image\/jpeg\" \/>\n<meta name=\"twitter:card\" content=\"summary_large_image\" \/>\n<meta name=\"twitter:label1\" content=\"Ansl. lesetid\" \/>\n\t<meta name=\"twitter:data1\" content=\"2 minutter\" \/>\n<script type=\"application\/ld+json\" class=\"yoast-schema-graph\">{\"@context\":\"https:\\\/\\\/schema.org\",\"@graph\":[{\"@type\":[\"WebPage\",\"ItemPage\"],\"@id\":\"https:\\\/\\\/magnetarmagnets.com\\\/no\\\/shop\\\/magnetar-3d-t-skjorte\\\/\",\"url\":\"https:\\\/\\\/magnetarmagnets.com\\\/no\\\/shop\\\/magnetar-3d-t-skjorte\\\/\",\"name\":\"Magnetar 3D T-skjorte - Magnet fishing with a Magnetar fishing magnet\",\"isPartOf\":{\"@id\":\"https:\\\/\\\/magnetarmagnets.com\\\/no\\\/#website\"},\"primaryImageOfPage\":{\"@id\":\"https:\\\/\\\/magnetarmagnets.com\\\/no\\\/shop\\\/magnetar-3d-t-skjorte\\\/#primaryimage\"},\"image\":{\"@id\":\"https:\\\/\\\/magnetarmagnets.com\\\/no\\\/shop\\\/magnetar-3d-t-skjorte\\\/#primaryimage\"},\"thumbnailUrl\":\"https:\\\/\\\/magnetarmagnets.com\\\/wp-content\\\/uploads\\\/2023\\\/09\\\/JNF-Magnetar-Bedrijfsfotografie-01-09-2023-Foto-0544.jpg\",\"datePublished\":\"2025-06-06T13:18:34+00:00\",\"dateModified\":\"2026-04-07T18:30:46+00:00\",\"description\":\"Magnetar 3D T-skjorte - Stilig magnetfiskeantrekk\",\"breadcrumb\":{\"@id\":\"https:\\\/\\\/magnetarmagnets.com\\\/no\\\/shop\\\/magnetar-3d-t-skjorte\\\/#breadcrumb\"},\"inLanguage\":\"nb-NO\",\"potentialAction\":[{\"@type\":\"ReadAction\",\"target\":[\"https:\\\/\\\/magnetarmagnets.com\\\/no\\\/shop\\\/magnetar-3d-t-skjorte\\\/\"]}]},{\"@type\":\"ImageObject\",\"inLanguage\":\"nb-NO\",\"@id\":\"https:\\\/\\\/magnetarmagnets.com\\\/no\\\/shop\\\/magnetar-3d-t-skjorte\\\/#primaryimage\",\"url\":\"https:\\\/\\\/magnetarmagnets.com\\\/wp-content\\\/uploads\\\/2023\\\/09\\\/JNF-Magnetar-Bedrijfsfotografie-01-09-2023-Foto-0544.jpg\",\"contentUrl\":\"https:\\\/\\\/magnetarmagnets.com\\\/wp-content\\\/uploads\\\/2023\\\/09\\\/JNF-Magnetar-Bedrijfsfotografie-01-09-2023-Foto-0544.jpg\",\"width\":1000,\"height\":1000,\"caption\":\"With this Magnetar t-shirt, you show off your belonging to team Magnetar while magnetic fishing.\"},{\"@type\":\"BreadcrumbList\",\"@id\":\"https:\\\/\\\/magnetarmagnets.com\\\/no\\\/shop\\\/magnetar-3d-t-skjorte\\\/#breadcrumb\",\"itemListElement\":[{\"@type\":\"ListItem\",\"position\":1,\"name\":\"Home\",\"item\":\"https:\\\/\\\/magnetarmagnets.com\\\/no\\\/\"},{\"@type\":\"ListItem\",\"position\":2,\"name\":\"Butikk\",\"item\":\"https:\\\/\\\/magnetarmagnets.com\\\/butikk\\\/\"},{\"@type\":\"ListItem\",\"position\":3,\"name\":\"All products\",\"item\":\"https:\\\/\\\/magnetarmagnets.com\\\/collections\\\/all-products\\\/\"},{\"@type\":\"ListItem\",\"position\":4,\"name\":\"Magnetar 3D T-skjorte\"}]},{\"@type\":\"WebSite\",\"@id\":\"https:\\\/\\\/magnetarmagnets.com\\\/no\\\/#website\",\"url\":\"https:\\\/\\\/magnetarmagnets.com\\\/no\\\/\",\"name\":\"Magnet fishing with a Magnetar fishing magnet\",\"description\":\"Kraftige magneter for magnetfiske\",\"publisher\":{\"@id\":\"https:\\\/\\\/magnetarmagnets.com\\\/no\\\/#organization\"},\"potentialAction\":[{\"@type\":\"SearchAction\",\"target\":{\"@type\":\"EntryPoint\",\"urlTemplate\":\"https:\\\/\\\/magnetarmagnets.com\\\/no\\\/?s={search_term_string}\"},\"query-input\":{\"@type\":\"PropertyValueSpecification\",\"valueRequired\":true,\"valueName\":\"search_term_string\"}}],\"inLanguage\":\"nb-NO\"},{\"@type\":\"Organization\",\"@id\":\"https:\\\/\\\/magnetarmagnets.com\\\/no\\\/#organization\",\"name\":\"Magnetar\",\"url\":\"https:\\\/\\\/magnetarmagnets.com\\\/no\\\/\",\"logo\":{\"@type\":\"ImageObject\",\"inLanguage\":\"nb-NO\",\"@id\":\"https:\\\/\\\/magnetarmagnets.com\\\/no\\\/#\\\/schema\\\/logo\\\/image\\\/\",\"url\":\"https:\\\/\\\/magnetarmagnets.com\\\/wp-content\\\/uploads\\\/2025\\\/05\\\/Logo-03_PNG-Black-scaled.png\",\"contentUrl\":\"https:\\\/\\\/magnetarmagnets.com\\\/wp-content\\\/uploads\\\/2025\\\/05\\\/Logo-03_PNG-Black-scaled.png\",\"width\":2560,\"height\":1658,\"caption\":\"Magnetar\"},\"image\":{\"@id\":\"https:\\\/\\\/magnetarmagnets.com\\\/no\\\/#\\\/schema\\\/logo\\\/image\\\/\"},\"sameAs\":[\"https:\\\/\\\/www.facebook.com\\\/fishingmagnets\\\/\",\"https:\\\/\\\/www.instagram.com\\\/magnetar_magnets\\\/\",\"https:\\\/\\\/www.linkedin.com\\\/company\\\/magnetarbv\\\/?originalSubdomain=nl\",\"https:\\\/\\\/www.youtube.com\\\/c\\\/MagnetarVismagneet\"]}]}<\/script>\n<!-- \/ Yoast SEO plugin. -->","yoast_head_json":{"title":"Magnetar 3D T-skjorte - Magnet fishing with a Magnetar fishing magnet","description":"Magnetar 3D T-skjorte - Stilig magnetfiskeantrekk","robots":{"index":"index","follow":"follow","max-snippet":"max-snippet:-1","max-image-preview":"max-image-preview:large","max-video-preview":"max-video-preview:-1"},"canonical":"https:\/\/magnetarmagnets.com\/no\/shop\/magnetar-3d-t-skjorte\/","og_locale":"nb_NO","og_type":"article","og_title":"Magnetar 3D T-skjorte - Magnet fishing with a Magnetar fishing magnet","og_description":"Magnetar 3D T-skjorte - Stilig magnetfiskeantrekk","og_url":"https:\/\/magnetarmagnets.com\/no\/shop\/magnetar-3d-t-skjorte\/","og_site_name":"Magnet fishing with a Magnetar fishing magnet","article_publisher":"https:\/\/www.facebook.com\/fishingmagnets\/","article_modified_time":"2026-04-07T18:30:46+00:00","og_image":[{"width":1000,"height":1000,"url":"https:\/\/magnetarmagnets.com\/wp-content\/uploads\/2023\/09\/JNF-Magnetar-Bedrijfsfotografie-01-09-2023-Foto-0544.jpg","type":"image\/jpeg"}],"twitter_card":"summary_large_image","twitter_misc":{"Ansl. lesetid":"2 minutter"},"schema":{"@context":"https:\/\/schema.org","@graph":[{"@type":["WebPage","ItemPage"],"@id":"https:\/\/magnetarmagnets.com\/no\/shop\/magnetar-3d-t-skjorte\/","url":"https:\/\/magnetarmagnets.com\/no\/shop\/magnetar-3d-t-skjorte\/","name":"Magnetar 3D T-skjorte - Magnet fishing with a Magnetar fishing magnet","isPartOf":{"@id":"https:\/\/magnetarmagnets.com\/no\/#website"},"primaryImageOfPage":{"@id":"https:\/\/magnetarmagnets.com\/no\/shop\/magnetar-3d-t-skjorte\/#primaryimage"},"image":{"@id":"https:\/\/magnetarmagnets.com\/no\/shop\/magnetar-3d-t-skjorte\/#primaryimage"},"thumbnailUrl":"https:\/\/magnetarmagnets.com\/wp-content\/uploads\/2023\/09\/JNF-Magnetar-Bedrijfsfotografie-01-09-2023-Foto-0544.jpg","datePublished":"2025-06-06T13:18:34+00:00","dateModified":"2026-04-07T18:30:46+00:00","description":"Magnetar 3D T-skjorte - Stilig magnetfiskeantrekk","breadcrumb":{"@id":"https:\/\/magnetarmagnets.com\/no\/shop\/magnetar-3d-t-skjorte\/#breadcrumb"},"inLanguage":"nb-NO","potentialAction":[{"@type":"ReadAction","target":["https:\/\/magnetarmagnets.com\/no\/shop\/magnetar-3d-t-skjorte\/"]}]},{"@type":"ImageObject","inLanguage":"nb-NO","@id":"https:\/\/magnetarmagnets.com\/no\/shop\/magnetar-3d-t-skjorte\/#primaryimage","url":"https:\/\/magnetarmagnets.com\/wp-content\/uploads\/2023\/09\/JNF-Magnetar-Bedrijfsfotografie-01-09-2023-Foto-0544.jpg","contentUrl":"https:\/\/magnetarmagnets.com\/wp-content\/uploads\/2023\/09\/JNF-Magnetar-Bedrijfsfotografie-01-09-2023-Foto-0544.jpg","width":1000,"height":1000,"caption":"With this Magnetar t-shirt, you show off your belonging to team Magnetar while magnetic fishing."},{"@type":"BreadcrumbList","@id":"https:\/\/magnetarmagnets.com\/no\/shop\/magnetar-3d-t-skjorte\/#breadcrumb","itemListElement":[{"@type":"ListItem","position":1,"name":"Home","item":"https:\/\/magnetarmagnets.com\/no\/"},{"@type":"ListItem","position":2,"name":"Butikk","item":"https:\/\/magnetarmagnets.com\/butikk\/"},{"@type":"ListItem","position":3,"name":"All products","item":"https:\/\/magnetarmagnets.com\/collections\/all-products\/"},{"@type":"ListItem","position":4,"name":"Magnetar 3D T-skjorte"}]},{"@type":"WebSite","@id":"https:\/\/magnetarmagnets.com\/no\/#website","url":"https:\/\/magnetarmagnets.com\/no\/","name":"Magnet fishing with a Magnetar fishing magnet","description":"Kraftige magneter for magnetfiske","publisher":{"@id":"https:\/\/magnetarmagnets.com\/no\/#organization"},"potentialAction":[{"@type":"SearchAction","target":{"@type":"EntryPoint","urlTemplate":"https:\/\/magnetarmagnets.com\/no\/?s={search_term_string}"},"query-input":{"@type":"PropertyValueSpecification","valueRequired":true,"valueName":"search_term_string"}}],"inLanguage":"nb-NO"},{"@type":"Organization","@id":"https:\/\/magnetarmagnets.com\/no\/#organization","name":"Magnetar","url":"https:\/\/magnetarmagnets.com\/no\/","logo":{"@type":"ImageObject","inLanguage":"nb-NO","@id":"https:\/\/magnetarmagnets.com\/no\/#\/schema\/logo\/image\/","url":"https:\/\/magnetarmagnets.com\/wp-content\/uploads\/2025\/05\/Logo-03_PNG-Black-scaled.png","contentUrl":"https:\/\/magnetarmagnets.com\/wp-content\/uploads\/2025\/05\/Logo-03_PNG-Black-scaled.png","width":2560,"height":1658,"caption":"Magnetar"},"image":{"@id":"https:\/\/magnetarmagnets.com\/no\/#\/schema\/logo\/image\/"},"sameAs":["https:\/\/www.facebook.com\/fishingmagnets\/","https:\/\/www.instagram.com\/magnetar_magnets\/","https:\/\/www.linkedin.com\/company\/magnetarbv\/?originalSubdomain=nl","https:\/\/www.youtube.com\/c\/MagnetarVismagneet"]}]}},"_links":{"self":[{"href":"https:\/\/magnetarmagnets.com\/no\/wp-json\/wp\/v2\/product\/84357","targetHints":{"allow":["GET"]}}],"collection":[{"href":"https:\/\/magnetarmagnets.com\/no\/wp-json\/wp\/v2\/product"}],"about":[{"href":"https:\/\/magnetarmagnets.com\/no\/wp-json\/wp\/v2\/types\/product"}],"replies":[{"embeddable":true,"href":"https:\/\/magnetarmagnets.com\/no\/wp-json\/wp\/v2\/comments?post=84357"}],"version-history":[{"count":1,"href":"https:\/\/magnetarmagnets.com\/no\/wp-json\/wp\/v2\/product\/84357\/revisions"}],"predecessor-version":[{"id":94605,"href":"https:\/\/magnetarmagnets.com\/no\/wp-json\/wp\/v2\/product\/84357\/revisions\/94605"}],"wp:featuredmedia":[{"embeddable":true,"href":"https:\/\/magnetarmagnets.com\/no\/wp-json\/wp\/v2\/media\/79951"}],"wp:attachment":[{"href":"https:\/\/magnetarmagnets.com\/no\/wp-json\/wp\/v2\/media?parent=84357"}],"wp:term":[{"taxonomy":"product_brand","embeddable":true,"href":"https:\/\/magnetarmagnets.com\/no\/wp-json\/wp\/v2\/product_brand?post=84357"},{"taxonomy":"product_cat","embeddable":true,"href":"https:\/\/magnetarmagnets.com\/no\/wp-json\/wp\/v2\/product_cat?post=84357"},{"taxonomy":"product_tag","embeddable":true,"href":"https:\/\/magnetarmagnets.com\/no\/wp-json\/wp\/v2\/product_tag?post=84357"}],"curies":[{"name":"wp","href":"https:\/\/api.w.org\/{rel}","templated":true}]}}