{"id":84356,"date":"2025-06-05T09:53:04","date_gmt":"2025-06-05T07:53:04","guid":{"rendered":"https:\/\/magnetarmagnets.com\/shop\/oppvarmet-bodywarmer\/"},"modified":"2026-04-07T20:16:32","modified_gmt":"2026-04-07T18:16:32","slug":"oppvarmet-bodywarmer","status":"publish","type":"product","link":"https:\/\/magnetarmagnets.com\/no\/shop\/oppvarmet-bodywarmer\/","title":{"rendered":"Oppvarmet bodywarmer"},"content":{"rendered":"Om h\u00f8sten og vinteren m\u00f8ter du mange kalde og t\u00f8ffe dager. Vil du trosse kulden i denne perioden? Det kan du med den oppvarmede bodywarmeren Lava fra Magnetar Heat. Magnetar Heat-kl\u00e6r holder kroppen din behagelig varm. Bli overrasket over de tre oppvarmbare sonene, sterk batteri og utmerket kvalitet.\n\n<h2>Tre oppvarmbare soner og varmeinnstillinger<\/h2>\n\nDen oppvarmede bodywarmeren Lava er utstyrt med tre oppvarmbare soner. To foran og en bak s\u00f8rger for at hele overkroppen holdes komfortabelt varm. Sonene kan stilles inn p\u00e5 tre forskjellige temperaturer: 40 \u00b0C, 50 \u00b0C og 60 \u00b0C.\n\n\n\nJustering av varmeinnstillingene er overraskende enkelt. Det gj\u00f8r du ved hjelp av knappen p\u00e5 fronten av bodywarmeren. Ett trykk aktiverer varmen, og hvert p\u00e5f\u00f8lgende trykk \u00f8ker temperaturen med ett niv\u00e5. Blir du for varm, kan du enkelt sl\u00e5 av bodywarmeren.\n\n<h2>Langvarig varme takket v\u00e6re et kraftig batteri<\/h2>\n\nNyt en varm kropp hele dagen med Magnetar Heat. Det kraftige batteriet gir varme i opptil imponerende 10 timer. Den n\u00f8yaktige varigheten avhenger av varmeinnstillingen. Her er en oversikt over batterilevetiden basert p\u00e5 varmeinnstillingene:\n\n<ul>\n\n \t<li>40 \u00b0C: 10 timer<\/li>\n\n \t<li>50 \u00b0C: 8 timer<\/li>\n\n \t<li>60 \u00b0C: 6 timer<\/li>\n\n<\/ul>\n\nBatteriet\/powerbanken (6700mAh) leveres med lader og kan enkelt byttes ut. Det betyr at du teoretisk kan bruke flere batterier for \u00e5 nyte den oppvarmede bodywarmeren Lava enda lenger. I tillegg har batteriet USB og 4.0 DC-utgang samt USB-C-inngang.\n\n<h2>Vindtett og vanntett<\/h2>\n\nVind og vann er ingen utfordring for den oppvarmede bodywarmeren. H\u00f8ykvalitets nylon brukes b\u00e5de p\u00e5 innsiden og utsiden. Bruken av nylon sikrer ogs\u00e5 at plagget forblir lett og f\u00f8les som en vanlig, h\u00f8ykvalitets bodywarmer.\n\n<h2>Egnet for vaskemaskin<\/h2>\n\nEtter en dag med utend\u00f8rsaktiviteter, hvis du trenger \u00e5 rengj\u00f8re bodywarmeren, kan du det! Du kan trygt legge den i vaskemaskinen. V\u00e6r imidlertid oppmerksom p\u00e5 at batteriet m\u00e5 fjernes p\u00e5 forh\u00e5nd!","protected":false},"excerpt":{"rendered":"<p>Denne <strong>oppvarmede<\/strong> <strong>bodywarmeren<\/strong> holder kroppen din p\u00e5 riktig temperatur med <strong>tre varmezoner<\/strong>, et <strong>kraftig batteri<\/strong> og <strong>tre varmeinnstillinger<\/strong>.<\/p>\n","protected":false},"featured_media":88110,"comment_status":"open","ping_status":"closed","template":"","meta":{"_acf_changed":false,"inline_featured_image":false},"product_brand":[],"product_cat":[612,609],"product_tag":[],"class_list":{"0":"post-84356","1":"product","2":"type-product","3":"status-publish","4":"has-post-thumbnail","6":"product_cat-oppvarmede-klaer","7":"product_cat-utstyr","9":"first","10":"instock","11":"taxable","12":"shipping-taxable","13":"purchasable","14":"product-type-variable"},"acf":[],"yoast_head":"<!-- This site is optimized with the Yoast SEO plugin v27.4 - https:\/\/yoast.com\/product\/yoast-seo-wordpress\/ -->\n<title>Oppvarmet bodywarmer - Magnet fishing with a Magnetar fishing magnet<\/title>\n<meta name=\"description\" content=\"Oppvarmet bodywarmer - Hold deg varm under magnetfiske\" \/>\n<meta name=\"robots\" content=\"index, follow, max-snippet:-1, max-image-preview:large, max-video-preview:-1\" \/>\n<link rel=\"canonical\" href=\"https:\/\/magnetarmagnets.com\/no\/shop\/oppvarmet-bodywarmer\/\" \/>\n<meta property=\"og:locale\" content=\"nb_NO\" \/>\n<meta property=\"og:type\" content=\"article\" \/>\n<meta property=\"og:title\" content=\"Oppvarmet bodywarmer - Magnet fishing with a Magnetar fishing magnet\" \/>\n<meta property=\"og:description\" content=\"Oppvarmet bodywarmer - Hold deg varm under magnetfiske\" \/>\n<meta property=\"og:url\" content=\"https:\/\/magnetarmagnets.com\/no\/shop\/oppvarmet-bodywarmer\/\" \/>\n<meta property=\"og:site_name\" content=\"Magnet fishing with a Magnetar fishing magnet\" \/>\n<meta property=\"article:publisher\" content=\"https:\/\/www.facebook.com\/fishingmagnets\/\" \/>\n<meta property=\"article:modified_time\" content=\"2026-04-07T18:16:32+00:00\" \/>\n<meta property=\"og:image\" content=\"https:\/\/magnetarmagnets.com\/wp-content\/uploads\/2025\/06\/LAVA-BLACK-HEATED-VOOR-ACHTER.jpg\" \/>\n\t<meta property=\"og:image:width\" content=\"1000\" \/>\n\t<meta property=\"og:image:height\" content=\"1000\" \/>\n\t<meta property=\"og:image:type\" content=\"image\/jpeg\" \/>\n<meta name=\"twitter:card\" content=\"summary_large_image\" \/>\n<meta name=\"twitter:label1\" content=\"Ansl. lesetid\" \/>\n\t<meta name=\"twitter:data1\" content=\"2 minutter\" \/>\n<script type=\"application\/ld+json\" class=\"yoast-schema-graph\">{\"@context\":\"https:\\\/\\\/schema.org\",\"@graph\":[{\"@type\":[\"WebPage\",\"ItemPage\"],\"@id\":\"https:\\\/\\\/magnetarmagnets.com\\\/no\\\/shop\\\/oppvarmet-bodywarmer\\\/\",\"url\":\"https:\\\/\\\/magnetarmagnets.com\\\/no\\\/shop\\\/oppvarmet-bodywarmer\\\/\",\"name\":\"Oppvarmet bodywarmer - Magnet fishing with a Magnetar fishing magnet\",\"isPartOf\":{\"@id\":\"https:\\\/\\\/magnetarmagnets.com\\\/no\\\/#website\"},\"primaryImageOfPage\":{\"@id\":\"https:\\\/\\\/magnetarmagnets.com\\\/no\\\/shop\\\/oppvarmet-bodywarmer\\\/#primaryimage\"},\"image\":{\"@id\":\"https:\\\/\\\/magnetarmagnets.com\\\/no\\\/shop\\\/oppvarmet-bodywarmer\\\/#primaryimage\"},\"thumbnailUrl\":\"https:\\\/\\\/magnetarmagnets.com\\\/wp-content\\\/uploads\\\/2025\\\/06\\\/LAVA-BLACK-HEATED-VOOR-ACHTER.jpg\",\"datePublished\":\"2025-06-05T07:53:04+00:00\",\"dateModified\":\"2026-04-07T18:16:32+00:00\",\"description\":\"Oppvarmet bodywarmer - Hold deg varm under magnetfiske\",\"breadcrumb\":{\"@id\":\"https:\\\/\\\/magnetarmagnets.com\\\/no\\\/shop\\\/oppvarmet-bodywarmer\\\/#breadcrumb\"},\"inLanguage\":\"nb-NO\",\"potentialAction\":[{\"@type\":\"ReadAction\",\"target\":[\"https:\\\/\\\/magnetarmagnets.com\\\/no\\\/shop\\\/oppvarmet-bodywarmer\\\/\"]}]},{\"@type\":\"ImageObject\",\"inLanguage\":\"nb-NO\",\"@id\":\"https:\\\/\\\/magnetarmagnets.com\\\/no\\\/shop\\\/oppvarmet-bodywarmer\\\/#primaryimage\",\"url\":\"https:\\\/\\\/magnetarmagnets.com\\\/wp-content\\\/uploads\\\/2025\\\/06\\\/LAVA-BLACK-HEATED-VOOR-ACHTER.jpg\",\"contentUrl\":\"https:\\\/\\\/magnetarmagnets.com\\\/wp-content\\\/uploads\\\/2025\\\/06\\\/LAVA-BLACK-HEATED-VOOR-ACHTER.jpg\",\"width\":1000,\"height\":1000},{\"@type\":\"BreadcrumbList\",\"@id\":\"https:\\\/\\\/magnetarmagnets.com\\\/no\\\/shop\\\/oppvarmet-bodywarmer\\\/#breadcrumb\",\"itemListElement\":[{\"@type\":\"ListItem\",\"position\":1,\"name\":\"Home\",\"item\":\"https:\\\/\\\/magnetarmagnets.com\\\/no\\\/\"},{\"@type\":\"ListItem\",\"position\":2,\"name\":\"Butikk\",\"item\":\"https:\\\/\\\/magnetarmagnets.com\\\/butikk\\\/\"},{\"@type\":\"ListItem\",\"position\":3,\"name\":\"Utstyr\",\"item\":\"https:\\\/\\\/magnetarmagnets.com\\\/no\\\/collections\\\/utstyr\\\/\"},{\"@type\":\"ListItem\",\"position\":4,\"name\":\"Oppvarmede kl\u00e6r\",\"item\":\"https:\\\/\\\/magnetarmagnets.com\\\/no\\\/collections\\\/utstyr\\\/oppvarmede-klaer\\\/\"},{\"@type\":\"ListItem\",\"position\":5,\"name\":\"Oppvarmet bodywarmer\"}]},{\"@type\":\"WebSite\",\"@id\":\"https:\\\/\\\/magnetarmagnets.com\\\/no\\\/#website\",\"url\":\"https:\\\/\\\/magnetarmagnets.com\\\/no\\\/\",\"name\":\"Magnet fishing with a Magnetar fishing magnet\",\"description\":\"Kraftige magneter for magnetfiske\",\"publisher\":{\"@id\":\"https:\\\/\\\/magnetarmagnets.com\\\/no\\\/#organization\"},\"potentialAction\":[{\"@type\":\"SearchAction\",\"target\":{\"@type\":\"EntryPoint\",\"urlTemplate\":\"https:\\\/\\\/magnetarmagnets.com\\\/no\\\/?s={search_term_string}\"},\"query-input\":{\"@type\":\"PropertyValueSpecification\",\"valueRequired\":true,\"valueName\":\"search_term_string\"}}],\"inLanguage\":\"nb-NO\"},{\"@type\":\"Organization\",\"@id\":\"https:\\\/\\\/magnetarmagnets.com\\\/no\\\/#organization\",\"name\":\"Magnetar\",\"url\":\"https:\\\/\\\/magnetarmagnets.com\\\/no\\\/\",\"logo\":{\"@type\":\"ImageObject\",\"inLanguage\":\"nb-NO\",\"@id\":\"https:\\\/\\\/magnetarmagnets.com\\\/no\\\/#\\\/schema\\\/logo\\\/image\\\/\",\"url\":\"https:\\\/\\\/magnetarmagnets.com\\\/wp-content\\\/uploads\\\/2025\\\/05\\\/Logo-03_PNG-Black-scaled.png\",\"contentUrl\":\"https:\\\/\\\/magnetarmagnets.com\\\/wp-content\\\/uploads\\\/2025\\\/05\\\/Logo-03_PNG-Black-scaled.png\",\"width\":2560,\"height\":1658,\"caption\":\"Magnetar\"},\"image\":{\"@id\":\"https:\\\/\\\/magnetarmagnets.com\\\/no\\\/#\\\/schema\\\/logo\\\/image\\\/\"},\"sameAs\":[\"https:\\\/\\\/www.facebook.com\\\/fishingmagnets\\\/\",\"https:\\\/\\\/www.instagram.com\\\/magnetar_magnets\\\/\",\"https:\\\/\\\/www.linkedin.com\\\/company\\\/magnetarbv\\\/?originalSubdomain=nl\",\"https:\\\/\\\/www.youtube.com\\\/c\\\/MagnetarVismagneet\"]}]}<\/script>\n<!-- \/ Yoast SEO plugin. -->","yoast_head_json":{"title":"Oppvarmet bodywarmer - Magnet fishing with a Magnetar fishing magnet","description":"Oppvarmet bodywarmer - Hold deg varm under magnetfiske","robots":{"index":"index","follow":"follow","max-snippet":"max-snippet:-1","max-image-preview":"max-image-preview:large","max-video-preview":"max-video-preview:-1"},"canonical":"https:\/\/magnetarmagnets.com\/no\/shop\/oppvarmet-bodywarmer\/","og_locale":"nb_NO","og_type":"article","og_title":"Oppvarmet bodywarmer - Magnet fishing with a Magnetar fishing magnet","og_description":"Oppvarmet bodywarmer - Hold deg varm under magnetfiske","og_url":"https:\/\/magnetarmagnets.com\/no\/shop\/oppvarmet-bodywarmer\/","og_site_name":"Magnet fishing with a Magnetar fishing magnet","article_publisher":"https:\/\/www.facebook.com\/fishingmagnets\/","article_modified_time":"2026-04-07T18:16:32+00:00","og_image":[{"width":1000,"height":1000,"url":"https:\/\/magnetarmagnets.com\/wp-content\/uploads\/2025\/06\/LAVA-BLACK-HEATED-VOOR-ACHTER.jpg","type":"image\/jpeg"}],"twitter_card":"summary_large_image","twitter_misc":{"Ansl. lesetid":"2 minutter"},"schema":{"@context":"https:\/\/schema.org","@graph":[{"@type":["WebPage","ItemPage"],"@id":"https:\/\/magnetarmagnets.com\/no\/shop\/oppvarmet-bodywarmer\/","url":"https:\/\/magnetarmagnets.com\/no\/shop\/oppvarmet-bodywarmer\/","name":"Oppvarmet bodywarmer - Magnet fishing with a Magnetar fishing magnet","isPartOf":{"@id":"https:\/\/magnetarmagnets.com\/no\/#website"},"primaryImageOfPage":{"@id":"https:\/\/magnetarmagnets.com\/no\/shop\/oppvarmet-bodywarmer\/#primaryimage"},"image":{"@id":"https:\/\/magnetarmagnets.com\/no\/shop\/oppvarmet-bodywarmer\/#primaryimage"},"thumbnailUrl":"https:\/\/magnetarmagnets.com\/wp-content\/uploads\/2025\/06\/LAVA-BLACK-HEATED-VOOR-ACHTER.jpg","datePublished":"2025-06-05T07:53:04+00:00","dateModified":"2026-04-07T18:16:32+00:00","description":"Oppvarmet bodywarmer - Hold deg varm under magnetfiske","breadcrumb":{"@id":"https:\/\/magnetarmagnets.com\/no\/shop\/oppvarmet-bodywarmer\/#breadcrumb"},"inLanguage":"nb-NO","potentialAction":[{"@type":"ReadAction","target":["https:\/\/magnetarmagnets.com\/no\/shop\/oppvarmet-bodywarmer\/"]}]},{"@type":"ImageObject","inLanguage":"nb-NO","@id":"https:\/\/magnetarmagnets.com\/no\/shop\/oppvarmet-bodywarmer\/#primaryimage","url":"https:\/\/magnetarmagnets.com\/wp-content\/uploads\/2025\/06\/LAVA-BLACK-HEATED-VOOR-ACHTER.jpg","contentUrl":"https:\/\/magnetarmagnets.com\/wp-content\/uploads\/2025\/06\/LAVA-BLACK-HEATED-VOOR-ACHTER.jpg","width":1000,"height":1000},{"@type":"BreadcrumbList","@id":"https:\/\/magnetarmagnets.com\/no\/shop\/oppvarmet-bodywarmer\/#breadcrumb","itemListElement":[{"@type":"ListItem","position":1,"name":"Home","item":"https:\/\/magnetarmagnets.com\/no\/"},{"@type":"ListItem","position":2,"name":"Butikk","item":"https:\/\/magnetarmagnets.com\/butikk\/"},{"@type":"ListItem","position":3,"name":"Utstyr","item":"https:\/\/magnetarmagnets.com\/no\/collections\/utstyr\/"},{"@type":"ListItem","position":4,"name":"Oppvarmede kl\u00e6r","item":"https:\/\/magnetarmagnets.com\/no\/collections\/utstyr\/oppvarmede-klaer\/"},{"@type":"ListItem","position":5,"name":"Oppvarmet bodywarmer"}]},{"@type":"WebSite","@id":"https:\/\/magnetarmagnets.com\/no\/#website","url":"https:\/\/magnetarmagnets.com\/no\/","name":"Magnet fishing with a Magnetar fishing magnet","description":"Kraftige magneter for magnetfiske","publisher":{"@id":"https:\/\/magnetarmagnets.com\/no\/#organization"},"potentialAction":[{"@type":"SearchAction","target":{"@type":"EntryPoint","urlTemplate":"https:\/\/magnetarmagnets.com\/no\/?s={search_term_string}"},"query-input":{"@type":"PropertyValueSpecification","valueRequired":true,"valueName":"search_term_string"}}],"inLanguage":"nb-NO"},{"@type":"Organization","@id":"https:\/\/magnetarmagnets.com\/no\/#organization","name":"Magnetar","url":"https:\/\/magnetarmagnets.com\/no\/","logo":{"@type":"ImageObject","inLanguage":"nb-NO","@id":"https:\/\/magnetarmagnets.com\/no\/#\/schema\/logo\/image\/","url":"https:\/\/magnetarmagnets.com\/wp-content\/uploads\/2025\/05\/Logo-03_PNG-Black-scaled.png","contentUrl":"https:\/\/magnetarmagnets.com\/wp-content\/uploads\/2025\/05\/Logo-03_PNG-Black-scaled.png","width":2560,"height":1658,"caption":"Magnetar"},"image":{"@id":"https:\/\/magnetarmagnets.com\/no\/#\/schema\/logo\/image\/"},"sameAs":["https:\/\/www.facebook.com\/fishingmagnets\/","https:\/\/www.instagram.com\/magnetar_magnets\/","https:\/\/www.linkedin.com\/company\/magnetarbv\/?originalSubdomain=nl","https:\/\/www.youtube.com\/c\/MagnetarVismagneet"]}]}},"_links":{"self":[{"href":"https:\/\/magnetarmagnets.com\/no\/wp-json\/wp\/v2\/product\/84356","targetHints":{"allow":["GET"]}}],"collection":[{"href":"https:\/\/magnetarmagnets.com\/no\/wp-json\/wp\/v2\/product"}],"about":[{"href":"https:\/\/magnetarmagnets.com\/no\/wp-json\/wp\/v2\/types\/product"}],"replies":[{"embeddable":true,"href":"https:\/\/magnetarmagnets.com\/no\/wp-json\/wp\/v2\/comments?post=84356"}],"version-history":[{"count":1,"href":"https:\/\/magnetarmagnets.com\/no\/wp-json\/wp\/v2\/product\/84356\/revisions"}],"predecessor-version":[{"id":95773,"href":"https:\/\/magnetarmagnets.com\/no\/wp-json\/wp\/v2\/product\/84356\/revisions\/95773"}],"wp:featuredmedia":[{"embeddable":true,"href":"https:\/\/magnetarmagnets.com\/no\/wp-json\/wp\/v2\/media\/88110"}],"wp:attachment":[{"href":"https:\/\/magnetarmagnets.com\/no\/wp-json\/wp\/v2\/media?parent=84356"}],"wp:term":[{"taxonomy":"product_brand","embeddable":true,"href":"https:\/\/magnetarmagnets.com\/no\/wp-json\/wp\/v2\/product_brand?post=84356"},{"taxonomy":"product_cat","embeddable":true,"href":"https:\/\/magnetarmagnets.com\/no\/wp-json\/wp\/v2\/product_cat?post=84356"},{"taxonomy":"product_tag","embeddable":true,"href":"https:\/\/magnetarmagnets.com\/no\/wp-json\/wp\/v2\/product_tag?post=84356"}],"curies":[{"name":"wp","href":"https:\/\/api.w.org\/{rel}","templated":true}]}}