{"id":84337,"date":"2025-06-05T09:53:03","date_gmt":"2025-06-05T07:53:03","guid":{"rendered":"https:\/\/magnetarmagnets.com\/?post_type=product&#038;p=84337"},"modified":"2026-04-05T06:18:32","modified_gmt":"2026-04-05T04:18:32","slug":"megacube-sett-2700-kg-360-blokkmagnet","status":"publish","type":"product","link":"https:\/\/magnetarmagnets.com\/no\/shop\/megacube-sett-2700-kg-360-blokkmagnet\/","title":{"rendered":"MEGACUBE \u2122 sett &#8211; 2700 kg &#8211; 360\u00b0 blokkmagnet"},"content":{"rendered":"MEGACUBE \u2122 er verdens <strong>sterkeste<\/strong> fiskemagnet! Med 6 x 1000 lb \/ 450 kg magnetiske kontaktflater har du <strong>de beste sjansene for \u00e5 fiske opp<\/strong>. V\u00e5r kube-fiskemagnet er det beste valget for den profesjonelle magnetfiskeren.\n\n<h2>Hvorfor velge MEGACUBE \u2122?<\/h2>\n\nDet finnes mange sterke fiskemagneter, men hvorfor velge MEGACUBE \u2122 fra Magnetar istedenfor en <a href=\"https:\/\/magnetarmagnets.com\/collections\/fishing-magnets\/single-sided-classic\/\">enkeltsidig<\/a>, <a href=\"https:\/\/magnetarmagnets.com\/double-sided-fishing-magnet\/\">tosidig<\/a> eller <a href=\"https:\/\/magnetarmagnets.com\/collections\/fishing-magnets\/allround-magnets-360\/\">allround<\/a> fiskemagnet?\n\n<ul>\n\n  \t<li><strong>St\u00f8rre muligheter for \u00e5 fiske opp gjenstander<\/strong>: MEGACUBE \u2122 er magnetisk p\u00e5 seks sider. Dette gir et mye st\u00f8rre magnetfelt enn en allround fiskemagnet;<\/li>\n\n  \t<li><strong>Design<\/strong>: de seks rette flatene gir bedre grep enn runde magneter, noe som \u00f8ker sjansene for \u00e5 dra opp objekter som verdi- og pengeskap fra vannet;<\/li>\n\n  \t<li><strong>Uknuselig<\/strong>: i motsetning til andre neodymmagneter er denne blokkmagneten 100 % beskyttet. Den beholder ogs\u00e5 100 % av sin trekkraft;<\/li>\n\n  \t<li><strong>St\u00f8rre tiltrekningsavstand<\/strong>: Tiltrekningsavstanden p\u00e5 hele 22,5 cm er betydelig st\u00f8rre enn for andre fiskemagneter;<\/li>\n\n  \t<li><strong>Klart til bruk<\/strong>: ferdig montert, limt og sikret. MEGACUBE \u2122 er klar for bruk med \u00e9n gang;<\/li>\n\n  \t<li><strong>Fullstendig sett<\/strong>: MEGACUBE \u2122 leveres med en robust koffert, <a href=\"https:\/\/magnetarmagnets.com\/shop\/magnet-fishing-rope\/\">10 mm tau<\/a> og <a href=\"https:\/\/magnetarmagnets.com\/shop\/magnet-fishing-glove\/\">hansker<\/a>.<\/li>\n\n<\/ul>\n\n<h2>En revolusjon innen magnetfiske<\/h2>\n\nMEGACUBE \u2122 er uten sidestykke. Ingen annen fiskemagnet kommer i n\u00e6rheten. De definerende egenskapene er 360\u00b0 tiltrekningskraft, seks magnetiske kontaktflater, holdbarhet og den enorme tiltrekningsavstanden. Dette kraftverket m\u00e5ler 74 x 74 x 74 mm og er en magnet av en betydelig st\u00f8rrelse. Tiltrekningsavstanden p\u00e5 22,5 cm og total trekkraft p\u00e5 2700 kg gj\u00f8r at du kan hente opp hver eneste skatt fra bunnen.\n\n<h2>Obs!<\/h2>\n\nV\u00e5re neodymmagneter er ekstremt kraftige. Jernobjekter i n\u00e6rheten kan trekkes mot fiskemagnetene med stor hastighet. Noen ganger kan en finger bli klem mellom magneten og objektet. Derfor anbefales det \u00e5 h\u00e5ndtere magnetene forsiktig og bruke dem p\u00e5 eget ansvar. Les v\u00e5re sikkerhetsadvarsler f\u00f8r bruk.\n\n\n\n*Dette produktet er ikke egnet for barn.\n\n\n\n&nbsp;\n\n<p class=\"x_elementToProof\" data-ogsb=\"rgb(255, 255, 255)\"><em>Beskyttet av registrert fellesskapsdesign (015054920-0001 \/ -0004)<\/em><\/p>","protected":false},"excerpt":{"rendered":"<p>MEGACUBE \u2122 fiskemagnet. <strong>Magnetfiske<\/strong> med 6 ganger mer kraft. Resultat. Moro!<\/p>\n<p>Verdens <strong>sterkeste magnet<\/strong> leveres <strong>komplett<\/strong> i en profesjonell koffert med tau og hansker.<\/p>\n","protected":false},"featured_media":80603,"comment_status":"open","ping_status":"closed","template":"","meta":{"_acf_changed":false,"inline_featured_image":false},"product_brand":[],"product_cat":[603,602,608,616,604],"product_tag":[],"class_list":{"0":"post-84337","1":"product","2":"type-product","3":"status-publish","4":"has-post-thumbnail","6":"product_cat-blokkfiskemagneter-360","7":"product_cat-fiskemagneter","8":"product_cat-magnetfiske-sett","9":"product_cat-profesjonelle","10":"product_cat-sterkeste-fiskemagneter","12":"first","13":"instock","14":"taxable","15":"shipping-taxable","16":"purchasable","17":"product-type-simple"},"acf":[],"yoast_head":"<!-- This site is optimized with the Yoast SEO plugin v27.3 - https:\/\/yoast.com\/product\/yoast-seo-wordpress\/ -->\n<title>MEGACUBE \u2122 sett - 6000 lb \/ 2700 kg - 360\u00b0 blokkmagnet - Magnet fishing with a Magnetar fishing magnet<\/title>\n<meta name=\"description\" content=\"MEGACUBE \u2122 er verdens sterkeste fiskemagnet. Denne kuben leveres ferdig pakket. Det beste valget for magnetfiske.\" \/>\n<meta name=\"robots\" content=\"index, follow, max-snippet:-1, max-image-preview:large, max-video-preview:-1\" \/>\n<link rel=\"canonical\" href=\"https:\/\/magnetarmagnets.com\/no\/shop\/megacube-sett-2700-kg-360-blokkmagnet\/\" \/>\n<meta property=\"og:locale\" content=\"nb_NO\" \/>\n<meta property=\"og:type\" content=\"article\" \/>\n<meta property=\"og:title\" content=\"MEGACUBE \u2122 sett - 6000 lb \/ 2700 kg - 360\u00b0 blokkmagnet - Magnet fishing with a Magnetar fishing magnet\" \/>\n<meta property=\"og:description\" content=\"MEGACUBE \u2122 er verdens sterkeste fiskemagnet. Denne kuben leveres ferdig pakket. Det beste valget for magnetfiske.\" \/>\n<meta property=\"og:url\" content=\"https:\/\/magnetarmagnets.com\/no\/shop\/megacube-sett-2700-kg-360-blokkmagnet\/\" \/>\n<meta property=\"og:site_name\" content=\"Magnet fishing with a Magnetar fishing magnet\" \/>\n<meta property=\"article:publisher\" content=\"https:\/\/www.facebook.com\/fishingmagnets\/\" \/>\n<meta property=\"article:modified_time\" content=\"2026-04-05T04:18:32+00:00\" \/>\n<meta property=\"og:image\" content=\"https:\/\/magnetarmagnets.com\/wp-content\/uploads\/2024\/04\/3.png\" \/>\n\t<meta property=\"og:image:width\" content=\"1500\" \/>\n\t<meta property=\"og:image:height\" content=\"1500\" \/>\n\t<meta property=\"og:image:type\" content=\"image\/png\" \/>\n<meta name=\"twitter:card\" content=\"summary_large_image\" \/>\n<meta name=\"twitter:label1\" content=\"Ansl. lesetid\" \/>\n\t<meta name=\"twitter:data1\" content=\"2 minutter\" \/>\n<script type=\"application\/ld+json\" class=\"yoast-schema-graph\">{\"@context\":\"https:\\\/\\\/schema.org\",\"@graph\":[{\"@type\":[\"WebPage\",\"ItemPage\"],\"@id\":\"https:\\\/\\\/magnetarmagnets.com\\\/no\\\/shop\\\/megacube-sett-2700-kg-360-blokkmagnet\\\/\",\"url\":\"https:\\\/\\\/magnetarmagnets.com\\\/no\\\/shop\\\/megacube-sett-2700-kg-360-blokkmagnet\\\/\",\"name\":\"MEGACUBE \u2122 sett - 6000 lb \\\/ 2700 kg - 360\u00b0 blokkmagnet - Magnet fishing with a Magnetar fishing magnet\",\"isPartOf\":{\"@id\":\"https:\\\/\\\/magnetarmagnets.com\\\/no\\\/#website\"},\"primaryImageOfPage\":{\"@id\":\"https:\\\/\\\/magnetarmagnets.com\\\/no\\\/shop\\\/megacube-sett-2700-kg-360-blokkmagnet\\\/#primaryimage\"},\"image\":{\"@id\":\"https:\\\/\\\/magnetarmagnets.com\\\/no\\\/shop\\\/megacube-sett-2700-kg-360-blokkmagnet\\\/#primaryimage\"},\"thumbnailUrl\":\"https:\\\/\\\/magnetarmagnets.com\\\/wp-content\\\/uploads\\\/2024\\\/04\\\/3.png\",\"datePublished\":\"2025-06-05T07:53:03+00:00\",\"dateModified\":\"2026-04-05T04:18:32+00:00\",\"description\":\"MEGACUBE \u2122 er verdens sterkeste fiskemagnet. Denne kuben leveres ferdig pakket. Det beste valget for magnetfiske.\",\"breadcrumb\":{\"@id\":\"https:\\\/\\\/magnetarmagnets.com\\\/no\\\/shop\\\/megacube-sett-2700-kg-360-blokkmagnet\\\/#breadcrumb\"},\"inLanguage\":\"nb-NO\",\"potentialAction\":[{\"@type\":\"ReadAction\",\"target\":[\"https:\\\/\\\/magnetarmagnets.com\\\/no\\\/shop\\\/megacube-sett-2700-kg-360-blokkmagnet\\\/\"]}]},{\"@type\":\"ImageObject\",\"inLanguage\":\"nb-NO\",\"@id\":\"https:\\\/\\\/magnetarmagnets.com\\\/no\\\/shop\\\/megacube-sett-2700-kg-360-blokkmagnet\\\/#primaryimage\",\"url\":\"https:\\\/\\\/magnetarmagnets.com\\\/wp-content\\\/uploads\\\/2024\\\/04\\\/3.png\",\"contentUrl\":\"https:\\\/\\\/magnetarmagnets.com\\\/wp-content\\\/uploads\\\/2024\\\/04\\\/3.png\",\"width\":1500,\"height\":1500,\"caption\":\"MEGACUBE KIT\"},{\"@type\":\"BreadcrumbList\",\"@id\":\"https:\\\/\\\/magnetarmagnets.com\\\/no\\\/shop\\\/megacube-sett-2700-kg-360-blokkmagnet\\\/#breadcrumb\",\"itemListElement\":[{\"@type\":\"ListItem\",\"position\":1,\"name\":\"Home\",\"item\":\"https:\\\/\\\/magnetarmagnets.com\\\/no\\\/\"},{\"@type\":\"ListItem\",\"position\":2,\"name\":\"Butikk\",\"item\":\"https:\\\/\\\/magnetarmagnets.com\\\/butikk\\\/\"},{\"@type\":\"ListItem\",\"position\":3,\"name\":\"Fiskemagneter\",\"item\":\"https:\\\/\\\/magnetarmagnets.com\\\/no\\\/collections\\\/fiskemagneter\\\/\"},{\"@type\":\"ListItem\",\"position\":4,\"name\":\"Blokkfiskemagneter 360\",\"item\":\"https:\\\/\\\/magnetarmagnets.com\\\/no\\\/collections\\\/fiskemagneter\\\/blokkfiskemagneter-360\\\/\"},{\"@type\":\"ListItem\",\"position\":5,\"name\":\"MEGACUBE \u2122 sett &#8211; 2700 kg &#8211; 360\u00b0 blokkmagnet\"}]},{\"@type\":\"WebSite\",\"@id\":\"https:\\\/\\\/magnetarmagnets.com\\\/no\\\/#website\",\"url\":\"https:\\\/\\\/magnetarmagnets.com\\\/no\\\/\",\"name\":\"Magnet fishing with a Magnetar fishing magnet\",\"description\":\"Kraftige magneter for magnetfiske\",\"publisher\":{\"@id\":\"https:\\\/\\\/magnetarmagnets.com\\\/no\\\/#organization\"},\"potentialAction\":[{\"@type\":\"SearchAction\",\"target\":{\"@type\":\"EntryPoint\",\"urlTemplate\":\"https:\\\/\\\/magnetarmagnets.com\\\/no\\\/?s={search_term_string}\"},\"query-input\":{\"@type\":\"PropertyValueSpecification\",\"valueRequired\":true,\"valueName\":\"search_term_string\"}}],\"inLanguage\":\"nb-NO\"},{\"@type\":\"Organization\",\"@id\":\"https:\\\/\\\/magnetarmagnets.com\\\/no\\\/#organization\",\"name\":\"Magnetar\",\"url\":\"https:\\\/\\\/magnetarmagnets.com\\\/no\\\/\",\"logo\":{\"@type\":\"ImageObject\",\"inLanguage\":\"nb-NO\",\"@id\":\"https:\\\/\\\/magnetarmagnets.com\\\/no\\\/#\\\/schema\\\/logo\\\/image\\\/\",\"url\":\"https:\\\/\\\/magnetarmagnets.com\\\/wp-content\\\/uploads\\\/2025\\\/05\\\/Logo-03_PNG-Black-scaled.png\",\"contentUrl\":\"https:\\\/\\\/magnetarmagnets.com\\\/wp-content\\\/uploads\\\/2025\\\/05\\\/Logo-03_PNG-Black-scaled.png\",\"width\":2560,\"height\":1658,\"caption\":\"Magnetar\"},\"image\":{\"@id\":\"https:\\\/\\\/magnetarmagnets.com\\\/no\\\/#\\\/schema\\\/logo\\\/image\\\/\"},\"sameAs\":[\"https:\\\/\\\/www.facebook.com\\\/fishingmagnets\\\/\",\"https:\\\/\\\/www.instagram.com\\\/magnetar_magnets\\\/\",\"https:\\\/\\\/www.linkedin.com\\\/company\\\/magnetarbv\\\/?originalSubdomain=nl\",\"https:\\\/\\\/www.youtube.com\\\/c\\\/MagnetarVismagneet\"]}]}<\/script>\n<!-- \/ Yoast SEO plugin. -->","yoast_head_json":{"title":"MEGACUBE \u2122 sett - 6000 lb \/ 2700 kg - 360\u00b0 blokkmagnet - Magnet fishing with a Magnetar fishing magnet","description":"MEGACUBE \u2122 er verdens sterkeste fiskemagnet. Denne kuben leveres ferdig pakket. Det beste valget for magnetfiske.","robots":{"index":"index","follow":"follow","max-snippet":"max-snippet:-1","max-image-preview":"max-image-preview:large","max-video-preview":"max-video-preview:-1"},"canonical":"https:\/\/magnetarmagnets.com\/no\/shop\/megacube-sett-2700-kg-360-blokkmagnet\/","og_locale":"nb_NO","og_type":"article","og_title":"MEGACUBE \u2122 sett - 6000 lb \/ 2700 kg - 360\u00b0 blokkmagnet - Magnet fishing with a Magnetar fishing magnet","og_description":"MEGACUBE \u2122 er verdens sterkeste fiskemagnet. Denne kuben leveres ferdig pakket. Det beste valget for magnetfiske.","og_url":"https:\/\/magnetarmagnets.com\/no\/shop\/megacube-sett-2700-kg-360-blokkmagnet\/","og_site_name":"Magnet fishing with a Magnetar fishing magnet","article_publisher":"https:\/\/www.facebook.com\/fishingmagnets\/","article_modified_time":"2026-04-05T04:18:32+00:00","og_image":[{"width":1500,"height":1500,"url":"https:\/\/magnetarmagnets.com\/wp-content\/uploads\/2024\/04\/3.png","type":"image\/png"}],"twitter_card":"summary_large_image","twitter_misc":{"Ansl. lesetid":"2 minutter"},"schema":{"@context":"https:\/\/schema.org","@graph":[{"@type":["WebPage","ItemPage"],"@id":"https:\/\/magnetarmagnets.com\/no\/shop\/megacube-sett-2700-kg-360-blokkmagnet\/","url":"https:\/\/magnetarmagnets.com\/no\/shop\/megacube-sett-2700-kg-360-blokkmagnet\/","name":"MEGACUBE \u2122 sett - 6000 lb \/ 2700 kg - 360\u00b0 blokkmagnet - Magnet fishing with a Magnetar fishing magnet","isPartOf":{"@id":"https:\/\/magnetarmagnets.com\/no\/#website"},"primaryImageOfPage":{"@id":"https:\/\/magnetarmagnets.com\/no\/shop\/megacube-sett-2700-kg-360-blokkmagnet\/#primaryimage"},"image":{"@id":"https:\/\/magnetarmagnets.com\/no\/shop\/megacube-sett-2700-kg-360-blokkmagnet\/#primaryimage"},"thumbnailUrl":"https:\/\/magnetarmagnets.com\/wp-content\/uploads\/2024\/04\/3.png","datePublished":"2025-06-05T07:53:03+00:00","dateModified":"2026-04-05T04:18:32+00:00","description":"MEGACUBE \u2122 er verdens sterkeste fiskemagnet. Denne kuben leveres ferdig pakket. Det beste valget for magnetfiske.","breadcrumb":{"@id":"https:\/\/magnetarmagnets.com\/no\/shop\/megacube-sett-2700-kg-360-blokkmagnet\/#breadcrumb"},"inLanguage":"nb-NO","potentialAction":[{"@type":"ReadAction","target":["https:\/\/magnetarmagnets.com\/no\/shop\/megacube-sett-2700-kg-360-blokkmagnet\/"]}]},{"@type":"ImageObject","inLanguage":"nb-NO","@id":"https:\/\/magnetarmagnets.com\/no\/shop\/megacube-sett-2700-kg-360-blokkmagnet\/#primaryimage","url":"https:\/\/magnetarmagnets.com\/wp-content\/uploads\/2024\/04\/3.png","contentUrl":"https:\/\/magnetarmagnets.com\/wp-content\/uploads\/2024\/04\/3.png","width":1500,"height":1500,"caption":"MEGACUBE KIT"},{"@type":"BreadcrumbList","@id":"https:\/\/magnetarmagnets.com\/no\/shop\/megacube-sett-2700-kg-360-blokkmagnet\/#breadcrumb","itemListElement":[{"@type":"ListItem","position":1,"name":"Home","item":"https:\/\/magnetarmagnets.com\/no\/"},{"@type":"ListItem","position":2,"name":"Butikk","item":"https:\/\/magnetarmagnets.com\/butikk\/"},{"@type":"ListItem","position":3,"name":"Fiskemagneter","item":"https:\/\/magnetarmagnets.com\/no\/collections\/fiskemagneter\/"},{"@type":"ListItem","position":4,"name":"Blokkfiskemagneter 360","item":"https:\/\/magnetarmagnets.com\/no\/collections\/fiskemagneter\/blokkfiskemagneter-360\/"},{"@type":"ListItem","position":5,"name":"MEGACUBE \u2122 sett &#8211; 2700 kg &#8211; 360\u00b0 blokkmagnet"}]},{"@type":"WebSite","@id":"https:\/\/magnetarmagnets.com\/no\/#website","url":"https:\/\/magnetarmagnets.com\/no\/","name":"Magnet fishing with a Magnetar fishing magnet","description":"Kraftige magneter for magnetfiske","publisher":{"@id":"https:\/\/magnetarmagnets.com\/no\/#organization"},"potentialAction":[{"@type":"SearchAction","target":{"@type":"EntryPoint","urlTemplate":"https:\/\/magnetarmagnets.com\/no\/?s={search_term_string}"},"query-input":{"@type":"PropertyValueSpecification","valueRequired":true,"valueName":"search_term_string"}}],"inLanguage":"nb-NO"},{"@type":"Organization","@id":"https:\/\/magnetarmagnets.com\/no\/#organization","name":"Magnetar","url":"https:\/\/magnetarmagnets.com\/no\/","logo":{"@type":"ImageObject","inLanguage":"nb-NO","@id":"https:\/\/magnetarmagnets.com\/no\/#\/schema\/logo\/image\/","url":"https:\/\/magnetarmagnets.com\/wp-content\/uploads\/2025\/05\/Logo-03_PNG-Black-scaled.png","contentUrl":"https:\/\/magnetarmagnets.com\/wp-content\/uploads\/2025\/05\/Logo-03_PNG-Black-scaled.png","width":2560,"height":1658,"caption":"Magnetar"},"image":{"@id":"https:\/\/magnetarmagnets.com\/no\/#\/schema\/logo\/image\/"},"sameAs":["https:\/\/www.facebook.com\/fishingmagnets\/","https:\/\/www.instagram.com\/magnetar_magnets\/","https:\/\/www.linkedin.com\/company\/magnetarbv\/?originalSubdomain=nl","https:\/\/www.youtube.com\/c\/MagnetarVismagneet"]}]}},"_links":{"self":[{"href":"https:\/\/magnetarmagnets.com\/no\/wp-json\/wp\/v2\/product\/84337","targetHints":{"allow":["GET"]}}],"collection":[{"href":"https:\/\/magnetarmagnets.com\/no\/wp-json\/wp\/v2\/product"}],"about":[{"href":"https:\/\/magnetarmagnets.com\/no\/wp-json\/wp\/v2\/types\/product"}],"replies":[{"embeddable":true,"href":"https:\/\/magnetarmagnets.com\/no\/wp-json\/wp\/v2\/comments?post=84337"}],"version-history":[{"count":1,"href":"https:\/\/magnetarmagnets.com\/no\/wp-json\/wp\/v2\/product\/84337\/revisions"}],"predecessor-version":[{"id":95170,"href":"https:\/\/magnetarmagnets.com\/no\/wp-json\/wp\/v2\/product\/84337\/revisions\/95170"}],"wp:featuredmedia":[{"embeddable":true,"href":"https:\/\/magnetarmagnets.com\/no\/wp-json\/wp\/v2\/media\/80603"}],"wp:attachment":[{"href":"https:\/\/magnetarmagnets.com\/no\/wp-json\/wp\/v2\/media?parent=84337"}],"wp:term":[{"taxonomy":"product_brand","embeddable":true,"href":"https:\/\/magnetarmagnets.com\/no\/wp-json\/wp\/v2\/product_brand?post=84337"},{"taxonomy":"product_cat","embeddable":true,"href":"https:\/\/magnetarmagnets.com\/no\/wp-json\/wp\/v2\/product_cat?post=84337"},{"taxonomy":"product_tag","embeddable":true,"href":"https:\/\/magnetarmagnets.com\/no\/wp-json\/wp\/v2\/product_tag?post=84337"}],"curies":[{"name":"wp","href":"https:\/\/api.w.org\/{rel}","templated":true}]}}