{"id":84336,"date":"2025-06-05T09:53:03","date_gmt":"2025-06-05T07:53:03","guid":{"rendered":"https:\/\/magnetarmagnets.com\/?post_type=product&#038;p=84336"},"modified":"2026-04-07T17:59:38","modified_gmt":"2026-04-07T15:59:38","slug":"cube-sett-1350-kg-360-blokk-magnet","status":"publish","type":"product","link":"https:\/\/magnetarmagnets.com\/no\/shop\/cube-sett-1350-kg-360-blokk-magnet\/","title":{"rendered":"CUBE \u2122 sett &#8211; 1350 kg &#8211; 360\u00b0 blokk-magnet"},"content":{"rendered":"CUBE \u2122 er en av de <strong>sterkeste<\/strong> fiskemagnetene i verden. Med seks kraftige magnetiske kontaktflater har du <strong>de beste sjansene for fangst<\/strong>. V\u00e5r blokk-magnet er et utmerket valg for den profesjonelle magnetfiskeren. Vil du ha enda mer kraft? Ta da en titt p\u00e5 <a href=\"https:\/\/magnetarmagnets.com\/shop\/megacube\/\">MEGACUBE \u2122<\/a>.\n\n<h2>Hvorfor velge CUBE \u2122?<\/h2>\n\nDet finnes mange sterke fiskemagneter. S\u00e5 hvorfor velge CUBE \u2122 i stedet for en <a href=\"https:\/\/magnetarmagnets.com\/collections\/fishing-magnets\/single-sided-classic\/\">enkelsidig<\/a>, <a href=\"https:\/\/magnetarmagnets.com\/double-sided-fishing-magnet\/\">dobbelsidig<\/a>, eller <a href=\"https:\/\/magnetarmagnets.com\/collections\/fishing-magnets\/allround-magnets-360\/\">allsidig<\/a> fiskemagnet?\n\n<ul>\n\n  \t<li><strong>St\u00f8rre fangstsjanser<\/strong>: CUBE \u2122 er magnetisk p\u00e5 alle seks sider. Dette gir et langt st\u00f8rre magnetfelt enn en allsidig fiskemagnet;<\/li>\n\n  \t<li><strong>Design<\/strong>: de seks rette flatene gir bedre grep enn runde magneter. Dette \u00f8ker sjansen for \u00e5 f\u00e5 opp objekter som safe fra vannet;<\/li>\n\n  \t<li><strong>Uknuselig<\/strong>: i motsetning til andre neodym-fiskemagneter er denne blokk-magneten 100 % beskyttet. I tillegg beholder den 100 % av trekkraften sin;<\/li>\n\n  \t<li><strong>St\u00f8rre tiltrekningsavstand<\/strong>: Tiltrekningsavstanden er imponerende 17 cm, betydelig st\u00f8rre enn hos andre fiskemagneter;<\/li>\n\n  \t<li><strong>Bruksklar<\/strong>: ferdig montert, limt og sikret. CUBE \u2122 er klar til bruk straks;<\/li>\n\n  \t<li><strong>Komplett<\/strong>: CUBE \u2122 leveres med en robust koffert uten ekstra kostnad, <a href=\"https:\/\/magnetarmagnets.com\/shop\/magnet-fishing-rope\/\">8mm tau<\/a> og <a href=\"https:\/\/magnetarmagnets.com\/shop\/magnet-fishing-glove\/\">hansker<\/a>.<\/li>\n\n<\/ul>\n\n<h2>En nyvinning i magnetfiskens verden<\/h2>\n\nCUBE \u2122 er uten sidestykke. De fleste fiskemagneter kan ikke m\u00e5le seg. Egenskapene som skiller den ut er 360\u00b0 tiltrekningskraft, seks magnetiske kontaktflater, holdbarhet og den enorme tiltrekningsavstanden til v\u00e5r kube. Denne kraftpakken p\u00e5 74x74x37 mm er en magnet av betydelig st\u00f8rrelse. Tiltrekningsavstanden p\u00e5 17 cm og total trekkraft p\u00e5 1350 kg s\u00f8rger for at du kan f\u00e5 opp enhver skatt fra bunnen.\n\n<h2>Advarsel!<\/h2>\n\nV\u00e5re neodymmagneter er ekstremt kraftige. Jernobjekter kan trekkes mot fiskemagneten med h\u00f8y hastighet p\u00e5 kort avstand. Noen ganger kan en finger komme i klem mellom magneten og objektet. H\u00e5ndter derfor magnetene med forsiktighet og bruk dem p\u00e5 eget ansvar. Les v\u00e5re sikkerhetsadvarsler f\u00f8r bruk.\n\n\n\n*Dette produktet er ikke egnet for barn.\n\n\n\n&nbsp;\n\n<p class=\"x_elementToProof\" data-ogsb=\"rgb(255, 255, 255)\"><em>Beskyttet av registrert fellesskapsdesign (015054920-0001 \/ -0004)<\/em><\/p>","protected":false},"excerpt":{"rendered":"<p>Oppdag den revolusjonerende CUBE \u2122. Denne <strong>blokk-magneten<\/strong> er en av de <strong>sterkeste fiskemagnetene<\/strong> i verden og leveres i et <strong>komplett sett<\/strong> med en profesjonell koffert, tau og hansker.<\/p>\n","protected":false},"featured_media":80607,"comment_status":"open","ping_status":"closed","template":"","meta":{"_acf_changed":false,"inline_featured_image":false},"product_brand":[],"product_cat":[603,615,602,608,616,604],"product_tag":[],"class_list":{"0":"post-84336","1":"product","2":"type-product","3":"status-publish","4":"has-post-thumbnail","6":"product_cat-blokkfiskemagneter-360","7":"product_cat-erfarne-eventyrere","8":"product_cat-fiskemagneter","9":"product_cat-magnetfiske-sett","10":"product_cat-profesjonelle","11":"product_cat-sterkeste-fiskemagneter","13":"first","14":"onbackorder","15":"taxable","16":"shipping-taxable","17":"purchasable","18":"product-type-simple"},"acf":[],"yoast_head":"<!-- This site is optimized with the Yoast SEO plugin v27.3 - https:\/\/yoast.com\/product\/yoast-seo-wordpress\/ -->\n<title>CUBE \u2122 sett - 1350 kg - 360\u00b0 blokk-magnet - Magnet fishing with a Magnetar fishing magnet<\/title>\n<meta name=\"description\" content=\"CUBE \u2122 er en av de sterkeste fiskemagnetene i verden. Denne blokk-magneten leveres i et ferdig pakket sett. Det beste valget for magnetfiske.\" \/>\n<meta name=\"robots\" content=\"index, follow, max-snippet:-1, max-image-preview:large, max-video-preview:-1\" \/>\n<link rel=\"canonical\" href=\"https:\/\/magnetarmagnets.com\/no\/shop\/cube-sett-1350-kg-360-blokk-magnet\/\" \/>\n<meta property=\"og:locale\" content=\"nb_NO\" \/>\n<meta property=\"og:type\" content=\"article\" \/>\n<meta property=\"og:title\" content=\"CUBE \u2122 sett - 1350 kg - 360\u00b0 blokk-magnet - Magnet fishing with a Magnetar fishing magnet\" \/>\n<meta property=\"og:description\" content=\"CUBE \u2122 er en av de sterkeste fiskemagnetene i verden. Denne blokk-magneten leveres i et ferdig pakket sett. Det beste valget for magnetfiske.\" \/>\n<meta property=\"og:url\" content=\"https:\/\/magnetarmagnets.com\/no\/shop\/cube-sett-1350-kg-360-blokk-magnet\/\" \/>\n<meta property=\"og:site_name\" content=\"Magnet fishing with a Magnetar fishing magnet\" \/>\n<meta property=\"article:publisher\" content=\"https:\/\/www.facebook.com\/fishingmagnets\/\" \/>\n<meta property=\"article:modified_time\" content=\"2026-04-07T15:59:38+00:00\" \/>\n<meta property=\"og:image\" content=\"https:\/\/magnetarmagnets.com\/wp-content\/uploads\/2024\/04\/4.png\" \/>\n\t<meta property=\"og:image:width\" content=\"1500\" \/>\n\t<meta property=\"og:image:height\" content=\"1500\" \/>\n\t<meta property=\"og:image:type\" content=\"image\/png\" \/>\n<meta name=\"twitter:card\" content=\"summary_large_image\" \/>\n<meta name=\"twitter:label1\" content=\"Ansl. lesetid\" \/>\n\t<meta name=\"twitter:data1\" content=\"2 minutter\" \/>\n<script type=\"application\/ld+json\" class=\"yoast-schema-graph\">{\"@context\":\"https:\\\/\\\/schema.org\",\"@graph\":[{\"@type\":[\"WebPage\",\"ItemPage\"],\"@id\":\"https:\\\/\\\/magnetarmagnets.com\\\/no\\\/shop\\\/cube-sett-1350-kg-360-blokk-magnet\\\/\",\"url\":\"https:\\\/\\\/magnetarmagnets.com\\\/no\\\/shop\\\/cube-sett-1350-kg-360-blokk-magnet\\\/\",\"name\":\"CUBE \u2122 sett - 1350 kg - 360\u00b0 blokk-magnet - Magnet fishing with a Magnetar fishing magnet\",\"isPartOf\":{\"@id\":\"https:\\\/\\\/magnetarmagnets.com\\\/no\\\/#website\"},\"primaryImageOfPage\":{\"@id\":\"https:\\\/\\\/magnetarmagnets.com\\\/no\\\/shop\\\/cube-sett-1350-kg-360-blokk-magnet\\\/#primaryimage\"},\"image\":{\"@id\":\"https:\\\/\\\/magnetarmagnets.com\\\/no\\\/shop\\\/cube-sett-1350-kg-360-blokk-magnet\\\/#primaryimage\"},\"thumbnailUrl\":\"https:\\\/\\\/magnetarmagnets.com\\\/wp-content\\\/uploads\\\/2024\\\/04\\\/4.png\",\"datePublished\":\"2025-06-05T07:53:03+00:00\",\"dateModified\":\"2026-04-07T15:59:38+00:00\",\"description\":\"CUBE \u2122 er en av de sterkeste fiskemagnetene i verden. Denne blokk-magneten leveres i et ferdig pakket sett. Det beste valget for magnetfiske.\",\"breadcrumb\":{\"@id\":\"https:\\\/\\\/magnetarmagnets.com\\\/no\\\/shop\\\/cube-sett-1350-kg-360-blokk-magnet\\\/#breadcrumb\"},\"inLanguage\":\"nb-NO\",\"potentialAction\":[{\"@type\":\"ReadAction\",\"target\":[\"https:\\\/\\\/magnetarmagnets.com\\\/no\\\/shop\\\/cube-sett-1350-kg-360-blokk-magnet\\\/\"]}]},{\"@type\":\"ImageObject\",\"inLanguage\":\"nb-NO\",\"@id\":\"https:\\\/\\\/magnetarmagnets.com\\\/no\\\/shop\\\/cube-sett-1350-kg-360-blokk-magnet\\\/#primaryimage\",\"url\":\"https:\\\/\\\/magnetarmagnets.com\\\/wp-content\\\/uploads\\\/2024\\\/04\\\/4.png\",\"contentUrl\":\"https:\\\/\\\/magnetarmagnets.com\\\/wp-content\\\/uploads\\\/2024\\\/04\\\/4.png\",\"width\":1500,\"height\":1500,\"caption\":\"CUBE KIT\"},{\"@type\":\"BreadcrumbList\",\"@id\":\"https:\\\/\\\/magnetarmagnets.com\\\/no\\\/shop\\\/cube-sett-1350-kg-360-blokk-magnet\\\/#breadcrumb\",\"itemListElement\":[{\"@type\":\"ListItem\",\"position\":1,\"name\":\"Home\",\"item\":\"https:\\\/\\\/magnetarmagnets.com\\\/no\\\/\"},{\"@type\":\"ListItem\",\"position\":2,\"name\":\"Butikk\",\"item\":\"https:\\\/\\\/magnetarmagnets.com\\\/butikk\\\/\"},{\"@type\":\"ListItem\",\"position\":3,\"name\":\"Fiskemagneter\",\"item\":\"https:\\\/\\\/magnetarmagnets.com\\\/no\\\/collections\\\/fiskemagneter\\\/\"},{\"@type\":\"ListItem\",\"position\":4,\"name\":\"Blokkfiskemagneter 360\",\"item\":\"https:\\\/\\\/magnetarmagnets.com\\\/no\\\/collections\\\/fiskemagneter\\\/blokkfiskemagneter-360\\\/\"},{\"@type\":\"ListItem\",\"position\":5,\"name\":\"CUBE \u2122 sett &#8211; 1350 kg &#8211; 360\u00b0 blokk-magnet\"}]},{\"@type\":\"WebSite\",\"@id\":\"https:\\\/\\\/magnetarmagnets.com\\\/no\\\/#website\",\"url\":\"https:\\\/\\\/magnetarmagnets.com\\\/no\\\/\",\"name\":\"Magnet fishing with a Magnetar fishing magnet\",\"description\":\"Kraftige magneter for magnetfiske\",\"publisher\":{\"@id\":\"https:\\\/\\\/magnetarmagnets.com\\\/no\\\/#organization\"},\"potentialAction\":[{\"@type\":\"SearchAction\",\"target\":{\"@type\":\"EntryPoint\",\"urlTemplate\":\"https:\\\/\\\/magnetarmagnets.com\\\/no\\\/?s={search_term_string}\"},\"query-input\":{\"@type\":\"PropertyValueSpecification\",\"valueRequired\":true,\"valueName\":\"search_term_string\"}}],\"inLanguage\":\"nb-NO\"},{\"@type\":\"Organization\",\"@id\":\"https:\\\/\\\/magnetarmagnets.com\\\/no\\\/#organization\",\"name\":\"Magnetar\",\"url\":\"https:\\\/\\\/magnetarmagnets.com\\\/no\\\/\",\"logo\":{\"@type\":\"ImageObject\",\"inLanguage\":\"nb-NO\",\"@id\":\"https:\\\/\\\/magnetarmagnets.com\\\/no\\\/#\\\/schema\\\/logo\\\/image\\\/\",\"url\":\"https:\\\/\\\/magnetarmagnets.com\\\/wp-content\\\/uploads\\\/2025\\\/05\\\/Logo-03_PNG-Black-scaled.png\",\"contentUrl\":\"https:\\\/\\\/magnetarmagnets.com\\\/wp-content\\\/uploads\\\/2025\\\/05\\\/Logo-03_PNG-Black-scaled.png\",\"width\":2560,\"height\":1658,\"caption\":\"Magnetar\"},\"image\":{\"@id\":\"https:\\\/\\\/magnetarmagnets.com\\\/no\\\/#\\\/schema\\\/logo\\\/image\\\/\"},\"sameAs\":[\"https:\\\/\\\/www.facebook.com\\\/fishingmagnets\\\/\",\"https:\\\/\\\/www.instagram.com\\\/magnetar_magnets\\\/\",\"https:\\\/\\\/www.linkedin.com\\\/company\\\/magnetarbv\\\/?originalSubdomain=nl\",\"https:\\\/\\\/www.youtube.com\\\/c\\\/MagnetarVismagneet\"]}]}<\/script>\n<!-- \/ Yoast SEO plugin. -->","yoast_head_json":{"title":"CUBE \u2122 sett - 1350 kg - 360\u00b0 blokk-magnet - Magnet fishing with a Magnetar fishing magnet","description":"CUBE \u2122 er en av de sterkeste fiskemagnetene i verden. Denne blokk-magneten leveres i et ferdig pakket sett. Det beste valget for magnetfiske.","robots":{"index":"index","follow":"follow","max-snippet":"max-snippet:-1","max-image-preview":"max-image-preview:large","max-video-preview":"max-video-preview:-1"},"canonical":"https:\/\/magnetarmagnets.com\/no\/shop\/cube-sett-1350-kg-360-blokk-magnet\/","og_locale":"nb_NO","og_type":"article","og_title":"CUBE \u2122 sett - 1350 kg - 360\u00b0 blokk-magnet - Magnet fishing with a Magnetar fishing magnet","og_description":"CUBE \u2122 er en av de sterkeste fiskemagnetene i verden. Denne blokk-magneten leveres i et ferdig pakket sett. Det beste valget for magnetfiske.","og_url":"https:\/\/magnetarmagnets.com\/no\/shop\/cube-sett-1350-kg-360-blokk-magnet\/","og_site_name":"Magnet fishing with a Magnetar fishing magnet","article_publisher":"https:\/\/www.facebook.com\/fishingmagnets\/","article_modified_time":"2026-04-07T15:59:38+00:00","og_image":[{"width":1500,"height":1500,"url":"https:\/\/magnetarmagnets.com\/wp-content\/uploads\/2024\/04\/4.png","type":"image\/png"}],"twitter_card":"summary_large_image","twitter_misc":{"Ansl. lesetid":"2 minutter"},"schema":{"@context":"https:\/\/schema.org","@graph":[{"@type":["WebPage","ItemPage"],"@id":"https:\/\/magnetarmagnets.com\/no\/shop\/cube-sett-1350-kg-360-blokk-magnet\/","url":"https:\/\/magnetarmagnets.com\/no\/shop\/cube-sett-1350-kg-360-blokk-magnet\/","name":"CUBE \u2122 sett - 1350 kg - 360\u00b0 blokk-magnet - Magnet fishing with a Magnetar fishing magnet","isPartOf":{"@id":"https:\/\/magnetarmagnets.com\/no\/#website"},"primaryImageOfPage":{"@id":"https:\/\/magnetarmagnets.com\/no\/shop\/cube-sett-1350-kg-360-blokk-magnet\/#primaryimage"},"image":{"@id":"https:\/\/magnetarmagnets.com\/no\/shop\/cube-sett-1350-kg-360-blokk-magnet\/#primaryimage"},"thumbnailUrl":"https:\/\/magnetarmagnets.com\/wp-content\/uploads\/2024\/04\/4.png","datePublished":"2025-06-05T07:53:03+00:00","dateModified":"2026-04-07T15:59:38+00:00","description":"CUBE \u2122 er en av de sterkeste fiskemagnetene i verden. Denne blokk-magneten leveres i et ferdig pakket sett. Det beste valget for magnetfiske.","breadcrumb":{"@id":"https:\/\/magnetarmagnets.com\/no\/shop\/cube-sett-1350-kg-360-blokk-magnet\/#breadcrumb"},"inLanguage":"nb-NO","potentialAction":[{"@type":"ReadAction","target":["https:\/\/magnetarmagnets.com\/no\/shop\/cube-sett-1350-kg-360-blokk-magnet\/"]}]},{"@type":"ImageObject","inLanguage":"nb-NO","@id":"https:\/\/magnetarmagnets.com\/no\/shop\/cube-sett-1350-kg-360-blokk-magnet\/#primaryimage","url":"https:\/\/magnetarmagnets.com\/wp-content\/uploads\/2024\/04\/4.png","contentUrl":"https:\/\/magnetarmagnets.com\/wp-content\/uploads\/2024\/04\/4.png","width":1500,"height":1500,"caption":"CUBE KIT"},{"@type":"BreadcrumbList","@id":"https:\/\/magnetarmagnets.com\/no\/shop\/cube-sett-1350-kg-360-blokk-magnet\/#breadcrumb","itemListElement":[{"@type":"ListItem","position":1,"name":"Home","item":"https:\/\/magnetarmagnets.com\/no\/"},{"@type":"ListItem","position":2,"name":"Butikk","item":"https:\/\/magnetarmagnets.com\/butikk\/"},{"@type":"ListItem","position":3,"name":"Fiskemagneter","item":"https:\/\/magnetarmagnets.com\/no\/collections\/fiskemagneter\/"},{"@type":"ListItem","position":4,"name":"Blokkfiskemagneter 360","item":"https:\/\/magnetarmagnets.com\/no\/collections\/fiskemagneter\/blokkfiskemagneter-360\/"},{"@type":"ListItem","position":5,"name":"CUBE \u2122 sett &#8211; 1350 kg &#8211; 360\u00b0 blokk-magnet"}]},{"@type":"WebSite","@id":"https:\/\/magnetarmagnets.com\/no\/#website","url":"https:\/\/magnetarmagnets.com\/no\/","name":"Magnet fishing with a Magnetar fishing magnet","description":"Kraftige magneter for magnetfiske","publisher":{"@id":"https:\/\/magnetarmagnets.com\/no\/#organization"},"potentialAction":[{"@type":"SearchAction","target":{"@type":"EntryPoint","urlTemplate":"https:\/\/magnetarmagnets.com\/no\/?s={search_term_string}"},"query-input":{"@type":"PropertyValueSpecification","valueRequired":true,"valueName":"search_term_string"}}],"inLanguage":"nb-NO"},{"@type":"Organization","@id":"https:\/\/magnetarmagnets.com\/no\/#organization","name":"Magnetar","url":"https:\/\/magnetarmagnets.com\/no\/","logo":{"@type":"ImageObject","inLanguage":"nb-NO","@id":"https:\/\/magnetarmagnets.com\/no\/#\/schema\/logo\/image\/","url":"https:\/\/magnetarmagnets.com\/wp-content\/uploads\/2025\/05\/Logo-03_PNG-Black-scaled.png","contentUrl":"https:\/\/magnetarmagnets.com\/wp-content\/uploads\/2025\/05\/Logo-03_PNG-Black-scaled.png","width":2560,"height":1658,"caption":"Magnetar"},"image":{"@id":"https:\/\/magnetarmagnets.com\/no\/#\/schema\/logo\/image\/"},"sameAs":["https:\/\/www.facebook.com\/fishingmagnets\/","https:\/\/www.instagram.com\/magnetar_magnets\/","https:\/\/www.linkedin.com\/company\/magnetarbv\/?originalSubdomain=nl","https:\/\/www.youtube.com\/c\/MagnetarVismagneet"]}]}},"_links":{"self":[{"href":"https:\/\/magnetarmagnets.com\/no\/wp-json\/wp\/v2\/product\/84336","targetHints":{"allow":["GET"]}}],"collection":[{"href":"https:\/\/magnetarmagnets.com\/no\/wp-json\/wp\/v2\/product"}],"about":[{"href":"https:\/\/magnetarmagnets.com\/no\/wp-json\/wp\/v2\/types\/product"}],"replies":[{"embeddable":true,"href":"https:\/\/magnetarmagnets.com\/no\/wp-json\/wp\/v2\/comments?post=84336"}],"version-history":[{"count":0,"href":"https:\/\/magnetarmagnets.com\/no\/wp-json\/wp\/v2\/product\/84336\/revisions"}],"wp:featuredmedia":[{"embeddable":true,"href":"https:\/\/magnetarmagnets.com\/no\/wp-json\/wp\/v2\/media\/80607"}],"wp:attachment":[{"href":"https:\/\/magnetarmagnets.com\/no\/wp-json\/wp\/v2\/media?parent=84336"}],"wp:term":[{"taxonomy":"product_brand","embeddable":true,"href":"https:\/\/magnetarmagnets.com\/no\/wp-json\/wp\/v2\/product_brand?post=84336"},{"taxonomy":"product_cat","embeddable":true,"href":"https:\/\/magnetarmagnets.com\/no\/wp-json\/wp\/v2\/product_cat?post=84336"},{"taxonomy":"product_tag","embeddable":true,"href":"https:\/\/magnetarmagnets.com\/no\/wp-json\/wp\/v2\/product_tag?post=84336"}],"curies":[{"name":"wp","href":"https:\/\/api.w.org\/{rel}","templated":true}]}}